{"id":41601,"date":"2021-12-15T13:05:31","date_gmt":"2021-12-15T11:05:31","guid":{"rendered":"http:\/\/www.xn--tuksimaailm-ffb.ee\/shop\/xiaomi-mi-electric-scooter-3-sahkopotkulauta\/"},"modified":"2024-11-12T13:39:50","modified_gmt":"2024-11-12T10:39:50","slug":"xiaomi-mi-electric-scooter-3-sahkopotkulauta","status":"publish","type":"product","link":"https:\/\/www.xn--tuksimaailm-ffb.ee\/fi\/shop\/xiaomi-mi-electric-scooter-3-sahkopotkulauta\/","title":{"rendered":"Xiaomi Mi Electric Scooter 3 s\u00e4hk\u00f6potkuluata"},"content":{"rendered":"<h2 style=\"text-align: center;\">XIAOMI MI ELECTRIC SCOOTER 3 S\u00c4HK\u00d6POTKULAUTA - TUOTEKUVAUS<\/h2>\n<p>Xiaomi Mi Electric Scooter 3 on uusi s\u00e4hk\u00f6skootteri Xiaomin valikoiman keskell\u00e4 (<a href=\"http:\/\/www.xn--tuksimaailm-ffb.ee\/shop\/xiaomi-1s-elektritoukeratas\/\"><strong>1S<\/strong><\/a> ja <a href=\"http:\/\/www.xn--tuksimaailm-ffb.ee\/shop\/xiaomi-pro-2-elektritoukeratas\/\"><strong>Pro 2<\/strong><\/a> v\u00e4lill\u00e4) \u00a0Kuten kaikki Xiaomin s\u00e4hk\u00f6skootterit, t\u00e4m\u00e4 s\u00e4hk\u00f6skootteri on paras hinta-laatusuhde pienten\/kompaktien ja edullisten s\u00e4hk\u00f6skoottereiden luokassa. T\u00e4m\u00e4n seurauksena voidaan ennustaa, ett\u00e4 t\u00e4st\u00e4 s\u00e4hk\u00f6potkulautasta tulee maailman myydyin s\u00e4hk\u00f6potkulauta (kuten edelt\u00e4jist\u00e4\u00e4n). Mit\u00e4 uutta Xiaomi Mi Electric Scooter 3:ssa on edelt\u00e4jiins\u00e4 verrattuna? Ei kovin paljon, mutta on aina vaikeaa parantaa tuotetta, joka on l\u00e4hell\u00e4 ideaalia. T\u00e4st\u00e4 huolimatta Xiaomi on onnistunut parantamaan s\u00e4hk\u00f6skootteria useilla ominaisuuksilla.<\/p>\n<p>Ensimm\u00e4inen ja huomattavin muutos on se, ett\u00e4 nyt on j\u00e4lleen mahdollista ostaa valkoinen Xiaomi-s\u00e4hk\u00f6skootteri. Ensimm\u00e4isest\u00e4 Xiaomi-s\u00e4hk\u00f6skootterista,\u00a0<strong><a href=\"http:\/\/www.xn--tuksimaailm-ffb.ee\/shop\/elektritouks_xiaomi-360\/\">M365<\/a><\/strong>-mallista, oli valkoinen versio, mutta valitettavasti t\u00e4m\u00e4 v\u00e4rimalli poistettiin toisen sukupolven mallistosta (1S ja Pro 2). Toinen merkitt\u00e4v\u00e4 parannus on kaksim\u00e4nt\u00e4isen mekaanisen takalevyjarrun k\u00e4ytt\u00f6. Kaikissa aiemmissa malleissa toinen jarrusatula oli kiinte\u00e4ss\u00e4 (s\u00e4\u00e4dett\u00e4v\u00e4ss\u00e4) asennossa ja vain toinen jarrusatula liikkui. T\u00e4m\u00e4 tarkoitti sit\u00e4, ett\u00e4 toinen jarrupaloista kului aina nopeammin ja ett\u00e4 jarrua huollon yhteydess\u00e4 s\u00e4\u00e4dett\u00e4ess\u00e4 oli sek\u00e4 kiristett\u00e4v\u00e4 jarrulevy\u00e4 ett\u00e4 k\u00e4\u00e4nnett\u00e4v\u00e4 toinen jarrupala l\u00e4hemm\u00e4s jarrulevy\u00e4. Uudessa j\u00e4rjestelm\u00e4ss\u00e4 jarrupalat kuluvat tasaisesti, ja vain jarrulevy\u00e4 on kiristett\u00e4v\u00e4.<\/p>\n<p>V\u00e4h\u00e4n v\u00e4ri\u00e4 on lis\u00e4tty my\u00f6s jarrusatuloiden ja jarrutukien muodossa. Esimerkiksi valkoisessa s\u00e4hk\u00f6potkulautassa on punaiset korvakkeet ja tuki ja mustassa s\u00e4hk\u00f6potkulautassa siniset korvakkeet ja jarrutuki. Xiaomi Mi Electric Scooter 3 on saanut my\u00f6s uuden BMS:n (akkuohjain). Siin\u00e4 on nyt entist\u00e4kin enemm\u00e4n turvaominaisuuksia turvallisuuden takaamiseksi: akun alhaisen varaustason suojaus, kaksinkertainen ylilataussuojaus, ylikuumenemissuojaus, vajaalataussuojaus, oikosulkusuojaus.<img decoding=\"async\" class=\"wp-image-6495 alignright\" src=\"http:\/\/www.xn--tuksimaailm-ffb.ee\/wp-content\/uploads\/2021\/12\/mi-es-3-8-300x258.png\" alt=\"xiaomi mi electric scooter 3 must valge elektrit\u00f5ukeratas elektriline t\u00f5ukeratas\" width=\"446\" height=\"384\" srcset=\"https:\/\/www.xn--tuksimaailm-ffb.ee\/wp-content\/uploads\/2021\/12\/mi-es-3-8-300x258.png 300w, https:\/\/www.xn--tuksimaailm-ffb.ee\/wp-content\/uploads\/2021\/12\/mi-es-3-8-768x659.png 768w, https:\/\/www.xn--tuksimaailm-ffb.ee\/wp-content\/uploads\/2021\/12\/mi-es-3-8-350x300.png 350w, https:\/\/www.xn--tuksimaailm-ffb.ee\/wp-content\/uploads\/2021\/12\/mi-es-3-8-600x515.png 600w, https:\/\/www.xn--tuksimaailm-ffb.ee\/wp-content\/uploads\/2021\/12\/mi-es-3-8.png 840w\" sizes=\"(max-width: 446px) 100vw, 446px\" \/><img decoding=\"async\" class=\"alignnone wp-image-6497\" src=\"http:\/\/www.xn--tuksimaailm-ffb.ee\/wp-content\/uploads\/2021\/12\/mi-es-3-10-300x235.png\" alt=\"xiaomi mi electric scooter 3 must valge elektrit\u00f5ukeratas elektriline t\u00f5ukeratas\" width=\"483\" height=\"379\" srcset=\"https:\/\/www.xn--tuksimaailm-ffb.ee\/wp-content\/uploads\/2021\/12\/mi-es-3-10-300x235.png 300w, https:\/\/www.xn--tuksimaailm-ffb.ee\/wp-content\/uploads\/2021\/12\/mi-es-3-10-768x602.png 768w, https:\/\/www.xn--tuksimaailm-ffb.ee\/wp-content\/uploads\/2021\/12\/mi-es-3-10-382x300.png 382w, https:\/\/www.xn--tuksimaailm-ffb.ee\/wp-content\/uploads\/2021\/12\/mi-es-3-10-600x471.png 600w, https:\/\/www.xn--tuksimaailm-ffb.ee\/wp-content\/uploads\/2021\/12\/mi-es-3-10.png 937w\" sizes=\"(max-width: 483px) 100vw, 483px\" \/><\/p>\n<h2 style=\"text-align: center;\">XIAOMI MI S\u00c4HK\u00d6POTKULAUTA - TEKNINEN KUVAUS<\/h2>\n<p>Uusi Xiaomi Mi Electric Scooter 3 on mukava (ilmarenkaiden ansiosta), kevyt, eritt\u00e4in kompakti, tehokas ja kest\u00e4v\u00e4 s\u00e4hk\u00f6skootteri kokoonsa n\u00e4hden jokap\u00e4iv\u00e4iseen k\u00e4ytt\u00f6\u00f6n, kouluun ja ty\u00f6h\u00f6n. S\u00e4hk\u00f6skootteri on suunniteltu uusimpien EU-s\u00e4\u00e4d\u00f6sten mukaiseksi, ja se on suunniteltu myyt\u00e4v\u00e4ksi ja k\u00e4ytett\u00e4v\u00e4ksi kaikissa j\u00e4senvaltioissa. Siksi skootteri on varustettu my\u00f6s takalokasuojalla, johon on asennettu rekisterikilven alusta ajoneuvon rekisterinumeroa varten, kuten joissakin EU:n j\u00e4senvaltioissa vaaditaan.<\/p>\n<p>Xiaomi Mi Electric Scooter 3 on varustettu <a href=\"http:\/\/www.xn--tuksimaailm-ffb.ee\/shop\/xiaomi-1s-pro-2-poldikatted-helkurid\/\">tehokkailla heijastimilla<\/a> \u2013 etu- ja takapy\u00f6r\u00e4n suojissa. Lis\u00e4ksi Xiaomi-s\u00e4hk\u00f6skootterit voivat my\u00f6s k\u00e4ytt\u00e4\u00e4 regeneratiivista jarrutusta (KERS) vapaasti rullaillessaan - ilman <a href=\"http:\/\/www.xn--tuksimaailm-ffb.ee\/shop\/xiaomi-pidurilink-mi-m365-pro-1s\/\">jarrulenkin<\/a> painamista. Automaattisen moottorijarrutuksen voimakkuutta voi jokainen ajaja s\u00e4\u00e4t\u00e4\u00e4 tarpeidensa mukaan Xiaomi Mi -sovelluksen kautta.<\/p>\n<p><iframe title=\"Xiaomi Scooter 3 Review: The Best Electric Scooter Just Got Better!\" width=\"1082\" height=\"609\" src=\"https:\/\/www.youtube.com\/embed\/TTXBrPC5E_c?start=509&feature=oembed\" frameborder=\"0\" allow=\"accelerometer; autoplay; clipboard-write; encrypted-media; gyroscope; picture-in-picture; web-share\" allowfullscreen><\/iframe><\/p>\n<p>Xiaomi Mi Electric Scooter 3 -s\u00e4hk\u00f6potkulauta on varustettu innovatiivisella E-ABS-j\u00e4rjestelm\u00e4ll\u00e4, joka est\u00e4\u00e4 moottorin lukkiutumisen ja liukumisen pois tielt\u00e4 jarrutettaessa s\u00e4hk\u00f6moottorilla. T\u00e4m\u00e4 on erityisen hy\u00f6dyllist\u00e4 Pohjoismaissa, joissa s\u00e4hk\u00f6skoottereita k\u00e4ytet\u00e4\u00e4n usein syksyll\u00e4 ja talvella. S\u00e4hk\u00f6potkulauta painaa vain <strong>13kg<\/strong>, joten se on kannettava my\u00f6s lapsille.<\/p>\n<h2 style=\"text-align: center;\">SUORITUSKYKY JA AJOM\u00c4\u00c4R\u00c4<\/h2>\n<p>Xiaomin s\u00e4hk\u00f6potkulauta on valmistettu vahvasta, ilmailuun soveltuvasta alumiiniseosrungosta, ja siin\u00e4 on my\u00f6s kompakti ohjaustanko, jossa on mukavat kahvat. Harjaton BLDC-s\u00e4hk\u00f6moottori on nimellisteholtaan <strong>300W (600W huipputeho)<\/strong>. Moottori takaa reippaan kiihtyvyyden ja mahdollistaa sen, ett\u00e4 s\u00e4hk\u00f6potkulauta saavuttaa Viron liikennelain mukaisen valmistajan asettaman <strong>25km\/h<\/strong> nopeuden my\u00f6s yl\u00e4m\u00e4keen ajettaessa. Kun akku on ladattu 100-prosenttisesti t\u00e4yteen, skootteri voi kulkea jopa <strong>30km<\/strong> ajotyylist\u00e4 ja kuljettajan painosta riippuen.<\/p>\n<p>Mi 3:n vedenpit\u00e4vyysluokitus on <strong>IP54<\/strong>. Elliptinen kuntopy\u00f6r\u00e4 on varustettu kolmella eri nopeustilalla. Sek\u00e4 jalankulkija-nurkka-ajoon ett\u00e4 nopeaan ajoon on sopiva vaihde. Skootteri on varustettu <strong>36V\/7650mAh (275Wh)<\/strong> litiumioni (Li-Ion) -akkuyksik\u00f6ll\u00e4, joka on valmistettu korkealaatuisista LG:n moduuleista. Akun t\u00e4yteen lataaminen 0-100%:sta kest\u00e4\u00e4 noin <strong>8,5h<\/strong>. Skootteri on varustettu sek\u00e4 etu- ett\u00e4 takavaloilla <strong>LED-valoilla<\/strong> pime\u00e4\u00e4 aikaa varten ja tehd\u00e4ksesi itsest\u00e4si n\u00e4kyv\u00e4mm\u00e4n muille tienk\u00e4ytt\u00e4jille. Voit k\u00e4ynnist\u00e4\u00e4 Xiaomi Mi Electric Scooter 3:n painamalla displayn\/n\u00e4yt\u00f6n alla olevaa painiketta.<\/p>\n<h2 style=\"text-align: center;\">Turvallisuus<\/h2>\n<p>Kun py\u00f6r\u00e4tuoli on p\u00e4\u00e4ll\u00e4, valot on kytkett\u00e4v\u00e4 p\u00e4\u00e4lle\/pois painamalla painiketta kerran. Vaihtaaksesi s\u00e4\u00e4st\u00f6- ja urheilutilan v\u00e4lill\u00e4 paina painiketta 2 kertaa (nopeasti). Koska s\u00e4hk\u00f6potkulauta on nopea s\u00e4hk\u00f6ajoneuvo, se on mahdollisesti vaarallinen onnettomuustilanteessa ja t\u00f6rm\u00e4tess\u00e4\u00e4n muihin tienk\u00e4ytt\u00e4jiin. Suosittelemme, ett\u00e4 k\u00e4yt\u00e4t aina <a href=\"http:\/\/www.xn--tuksimaailm-ffb.ee\/shop\/elektritoukeratta-kiiver-lapsele-taiskasvanule\/\">kyp\u00e4r\u00e4\u00e4<\/a> ajaessasi s\u00e4hk\u00f6skootterilla. Alle 16-vuotiaan kuljettajan on liikenne<a href=\"https:\/\/www.riigiteataja.ee\/akt\/113112020001\">lain<\/a>\u00a0mukaan k\u00e4ytett\u00e4v\u00e4 kyp\u00e4r\u00e4\u00e4 ajaessaan s\u00e4hk\u00f6skootterilla.<\/p>\n<p><strong style=\"box-sizing: inherit; margin: 0px; padding: 0px; border: 0px; font-variant-numeric: inherit; font-variant-east-asian: inherit; font-stretch: inherit; font-size: 17px; line-height: inherit;\">Xiaomi Mi Electric Scooter 3 -s\u00e4hk\u00f6potkulauta on Viron liikennelain mukaan katulain mukainen kevyt skootteri, jonka valmistajan teho on 600W ja valmistajan nopeus 25km\/h. Jos k\u00e4ytt\u00e4j\u00e4 on itsen\u00e4isesti muuttanut s\u00e4hk\u00f6skootteria nopeammaksi tai tehokkaammaksi kuin edell\u00e4 mainitut parametrit, T\u00f5uksimaailm ei ole vastuussa lain rikkomisesta aiheutuvista sakoista, s\u00e4hk\u00f6skootterin takavarikoimisesta poliisin toimesta tai mist\u00e4\u00e4n muustakaan rikkomisesta aiheutuneesta vahingosta.<\/strong><\/p>\n<table class=\"tg\" style=\"border-collapse: collapse; max-width: 600px; border-spacing: 0; margin: 0px auto;\">\n<tbody>\n<tr>\n<td style=\"background-color: #e4e1e1; color: #333333; font-family: inherit; font-size: 14px; font-weight: bold; overflow: hidden; padding: 5px 5px; text-align: center; vertical-align: top; word-break: normal; border: 1px solid;\" colspan=\"2\">Tekniset tiedot<\/td>\n<\/tr>\n<tr>\n<td style=\"background-color: #e4e1e1; color: #333333; font-family: inherit; font-size: 14px; font-weight: bold; overflow: hidden; padding: 5px 5px; text-align: right; vertical-align: top; word-break: normal; border: 1px solid;\">Malli<\/td>\n<td style=\"font-family: inherit; font-size: 14px; overflow: hidden; padding: 5px 5px; text-align: center; vertical-align: top; word-break: normal; border: 1px solid;\">Xiaomi Mi Electric Scooter 3<\/td>\n<\/tr>\n<tr>\n<td style=\"background-color: #e4e1e1; color: #333333; font-family: inherit; font-size: 14px; font-weight: bold; overflow: hidden; padding: 5px 5px; text-align: right; vertical-align: top; word-break: normal; border: 1px solid;\">Akku<\/td>\n<td style=\"font-family: inherit; font-size: 14px; overflow: hidden; padding: 5px 5px; text-align: center; vertical-align: top; word-break: normal; border: 1px solid;\">36V\/7.65Ah\/275Wh LG Li-Ion<\/td>\n<\/tr>\n<tr>\n<td style=\"background-color: #e4e1e1; color: #333333; font-family: inherit; font-size: 14px; font-weight: bold; overflow: hidden; padding: 5px 5px; text-align: right; vertical-align: top; word-break: normal; border: 1px solid;\">Latausaika<\/td>\n<td style=\"font-family: inherit; font-size: 14px; overflow: hidden; padding: 5px 5px; text-align: center; vertical-align: top; word-break: normal; border: 1px solid;\">jopa 5,5h<\/td>\n<\/tr>\n<tr>\n<td style=\"background-color: #e4e1e1; color: #333333; font-family: inherit; font-size: 14px; font-weight: bold; overflow: hidden; padding: 5px 5px; text-align: right; vertical-align: top; word-break: normal; border: 1px solid;\">Moottorin teho<\/td>\n<td style=\"font-family: inherit; font-size: 14px; overflow: hidden; padding: 5px 5px; text-align: center; vertical-align: top; word-break: normal; border: 1px solid;\">300W (huipputeho 600W)<\/td>\n<\/tr>\n<tr>\n<td style=\"background-color: #e4e1e1; color: #333333; font-family: inherit; font-size: 14px; font-weight: bold; overflow: hidden; padding: 5px 5px; text-align: right; vertical-align: top; word-break: normal; border: 1px solid;\">Ajomatka (valmistajan ilmoittama) Arvioitu ajomatka<\/td>\n<td style=\"font-family: inherit; font-size: 14px; overflow: hidden; padding: 5px 5px; text-align: center; vertical-align: top; word-break: normal; border: 1px solid;\">jopa 30km 18km (25km\/h, 70kg kuljettaja, 15Wh\/km)<\/td>\n<\/tr>\n<tr>\n<td style=\"background-color: #e4e1e1; color: #333333; font-family: inherit; font-size: 14px; font-weight: bold; overflow: hidden; padding: 5px 5px; text-align: right; vertical-align: top; word-break: normal; border: 1px solid;\">Vedenkest\u00e4vyysluokitus<\/td>\n<td style=\"font-family: inherit; font-size: 14px; overflow: hidden; padding: 5px 5px; text-align: center; vertical-align: top; word-break: normal; border: 1px solid;\">IP54<\/td>\n<\/tr>\n<tr>\n<td style=\"background-color: #e4e1e1; color: #333333; font-family: inherit; font-size: 14px; font-weight: bold; overflow: hidden; padding: 5px 5px; text-align: right; vertical-align: top; word-break: normal; border: 1px solid;\">Etujarru<\/td>\n<td style=\"font-family: inherit; font-size: 14px; overflow: hidden; padding: 5px 5px; text-align: center; vertical-align: top; word-break: normal; border: 1px solid;\">s\u00e4hk\u00f6inen moottorijarru<\/td>\n<\/tr>\n<tr>\n<td style=\"background-color: #e4e1e1; color: #333333; font-family: inherit; font-size: 14px; font-weight: bold; overflow: hidden; padding: 5px 5px; text-align: right; vertical-align: top; word-break: normal; border: 1px solid;\">Takajarru<\/td>\n<td style=\"font-family: inherit; font-size: 14px; overflow: hidden; padding: 5px 5px; text-align: center; vertical-align: top; word-break: normal; border: 1px solid;\">mekaaninen levyjarru<\/td>\n<\/tr>\n<tr>\n<td style=\"background-color: #e4e1e1; color: #333333; font-family: inherit; font-size: 14px; font-weight: bold; overflow: hidden; padding: 5px 5px; text-align: right; vertical-align: top; word-break: normal; border: 1px solid;\">Painorajoitus<\/td>\n<td style=\"font-family: inherit; font-size: 14px; overflow: hidden; padding: 5px 5px; text-align: center; vertical-align: top; word-break: normal; border: 1px solid;\">100kg<\/td>\n<\/tr>\n<tr>\n<td style=\"background-color: #e4e1e1; color: #333333; font-family: inherit; font-size: 14px; font-weight: bold; overflow: hidden; padding: 5px 5px; text-align: right; vertical-align: top; word-break: normal; border: 1px solid;\">Tuotaja m\u00e4\u00e4rittely nopeus<\/td>\n<td style=\"font-family: inherit; font-size: 14px; overflow: hidden; padding: 5px 5px; text-align: center; vertical-align: top; word-break: normal; border: 1px solid;\">25km\/h<\/td>\n<\/tr>\n<tr>\n<td style=\"background-color: #e4e1e1; color: #333333; font-family: inherit; font-size: 14px; font-weight: bold; overflow: hidden; padding: 5px 5px; text-align: right; vertical-align: top; word-break: normal; border: 1px solid;\">Paino<\/td>\n<td style=\"font-family: inherit; font-size: 14px; overflow: hidden; padding: 5px 5px; text-align: center; vertical-align: top; word-break: normal; border: 1px solid;\">13kg<\/td>\n<\/tr>\n<tr>\n<td style=\"background-color: #e4e1e1; color: #333333; font-family: inherit; font-size: 14px; font-weight: bold; overflow: hidden; padding: 5px 5px; text-align: right; vertical-align: top; word-break: normal; border: 1px solid;\">Moottorisoitu py\u00f6r\u00e4<\/td>\n<td style=\"font-family: inherit; font-size: 14px; overflow: hidden; padding: 5px 5px; text-align: center; vertical-align: top; word-break: normal; border: 1px solid;\">etupy\u00f6r\u00e4<\/td>\n<\/tr>\n<tr>\n<td style=\"background-color: #e4e1e1; color: #333333; font-family: inherit; font-size: 14px; font-weight: bold; overflow: hidden; padding: 5px 5px; text-align: right; vertical-align: top; word-break: normal; border: 1px solid;\">Renkaat<\/td>\n<td style=\"font-family: inherit; font-size: 14px; overflow: hidden; padding: 5px 5px; text-align: center; vertical-align: top; word-break: normal; border: 1px solid;\">8 1\/2\u00d72\u2033 \/ 8.5\u00d72\u2033 sis\u00e4kumilla ilmarenkaat<\/td>\n<\/tr>\n<tr>\n<td style=\"background-color: #e4e1e1; color: #333333; font-family: inherit; font-size: 14px; font-weight: bold; overflow: hidden; padding: 5px 5px; text-align: right; vertical-align: top; word-break: normal; border: 1px solid;\">Tien enim\u00e4iskaltevuus<\/td>\n<td style=\"font-family: inherit; font-size: 14px; overflow: hidden; padding: 5px 5px; text-align: center; vertical-align: top; word-break: normal; border: 1px solid;\">jopa 20%<\/td>\n<\/tr>\n<\/tbody>\n<\/table>\n","protected":false},"excerpt":{"rendered":"<p><a href=\"http:\/\/www.xn--tuksimaailm-ffb.ee\/kontakt\/\"><strong>L\u00f6ysitk\u00f6 paremman hinnan? Kirjoita meille, niin teemme sinulle paremman tarjouksen!<\/strong><\/a><\/p>\n<p><strong>Kaikki <a href=\"http:\/\/www.xn--tuksimaailm-ffb.ee\/tootekategooria\/lisavarustus\/\">lis\u00e4varusteet<\/a> ja <a href=\"https:\/\/www.xn\u2014tuksimaailm-ffb.ee\/tootekategooria\/elektritoukeratta-varuosad\/\">varaosat<\/a> ovat -20%, kun ne ostetaan s\u00e4hk\u00f6skootterin kanssa. Alennus otetaan automaattisesti k\u00e4ytt\u00f6\u00f6n, kun lis\u00e4\u00e4t sen ostoskoriin!<\/strong><\/p>\n<p><em><strong>Toimitusaika: 0-3tp<\/p>\n<p><\/strong><\/em><\/p>\n","protected":false},"featured_media":23737,"template":"","meta":[],"product_brand":[],"product_cat":[926],"product_tag":[],"filter_elektritoukeratas":[],"class_list":{"0":"post-41601","1":"product","2":"type-product","3":"status-publish","4":"has-post-thumbnail","6":"product_cat-sahkopotkulaudat-fi","7":"product_shipping_class-keskmine-pakk-fi","8":"pa_aku-mahutavus-wh-275-fi","9":"pa_colour-musta","10":"pa_colour-vaalea","11":"pa_kaal-kg-13-fi","12":"pa_kandevoime-kg-100-fi","13":"pa_labisoit-arvutuslik-km-18-fi","14":"pa_mootorite-arv-uhe-mootoriga-fi","15":"pa_muuja-platvormil-touksimaailm-exocool-ou-fi","16":"pa_piiramata-tippkiirus-kmh-25-fi","17":"pa_tootetuup-elektritoukeratas-fi","18":"pa_valmistaja-xiaomi-fi","19":"pa_voimsus-w-600-fi","21":"first","22":"outofstock","23":"sale","24":"taxable","25":"shipping-taxable","26":"purchasable","27":"product-type-variable"},"yoast_head":"<!-- This site is optimized with the Yoast SEO Premium plugin v26.8 (Yoast SEO v27.5) - https:\/\/yoast.com\/product\/yoast-seo-premium-wordpress\/ -->\n<title>Xiaomi Mi Electric Scooter 3 s\u00e4hk\u00f6potkuluata | T\u00f5uksimaailm<\/title>\n<meta name=\"description\" content=\"Xiaomi Mi Electric Scooter 3 elektrit\u00f5ukeratas. Elektriline t\u00f5ukeratas, mis on maailmas enim m\u00fc\u00fcdud Xiaomi M365 ja 1S \/ Pro 2 j\u00e4reltulija.\" \/>\n<meta name=\"robots\" content=\"index, follow, max-snippet:-1, max-image-preview:large, max-video-preview:-1\" \/>\n<link rel=\"canonical\" href=\"https:\/\/www.xn--tuksimaailm-ffb.ee\/fi\/shop\/xiaomi-mi-electric-scooter-3-sahkopotkulauta\/\" \/>\n<meta property=\"og:locale\" content=\"fi_FI\" \/>\n<meta property=\"og:type\" content=\"article\" \/>\n<meta property=\"og:title\" content=\"Xiaomi Mi Electric Scooter 3 s\u00e4hk\u00f6potkuluata\" \/>\n<meta property=\"og:description\" content=\"Xiaomi Mi Electric Scooter 3 elektrit\u00f5ukeratas. Elektriline t\u00f5ukeratas, mis on maailmas enim m\u00fc\u00fcdud Xiaomi M365 ja 1S \/ Pro 2 j\u00e4reltulija.\" \/>\n<meta property=\"og:url\" content=\"https:\/\/www.xn--tuksimaailm-ffb.ee\/fi\/shop\/xiaomi-mi-electric-scooter-3-sahkopotkulauta\/\" \/>\n<meta property=\"og:site_name\" content=\"T\u00f5uksimaailm\" \/>\n<meta property=\"article:publisher\" content=\"https:\/\/www.facebook.com\/touksimaailm\/\" \/>\n<meta property=\"article:modified_time\" content=\"2024-11-12T10:39:50+00:00\" \/>\n<meta property=\"og:image\" content=\"https:\/\/www.xn--tuksimaailm-ffb.ee\/wp-content\/uploads\/2021\/12\/mi-es-3-2.png\" \/>\n\t<meta property=\"og:image:width\" content=\"827\" \/>\n\t<meta property=\"og:image:height\" content=\"773\" \/>\n\t<meta property=\"og:image:type\" content=\"image\/png\" \/>\n<meta name=\"twitter:card\" content=\"summary_large_image\" \/>\n<meta name=\"twitter:label1\" content=\"Saatavuus\" \/>\n\t<meta name=\"twitter:data1\" content=\"Loppu varastosta\" \/>\n<meta property=\"og:availability\" content=\"out of stock\" \/>\n<meta property=\"product:availability\" content=\"out of stock\" \/>\n<meta property=\"product:retailer_item_id\" content=\"Xiaomi_Mi\" \/>\n<meta property=\"product:condition\" content=\"new\" \/>\n<!-- \/ Yoast SEO Premium plugin. -->","yoast_head_json":{"title":"Xiaomi Mi Electric Scooter 3 s\u00e4hk\u00f6potkuluata | T\u00f5uksimaailm","description":"Xiaomi Mi Electric Scooter 3 elektrit\u00f5ukeratas. Elektriline t\u00f5ukeratas, mis on maailmas enim m\u00fc\u00fcdud Xiaomi M365 ja 1S \/ Pro 2 j\u00e4reltulija.","robots":{"index":"index","follow":"follow","max-snippet":"max-snippet:-1","max-image-preview":"max-image-preview:large","max-video-preview":"max-video-preview:-1"},"canonical":"https:\/\/www.xn--tuksimaailm-ffb.ee\/fi\/shop\/xiaomi-mi-electric-scooter-3-sahkopotkulauta\/","og_locale":"fi_FI","og_type":"article","og_title":"Xiaomi Mi Electric Scooter 3 s\u00e4hk\u00f6potkuluata","og_description":"Xiaomi Mi Electric Scooter 3 elektrit\u00f5ukeratas. Elektriline t\u00f5ukeratas, mis on maailmas enim m\u00fc\u00fcdud Xiaomi M365 ja 1S \/ Pro 2 j\u00e4reltulija.","og_url":"https:\/\/www.xn--tuksimaailm-ffb.ee\/fi\/shop\/xiaomi-mi-electric-scooter-3-sahkopotkulauta\/","og_site_name":"T\u00f5uksimaailm","article_publisher":"https:\/\/www.facebook.com\/touksimaailm\/","article_modified_time":"2024-11-12T10:39:50+00:00","og_image":[{"width":827,"height":773,"url":"https:\/\/www.xn--tuksimaailm-ffb.ee\/wp-content\/uploads\/2021\/12\/mi-es-3-2.png","type":"image\/png"}],"twitter_card":"summary_large_image","twitter_misc":{"Saatavuus":"Loppu varastosta"},"schema":{"@context":"https:\/\/schema.org","@graph":[{"@type":"WebPage","@id":"https:\/\/www.xn--tuksimaailm-ffb.ee\/fi\/shop\/xiaomi-mi-electric-scooter-3-sahkopotkulauta\/","url":"https:\/\/www.xn--tuksimaailm-ffb.ee\/fi\/shop\/xiaomi-mi-electric-scooter-3-sahkopotkulauta\/","name":"Xiaomi Mi Electric Scooter 3 s\u00e4hk\u00f6potkuluata | T\u00f5uksimaailm","isPartOf":{"@id":"https:\/\/www.xn--tuksimaailm-ffb.ee\/fi\/#website"},"primaryImageOfPage":{"@id":"https:\/\/www.xn--tuksimaailm-ffb.ee\/fi\/shop\/xiaomi-mi-electric-scooter-3-sahkopotkulauta\/#primaryimage"},"image":{"@id":"https:\/\/www.xn--tuksimaailm-ffb.ee\/fi\/shop\/xiaomi-mi-electric-scooter-3-sahkopotkulauta\/#primaryimage"},"thumbnailUrl":"https:\/\/www.xn--tuksimaailm-ffb.ee\/wp-content\/uploads\/2021\/12\/mi-es-3-2.png","datePublished":"2021-12-15T11:05:31+00:00","dateModified":"2024-11-12T10:39:50+00:00","description":"Xiaomi Mi Electric Scooter 3 elektrit\u00f5ukeratas. Elektriline t\u00f5ukeratas, mis on maailmas enim m\u00fc\u00fcdud Xiaomi M365 ja 1S \/ Pro 2 j\u00e4reltulija.","breadcrumb":{"@id":"https:\/\/www.xn--tuksimaailm-ffb.ee\/fi\/shop\/xiaomi-mi-electric-scooter-3-sahkopotkulauta\/#breadcrumb"},"inLanguage":"fi","potentialAction":[{"@type":"ReadAction","target":["https:\/\/www.xn--tuksimaailm-ffb.ee\/fi\/shop\/xiaomi-mi-electric-scooter-3-sahkopotkulauta\/"]}]},{"@type":"ImageObject","inLanguage":"fi","@id":"https:\/\/www.xn--tuksimaailm-ffb.ee\/fi\/shop\/xiaomi-mi-electric-scooter-3-sahkopotkulauta\/#primaryimage","url":"https:\/\/www.xn--tuksimaailm-ffb.ee\/wp-content\/uploads\/2021\/12\/mi-es-3-2.png","contentUrl":"https:\/\/www.xn--tuksimaailm-ffb.ee\/wp-content\/uploads\/2021\/12\/mi-es-3-2.png","width":827,"height":773,"caption":"xiaomi mi electric scooter 3 must valge elektrit\u00f5ukeratas elektriline t\u00f5ukeratas"},{"@type":"BreadcrumbList","@id":"https:\/\/www.xn--tuksimaailm-ffb.ee\/fi\/shop\/xiaomi-mi-electric-scooter-3-sahkopotkulauta\/#breadcrumb","itemListElement":[{"@type":"ListItem","position":1,"name":"Home","item":"https:\/\/www.xn--tuksimaailm-ffb.ee\/fi\/kotisivu\/"},{"@type":"ListItem","position":2,"name":"Kauppa","item":"https:\/\/www.xn--tuksimaailm-ffb.ee\/elektritoukerataste-pood\/"},{"@type":"ListItem","position":3,"name":"Xiaomi Mi Electric Scooter 3 s\u00e4hk\u00f6potkuluata"}]},{"@type":"WebSite","@id":"https:\/\/www.xn--tuksimaailm-ffb.ee\/fi\/#website","url":"https:\/\/www.xn--tuksimaailm-ffb.ee\/fi\/","name":"T\u00f5uksimaailm","description":"Elektrit\u00f5ukerataste m\u00fc\u00fck, remont ja rent","publisher":{"@id":"https:\/\/www.xn--tuksimaailm-ffb.ee\/fi\/#organization"},"potentialAction":[{"@type":"SearchAction","target":{"@type":"EntryPoint","urlTemplate":"https:\/\/www.xn--tuksimaailm-ffb.ee\/fi\/?s={search_term_string}"},"query-input":{"@type":"PropertyValueSpecification","valueRequired":true,"valueName":"search_term_string"}}],"inLanguage":"fi"},{"@type":"Organization","@id":"https:\/\/www.xn--tuksimaailm-ffb.ee\/fi\/#organization","name":"T\u00f5uksimaailm","url":"https:\/\/www.xn--tuksimaailm-ffb.ee\/fi\/","logo":{"@type":"ImageObject","inLanguage":"fi","@id":"https:\/\/www.xn--tuksimaailm-ffb.ee\/fi\/#\/schema\/logo\/image\/","url":"https:\/\/www.xn--tuksimaailm-ffb.ee\/wp-content\/uploads\/2020\/01\/logoz-e1579792875517.png","contentUrl":"https:\/\/www.xn--tuksimaailm-ffb.ee\/wp-content\/uploads\/2020\/01\/logoz-e1579792875517.png","width":250,"height":250,"caption":"T\u00f5uksimaailm"},"image":{"@id":"https:\/\/www.xn--tuksimaailm-ffb.ee\/fi\/#\/schema\/logo\/image\/"},"sameAs":["https:\/\/www.facebook.com\/touksimaailm\/","https:\/\/www.instagram.com\/touksimaailm_\/","https:\/\/www.youtube.com\/channel\/UC18ml0EKIDLP1xGuQjFzcXQ"]}]},"og_availability":"out of stock","product_availability":"out of stock","product_retailer_item_id":"Xiaomi_Mi","product_condition":"new"},"jetpack_sharing_enabled":true,"_links":{"self":[{"href":"https:\/\/www.xn--tuksimaailm-ffb.ee\/fi\/wp-json\/wp\/v2\/product\/41601","targetHints":{"allow":["GET"]}}],"collection":[{"href":"https:\/\/www.xn--tuksimaailm-ffb.ee\/fi\/wp-json\/wp\/v2\/product"}],"about":[{"href":"https:\/\/www.xn--tuksimaailm-ffb.ee\/fi\/wp-json\/wp\/v2\/types\/product"}],"wp:featuredmedia":[{"embeddable":true,"href":"https:\/\/www.xn--tuksimaailm-ffb.ee\/fi\/wp-json\/wp\/v2\/media\/23737"}],"wp:attachment":[{"href":"https:\/\/www.xn--tuksimaailm-ffb.ee\/fi\/wp-json\/wp\/v2\/media?parent=41601"}],"wp:term":[{"taxonomy":"product_brand","embeddable":true,"href":"https:\/\/www.xn--tuksimaailm-ffb.ee\/fi\/wp-json\/wp\/v2\/product_brand?post=41601"},{"taxonomy":"product_cat","embeddable":true,"href":"https:\/\/www.xn--tuksimaailm-ffb.ee\/fi\/wp-json\/wp\/v2\/product_cat?post=41601"},{"taxonomy":"product_tag","embeddable":true,"href":"https:\/\/www.xn--tuksimaailm-ffb.ee\/fi\/wp-json\/wp\/v2\/product_tag?post=41601"},{"taxonomy":"filter_elektritoukeratas","embeddable":true,"href":"https:\/\/www.xn--tuksimaailm-ffb.ee\/fi\/wp-json\/wp\/v2\/filter_elektritoukeratas?post=41601"}],"curies":[{"name":"wp","href":"https:\/\/api.w.org\/{rel}","templated":true}]}}