{"id":41602,"date":"2021-12-14T10:27:42","date_gmt":"2021-12-14T08:27:42","guid":{"rendered":"http:\/\/www.xn--tuksimaailm-ffb.ee\/shop\/segway-ninebot-max-g30e-ii-sahkopotkulauta\/"},"modified":"2024-02-23T15:25:13","modified_gmt":"2024-02-23T12:25:13","slug":"segway-ninebot-max-g30e-ii-sahkopotkulauta","status":"publish","type":"product","link":"https:\/\/www.xn--tuksimaailm-ffb.ee\/fi\/shop\/segway-ninebot-max-g30e-ii-sahkopotkulauta\/","title":{"rendered":"Segway Ninebot Max G30E II s\u00e4hk\u00f6potkulauta"},"content":{"rendered":"<h2 style=\"text-align: center;\">SEGWAY NINEBOT MAX G30E II S\u00c4HK\u00d6POTKULAUTA - TUOTEKUVAUS<\/h2>\n<p>Segway Ninebot Max G30E II -s\u00e4hk\u00f6potkulauta on legendaarisen Segwayn myydyimm\u00e4n s\u00e4hk\u00f6potkulautan, <a href=\"http:\/\/www.xn--tuksimaailm-ffb.ee\/shop\/elektriline-toukeratas-ninebot-max-g30\/\"><strong>Ninebot Max G30<\/strong><\/a>:n, seuraaja. T\u00e4rkeimm\u00e4t erot uuden Max-s\u00e4hk\u00f6skootterin ja sen edelt\u00e4j\u00e4n v\u00e4lill\u00e4 ovat visuaalisia. Takalauta on pidempi ja vahvempi, ja siin\u00e4 on rekisterikilven paikka. Joissakin EU:n j\u00e4senvaltioissa, kuten Saksassa, s\u00e4hk\u00f6skootterin omistaja on velvollinen rekister\u00f6im\u00e4\u00e4n ajoneuvon ja asentamaan s\u00e4hk\u00f6skootteriin rekisterikilven. Toinen visuaalinen ja turvallisuutta parantava parannus on heijastimien lis\u00e4\u00e4minen skootterin runkoon.<\/p>\n<p>Segway Ninebot Max G30E II -s\u00e4hk\u00f6potkulauta on varustettu asianmukaisilla (<a href=\"https:\/\/en.wikipedia.org\/wiki\/World_Forum_for_Harmonization_of_Vehicle_Regulations#Type_approval\">E-MARK sertifioiduilla<\/a>) heijastimilla, jotka on asennettu etu-, sivu-ohjausputkiin ja takavaloon. Kolmas visuaalinen ero vanhan ja uuden v\u00e4lill\u00e4 tulee esiin pime\u00e4ss\u00e4 ajettaessa. Segway Ninebot Max G30E II -s\u00e4hk\u00f6potkulauta on varustettu edelt\u00e4j\u00e4\u00e4ns\u00e4 tehokkaammalla 2,5 W:n LED-valolla, joka on saanut my\u00f6s uuden parannetun heijastimen. Heijastin auttaa v\u00e4hent\u00e4m\u00e4\u00e4n vastaantulevien jalankulkijoiden ja muiden valopy\u00f6r\u00e4ilij\u00f6iden h\u00e4ik\u00e4isy\u00e4 ja ohjaa valon tehokkaammin tielle. Viel\u00e4 yksi parannus (tai takaisku?) - uudessa Max-s\u00e4hk\u00f6skootterissa on erilainen ohjelmisto kuin edelt\u00e4j\u00e4ss\u00e4\u00e4n. T\u00e4m\u00e4 tarkoittaa sit\u00e4, ett\u00e4 skootterin moottoritehoa ja kiihtyvyytt\u00e4 ei en\u00e4\u00e4 voi helposti lis\u00e4t\u00e4 (lakis\u00e4\u00e4teisiin rajoihin) ohjelmistovirityksen avulla.<\/p>\n<p>S\u00e4hk\u00f6potkulautan sis\u00e4isess\u00e4 laturissa on my\u00f6s pieni ero, sill\u00e4 se lataa akkua nyt 3A:lla. T\u00e4m\u00e4 tarkoittaa, ett\u00e4 suuri 551Wh:n akku voidaan ladata t\u00e4yteen vain 6 tunnissa. Lis\u00e4ksi on aina mahdollista hankkia ulkoinen 5 A:n pikalaturi, joka kytket\u00e4\u00e4n skootteriin tavallisen laturipistokkeen rinnalle. Kaikilta muilta osin uusi Segway Ninebot Max G30E II on aivan kuin \"vanha kunnon Max\" - suunnattoman kest\u00e4v\u00e4, s\u00e4\u00e4nkest\u00e4v\u00e4, huoltovapaa ja erinomaisen hyv\u00e4 ajo-ominaisuus.<\/p>\n<p><a href=\"https:\/\/www.xn--tuksimaailm-ffb.ee\/wp-content\/uploads\/2021\/12\/maxg30-300x205.jpg\"><img decoding=\"async\" class=\"alignnone size-medium wp-image-19431 aligncenter\" src=\"https:\/\/www.xn--tuksimaailm-ffb.ee\/wp-content\/uploads\/2021\/12\/maxg30-300x205.jpg\" alt=\"segway ninebot max g30e II uus 1\" width=\"300\" height=\"205\" srcset=\"https:\/\/www.xn--tuksimaailm-ffb.ee\/wp-content\/uploads\/2021\/12\/maxg30-300x205.jpg 300w, https:\/\/www.xn--tuksimaailm-ffb.ee\/wp-content\/uploads\/2021\/12\/maxg30-439x300.jpg 439w, https:\/\/www.xn--tuksimaailm-ffb.ee\/wp-content\/uploads\/2021\/12\/maxg30-600x410.jpg 600w, https:\/\/www.xn--tuksimaailm-ffb.ee\/wp-content\/uploads\/2021\/12\/maxg30.jpg 686w\" sizes=\"(max-width: 300px) 100vw, 300px\" \/><\/a><\/p>\n<h2 style=\"text-align: center;\">UUS NINEBOT MAX S\u00c4HK\u00d6POTKULAUTA - TEKNINEN KUVAUS<\/h2>\n<p>Urheilupy\u00f6rien tapaan Segway Ninebot Max G30E II -s\u00e4hk\u00f6potkulauta on varustettu <strong>letkuttomilla ilmarenkailla<\/strong>. Rengaskoko on <strong>60\/70-6,5 tai 10\" tuumaa<\/strong>. Tubeless-renkaat ovat paljon kest\u00e4v\u00e4mm\u00e4t kuin sis\u00e4renkaat, mutta tarjoavat huomattavasti miellytt\u00e4v\u00e4mm\u00e4n ajokokemuksen sek\u00e4 t\u00e4rin\u00e4n- ja iskunsietokyvyn kuin putkimainen\/sis\u00e4renkaat. Lis\u00e4ksi Segwayn alkuper\u00e4isiss\u00e4 letkuttomissa renkaissa on sis\u00e4puolella pehme\u00e4 puhkeamisen kest\u00e4v\u00e4 kerros, joka est\u00e4\u00e4 ilman poistumisen renkaan rungosta jopa t\u00e4ydellisen puhkeamisen yhteydess\u00e4. Renkaissa on poikkeuksellisen luja sivupinnan runko. K\u00e4yt\u00e4nn\u00f6ss\u00e4 Liftworldin korjaamolla n\u00e4m\u00e4 puhkeamattomia renkaita kest\u00e4v\u00e4t renkaat voidaan useimmissa tapauksissa t\u00e4ytt\u00e4\u00e4 ja niit\u00e4 voidaan k\u00e4ytt\u00e4\u00e4 onnistuneesti my\u00f6s pitk\u00e4n vajaat\u00e4ytteisyyden j\u00e4lkeen.<\/p>\n<p>Huoltovapaa rumpujarru edess\u00e4 ja s\u00e4hk\u00f6-\/moottorijarru takana (regen) takaavat hyv\u00e4n jarrutustehon, ja s\u00e4hk\u00f6skootteri pys\u00e4htyy nopeasti ja turvallisesti. Jarru- ja etuvalon LED-valot tekev\u00e4t skootterin kuljettajan n\u00e4kyv\u00e4ksi muille tienk\u00e4ytt\u00e4jille my\u00f6s h\u00e4m\u00e4r\u00e4ss\u00e4. Segway Ninebot Max G30E II:ssa on tyylik\u00e4s muotoilu mustana, ja renkaissa ja rungossa on yhteensopivat keltaiset viivat. Uusi Max G30E II on <strong>kokoontaitettava<\/strong> s\u00e4hk\u00f6skootteri. S\u00e4hk\u00f6potkulauta taittuu kokoon eturenkaasta s\u00e4\u00e4dett\u00e4v\u00e4n vipumekanismin avulla. N\u00e4in skootteri mahtuu auton tavaratilaan, kotonaan vaatekaappiin tai skootterilaukkuun <a href=\"http:\/\/www.xn--tuksimaailm-ffb.ee\/shop\/segway-ninebot-kandekott-vihmakindel\/\">skootterilaukkuun<\/a>.<\/p>\n<p>S\u00e4hk\u00f6potkulauta painaa <strong>19,1kg<\/strong>, ja sit\u00e4 on helppo kuljettaa ja kuljettaa portaissa.<strong> Sen vedenpit\u00e4vyysluokitus on IPX5<\/strong> ja se kest\u00e4\u00e4 valmistajan mukaan jopa <strong>100kg<\/strong>:n painon. Pidempi kokemus vanhemmasta Max G30 -mallista on kuitenkin osoittanut, ett\u00e4 todellisuudessa jopa <strong>130kg<\/strong> painavat kuljettajat voivat my\u00f6s tuntea olonsa varsin mukavaksi - t\u00e4m\u00e4n s\u00e4hk\u00f6potkulautailijan runko ei anna periksi niin helposti.<\/p>\n<h2 style=\"text-align: center;\">UUS MAX S\u00c4HK\u00d6POTKULAUTA - ET\u00c4ISYYS JA SUORITUSKYKY<\/h2>\n<p>Valmistajan mukaan Segway Ninebot Max G30E II -s\u00e4hk\u00f6potkulauta voi kulkea jopa 65 kilometri\u00e4 yhdell\u00e4 latauksella. Kilometrim\u00e4\u00e4r\u00e4 riippuu pitk\u00e4lti kuljettajan painosta, pituudesta (tuulenvastus) ja ajotyylist\u00e4 sek\u00e4 s\u00e4\u00e4st\u00e4. Realistinen matka, jonka s\u00e4hk\u00f6skootteri voi kulkea yhdell\u00e4 latauksella kaupunkiolosuhteissa (jarru-kaasu, jarru-kaasu...), on noin 30km 90kg painavalle kuljettajalle. Suurikapasiteettinen <strong>36V\/15300mAh (551Wh)<\/strong> Li-Ion-akku ja \u00e4lykk\u00e4\u00e4n ohjaimen ansiosta <strong>takapy\u00f6r\u00e4veto<\/strong> takaavat hyv\u00e4n etenemisen my\u00f6s yl\u00e4m\u00e4ess\u00e4.<\/p>\n<p>S\u00e4hk\u00f6skootteri saavuttaa valmistajan ilmoittaman 25km\/h nopeuden, joka on m\u00e4\u00e4ritelty Viron liikennelaissa. S\u00e4hk\u00f6potkulaitteen latauspistorasiaa peitt\u00e4\u00e4 kumitiivisteell\u00e4 varustettu korkki, jonka on oltava tukevasti kiinni koko ajan ajon ajan. Kauniin v\u00e4rinen LCD-n\u00e4ytt\u00f6 ohjaustangossa n\u00e4ytt\u00e4\u00e4 nopeuden ja akun varaustason sek\u00e4 kulloinkin aktiivisen ajotilan. S\u00e4hk\u00f6skootterissa on kolme elektronista vaihdetta\/tilaa, ja vakionopeudens\u00e4\u00e4din auttaa pidemmill\u00e4 ajomatkoilla ja suorilla matkoilla. Skootteri on nopea ja mahdollisesti vaarallinen ajoneuvo. Siksi suosittelemme <a href=\"http:\/\/www.xn--tuksimaailm-ffb.ee\/tootesilt\/elektritoukeratta-kiivrid\/\">kyp\u00e4r\u00e4n<\/a> k\u00e4ytt\u00f6\u00e4 aina. Alle 16-vuotiaiden s\u00e4hk\u00f6skootterilla ajavien on <a href=\"https:\/\/www.riigiteataja.ee\/akt\/113112020001\">lain<\/a> mukaan pakko k\u00e4ytt\u00e4\u00e4 kyp\u00e4r\u00e4\u00e4 ajaessaan. Kaikki s\u00e4hk\u00f6skootterit l\u00f6yd\u00e4t <a href=\"http:\/\/www.xn--tuksimaailm-ffb.ee\/tootekategooria\/elektritoukeratas\/\"><strong>t\u00e4\u00e4lt\u00e4<\/strong><\/a>.<\/p>\n<p><strong style=\"box-sizing: inherit; margin: 0px; padding: 0px; border: 0px; font-variant-numeric: inherit; font-variant-east-asian: inherit; font-stretch: inherit; font-size: 17px; line-height: inherit;\">Segway Ninebot Max G30E II -s\u00e4hk\u00f6potkulauta on Viron liikennelain mukainen katuoikeudellinen kevytskootteri, jonka valmistajan teho on 700W ja valmistajan nopeus 25km\/h. HUOMAA: Jos k\u00e4ytt\u00e4j\u00e4 on itsen\u00e4isesti muuttanut s\u00e4hk\u00f6skootteria nopeammaksi tai tehokkaammaksi kuin edell\u00e4 mainitut parametrit, T\u00f5uksimaailm ei ole vastuussa lain rikkomisesta aiheutuvista sakoista, s\u00e4hk\u00f6skootterin takavarikoimisesta poliisin toimesta tai mist\u00e4\u00e4n muustakaan rikkomisesta aiheutuneesta vahingosta.<\/strong><\/p>\n<table class=\"tg\" style=\"border-collapse: collapse; max-width: 600px; border-spacing: 0; margin: 0px auto;\">\n<tbody>\n<tr>\n<td style=\"background-color: #e4e1e1; color: #333333; font-family: inherit; font-size: 14px; font-weight: bold; overflow: hidden; padding: 5px 5px; text-align: center; vertical-align: top; word-break: normal; border: 1px solid;\" colspan=\"2\">Tekniset tiedot<\/td>\n<\/tr>\n<tr>\n<td style=\"background-color: #e4e1e1; color: #333333; font-family: inherit; font-size: 14px; font-weight: bold; overflow: hidden; padding: 5px 5px; text-align: right; vertical-align: top; word-break: normal; border: 1px solid;\">Malli<\/td>\n<td style=\"font-family: inherit; font-size: 14px; overflow: hidden; padding: 5px 5px; text-align: center; vertical-align: top; word-break: normal; border: 1px solid;\">Segway Ninebot Max G30E II<\/td>\n<\/tr>\n<tr>\n<td style=\"background-color: #e4e1e1; color: #333333; font-family: inherit; font-size: 14px; font-weight: bold; overflow: hidden; padding: 5px 5px; text-align: right; vertical-align: top; word-break: normal; border: 1px solid;\">Akku<\/td>\n<td style=\"font-family: inherit; font-size: 14px; overflow: hidden; padding: 5px 5px; text-align: center; vertical-align: top; word-break: normal; border: 1px solid;\">36V\/15,3Ah\/551Wh Li-Ion<\/td>\n<\/tr>\n<tr>\n<td style=\"background-color: #e4e1e1; color: #333333; font-family: inherit; font-size: 14px; font-weight: bold; overflow: hidden; padding: 5px 5px; text-align: right; vertical-align: top; word-break: normal; border: 1px solid;\">Latausaika<\/td>\n<td style=\"font-family: inherit; font-size: 14px; overflow: hidden; padding: 5px 5px; text-align: center; vertical-align: top; word-break: normal; border: 1px solid;\">kuni 6h (integreeritud 3A laadijaga)<\/td>\n<\/tr>\n<tr>\n<td style=\"background-color: #e4e1e1; color: #333333; font-family: inherit; font-size: 14px; font-weight: bold; overflow: hidden; padding: 5px 5px; text-align: right; vertical-align: top; word-break: normal; border: 1px solid;\">Mootori v\u00f5imsus<\/td>\n<td style=\"font-family: inherit; font-size: 14px; overflow: hidden; padding: 5px 5px; text-align: center; vertical-align: top; word-break: normal; border: 1px solid;\">350W (tippv\u00f5imsus 700W)<\/td>\n<\/tr>\n<tr>\n<td style=\"background-color: #e4e1e1; color: #333333; font-family: inherit; font-size: 14px; font-weight: bold; overflow: hidden; padding: 5px 5px; text-align: right; vertical-align: top; word-break: normal; border: 1px solid;\">S\u00f5idukaugus (tootja spetsifikatsioon) <br \/>S\u00f5idukaugus arvutuslik<\/td>\n<td style=\"font-family: inherit; font-size: 14px; overflow: hidden; padding: 5px 5px; text-align: center; vertical-align: top; word-break: normal; border: 1px solid;\">kuni 65km <br \/>37km (25km\/h, 70kg s\u00f5itja, 15Wh\/km)<\/td>\n<\/tr>\n<tr>\n<td style=\"background-color: #e4e1e1; color: #333333; font-family: inherit; font-size: 14px; font-weight: bold; overflow: hidden; padding: 5px 5px; text-align: right; vertical-align: top; word-break: normal; border: 1px solid;\">Esipidur<\/td>\n<td style=\"font-family: inherit; font-size: 14px; overflow: hidden; padding: 5px 5px; text-align: center; vertical-align: top; word-break: normal; border: 1px solid;\">hooldusvaba trummelpidur<\/td>\n<\/tr>\n<tr>\n<td style=\"background-color: #e4e1e1; color: #333333; font-family: inherit; font-size: 14px; font-weight: bold; overflow: hidden; padding: 5px 5px; text-align: right; vertical-align: top; word-break: normal; border: 1px solid;\">Tagapidur<\/td>\n<td style=\"font-family: inherit; font-size: 14px; overflow: hidden; padding: 5px 5px; text-align: center; vertical-align: top; word-break: normal; border: 1px solid;\">elektriline mootoripidur (regeneratiivne)<\/td>\n<\/tr>\n<tr>\n<td style=\"background-color: #e4e1e1; color: #333333; font-family: inherit; font-size: 14px; font-weight: bold; overflow: hidden; padding: 5px 5px; text-align: right; vertical-align: top; word-break: normal; border: 1px solid;\">Kaalupiirang<\/td>\n<td style=\"font-family: inherit; font-size: 14px; overflow: hidden; padding: 5px 5px; text-align: center; vertical-align: top; word-break: normal; border: 1px solid;\">tootja andmetel 100kg; reaalne 150kg<\/td>\n<\/tr>\n<tr>\n<td style=\"background-color: #e4e1e1; color: #333333; font-family: inherit; font-size: 14px; font-weight: bold; overflow: hidden; padding: 5px 5px; text-align: right; vertical-align: top; word-break: normal; border: 1px solid;\">Valmistajakiirus<\/td>\n<td style=\"font-family: inherit; font-size: 14px; overflow: hidden; padding: 5px 5px; text-align: center; vertical-align: top; word-break: normal; border: 1px solid;\">25km\/h<\/td>\n<\/tr>\n<tr>\n<td style=\"background-color: #e4e1e1; color: #333333; font-family: inherit; font-size: 14px; font-weight: bold; overflow: hidden; padding: 5px 5px; text-align: right; vertical-align: top; word-break: normal; border: 1px solid;\">Kaal<\/td>\n<td style=\"font-family: inherit; font-size: 14px; overflow: hidden; padding: 5px 5px; text-align: center; vertical-align: top; word-break: normal; border: 1px solid;\">19,1kg<\/td>\n<\/tr>\n<tr>\n<td style=\"background-color: #e4e1e1; color: #333333; font-family: inherit; font-size: 14px; font-weight: bold; overflow: hidden; padding: 5px 5px; text-align: right; vertical-align: top; word-break: normal; border: 1px solid;\">Motoriseeritud ratas<\/td>\n<td style=\"font-family: inherit; font-size: 14px; overflow: hidden; padding: 5px 5px; text-align: center; vertical-align: top; word-break: normal; border: 1px solid;\">tagumine<\/td>\n<\/tr>\n<tr>\n<td style=\"background-color: #e4e1e1; color: #333333; font-family: inherit; font-size: 14px; font-weight: bold; overflow: hidden; padding: 5px 5px; text-align: right; vertical-align: top; word-break: normal; border: 1px solid;\">Rehvid<\/td>\n<td style=\"font-family: inherit; font-size: 14px; overflow: hidden; padding: 5px 5px; text-align: center; vertical-align: top; word-break: normal; border: 1px solid;\">10 tolli tubeless \u00f5hkrehvid (ilma sisekummita) 70\/65-6.5<\/td>\n<\/tr>\n<tr>\n<td style=\"background-color: #e4e1e1; color: #333333; font-family: inherit; font-size: 14px; font-weight: bold; overflow: hidden; padding: 5px 5px; text-align: right; vertical-align: top; word-break: normal; border: 1px solid;\">Suurim t\u00f5usunurk teel<\/td>\n<td style=\"font-family: inherit; font-size: 14px; overflow: hidden; padding: 5px 5px; text-align: center; vertical-align: top; word-break: normal; border: 1px solid;\">kuni 20 kraadi<\/td>\n<\/tr>\n<\/tbody>\n<\/table>\n","protected":false},"excerpt":{"rendered":"<p><a href=\"http:\/\/www.xn--tuksimaailm-ffb.ee\/kontakt\/\"><strong>L\u00f6ysitk\u00f6 paremman hinnan? Kirjoita meille, niin teemme sinulle paremman tarjouksen!<\/strong><\/a><\/p>\n<p><strong>Kaikki <a href=\"http:\/\/www.xn--tuksimaailm-ffb.ee\/tootekategooria\/lisavarustus\/\">lis\u00e4varusteet<\/a> ja <a href=\"https:\/\/www.xn\u2014tuksimaailm-ffb.ee\/tootekategooria\/elektritoukeratta-varuosad\/\">varaosat<\/a> ovat -20%, kun ne ostetaan s\u00e4hk\u00f6skootterin kanssa. Alennus otetaan automaattisesti k\u00e4ytt\u00f6\u00f6n, kun lis\u00e4\u00e4t sen ostoskoriin!<\/strong><\/p>\n<p><em><strong>Toimitusaika: 1-5tp<\/p>\n<p><\/strong><\/em><\/p>\n","protected":false},"featured_media":23732,"template":"","meta":[],"product_brand":[],"product_cat":[926],"product_tag":[],"filter_elektritoukeratas":[],"class_list":{"0":"post-41602","1":"product","2":"type-product","3":"status-publish","4":"has-post-thumbnail","6":"product_cat-sahkopotkulaudat-fi","7":"product_shipping_class-keskmine-pakk-fi","8":"pa_aku-mahutavus-wh-551-fi","9":"pa_kaal-kg-19-fi","10":"pa_kandevoime-kg-130-fi","11":"pa_labisoit-arvutuslik-km-37-fi","12":"pa_mootorite-arv-uhe-mootoriga-fi","13":"pa_muuja-platvormil-touksimaailm-exocool-ou-fi","14":"pa_piiramata-tippkiirus-kmh-25-fi","15":"pa_tootetuup-elektritoukeratas-fi","16":"pa_valmistaja-segway-fi","17":"pa_voimsus-w-700-fi","19":"first","20":"outofstock","21":"taxable","22":"shipping-taxable","23":"purchasable","24":"product-type-simple"},"yoast_head":"<!-- This site is optimized with the Yoast SEO Premium plugin v26.8 (Yoast SEO v27.5) - https:\/\/yoast.com\/product\/yoast-seo-premium-wordpress\/ -->\n<title>Segway Ninebot Max G30E II s\u00e4hk\u00f6potkulauta | T\u00f5uksimaailm<\/title>\n<meta name=\"description\" content=\"Segway Ninebot Max G30E II elektrit\u00f5ukeratas. Legendaarse Ninebot Max G30 j\u00e4reltulija - vastupidav, veekindel elektriline t\u00f5ukeratas.\" \/>\n<meta name=\"robots\" content=\"index, follow, max-snippet:-1, max-image-preview:large, max-video-preview:-1\" \/>\n<link rel=\"canonical\" href=\"https:\/\/www.xn--tuksimaailm-ffb.ee\/fi\/shop\/segway-ninebot-max-g30e-ii-sahkopotkulauta\/\" \/>\n<meta property=\"og:locale\" content=\"fi_FI\" \/>\n<meta property=\"og:type\" content=\"article\" \/>\n<meta property=\"og:title\" content=\"Segway Ninebot Max G30E II s\u00e4hk\u00f6potkulauta\" \/>\n<meta property=\"og:description\" content=\"Segway Ninebot Max G30E II elektrit\u00f5ukeratas. Legendaarse Ninebot Max G30 j\u00e4reltulija - vastupidav, veekindel elektriline t\u00f5ukeratas.\" \/>\n<meta property=\"og:url\" content=\"https:\/\/www.xn--tuksimaailm-ffb.ee\/fi\/shop\/segway-ninebot-max-g30e-ii-sahkopotkulauta\/\" \/>\n<meta property=\"og:site_name\" content=\"T\u00f5uksimaailm\" \/>\n<meta property=\"article:publisher\" content=\"https:\/\/www.facebook.com\/touksimaailm\/\" \/>\n<meta property=\"article:modified_time\" content=\"2024-02-23T12:25:13+00:00\" \/>\n<meta property=\"og:image\" content=\"https:\/\/www.xn--tuksimaailm-ffb.ee\/wp-content\/uploads\/2021\/12\/max-g30e-II-1.jpg\" \/>\n\t<meta property=\"og:image:width\" content=\"879\" \/>\n\t<meta property=\"og:image:height\" content=\"909\" \/>\n\t<meta property=\"og:image:type\" content=\"image\/jpeg\" \/>\n<meta name=\"twitter:card\" content=\"summary_large_image\" \/>\n<meta name=\"twitter:label1\" content=\"Hinta\" \/>\n\t<meta name=\"twitter:data1\" content=\"&euro;699.00\" \/>\n\t<meta name=\"twitter:label2\" content=\"Saatavuus\" \/>\n\t<meta name=\"twitter:data2\" content=\"Loppu varastosta\" \/>\n<meta property=\"product:price:amount\" content=\"699.00\" \/>\n<meta property=\"product:price:currency\" content=\"EUR\" \/>\n<meta property=\"og:availability\" content=\"out of stock\" \/>\n<meta property=\"product:availability\" content=\"out of stock\" \/>\n<meta property=\"product:retailer_item_id\" content=\"Ninebot_G30E_II\" \/>\n<meta property=\"product:condition\" content=\"new\" \/>\n<!-- \/ Yoast SEO Premium plugin. -->","yoast_head_json":{"title":"Segway Ninebot Max G30E II s\u00e4hk\u00f6potkulauta | T\u00f5uksimaailm","description":"Segway Ninebot Max G30E II elektrit\u00f5ukeratas. Legendaarse Ninebot Max G30 j\u00e4reltulija - vastupidav, veekindel elektriline t\u00f5ukeratas.","robots":{"index":"index","follow":"follow","max-snippet":"max-snippet:-1","max-image-preview":"max-image-preview:large","max-video-preview":"max-video-preview:-1"},"canonical":"https:\/\/www.xn--tuksimaailm-ffb.ee\/fi\/shop\/segway-ninebot-max-g30e-ii-sahkopotkulauta\/","og_locale":"fi_FI","og_type":"article","og_title":"Segway Ninebot Max G30E II s\u00e4hk\u00f6potkulauta","og_description":"Segway Ninebot Max G30E II elektrit\u00f5ukeratas. Legendaarse Ninebot Max G30 j\u00e4reltulija - vastupidav, veekindel elektriline t\u00f5ukeratas.","og_url":"https:\/\/www.xn--tuksimaailm-ffb.ee\/fi\/shop\/segway-ninebot-max-g30e-ii-sahkopotkulauta\/","og_site_name":"T\u00f5uksimaailm","article_publisher":"https:\/\/www.facebook.com\/touksimaailm\/","article_modified_time":"2024-02-23T12:25:13+00:00","og_image":[{"width":879,"height":909,"url":"https:\/\/www.xn--tuksimaailm-ffb.ee\/wp-content\/uploads\/2021\/12\/max-g30e-II-1.jpg","type":"image\/jpeg"}],"twitter_card":"summary_large_image","twitter_misc":{"Hinta":"&euro;699.00","Saatavuus":"Loppu varastosta"},"schema":{"@context":"https:\/\/schema.org","@graph":[{"@type":"WebPage","@id":"https:\/\/www.xn--tuksimaailm-ffb.ee\/fi\/shop\/segway-ninebot-max-g30e-ii-sahkopotkulauta\/","url":"https:\/\/www.xn--tuksimaailm-ffb.ee\/fi\/shop\/segway-ninebot-max-g30e-ii-sahkopotkulauta\/","name":"Segway Ninebot Max G30E II s\u00e4hk\u00f6potkulauta | T\u00f5uksimaailm","isPartOf":{"@id":"https:\/\/www.xn--tuksimaailm-ffb.ee\/fi\/#website"},"primaryImageOfPage":{"@id":"https:\/\/www.xn--tuksimaailm-ffb.ee\/fi\/shop\/segway-ninebot-max-g30e-ii-sahkopotkulauta\/#primaryimage"},"image":{"@id":"https:\/\/www.xn--tuksimaailm-ffb.ee\/fi\/shop\/segway-ninebot-max-g30e-ii-sahkopotkulauta\/#primaryimage"},"thumbnailUrl":"https:\/\/www.xn--tuksimaailm-ffb.ee\/wp-content\/uploads\/2021\/12\/max-g30e-II-1.jpg","datePublished":"2021-12-14T08:27:42+00:00","dateModified":"2024-02-23T12:25:13+00:00","description":"Segway Ninebot Max G30E II elektrit\u00f5ukeratas. Legendaarse Ninebot Max G30 j\u00e4reltulija - vastupidav, veekindel elektriline t\u00f5ukeratas.","breadcrumb":{"@id":"https:\/\/www.xn--tuksimaailm-ffb.ee\/fi\/shop\/segway-ninebot-max-g30e-ii-sahkopotkulauta\/#breadcrumb"},"inLanguage":"fi","potentialAction":[{"@type":"ReadAction","target":["https:\/\/www.xn--tuksimaailm-ffb.ee\/fi\/shop\/segway-ninebot-max-g30e-ii-sahkopotkulauta\/"]}]},{"@type":"ImageObject","inLanguage":"fi","@id":"https:\/\/www.xn--tuksimaailm-ffb.ee\/fi\/shop\/segway-ninebot-max-g30e-ii-sahkopotkulauta\/#primaryimage","url":"https:\/\/www.xn--tuksimaailm-ffb.ee\/wp-content\/uploads\/2021\/12\/max-g30e-II-1.jpg","contentUrl":"https:\/\/www.xn--tuksimaailm-ffb.ee\/wp-content\/uploads\/2021\/12\/max-g30e-II-1.jpg","width":879,"height":909,"caption":"segway ninebot max g30e II elektrit\u00f5ukeratas elektriline t\u00f5ukeratas"},{"@type":"BreadcrumbList","@id":"https:\/\/www.xn--tuksimaailm-ffb.ee\/fi\/shop\/segway-ninebot-max-g30e-ii-sahkopotkulauta\/#breadcrumb","itemListElement":[{"@type":"ListItem","position":1,"name":"Home","item":"https:\/\/www.xn--tuksimaailm-ffb.ee\/fi\/kotisivu\/"},{"@type":"ListItem","position":2,"name":"Kauppa","item":"https:\/\/www.xn--tuksimaailm-ffb.ee\/elektritoukerataste-pood\/"},{"@type":"ListItem","position":3,"name":"Segway Ninebot Max G30E II s\u00e4hk\u00f6potkulauta"}]},{"@type":"WebSite","@id":"https:\/\/www.xn--tuksimaailm-ffb.ee\/fi\/#website","url":"https:\/\/www.xn--tuksimaailm-ffb.ee\/fi\/","name":"T\u00f5uksimaailm","description":"Elektrit\u00f5ukerataste m\u00fc\u00fck, remont ja rent","publisher":{"@id":"https:\/\/www.xn--tuksimaailm-ffb.ee\/fi\/#organization"},"potentialAction":[{"@type":"SearchAction","target":{"@type":"EntryPoint","urlTemplate":"https:\/\/www.xn--tuksimaailm-ffb.ee\/fi\/?s={search_term_string}"},"query-input":{"@type":"PropertyValueSpecification","valueRequired":true,"valueName":"search_term_string"}}],"inLanguage":"fi"},{"@type":"Organization","@id":"https:\/\/www.xn--tuksimaailm-ffb.ee\/fi\/#organization","name":"T\u00f5uksimaailm","url":"https:\/\/www.xn--tuksimaailm-ffb.ee\/fi\/","logo":{"@type":"ImageObject","inLanguage":"fi","@id":"https:\/\/www.xn--tuksimaailm-ffb.ee\/fi\/#\/schema\/logo\/image\/","url":"https:\/\/www.xn--tuksimaailm-ffb.ee\/wp-content\/uploads\/2020\/01\/logoz-e1579792875517.png","contentUrl":"https:\/\/www.xn--tuksimaailm-ffb.ee\/wp-content\/uploads\/2020\/01\/logoz-e1579792875517.png","width":250,"height":250,"caption":"T\u00f5uksimaailm"},"image":{"@id":"https:\/\/www.xn--tuksimaailm-ffb.ee\/fi\/#\/schema\/logo\/image\/"},"sameAs":["https:\/\/www.facebook.com\/touksimaailm\/","https:\/\/www.instagram.com\/touksimaailm_\/","https:\/\/www.youtube.com\/channel\/UC18ml0EKIDLP1xGuQjFzcXQ"]}]},"product_price_amount":"699.00","product_price_currency":"EUR","og_availability":"out of stock","product_availability":"out of stock","product_retailer_item_id":"Ninebot_G30E_II","product_condition":"new"},"jetpack_sharing_enabled":true,"_links":{"self":[{"href":"https:\/\/www.xn--tuksimaailm-ffb.ee\/fi\/wp-json\/wp\/v2\/product\/41602","targetHints":{"allow":["GET"]}}],"collection":[{"href":"https:\/\/www.xn--tuksimaailm-ffb.ee\/fi\/wp-json\/wp\/v2\/product"}],"about":[{"href":"https:\/\/www.xn--tuksimaailm-ffb.ee\/fi\/wp-json\/wp\/v2\/types\/product"}],"wp:featuredmedia":[{"embeddable":true,"href":"https:\/\/www.xn--tuksimaailm-ffb.ee\/fi\/wp-json\/wp\/v2\/media\/23732"}],"wp:attachment":[{"href":"https:\/\/www.xn--tuksimaailm-ffb.ee\/fi\/wp-json\/wp\/v2\/media?parent=41602"}],"wp:term":[{"taxonomy":"product_brand","embeddable":true,"href":"https:\/\/www.xn--tuksimaailm-ffb.ee\/fi\/wp-json\/wp\/v2\/product_brand?post=41602"},{"taxonomy":"product_cat","embeddable":true,"href":"https:\/\/www.xn--tuksimaailm-ffb.ee\/fi\/wp-json\/wp\/v2\/product_cat?post=41602"},{"taxonomy":"product_tag","embeddable":true,"href":"https:\/\/www.xn--tuksimaailm-ffb.ee\/fi\/wp-json\/wp\/v2\/product_tag?post=41602"},{"taxonomy":"filter_elektritoukeratas","embeddable":true,"href":"https:\/\/www.xn--tuksimaailm-ffb.ee\/fi\/wp-json\/wp\/v2\/filter_elektritoukeratas?post=41602"}],"curies":[{"name":"wp","href":"https:\/\/api.w.org\/{rel}","templated":true}]}}