{"id":41729,"date":"2020-03-15T19:38:28","date_gmt":"2020-03-15T16:38:28","guid":{"rendered":"http:\/\/www.xn--tuksimaailm-ffb.ee\/shop\/sahkopotkulauta-ninebot-max-g30\/"},"modified":"2024-11-13T15:54:52","modified_gmt":"2024-11-13T12:54:52","slug":"sahkopotkulauta-ninebot-max-g30","status":"publish","type":"product","link":"https:\/\/www.xn--tuksimaailm-ffb.ee\/fi\/shop\/sahkopotkulauta-ninebot-max-g30\/","title":{"rendered":"Ninebot Max G30 s\u00e4hk\u00f6potkulauta"},"content":{"rendered":"<h2 style=\"text-align: center;\">SEGWAY NINEBOT MAX G30 TUOTEKUVAUS<\/h2>\n<p>Vallankumouksellinen Ninebot Max G30 -s\u00e4hk\u00f6potkulauta on kest\u00e4v\u00e4, tehokas ja osoittautuu hyv\u00e4ksi pahimmillakin teill\u00e4. S\u00e4hk\u00f6potkulauta on kehitetty eritt\u00e4in vakaaksi - ajaminen pienemmill\u00e4 nopeuksilla ja suuremmilla nopeuksilla tuntuu turvalliselta. Skootterin suunnittelussa on otettu huomioon aiempien Xiaomin ja Ninebotin mallien suunnittelun pullonkaulat, mink\u00e4 ansiosta tuloksena on eritt\u00e4in kest\u00e4v\u00e4 skootteri, jolla on erinomainen ajo-ominaisuus. Tarjoamassamme Max G30 -mallissa on <strong>2. sukupolven (SN 9xxx)<\/strong> moottori, joka tarjoaa paremman huippunopeuden akun ollessa v\u00e4hiss\u00e4. <strong>S\u00e4hk\u00f6skootteri on saatavilla myym\u00e4l\u00e4ss\u00e4mme osoitteessa T\u00f6\u00f6stuse 47a, Tallinna - tule koeajolle!<\/strong><\/p>\n<h2 style=\"text-align: center;\">TEKNINEN KUVAUS<\/h2>\n<p>Huippupy\u00f6rien tavoin Ninebot Max G30:ss\u00e4 on <strong>ilman sis\u00e4kumia (tubeless)<\/strong> <strong>10-tuumaiset<\/strong> ilmarenkaat, jotka ovat kest\u00e4v\u00e4mpi\u00e4 kuin sis\u00e4kumilla renkaat, mutta tarjoavat mukavamman ajomukavuuden ja paremman iskunsietokyvyn kuin hunajakennorenkaat. Tubeless-teknologia tarkoittaa, ett\u00e4 kun rengas puhkeaa, renkaan sis\u00e4puolella oleva erityinen elastinen puhkeamista kest\u00e4v\u00e4 kerros korjaa puhkeaman ja est\u00e4\u00e4 ilman p\u00e4\u00e4syn ulos. Huoltovapaa rumpujarru edess\u00e4 ja s\u00e4hk\u00f6jarru takana takaosassa takaavat tukevan ja turvallisen pys\u00e4htymisen. Jarru- ja etuvalon LED-valot tekev\u00e4t sinut n\u00e4kyv\u00e4ksi muille tienk\u00e4ytt\u00e4jille my\u00f6s h\u00e4m\u00e4r\u00e4ss\u00e4.<\/p>\n<p>Voimakkaasti muotoiltu Ninebot on musta, ja renkaissa ja rungossa on keltaisia viivoja. Segway Ninebot Max on <strong>kokoontaitettava<\/strong> s\u00e4hk\u00f6potkulauta. S\u00e4hk\u00f6potkulauta taittuu etupy\u00f6r\u00e4n p\u00e4\u00e4lt\u00e4, ja my\u00f6s ohjaustanko voidaan taittaa. N\u00e4in s\u00e4hk\u00f6skootteri mahtuu auton tavaratilaan, kodin s\u00e4ilytystilaan tai laukkuun. Ninebot-s\u00e4hk\u00f6skootteri painaa <strong>18kg<\/strong> ja on helposti siirrett\u00e4viss\u00e4. Runko on <strong>IPX5-vedenpit\u00e4v\u00e4<\/strong> ja skootteri kest\u00e4\u00e4 jopa <strong>100kg<\/strong>. Ninebot Max G30 -s\u00e4hk\u00f6skootterilla voi ajaa jopa 65km yhdell\u00e4 latauksella (riippuen kuljettajan painosta ja ajotyylist\u00e4). Suurikapasiteettinen akku <strong>(551Wh (15300 mAh))<\/strong> ja <strong>takaveto<\/strong> takaavat tehokkaan etenemisen my\u00f6s yl\u00e4m\u00e4ess\u00e4. Ninebotin suunnittelunopeus on <strong>25km\/h<\/strong>.<\/p>\n<h4 style=\"text-align: center;\">LATAUS JA TURVALLISUUS<\/h4>\n<p>Akun t\u00e4yteen lataaminen kest\u00e4\u00e4 noin 6 tuntia laturista riippuen. Latauspistorasia on suojattu korkilla, joka on aina kiinnitett\u00e4v\u00e4 tukevasti. Ohjaustangossa oleva LCD-n\u00e4ytt\u00f6 n\u00e4ytt\u00e4\u00e4 nopeuden, akun varaustason ja ajokilometrit. Skootterissa on kolme vaihdetta ja vakionopeudens\u00e4\u00e4din pidempi\u00e4 matkoja varten. Suosittelemme k\u00e4ytt\u00e4m\u00e4\u00e4n <a href=\"http:\/\/www.xn--tuksimaailm-ffb.ee\/shop\/elektritoukeratta-kiiver-lapsele-taiskasvanule\/\">kyp\u00e4r\u00e4\u00e4<\/a> aina, kun ajat s\u00e4hk\u00f6skootterilla. Alle 16-vuotiaiden kuljettajien on lain mukaan k\u00e4ytett\u00e4v\u00e4 kyp\u00e4r\u00e4\u00e4 s\u00e4hk\u00f6skootterilla ajettaessa. <strong>Kun ostat Segway Ninebot Max G30 -s\u00e4hk\u00f6skootterin liikkeest\u00e4mme, saat:<\/strong><\/p>\n<ul>\n<li>S\u00e4hk\u00f6potkulaitteen oston yhteydess\u00e4 ovat kaikki<strong> <a href=\"http:\/\/www.xn--tuksimaailm-ffb.ee\/tootekategooria\/lisavarustus\/\">lis\u00e4varusteet<\/a> -20%<\/strong><\/li>\n<\/ul>\n<p>Valikoima lis\u00e4varusteita Segway Ninebot Max G30 -s\u00e4hk\u00f6skootteriin:<\/p>\n<ul>\n<li><a href=\"http:\/\/www.xn--tuksimaailm-ffb.ee\/shop\/elektritoukeratta-telefonihoidja-ibera-43-58\/\">Puhelinpidike<\/a><\/li>\n<li><a href=\"http:\/\/www.xn--tuksimaailm-ffb.ee\/shop\/segway-ninebot-max-g30-ii-monorim-v3-esiamort-g30le\/\"><span class=\"HwtZe\" lang=\"fi\"><span class=\"jCAhz ChMk0b\"><span class=\"ryNqvb\">Iskunvaimennin edess\u00e4<\/span><\/span><\/span><\/a><\/li>\n<li><a href=\"http:\/\/www.xn--tuksimaailm-ffb.ee\/shop\/segway-ninebot-max-g30-metallist-koti-konks-g30le\/\">Metalli laukku kouku<\/a><\/li>\n<li><a href=\"http:\/\/www.xn--tuksimaailm-ffb.ee\/shop\/kompaktne-lulilukk-abus-bordo-5700-must\/\">Eritt\u00e4in turvallinen yhdistelm\u00e4lukko<\/a> - s\u00e4hk\u00f6potkulauta on lukittavissa etupy\u00f6r\u00e4n vanteen kautta.<\/li>\n<li><a href=\"http:\/\/www.xn--tuksimaailm-ffb.ee\/shop\/elektriline-signaal-elektritoukerattale-jalgrattale\/\">S\u00e4hk\u00f6inen signaalikello<\/a><\/li>\n<li><a href=\"http:\/\/www.xn--tuksimaailm-ffb.ee\/shop\/suur-elektrilise-toukeratta-lenksukott-must-3l\/\">Suuri linssipussi<\/a><\/li>\n<\/ul>\n<p>Jos haluat testata ennen ostamista, ett\u00e4 skootteri kulkee paikallisilla kukkuloilla tai ajaa ajotyylillesi sopivan matkan, voit my\u00f6s <a href=\"http:\/\/www.xn--tuksimaailm-ffb.ee\/elektrilise-toukeratta-rent\/\">vuokrata<\/a> sen meilt\u00e4 tunniksi, p\u00e4iv\u00e4ksi tai jopa viikoksi! Lis\u00e4\u00e4 s\u00e4hk\u00f6skoottereita ja muita liikkumisskoottereita l\u00f6yd\u00e4t <a href=\"http:\/\/www.xn--tuksimaailm-ffb.ee\/shop\/\">t\u00e4\u00e4lt\u00e4<\/a>. Voit my\u00f6s lukea lis\u00e4\u00e4 Ninebot Max G30:st\u00e4 <a href=\"http:\/\/eu-en.segway.com\/products\/ninebot-kickscooter-max-g30\">valmistajan verkkosivuilta<\/a>.<\/p>\n<p><strong style=\"box-sizing: inherit; margin: 0px; padding: 0px; border: 0px; font-variant-numeric: inherit; font-variant-east-asian: inherit; font-stretch: inherit; font-size: 17px; line-height: inherit;\">Segway Ninebot Max G30 -s\u00e4hk\u00f6potkulauta on Viron liikennelains\u00e4\u00e4d\u00e4nn\u00f6n mukainen katuoikeudellinen kevytskootteri, jonka valmistajan teho on 700W ja valmistajan nopeus 25km\/h. HUOMAA: Jos k\u00e4ytt\u00e4j\u00e4 on itsen\u00e4isesti muuttanut s\u00e4hk\u00f6skootteria nopeammaksi tai tehokkaammaksi kuin edell\u00e4 mainitut parametrit, T\u00f5uksimaailm ei ole vastuussa lain rikkomisesta aiheutuvista sakoista, s\u00e4hk\u00f6skootterin takavarikoimisesta poliisin toimesta tai mist\u00e4\u00e4n muustakaan rikkomisesta aiheutuneesta vahingosta.<\/strong><\/p>\n","protected":false},"excerpt":{"rendered":"<p><strong>Kaikki <a href=\"http:\/\/www.xn--tuksimaailm-ffb.ee\/tootekategooria\/lisavarustus\/\">lis\u00e4varusteet<\/a> ja <a href=\"https:\/\/www.xn\u2014tuksimaailm-ffb.ee\/tootekategooria\/elektritoukeratta-varuosad\/\">varaosat<\/a>ovat -20%, kun ne ostetaan s\u00e4hk\u00f6skootterin kanssa. Alennus otetaan automaattisesti k\u00e4ytt\u00f6\u00f6n, kun lis\u00e4\u00e4t sen ostoskoriin!<\/strong><\/p>\n<p><strong><strong>Segway Ninebot Max G30 on julkaistu my\u00f6s uudempana versiona - <a href=\"https:\/\/www.t\u00f5uksimaailm.ee\/shop\/segway-ninebot-max-g30e-ii-elektritoukeratas\/\">Ninebot Max G30E II<\/a>.<\/strong><\/strong><\/p>\n<p><em><strong>Toimitusaika: 1-5tp<\/p>\n<p><\/strong><\/em><\/p>\n","protected":false},"featured_media":22010,"template":"","meta":[],"product_brand":[],"product_cat":[926],"product_tag":[],"filter_elektritoukeratas":[],"class_list":{"0":"post-41729","1":"product","2":"type-product","3":"status-publish","4":"has-post-thumbnail","6":"product_cat-sahkopotkulaudat-fi","7":"pa_aku-mahutavus-wh-551-fi","8":"pa_kaal-kg-18-fi","9":"pa_kandevoime-kg-120-fi","10":"pa_labisoit-arvutuslik-km-37-fi","11":"pa_mootorite-arv-uhe-mootoriga-fi","12":"pa_muuja-platvormil-touksimaailm-exocool-ou-fi","13":"pa_piiramata-tippkiirus-kmh-25-fi","14":"pa_tootetuup-elektritoukeratas-fi","15":"pa_valmistaja-segway-fi","16":"pa_voimsus-w-700-fi","18":"first","19":"outofstock","20":"sale","21":"taxable","22":"shipping-taxable","23":"purchasable","24":"product-type-simple"},"yoast_head":"<!-- This site is optimized with the Yoast SEO Premium plugin v26.8 (Yoast SEO v27.5) - https:\/\/yoast.com\/product\/yoast-seo-premium-wordpress\/ -->\n<title>Ninebot Max G30 s\u00e4hk\u00f6potkulauta | T\u00f5uksimaailm | M\u00fc\u00fck<\/title>\n<meta name=\"description\" content=\"Elektriline t\u00f5ukeratas Ninebot G30 Max on kvaliteetne, vastupidav ja veekindel - parim keskklassi Segway elektrit\u00f5ukeratas.\" \/>\n<meta name=\"robots\" content=\"index, follow, max-snippet:-1, max-image-preview:large, max-video-preview:-1\" \/>\n<link rel=\"canonical\" href=\"https:\/\/www.xn--tuksimaailm-ffb.ee\/fi\/shop\/sahkopotkulauta-ninebot-max-g30\/\" \/>\n<meta property=\"og:locale\" content=\"fi_FI\" \/>\n<meta property=\"og:type\" content=\"article\" \/>\n<meta property=\"og:title\" content=\"Ninebot Max G30 s\u00e4hk\u00f6potkulauta\" \/>\n<meta property=\"og:description\" content=\"Elektriline t\u00f5ukeratas Ninebot G30 Max on kvaliteetne, vastupidav ja veekindel - parim keskklassi Segway elektrit\u00f5ukeratas.\" \/>\n<meta property=\"og:url\" content=\"https:\/\/www.xn--tuksimaailm-ffb.ee\/fi\/shop\/sahkopotkulauta-ninebot-max-g30\/\" \/>\n<meta property=\"og:site_name\" content=\"T\u00f5uksimaailm\" \/>\n<meta property=\"article:publisher\" content=\"https:\/\/www.facebook.com\/touksimaailm\/\" \/>\n<meta property=\"article:modified_time\" content=\"2024-11-13T12:54:52+00:00\" \/>\n<meta property=\"og:image\" content=\"https:\/\/www.xn--tuksimaailm-ffb.ee\/wp-content\/uploads\/2020\/03\/ninebot-9.jpg\" \/>\n\t<meta property=\"og:image:width\" content=\"870\" \/>\n\t<meta property=\"og:image:height\" content=\"1108\" \/>\n\t<meta property=\"og:image:type\" content=\"image\/jpeg\" \/>\n<meta name=\"twitter:card\" content=\"summary_large_image\" \/>\n<meta name=\"twitter:label1\" content=\"Hinta\" \/>\n\t<meta name=\"twitter:data1\" content=\"&euro;679.00\" \/>\n\t<meta name=\"twitter:label2\" content=\"Saatavuus\" \/>\n\t<meta name=\"twitter:data2\" content=\"Loppu varastosta\" \/>\n<meta property=\"product:price:amount\" content=\"679.00\" \/>\n<meta property=\"product:price:currency\" content=\"EUR\" \/>\n<meta property=\"og:availability\" content=\"out of stock\" \/>\n<meta property=\"product:availability\" content=\"out of stock\" \/>\n<meta property=\"product:retailer_item_id\" content=\"Ninebot_Max_G30\" \/>\n<meta property=\"product:condition\" content=\"new\" \/>\n<!-- \/ Yoast SEO Premium plugin. -->","yoast_head_json":{"title":"Ninebot Max G30 s\u00e4hk\u00f6potkulauta | T\u00f5uksimaailm | M\u00fc\u00fck","description":"Elektriline t\u00f5ukeratas Ninebot G30 Max on kvaliteetne, vastupidav ja veekindel - parim keskklassi Segway elektrit\u00f5ukeratas.","robots":{"index":"index","follow":"follow","max-snippet":"max-snippet:-1","max-image-preview":"max-image-preview:large","max-video-preview":"max-video-preview:-1"},"canonical":"https:\/\/www.xn--tuksimaailm-ffb.ee\/fi\/shop\/sahkopotkulauta-ninebot-max-g30\/","og_locale":"fi_FI","og_type":"article","og_title":"Ninebot Max G30 s\u00e4hk\u00f6potkulauta","og_description":"Elektriline t\u00f5ukeratas Ninebot G30 Max on kvaliteetne, vastupidav ja veekindel - parim keskklassi Segway elektrit\u00f5ukeratas.","og_url":"https:\/\/www.xn--tuksimaailm-ffb.ee\/fi\/shop\/sahkopotkulauta-ninebot-max-g30\/","og_site_name":"T\u00f5uksimaailm","article_publisher":"https:\/\/www.facebook.com\/touksimaailm\/","article_modified_time":"2024-11-13T12:54:52+00:00","og_image":[{"width":870,"height":1108,"url":"https:\/\/www.xn--tuksimaailm-ffb.ee\/wp-content\/uploads\/2020\/03\/ninebot-9.jpg","type":"image\/jpeg"}],"twitter_card":"summary_large_image","twitter_misc":{"Hinta":"&euro;679.00","Saatavuus":"Loppu varastosta"},"schema":{"@context":"https:\/\/schema.org","@graph":[{"@type":"WebPage","@id":"https:\/\/www.xn--tuksimaailm-ffb.ee\/fi\/shop\/sahkopotkulauta-ninebot-max-g30\/","url":"https:\/\/www.xn--tuksimaailm-ffb.ee\/fi\/shop\/sahkopotkulauta-ninebot-max-g30\/","name":"Ninebot Max G30 s\u00e4hk\u00f6potkulauta | T\u00f5uksimaailm | M\u00fc\u00fck","isPartOf":{"@id":"https:\/\/www.xn--tuksimaailm-ffb.ee\/fi\/#website"},"primaryImageOfPage":{"@id":"https:\/\/www.xn--tuksimaailm-ffb.ee\/fi\/shop\/sahkopotkulauta-ninebot-max-g30\/#primaryimage"},"image":{"@id":"https:\/\/www.xn--tuksimaailm-ffb.ee\/fi\/shop\/sahkopotkulauta-ninebot-max-g30\/#primaryimage"},"thumbnailUrl":"https:\/\/www.xn--tuksimaailm-ffb.ee\/wp-content\/uploads\/2020\/03\/ninebot-9.jpg","datePublished":"2020-03-15T16:38:28+00:00","dateModified":"2024-11-13T12:54:52+00:00","description":"Elektriline t\u00f5ukeratas Ninebot G30 Max on kvaliteetne, vastupidav ja veekindel - parim keskklassi Segway elektrit\u00f5ukeratas.","breadcrumb":{"@id":"https:\/\/www.xn--tuksimaailm-ffb.ee\/fi\/shop\/sahkopotkulauta-ninebot-max-g30\/#breadcrumb"},"inLanguage":"fi","potentialAction":[{"@type":"ReadAction","target":["https:\/\/www.xn--tuksimaailm-ffb.ee\/fi\/shop\/sahkopotkulauta-ninebot-max-g30\/"]}]},{"@type":"ImageObject","inLanguage":"fi","@id":"https:\/\/www.xn--tuksimaailm-ffb.ee\/fi\/shop\/sahkopotkulauta-ninebot-max-g30\/#primaryimage","url":"https:\/\/www.xn--tuksimaailm-ffb.ee\/wp-content\/uploads\/2020\/03\/ninebot-9.jpg","contentUrl":"https:\/\/www.xn--tuksimaailm-ffb.ee\/wp-content\/uploads\/2020\/03\/ninebot-9.jpg","width":870,"height":1108,"caption":"elektriline t\u00f5ukeratas Ninebot G30 Max elektrit\u00f5ukeratas"},{"@type":"BreadcrumbList","@id":"https:\/\/www.xn--tuksimaailm-ffb.ee\/fi\/shop\/sahkopotkulauta-ninebot-max-g30\/#breadcrumb","itemListElement":[{"@type":"ListItem","position":1,"name":"Home","item":"https:\/\/www.xn--tuksimaailm-ffb.ee\/fi\/kotisivu\/"},{"@type":"ListItem","position":2,"name":"Kauppa","item":"https:\/\/www.xn--tuksimaailm-ffb.ee\/elektritoukerataste-pood\/"},{"@type":"ListItem","position":3,"name":"Ninebot Max G30 s\u00e4hk\u00f6potkulauta"}]},{"@type":"WebSite","@id":"https:\/\/www.xn--tuksimaailm-ffb.ee\/fi\/#website","url":"https:\/\/www.xn--tuksimaailm-ffb.ee\/fi\/","name":"T\u00f5uksimaailm","description":"Elektrit\u00f5ukerataste m\u00fc\u00fck, remont ja rent","publisher":{"@id":"https:\/\/www.xn--tuksimaailm-ffb.ee\/fi\/#organization"},"potentialAction":[{"@type":"SearchAction","target":{"@type":"EntryPoint","urlTemplate":"https:\/\/www.xn--tuksimaailm-ffb.ee\/fi\/?s={search_term_string}"},"query-input":{"@type":"PropertyValueSpecification","valueRequired":true,"valueName":"search_term_string"}}],"inLanguage":"fi"},{"@type":"Organization","@id":"https:\/\/www.xn--tuksimaailm-ffb.ee\/fi\/#organization","name":"T\u00f5uksimaailm","url":"https:\/\/www.xn--tuksimaailm-ffb.ee\/fi\/","logo":{"@type":"ImageObject","inLanguage":"fi","@id":"https:\/\/www.xn--tuksimaailm-ffb.ee\/fi\/#\/schema\/logo\/image\/","url":"https:\/\/www.xn--tuksimaailm-ffb.ee\/wp-content\/uploads\/2020\/01\/logoz-e1579792875517.png","contentUrl":"https:\/\/www.xn--tuksimaailm-ffb.ee\/wp-content\/uploads\/2020\/01\/logoz-e1579792875517.png","width":250,"height":250,"caption":"T\u00f5uksimaailm"},"image":{"@id":"https:\/\/www.xn--tuksimaailm-ffb.ee\/fi\/#\/schema\/logo\/image\/"},"sameAs":["https:\/\/www.facebook.com\/touksimaailm\/","https:\/\/www.instagram.com\/touksimaailm_\/","https:\/\/www.youtube.com\/channel\/UC18ml0EKIDLP1xGuQjFzcXQ"]}]},"product_price_amount":"679.00","product_price_currency":"EUR","og_availability":"out of stock","product_availability":"out of stock","product_retailer_item_id":"Ninebot_Max_G30","product_condition":"new"},"jetpack_sharing_enabled":true,"_links":{"self":[{"href":"https:\/\/www.xn--tuksimaailm-ffb.ee\/fi\/wp-json\/wp\/v2\/product\/41729","targetHints":{"allow":["GET"]}}],"collection":[{"href":"https:\/\/www.xn--tuksimaailm-ffb.ee\/fi\/wp-json\/wp\/v2\/product"}],"about":[{"href":"https:\/\/www.xn--tuksimaailm-ffb.ee\/fi\/wp-json\/wp\/v2\/types\/product"}],"wp:featuredmedia":[{"embeddable":true,"href":"https:\/\/www.xn--tuksimaailm-ffb.ee\/fi\/wp-json\/wp\/v2\/media\/22010"}],"wp:attachment":[{"href":"https:\/\/www.xn--tuksimaailm-ffb.ee\/fi\/wp-json\/wp\/v2\/media?parent=41729"}],"wp:term":[{"taxonomy":"product_brand","embeddable":true,"href":"https:\/\/www.xn--tuksimaailm-ffb.ee\/fi\/wp-json\/wp\/v2\/product_brand?post=41729"},{"taxonomy":"product_cat","embeddable":true,"href":"https:\/\/www.xn--tuksimaailm-ffb.ee\/fi\/wp-json\/wp\/v2\/product_cat?post=41729"},{"taxonomy":"product_tag","embeddable":true,"href":"https:\/\/www.xn--tuksimaailm-ffb.ee\/fi\/wp-json\/wp\/v2\/product_tag?post=41729"},{"taxonomy":"filter_elektritoukeratas","embeddable":true,"href":"https:\/\/www.xn--tuksimaailm-ffb.ee\/fi\/wp-json\/wp\/v2\/filter_elektritoukeratas?post=41729"}],"curies":[{"name":"wp","href":"https:\/\/api.w.org\/{rel}","templated":true}]}}