{"id":43163,"date":"2021-12-12T15:31:10","date_gmt":"2021-12-12T15:31:10","guid":{"rendered":"http:\/\/www.xn--tuksimaailm-ffb.ee\/shop\/kaabo-mantis-10-eco-800w-sahkopotkulauta\/"},"modified":"2024-11-12T15:29:46","modified_gmt":"2024-11-12T12:29:46","slug":"kaabo-mantis-10-eco-800w-sahkopotkulauta","status":"publish","type":"product","link":"https:\/\/www.xn--tuksimaailm-ffb.ee\/fi\/shop\/kaabo-mantis-10-eco-800w-sahkopotkulauta\/","title":{"rendered":"Kaabo Mantis 10 ECO 800W s\u00e4hk\u00f6potkulauta"},"content":{"rendered":"<h2 style=\"text-align: center;\">KAABO MANTIS 10 ECO 800W S\u00c4HK\u00d6POTKULAUTA - TUOTEKUVAUS<\/h2>\n<p style=\"caret-color: #000000; color: #000000;\">Kaabo Mantis 10 Eco 800W -s\u00e4hk\u00f6skootteri on Kaabo Mantis 10 -sarjan tehokkain yksimoottorinen s\u00e4hk\u00f6skootteri. Hieman halvempaan\u00a0<a href=\"http:\/\/www.xn--tuksimaailm-ffb.ee\/shop\/kaabo-mantis-10-eco-500w-elektritoukeratas\/\"><strong>Mantis 10 500W<\/strong><\/a>\u00a0-malliin verrattuna t\u00e4ss\u00e4 mallissa on kolmanneksen enemm\u00e4n tehoa (800W) ja akkukapasiteettia (18,2Ah). N\u00e4m\u00e4 ominaisuudet eiv\u00e4t juurikaan lis\u00e4\u00e4 painoa, ja 500W mallin tavoin se on my\u00f6s yksi luokkansa kevyimmist\u00e4, sill\u00e4 se painaa vain<strong>\u00a024,3 kg<\/strong>, ja sit\u00e4 on silti helppo kuljettaa p\u00e4ivitt\u00e4isell\u00e4 matkalla portaita yl\u00f6s ja alas. 10\u201d py\u00f6r\u00e4\/rengas s\u00e4hk\u00f6k\u00e4ytt\u00f6isen rattaan etuna 8\u201d malliin (<a href=\"http:\/\/www.xn--tuksimaailm-ffb.ee\/shop\/kaabo-mantis-8-eco-500w-2wd-elektritoukeratas\/\"><strong>Mantis 8<\/strong><\/a>) n\u00e4hden on l\u00e4hinn\u00e4 parempi vakaus ja mukavuus suurempien py\u00f6rien ansiosta.<\/p>\n<p style=\"caret-color: #000000; color: #000000;\">Mantis 10 Ecol on varustettu jousitetuilla iskunvaimentimilla sek\u00e4 etu- ett\u00e4 takapy\u00f6riss\u00e4, jotka ovat parhaat mahdolliset iskunvaimentimet, kun perimm\u00e4isen\u00e4 tavoitteena on ajomukavuus.Takapy\u00f6r\u00e4\u00e4n k\u00e4tketty BLDC-moottori, jonka nimellisteho\u00a0<strong>on 800 W<\/strong>, antaa s\u00e4hk\u00f6potkulautalle<strong>\u00a025 km\/h<\/strong>\u00a0nopeuden, ja\u00a0<strong>48 V\/18,2 Ah (864 Wh)<\/strong>\u00a0litiumakku auttaa kulkemaan jopa\u00a0<strong>70 km<\/strong>\u00a0yhdell\u00e4 latauksella. Realistinen kilometrim\u00e4\u00e4r\u00e4 riippuu l\u00e4hinn\u00e4 kuljettajan painosta ja ajotyylist\u00e4 ja -vauhdista, joten se on todenn\u00e4k\u00f6isemmin 45-55 km kaupungissa. Kaabo Mantis 10 Eco 800W -s\u00e4hk\u00f6skootteri sopii korkeasta ohjaustangon asennosta johtuen paremmin pidemmille kuljettajille.<\/p>\n<p><iframe title=\"KAABO MANTIS Review - Most comfortable eScooter under 25kg?\" width=\"1082\" height=\"609\" src=\"https:\/\/www.youtube.com\/embed\/vXBL3AwfS2s?start=304&feature=oembed\" frameborder=\"0\" allow=\"accelerometer; autoplay; clipboard-write; encrypted-media; gyroscope; picture-in-picture; web-share\" allowfullscreen><\/iframe><\/p>\n<h2 style=\"text-align: center;\">KAABO MANTIS S\u00c4HK\u00d6POTKULAUTA<\/h2>\n<p style=\"caret-color: #000000; color: #000000;\">Kaabo-br\u00e4ndi on ollut aktiivinen s\u00e4hk\u00f6skootterien maailmassa jo pitk\u00e4\u00e4n, sill\u00e4 se aloitti kehitysty\u00f6n jo vuonna 2013. Vain\u00a0<a href=\"https:\/\/inokim.com\/\"><strong>Inokimilla<\/strong><\/a>\u00a0ja\u00a0<a href=\"https:\/\/minimotorsusa.com\/\"><strong>Minimotorsilla<\/strong><\/a>\u00a0on yht\u00e4 pitk\u00e4 historia n\u00e4ill\u00e4 uusilla markkinoilla. Kaabo on onnistunut hakemaan 25 patenttia teknologioille, joita k\u00e4ytet\u00e4\u00e4n nyky\u00e4\u00e4n laajalti s\u00e4hk\u00f6skootterialalla, ja se on onnistunut myym\u00e4\u00e4n merkkituotteitaan maahantuojien kautta ymp\u00e4ri maailmaa. Kaabo Mantis 10 Eco 800W -s\u00e4hk\u00f6skootteri on varustettu<a><strong>10x2,25<\/strong><\/a><strong>\u00a0tuuman sis\u00e4renkailla.<\/strong>\u00a0Sis\u00e4renkaiden kyyti on hieman pehme\u00e4mpi kuin letkuttomien renkaiden.<\/p>\n<p style=\"caret-color: #000000; color: #000000;\">S\u00e4hk\u00f6skootteri on my\u00f6s varustettu vaahtokumimateriaalista valmistetuilla kahvoilla, jotka est\u00e4v\u00e4t t\u00e4rin\u00e4st\u00e4 johtuvan k\u00e4sien v\u00e4symisen. Kaabo Mantis 8 Eco 800W -s\u00e4hk\u00f6skootterissa on useita eri nopeustiloja - ECO (hidas nopeus) ja Boost (nopea nopeus). Tehokkaan pys\u00e4htymisen varmistamiseksi mahdollisesti vaarallisissa tilanteissa skootteri on varustettu\u00a0<strong>Zoom-levyjarruilla<\/strong>.<\/p>\n<p><img decoding=\"async\" class=\"wp-image-6411 aligncenter\" src=\"https:\/\/www.xn--tuksimaailm-ffb.ee\/wp-content\/uploads\/2021\/12\/mantis-10-500w-2-1-300x153.png\" alt=\"kaabo mantis 10 eco 800w elektrit\u00f5ukeratas elektriline t\u00f5ukeratas\" width=\"898\" height=\"458\" srcset=\"https:\/\/www.xn--tuksimaailm-ffb.ee\/wp-content\/uploads\/2021\/12\/mantis-10-500w-2-1-300x153.png 300w, https:\/\/www.xn--tuksimaailm-ffb.ee\/wp-content\/uploads\/2021\/12\/mantis-10-500w-2-1-768x392.png 768w, https:\/\/www.xn--tuksimaailm-ffb.ee\/wp-content\/uploads\/2021\/12\/mantis-10-500w-2-1-588x300.png 588w, https:\/\/www.xn--tuksimaailm-ffb.ee\/wp-content\/uploads\/2021\/12\/mantis-10-500w-2-1-600x306.png 600w, https:\/\/www.xn--tuksimaailm-ffb.ee\/wp-content\/uploads\/2021\/12\/mantis-10-500w-2-1.png 829w\" sizes=\"(max-width: 898px) 100vw, 898px\" \/><\/p>\n<h2 style=\"text-align: center;\">KAABO MANTIS 10 S\u00c4HK\u00d6POTKULAUTA - SUORITUSKYKY<\/h2>\n<p style=\"caret-color: #000000; color: #000000;\">Kaabo Mantis 10 -s\u00e4hk\u00f6skootterin moottoriteho on 800W. T\u00e4m\u00e4 on l\u00e4hes ihanteellinen kaupunki- ja yleiseen tieliikennek\u00e4ytt\u00f6\u00f6n, sill\u00e4 se on alle 1 kilowatin (1000W), joka on Viron liikennelain mukainen s\u00e4hk\u00f6potkulaudoille ja muille kevyille s\u00e4hk\u00f6potkulaudoille sallittu enimm\u00e4isteho. S\u00e4hk\u00f6potkulauta voi saavuttaa lain mukaan\u00a0<strong>25km\/h<\/strong>suunnittelunopeuden my\u00f6s yl\u00e4m\u00e4ess\u00e4 jyrkemmiss\u00e4 rinteiss\u00e4. Kaabo Mantis 10 Eco 800W -s\u00e4hk\u00f6potkulauta, jossa on yksi moottori, pystyy k\u00e4sittelem\u00e4\u00e4n enint\u00e4\u00e4n 25%:n kaltevuutta. Kun s\u00e4hk\u00f6potkulautaa k\u00e4ytet\u00e4\u00e4n maastoajoneuvona maasto-olosuhteissa tai yksityisell\u00e4 maalla, s\u00e4hk\u00f6potkulautan muunnettu virityksen j\u00e4lkeinen nopeus on jopa\u00a0<strong>25 km\/h<\/strong>.<\/p>\n<p style=\"caret-color: #000000; color: #000000;\">Valmistajan ilmoittama maksimipaino alumiinirunkoiselle, varusteilla varustetulle py\u00f6r\u00e4lle on\u00a0<strong>120 kg<\/strong>. Suosittelemme, ett\u00e4 t\u00e4t\u00e4 rajaa ei ylitet\u00e4, sill\u00e4 muutoin s\u00e4hk\u00f6potkulautan rakenne saattaa antaa periksi ajettaessa suuremmasta rei\u00e4st\u00e4. T\u00e4m\u00e4n suuruisten vaurioiden korjaaminen voi tulla varsin kalliiksi. S\u00e4hk\u00f6potkulauta on varustettu\u00a0<strong>48V\/18200mAh (874Wh)<\/strong>\u00a0Li-Ion-akulla. Akun lataaminen 0-100%:sta kest\u00e4\u00e4 noin<strong>\u00a09 tuntia\u00a0<\/strong>(54,6V\/2A laturilla). Kaabo Mantis 10 Eco 800W s\u00e4hk\u00f6potkulauta on nopea s\u00e4hk\u00f6potkulauta, joka pystyy kehitt\u00e4m\u00e4\u00e4n suurempia nopeuksia kuin ihminen voi saavuttaa juostessaan. Siksi kaatuminen tai onnettomuus kanssakulkijoiden kanssa on mahdollisesti eritt\u00e4in vaarallista. Siksi suosittelemme kyp\u00e4r\u00e4n k\u00e4ytt\u00e4mist\u00e4 aina. Alle 16-vuotiaiden s\u00e4hk\u00f6skootterin kuljettajien kyp\u00e4r\u00e4n k\u00e4ytt\u00f6 ajon aikana on\u00a0<a href=\"https:\/\/www.riigiteataja.ee\/akt\/113112020001\">lain<\/a>\u00a0mukaan pakollista. Kaikki Kaabo-s\u00e4hk\u00f6skootterit l\u00f6yd\u00e4t\u00a0<a href=\"http:\/\/www.xn--tuksimaailm-ffb.ee\/tootekategooria\/elektritoukeratas\/\"><strong>t\u00e4\u00e4lt\u00e4<\/strong><\/a>.<\/p>\n<p>\u00a0<\/p>\n<p style=\"caret-color: #000000; color: #000000;\"><strong>Kaabo Mantis 10 ECO 800W -s\u00e4hk\u00f6skootteri on Viron liikennelain mukainen katulaillinen kevytskootteri, jonka valmistajan teho on 800W ja valmistajan nopeus 25km\/h.<\/strong>\u00a0<strong>HUOM: Jos k\u00e4ytt\u00e4j\u00e4 on itsen\u00e4isesti muuttanut s\u00e4hk\u00f6potkulautaa nopeammaksi tai tehokkaammaksi kuin edell\u00e4 mainitut parametrit, T\u00f5uksimaailm ei ole vastuussa lain rikkomisesta aiheutuvista sakoista, s\u00e4hk\u00f6potkulautan takavarikoimisesta poliisin toimesta tai mist\u00e4\u00e4n muustakaan rikkomisesta aiheutuneesta vahingosta.<\/strong><\/p>\n<p>Tekniset tiedot:<\/p>\n<p>Tuotaja: Kaabo <br \/>Malli: Mantis 10 ECO 800W<br \/>Akku: 48V\/18,2 Ah<br \/>Akun kapasiteeti: 873,6 Wh<br \/>Akkutyyppi: Li-Ion<br \/>Latausaika: jopa 9 h<br \/>Moottorin teho: 800 W<br \/>Ajomatka: jopa 70 km<br \/>Arvoitu ajomatka: 58km (25km\/h, 70kg kuljettaja, 15Wh\/km)<br \/>Etujarru: mekaaninen levyjarru<br \/>Takajarru: Mekaaninen levyjarru + s\u00e4hk\u00f6moottorijarru EABS<br \/>Painorajoitus: 120 kg<br \/>Valmistusnopeus: 25 km\/h<br \/>Laturi mukaan: kyll\u00e4<br \/>Paino: 24.3 kg<br \/>Moottorisoitu py\u00f6r\u00e4: taka<br \/>Rengaskoko: 10*2,25 \"<br \/>Jousitus: jousi iskunvaimennin edess\u00e4 ja takana<br \/>Rengastyypi: ilmarengas<br \/>Tien enim\u00e4iskaltevuus:&lt;25%<\/p>\n","protected":false},"excerpt":{"rendered":"<p><a href=\"http:\/\/www.xn--tuksimaailm-ffb.ee\/kontakt\/\"><strong>L\u00f6ysitk\u00f6 paremman hinnan? Kirjoita meille, niin teemme sinulle paremman tarjouksen!<\/strong><\/a><\/p>\n<p><strong>Kaikki\u00a0<a href=\"http:\/\/www.xn--tuksimaailm-ffb.ee\/tootekategooria\/lisavarustus\/\">lis\u00e4varusteet<\/a>\u00a0ja\u00a0<a href=\"https:\/\/www.xn\u2014tuksimaailm-ffb.ee\/tootekategooria\/elektritoukeratta-varuosad\/\">varaosat<\/a> ovat\u00a0-20%, kun ne ostetaan s\u00e4hk\u00f6skootterin kanssa. Alennus otetaan automaattisesti k\u00e4ytt\u00f6\u00f6n, kun lis\u00e4\u00e4t sen ostoskoriin!<\/strong><\/p>\n<p><em><strong>Toimitusaika: 1-5tp<\/p>\n<p><\/strong><\/em><\/p>\n","protected":false},"featured_media":25062,"template":"","meta":[],"product_brand":[],"product_cat":[926],"product_tag":[],"filter_elektritoukeratas":[],"class_list":{"0":"post-43163","1":"product","2":"type-product","3":"status-publish","4":"has-post-thumbnail","6":"product_cat-sahkopotkulaudat-fi","7":"product_shipping_class-keskmine-pakk-fi","8":"pa_aku-mahutavus-wh-874-fi","9":"pa_kaal-kg-24-fi","10":"pa_kandevoime-kg-120-fi","11":"pa_labisoit-arvutuslik-km-58-fi","12":"pa_mootorite-arv-uhe-mootoriga-fi","13":"pa_muuja-platvormil-touksimaailm-exocool-ou-fi","14":"pa_piiramata-tippkiirus-kmh-25-fi","15":"pa_tootetuup-elektritoukeratas-fi","16":"pa_valmistaja-kaabo-fi","17":"pa_voimsus-w-800-fi","19":"first","20":"instock","21":"taxable","22":"shipping-taxable","23":"purchasable","24":"product-type-simple"},"yoast_head":"<!-- This site is optimized with the Yoast SEO Premium plugin v26.8 (Yoast SEO v27.5) - https:\/\/yoast.com\/product\/yoast-seo-premium-wordpress\/ -->\n<title>Kaabo Mantis 10 ECO 800W s\u00e4hk\u00f6potkulauta | T\u00f5uksimaailm<\/title>\n<meta name=\"description\" content=\"Kaabo Mantis 10 ECO 800W elektriline t\u00f5ukeratas. Suurte ratastega, amortidega, mugav tagaveoline 800W mootoriga elektrit\u00f5ukeratas. Kaabo elektrit\u00f5ukerattad.\" \/>\n<meta name=\"robots\" content=\"index, follow, max-snippet:-1, max-image-preview:large, max-video-preview:-1\" \/>\n<link rel=\"canonical\" href=\"https:\/\/www.xn--tuksimaailm-ffb.ee\/fi\/shop\/kaabo-mantis-10-eco-800w-sahkopotkulauta\/\" \/>\n<meta property=\"og:locale\" content=\"fi_FI\" \/>\n<meta property=\"og:type\" content=\"article\" \/>\n<meta property=\"og:title\" content=\"Kaabo Mantis 10 ECO 800W s\u00e4hk\u00f6potkulauta\" \/>\n<meta property=\"og:description\" content=\"Kaabo Mantis 10 ECO 800W elektriline t\u00f5ukeratas. Suurte ratastega, amortidega, mugav tagaveoline 800W mootoriga elektrit\u00f5ukeratas. Kaabo elektrit\u00f5ukerattad.\" \/>\n<meta property=\"og:url\" content=\"https:\/\/www.xn--tuksimaailm-ffb.ee\/fi\/shop\/kaabo-mantis-10-eco-800w-sahkopotkulauta\/\" \/>\n<meta property=\"og:site_name\" content=\"T\u00f5uksimaailm\" \/>\n<meta property=\"article:publisher\" content=\"https:\/\/www.facebook.com\/touksimaailm\/\" \/>\n<meta property=\"article:modified_time\" content=\"2024-11-12T12:29:46+00:00\" \/>\n<meta property=\"og:image\" content=\"https:\/\/www.xn--tuksimaailm-ffb.ee\/wp-content\/uploads\/2021\/12\/mantis-10-eco-1.jpg\" \/>\n\t<meta property=\"og:image:width\" content=\"560\" \/>\n\t<meta property=\"og:image:height\" content=\"545\" \/>\n\t<meta property=\"og:image:type\" content=\"image\/jpeg\" \/>\n<meta name=\"twitter:card\" content=\"summary_large_image\" \/>\n<meta name=\"twitter:label1\" content=\"Hinta\" \/>\n\t<meta name=\"twitter:data1\" content=\"&euro;1,270.00\" \/>\n\t<meta name=\"twitter:label2\" content=\"Saatavuus\" \/>\n\t<meta name=\"twitter:data2\" content=\"Varastossa\" \/>\n<meta property=\"product:price:amount\" content=\"1270.00\" \/>\n<meta property=\"product:price:currency\" content=\"EUR\" \/>\n<meta property=\"og:availability\" content=\"instock\" \/>\n<meta property=\"product:availability\" content=\"instock\" \/>\n<meta property=\"product:retailer_item_id\" content=\"Mantis_10_Eco\" \/>\n<meta property=\"product:condition\" content=\"new\" \/>\n<!-- \/ Yoast SEO Premium plugin. -->","yoast_head_json":{"title":"Kaabo Mantis 10 ECO 800W s\u00e4hk\u00f6potkulauta | T\u00f5uksimaailm","description":"Kaabo Mantis 10 ECO 800W elektriline t\u00f5ukeratas. Suurte ratastega, amortidega, mugav tagaveoline 800W mootoriga elektrit\u00f5ukeratas. Kaabo elektrit\u00f5ukerattad.","robots":{"index":"index","follow":"follow","max-snippet":"max-snippet:-1","max-image-preview":"max-image-preview:large","max-video-preview":"max-video-preview:-1"},"canonical":"https:\/\/www.xn--tuksimaailm-ffb.ee\/fi\/shop\/kaabo-mantis-10-eco-800w-sahkopotkulauta\/","og_locale":"fi_FI","og_type":"article","og_title":"Kaabo Mantis 10 ECO 800W s\u00e4hk\u00f6potkulauta","og_description":"Kaabo Mantis 10 ECO 800W elektriline t\u00f5ukeratas. Suurte ratastega, amortidega, mugav tagaveoline 800W mootoriga elektrit\u00f5ukeratas. Kaabo elektrit\u00f5ukerattad.","og_url":"https:\/\/www.xn--tuksimaailm-ffb.ee\/fi\/shop\/kaabo-mantis-10-eco-800w-sahkopotkulauta\/","og_site_name":"T\u00f5uksimaailm","article_publisher":"https:\/\/www.facebook.com\/touksimaailm\/","article_modified_time":"2024-11-12T12:29:46+00:00","og_image":[{"width":560,"height":545,"url":"https:\/\/www.xn--tuksimaailm-ffb.ee\/wp-content\/uploads\/2021\/12\/mantis-10-eco-1.jpg","type":"image\/jpeg"}],"twitter_card":"summary_large_image","twitter_misc":{"Hinta":"&euro;1,270.00","Saatavuus":"Varastossa"},"schema":{"@context":"https:\/\/schema.org","@graph":[{"@type":"WebPage","@id":"https:\/\/www.xn--tuksimaailm-ffb.ee\/fi\/shop\/kaabo-mantis-10-eco-800w-sahkopotkulauta\/","url":"https:\/\/www.xn--tuksimaailm-ffb.ee\/fi\/shop\/kaabo-mantis-10-eco-800w-sahkopotkulauta\/","name":"Kaabo Mantis 10 ECO 800W s\u00e4hk\u00f6potkulauta | T\u00f5uksimaailm","isPartOf":{"@id":"https:\/\/www.xn--tuksimaailm-ffb.ee\/fi\/#website"},"primaryImageOfPage":{"@id":"https:\/\/www.xn--tuksimaailm-ffb.ee\/fi\/shop\/kaabo-mantis-10-eco-800w-sahkopotkulauta\/#primaryimage"},"image":{"@id":"https:\/\/www.xn--tuksimaailm-ffb.ee\/fi\/shop\/kaabo-mantis-10-eco-800w-sahkopotkulauta\/#primaryimage"},"thumbnailUrl":"https:\/\/www.xn--tuksimaailm-ffb.ee\/wp-content\/uploads\/2021\/12\/mantis-10-eco-1.jpg","datePublished":"2021-12-12T15:31:10+00:00","dateModified":"2024-11-12T12:29:46+00:00","description":"Kaabo Mantis 10 ECO 800W elektriline t\u00f5ukeratas. Suurte ratastega, amortidega, mugav tagaveoline 800W mootoriga elektrit\u00f5ukeratas. Kaabo elektrit\u00f5ukerattad.","breadcrumb":{"@id":"https:\/\/www.xn--tuksimaailm-ffb.ee\/fi\/shop\/kaabo-mantis-10-eco-800w-sahkopotkulauta\/#breadcrumb"},"inLanguage":"fi","potentialAction":[{"@type":"ReadAction","target":["https:\/\/www.xn--tuksimaailm-ffb.ee\/fi\/shop\/kaabo-mantis-10-eco-800w-sahkopotkulauta\/"]}]},{"@type":"ImageObject","inLanguage":"fi","@id":"https:\/\/www.xn--tuksimaailm-ffb.ee\/fi\/shop\/kaabo-mantis-10-eco-800w-sahkopotkulauta\/#primaryimage","url":"https:\/\/www.xn--tuksimaailm-ffb.ee\/wp-content\/uploads\/2021\/12\/mantis-10-eco-1.jpg","contentUrl":"https:\/\/www.xn--tuksimaailm-ffb.ee\/wp-content\/uploads\/2021\/12\/mantis-10-eco-1.jpg","width":560,"height":545,"caption":"kaabo mantis 10 eco 800w elektrit\u00f5ukeratas 5"},{"@type":"BreadcrumbList","@id":"https:\/\/www.xn--tuksimaailm-ffb.ee\/fi\/shop\/kaabo-mantis-10-eco-800w-sahkopotkulauta\/#breadcrumb","itemListElement":[{"@type":"ListItem","position":1,"name":"Home","item":"https:\/\/www.xn--tuksimaailm-ffb.ee\/fi\/kotisivu\/"},{"@type":"ListItem","position":2,"name":"Kauppa","item":"https:\/\/www.xn--tuksimaailm-ffb.ee\/elektritoukerataste-pood\/"},{"@type":"ListItem","position":3,"name":"Kaabo Mantis 10 ECO 800W s\u00e4hk\u00f6potkulauta"}]},{"@type":"WebSite","@id":"https:\/\/www.xn--tuksimaailm-ffb.ee\/fi\/#website","url":"https:\/\/www.xn--tuksimaailm-ffb.ee\/fi\/","name":"T\u00f5uksimaailm","description":"Elektrit\u00f5ukerataste m\u00fc\u00fck, remont ja rent","publisher":{"@id":"https:\/\/www.xn--tuksimaailm-ffb.ee\/fi\/#organization"},"potentialAction":[{"@type":"SearchAction","target":{"@type":"EntryPoint","urlTemplate":"https:\/\/www.xn--tuksimaailm-ffb.ee\/fi\/?s={search_term_string}"},"query-input":{"@type":"PropertyValueSpecification","valueRequired":true,"valueName":"search_term_string"}}],"inLanguage":"fi"},{"@type":"Organization","@id":"https:\/\/www.xn--tuksimaailm-ffb.ee\/fi\/#organization","name":"T\u00f5uksimaailm","url":"https:\/\/www.xn--tuksimaailm-ffb.ee\/fi\/","logo":{"@type":"ImageObject","inLanguage":"fi","@id":"https:\/\/www.xn--tuksimaailm-ffb.ee\/fi\/#\/schema\/logo\/image\/","url":"https:\/\/www.xn--tuksimaailm-ffb.ee\/wp-content\/uploads\/2020\/01\/logoz-e1579792875517.png","contentUrl":"https:\/\/www.xn--tuksimaailm-ffb.ee\/wp-content\/uploads\/2020\/01\/logoz-e1579792875517.png","width":250,"height":250,"caption":"T\u00f5uksimaailm"},"image":{"@id":"https:\/\/www.xn--tuksimaailm-ffb.ee\/fi\/#\/schema\/logo\/image\/"},"sameAs":["https:\/\/www.facebook.com\/touksimaailm\/","https:\/\/www.instagram.com\/touksimaailm_\/","https:\/\/www.youtube.com\/channel\/UC18ml0EKIDLP1xGuQjFzcXQ"]}]},"product_price_amount":"1270.00","product_price_currency":"EUR","og_availability":"instock","product_availability":"instock","product_retailer_item_id":"Mantis_10_Eco","product_condition":"new"},"jetpack_sharing_enabled":true,"_links":{"self":[{"href":"https:\/\/www.xn--tuksimaailm-ffb.ee\/fi\/wp-json\/wp\/v2\/product\/43163","targetHints":{"allow":["GET"]}}],"collection":[{"href":"https:\/\/www.xn--tuksimaailm-ffb.ee\/fi\/wp-json\/wp\/v2\/product"}],"about":[{"href":"https:\/\/www.xn--tuksimaailm-ffb.ee\/fi\/wp-json\/wp\/v2\/types\/product"}],"wp:featuredmedia":[{"embeddable":true,"href":"https:\/\/www.xn--tuksimaailm-ffb.ee\/fi\/wp-json\/wp\/v2\/media\/25062"}],"wp:attachment":[{"href":"https:\/\/www.xn--tuksimaailm-ffb.ee\/fi\/wp-json\/wp\/v2\/media?parent=43163"}],"wp:term":[{"taxonomy":"product_brand","embeddable":true,"href":"https:\/\/www.xn--tuksimaailm-ffb.ee\/fi\/wp-json\/wp\/v2\/product_brand?post=43163"},{"taxonomy":"product_cat","embeddable":true,"href":"https:\/\/www.xn--tuksimaailm-ffb.ee\/fi\/wp-json\/wp\/v2\/product_cat?post=43163"},{"taxonomy":"product_tag","embeddable":true,"href":"https:\/\/www.xn--tuksimaailm-ffb.ee\/fi\/wp-json\/wp\/v2\/product_tag?post=43163"},{"taxonomy":"filter_elektritoukeratas","embeddable":true,"href":"https:\/\/www.xn--tuksimaailm-ffb.ee\/fi\/wp-json\/wp\/v2\/filter_elektritoukeratas?post=43163"}],"curies":[{"name":"wp","href":"https:\/\/api.w.org\/{rel}","templated":true}]}}