{"id":43164,"date":"2021-11-06T18:14:53","date_gmt":"2021-11-06T15:14:53","guid":{"rendered":"http:\/\/www.xn--tuksimaailm-ffb.ee\/shop\/nanrobot-d4-3-0-sahkopotkulauta\/"},"modified":"2021-11-06T18:14:53","modified_gmt":"2021-11-06T15:14:53","slug":"nanrobot-d4-3-0-sahkopotkulauta","status":"publish","type":"product","link":"https:\/\/www.xn--tuksimaailm-ffb.ee\/fi\/shop\/nanrobot-d4-3-0-sahkopotkulauta\/","title":{"rendered":"Nanrobot D4+ 3.0 s\u00e4hk\u00f6potkulauta"},"content":{"rendered":"<h2 style=\"text-align: center;\">NANROBOT D4+ 3.0 ELEKTRIT\u00d5UKERATAS - TOOTEKIRJELDUS<\/h2>\n<p>Nanrobot D4+ 3.0 on v\u00e4ga v\u00f5imas ja kiire elektrit\u00f5ukeratas, mille j\u00f5uallikaks on kaks 500W elektrimootorit, andes elektrit\u00f5ukeratta koguv\u00f5imsuseks 1000W. See t\u00e4hendab, et see elektriline t\u00f5ukeratas on \u00fcks turu <strong>parimaid v\u00f5imsuse \/ kiiruse ja hinna suhtega elektrit\u00f5ukerattaid!<\/strong> Teise generatsiooni D4+ 2.0 on olnud v\u00e4ga \u00f5nnestunud elektriline t\u00f5ukeratas ning D4+ 3.0 on selle elektrit\u00f5ukeratta edasi arendatud versioon. K\u00f5ige suurem vahe nende kahe versiooni vahel on vedrustus - D4+ 3.0 on varustatud C t\u00fc\u00fcpi vedruamortidega, mis tagavad vedrustuse t\u00f5husa toimimise ka raskemate s\u00f5itjate jaoks. Samuti on suur edasiminek ka h\u00fcdraulilised ketaspidurid, mis tagavad parima pidurdusv\u00f5imekuse ja tunnetuse.<\/p>\n<p><iframe title=\"NANROBOT D4+ 3.0 Review - Watch Before You Buy It \ud83d\ude2e\" width=\"1082\" height=\"609\" src=\"https:\/\/www.youtube.com\/embed\/2y7ecgpuGeo?feature=oembed\" frameborder=\"0\" allow=\"accelerometer; autoplay; clipboard-write; encrypted-media; gyroscope; picture-in-picture; web-share\" allowfullscreen><\/iframe><\/p>\n<h2 style=\"text-align: center;\">TEHNILINE KIRJELDUS<\/h2>\n<p>Elektrit\u00f5ukeratta t\u00e4is akuga on maksimaalne kiirus kuni 25km\/h, mis oleneb ka s\u00f5itja kaalust ja pikkusest. Elektrit\u00f5ukeratas on varustatud v\u00f5imsa ja v\u00e4ga vastupidava 52V 23Ah <a href=\"https:\/\/et.wikipedia.org\/wiki\/Liitiumioonaku\">liitiumakuga<\/a>. Elektrit\u00f5ukerattal on kaks laadimisporti, mis v\u00f5imaldavad aku t\u00e4is laadida 5-6 tunniga (kahe laadijaga). T\u00e4nu 10-tollistele maastikurehvidele ja t\u00e4iustatud amortisaatoritele saate erinevatel teedel ja maastikul s\u00f5ita turvaliselt ka suurematel kiirustel. D4+ 3.0 on ka eriti lihtsasti kasutatav kokku voltimise mehhanism, mis muudab elektrit\u00f5ukeratta kaasas kantavaks v\u00e4hem kui minutiga! Elektrit\u00f5ukerattaga s\u00f5ites soovitame kindlasti kanda <a href=\"http:\/\/www.xn--tuksimaailm-ffb.ee\/tootesilt\/elektritoukeratta-kiivrid\/\">kiivrit<\/a>.<\/p>\n<p>Saduliste ei kuulu komplekti ning on v\u00f5imalik eraldi <a href=\"https:\/\/www.t\u00f5uksimaailm.ee\/shop\/sadul-elekteritoukerattale-nanrobot\/\">juurde osta.<\/a>\u00a0<\/p>\n<p><strong style=\"box-sizing: inherit; margin: 0px; padding: 0px; border: 0px; font-variant-numeric: inherit; font-variant-east-asian: inherit; font-stretch: inherit; font-size: 17px; line-height: inherit;\">Nanrobot D4+ 3.0 elektrit\u00f5ukeratas on Eesti liiklusseaduse j\u00e4rgi t\u00e4navalegaalne kergliikur valmistajav\u00f5imsusega 1000W ning valmistajakiirusega 25km\/h. NB! Kui kasutaja on iseseisvalt elektrit\u00f5ukeratast modifitseerinud eelpool toodud parameetritest kiiremaks v\u00f5i v\u00f5imsamaks, siis T\u00f5uksimaailm ei vastuta seaduse rikkumise eest saadud trahvide, politsei poolt elektrilise t\u00f5ukeratta konfiskeerimise eest v\u00f5i muud t\u00fc\u00fcpi rikkumistega p\u00f5hjustatud kahju eest.<\/strong><\/p>\n<table class=\"tg\" style=\"border-collapse: collapse; max-width: 600px; border-spacing: 0; margin: 0px auto;\">\n<tbody>\n<tr>\n<td style=\"background-color: #e4e1e1; color: #333333; font-family: inherit; font-size: 14px; font-weight: bold; overflow: hidden; padding: 5px 5px; text-align: center; vertical-align: top; word-break: normal; border: 1px solid;\" colspan=\"2\">Tehnilised andmed<\/td>\n<\/tr>\n<tr>\n<td style=\"background-color: #e4e1e1; color: #333333; font-family: inherit; font-size: 14px; font-weight: bold; overflow: hidden; padding: 5px 5px; text-align: right; vertical-align: top; word-break: normal; border: 1px solid;\">L\u00e4bis\u00f5it \u00fche laadimisega (tootja spetsifikatsioon) <br \/>L\u00e4bis\u00f5it \u00fche laadimisega arvutuslik<\/td>\n<td style=\"font-family: inherit; font-size: 14px; overflow: hidden; padding: 5px 5px; text-align: center; vertical-align: top; word-break: normal; border: 1px solid;\">55-65km <br \/>81km (25km\/h, 70kg s\u00f5itja, 15Wh\/km)<\/td>\n<\/tr>\n<tr>\n<td style=\"background-color: #e4e1e1; color: #333333; font-family: inherit; font-size: 14px; font-weight: bold; overflow: hidden; padding: 5px 5px; text-align: right; vertical-align: top; word-break: normal; border: 1px solid;\">Mootorite v\u00f5imsus<\/td>\n<td style=\"font-family: inherit; font-size: 14px; overflow: hidden; padding: 5px 5px; text-align: center; vertical-align: top; word-break: normal; border: 1px solid;\">valmistajav\u00f5imsus 1000W<\/td>\n<\/tr>\n<tr>\n<td style=\"background-color: #e4e1e1; color: #333333; font-family: inherit; font-size: 14px; font-weight: bold; overflow: hidden; padding: 5px 5px; text-align: right; vertical-align: top; word-break: normal; border: 1px solid;\">Kiirus<\/td>\n<td style=\"font-family: inherit; font-size: 14px; overflow: hidden; padding: 5px 5px; text-align: center; vertical-align: top; word-break: normal; border: 1px solid;\">valmistajakiirus 25km\/h<\/td>\n<\/tr>\n<tr>\n<td style=\"background-color: #e4e1e1; color: #333333; font-family: inherit; font-size: 14px; font-weight: bold; overflow: hidden; padding: 5px 5px; text-align: right; vertical-align: top; word-break: normal; border: 1px solid;\">Aku<\/td>\n<td style=\"font-family: inherit; font-size: 14px; overflow: hidden; padding: 5px 5px; text-align: center; vertical-align: top; word-break: normal; border: 1px solid;\">Li-Ion 52V \/ 23.4Ah \/ 1217Wh<\/td>\n<\/tr>\n<tr>\n<td style=\"background-color: #e4e1e1; color: #333333; font-family: inherit; font-size: 14px; font-weight: bold; overflow: hidden; padding: 5px 5px; text-align: right; vertical-align: top; word-break: normal; border: 1px solid;\">Rehvid<\/td>\n<td style=\"font-family: inherit; font-size: 14px; overflow: hidden; padding: 5px 5px; text-align: center; vertical-align: top; word-break: normal; border: 1px solid;\">10 tollised \u00f5hkrehvid<\/td>\n<\/tr>\n<tr>\n<td style=\"background-color: #e4e1e1; color: #333333; font-family: inherit; font-size: 14px; font-weight: bold; overflow: hidden; padding: 5px 5px; text-align: right; vertical-align: top; word-break: normal; border: 1px solid;\">Pidurid<\/td>\n<td style=\"font-family: inherit; font-size: 14px; overflow: hidden; padding: 5px 5px; text-align: center; vertical-align: top; word-break: normal; border: 1px solid;\">H\u00fcdraulilised ketaspidurid<\/td>\n<\/tr>\n<tr>\n<td style=\"background-color: #e4e1e1; color: #333333; font-family: inherit; font-size: 14px; font-weight: bold; overflow: hidden; padding: 5px 5px; text-align: right; vertical-align: top; word-break: normal; border: 1px solid;\">Laadimisaeg<\/td>\n<td style=\"font-family: inherit; font-size: 14px; overflow: hidden; padding: 5px 5px; text-align: center; vertical-align: top; word-break: normal; border: 1px solid;\">5-6h kahe laadijaga, 10-12h \u00fche laadijaga<\/td>\n<\/tr>\n<tr>\n<td style=\"background-color: #e4e1e1; color: #333333; font-family: inherit; font-size: 14px; font-weight: bold; overflow: hidden; padding: 5px 5px; text-align: right; vertical-align: top; word-break: normal; border: 1px solid;\">Kandev\u00f5ime<\/td>\n<td style=\"font-family: inherit; font-size: 14px; overflow: hidden; padding: 5px 5px; text-align: center; vertical-align: top; word-break: normal; border: 1px solid;\">120kg<\/td>\n<\/tr>\n<tr>\n<td style=\"background-color: #e4e1e1; color: #333333; font-family: inherit; font-size: 14px; font-weight: bold; overflow: hidden; padding: 5px 5px; text-align: right; vertical-align: top; word-break: normal; border: 1px solid;\">M\u00f5\u00f5tmed<\/td>\n<td style=\"font-family: inherit; font-size: 14px; overflow: hidden; padding: 5px 5px; text-align: center; vertical-align: top; word-break: normal; border: 1px solid;\">132*125*63cm<\/td>\n<\/tr>\n<tr>\n<td style=\"background-color: #e4e1e1; color: #333333; font-family: inherit; font-size: 14px; font-weight: bold; overflow: hidden; padding: 5px 5px; text-align: right; vertical-align: top; word-break: normal; border: 1px solid;\">Kaal<\/td>\n<td style=\"font-family: inherit; font-size: 14px; overflow: hidden; padding: 5px 5px; text-align: center; vertical-align: top; word-break: normal; border: 1px solid;\">32kg<\/td>\n<\/tr>\n<\/tbody>\n<\/table>\n","protected":false},"excerpt":{"rendered":"<p><a href=\"http:\/\/www.xn--tuksimaailm-ffb.ee\/kontakt\/\"><strong>L\u00f6ysitk\u00f6 paremman hinnan? Kirjoita meille, niin teemme sinulle paremman tarjouksen!<\/strong><\/a><\/p>\n<p><strong>Kaikki\u00a0<a href=\"http:\/\/www.xn--tuksimaailm-ffb.ee\/tootekategooria\/lisavarustus\/\">lis\u00e4varusteet<\/a>\u00a0ja\u00a0<a href=\"https:\/\/www.xn\u2014tuksimaailm-ffb.ee\/tootekategooria\/elektritoukeratta-varuosad\/\">varaosat<\/a> ovat\u00a0-20%, kun ne ostetaan s\u00e4hk\u00f6skootterin kanssa. Alennus otetaan automaattisesti k\u00e4ytt\u00f6\u00f6n, kun lis\u00e4\u00e4t sen ostoskoriin!<\/strong><\/p>\n<p><em><strong>Toimitusaika: 2-7tp<\/p>\n<p><\/strong><\/em><\/p>\n","protected":false},"featured_media":23488,"template":"","meta":[],"product_brand":[],"product_cat":[926],"product_tag":[],"filter_elektritoukeratas":[],"class_list":{"0":"post-43164","1":"product","2":"type-product","3":"status-publish","4":"has-post-thumbnail","6":"product_cat-sahkopotkulaudat-fi","7":"product_shipping_class-keskmine-pakk-fi","8":"pa_aku-mahutavus-wh-1217-fi","9":"pa_colour-punainen","10":"pa_colour-sininen","11":"pa_kaal-kg-32-fi","12":"pa_kandevoime-kg-120-fi","13":"pa_labisoit-arvutuslik-km-81-fi","14":"pa_mootorite-arv-kahdella-moottorilla","15":"pa_muuja-platvormil-nrbt-ou-fi","16":"pa_piiramata-tippkiirus-kmh-25-fi","17":"pa_tootetuup-elektritoukeratas-fi","18":"pa_valmistaja-nanrobot-fi","19":"pa_voimsus-w-1000-fi","21":"first","22":"outofstock","23":"taxable","24":"shipping-taxable","25":"purchasable","26":"product-type-variable"},"yoast_head":"<!-- This site is optimized with the Yoast SEO Premium plugin v26.8 (Yoast SEO v27.5) - https:\/\/yoast.com\/product\/yoast-seo-premium-wordpress\/ -->\n<title>Nanrobot D4+ 3.0 s\u00e4hk\u00f6potkulauta | T\u00f5uksimaailm<\/title>\n<meta name=\"description\" content=\"Nanrobot D4+ 3.0 elektrit\u00f5ukeratas. Parim v\u00f5imsuse ja hinna suhtega elektrit\u00f5ukeratas, 1000W mootoritega elektriline t\u00f5ukeratas. Nanrobot elektrit\u00f5ukerattad\" \/>\n<meta name=\"robots\" content=\"index, follow, max-snippet:-1, max-image-preview:large, max-video-preview:-1\" \/>\n<link rel=\"canonical\" href=\"https:\/\/www.xn--tuksimaailm-ffb.ee\/fi\/shop\/nanrobot-d4-3-0-sahkopotkulauta\/\" \/>\n<meta property=\"og:locale\" content=\"fi_FI\" \/>\n<meta property=\"og:type\" content=\"article\" \/>\n<meta property=\"og:title\" content=\"Nanrobot D4+ 3.0 s\u00e4hk\u00f6potkulauta\" \/>\n<meta property=\"og:description\" content=\"Nanrobot D4+ 3.0 elektrit\u00f5ukeratas. Parim v\u00f5imsuse ja hinna suhtega elektrit\u00f5ukeratas, 1000W mootoritega elektriline t\u00f5ukeratas. Nanrobot elektrit\u00f5ukerattad\" \/>\n<meta property=\"og:url\" content=\"https:\/\/www.xn--tuksimaailm-ffb.ee\/fi\/shop\/nanrobot-d4-3-0-sahkopotkulauta\/\" \/>\n<meta property=\"og:site_name\" content=\"T\u00f5uksimaailm\" \/>\n<meta property=\"article:publisher\" content=\"https:\/\/www.facebook.com\/touksimaailm\/\" \/>\n<meta property=\"og:image\" content=\"https:\/\/www.xn--tuksimaailm-ffb.ee\/wp-content\/uploads\/2021\/11\/NANROBOT-D4_-3.0-red.png\" \/>\n\t<meta property=\"og:image:width\" content=\"2000\" \/>\n\t<meta property=\"og:image:height\" content=\"2000\" \/>\n\t<meta property=\"og:image:type\" content=\"image\/png\" \/>\n<meta name=\"twitter:card\" content=\"summary_large_image\" \/>\n<meta name=\"twitter:label1\" content=\"Saatavuus\" \/>\n\t<meta name=\"twitter:data1\" content=\"Loppu varastosta\" \/>\n<meta property=\"og:availability\" content=\"out of stock\" \/>\n<meta property=\"product:availability\" content=\"out of stock\" \/>\n<meta property=\"product:retailer_item_id\" content=\"Nanrobot_D4_Plus\" \/>\n<meta property=\"product:condition\" content=\"new\" \/>\n<!-- \/ Yoast SEO Premium plugin. -->","yoast_head_json":{"title":"Nanrobot D4+ 3.0 s\u00e4hk\u00f6potkulauta | T\u00f5uksimaailm","description":"Nanrobot D4+ 3.0 elektrit\u00f5ukeratas. Parim v\u00f5imsuse ja hinna suhtega elektrit\u00f5ukeratas, 1000W mootoritega elektriline t\u00f5ukeratas. Nanrobot elektrit\u00f5ukerattad","robots":{"index":"index","follow":"follow","max-snippet":"max-snippet:-1","max-image-preview":"max-image-preview:large","max-video-preview":"max-video-preview:-1"},"canonical":"https:\/\/www.xn--tuksimaailm-ffb.ee\/fi\/shop\/nanrobot-d4-3-0-sahkopotkulauta\/","og_locale":"fi_FI","og_type":"article","og_title":"Nanrobot D4+ 3.0 s\u00e4hk\u00f6potkulauta","og_description":"Nanrobot D4+ 3.0 elektrit\u00f5ukeratas. Parim v\u00f5imsuse ja hinna suhtega elektrit\u00f5ukeratas, 1000W mootoritega elektriline t\u00f5ukeratas. Nanrobot elektrit\u00f5ukerattad","og_url":"https:\/\/www.xn--tuksimaailm-ffb.ee\/fi\/shop\/nanrobot-d4-3-0-sahkopotkulauta\/","og_site_name":"T\u00f5uksimaailm","article_publisher":"https:\/\/www.facebook.com\/touksimaailm\/","og_image":[{"width":2000,"height":2000,"url":"https:\/\/www.xn--tuksimaailm-ffb.ee\/wp-content\/uploads\/2021\/11\/NANROBOT-D4_-3.0-red.png","type":"image\/png"}],"twitter_card":"summary_large_image","twitter_misc":{"Saatavuus":"Loppu varastosta"},"schema":{"@context":"https:\/\/schema.org","@graph":[{"@type":"WebPage","@id":"https:\/\/www.xn--tuksimaailm-ffb.ee\/fi\/shop\/nanrobot-d4-3-0-sahkopotkulauta\/","url":"https:\/\/www.xn--tuksimaailm-ffb.ee\/fi\/shop\/nanrobot-d4-3-0-sahkopotkulauta\/","name":"Nanrobot D4+ 3.0 s\u00e4hk\u00f6potkulauta | T\u00f5uksimaailm","isPartOf":{"@id":"https:\/\/www.xn--tuksimaailm-ffb.ee\/fi\/#website"},"primaryImageOfPage":{"@id":"https:\/\/www.xn--tuksimaailm-ffb.ee\/fi\/shop\/nanrobot-d4-3-0-sahkopotkulauta\/#primaryimage"},"image":{"@id":"https:\/\/www.xn--tuksimaailm-ffb.ee\/fi\/shop\/nanrobot-d4-3-0-sahkopotkulauta\/#primaryimage"},"thumbnailUrl":"https:\/\/www.xn--tuksimaailm-ffb.ee\/wp-content\/uploads\/2021\/11\/NANROBOT-D4_-3.0-red.png","datePublished":"2021-11-06T15:14:53+00:00","description":"Nanrobot D4+ 3.0 elektrit\u00f5ukeratas. Parim v\u00f5imsuse ja hinna suhtega elektrit\u00f5ukeratas, 1000W mootoritega elektriline t\u00f5ukeratas. Nanrobot elektrit\u00f5ukerattad","breadcrumb":{"@id":"https:\/\/www.xn--tuksimaailm-ffb.ee\/fi\/shop\/nanrobot-d4-3-0-sahkopotkulauta\/#breadcrumb"},"inLanguage":"fi","potentialAction":[{"@type":"ReadAction","target":["https:\/\/www.xn--tuksimaailm-ffb.ee\/fi\/shop\/nanrobot-d4-3-0-sahkopotkulauta\/"]}]},{"@type":"ImageObject","inLanguage":"fi","@id":"https:\/\/www.xn--tuksimaailm-ffb.ee\/fi\/shop\/nanrobot-d4-3-0-sahkopotkulauta\/#primaryimage","url":"https:\/\/www.xn--tuksimaailm-ffb.ee\/wp-content\/uploads\/2021\/11\/NANROBOT-D4_-3.0-red.png","contentUrl":"https:\/\/www.xn--tuksimaailm-ffb.ee\/wp-content\/uploads\/2021\/11\/NANROBOT-D4_-3.0-red.png","width":2000,"height":2000,"caption":"nanrobot d4+ 3.0 elektrit\u00f5ukeratas v\u00f5imas mugav elektriline t\u00f5ukeratas"},{"@type":"BreadcrumbList","@id":"https:\/\/www.xn--tuksimaailm-ffb.ee\/fi\/shop\/nanrobot-d4-3-0-sahkopotkulauta\/#breadcrumb","itemListElement":[{"@type":"ListItem","position":1,"name":"Home","item":"https:\/\/www.xn--tuksimaailm-ffb.ee\/fi\/kotisivu\/"},{"@type":"ListItem","position":2,"name":"Kauppa","item":"https:\/\/www.xn--tuksimaailm-ffb.ee\/elektritoukerataste-pood\/"},{"@type":"ListItem","position":3,"name":"Nanrobot D4+ 3.0 s\u00e4hk\u00f6potkulauta"}]},{"@type":"WebSite","@id":"https:\/\/www.xn--tuksimaailm-ffb.ee\/fi\/#website","url":"https:\/\/www.xn--tuksimaailm-ffb.ee\/fi\/","name":"T\u00f5uksimaailm","description":"Elektrit\u00f5ukerataste m\u00fc\u00fck, remont ja rent","publisher":{"@id":"https:\/\/www.xn--tuksimaailm-ffb.ee\/fi\/#organization"},"potentialAction":[{"@type":"SearchAction","target":{"@type":"EntryPoint","urlTemplate":"https:\/\/www.xn--tuksimaailm-ffb.ee\/fi\/?s={search_term_string}"},"query-input":{"@type":"PropertyValueSpecification","valueRequired":true,"valueName":"search_term_string"}}],"inLanguage":"fi"},{"@type":"Organization","@id":"https:\/\/www.xn--tuksimaailm-ffb.ee\/fi\/#organization","name":"T\u00f5uksimaailm","url":"https:\/\/www.xn--tuksimaailm-ffb.ee\/fi\/","logo":{"@type":"ImageObject","inLanguage":"fi","@id":"https:\/\/www.xn--tuksimaailm-ffb.ee\/fi\/#\/schema\/logo\/image\/","url":"https:\/\/www.xn--tuksimaailm-ffb.ee\/wp-content\/uploads\/2020\/01\/logoz-e1579792875517.png","contentUrl":"https:\/\/www.xn--tuksimaailm-ffb.ee\/wp-content\/uploads\/2020\/01\/logoz-e1579792875517.png","width":250,"height":250,"caption":"T\u00f5uksimaailm"},"image":{"@id":"https:\/\/www.xn--tuksimaailm-ffb.ee\/fi\/#\/schema\/logo\/image\/"},"sameAs":["https:\/\/www.facebook.com\/touksimaailm\/","https:\/\/www.instagram.com\/touksimaailm_\/","https:\/\/www.youtube.com\/channel\/UC18ml0EKIDLP1xGuQjFzcXQ"]}]},"og_availability":"out of stock","product_availability":"out of stock","product_retailer_item_id":"Nanrobot_D4_Plus","product_condition":"new"},"jetpack_sharing_enabled":true,"_links":{"self":[{"href":"https:\/\/www.xn--tuksimaailm-ffb.ee\/fi\/wp-json\/wp\/v2\/product\/43164","targetHints":{"allow":["GET"]}}],"collection":[{"href":"https:\/\/www.xn--tuksimaailm-ffb.ee\/fi\/wp-json\/wp\/v2\/product"}],"about":[{"href":"https:\/\/www.xn--tuksimaailm-ffb.ee\/fi\/wp-json\/wp\/v2\/types\/product"}],"wp:featuredmedia":[{"embeddable":true,"href":"https:\/\/www.xn--tuksimaailm-ffb.ee\/fi\/wp-json\/wp\/v2\/media\/23488"}],"wp:attachment":[{"href":"https:\/\/www.xn--tuksimaailm-ffb.ee\/fi\/wp-json\/wp\/v2\/media?parent=43164"}],"wp:term":[{"taxonomy":"product_brand","embeddable":true,"href":"https:\/\/www.xn--tuksimaailm-ffb.ee\/fi\/wp-json\/wp\/v2\/product_brand?post=43164"},{"taxonomy":"product_cat","embeddable":true,"href":"https:\/\/www.xn--tuksimaailm-ffb.ee\/fi\/wp-json\/wp\/v2\/product_cat?post=43164"},{"taxonomy":"product_tag","embeddable":true,"href":"https:\/\/www.xn--tuksimaailm-ffb.ee\/fi\/wp-json\/wp\/v2\/product_tag?post=43164"},{"taxonomy":"filter_elektritoukeratas","embeddable":true,"href":"https:\/\/www.xn--tuksimaailm-ffb.ee\/fi\/wp-json\/wp\/v2\/filter_elektritoukeratas?post=43164"}],"curies":[{"name":"wp","href":"https:\/\/api.w.org\/{rel}","templated":true}]}}