{"id":43215,"date":"2021-11-06T13:14:33","date_gmt":"2021-11-06T10:14:33","guid":{"rendered":"http:\/\/www.xn--tuksimaailm-ffb.ee\/shop\/nanrobot-ls7-sahkopotkulauta\/"},"modified":"2024-11-22T12:59:32","modified_gmt":"2024-11-22T09:59:32","slug":"nanrobot-ls7-sahkopotkulauta","status":"publish","type":"product","link":"https:\/\/www.xn--tuksimaailm-ffb.ee\/fi\/shop\/nanrobot-ls7-sahkopotkulauta\/","title":{"rendered":"Nanrobot LS7+ s\u00e4hk\u00f6potkulauta"},"content":{"rendered":"<h2 style=\"text-align: center;\">NANROBOT LS7+ S\u00c4HK\u00d6POTKULAUTA - TUOTEKUVAUS<\/h2>\n<p style=\"caret-color: #000000; color: #000000;\">Nanrobot LS7+ -s\u00e4hk\u00f6potkulauta on varustettu kahdella 500W\u00a0<a href=\"https:\/\/et.wikipedia.org\/wiki\/Harjavaba_alalisvoolumootor\">harjattavalla moottorilla<\/a>, jolloin s\u00e4hk\u00f6potkulautan kokonaisteho on 1000W. T\u00e4m\u00e4 vaikuttava teho antaa rattaalle jopa 25 km\/h:n huippunopeuden, joka riippuu kuljettajan painosta ja pituudesta. S\u00e4hk\u00f6potkulaudalla voidaan ajaa kolmella eri ajotavalla \/ vaihteella. S\u00e4hk\u00f6skootteri on varustettu eritt\u00e4in herk\u00e4ll\u00e4 kaasulla, etu- ja takajousituksella sek\u00e4 turvallisella jarruj\u00e4rjestelm\u00e4ll\u00e4 - etu- ja takajarrut NUTT-hydrauliset levyjarrut, jotka on tunnustettu yhdeksi skootterimaailman parhaista. S\u00e4hk\u00f6skootterin 40Ah\/60V:n litiumakun avulla voit kulkea pitki\u00e4 matkoja yhdell\u00e4 latauksella.<\/p>\n<p><iframe title=\"NANROBOT LS7+ ELECTRIC SCOOTER REVIEW - 58 MPH MONSTER!\" width=\"1082\" height=\"609\" src=\"https:\/\/www.youtube.com\/embed\/RhKwRv_7o6Q?start=309&feature=oembed\" frameborder=\"0\" allow=\"accelerometer; autoplay; clipboard-write; encrypted-media; gyroscope; picture-in-picture; web-share\" allowfullscreen><\/iframe><\/p>\n<h2 style=\"text-align: center;\">INNOVATIIVISET TEKNISET PARANNUKSET<\/h2>\n<p>Nanrobot LS7+ -s\u00e4hk\u00f6potkulauta on varustettu esiasennetulla ohjausvaimentimella, joka takaa suuren vakauden suurilla nopeuksilla, herk\u00e4ll\u00e4 sormikaasulla, etu- ja takajousituksella sek\u00e4 turvallisella jarruj\u00e4rjestelm\u00e4ll\u00e4, ja siin\u00e4 on hydrauliset NUTT-jarrut edess\u00e4 ja takana. S\u00e4hk\u00f6skootterin eritt\u00e4in suuri 2400Wh kapasiteetin litiumakku takaa, ett\u00e4 voit ajaa v\u00e4hint\u00e4\u00e4n 50-60 km yhdell\u00e4 latauksella.<\/p>\n<p style=\"caret-color: #000000; color: #000000;\">S\u00e4hk\u00f6skootteri on suunniteltu parasta kokoonpanolaatua silm\u00e4ll\u00e4 pit\u00e4en. S\u00e4hk\u00f6skootterissa on integroitu kauko-ohjausj\u00e4rjestelm\u00e4 (immobiliser), joka voi lukita ja h\u00e4lytt\u00e4\u00e4 s\u00e4hk\u00f6skootterin varkaudeneston lis\u00e4\u00e4miseksi. Skootterissa on monitilaiset LED-valot, \u00e4lyk\u00e4s ohjain, tukeva alumiiniseosrunko ja pitk\u00e4 kansi ajomukavuutta varten. S\u00e4hk\u00f6potkulautalla (erityisesti suuritehoisella s\u00e4hk\u00f6potkulautalla) ajettaessa suosittelemme vahvasti\u00a0<a href=\"http:\/\/www.xn--tuksimaailm-ffb.ee\/tootesilt\/elektritoukeratta-kiivrid\/\">kyp\u00e4r\u00e4n<\/a>\u00a0k\u00e4ytt\u00f6\u00e4.<\/p>\n<p style=\"caret-color: #000000; color: #000000;\">Satulat eiv\u00e4t sis\u00e4lly toimitukseen, ja ne voi\u00a0<a href=\"http:\/\/www.xn--tuksimaailm-ffb.ee\/shop\/sadul-elekteritoukerattale-nanrobot\/\">ostaa<\/a>\u00a0erikseen.<\/p>\n<p style=\"caret-color: #000000; color: #000000;\"><strong>Nanrobot LS7+ -s\u00e4hk\u00f6potkulauta on Viron liikennelain mukainen katulaillinen kevytliikkuvuuspotkulauta, jonka valmistajan teho on 1000W ja valmistajan nopeus 25km\/h.<\/strong>\u00a0<strong>HUOM: Jos k\u00e4ytt\u00e4j\u00e4 on itsen\u00e4isesti muuttanut s\u00e4hk\u00f6potkulautaa nopeammaksi tai tehokkaammaksi kuin edell\u00e4 mainitut parametrit, T\u00f5uksimaailm ei vastaa lain rikkomisesta aiheutuneista sakoista, s\u00e4hk\u00f6potkulautan takavarikoimisesta poliisin toimesta tai mist\u00e4\u00e4n muustakaan rikkomisesta aiheutuneesta vahingosta.<\/strong><\/p>\n<table class=\"tg\" style=\"border-collapse: collapse; max-width: 600px; border-spacing: 0px; margin: 0px auto; width: 71.4607%;\">\n<tbody>\n<tr>\n<td style=\"background-color: #e4e1e1; color: #333333; font-family: inherit; font-size: 14px; font-weight: bold; overflow: hidden; padding: 5px; text-align: center; vertical-align: top; word-break: normal; border: 1px solid; width: 100.353%;\" colspan=\"2\">Tekniset tiedot<\/td>\n<\/tr>\n<tr>\n<td style=\"background-color: #e4e1e1; color: #333333; font-family: inherit; font-size: 14px; font-weight: bold; overflow: hidden; padding: 5px; text-align: right; vertical-align: top; word-break: normal; border: 1px solid; width: 52.5573%;\"><strong style=\"caret-color: #000000; color: #000000; text-align: start; font-family: inherit;\">Ajomatka yhdell\u00e4 latauksella, valmistajan ilmoittama ajomatka Ajomatka<\/strong><span style=\"caret-color: #000000; color: #000000; font-weight: 400; text-align: start; font-family: inherit;\">\u00a0<\/span><strong style=\"caret-color: #000000; color: #000000; text-align: start; font-family: inherit;\">Laskettu yhdell\u00e4 latauksella<\/strong><\/td>\n<td style=\"font-family: inherit; font-size: 14px; overflow: hidden; padding: 5px; text-align: center; vertical-align: top; word-break: normal; border: 1px solid; width: 47.7954%;\">50-60km<br \/>160km (25km\/h, 70kg kuljettaja, 15Wh\/km)<\/td>\n<\/tr>\n<tr>\n<td style=\"background-color: #e4e1e1; color: #333333; font-family: inherit; font-size: 14px; font-weight: bold; overflow: hidden; padding: 5px; text-align: right; vertical-align: top; word-break: normal; border: 1px solid; width: 52.5573%;\">Moottorit<\/td>\n<td style=\"font-family: inherit; font-size: 14px; overflow: hidden; padding: 5px; text-align: center; vertical-align: top; word-break: normal; border: 1px solid; width: 47.7954%;\">1000W<\/td>\n<\/tr>\n<tr>\n<td style=\"background-color: #e4e1e1; color: #333333; font-family: inherit; font-size: 14px; font-weight: bold; overflow: hidden; padding: 5px; text-align: right; vertical-align: top; word-break: normal; border: 1px solid; width: 52.5573%;\"><strong style=\"caret-color: #000000; color: #000000; text-align: start; font-family: inherit;\">Huippunopeus rajoitettu<\/strong><\/td>\n<td style=\"font-family: inherit; font-size: 14px; overflow: hidden; padding: 5px; text-align: center; vertical-align: top; word-break: normal; border: 1px solid; width: 47.7954%;\">25km\/h<\/td>\n<\/tr>\n<tr>\n<td style=\"background-color: #e4e1e1; color: #333333; font-family: inherit; font-size: 14px; font-weight: bold; overflow: hidden; padding: 5px; text-align: right; vertical-align: top; word-break: normal; border: 1px solid; width: 52.5573%;\"><strong style=\"caret-color: #000000; color: #000000; text-align: start; font-family: inherit;\">Huippunopeus rajoittamaton<\/strong><\/td>\n<td style=\"font-family: inherit; font-size: 14px; overflow: hidden; padding: 5px; text-align: center; vertical-align: top; word-break: normal; border: 1px solid; width: 47.7954%;\">25 km\/h<\/td>\n<\/tr>\n<tr>\n<td style=\"background-color: #e4e1e1; color: #333333; font-family: inherit; font-size: 14px; font-weight: bold; overflow: hidden; padding: 5px; text-align: right; vertical-align: top; word-break: normal; border: 1px solid; width: 52.5573%;\">Akku<\/td>\n<td style=\"font-family: inherit; font-size: 14px; overflow: hidden; padding: 5px; text-align: center; vertical-align: top; word-break: normal; border: 1px solid; width: 47.7954%;\">Li-Ion 60V\/40Ah<\/td>\n<\/tr>\n<tr>\n<td style=\"background-color: #e4e1e1; color: #333333; font-family: inherit; font-size: 14px; font-weight: bold; overflow: hidden; padding: 5px; text-align: right; vertical-align: top; word-break: normal; border: 1px solid; width: 52.5573%;\"><strong style=\"caret-color: #000000; color: #000000; text-align: start; font-family: inherit;\">Suurin sallittu matkustajapaino<\/strong><\/td>\n<td style=\"font-family: inherit; font-size: 14px; overflow: hidden; padding: 5px; text-align: center; vertical-align: top; word-break: normal; border: 1px solid; width: 47.7954%;\">150kg<\/td>\n<\/tr>\n<tr>\n<td style=\"background-color: #e4e1e1; color: #333333; font-family: inherit; font-size: 14px; font-weight: bold; overflow: hidden; padding: 5px; text-align: right; vertical-align: top; word-break: normal; border: 1px solid; width: 52.5573%;\">Jarrut<\/td>\n<td style=\"font-family: inherit; font-size: 14px; overflow: hidden; padding: 5px; text-align: center; vertical-align: top; word-break: normal; border: 1px solid; width: 47.7954%;\">Hydrauliset levyjarrut, NUTT-merkki<\/td>\n<\/tr>\n<tr>\n<td style=\"background-color: #e4e1e1; color: #333333; font-family: inherit; font-size: 14px; font-weight: bold; overflow: hidden; padding: 5px; text-align: right; vertical-align: top; word-break: normal; border: 1px solid; width: 52.5573%;\">Renkaat<\/td>\n<td style=\"font-family: inherit; font-size: 14px; overflow: hidden; padding: 5px; text-align: center; vertical-align: top; word-break: normal; border: 1px solid; width: 47.7954%;\">11 tuuman maastorenkaat<\/td>\n<\/tr>\n<tr>\n<td style=\"background-color: #e4e1e1; color: #333333; font-family: inherit; font-size: 14px; font-weight: bold; overflow: hidden; padding: 5px; text-align: right; vertical-align: top; word-break: normal; border: 1px solid; width: 52.5573%;\">Jousitus<\/td>\n<td style=\"font-family: inherit; font-size: 14px; overflow: hidden; padding: 5px; text-align: center; vertical-align: top; word-break: normal; border: 1px solid; width: 47.7954%;\">C-tyypin etu- ja takajousien kiinnikkeet<\/td>\n<\/tr>\n<tr>\n<td style=\"background-color: #e4e1e1; color: #333333; font-family: inherit; font-size: 14px; font-weight: bold; overflow: hidden; padding: 5px; text-align: right; vertical-align: top; word-break: normal; border: 1px solid; width: 52.5573%;\">S\u00e4hk\u00f6potkulauta paino<\/td>\n<td style=\"font-family: inherit; font-size: 14px; overflow: hidden; padding: 5px; text-align: center; vertical-align: top; word-break: normal; border: 1px solid; width: 47.7954%;\">52kg<\/td>\n<\/tr>\n<\/tbody>\n<\/table>\n","protected":false},"excerpt":{"rendered":"<p><a href=\"http:\/\/www.xn--tuksimaailm-ffb.ee\/kontakt\/\"><strong>L\u00f6ysitk\u00f6 paremman hinnan? Kirjoita meille, niin teemme sinulle paremman tarjouksen!<\/strong><\/a><\/p>\n<p><strong>Kaikki\u00a0<a href=\"http:\/\/www.xn--tuksimaailm-ffb.ee\/tootekategooria\/lisavarustus\/\">lis\u00e4varusteet<\/a>\u00a0ja\u00a0<a href=\"https:\/\/www.xn\u2014tuksimaailm-ffb.ee\/tootekategooria\/elektritoukeratta-varuosad\/\">varaosat<\/a> ovat\u00a0-20%, kun ne ostetaan s\u00e4hk\u00f6skootterin kanssa. Alennus otetaan automaattisesti k\u00e4ytt\u00f6\u00f6n, kun lis\u00e4\u00e4t sen ostoskoriin!<\/strong><\/p>\n<p><em><strong>Toimitusaika: 1-7tp<\/p>\n<p><\/strong><\/em><\/p>\n","protected":false},"featured_media":23460,"template":"","meta":[],"product_brand":[],"product_cat":[926],"product_tag":[],"filter_elektritoukeratas":[],"class_list":{"0":"post-43215","1":"product","2":"type-product","3":"status-publish","4":"has-post-thumbnail","6":"product_cat-sahkopotkulaudat-fi","7":"product_shipping_class-keskmine-pakk-fi","8":"pa_aku-mahutavus-wh-2400-fi","9":"pa_kaal-kg-52-fi","10":"pa_kandevoime-kg-150-fi","11":"pa_labisoit-arvutuslik-km-160-fi","12":"pa_mootorite-arv-kahdella-moottorilla","13":"pa_muuja-platvormil-nrbt-ou-fi","14":"pa_piiramata-tippkiirus-kmh-25-fi","15":"pa_tootetuup-elektritoukeratas-fi","16":"pa_valmistaja-nanrobot-fi","17":"pa_voimsus-w-1000-fi","19":"first","20":"outofstock","21":"taxable","22":"shipping-taxable","23":"purchasable","24":"product-type-simple"},"yoast_head":"<!-- This site is optimized with the Yoast SEO Premium plugin v26.8 (Yoast SEO v27.5) - https:\/\/yoast.com\/product\/yoast-seo-premium-wordpress\/ -->\n<title>Nanrobot LS7+ s\u00e4hk\u00f6potkulauta | V\u00f5imas | T\u00f5uksimaailm<\/title>\n<meta name=\"description\" content=\"Nanrobot LS7+ elektrit\u00f5ukeratas. Efektse v\u00e4limusega, 2x500W mootoritega, 25km\/h tippkiirusega v\u00f5imas elektrit\u00f5ukeratas. Nanrobot elektrit\u00f5ukerattad.\" \/>\n<meta name=\"robots\" content=\"index, follow, max-snippet:-1, max-image-preview:large, max-video-preview:-1\" \/>\n<link rel=\"canonical\" href=\"https:\/\/www.xn--tuksimaailm-ffb.ee\/fi\/shop\/nanrobot-ls7-sahkopotkulauta\/\" \/>\n<meta property=\"og:locale\" content=\"fi_FI\" \/>\n<meta property=\"og:type\" content=\"article\" \/>\n<meta property=\"og:title\" content=\"Nanrobot LS7+ s\u00e4hk\u00f6potkulauta\" \/>\n<meta property=\"og:description\" content=\"Nanrobot LS7+ elektrit\u00f5ukeratas. Efektse v\u00e4limusega, 2x500W mootoritega, 25km\/h tippkiirusega v\u00f5imas elektrit\u00f5ukeratas. Nanrobot elektrit\u00f5ukerattad.\" \/>\n<meta property=\"og:url\" content=\"https:\/\/www.xn--tuksimaailm-ffb.ee\/fi\/shop\/nanrobot-ls7-sahkopotkulauta\/\" \/>\n<meta property=\"og:site_name\" content=\"T\u00f5uksimaailm\" \/>\n<meta property=\"article:publisher\" content=\"https:\/\/www.facebook.com\/touksimaailm\/\" \/>\n<meta property=\"article:modified_time\" content=\"2024-11-22T09:59:32+00:00\" \/>\n<meta property=\"og:image\" content=\"https:\/\/www.xn--tuksimaailm-ffb.ee\/wp-content\/uploads\/2021\/11\/LG9_7276-scaled.jpg\" \/>\n\t<meta property=\"og:image:width\" content=\"2560\" \/>\n\t<meta property=\"og:image:height\" content=\"2560\" \/>\n\t<meta property=\"og:image:type\" content=\"image\/jpeg\" \/>\n<meta name=\"twitter:card\" content=\"summary_large_image\" \/>\n<meta name=\"twitter:label1\" content=\"Hinta\" \/>\n\t<meta name=\"twitter:data1\" content=\"&euro;2,799.00\" \/>\n\t<meta name=\"twitter:label2\" content=\"Saatavuus\" \/>\n\t<meta name=\"twitter:data2\" content=\"Loppu varastosta\" \/>\n<meta property=\"product:price:amount\" content=\"2799.00\" \/>\n<meta property=\"product:price:currency\" content=\"EUR\" \/>\n<meta property=\"og:availability\" content=\"out of stock\" \/>\n<meta property=\"product:availability\" content=\"out of stock\" \/>\n<meta property=\"product:retailer_item_id\" content=\"Nanrobot_LS7_Plus\" \/>\n<meta property=\"product:condition\" content=\"new\" \/>\n<!-- \/ Yoast SEO Premium plugin. -->","yoast_head_json":{"title":"Nanrobot LS7+ s\u00e4hk\u00f6potkulauta | V\u00f5imas | T\u00f5uksimaailm","description":"Nanrobot LS7+ elektrit\u00f5ukeratas. Efektse v\u00e4limusega, 2x500W mootoritega, 25km\/h tippkiirusega v\u00f5imas elektrit\u00f5ukeratas. Nanrobot elektrit\u00f5ukerattad.","robots":{"index":"index","follow":"follow","max-snippet":"max-snippet:-1","max-image-preview":"max-image-preview:large","max-video-preview":"max-video-preview:-1"},"canonical":"https:\/\/www.xn--tuksimaailm-ffb.ee\/fi\/shop\/nanrobot-ls7-sahkopotkulauta\/","og_locale":"fi_FI","og_type":"article","og_title":"Nanrobot LS7+ s\u00e4hk\u00f6potkulauta","og_description":"Nanrobot LS7+ elektrit\u00f5ukeratas. Efektse v\u00e4limusega, 2x500W mootoritega, 25km\/h tippkiirusega v\u00f5imas elektrit\u00f5ukeratas. Nanrobot elektrit\u00f5ukerattad.","og_url":"https:\/\/www.xn--tuksimaailm-ffb.ee\/fi\/shop\/nanrobot-ls7-sahkopotkulauta\/","og_site_name":"T\u00f5uksimaailm","article_publisher":"https:\/\/www.facebook.com\/touksimaailm\/","article_modified_time":"2024-11-22T09:59:32+00:00","og_image":[{"width":2560,"height":2560,"url":"https:\/\/www.xn--tuksimaailm-ffb.ee\/wp-content\/uploads\/2021\/11\/LG9_7276-scaled.jpg","type":"image\/jpeg"}],"twitter_card":"summary_large_image","twitter_misc":{"Hinta":"&euro;2,799.00","Saatavuus":"Loppu varastosta"},"schema":{"@context":"https:\/\/schema.org","@graph":[{"@type":"WebPage","@id":"https:\/\/www.xn--tuksimaailm-ffb.ee\/fi\/shop\/nanrobot-ls7-sahkopotkulauta\/","url":"https:\/\/www.xn--tuksimaailm-ffb.ee\/fi\/shop\/nanrobot-ls7-sahkopotkulauta\/","name":"Nanrobot LS7+ s\u00e4hk\u00f6potkulauta | V\u00f5imas | T\u00f5uksimaailm","isPartOf":{"@id":"https:\/\/www.xn--tuksimaailm-ffb.ee\/fi\/#website"},"primaryImageOfPage":{"@id":"https:\/\/www.xn--tuksimaailm-ffb.ee\/fi\/shop\/nanrobot-ls7-sahkopotkulauta\/#primaryimage"},"image":{"@id":"https:\/\/www.xn--tuksimaailm-ffb.ee\/fi\/shop\/nanrobot-ls7-sahkopotkulauta\/#primaryimage"},"thumbnailUrl":"https:\/\/www.xn--tuksimaailm-ffb.ee\/wp-content\/uploads\/2021\/11\/LG9_7276-scaled.jpg","datePublished":"2021-11-06T10:14:33+00:00","dateModified":"2024-11-22T09:59:32+00:00","description":"Nanrobot LS7+ elektrit\u00f5ukeratas. Efektse v\u00e4limusega, 2x500W mootoritega, 25km\/h tippkiirusega v\u00f5imas elektrit\u00f5ukeratas. Nanrobot elektrit\u00f5ukerattad.","breadcrumb":{"@id":"https:\/\/www.xn--tuksimaailm-ffb.ee\/fi\/shop\/nanrobot-ls7-sahkopotkulauta\/#breadcrumb"},"inLanguage":"fi","potentialAction":[{"@type":"ReadAction","target":["https:\/\/www.xn--tuksimaailm-ffb.ee\/fi\/shop\/nanrobot-ls7-sahkopotkulauta\/"]}]},{"@type":"ImageObject","inLanguage":"fi","@id":"https:\/\/www.xn--tuksimaailm-ffb.ee\/fi\/shop\/nanrobot-ls7-sahkopotkulauta\/#primaryimage","url":"https:\/\/www.xn--tuksimaailm-ffb.ee\/wp-content\/uploads\/2021\/11\/LG9_7276-scaled.jpg","contentUrl":"https:\/\/www.xn--tuksimaailm-ffb.ee\/wp-content\/uploads\/2021\/11\/LG9_7276-scaled.jpg","width":2560,"height":2560,"caption":"nanrobot ls7+ elektrit\u00f5ukeratas v\u00f5imas elektriline t\u00f5ukeratas kiire maastiku"},{"@type":"BreadcrumbList","@id":"https:\/\/www.xn--tuksimaailm-ffb.ee\/fi\/shop\/nanrobot-ls7-sahkopotkulauta\/#breadcrumb","itemListElement":[{"@type":"ListItem","position":1,"name":"Home","item":"https:\/\/www.xn--tuksimaailm-ffb.ee\/fi\/kotisivu\/"},{"@type":"ListItem","position":2,"name":"Kauppa","item":"https:\/\/www.xn--tuksimaailm-ffb.ee\/elektritoukerataste-pood\/"},{"@type":"ListItem","position":3,"name":"Nanrobot LS7+ s\u00e4hk\u00f6potkulauta"}]},{"@type":"WebSite","@id":"https:\/\/www.xn--tuksimaailm-ffb.ee\/fi\/#website","url":"https:\/\/www.xn--tuksimaailm-ffb.ee\/fi\/","name":"T\u00f5uksimaailm","description":"Elektrit\u00f5ukerataste m\u00fc\u00fck, remont ja rent","publisher":{"@id":"https:\/\/www.xn--tuksimaailm-ffb.ee\/fi\/#organization"},"potentialAction":[{"@type":"SearchAction","target":{"@type":"EntryPoint","urlTemplate":"https:\/\/www.xn--tuksimaailm-ffb.ee\/fi\/?s={search_term_string}"},"query-input":{"@type":"PropertyValueSpecification","valueRequired":true,"valueName":"search_term_string"}}],"inLanguage":"fi"},{"@type":"Organization","@id":"https:\/\/www.xn--tuksimaailm-ffb.ee\/fi\/#organization","name":"T\u00f5uksimaailm","url":"https:\/\/www.xn--tuksimaailm-ffb.ee\/fi\/","logo":{"@type":"ImageObject","inLanguage":"fi","@id":"https:\/\/www.xn--tuksimaailm-ffb.ee\/fi\/#\/schema\/logo\/image\/","url":"https:\/\/www.xn--tuksimaailm-ffb.ee\/wp-content\/uploads\/2020\/01\/logoz-e1579792875517.png","contentUrl":"https:\/\/www.xn--tuksimaailm-ffb.ee\/wp-content\/uploads\/2020\/01\/logoz-e1579792875517.png","width":250,"height":250,"caption":"T\u00f5uksimaailm"},"image":{"@id":"https:\/\/www.xn--tuksimaailm-ffb.ee\/fi\/#\/schema\/logo\/image\/"},"sameAs":["https:\/\/www.facebook.com\/touksimaailm\/","https:\/\/www.instagram.com\/touksimaailm_\/","https:\/\/www.youtube.com\/channel\/UC18ml0EKIDLP1xGuQjFzcXQ"]}]},"product_price_amount":"2799.00","product_price_currency":"EUR","og_availability":"out of stock","product_availability":"out of stock","product_retailer_item_id":"Nanrobot_LS7_Plus","product_condition":"new"},"jetpack_sharing_enabled":true,"_links":{"self":[{"href":"https:\/\/www.xn--tuksimaailm-ffb.ee\/fi\/wp-json\/wp\/v2\/product\/43215","targetHints":{"allow":["GET"]}}],"collection":[{"href":"https:\/\/www.xn--tuksimaailm-ffb.ee\/fi\/wp-json\/wp\/v2\/product"}],"about":[{"href":"https:\/\/www.xn--tuksimaailm-ffb.ee\/fi\/wp-json\/wp\/v2\/types\/product"}],"wp:featuredmedia":[{"embeddable":true,"href":"https:\/\/www.xn--tuksimaailm-ffb.ee\/fi\/wp-json\/wp\/v2\/media\/23460"}],"wp:attachment":[{"href":"https:\/\/www.xn--tuksimaailm-ffb.ee\/fi\/wp-json\/wp\/v2\/media?parent=43215"}],"wp:term":[{"taxonomy":"product_brand","embeddable":true,"href":"https:\/\/www.xn--tuksimaailm-ffb.ee\/fi\/wp-json\/wp\/v2\/product_brand?post=43215"},{"taxonomy":"product_cat","embeddable":true,"href":"https:\/\/www.xn--tuksimaailm-ffb.ee\/fi\/wp-json\/wp\/v2\/product_cat?post=43215"},{"taxonomy":"product_tag","embeddable":true,"href":"https:\/\/www.xn--tuksimaailm-ffb.ee\/fi\/wp-json\/wp\/v2\/product_tag?post=43215"},{"taxonomy":"filter_elektritoukeratas","embeddable":true,"href":"https:\/\/www.xn--tuksimaailm-ffb.ee\/fi\/wp-json\/wp\/v2\/filter_elektritoukeratas?post=43215"}],"curies":[{"name":"wp","href":"https:\/\/api.w.org\/{rel}","templated":true}]}}