{"id":45033,"date":"2024-04-27T15:17:42","date_gmt":"2024-04-27T12:17:42","guid":{"rendered":"http:\/\/www.xn--tuksimaailm-ffb.ee\/?post_type=product&#038;p=45033"},"modified":"2024-10-29T15:31:24","modified_gmt":"2024-10-29T12:31:24","slug":"kugoo-kirin-g3-pro-sahkopotkulauta-kopeeri-kopeeri","status":"publish","type":"product","link":"https:\/\/www.xn--tuksimaailm-ffb.ee\/fi\/shop\/kugoo-kirin-g3-pro-sahkopotkulauta-kopeeri-kopeeri\/","title":{"rendered":"Kugoo KuKirin G4 Max s\u00e4hk\u00f6potkulauta"},"content":{"rendered":"<h2 style=\"text-align: center;\">KUGOO KUKIRIN G4 MAX S\u00c4HK\u00d6POTKULAUTA - TUOTEKUVAUS<\/h2>\n<p style=\"caret-color: #000000; color: #000000;\">Kugoo KuKirin G4 Max s\u00e4hk\u00f6potkulaut. G4 Max -malli on kaikkien aikojen suurin, painavin ja tehokkain KuKirin-s\u00e4hk\u00f6potkulauta. Se on my\u00f6s kaikkien aikojen ensimm\u00e4inen Kugoon s\u00e4hk\u00f6potkulauta t\u00e4ss\u00e4 paino- ja kokoluokassa. Kugoo KuKirin G4 Max tarjoaa ep\u00e4ilem\u00e4tt\u00e4 unohtumattoman ajokokemuksen kaikin puolin. K\u00e4ytt\u00f6kokemus voi olla hieman rajallinen kompaktiuden puolella, mutta se on silti eritt\u00e4in kompakti s\u00e4hk\u00f6potkulauta t\u00e4ss\u00e4 luokassa. Toisin kuin muissa raskaissa ty\u00f6nt\u00f6mastoissa, Kugoo G4 Maxissa on linssimallinen puomi, joka voidaan lukita runkoon kuljetusta varten ja joka voidaan silti nostaa puomista, eik\u00e4 kuljetus aina tarkoita (p\u00f6lyisen) s\u00e4hk\u00f6potkulaudan kantamista. KuKirin G4 Max -s\u00e4hk\u00f6skootterit on varustettu\u00a0<strong>60V 35,2Ah\u00a0<\/strong>akulla ja kahdella tehokkaalla s\u00e4hk\u00f6moottorilla.<\/p>\n<p style=\"caret-color: #000000; color: #000000;\">Valmistajan mukaan yhdell\u00e4 latauksella voi ajaa jopa 95 kilometri\u00e4. Kun otetaan huomioon 15Wh\/km 25km\/h nopeudella ja 75kg painavalla matkustajalla, todellinen ajomatka on viel\u00e4 pidempi -\u00a0<strong>141km.<\/strong>\u00a0Kugoo KuKirin G4 Max -s\u00e4hk\u00f6skootterin tekev\u00e4t siit\u00e4 niin suuren ja mukavan\u00a0<strong>12-tuumaiset ilmarenkaat<\/strong>, jotka tarjoavat paremman pidon, iskunsietokyvyn ja vakauden suurissa nopeuksissa kuin muiden samanpainoisten skoottereiden 11-tuumaiset renkaat. Kaiken edell\u00e4 mainitun lis\u00e4ksi G4 Max -s\u00e4hk\u00f6skootterissa on k\u00e4tev\u00e4 taittomekanismi, joka lukitsee linssin runkoon, jotta se ei p\u00e4\u00e4se taittumaan itsest\u00e4\u00e4n. J\u00e4rjestelm\u00e4 on samanlainen kuin kartiomainen taittomekanismin nivel, jossa jotkut tunnistavat Nami Burn-E -s\u00e4hk\u00f6potkulaitteiden muutama vuosi sitten esittelem\u00e4n samanlaisen j\u00e4rjestelm\u00e4n.<\/p>\n<p><span style=\"background-color: #eeeeee;\">https:\/\/www.youtube.com\/watch?v=Ub_XyF8p0NA<\/span><\/p>\n<h2 style=\"text-align: center;\">TURVALLISUUS<\/h2>\n<p>Kyp\u00e4r\u00e4n k\u00e4ytt\u00f6 on eritt\u00e4in suositeltavaa kaikille aikuisille kuljettajille, kun he k\u00e4ytt\u00e4v\u00e4t s\u00e4hk\u00f6potkulautaa. Alle 16-vuotiaiden s\u00e4hk\u00f6skootterilla ajavien on lain mukaan pakko k\u00e4ytt\u00e4\u00e4 kyp\u00e4r\u00e4\u00e4 ajaessaan. Kaikki s\u00e4hk\u00f6skootterit l\u00f6ytyv\u00e4t <a href=\"http:\/\/www.xn--tuksimaailm-ffb.ee\/tootekategooria\/elektritoukeratas\/\"><strong>t\u00e4st\u00e4<\/strong><\/a>.<\/p>\n<p><strong>Kun ostat skootterin kaupastamme, saat kaikki\u00a0<\/strong><a href=\"http:\/\/www.xn--tuksimaailm-ffb.ee\/tootekategooria\/lisavarustus\/\"><strong>tarvikkeet<\/strong><\/a><strong> skootterin oston yhteydess\u00e4<\/strong><strong> -20%!<\/strong><\/p>\n<p><strong style=\"box-sizing: inherit; margin: 0px; padding: 0px; border: 0px; font-variant-numeric: inherit; font-variant-east-asian: inherit; font-stretch: inherit; line-height: inherit;\">Kugoo Kirin G3 Pro-s\u00e4hk\u00f6skootteri on Viron liikennelain mukainen katulaillinen kevytskootteri, jonka valmistajan teho on 1000W ja valmistajan nopeus 25km\/h. HUOM: Jos k\u00e4ytt\u00e4j\u00e4 on itsen\u00e4isesti muuttanut s\u00e4hk\u00f6skootteria nopeammaksi tai tehokkaammaksi kuin edell\u00e4 mainitut parametrit, ei T\u00f5uksimaailm ole vastuussa lain rikkomisesta aiheutuvista sakoista, s\u00e4hk\u00f6skootterin takavarikoimisesta poliisin toimesta tai mist\u00e4\u00e4n muustakaan rikkomisesta aiheutuneesta vahingosta.<\/strong><\/p>\n<table class=\"tg\" style=\"border-collapse: collapse; max-width: 600px; border-spacing: 0px; margin: 0px auto; width: 84%; height: 649px;\">\n<tbody>\n<tr style=\"height: 27px;\">\n<td style=\"background-color: #e4e1e1; color: #333333; font-family: inherit; font-size: 14px; font-weight: bold; overflow: hidden; padding: 5px; text-align: center; vertical-align: top; word-break: normal; border: 1px solid; height: 27px;\" colspan=\"2\">Tekniset tiedot<\/td>\n<\/tr>\n<tr style=\"height: 27px;\">\n<td style=\"background-color: #e4e1e1; color: #333333; font-family: inherit; font-size: 14px; font-weight: bold; overflow: hidden; padding: 5px; text-align: right; vertical-align: top; word-break: normal; border: 1px solid; height: 27px;\">V\u00e4ri<\/td>\n<td style=\"font-family: inherit; font-size: 14px; overflow: hidden; padding: 5px; text-align: center; vertical-align: top; word-break: normal; border: 1px solid; height: 27px;\">musta\/oranssi<\/td>\n<\/tr>\n<tr style=\"height: 55px;\">\n<td style=\"background-color: #e4e1e1; color: #333333; font-family: inherit; font-size: 14px; font-weight: bold; overflow: hidden; padding: 5px; text-align: right; vertical-align: top; word-break: normal; border: 1px solid; height: 55px;\">Et\u00e4isyys (valmistajan m\u00e4\u00e4ritys) | Laskettu et\u00e4isyys<\/td>\n<td style=\"font-family: inherit; font-size: 14px; overflow: hidden; padding: 5px; text-align: center; vertical-align: top; word-break: normal; border: 1px solid; height: 55px;\">95km | 141km (25km\/h, 70kg kuljetaja, 15Wh\/km)<\/td>\n<\/tr>\n<tr style=\"height: 27px;\">\n<td style=\"background-color: #e4e1e1; color: #333333; font-family: inherit; font-size: 14px; font-weight: bold; overflow: hidden; padding: 5px; text-align: right; vertical-align: top; word-break: normal; border: 1px solid; height: 27px;\">Moottorin teho<\/td>\n<td style=\"font-family: inherit; font-size: 14px; overflow: hidden; padding: 5px; text-align: center; vertical-align: top; word-break: normal; border: 1px solid; height: 27px;\">500W + 500W<\/td>\n<\/tr>\n<tr style=\"height: 27px;\">\n<td style=\"background-color: #e4e1e1; color: #333333; font-family: inherit; font-size: 14px; font-weight: bold; overflow: hidden; padding: 5px; text-align: right; vertical-align: top; word-break: normal; border: 1px solid; height: 27px;\">Akku<\/td>\n<td style=\"font-family: inherit; font-size: 14px; overflow: hidden; padding: 5px; text-align: center; vertical-align: top; word-break: normal; border: 1px solid; height: 27px;\">60V\/35.2Ah<\/td>\n<\/tr>\n<tr style=\"height: 27px;\">\n<td style=\"background-color: #e4e1e1; color: #333333; font-family: inherit; font-size: 14px; font-weight: bold; overflow: hidden; padding: 5px; text-align: right; vertical-align: top; word-break: normal; border: 1px solid; height: 27px;\">Akun kapasiteetti<\/td>\n<td style=\"font-family: inherit; font-size: 14px; overflow: hidden; padding: 5px; text-align: center; vertical-align: top; word-break: normal; border: 1px solid; height: 27px;\">2112Wh<\/td>\n<\/tr>\n<tr style=\"height: 27px;\">\n<td style=\"background-color: #e4e1e1; color: #333333; font-family: inherit; font-size: 14px; font-weight: bold; overflow: hidden; padding: 5px; text-align: right; vertical-align: top; word-break: normal; border: 1px solid; height: 27px;\">Akkulaturin sy\u00f6tt\u00f6j\u00e4nnite<\/td>\n<td style=\"font-family: inherit; font-size: 14px; overflow: hidden; padding: 5px; text-align: center; vertical-align: top; word-break: normal; border: 1px solid; height: 27px;\">220-240V\/50Hz<\/td>\n<\/tr>\n<tr style=\"height: 27px;\">\n<td style=\"background-color: #e4e1e1; color: #333333; font-family: inherit; font-size: 14px; font-weight: bold; overflow: hidden; padding: 5px; text-align: right; vertical-align: top; word-break: normal; border: 1px solid; height: 27px;\">Latausaika<\/td>\n<td style=\"font-family: inherit; font-size: 14px; overflow: hidden; padding: 5px; text-align: center; vertical-align: top; word-break: normal; border: 1px solid; height: 27px;\">7-8 h<\/td>\n<\/tr>\n<tr style=\"height: 27px;\">\n<td style=\"background-color: #e4e1e1; color: #333333; font-family: inherit; font-size: 14px; font-weight: bold; overflow: hidden; padding: 5px; text-align: right; vertical-align: top; word-break: normal; border: 1px solid; height: 27px;\">Mukana akkulaturi<\/td>\n<td style=\"font-family: inherit; font-size: 14px; overflow: hidden; padding: 5px; text-align: center; vertical-align: top; word-break: normal; border: 1px solid; height: 27px;\">kyll\u00e4<\/td>\n<\/tr>\n<tr style=\"height: 27px;\">\n<td style=\"background-color: #e4e1e1; color: #333333; font-family: inherit; font-size: 14px; font-weight: bold; overflow: hidden; padding: 5px; text-align: right; vertical-align: top; word-break: normal; border: 1px solid; height: 27px;\">Mahdollisuus vara-akun k\u00e4ytt\u00f6\u00f6n<\/td>\n<td style=\"font-family: inherit; font-size: 14px; overflow: hidden; padding: 5px; text-align: center; vertical-align: top; word-break: normal; border: 1px solid; height: 27px;\">kyll\u00e4<\/td>\n<\/tr>\n<tr style=\"height: 27px;\">\n<td style=\"background-color: #e4e1e1; color: #333333; font-family: inherit; font-size: 14px; font-weight: bold; overflow: hidden; padding: 5px; text-align: right; vertical-align: top; word-break: normal; border: 1px solid; height: 27px;\">Akun irrotusvaihtoehto<\/td>\n<td style=\"font-family: inherit; font-size: 14px; overflow: hidden; padding: 5px; text-align: center; vertical-align: top; word-break: normal; border: 1px solid; height: 27px;\">kyll\u00e4<\/td>\n<\/tr>\n<tr style=\"height: 27px;\">\n<td style=\"background-color: #e4e1e1; color: #333333; font-family: inherit; font-size: 14px; font-weight: bold; overflow: hidden; padding: 5px; text-align: right; vertical-align: top; word-break: normal; border: 1px solid; height: 27px;\">Tuotaja m\u00e4\u00e4rittely nopeus<\/td>\n<td style=\"font-family: inherit; font-size: 14px; overflow: hidden; padding: 5px; text-align: center; vertical-align: top; word-break: normal; border: 1px solid; height: 27px;\">25km\/h<\/td>\n<\/tr>\n<tr style=\"height: 27px;\">\n<td style=\"background-color: #e4e1e1; color: #333333; font-family: inherit; font-size: 14px; font-weight: bold; overflow: hidden; padding: 5px; text-align: right; vertical-align: top; word-break: normal; border: 1px solid; height: 27px;\">Nopeusgradientit<\/td>\n<td style=\"font-family: inherit; font-size: 14px; overflow: hidden; padding: 5px; text-align: center; vertical-align: top; word-break: normal; border: 1px solid; height: 27px;\">3<\/td>\n<\/tr>\n<tr style=\"height: 27px;\">\n<td style=\"background-color: #e4e1e1; color: #333333; font-family: inherit; font-size: 14px; font-weight: bold; overflow: hidden; padding: 5px; text-align: right; vertical-align: top; word-break: normal; border: 1px solid; height: 27px;\">Pysyv\u00e4 nopeudenrajoitin<\/td>\n<td style=\"font-family: inherit; font-size: 14px; overflow: hidden; padding: 5px; text-align: center; vertical-align: top; word-break: normal; border: 1px solid; height: 27px;\">kyll\u00e4<\/td>\n<\/tr>\n<tr style=\"height: 27px;\">\n<td style=\"background-color: #e4e1e1; color: #333333; font-family: inherit; font-size: 14px; font-weight: bold; overflow: hidden; padding: 5px; text-align: right; vertical-align: top; word-break: normal; border: 1px solid; height: 27px;\">Etuvalot<\/td>\n<td style=\"font-family: inherit; font-size: 14px; overflow: hidden; padding: 5px; text-align: center; vertical-align: top; word-break: normal; border: 1px solid; height: 27px;\">LED<\/td>\n<\/tr>\n<tr style=\"height: 27px;\">\n<td style=\"background-color: #e4e1e1; color: #333333; font-family: inherit; font-size: 14px; font-weight: bold; overflow: hidden; padding: 5px; text-align: right; vertical-align: top; word-break: normal; border: 1px solid; height: 27px;\">Takavalot<\/td>\n<td style=\"font-family: inherit; font-size: 14px; overflow: hidden; padding: 5px; text-align: center; vertical-align: top; word-break: normal; border: 1px solid; height: 27px;\">LED<\/td>\n<\/tr>\n<tr style=\"height: 27px;\">\n<td style=\"background-color: #e4e1e1; color: #333333; font-family: inherit; font-size: 14px; font-weight: bold; overflow: hidden; padding: 5px; text-align: right; vertical-align: top; word-break: normal; border: 1px solid; height: 27px;\">Jarru<\/td>\n<td style=\"font-family: inherit; font-size: 14px; overflow: hidden; padding: 5px; text-align: center; vertical-align: top; word-break: normal; border: 1px solid; height: 27px;\">hydrauliset levyjarrut edess\u00e4 ja takana<\/td>\n<\/tr>\n<tr style=\"height: 27px;\">\n<td style=\"background-color: #e4e1e1; color: #333333; font-family: inherit; font-size: 14px; font-weight: bold; overflow: hidden; padding: 5px; text-align: right; vertical-align: top; word-break: normal; border: 1px solid; height: 27px;\">Renkaan koko<\/td>\n<td style=\"font-family: inherit; font-size: 14px; overflow: hidden; padding: 5px; text-align: center; vertical-align: top; word-break: normal; border: 1px solid; height: 27px;\">12\"<\/td>\n<\/tr>\n<tr style=\"height: 27px;\">\n<td style=\"background-color: #e4e1e1; color: #333333; font-family: inherit; font-size: 14px; font-weight: bold; overflow: hidden; padding: 5px; text-align: right; vertical-align: top; word-break: normal; border: 1px solid; height: 27px;\">Renkaan tyyppi<\/td>\n<td style=\"font-family: inherit; font-size: 14px; overflow: hidden; padding: 5px; text-align: center; vertical-align: top; word-break: normal; border: 1px solid; height: 27px;\">ilmaregas<\/td>\n<\/tr>\n<tr style=\"height: 27px;\">\n<td style=\"background-color: #e4e1e1; color: #333333; font-family: inherit; font-size: 14px; font-weight: bold; overflow: hidden; padding: 5px; text-align: right; vertical-align: top; word-break: normal; border: 1px solid; height: 27px;\">Moottorisoitu py\u00f6r\u00e4<\/td>\n<td style=\"font-family: inherit; font-size: 14px; overflow: hidden; padding: 5px; text-align: center; vertical-align: top; word-break: normal; border: 1px solid; height: 27px;\">etu- ja takapy\u00f6r\u00e4<\/td>\n<\/tr>\n<tr style=\"height: 27px;\">\n<td style=\"background-color: #e4e1e1; color: #333333; font-family: inherit; font-size: 14px; font-weight: bold; overflow: hidden; padding: 5px; text-align: right; vertical-align: top; word-break: normal; border: 1px solid; height: 27px;\">Tien enim\u00e4iskaltevuus<\/td>\n<td style=\"font-family: inherit; font-size: 14px; overflow: hidden; padding: 5px; text-align: center; vertical-align: top; word-break: normal; border: 1px solid; height: 27px;\">38%<\/td>\n<\/tr>\n<tr style=\"height: 27px;\">\n<td style=\"background-color: #e4e1e1; color: #333333; font-family: inherit; font-size: 14px; font-weight: bold; overflow: hidden; padding: 5px; text-align: right; vertical-align: top; word-break: normal; border: 1px solid; height: 27px;\">Painorajoitus<\/td>\n<td style=\"font-family: inherit; font-size: 14px; overflow: hidden; padding: 5px; text-align: center; vertical-align: top; word-break: normal; border: 1px solid; height: 27px;\">150kg<\/td>\n<\/tr>\n<tr style=\"height: 27px;\">\n<td style=\"background-color: #e4e1e1; color: #333333; font-family: inherit; font-size: 14px; font-weight: bold; overflow: hidden; padding: 5px; text-align: right; vertical-align: top; word-break: normal; border: 1px solid; height: 27px;\">Paino<\/td>\n<td style=\"font-family: inherit; font-size: 14px; overflow: hidden; padding: 5px; text-align: center; vertical-align: top; word-break: normal; border: 1px solid; height: 27px;\">64 kg<\/td>\n<\/tr>\n<\/tbody>\n<\/table>\n<p>\u00a0<\/p>\n","protected":false},"excerpt":{"rendered":"<p><a href=\"http:\/\/www.xn--tuksimaailm-ffb.ee\/kontakt\/\"><strong>L\u00f6ysitk\u00f6 paremman hinnan? Kirjoita meille, niin teemme sinulle paremman tarjouksen!<\/strong><\/a><\/p>\n<p><strong>Kaikki\u00a0<\/strong><a href=\"http:\/\/www.xn--tuksimaailm-ffb.ee\/tootekategooria\/lisavarustus\/\"><strong>lis\u00e4varusteet<\/strong><\/a><strong> ja\u00a0<\/strong><strong><a href=\"http:\/\/www.xn--tuksimaailm-ffb.ee\/tootekategooria\/elektritoukeratta-varuosad\/\">varuosat<\/a><\/strong><strong> ovat -20 %, kun ne ostetaan s\u00e4hk\u00f6skootterin kanssa. Alennus otetaan automaattisesti k\u00e4ytt\u00f6\u00f6n, kun lis\u00e4\u00e4t sen ostoskoriin!<\/strong><\/p>\n<p><em><strong>Toimitusaika: 1-5tp<\/p>\n<p><\/strong><\/em><\/p>\n","protected":false},"featured_media":45077,"template":"","meta":[],"product_brand":[],"product_cat":[926],"product_tag":[],"filter_elektritoukeratas":[],"class_list":{"0":"post-45033","1":"product","2":"type-product","3":"status-publish","4":"has-post-thumbnail","6":"product_cat-sahkopotkulaudat-fi","7":"product_shipping_class-keskmine-pakk-fi","8":"pa_aku-mahutavus-wh-2112-fi","9":"pa_kaal-kg-64-fi","10":"pa_kandevoime-kg-150-fi","11":"pa_labisoit-arvutuslik-km-141-fi","12":"pa_mootorite-arv-kahdella-moottorilla","13":"pa_muuja-platvormil-singlemotor-ou-fi","14":"pa_piiramata-tippkiirus-kmh-25-fi","15":"pa_tootetuup-elektritoukeratas-fi","16":"pa_valmistaja-kugoo-fi","17":"pa_voimsus-w-1000-fi","19":"first","20":"instock","21":"sale","22":"taxable","23":"shipping-taxable","24":"purchasable","25":"product-type-simple"},"yoast_head":"<!-- This site is optimized with the Yoast SEO Premium plugin v26.8 (Yoast SEO v27.5) - https:\/\/yoast.com\/product\/yoast-seo-premium-wordpress\/ -->\n<title>Kugoo KuKirin G4 Max s\u00e4hk\u00f6potkulauta | T\u00f5uksimaailm<\/title>\n<meta name=\"description\" content=\"Kugoo Kirin G4 Max elektrit\u00f5ukeratas. V\u00f5imas ja silmapaistev elektriline t\u00f5ukeratas. V\u00e4ga hea hinna ja j\u00f5udluse suhtega Kugoo elektrit\u00f5ukerattad.\" \/>\n<meta name=\"robots\" content=\"index, follow, max-snippet:-1, max-image-preview:large, max-video-preview:-1\" \/>\n<link rel=\"canonical\" href=\"https:\/\/www.xn--tuksimaailm-ffb.ee\/fi\/shop\/kugoo-kirin-g3-pro-sahkopotkulauta-kopeeri-kopeeri\/\" \/>\n<meta property=\"og:locale\" content=\"fi_FI\" \/>\n<meta property=\"og:type\" content=\"article\" \/>\n<meta property=\"og:title\" content=\"Kugoo KuKirin G4 Max s\u00e4hk\u00f6potkulauta\" \/>\n<meta property=\"og:description\" content=\"Kugoo Kirin G4 Max elektrit\u00f5ukeratas. V\u00f5imas ja silmapaistev elektriline t\u00f5ukeratas. V\u00e4ga hea hinna ja j\u00f5udluse suhtega Kugoo elektrit\u00f5ukerattad.\" \/>\n<meta property=\"og:url\" content=\"https:\/\/www.xn--tuksimaailm-ffb.ee\/fi\/shop\/kugoo-kirin-g3-pro-sahkopotkulauta-kopeeri-kopeeri\/\" \/>\n<meta property=\"og:site_name\" content=\"T\u00f5uksimaailm\" \/>\n<meta property=\"article:publisher\" content=\"https:\/\/www.facebook.com\/touksimaailm\/\" \/>\n<meta property=\"article:modified_time\" content=\"2024-10-29T12:31:24+00:00\" \/>\n<meta property=\"og:image\" content=\"https:\/\/www.xn--tuksimaailm-ffb.ee\/wp-content\/uploads\/2024\/04\/Kuvatommis-2024-04-27-155019.png\" \/>\n\t<meta property=\"og:image:width\" content=\"786\" \/>\n\t<meta property=\"og:image:height\" content=\"782\" \/>\n\t<meta property=\"og:image:type\" content=\"image\/png\" \/>\n<meta name=\"twitter:card\" content=\"summary_large_image\" \/>\n<meta name=\"twitter:label1\" content=\"Hinta\" \/>\n\t<meta name=\"twitter:data1\" content=\"&euro;2,489.00\" \/>\n\t<meta name=\"twitter:label2\" content=\"Saatavuus\" \/>\n\t<meta name=\"twitter:data2\" content=\"Varastossa\" \/>\n<meta property=\"product:price:amount\" content=\"2489.00\" \/>\n<meta property=\"product:price:currency\" content=\"EUR\" \/>\n<meta property=\"og:availability\" content=\"instock\" \/>\n<meta property=\"product:availability\" content=\"instock\" \/>\n<meta property=\"product:retailer_item_id\" content=\"Kugoo-Kirin-G4-Max\" \/>\n<meta property=\"product:condition\" content=\"new\" \/>\n<!-- \/ Yoast SEO Premium plugin. -->","yoast_head_json":{"title":"Kugoo KuKirin G4 Max s\u00e4hk\u00f6potkulauta | T\u00f5uksimaailm","description":"Kugoo Kirin G4 Max elektrit\u00f5ukeratas. V\u00f5imas ja silmapaistev elektriline t\u00f5ukeratas. V\u00e4ga hea hinna ja j\u00f5udluse suhtega Kugoo elektrit\u00f5ukerattad.","robots":{"index":"index","follow":"follow","max-snippet":"max-snippet:-1","max-image-preview":"max-image-preview:large","max-video-preview":"max-video-preview:-1"},"canonical":"https:\/\/www.xn--tuksimaailm-ffb.ee\/fi\/shop\/kugoo-kirin-g3-pro-sahkopotkulauta-kopeeri-kopeeri\/","og_locale":"fi_FI","og_type":"article","og_title":"Kugoo KuKirin G4 Max s\u00e4hk\u00f6potkulauta","og_description":"Kugoo Kirin G4 Max elektrit\u00f5ukeratas. V\u00f5imas ja silmapaistev elektriline t\u00f5ukeratas. V\u00e4ga hea hinna ja j\u00f5udluse suhtega Kugoo elektrit\u00f5ukerattad.","og_url":"https:\/\/www.xn--tuksimaailm-ffb.ee\/fi\/shop\/kugoo-kirin-g3-pro-sahkopotkulauta-kopeeri-kopeeri\/","og_site_name":"T\u00f5uksimaailm","article_publisher":"https:\/\/www.facebook.com\/touksimaailm\/","article_modified_time":"2024-10-29T12:31:24+00:00","og_image":[{"width":786,"height":782,"url":"https:\/\/www.xn--tuksimaailm-ffb.ee\/wp-content\/uploads\/2024\/04\/Kuvatommis-2024-04-27-155019.png","type":"image\/png"}],"twitter_card":"summary_large_image","twitter_misc":{"Hinta":"&euro;2,489.00","Saatavuus":"Varastossa"},"schema":{"@context":"https:\/\/schema.org","@graph":[{"@type":"WebPage","@id":"https:\/\/www.xn--tuksimaailm-ffb.ee\/fi\/shop\/kugoo-kirin-g3-pro-sahkopotkulauta-kopeeri-kopeeri\/","url":"https:\/\/www.xn--tuksimaailm-ffb.ee\/fi\/shop\/kugoo-kirin-g3-pro-sahkopotkulauta-kopeeri-kopeeri\/","name":"Kugoo KuKirin G4 Max s\u00e4hk\u00f6potkulauta | T\u00f5uksimaailm","isPartOf":{"@id":"https:\/\/www.xn--tuksimaailm-ffb.ee\/fi\/#website"},"primaryImageOfPage":{"@id":"https:\/\/www.xn--tuksimaailm-ffb.ee\/fi\/shop\/kugoo-kirin-g3-pro-sahkopotkulauta-kopeeri-kopeeri\/#primaryimage"},"image":{"@id":"https:\/\/www.xn--tuksimaailm-ffb.ee\/fi\/shop\/kugoo-kirin-g3-pro-sahkopotkulauta-kopeeri-kopeeri\/#primaryimage"},"thumbnailUrl":"https:\/\/www.xn--tuksimaailm-ffb.ee\/wp-content\/uploads\/2024\/04\/Kuvatommis-2024-04-27-155019.png","datePublished":"2024-04-27T12:17:42+00:00","dateModified":"2024-10-29T12:31:24+00:00","description":"Kugoo Kirin G4 Max elektrit\u00f5ukeratas. V\u00f5imas ja silmapaistev elektriline t\u00f5ukeratas. V\u00e4ga hea hinna ja j\u00f5udluse suhtega Kugoo elektrit\u00f5ukerattad.","breadcrumb":{"@id":"https:\/\/www.xn--tuksimaailm-ffb.ee\/fi\/shop\/kugoo-kirin-g3-pro-sahkopotkulauta-kopeeri-kopeeri\/#breadcrumb"},"inLanguage":"fi","potentialAction":[{"@type":"ReadAction","target":["https:\/\/www.xn--tuksimaailm-ffb.ee\/fi\/shop\/kugoo-kirin-g3-pro-sahkopotkulauta-kopeeri-kopeeri\/"]}]},{"@type":"ImageObject","inLanguage":"fi","@id":"https:\/\/www.xn--tuksimaailm-ffb.ee\/fi\/shop\/kugoo-kirin-g3-pro-sahkopotkulauta-kopeeri-kopeeri\/#primaryimage","url":"https:\/\/www.xn--tuksimaailm-ffb.ee\/wp-content\/uploads\/2024\/04\/Kuvatommis-2024-04-27-155019.png","contentUrl":"https:\/\/www.xn--tuksimaailm-ffb.ee\/wp-content\/uploads\/2024\/04\/Kuvatommis-2024-04-27-155019.png","width":786,"height":782,"caption":"kugoo kirin kukirin g4 max elektrit\u00f5ukeratas elektrilised t\u00f5ukerattad liikurid maastiku t\u00f5uksid elektriline t\u00f5ukeratas 1"},{"@type":"BreadcrumbList","@id":"https:\/\/www.xn--tuksimaailm-ffb.ee\/fi\/shop\/kugoo-kirin-g3-pro-sahkopotkulauta-kopeeri-kopeeri\/#breadcrumb","itemListElement":[{"@type":"ListItem","position":1,"name":"Home","item":"https:\/\/www.xn--tuksimaailm-ffb.ee\/fi\/kotisivu\/"},{"@type":"ListItem","position":2,"name":"Kauppa","item":"https:\/\/www.xn--tuksimaailm-ffb.ee\/elektritoukerataste-pood\/"},{"@type":"ListItem","position":3,"name":"Kugoo KuKirin G4 Max s\u00e4hk\u00f6potkulauta"}]},{"@type":"WebSite","@id":"https:\/\/www.xn--tuksimaailm-ffb.ee\/fi\/#website","url":"https:\/\/www.xn--tuksimaailm-ffb.ee\/fi\/","name":"T\u00f5uksimaailm","description":"Elektrit\u00f5ukerataste m\u00fc\u00fck, remont ja rent","publisher":{"@id":"https:\/\/www.xn--tuksimaailm-ffb.ee\/fi\/#organization"},"potentialAction":[{"@type":"SearchAction","target":{"@type":"EntryPoint","urlTemplate":"https:\/\/www.xn--tuksimaailm-ffb.ee\/fi\/?s={search_term_string}"},"query-input":{"@type":"PropertyValueSpecification","valueRequired":true,"valueName":"search_term_string"}}],"inLanguage":"fi"},{"@type":"Organization","@id":"https:\/\/www.xn--tuksimaailm-ffb.ee\/fi\/#organization","name":"T\u00f5uksimaailm","url":"https:\/\/www.xn--tuksimaailm-ffb.ee\/fi\/","logo":{"@type":"ImageObject","inLanguage":"fi","@id":"https:\/\/www.xn--tuksimaailm-ffb.ee\/fi\/#\/schema\/logo\/image\/","url":"https:\/\/www.xn--tuksimaailm-ffb.ee\/wp-content\/uploads\/2020\/01\/logoz-e1579792875517.png","contentUrl":"https:\/\/www.xn--tuksimaailm-ffb.ee\/wp-content\/uploads\/2020\/01\/logoz-e1579792875517.png","width":250,"height":250,"caption":"T\u00f5uksimaailm"},"image":{"@id":"https:\/\/www.xn--tuksimaailm-ffb.ee\/fi\/#\/schema\/logo\/image\/"},"sameAs":["https:\/\/www.facebook.com\/touksimaailm\/","https:\/\/www.instagram.com\/touksimaailm_\/","https:\/\/www.youtube.com\/channel\/UC18ml0EKIDLP1xGuQjFzcXQ"]}]},"product_price_amount":"2489.00","product_price_currency":"EUR","og_availability":"instock","product_availability":"instock","product_retailer_item_id":"Kugoo-Kirin-G4-Max","product_condition":"new"},"jetpack_sharing_enabled":true,"_links":{"self":[{"href":"https:\/\/www.xn--tuksimaailm-ffb.ee\/fi\/wp-json\/wp\/v2\/product\/45033","targetHints":{"allow":["GET"]}}],"collection":[{"href":"https:\/\/www.xn--tuksimaailm-ffb.ee\/fi\/wp-json\/wp\/v2\/product"}],"about":[{"href":"https:\/\/www.xn--tuksimaailm-ffb.ee\/fi\/wp-json\/wp\/v2\/types\/product"}],"wp:featuredmedia":[{"embeddable":true,"href":"https:\/\/www.xn--tuksimaailm-ffb.ee\/fi\/wp-json\/wp\/v2\/media\/45077"}],"wp:attachment":[{"href":"https:\/\/www.xn--tuksimaailm-ffb.ee\/fi\/wp-json\/wp\/v2\/media?parent=45033"}],"wp:term":[{"taxonomy":"product_brand","embeddable":true,"href":"https:\/\/www.xn--tuksimaailm-ffb.ee\/fi\/wp-json\/wp\/v2\/product_brand?post=45033"},{"taxonomy":"product_cat","embeddable":true,"href":"https:\/\/www.xn--tuksimaailm-ffb.ee\/fi\/wp-json\/wp\/v2\/product_cat?post=45033"},{"taxonomy":"product_tag","embeddable":true,"href":"https:\/\/www.xn--tuksimaailm-ffb.ee\/fi\/wp-json\/wp\/v2\/product_tag?post=45033"},{"taxonomy":"filter_elektritoukeratas","embeddable":true,"href":"https:\/\/www.xn--tuksimaailm-ffb.ee\/fi\/wp-json\/wp\/v2\/filter_elektritoukeratas?post=45033"}],"curies":[{"name":"wp","href":"https:\/\/api.w.org\/{rel}","templated":true}]}}