{"id":47337,"date":"2024-07-16T12:06:27","date_gmt":"2024-07-16T09:06:27","guid":{"rendered":"http:\/\/www.xn--tuksimaailm-ffb.ee\/?post_type=product&#038;p=47337"},"modified":"2025-07-23T17:14:32","modified_gmt":"2025-07-23T14:14:32","slug":"kugoo-g2-pro-sahkopotkulauta-kopeeri","status":"publish","type":"product","link":"https:\/\/www.xn--tuksimaailm-ffb.ee\/fi\/shop\/kugoo-g2-pro-sahkopotkulauta-kopeeri\/","title":{"rendered":"Kugoo KuKirin G2 (2025) s\u00e4hk\u00f6potkulauta"},"content":{"rendered":"<h2 style=\"text-align: center;\">KUGOO KUKIRIN G2 2024 S\u00c4HK\u00d6POTKULAUTA - TUOTEKUVAUS<\/h2>\n<p style=\"caret-color: #000000; color: #000000;\">Kugoo KuKirin G2 (2024) on seuraavan sukupolven s\u00e4hk\u00f6skootteri, jossa yhdistyv\u00e4t tyylik\u00e4s muotoilu sek\u00e4 tehokas ja monipuolinen ajokokemus. Kugoo-s\u00e4hk\u00f6skootterit on suunniteltu niille, jotka etsiv\u00e4t tasapainoa jokap\u00e4iv\u00e4isen kaupunki- ja maastoajon v\u00e4lill\u00e4, ja ne tarjoavat sujuvan ja mukavan kokemuksen erilaisissa maastoissa. Kugoo G2 (2024) -s\u00e4hk\u00f6skootteri jatkaa perinteit\u00e4 ja tarjoaa erinomaista suorituskyky\u00e4 ja kest\u00e4vyytt\u00e4 samalla, kun se esittelee uusia ominaisuuksia ja parannuksia, jotka erottavat sen kilpailijoista. Yksi Kugoo G2:n vaikuttavimmista piirteist\u00e4 on sen tehokas<strong>\u00a0800 W:n<\/strong>\u00a0moottori, joka tarjoaa runsaasti v\u00e4\u00e4nt\u00f6\u00e4 ja kiihtyvyytt\u00e4 ja saavuttaa jopa\u00a0<strong>25 km\/h<\/strong>\u00a0huippunopeuden. S\u00e4hk\u00f6skootterin suurikapasiteettisen\u00a0<strong>48V\/15Ah<\/strong>\u00a0litiumioniakun ansiosta se voi kulkea jopa\u00a0<strong>55 km<\/strong>\u00a0yhdell\u00e4 latauksella ja latautua t\u00e4ysin\u00a0<strong>0-100%:sta 6-8 tunnissa<\/strong>, joten se on luotettava valinta pidemmille ajomatkoille. T\u00e4m\u00e4 nopeuden ja kantaman yhdistelm\u00e4 tekee Kugoo G2:sta erinomaisen valinnan sek\u00e4 tehokkuutta ett\u00e4 seikkailua etsiville kuljettajille.<\/p>\n<p style=\"caret-color: #000000; color: #000000;\">Kugoo KuKirin G2 -runko on valmistettu laadukkaista ja kest\u00e4vist\u00e4 materiaaleista, jotka kest\u00e4v\u00e4t jopa\u00a0<strong>130 kg.<\/strong>\u00a0Rungon kest\u00e4vyytt\u00e4 t\u00e4ydent\u00e4\u00e4 p\u00e4ivitetty\u00a0<strong>etu- ja takajousitus<\/strong>, joka v\u00e4hent\u00e4\u00e4 merkitt\u00e4v\u00e4sti t\u00e4rin\u00e4\u00e4 ja ihottumaa ep\u00e4tasaisilla pinnoilla ja tarjoaa vakaan ja nautinnollisen ajon. Turvallisuus on t\u00e4rke\u00e4 n\u00e4k\u00f6kohta, mink\u00e4 vuoksi Kugoo G2 (2024) on\u00a0<strong>varustettu etu- ja takalevyjarruilla<\/strong>, jotka tarjoavat luotettavan jarrutustehon erilaisissa maastoissa ja s\u00e4\u00e4olosuhteissa. Kugoo G2 -s\u00e4hk\u00f6potkulauta on varustettu\u00a0<strong>innovatiivisella digitaalisella n\u00e4yt\u00f6ll\u00e4<\/strong>, joka pit\u00e4\u00e4 kuljettajan ajan tasalla nopeudesta, akun varaustasosta ja ajotiloista. Mukavuuden vuoksi Kugoo G2:ssa on my\u00f6s yksinkertainen taittomekanismi, joka tekee siit\u00e4 kannettavan ja helposti s\u00e4ilytett\u00e4v\u00e4n, kun sit\u00e4 ei k\u00e4ytet\u00e4. Kugoo KuKirin G2 vie s\u00e4hk\u00f6skootterikokemuksen uudelle tasolle, sill\u00e4 se tarjoaa loistavaa suorituskyky\u00e4 ja harkittuja muotoiluominaisuuksia, jotka sopivat niin seikkailunhaluisille ajajille kuin jokap\u00e4iv\u00e4isille ajeluillekin.<\/p>\n<p><iframe title=\"KuKirin G2 - Upgrade Your Commute with the Future of Urban Mobility!\" width=\"1082\" height=\"609\" src=\"https:\/\/www.youtube.com\/embed\/WJ6_bxCo22I?feature=oembed\" frameborder=\"0\" allow=\"accelerometer; autoplay; clipboard-write; encrypted-media; gyroscope; picture-in-picture; web-share\" referrerpolicy=\"strict-origin-when-cross-origin\" allowfullscreen><\/iframe><\/p>\n<h2 style=\"text-align: center;\">TURVALLISUUS<\/h2>\n<p>S\u00e4hk\u00f6skootterit ovat sek\u00e4 k\u00e4yt\u00e4nn\u00f6llinen ett\u00e4 hauska tapa p\u00e4\u00e4st\u00e4 pisteest\u00e4 A pisteeseen B. Kyp\u00e4r\u00e4n k\u00e4ytt\u00e4minen on eritt\u00e4in suositeltavaa s\u00e4hk\u00f6potkulautaa k\u00e4ytett\u00e4ess\u00e4. Alle 16-vuotiaiden kuljettajien on lain mukaan pakko k\u00e4ytt\u00e4\u00e4 kyp\u00e4r\u00e4\u00e4 s\u00e4hk\u00f6skootterilla ajettaessa. Kaikki s\u00e4hk\u00f6skootterit l\u00f6ytyv\u00e4t <a href=\"http:\/\/www.xn--tuksimaailm-ffb.ee\/tootekategooria\/elektritoukeratas\/\"><strong>t\u00e4st\u00e4<\/strong><\/a>.<\/p>\n<p><strong>Kun ostat s\u00e4hk\u00f6potkulaudan kaupastamme, saat kaikki <a href=\"http:\/\/www.xn--tuksimaailm-ffb.ee\/tootekategooria\/lisavarustus\/\">lis\u00e4varusteet<\/a> -20%!<\/strong><\/p>\n<p><span style=\"font-size: 12pt;\"><strong style=\"box-sizing: inherit; margin: 0px; padding: 0px; border: 0px; font-variant-numeric: inherit; font-variant-east-asian: inherit; font-stretch: inherit; line-height: inherit;\">Kugoo\u00a0<strong style=\"box-sizing: inherit; margin: 0px; padding: 0px; border: 0px; font-variant-numeric: inherit; font-variant-east-asian: inherit; font-stretch: inherit; line-height: inherit;\">KuKirin G2 (2024)<\/strong>\u00a0-s\u00e4hk\u00f6potkulauta on Viron liikennelain mukainen katuoikeudellinen kevytskootteri, jonka valmistajan teho on 1000W ja valmistajan nopeus 25km\/h. HUOM: Jos k\u00e4ytt\u00e4j\u00e4 on itsen\u00e4isesti muuttanut s\u00e4hk\u00f6potkulautaa nopeammaksi tai tehokkaammaksi kuin edell\u00e4 mainitut parametrit, ei T\u00f5uksimaailm ole vastuussa lain rikkomisesta aiheutuvista sakoista, s\u00e4hk\u00f6potkulautan takavarikoimisesta poliisin toimesta tai mist\u00e4\u00e4n muustakaan rikkomisesta aiheutuneesta vahingosta.<\/strong><\/span><\/p>\n<table class=\"tg\" style=\"border-collapse: collapse; max-width: 600px; border-spacing: 0; margin: 0px auto;\">\n<tbody>\n<tr>\n<td style=\"background-color: #e4e1e1; color: #333333; font-family: inherit; font-size: 14px; font-weight: bold; overflow: hidden; padding: 5px 5px; text-align: center; vertical-align: top; word-break: normal; border: 1px solid;\" colspan=\"2\">Tekniset tiedot<\/td>\n<\/tr>\n<tr>\n<td style=\"background-color: #e4e1e1; color: #333333; font-family: inherit; font-size: 14px; font-weight: bold; overflow: hidden; padding: 5px 5px; text-align: right; vertical-align: top; word-break: normal; border: 1px solid;\">Paino<\/td>\n<td style=\"font-family: inherit; font-size: 14px; overflow: hidden; padding: 5px 5px; text-align: center; vertical-align: top; word-break: normal; border: 1px solid;\">23 kg<\/td>\n<\/tr>\n<tr>\n<td style=\"background-color: #e4e1e1; color: #333333; font-family: inherit; font-size: 14px; font-weight: bold; overflow: hidden; padding: 5px 5px; text-align: right; vertical-align: top; word-break: normal; border: 1px solid;\">Nopeus<\/td>\n<td style=\"font-family: inherit; font-size: 14px; overflow: hidden; padding: 5px 5px; text-align: center; vertical-align: top; word-break: normal; border: 1px solid;\">valmistusnopeus 25km\/h<\/td>\n<\/tr>\n<tr>\n<td style=\"background-color: #e4e1e1; color: #333333; font-family: inherit; font-size: 14px; font-weight: bold; overflow: hidden; padding: 5px 5px; text-align: right; vertical-align: top; word-break: normal; border: 1px solid;\">Akku<\/td>\n<td style=\"font-family: inherit; font-size: 14px; overflow: hidden; padding: 5px 5px; text-align: center; vertical-align: top; word-break: normal; border: 1px solid;\">48V\/15Ah\/720Wh<\/td>\n<\/tr>\n<tr>\n<td style=\"background-color: #e4e1e1; color: #333333; font-family: inherit; font-size: 14px; font-weight: bold; overflow: hidden; padding: 5px 5px; text-align: right; vertical-align: top; word-break: normal; border: 1px solid;\">Mootori<\/td>\n<td style=\"font-family: inherit; font-size: 14px; overflow: hidden; padding: 5px 5px; text-align: center; vertical-align: top; word-break: normal; border: 1px solid;\">800W<\/td>\n<\/tr>\n<tr>\n<td style=\"background-color: #e4e1e1; color: #333333; font-family: inherit; font-size: 14px; font-weight: bold; overflow: hidden; padding: 5px 5px; text-align: right; vertical-align: top; word-break: normal; border: 1px solid;\">Vedenpit\u00e4vyys<\/td>\n<td style=\"font-family: inherit; font-size: 14px; overflow: hidden; padding: 5px 5px; text-align: center; vertical-align: top; word-break: normal; border: 1px solid;\">IP54<\/td>\n<\/tr>\n<tr>\n<td style=\"background-color: #e4e1e1; color: #333333; font-family: inherit; font-size: 14px; font-weight: bold; overflow: hidden; padding: 5px 5px; text-align: right; vertical-align: top; word-break: normal; border: 1px solid;\">Latausaika<\/td>\n<td style=\"font-family: inherit; font-size: 14px; overflow: hidden; padding: 5px 5px; text-align: center; vertical-align: top; word-break: normal; border: 1px solid;\">6-8h<\/td>\n<\/tr>\n<tr>\n<td style=\"background-color: #e4e1e1; color: #333333; font-family: inherit; font-size: 14px; font-weight: bold; overflow: hidden; padding: 5px 5px; text-align: right; vertical-align: top; word-break: normal; border: 1px solid;\">Ajomatka (valmistajan m\u00e4\u00e4rittely) | Laskettu ajomatka<\/td>\n<td style=\"font-family: inherit; font-size: 14px; overflow: hidden; padding: 5px 5px; text-align: center; vertical-align: top; word-break: normal; border: 1px solid;\">jopa 55km (tieolosuhteista, k\u00e4ytt\u00e4j\u00e4n painosta ja ajotilasta riippuen)<\/td>\n<\/tr>\n<tr>\n<td style=\"background-color: #e4e1e1; color: #333333; font-family: inherit; font-size: 14px; font-weight: bold; overflow: hidden; padding: 5px 5px; text-align: right; vertical-align: top; word-break: normal; border: 1px solid;\">Valot<\/td>\n<td style=\"font-family: inherit; font-size: 14px; overflow: hidden; padding: 5px 5px; text-align: center; vertical-align: top; word-break: normal; border: 1px solid;\">Kirkkaat LED-etu- ja takavalot, integroidut suuntavilkut, jarruvalo<\/td>\n<\/tr>\n<tr>\n<td style=\"background-color: #e4e1e1; color: #333333; font-family: inherit; font-size: 14px; font-weight: bold; overflow: hidden; padding: 5px 5px; text-align: right; vertical-align: top; word-break: normal; border: 1px solid;\">Jarrut<\/td>\n<td style=\"font-family: inherit; font-size: 14px; overflow: hidden; padding: 5px 5px; text-align: center; vertical-align: top; word-break: normal; border: 1px solid;\">etu- ja takalevyjarrut<\/td>\n<\/tr>\n<tr>\n<td style=\"background-color: #e4e1e1; color: #333333; font-family: inherit; font-size: 14px; font-weight: bold; overflow: hidden; padding: 5px 5px; text-align: right; vertical-align: top; word-break: normal; border: 1px solid;\">Renkaat<\/td>\n<td style=\"font-family: inherit; font-size: 14px; overflow: hidden; padding: 5px 5px; text-align: center; vertical-align: top; word-break: normal; border: 1px solid;\">10\" ilmarenkaat<\/td>\n<\/tr>\n<tr>\n<td style=\"background-color: #e4e1e1; color: #333333; font-family: inherit; font-size: 14px; font-weight: bold; overflow: hidden; padding: 5px 5px; text-align: right; vertical-align: top; word-break: normal; border: 1px solid;\">Suurin kantavuus<\/td>\n<td style=\"font-family: inherit; font-size: 14px; overflow: hidden; padding: 5px 5px; text-align: center; vertical-align: top; word-break: normal; border: 1px solid;\">120kg<\/td>\n<\/tr>\n<tr>\n<td style=\"background-color: #e4e1e1; color: #333333; font-family: inherit; font-size: 14px; font-weight: bold; overflow: hidden; padding: 5px 5px; text-align: right; vertical-align: top; word-break: normal; border: 1px solid;\">Suurin kaltevus<\/td>\n<td style=\"font-family: inherit; font-size: 14px; overflow: hidden; padding: 5px 5px; text-align: center; vertical-align: top; word-break: normal; border: 1px solid;\"><span style=\"background-color: #eeeeee;\">jopa 20\u00b0<\/span><\/td>\n<\/tr>\n<\/tbody>\n<\/table>\n","protected":false},"excerpt":{"rendered":"<p><strong>Kaikki lis\u00e4varusteet ja varaosat ovat -20%, kun ne ostetaan s\u00e4hk\u00f6skootterin kanssa. Alennus otetaan automaattisesti k\u00e4ytt\u00f6\u00f6n, kun lis\u00e4\u00e4t sen ostoskoriin!<\/strong><\/p>\n<p><em><strong>Toimitusaika: 0-3tp<\/strong><\/em><\/p>\n<p>&nbsp;<\/p>\n","protected":false},"featured_media":47346,"template":"","meta":[],"product_brand":[],"product_cat":[926],"product_tag":[916],"filter_elektritoukeratas":[],"class_list":{"0":"post-47337","1":"product","2":"type-product","3":"status-publish","4":"has-post-thumbnail","6":"product_cat-sahkopotkulaudat-fi","7":"product_tag-esilehe-tooted-fi","8":"product_shipping_class-keskmine-pakk-fi","9":"pa_aku-mahutavus-wh-720-fi","10":"pa_kaal-kg-26-fi","11":"pa_kandevoime-kg-120-fi","12":"pa_labisoit-arvutuslik-km-55-fi","13":"pa_mootorite-arv-uhe-mootoriga-fi","14":"pa_muuja-platvormil-kaks-max-ou-fi","15":"pa_piiramata-tippkiirus-kmh-25-fi","16":"pa_tootetuup-elektritoukeratas-fi","17":"pa_valmistaja-kugoo-fi","18":"pa_voimsus-w-800-fi","20":"first","21":"instock","22":"sale","23":"taxable","24":"shipping-taxable","25":"purchasable","26":"product-type-simple"},"yoast_head":"<!-- This site is optimized with the Yoast SEO Premium plugin v26.8 (Yoast SEO v27.5) - https:\/\/yoast.com\/product\/yoast-seo-premium-wordpress\/ -->\n<title>Kugoo KuKirin G2 (2025) s\u00e4hk\u00f6potkulauta | Kompaktne | T\u00f5uksimaailm<\/title>\n<meta name=\"description\" content=\"Kugoo G2 Pro elektrit\u00f5ukeratas. Mugav, \u00f5hkrehvidega ja vedrustusega kompaktne elektriline t\u00f5ukeratas. Soodsad Kugoo elektrit\u00f5ukerattad.\" \/>\n<meta name=\"robots\" content=\"index, follow, max-snippet:-1, max-image-preview:large, max-video-preview:-1\" \/>\n<link rel=\"canonical\" href=\"https:\/\/www.xn--tuksimaailm-ffb.ee\/fi\/shop\/kugoo-g2-pro-sahkopotkulauta-kopeeri\/\" \/>\n<meta property=\"og:locale\" content=\"fi_FI\" \/>\n<meta property=\"og:type\" content=\"article\" \/>\n<meta property=\"og:title\" content=\"Kugoo KuKirin G2 (2025) s\u00e4hk\u00f6potkulauta\" \/>\n<meta property=\"og:description\" content=\"Kugoo G2 Pro elektrit\u00f5ukeratas. Mugav, \u00f5hkrehvidega ja vedrustusega kompaktne elektriline t\u00f5ukeratas. Soodsad Kugoo elektrit\u00f5ukerattad.\" \/>\n<meta property=\"og:url\" content=\"https:\/\/www.xn--tuksimaailm-ffb.ee\/fi\/shop\/kugoo-g2-pro-sahkopotkulauta-kopeeri\/\" \/>\n<meta property=\"og:site_name\" content=\"T\u00f5uksimaailm\" \/>\n<meta property=\"article:publisher\" content=\"https:\/\/www.facebook.com\/touksimaailm\/\" \/>\n<meta property=\"article:modified_time\" content=\"2025-07-23T14:14:32+00:00\" \/>\n<meta property=\"og:image\" content=\"https:\/\/www.xn--tuksimaailm-ffb.ee\/wp-content\/uploads\/2024\/07\/5a536df6c1034339c929803818cada9b_1920x.webp\" \/>\n\t<meta property=\"og:image:width\" content=\"800\" \/>\n\t<meta property=\"og:image:height\" content=\"800\" \/>\n\t<meta property=\"og:image:type\" content=\"image\/webp\" \/>\n<meta name=\"twitter:card\" content=\"summary_large_image\" \/>\n<meta name=\"twitter:label1\" content=\"Hinta\" \/>\n\t<meta name=\"twitter:data1\" content=\"&euro;629.00\" \/>\n\t<meta name=\"twitter:label2\" content=\"Saatavuus\" \/>\n\t<meta name=\"twitter:data2\" content=\"Varastossa\" \/>\n<meta property=\"product:price:amount\" content=\"629.00\" \/>\n<meta property=\"product:price:currency\" content=\"EUR\" \/>\n<meta property=\"og:availability\" content=\"instock\" \/>\n<meta property=\"product:availability\" content=\"instock\" \/>\n<meta property=\"product:retailer_item_id\" content=\"Kugoo-G2\" \/>\n<meta property=\"product:condition\" content=\"new\" \/>\n<!-- \/ Yoast SEO Premium plugin. -->","yoast_head_json":{"title":"Kugoo KuKirin G2 (2025) s\u00e4hk\u00f6potkulauta | Kompaktne | T\u00f5uksimaailm","description":"Kugoo G2 Pro elektrit\u00f5ukeratas. Mugav, \u00f5hkrehvidega ja vedrustusega kompaktne elektriline t\u00f5ukeratas. Soodsad Kugoo elektrit\u00f5ukerattad.","robots":{"index":"index","follow":"follow","max-snippet":"max-snippet:-1","max-image-preview":"max-image-preview:large","max-video-preview":"max-video-preview:-1"},"canonical":"https:\/\/www.xn--tuksimaailm-ffb.ee\/fi\/shop\/kugoo-g2-pro-sahkopotkulauta-kopeeri\/","og_locale":"fi_FI","og_type":"article","og_title":"Kugoo KuKirin G2 (2025) s\u00e4hk\u00f6potkulauta","og_description":"Kugoo G2 Pro elektrit\u00f5ukeratas. Mugav, \u00f5hkrehvidega ja vedrustusega kompaktne elektriline t\u00f5ukeratas. Soodsad Kugoo elektrit\u00f5ukerattad.","og_url":"https:\/\/www.xn--tuksimaailm-ffb.ee\/fi\/shop\/kugoo-g2-pro-sahkopotkulauta-kopeeri\/","og_site_name":"T\u00f5uksimaailm","article_publisher":"https:\/\/www.facebook.com\/touksimaailm\/","article_modified_time":"2025-07-23T14:14:32+00:00","og_image":[{"width":800,"height":800,"url":"https:\/\/www.xn--tuksimaailm-ffb.ee\/wp-content\/uploads\/2024\/07\/5a536df6c1034339c929803818cada9b_1920x.webp","type":"image\/webp"}],"twitter_card":"summary_large_image","twitter_misc":{"Hinta":"&euro;629.00","Saatavuus":"Varastossa"},"schema":{"@context":"https:\/\/schema.org","@graph":[{"@type":"WebPage","@id":"https:\/\/www.xn--tuksimaailm-ffb.ee\/fi\/shop\/kugoo-g2-pro-sahkopotkulauta-kopeeri\/","url":"https:\/\/www.xn--tuksimaailm-ffb.ee\/fi\/shop\/kugoo-g2-pro-sahkopotkulauta-kopeeri\/","name":"Kugoo KuKirin G2 (2025) s\u00e4hk\u00f6potkulauta | Kompaktne | T\u00f5uksimaailm","isPartOf":{"@id":"https:\/\/www.xn--tuksimaailm-ffb.ee\/fi\/#website"},"primaryImageOfPage":{"@id":"https:\/\/www.xn--tuksimaailm-ffb.ee\/fi\/shop\/kugoo-g2-pro-sahkopotkulauta-kopeeri\/#primaryimage"},"image":{"@id":"https:\/\/www.xn--tuksimaailm-ffb.ee\/fi\/shop\/kugoo-g2-pro-sahkopotkulauta-kopeeri\/#primaryimage"},"thumbnailUrl":"https:\/\/www.xn--tuksimaailm-ffb.ee\/wp-content\/uploads\/2024\/07\/5a536df6c1034339c929803818cada9b_1920x.webp","datePublished":"2024-07-16T09:06:27+00:00","dateModified":"2025-07-23T14:14:32+00:00","description":"Kugoo G2 Pro elektrit\u00f5ukeratas. Mugav, \u00f5hkrehvidega ja vedrustusega kompaktne elektriline t\u00f5ukeratas. Soodsad Kugoo elektrit\u00f5ukerattad.","breadcrumb":{"@id":"https:\/\/www.xn--tuksimaailm-ffb.ee\/fi\/shop\/kugoo-g2-pro-sahkopotkulauta-kopeeri\/#breadcrumb"},"inLanguage":"fi","potentialAction":[{"@type":"ReadAction","target":["https:\/\/www.xn--tuksimaailm-ffb.ee\/fi\/shop\/kugoo-g2-pro-sahkopotkulauta-kopeeri\/"]}]},{"@type":"ImageObject","inLanguage":"fi","@id":"https:\/\/www.xn--tuksimaailm-ffb.ee\/fi\/shop\/kugoo-g2-pro-sahkopotkulauta-kopeeri\/#primaryimage","url":"https:\/\/www.xn--tuksimaailm-ffb.ee\/wp-content\/uploads\/2024\/07\/5a536df6c1034339c929803818cada9b_1920x.webp","contentUrl":"https:\/\/www.xn--tuksimaailm-ffb.ee\/wp-content\/uploads\/2024\/07\/5a536df6c1034339c929803818cada9b_1920x.webp","width":800,"height":800,"caption":"Kugoo g2 2024 elektrit\u00f5ukeratas elektriline t\u00f5ukeratas electric scooter elektrit\u00f5ukerattad elektrilised t\u00f5ukerattad 2"},{"@type":"BreadcrumbList","@id":"https:\/\/www.xn--tuksimaailm-ffb.ee\/fi\/shop\/kugoo-g2-pro-sahkopotkulauta-kopeeri\/#breadcrumb","itemListElement":[{"@type":"ListItem","position":1,"name":"Home","item":"https:\/\/www.xn--tuksimaailm-ffb.ee\/fi\/kotisivu\/"},{"@type":"ListItem","position":2,"name":"Kauppa","item":"https:\/\/www.xn--tuksimaailm-ffb.ee\/elektritoukerataste-pood\/"},{"@type":"ListItem","position":3,"name":"Kugoo KuKirin G2 (2025) s\u00e4hk\u00f6potkulauta"}]},{"@type":"WebSite","@id":"https:\/\/www.xn--tuksimaailm-ffb.ee\/fi\/#website","url":"https:\/\/www.xn--tuksimaailm-ffb.ee\/fi\/","name":"T\u00f5uksimaailm","description":"Elektrit\u00f5ukerataste m\u00fc\u00fck, remont ja rent","publisher":{"@id":"https:\/\/www.xn--tuksimaailm-ffb.ee\/fi\/#organization"},"potentialAction":[{"@type":"SearchAction","target":{"@type":"EntryPoint","urlTemplate":"https:\/\/www.xn--tuksimaailm-ffb.ee\/fi\/?s={search_term_string}"},"query-input":{"@type":"PropertyValueSpecification","valueRequired":true,"valueName":"search_term_string"}}],"inLanguage":"fi"},{"@type":"Organization","@id":"https:\/\/www.xn--tuksimaailm-ffb.ee\/fi\/#organization","name":"T\u00f5uksimaailm","url":"https:\/\/www.xn--tuksimaailm-ffb.ee\/fi\/","logo":{"@type":"ImageObject","inLanguage":"fi","@id":"https:\/\/www.xn--tuksimaailm-ffb.ee\/fi\/#\/schema\/logo\/image\/","url":"https:\/\/www.xn--tuksimaailm-ffb.ee\/wp-content\/uploads\/2020\/01\/logoz-e1579792875517.png","contentUrl":"https:\/\/www.xn--tuksimaailm-ffb.ee\/wp-content\/uploads\/2020\/01\/logoz-e1579792875517.png","width":250,"height":250,"caption":"T\u00f5uksimaailm"},"image":{"@id":"https:\/\/www.xn--tuksimaailm-ffb.ee\/fi\/#\/schema\/logo\/image\/"},"sameAs":["https:\/\/www.facebook.com\/touksimaailm\/","https:\/\/www.instagram.com\/touksimaailm_\/","https:\/\/www.youtube.com\/channel\/UC18ml0EKIDLP1xGuQjFzcXQ"]}]},"product_price_amount":"629.00","product_price_currency":"EUR","og_availability":"instock","product_availability":"instock","product_retailer_item_id":"Kugoo-G2","product_condition":"new"},"jetpack_sharing_enabled":true,"_links":{"self":[{"href":"https:\/\/www.xn--tuksimaailm-ffb.ee\/fi\/wp-json\/wp\/v2\/product\/47337","targetHints":{"allow":["GET"]}}],"collection":[{"href":"https:\/\/www.xn--tuksimaailm-ffb.ee\/fi\/wp-json\/wp\/v2\/product"}],"about":[{"href":"https:\/\/www.xn--tuksimaailm-ffb.ee\/fi\/wp-json\/wp\/v2\/types\/product"}],"wp:featuredmedia":[{"embeddable":true,"href":"https:\/\/www.xn--tuksimaailm-ffb.ee\/fi\/wp-json\/wp\/v2\/media\/47346"}],"wp:attachment":[{"href":"https:\/\/www.xn--tuksimaailm-ffb.ee\/fi\/wp-json\/wp\/v2\/media?parent=47337"}],"wp:term":[{"taxonomy":"product_brand","embeddable":true,"href":"https:\/\/www.xn--tuksimaailm-ffb.ee\/fi\/wp-json\/wp\/v2\/product_brand?post=47337"},{"taxonomy":"product_cat","embeddable":true,"href":"https:\/\/www.xn--tuksimaailm-ffb.ee\/fi\/wp-json\/wp\/v2\/product_cat?post=47337"},{"taxonomy":"product_tag","embeddable":true,"href":"https:\/\/www.xn--tuksimaailm-ffb.ee\/fi\/wp-json\/wp\/v2\/product_tag?post=47337"},{"taxonomy":"filter_elektritoukeratas","embeddable":true,"href":"https:\/\/www.xn--tuksimaailm-ffb.ee\/fi\/wp-json\/wp\/v2\/filter_elektritoukeratas?post=47337"}],"curies":[{"name":"wp","href":"https:\/\/api.w.org\/{rel}","templated":true}]}}