{"id":49361,"date":"2023-01-11T15:41:02","date_gmt":"2023-01-11T13:41:02","guid":{"rendered":"http:\/\/www.xn--tuksimaailm-ffb.ee\/shop\/ultron-t128-v2-sahkopotkulauta\/"},"modified":"2023-01-11T15:41:02","modified_gmt":"2023-01-11T12:41:02","slug":"ultron-t128-v2-sahkopotkulauta","status":"publish","type":"product","link":"https:\/\/www.xn--tuksimaailm-ffb.ee\/fi\/shop\/ultron-t128-v2-sahkopotkulauta\/","title":{"rendered":"Ultron T128 V2 s\u00e4hk\u00f6potkulauta"},"content":{"rendered":"<h2 style=\"text-align: center;\">ULTRON T128 V2 S\u00c4HK\u00d6POTKULAUTA - TUOTEKUVAUS<\/h2>\n<p>Ultronin T-sarjan s\u00e4hk\u00f6skootterit ja sen tehokkain Ultron T128 V2 -s\u00e4hk\u00f6skootteri ovat monipuolisia ja toimivia. T128-s\u00e4hk\u00f6skootteri on t\u00e4ydellinen valinta niille, jotka etsiv\u00e4t edullista ja tehokasta kulkuv\u00e4linett\u00e4. T128-s\u00e4hk\u00f6skootteri on varustettu suurilla 11-tuumaisilla py\u00f6rill\u00e4, jotka tarjoavat tasaisen ja vakaan ajokokemuksen my\u00f6s ep\u00e4tasaisessa maastossa. Kahden moottorinsa ansiosta T128 pystyy kiipe\u00e4m\u00e4\u00e4n jyrkki\u00e4 m\u00e4ki\u00e4 raskaalla kuormalla.<\/p>\n<p>Suorituskyvyn lis\u00e4ksi T128 on kehitetty my\u00f6s s\u00e4ilytyksen helpottamiseksi. T128-s\u00e4hk\u00f6skootteri on ohjaamoissaan suuri, mutta se on helposti muunnettavissa pieneen kokoon taittamalla s\u00e4hk\u00f6skootteri yhteen sek\u00e4 rungosta ett\u00e4 ohjaustangosta. N\u00e4in isompi sivuskootteri on helppo s\u00e4ilytt\u00e4\u00e4 ja kuljettaa. Nostamista varten Ultron T128 V2 -s\u00e4hk\u00f6skootteri on varustettu takanostimella. T128:n rakenne on vankka ja tukeva. S\u00e4hk\u00f6potkulauta on varustettu hydraulisilla iskunvaimentimilla ja jarruilla, jotka takaavat tasaisen ja turvallisen ajokokemuksen. Turvallisempaa s\u00e4ilytyst\u00e4 varten Ultron T128 V2 -s\u00e4hk\u00f6skootteri on varustettu avaimella lukittavalla virtalukolla.<\/p>\n<p>Kaiken kaikkiaan Ultron T128 V2 -s\u00e4hk\u00f6potkulauta on erinomainen valinta niille, jotka etsiv\u00e4t tehokasta, toimivaa ja edullista liikkumisv\u00e4linett\u00e4. Suurilla py\u00f6rill\u00e4, tehokkailla moottoreilla ja kokoontaitettavalla muotoilulla t\u00e4m\u00e4 on k\u00e4yt\u00e4nn\u00f6llinen s\u00e4hk\u00f6skootteri, jolla on hauska ja miellytt\u00e4v\u00e4 ajaa. Sen vankka rakenne ja ylim\u00e4\u00e4r\u00e4iset turvaominaisuudet lis\u00e4\u00e4v\u00e4t ajovarmuutta. Ultron-s\u00e4hk\u00f6skootterit ovat suosittuja l\u00e4hinn\u00e4 It\u00e4-Euroopan ajajien keskuudessa. Viime aikoina Ultron-s\u00e4hk\u00f6skootterit ovat kuitenkin kasvattaneet suosiotaan my\u00f6s muilla Euroopan alueilla.<\/p>\n<p><iframe title=\"Ultron Electric Scooter Double Drive T128 PRO\" width=\"1082\" height=\"609\" src=\"https:\/\/www.youtube.com\/embed\/zXVT99IizFI?feature=oembed\" frameborder=\"0\" allow=\"accelerometer; autoplay; clipboard-write; encrypted-media; gyroscope; picture-in-picture; web-share\" referrerpolicy=\"strict-origin-when-cross-origin\" allowfullscreen><\/iframe><\/p>\n<h2 style=\"text-align: center;\">ULTRON T128 S\u00c4HK\u00d6POTKULAUTA - TEkNINEN KUVAUS<\/h2>\n<p>Yksi Ultron T128:n erityispiirteist\u00e4 on sen suuret 11-tuumaiset ilmarenkaat, jotka tarjoavat erinomaisen kest\u00e4vyyden ja mukavamman ajomukavuuden verrattuna pienempiin renkaisiin. Turvallisuus on ollut etusijalla T128:n kehityksess\u00e4, mink\u00e4 vuoksi t\u00e4ss\u00e4 s\u00e4hk\u00f6skootterissa on sek\u00e4 edess\u00e4 ett\u00e4 takana hydrauliset levyjarrut. Hydraulisissa jarruissa ei ole vaijerikitkaa, mik\u00e4 tekee jarrupaloista tarkemmat ja pehme\u00e4mm\u00e4t hallita. Lis\u00e4ksi se on varustettu tehokkaalla LED-ajovalolla, joka takaa optimaalisen n\u00e4kyvyyden my\u00f6s y\u00f6ll\u00e4 ajettaessa. Jotta s\u00e4hk\u00f6potkulauta n\u00e4kyisi muille kuljettajille, siin\u00e4 on my\u00f6s ylim\u00e4\u00e4r\u00e4inen takavalo.<\/p>\n<p>Vuokraskoottereiden ajomukavuuteen verrattuna Ultron T128 -s\u00e4hk\u00f6potkulauta on varustettu taka- ja etuiskunvaimentimilla, joiden j\u00e4ykkyytt\u00e4 voidaan helposti s\u00e4\u00e4t\u00e4\u00e4 kuljettajan toiveiden ja parametrien mukaan. Kaiken kaikkiaan Ultron T128 -s\u00e4hk\u00f6skootteri on paras valinta niille, jotka etsiv\u00e4t vakaata ja nautinnollista ajokokemusta. Suuret renkaat, tehokas jarruj\u00e4rjestelm\u00e4 ja muuttuva kuoletus tekev\u00e4t t\u00e4st\u00e4 huippuluokan kulkuneuvosta, jolla voi liikkua erilaisissa ymp\u00e4rist\u00f6iss\u00e4.<\/p>\n<h2 style=\"text-align: center;\">AKKU JA MOOTTORI<\/h2>\n<p style=\"caret-color: #000000; color: #000000;\">Ultron T128 V2 on rakennettu kest\u00e4m\u00e4\u00e4n kovimmissakin olosuhteissa. Tehokkaat 1000 W:n moottorit takaavat poikkeuksellisen tasaisen ja nopean etenemisen. Erityisesti Ultron-s\u00e4hk\u00f6skootterit on varustettu siniaaltoohjaimilla, jotka takaavat paljon tasaisemman kiihtyvyyden verrattuna perinteisiin neli\u00f6aaltoohjaimiin. S\u00e4hk\u00f6potkulauta ja sen runko on valmistettu ilmailualumiinista, ja runko kest\u00e4\u00e4 jopa 150 kg:n painon. Tehokkaat moottorit takaavat tasaisen suorituskyvyn my\u00f6s suuremmissa korkeuksissa, ja valmistajan m\u00e4\u00e4rittelyn mukaan\u00a0<strong>maksimissaan jopa 50 %:n nousu!<\/strong>\u00a0T128-s\u00e4hk\u00f6skootteri saa s\u00e4hk\u00f6ns\u00e4\u00a0<strong>tehokkaasta 60 voltin<\/strong>\u00a0<strong>akusta, jonka kapasiteetti on 2100 Wh (35 Ah)<\/strong>. Valmistajan tietojen mukaan skootteri pystyy kulkemaan jopa 80 km yhdell\u00e4 latauksella. S\u00e4hk\u00f6skootterin t\u00e4yteen lataaminen kest\u00e4\u00e4 keskim\u00e4\u00e4rin 12 tuntia\u00a0<strong>(6 tuntia kahdella laturilla)<\/strong>.<\/p>\n<p style=\"caret-color: #000000; color: #000000;\">Ultron T128 -s\u00e4hk\u00f6skootteri on varustettu LCD-n\u00e4yt\u00f6ll\u00e4, joka n\u00e4ytt\u00e4\u00e4 akun varaustason, nopeuden ja parhaillaan aktivoidun ajotilan. Skootteri on helposti lukittavissa avaimella. Jos skootteri j\u00e4tet\u00e4\u00e4n ilman valvontaa pidemm\u00e4ksi aikaa, suosittelemme k\u00e4ytt\u00e4m\u00e4\u00e4n\u00a0<a href=\"http:\/\/www.xn--tuksimaailm-ffb.ee\/tootekategooria\/lisavarustus\/?swoof=1&amp;pa_tootetuup=lukud&amp;really_curr_tax=18-product_cat\">lis\u00e4lukkoa<\/a>\u00a0virtalukon\u00a0<a href=\"http:\/\/www.xn--tuksimaailm-ffb.ee\/tootekategooria\/lisavarustus\/?swoof=1&amp;pa_tootetuup=lukud&amp;really_curr_tax=18-product_cat\">lis\u00e4ksi<\/a>.<\/p>\n<h2 style=\"text-align: center;\">TURVALLISUUS<\/h2>\n<p style=\"caret-color: #000000; color: #000000;\">S\u00e4hk\u00f6skootteri on nopea ja mahdollisesti vaarallinen ajoneuvo kuljettajalle. Siksi suosittelemme, ett\u00e4 k\u00e4yt\u00e4t aina\u00a0<a href=\"http:\/\/www.xn--tuksimaailm-ffb.ee\/tootesilt\/elektritoukeratta-kiivrid\/\">kyp\u00e4r\u00e4\u00e4<\/a>. Alle 16-vuotiaiden s\u00e4hk\u00f6potkulautailijoiden on\u00a0<a href=\"https:\/\/www.riigiteataja.ee\/akt\/113112020001\">lain<\/a>\u00a0mukaan k\u00e4ytett\u00e4v\u00e4 kyp\u00e4r\u00e4\u00e4 ajaessaan. Kaikki s\u00e4hk\u00f6skootterit l\u00f6ytyv\u00e4t\u00a0<a href=\"http:\/\/www.xn--tuksimaailm-ffb.ee\/tootekategooria\/elektritoukeratas\/\"><strong>t\u00e4\u00e4lt\u00e4<\/strong><\/a>.<\/p>\n<p style=\"caret-color: #000000; color: #000000;\"><strong>Jos ostat s\u00e4hk\u00f6skootterin kaupastamme, saat -20%alennuksen kaikista\u00a0<\/strong><a href=\"http:\/\/www.xn--tuksimaailm-ffb.ee\/tootekategooria\/lisavarustus\/\"><strong>lis\u00e4varusteista <\/strong><\/a><strong>s\u00e4hk\u00f6skootterin oston\u00a0<\/strong><a href=\"http:\/\/www.xn--tuksimaailm-ffb.ee\/tootekategooria\/lisavarustus\/\"><strong>yhteydess\u00e4<\/strong><\/a><strong>!<\/strong><\/p>\n<p style=\"caret-color: #000000; color: #000000;\"><strong>Ultron T128 V2 -s\u00e4hk\u00f6skootteri on Viron liikennelain mukainen katulupavalmisteinen kevytskootteri, jonka valmistajan teho on 1000W ja valmistajan nopeus 25km\/h.<\/strong>\u00a0<strong>HUOM: Jos k\u00e4ytt\u00e4j\u00e4 on itsen\u00e4isesti muuttanut s\u00e4hk\u00f6skootteria nopeammaksi tai tehokkaammaksi kuin edell\u00e4 mainitut parametrit, T\u00f5uksimaailm ei ole vastuussa lain rikkomisesta aiheutuvista sakoista, poliisin takavarikoimasta s\u00e4hk\u00f6skootterista tai mist\u00e4\u00e4n muustakaan rikkomisesta aiheutuneesta vahingosta.<\/strong><\/p>\n<table class=\"tg\" style=\"border-collapse: collapse; max-width: 600px; border-spacing: 0px; margin: 0px auto; width: 84%; height: 406px;\">\n<tbody>\n<tr style=\"height: 27px;\">\n<td style=\"background-color: #e4e1e1; color: #333333; font-family: inherit; font-size: 14px; font-weight: bold; overflow: hidden; padding: 5px; text-align: center; vertical-align: top; word-break: normal; border: 1px solid; height: 27px;\" colspan=\"2\">Tekniset tiedot<\/td>\n<\/tr>\n<tr style=\"height: 27px;\">\n<td style=\"background-color: #e4e1e1; color: #333333; font-family: inherit; font-size: 14px; font-weight: bold; overflow: hidden; padding: 5px; text-align: right; vertical-align: top; word-break: normal; border: 1px solid; height: 27px;\">Malli<\/td>\n<td style=\"font-family: inherit; font-size: 14px; overflow: hidden; padding: 5px; text-align: center; vertical-align: top; word-break: normal; border: 1px solid; height: 27px;\">Ultron T128 V2<\/td>\n<\/tr>\n<tr style=\"height: 27px;\">\n<td style=\"background-color: #e4e1e1; color: #333333; font-family: inherit; font-size: 14px; font-weight: bold; overflow: hidden; padding: 5px; text-align: right; vertical-align: top; word-break: normal; border: 1px solid; height: 27px;\">Akku<\/td>\n<td style=\"font-family: inherit; font-size: 14px; overflow: hidden; padding: 5px; text-align: center; vertical-align: top; word-break: normal; border: 1px solid; height: 27px;\">60V\/35Ah 2100Wh (35000mAh)<\/td>\n<\/tr>\n<tr style=\"height: 27px;\">\n<td style=\"background-color: #e4e1e1; color: #333333; font-family: inherit; font-size: 14px; font-weight: bold; overflow: hidden; padding: 5px; text-align: right; vertical-align: top; word-break: normal; border: 1px solid; height: 27px;\">Latausaika<\/td>\n<td style=\"font-family: inherit; font-size: 14px; overflow: hidden; padding: 5px; text-align: center; vertical-align: top; word-break: normal; border: 1px solid; height: 27px;\">jopa 12h (kahdella laturilla 6h)<\/td>\n<\/tr>\n<tr style=\"height: 27px;\">\n<td style=\"background-color: #e4e1e1; color: #333333; font-family: inherit; font-size: 14px; font-weight: bold; overflow: hidden; padding: 5px; text-align: right; vertical-align: top; word-break: normal; border: 1px solid; height: 27px;\">Moottorin teho<\/td>\n<td style=\"font-family: inherit; font-size: 14px; overflow: hidden; padding: 5px; text-align: center; vertical-align: top; word-break: normal; border: 1px solid; height: 27px;\">1000W<\/td>\n<\/tr>\n<tr style=\"height: 55px;\">\n<td style=\"background-color: #e4e1e1; color: #333333; font-family: inherit; font-size: 14px; font-weight: bold; overflow: hidden; padding: 5px; text-align: right; vertical-align: top; word-break: normal; border: 1px solid; height: 55px;\">\n<p style=\"font-weight: 400; caret-color: #000000; color: #000000;\"><strong>Ajomatka (valmistajan ilmoittama) | Laskettu ajomatka<\/strong><\/p>\n<\/td>\n<td style=\"font-family: inherit; font-size: 14px; overflow: hidden; padding: 5px; text-align: center; vertical-align: top; word-break: normal; border: 1px solid; height: 55px;\">jopa 80km | 140km (25km\/h, 70kg kuljettaja, 15Wh\/km)<\/td>\n<\/tr>\n<tr style=\"height: 27px;\">\n<td style=\"background-color: #e4e1e1; color: #333333; font-family: inherit; font-size: 14px; font-weight: bold; overflow: hidden; padding: 5px; text-align: right; vertical-align: top; word-break: normal; border: 1px solid; height: 27px;\">Etujarru<\/td>\n<td style=\"font-family: inherit; font-size: 14px; overflow: hidden; padding: 5px; text-align: center; vertical-align: top; word-break: normal; border: 1px solid; height: 27px;\">hydraulinen levyjarru + s\u00e4hk\u00f6inen moottorijarru (regeneratiivinen)<\/td>\n<\/tr>\n<tr style=\"height: 27px;\">\n<td style=\"background-color: #e4e1e1; color: #333333; font-family: inherit; font-size: 14px; font-weight: bold; overflow: hidden; padding: 5px; text-align: right; vertical-align: top; word-break: normal; border: 1px solid; height: 27px;\">Takajarru<\/td>\n<td style=\"font-family: inherit; font-size: 14px; overflow: hidden; padding: 5px; text-align: center; vertical-align: top; word-break: normal; border: 1px solid; height: 27px;\">hydraulinen levyjarru + s\u00e4hk\u00f6inen moottorijarru (regeneratiivinen)<\/td>\n<\/tr>\n<tr style=\"height: 27px;\">\n<td style=\"background-color: #e4e1e1; color: #333333; font-family: inherit; font-size: 14px; font-weight: bold; overflow: hidden; padding: 5px; text-align: right; vertical-align: top; word-break: normal; border: 1px solid; height: 27px;\">Painorajoitus<\/td>\n<td style=\"font-family: inherit; font-size: 14px; overflow: hidden; padding: 5px; text-align: center; vertical-align: top; word-break: normal; border: 1px solid; height: 27px;\">150kg<\/td>\n<\/tr>\n<tr style=\"height: 27px;\">\n<td style=\"background-color: #e4e1e1; color: #333333; font-family: inherit; font-size: 14px; font-weight: bold; overflow: hidden; padding: 5px; text-align: right; vertical-align: top; word-break: normal; border: 1px solid; height: 27px;\">Valmistusnopeus<\/td>\n<td style=\"font-family: inherit; font-size: 14px; overflow: hidden; padding: 5px; text-align: center; vertical-align: top; word-break: normal; border: 1px solid; height: 27px;\">25km\/h<\/td>\n<\/tr>\n<tr style=\"height: 27px;\">\n<td style=\"background-color: #e4e1e1; color: #333333; font-family: inherit; font-size: 14px; font-weight: bold; overflow: hidden; padding: 5px; text-align: right; vertical-align: top; word-break: normal; border: 1px solid; height: 27px;\">Paino<\/td>\n<td style=\"font-family: inherit; font-size: 14px; overflow: hidden; padding: 5px; text-align: center; vertical-align: top; word-break: normal; border: 1px solid; height: 27px;\">53kg<\/td>\n<\/tr>\n<tr style=\"height: 27px;\">\n<td style=\"background-color: #e4e1e1; color: #333333; font-family: inherit; font-size: 14px; font-weight: bold; overflow: hidden; padding: 5px 5px 5px 125px; vertical-align: top; word-break: normal; border: 1px solid; height: 27px; text-align: right;\">Moottorisotu py\u00f6r\u00e4<\/td>\n<td style=\"font-family: inherit; font-size: 14px; overflow: hidden; padding: 5px; text-align: center; vertical-align: top; word-break: normal; border: 1px solid; height: 27px;\">\n<p>Taka- ja Etupy\u00f6r\u00e4<\/p>\n<\/td>\n<\/tr>\n<tr style=\"height: 27px;\">\n<td style=\"background-color: #e4e1e1; color: #333333; font-family: inherit; font-size: 14px; font-weight: bold; overflow: hidden; padding: 5px; text-align: right; vertical-align: top; word-break: normal; border: 1px solid; height: 27px;\">Renkaat<\/td>\n<td style=\"font-family: inherit; font-size: 14px; overflow: hidden; padding: 5px; text-align: center; vertical-align: top; word-break: normal; border: 1px solid; height: 27px;\">11 tuuman ilmarenkaat<\/td>\n<\/tr>\n<tr style=\"height: 27px;\">\n<td style=\"background-color: #e4e1e1; color: #333333; font-family: inherit; font-size: 14px; font-weight: bold; overflow: hidden; padding: 5px; text-align: right; vertical-align: top; word-break: normal; border: 1px solid; height: 27px;\">Tien enim\u00e4iskaltevuus<\/td>\n<td style=\"font-family: inherit; font-size: 14px; overflow: hidden; padding: 5px; text-align: center; vertical-align: top; word-break: normal; border: 1px solid; height: 27px;\">jopa 50%<\/td>\n<\/tr>\n<\/tbody>\n<\/table>\n","protected":false},"excerpt":{"rendered":"<p><a href=\"http:\/\/www.xn--tuksimaailm-ffb.ee\/kontakt\/\"><strong>L\u00f6ysitk\u00f6 paremman hinnan? Kirjoita meille, niin teemme sinulle paremman tarjouksen!<\/strong><\/a><\/p>\n<p><strong>Kaikki\u00a0<a href=\"http:\/\/www.xn--tuksimaailm-ffb.ee\/tootekategooria\/lisavarustus\/\">lis\u00e4varusteet<\/a>\u00a0ja\u00a0<a href=\"https:\/\/www.xn\u2014tuksimaailm-ffb.ee\/tootekategooria\/elektritoukeratta-varuosad\/\">varaosat<\/a>\u00a0ovat\u00a0-20%, kun ne ostetaan s\u00e4hk\u00f6skootterin kanssa. Alennus otetaan automaattisesti k\u00e4ytt\u00f6\u00f6n, kun lis\u00e4\u00e4t sen ostoskoriin!<\/strong><\/p>\n<p><span style=\"font-style: italic;\"><strong>Toimitusaika: 1-5tp<\/strong><\/span><\/p>\n","protected":false},"featured_media":27723,"template":"","meta":[],"product_brand":[],"product_cat":[926],"product_tag":[],"filter_elektritoukeratas":[],"class_list":{"0":"post-49361","1":"product","2":"type-product","3":"status-publish","4":"has-post-thumbnail","6":"product_cat-sahkopotkulaudat-fi","7":"product_shipping_class-keskmine-pakk-fi","8":"pa_aku-mahutavus-wh-2100-fi","9":"pa_kaal-kg-53-fi","10":"pa_kandevoime-kg-150-fi","11":"pa_labisoit-arvutuslik-km-140-fi","12":"pa_mootorite-arv-kahdella-moottorilla","13":"pa_muuja-platvormil-touksimaailm-exocool-ou-fi","14":"pa_piiramata-tippkiirus-kmh-25-fi","15":"pa_tootetuup-elektritoukeratas-fi","16":"pa_valmistaja-ultron-fi","17":"pa_voimsus-w-1000-fi","19":"first","20":"instock","21":"taxable","22":"shipping-taxable","23":"purchasable","24":"product-type-simple"},"yoast_head":"<!-- This site is optimized with the Yoast SEO Premium plugin v26.8 (Yoast SEO v27.5) - https:\/\/yoast.com\/product\/yoast-seo-premium-wordpress\/ -->\n<title>Ultron T128 V2 s\u00e4hk\u00f6potkulauta | T\u00f5uksimaailm | \u00dclisuur aku<\/title>\n<meta name=\"description\" content=\"Ultron T128 v\u00f5imekas ja taskukohane elektrit\u00f5ukeratas. Erinevate lisadega ja praktiline elektriline t\u00f5ukeratas. Taskukohased Ultron elektrit\u00f5ukerattad.\" \/>\n<meta name=\"robots\" content=\"index, follow, max-snippet:-1, max-image-preview:large, max-video-preview:-1\" \/>\n<link rel=\"canonical\" href=\"https:\/\/www.xn--tuksimaailm-ffb.ee\/fi\/shop\/ultron-t128-v2-sahkopotkulauta\/\" \/>\n<meta property=\"og:locale\" content=\"fi_FI\" \/>\n<meta property=\"og:type\" content=\"article\" \/>\n<meta property=\"og:title\" content=\"Ultron T128 V2 s\u00e4hk\u00f6potkulauta\" \/>\n<meta property=\"og:description\" content=\"Ultron T128 v\u00f5imekas ja taskukohane elektrit\u00f5ukeratas. Erinevate lisadega ja praktiline elektriline t\u00f5ukeratas. Taskukohased Ultron elektrit\u00f5ukerattad.\" \/>\n<meta property=\"og:url\" content=\"https:\/\/www.xn--tuksimaailm-ffb.ee\/fi\/shop\/ultron-t128-v2-sahkopotkulauta\/\" \/>\n<meta property=\"og:site_name\" content=\"T\u00f5uksimaailm\" \/>\n<meta property=\"article:publisher\" content=\"https:\/\/www.facebook.com\/touksimaailm\/\" \/>\n<meta property=\"og:image\" content=\"https:\/\/www.xn--tuksimaailm-ffb.ee\/wp-content\/uploads\/2023\/01\/Ultron-T128-elektritoukeratas-elektritoukerattad-elektriline-toukeratas-2.jpeg\" \/>\n\t<meta property=\"og:image:width\" content=\"750\" \/>\n\t<meta property=\"og:image:height\" content=\"750\" \/>\n\t<meta property=\"og:image:type\" content=\"image\/jpeg\" \/>\n<meta name=\"twitter:card\" content=\"summary_large_image\" \/>\n<meta name=\"twitter:label1\" content=\"Hinta\" \/>\n\t<meta name=\"twitter:data1\" content=\"&euro;2,299.00\" \/>\n\t<meta name=\"twitter:label2\" content=\"Saatavuus\" \/>\n\t<meta name=\"twitter:data2\" content=\"Varastossa\" \/>\n<meta property=\"product:price:amount\" content=\"2299.00\" \/>\n<meta property=\"product:price:currency\" content=\"EUR\" \/>\n<meta property=\"og:availability\" content=\"instock\" \/>\n<meta property=\"product:availability\" content=\"instock\" \/>\n<meta property=\"product:retailer_item_id\" content=\"Ultron-T128\" \/>\n<meta property=\"product:condition\" content=\"new\" \/>\n<!-- \/ Yoast SEO Premium plugin. -->","yoast_head_json":{"title":"Ultron T128 V2 s\u00e4hk\u00f6potkulauta | T\u00f5uksimaailm | \u00dclisuur aku","description":"Ultron T128 v\u00f5imekas ja taskukohane elektrit\u00f5ukeratas. Erinevate lisadega ja praktiline elektriline t\u00f5ukeratas. Taskukohased Ultron elektrit\u00f5ukerattad.","robots":{"index":"index","follow":"follow","max-snippet":"max-snippet:-1","max-image-preview":"max-image-preview:large","max-video-preview":"max-video-preview:-1"},"canonical":"https:\/\/www.xn--tuksimaailm-ffb.ee\/fi\/shop\/ultron-t128-v2-sahkopotkulauta\/","og_locale":"fi_FI","og_type":"article","og_title":"Ultron T128 V2 s\u00e4hk\u00f6potkulauta","og_description":"Ultron T128 v\u00f5imekas ja taskukohane elektrit\u00f5ukeratas. Erinevate lisadega ja praktiline elektriline t\u00f5ukeratas. Taskukohased Ultron elektrit\u00f5ukerattad.","og_url":"https:\/\/www.xn--tuksimaailm-ffb.ee\/fi\/shop\/ultron-t128-v2-sahkopotkulauta\/","og_site_name":"T\u00f5uksimaailm","article_publisher":"https:\/\/www.facebook.com\/touksimaailm\/","og_image":[{"width":750,"height":750,"url":"https:\/\/www.xn--tuksimaailm-ffb.ee\/wp-content\/uploads\/2023\/01\/Ultron-T128-elektritoukeratas-elektritoukerattad-elektriline-toukeratas-2.jpeg","type":"image\/jpeg"}],"twitter_card":"summary_large_image","twitter_misc":{"Hinta":"&euro;2,299.00","Saatavuus":"Varastossa"},"schema":{"@context":"https:\/\/schema.org","@graph":[{"@type":"WebPage","@id":"https:\/\/www.xn--tuksimaailm-ffb.ee\/fi\/shop\/ultron-t128-v2-sahkopotkulauta\/","url":"https:\/\/www.xn--tuksimaailm-ffb.ee\/fi\/shop\/ultron-t128-v2-sahkopotkulauta\/","name":"Ultron T128 V2 s\u00e4hk\u00f6potkulauta | T\u00f5uksimaailm | \u00dclisuur aku","isPartOf":{"@id":"https:\/\/www.xn--tuksimaailm-ffb.ee\/fi\/#website"},"primaryImageOfPage":{"@id":"https:\/\/www.xn--tuksimaailm-ffb.ee\/fi\/shop\/ultron-t128-v2-sahkopotkulauta\/#primaryimage"},"image":{"@id":"https:\/\/www.xn--tuksimaailm-ffb.ee\/fi\/shop\/ultron-t128-v2-sahkopotkulauta\/#primaryimage"},"thumbnailUrl":"https:\/\/www.xn--tuksimaailm-ffb.ee\/wp-content\/uploads\/2023\/01\/Ultron-T128-elektritoukeratas-elektritoukerattad-elektriline-toukeratas-2.jpeg","datePublished":"2023-01-11T13:41:02+00:00","description":"Ultron T128 v\u00f5imekas ja taskukohane elektrit\u00f5ukeratas. Erinevate lisadega ja praktiline elektriline t\u00f5ukeratas. Taskukohased Ultron elektrit\u00f5ukerattad.","breadcrumb":{"@id":"https:\/\/www.xn--tuksimaailm-ffb.ee\/fi\/shop\/ultron-t128-v2-sahkopotkulauta\/#breadcrumb"},"inLanguage":"fi","potentialAction":[{"@type":"ReadAction","target":["https:\/\/www.xn--tuksimaailm-ffb.ee\/fi\/shop\/ultron-t128-v2-sahkopotkulauta\/"]}]},{"@type":"ImageObject","inLanguage":"fi","@id":"https:\/\/www.xn--tuksimaailm-ffb.ee\/fi\/shop\/ultron-t128-v2-sahkopotkulauta\/#primaryimage","url":"https:\/\/www.xn--tuksimaailm-ffb.ee\/wp-content\/uploads\/2023\/01\/Ultron-T128-elektritoukeratas-elektritoukerattad-elektriline-toukeratas-2.jpeg","contentUrl":"https:\/\/www.xn--tuksimaailm-ffb.ee\/wp-content\/uploads\/2023\/01\/Ultron-T128-elektritoukeratas-elektritoukerattad-elektriline-toukeratas-2.jpeg","width":750,"height":750,"caption":"Ultron T128 elektrit\u00f5ukeratas elektrit\u00f5ukerattad elektriline t\u00f5ukeratas 2"},{"@type":"BreadcrumbList","@id":"https:\/\/www.xn--tuksimaailm-ffb.ee\/fi\/shop\/ultron-t128-v2-sahkopotkulauta\/#breadcrumb","itemListElement":[{"@type":"ListItem","position":1,"name":"Home","item":"https:\/\/www.xn--tuksimaailm-ffb.ee\/fi\/kotisivu\/"},{"@type":"ListItem","position":2,"name":"Kauppa","item":"https:\/\/www.xn--tuksimaailm-ffb.ee\/elektritoukerataste-pood\/"},{"@type":"ListItem","position":3,"name":"Ultron T128 V2 s\u00e4hk\u00f6potkulauta"}]},{"@type":"WebSite","@id":"https:\/\/www.xn--tuksimaailm-ffb.ee\/fi\/#website","url":"https:\/\/www.xn--tuksimaailm-ffb.ee\/fi\/","name":"T\u00f5uksimaailm","description":"Elektrit\u00f5ukerataste m\u00fc\u00fck, remont ja rent","publisher":{"@id":"https:\/\/www.xn--tuksimaailm-ffb.ee\/fi\/#organization"},"potentialAction":[{"@type":"SearchAction","target":{"@type":"EntryPoint","urlTemplate":"https:\/\/www.xn--tuksimaailm-ffb.ee\/fi\/?s={search_term_string}"},"query-input":{"@type":"PropertyValueSpecification","valueRequired":true,"valueName":"search_term_string"}}],"inLanguage":"fi"},{"@type":"Organization","@id":"https:\/\/www.xn--tuksimaailm-ffb.ee\/fi\/#organization","name":"T\u00f5uksimaailm","url":"https:\/\/www.xn--tuksimaailm-ffb.ee\/fi\/","logo":{"@type":"ImageObject","inLanguage":"fi","@id":"https:\/\/www.xn--tuksimaailm-ffb.ee\/fi\/#\/schema\/logo\/image\/","url":"https:\/\/www.xn--tuksimaailm-ffb.ee\/wp-content\/uploads\/2020\/01\/logoz-e1579792875517.png","contentUrl":"https:\/\/www.xn--tuksimaailm-ffb.ee\/wp-content\/uploads\/2020\/01\/logoz-e1579792875517.png","width":250,"height":250,"caption":"T\u00f5uksimaailm"},"image":{"@id":"https:\/\/www.xn--tuksimaailm-ffb.ee\/fi\/#\/schema\/logo\/image\/"},"sameAs":["https:\/\/www.facebook.com\/touksimaailm\/","https:\/\/www.instagram.com\/touksimaailm_\/","https:\/\/www.youtube.com\/channel\/UC18ml0EKIDLP1xGuQjFzcXQ"]}]},"product_price_amount":"2299.00","product_price_currency":"EUR","og_availability":"instock","product_availability":"instock","product_retailer_item_id":"Ultron-T128","product_condition":"new"},"jetpack_sharing_enabled":true,"_links":{"self":[{"href":"https:\/\/www.xn--tuksimaailm-ffb.ee\/fi\/wp-json\/wp\/v2\/product\/49361","targetHints":{"allow":["GET"]}}],"collection":[{"href":"https:\/\/www.xn--tuksimaailm-ffb.ee\/fi\/wp-json\/wp\/v2\/product"}],"about":[{"href":"https:\/\/www.xn--tuksimaailm-ffb.ee\/fi\/wp-json\/wp\/v2\/types\/product"}],"wp:featuredmedia":[{"embeddable":true,"href":"https:\/\/www.xn--tuksimaailm-ffb.ee\/fi\/wp-json\/wp\/v2\/media\/27723"}],"wp:attachment":[{"href":"https:\/\/www.xn--tuksimaailm-ffb.ee\/fi\/wp-json\/wp\/v2\/media?parent=49361"}],"wp:term":[{"taxonomy":"product_brand","embeddable":true,"href":"https:\/\/www.xn--tuksimaailm-ffb.ee\/fi\/wp-json\/wp\/v2\/product_brand?post=49361"},{"taxonomy":"product_cat","embeddable":true,"href":"https:\/\/www.xn--tuksimaailm-ffb.ee\/fi\/wp-json\/wp\/v2\/product_cat?post=49361"},{"taxonomy":"product_tag","embeddable":true,"href":"https:\/\/www.xn--tuksimaailm-ffb.ee\/fi\/wp-json\/wp\/v2\/product_tag?post=49361"},{"taxonomy":"filter_elektritoukeratas","embeddable":true,"href":"https:\/\/www.xn--tuksimaailm-ffb.ee\/fi\/wp-json\/wp\/v2\/filter_elektritoukeratas?post=49361"}],"curies":[{"name":"wp","href":"https:\/\/api.w.org\/{rel}","templated":true}]}}