{"id":49365,"date":"2023-01-10T17:33:22","date_gmt":"2023-01-10T15:33:22","guid":{"rendered":"http:\/\/www.xn--tuksimaailm-ffb.ee\/shop\/ultron-t11-v2-sahkopotkulauta\/"},"modified":"2023-01-10T17:33:22","modified_gmt":"2023-01-10T14:33:22","slug":"ultron-t11-v2-sahkopotkulauta","status":"publish","type":"product","link":"https:\/\/www.xn--tuksimaailm-ffb.ee\/fi\/shop\/ultron-t11-v2-sahkopotkulauta\/","title":{"rendered":"Ultron T11 V2 s\u00e4hk\u00f6potkulauta"},"content":{"rendered":"<h2 style=\"text-align: center;\">ULTRON T11 V2 S\u00c4HK\u00d6POTKULAUTA - TUOTEKUVAUS<\/h2>\n<p>Ultron T11 V2 -s\u00e4hk\u00f6skootteri - toimiva ja tehokas s\u00e4hk\u00f6skootteri, jossa on suuret renkaat ja kaksi moottoria. Ultron-s\u00e4hk\u00f6skootterit tunnetaan suorituskyvyst\u00e4\u00e4n ja edullisuudestaan l\u00e4hinn\u00e4 It\u00e4-Euroopassa. Ajan my\u00f6t\u00e4 Ultron-s\u00e4hk\u00f6skoottereista on tullut my\u00f6s muualla Euroopassa asuvien kuljettajien suosikkeja. Edullisemmasta hinnasta huolimatta s\u00e4hk\u00f6skootteri on vankasti rakennettu ja siin\u00e4 on useita arvokkaita ominaisuuksia, kuten suuret 11 tuuman renkaat, hydrauliset iskunvaimentimet ja jarrut. Hydrauliset jarrut takaavat tasaisen ja vakaan jarrutuksen. T11-skootterin kompaktiutta ajatellen skootteri on suunniteltu niin, ett\u00e4 se on helppo taittaa kokoon ja s\u00e4ilytt\u00e4\u00e4. Ultron T11 -s\u00e4hk\u00f6skootteri on ihanteellinen valinta niille, joilla on rajoitetusti tilaa, mutta jotka haluavat silti tehokkaan s\u00e4hk\u00f6skootterin. S\u00e4hk\u00f6skootteri on varustettu sytytyslukolla turvallista s\u00e4ilytyst\u00e4 tai lyhytaikaista valvomatta j\u00e4tt\u00e4mist\u00e4 varten. S\u00e4hk\u00f6potkulauta voidaan lukita helposti sytytyslukosta avaimella. S\u00e4hk\u00f6potkulauta on varustettu ohjaustangolla, jonka korkeutta voidaan s\u00e4\u00e4t\u00e4\u00e4 kuljettajan parametrien mukaan, joten se sopii kaikille kuljettajille.<\/p>\n<p><span style=\"caret-color: #000000; color: #000000;\">Tutustu muihin Ultron-s\u00e4hk\u00f6skoottereihin<\/span><span style=\"caret-color: #000000; color: #000000;\">\u00a0<\/span><a style=\"caret-color: #000000;\" href=\"http:\/\/www.xn--tuksimaailm-ffb.ee\/tootekategooria\/elektritoukeratas\/?swoof=1&amp;pa_valmistaja=ultron&amp;really_curr_tax=21-product_cat\">t\u00e4\u00e4ll\u00e4.<\/a><\/p>\n<p><iframe title=\"Ultron Electric Scooter Double Drive T11 PRO Black\" width=\"1082\" height=\"609\" src=\"https:\/\/www.youtube.com\/embed\/XF5Bx-_gAN0?feature=oembed\" frameborder=\"0\" allow=\"accelerometer; autoplay; clipboard-write; encrypted-media; gyroscope; picture-in-picture; web-share\" referrerpolicy=\"strict-origin-when-cross-origin\" allowfullscreen><\/iframe><\/p>\n<h2 style=\"text-align: center;\">ULTRON T11 V2 S\u00c4HK\u00d6POTKULAUTA - TEKNINEN KUVAUS<\/h2>\n<p>T11 V2 -s\u00e4hk\u00f6skootteri on varustettu eritt\u00e4in suurilla 11 tuuman ilmarenkailla, jotka kest\u00e4v\u00e4t kuoppia paremmin kuin pienemm\u00e4t renkaat ja tarjoavat my\u00f6s paremman ajomukavuuden, k\u00e4sitelt\u00e4vyyden ja tuntuman. Viel\u00e4 turvallisemman ajon takaamiseksi T11-s\u00e4hk\u00f6skootteri on varustettu hydraulisilla levyjarruilla sek\u00e4 edess\u00e4 ett\u00e4 takana. Hydraulisissa jarruissa ei ole mekaanisiin vaijerijarruihin verrattuna kitkavastusta jarrua k\u00e4ytett\u00e4ess\u00e4, mink\u00e4 ansiosta tuntuma on parempi. Tehokas LED-ajovalo parantaa ajamista h\u00e4m\u00e4r\u00e4ss\u00e4 ja pime\u00e4ss\u00e4, ja skootteri on varustettu my\u00f6s takavalolla kuljettajan n\u00e4kyvyyden varmistamiseksi.<\/p>\n<p>Ultron T11 V2 -s\u00e4hk\u00f6skootteri eroaa muista (jaetuista) vuokras\u00e4hk\u00f6skoottereista siin\u00e4, ett\u00e4 siin\u00e4 on edess\u00e4 hydrauliset iskunvaimentimet, jotka eiv\u00e4t ainoastaan paranna ajomukavuutta vaan my\u00f6s lis\u00e4\u00e4v\u00e4t merkitt\u00e4v\u00e4sti turvallisuutta. Mukavuuden osalta skootteri on varustettu takaosan iskunvaimentimilla, joiden j\u00e4ykkyytt\u00e4 voidaan helposti s\u00e4\u00e4t\u00e4\u00e4 kuljettajan toiveiden ja painon mukaan.<\/p>\n<h2 style=\"text-align: center;\">AKKU JA MOOTTORI<\/h2>\n<p><span style=\"caret-color: #000000; color: #000000;\">Ultron T11 V2 on rakennettu kest\u00e4m\u00e4\u00e4n kovimmissakin olosuhteissa. Tehokkaat 1000 W:n moottorit takaavat tasaisen ja nopean etenemisen. S\u00e4hk\u00f6skootteri ja sen runko on valmistettu ilmailualumiinista, ja se kest\u00e4\u00e4 jopa 150 kg. Tehokkaat moottorit takaavat tasaisen suorituskyvyn my\u00f6s korkeammissa nousuissa, valmistajan m\u00e4\u00e4rityksen mukaan<\/span><span style=\"caret-color: #000000; color: #000000;\">\u00a0<\/span><strong style=\"caret-color: #000000; color: #000000;\">maksimissaan jopa 40 % nousu!<\/strong><span style=\"caret-color: #000000; color: #000000;\">\u00a0<\/span><span style=\"caret-color: #000000; color: #000000;\">S\u00e4hk\u00f6potkulauta saa virtansa tehokkaasta<\/span><strong style=\"caret-color: #000000; color: #000000;\">\u00a060 V:n<\/strong><span style=\"caret-color: #000000; color: #000000;\">\u00a0<\/span><span style=\"caret-color: #000000; color: #000000;\">suurikapasiteettisesta<\/span><strong style=\"caret-color: #000000; color: #000000;\">\u00a01440 Wh:n (24 Ah)\u00a0<\/strong><span style=\"caret-color: #000000; color: #000000;\">akusta. Valmistajan erittelyn mukaan skootteri pystyy kulkemaan jopa 60 km yhdell\u00e4 latauksella. S\u00e4hk\u00f6skootterin t\u00e4yteen lataaminen kest\u00e4\u00e4 keskim\u00e4\u00e4rin 10 tuntia<\/span><span style=\"caret-color: #000000; color: #000000;\">\u00a0<\/span><strong style=\"caret-color: #000000; color: #000000;\">(5 tuntia kahdella laturilla)<\/strong><span style=\"caret-color: #000000; color: #000000;\">.<\/span><\/p>\n<p>Kuljetuksen helpottamiseksi Ultron T11 V2 on varustettu takana olevalla nostokahvalla ja taittuvalla objektiivilla. Lis\u00e4ksi skootteri on varustettu LCD-n\u00e4yt\u00f6ll\u00e4, joka n\u00e4ytt\u00e4\u00e4 akun varaustason, nopeuden ja parhaillaan aktivoidun ajotilan. Skootteri on helposti lukittavissa avaimella. Jos skootteri j\u00e4tet\u00e4\u00e4n pidemm\u00e4ksi aikaa valvomatta, suosittelemme k\u00e4ytt\u00e4m\u00e4\u00e4n sytytyslukon lis\u00e4ksi mekaanista lis\u00e4lukkoa.<\/p>\n<h2 style=\"text-align: center;\">TURVALLISUUS<\/h2>\n<p style=\"caret-color: #000000; color: #000000;\">S\u00e4hk\u00f6skootteri on nopea ja mahdollisesti vaarallinen ajoneuvo kuljettajalle. Siksi suosittelemme, ett\u00e4 k\u00e4yt\u00e4t aina\u00a0<a href=\"http:\/\/www.xn--tuksimaailm-ffb.ee\/tootesilt\/elektritoukeratta-kiivrid\/\">kyp\u00e4r\u00e4\u00e4<\/a>. Alle 16-vuotiaiden s\u00e4hk\u00f6potkulautailijoiden on\u00a0<a href=\"https:\/\/www.riigiteataja.ee\/akt\/113112020001\">lain<\/a>\u00a0mukaan k\u00e4ytett\u00e4v\u00e4 kyp\u00e4r\u00e4\u00e4 ajaessaan. Kaikki s\u00e4hk\u00f6skootterit l\u00f6ytyv\u00e4t\u00a0<a href=\"http:\/\/www.xn--tuksimaailm-ffb.ee\/tootekategooria\/elektritoukeratas\/\"><strong>t\u00e4\u00e4lt\u00e4<\/strong><\/a>.<\/p>\n<p style=\"caret-color: #000000; color: #000000;\"><strong>Jos ostat s\u00e4hk\u00f6skootterin kaupastamme, saat -20%alennuksen kaikista\u00a0<\/strong><a href=\"http:\/\/www.xn--tuksimaailm-ffb.ee\/tootekategooria\/lisavarustus\/\"><strong>lis\u00e4varusteista<\/strong><\/a><strong>s\u00e4hk\u00f6skootterin oston\u00a0<\/strong><a href=\"http:\/\/www.xn--tuksimaailm-ffb.ee\/tootekategooria\/lisavarustus\/\"><strong>yhteydess\u00e4<\/strong><\/a><strong>!<\/strong><\/p>\n<p style=\"caret-color: #000000; color: #000000;\"><strong>Ultron T11 V2 -s\u00e4hk\u00f6skootteri on Viron liikennelain mukainen katulain mukainen kevytskootteri, jonka valmistajan teho on 1000W ja valmistajan nopeus 25km\/h.<\/strong>\u00a0<strong>HUOM: Jos k\u00e4ytt\u00e4j\u00e4 on itsen\u00e4isesti muuttanut s\u00e4hk\u00f6skootteria nopeammaksi tai tehokkaammaksi kuin edell\u00e4 mainitut parametrit, T\u00f5uksimaailm ei ole vastuussa lain rikkomisesta aiheutuvista sakoista, poliisin takavarikoimasta s\u00e4hk\u00f6skootterista tai mist\u00e4\u00e4n muustakaan rikkomisesta aiheutuneesta vahingosta.<\/strong><\/p>\n<table class=\"tg\" style=\"border-collapse: collapse; max-width: 600px; border-spacing: 0px; margin: 0px auto; width: 84%; height: 406px;\">\n<tbody>\n<tr style=\"height: 27px;\">\n<td style=\"background-color: #e4e1e1; color: #333333; font-family: inherit; font-size: 14px; font-weight: bold; overflow: hidden; padding: 5px; text-align: center; vertical-align: top; word-break: normal; border: 1px solid; height: 27px; width: 99.8333%;\" colspan=\"2\">Tekniset tiedot<\/td>\n<\/tr>\n<tr style=\"height: 27px;\">\n<td style=\"background-color: #e4e1e1; color: #333333; font-family: inherit; font-size: 14px; font-weight: bold; overflow: hidden; padding: 5px; text-align: right; vertical-align: top; word-break: normal; border: 1px solid; height: 27px; width: 53.8333%;\">Malli<\/td>\n<td style=\"font-family: inherit; font-size: 14px; overflow: hidden; padding: 5px; text-align: center; vertical-align: top; word-break: normal; border: 1px solid; height: 27px; width: 46%;\">Ultron T11 V2<\/td>\n<\/tr>\n<tr style=\"height: 27px;\">\n<td style=\"background-color: #e4e1e1; color: #333333; font-family: inherit; font-size: 14px; font-weight: bold; overflow: hidden; padding: 5px; text-align: right; vertical-align: top; word-break: normal; border: 1px solid; height: 27px; width: 53.8333%;\">Akku<\/td>\n<td style=\"font-family: inherit; font-size: 14px; overflow: hidden; padding: 5px; text-align: center; vertical-align: top; word-break: normal; border: 1px solid; height: 27px; width: 46%;\">60V\/24Ah 1440Wh (21000mAh)<\/td>\n<\/tr>\n<tr style=\"height: 27px;\">\n<td style=\"background-color: #e4e1e1; color: #333333; font-family: inherit; font-size: 14px; font-weight: bold; overflow: hidden; padding: 5px; text-align: right; vertical-align: top; word-break: normal; border: 1px solid; height: 27px; width: 53.8333%;\">Latausaika<\/td>\n<td style=\"font-family: inherit; font-size: 14px; overflow: hidden; padding: 5px; text-align: center; vertical-align: top; word-break: normal; border: 1px solid; height: 27px; width: 46%;\">jopa 10h (kahdella laturilla 5h)<\/td>\n<\/tr>\n<tr style=\"height: 27px;\">\n<td style=\"background-color: #e4e1e1; color: #333333; font-family: inherit; font-size: 14px; font-weight: bold; overflow: hidden; padding: 5px; text-align: right; vertical-align: top; word-break: normal; border: 1px solid; height: 27px; width: 53.8333%;\">Moottorin teho<\/td>\n<td style=\"font-family: inherit; font-size: 14px; overflow: hidden; padding: 5px; text-align: center; vertical-align: top; word-break: normal; border: 1px solid; height: 27px; width: 46%;\">1000W<\/td>\n<\/tr>\n<tr style=\"height: 55px;\">\n<td style=\"background-color: #e4e1e1; color: #333333; font-family: inherit; font-size: 14px; font-weight: bold; overflow: hidden; padding: 5px; text-align: right; vertical-align: top; word-break: normal; border: 1px solid; height: 55px; width: 53.8333%;\">\n<p style=\"font-weight: 400; caret-color: #000000; color: #000000;\"><strong>Ajomatka (valmistajan ilmoittama) | Laskettu ajomatka<\/strong><\/p>\n<\/td>\n<td style=\"font-family: inherit; font-size: 14px; overflow: hidden; padding: 5px; text-align: center; vertical-align: top; word-break: normal; border: 1px solid; height: 55px; width: 46%;\">jopa 60 km | 96km (25km\/h, 70kg kuljettaja, 15Wh\/km)<\/td>\n<\/tr>\n<tr style=\"height: 27px;\">\n<td style=\"background-color: #e4e1e1; color: #333333; font-family: inherit; font-size: 14px; font-weight: bold; overflow: hidden; padding: 5px; text-align: right; vertical-align: top; word-break: normal; border: 1px solid; height: 27px; width: 53.8333%;\">Etujarru<\/td>\n<td style=\"font-family: inherit; font-size: 14px; overflow: hidden; padding: 5px; text-align: center; vertical-align: top; word-break: normal; border: 1px solid; height: 27px; width: 46%;\">hydraulinen levyjarru + s\u00e4hk\u00f6inen moottorijarru (regeneratiivinen)<\/td>\n<\/tr>\n<tr style=\"height: 27px;\">\n<td style=\"background-color: #e4e1e1; color: #333333; font-family: inherit; font-size: 14px; font-weight: bold; overflow: hidden; padding: 5px; text-align: right; vertical-align: top; word-break: normal; border: 1px solid; height: 27px; width: 53.8333%;\">Takajarru<\/td>\n<td style=\"font-family: inherit; font-size: 14px; overflow: hidden; padding: 5px; text-align: center; vertical-align: top; word-break: normal; border: 1px solid; height: 27px; width: 46%;\">hydraulinen levyjarru + s\u00e4hk\u00f6inen moottorijarru (regeneratiivinen)<\/td>\n<\/tr>\n<tr style=\"height: 27px;\">\n<td style=\"background-color: #e4e1e1; color: #333333; font-family: inherit; font-size: 14px; font-weight: bold; overflow: hidden; padding: 5px; text-align: right; vertical-align: top; word-break: normal; border: 1px solid; height: 27px; width: 53.8333%;\">Painorajoitus<\/td>\n<td style=\"font-family: inherit; font-size: 14px; overflow: hidden; padding: 5px; text-align: center; vertical-align: top; word-break: normal; border: 1px solid; height: 27px; width: 46%;\">150kg<\/td>\n<\/tr>\n<tr style=\"height: 27px;\">\n<td style=\"background-color: #e4e1e1; color: #333333; font-family: inherit; font-size: 14px; font-weight: bold; overflow: hidden; padding: 5px; text-align: right; vertical-align: top; word-break: normal; border: 1px solid; height: 27px; width: 53.8333%;\">Tuotaja m\u00e4\u00e4rittely nopeus<\/td>\n<td style=\"font-family: inherit; font-size: 14px; overflow: hidden; padding: 5px; text-align: center; vertical-align: top; word-break: normal; border: 1px solid; height: 27px; width: 46%;\">25km\/h<\/td>\n<\/tr>\n<tr style=\"height: 27px;\">\n<td style=\"background-color: #e4e1e1; color: #333333; font-family: inherit; font-size: 14px; font-weight: bold; overflow: hidden; padding: 5px; text-align: right; vertical-align: top; word-break: normal; border: 1px solid; height: 27px; width: 53.8333%;\">Paino<\/td>\n<td style=\"font-family: inherit; font-size: 14px; overflow: hidden; padding: 5px; text-align: center; vertical-align: top; word-break: normal; border: 1px solid; height: 27px; width: 46%;\">38kg<\/td>\n<\/tr>\n<tr style=\"height: 27px;\">\n<td style=\"background-color: #e4e1e1; color: #333333; font-family: inherit; font-size: 14px; font-weight: bold; overflow: hidden; padding: 5px 5px 5px 125px; vertical-align: top; word-break: normal; border: 1px solid; height: 27px; text-align: right; width: 53.8333%;\">Motorisoiitu py\u00f6r\u00e4<\/td>\n<td style=\"font-family: inherit; font-size: 14px; overflow: hidden; padding: 5px; text-align: center; vertical-align: top; word-break: normal; border: 1px solid; height: 27px; width: 46%;\">\n<p>taka- ja etupy\u00f6r\u00e4<\/p>\n<\/td>\n<\/tr>\n<tr style=\"height: 27px;\">\n<td style=\"background-color: #e4e1e1; color: #333333; font-family: inherit; font-size: 14px; font-weight: bold; overflow: hidden; padding: 5px; text-align: right; vertical-align: top; word-break: normal; border: 1px solid; height: 27px; width: 53.8333%;\">Renkaat<\/td>\n<td style=\"font-family: inherit; font-size: 14px; overflow: hidden; padding: 5px; text-align: center; vertical-align: top; word-break: normal; border: 1px solid; height: 27px; width: 46%;\">11 tuuman ilmarenkaat<\/td>\n<\/tr>\n<tr style=\"height: 27px;\">\n<td style=\"background-color: #e4e1e1; color: #333333; font-family: inherit; font-size: 14px; font-weight: bold; overflow: hidden; padding: 5px; text-align: right; vertical-align: top; word-break: normal; border: 1px solid; height: 27px; width: 53.8333%;\">Tien enim\u00e4iskaltevuus<\/td>\n<td style=\"font-family: inherit; font-size: 14px; overflow: hidden; padding: 5px; text-align: center; vertical-align: top; word-break: normal; border: 1px solid; height: 27px; width: 46%;\">jopa 40%<\/td>\n<\/tr>\n<\/tbody>\n<\/table>\n","protected":false},"excerpt":{"rendered":"<p><a href=\"http:\/\/www.xn--tuksimaailm-ffb.ee\/kontakt\/\"><strong>L\u00f6ysitk\u00f6 paremman hinnan? Kirjoita meille, niin teemme sinulle paremman tarjouksen!<\/strong><\/a><\/p>\n<p><strong>Kaikki\u00a0<a href=\"http:\/\/www.xn--tuksimaailm-ffb.ee\/tootekategooria\/lisavarustus\/\">lis\u00e4varusteet<\/a>\u00a0ja\u00a0<a href=\"https:\/\/www.xn\u2014tuksimaailm-ffb.ee\/tootekategooria\/elektritoukeratta-varuosad\/\">varaosat<\/a>\u00a0ovat\u00a0-20%, kun ne ostetaan s\u00e4hk\u00f6skootterin kanssa. Alennus otetaan automaattisesti k\u00e4ytt\u00f6\u00f6n, kun lis\u00e4\u00e4t sen ostoskoriin!<\/strong><\/p>\n<p><span style=\"font-style: italic;\"><strong>Toimitusaika: 1-5tp<br \/><\/strong><\/span><\/p>\n","protected":false},"featured_media":27706,"template":"","meta":[],"product_brand":[],"product_cat":[926],"product_tag":[],"filter_elektritoukeratas":[],"class_list":{"0":"post-49365","1":"product","2":"type-product","3":"status-publish","4":"has-post-thumbnail","6":"product_cat-sahkopotkulaudat-fi","7":"product_shipping_class-keskmine-pakk-fi","8":"pa_aku-mahutavus-wh-1440-fi","9":"pa_kaal-kg-38-fi","10":"pa_kandevoime-kg-150-fi","11":"pa_labisoit-arvutuslik-km-96-fi","12":"pa_mootorite-arv-kahdella-moottorilla","13":"pa_muuja-platvormil-touksimaailm-exocool-ou-fi","14":"pa_piiramata-tippkiirus-kmh-25-fi","15":"pa_tootetuup-elektritoukeratas-fi","16":"pa_valmistaja-ultron-fi","17":"pa_voimsus-w-1000-fi","19":"first","20":"outofstock","21":"taxable","22":"shipping-taxable","23":"purchasable","24":"product-type-simple"},"yoast_head":"<!-- This site is optimized with the Yoast SEO Premium plugin v26.8 (Yoast SEO v27.5) - https:\/\/yoast.com\/product\/yoast-seo-premium-wordpress\/ -->\n<title>Ultron T11 V2 s\u00e4hk\u00f6potkulauta | T\u00f5uksimaailm | Soodsaim 11&quot;<\/title>\n<meta name=\"description\" content=\"Ultron T11 v\u00f5imekas ja taskukohane elektrit\u00f5ukeratas. Erinevate lisadega ja praktiline elektriline t\u00f5ukeratas. Taskukohased Ultron elektrit\u00f5ukerattad.\" \/>\n<meta name=\"robots\" content=\"index, follow, max-snippet:-1, max-image-preview:large, max-video-preview:-1\" \/>\n<link rel=\"canonical\" href=\"https:\/\/www.xn--tuksimaailm-ffb.ee\/fi\/shop\/ultron-t11-v2-sahkopotkulauta\/\" \/>\n<meta property=\"og:locale\" content=\"fi_FI\" \/>\n<meta property=\"og:type\" content=\"article\" \/>\n<meta property=\"og:title\" content=\"Ultron T11 V2 s\u00e4hk\u00f6potkulauta\" \/>\n<meta property=\"og:description\" content=\"Ultron T11 v\u00f5imekas ja taskukohane elektrit\u00f5ukeratas. Erinevate lisadega ja praktiline elektriline t\u00f5ukeratas. Taskukohased Ultron elektrit\u00f5ukerattad.\" \/>\n<meta property=\"og:url\" content=\"https:\/\/www.xn--tuksimaailm-ffb.ee\/fi\/shop\/ultron-t11-v2-sahkopotkulauta\/\" \/>\n<meta property=\"og:site_name\" content=\"T\u00f5uksimaailm\" \/>\n<meta property=\"article:publisher\" content=\"https:\/\/www.facebook.com\/touksimaailm\/\" \/>\n<meta property=\"og:image\" content=\"https:\/\/www.xn--tuksimaailm-ffb.ee\/wp-content\/uploads\/2023\/01\/Ultron-T11-V2-elektritoukeratas-elektriline-toukeratas-elektritoukerattad-3.jpeg\" \/>\n\t<meta property=\"og:image:width\" content=\"800\" \/>\n\t<meta property=\"og:image:height\" content=\"800\" \/>\n\t<meta property=\"og:image:type\" content=\"image\/jpeg\" \/>\n<meta name=\"twitter:card\" content=\"summary_large_image\" \/>\n<meta name=\"twitter:label1\" content=\"Hinta\" \/>\n\t<meta name=\"twitter:data1\" content=\"&euro;1,549.00\" \/>\n\t<meta name=\"twitter:label2\" content=\"Saatavuus\" \/>\n\t<meta name=\"twitter:data2\" content=\"Loppu varastosta\" \/>\n<meta property=\"product:price:amount\" content=\"1549.00\" \/>\n<meta property=\"product:price:currency\" content=\"EUR\" \/>\n<meta property=\"og:availability\" content=\"out of stock\" \/>\n<meta property=\"product:availability\" content=\"out of stock\" \/>\n<meta property=\"product:retailer_item_id\" content=\"Ultron-T11\" \/>\n<meta property=\"product:condition\" content=\"new\" \/>\n<!-- \/ Yoast SEO Premium plugin. -->","yoast_head_json":{"title":"Ultron T11 V2 s\u00e4hk\u00f6potkulauta | T\u00f5uksimaailm | Soodsaim 11\"","description":"Ultron T11 v\u00f5imekas ja taskukohane elektrit\u00f5ukeratas. Erinevate lisadega ja praktiline elektriline t\u00f5ukeratas. Taskukohased Ultron elektrit\u00f5ukerattad.","robots":{"index":"index","follow":"follow","max-snippet":"max-snippet:-1","max-image-preview":"max-image-preview:large","max-video-preview":"max-video-preview:-1"},"canonical":"https:\/\/www.xn--tuksimaailm-ffb.ee\/fi\/shop\/ultron-t11-v2-sahkopotkulauta\/","og_locale":"fi_FI","og_type":"article","og_title":"Ultron T11 V2 s\u00e4hk\u00f6potkulauta","og_description":"Ultron T11 v\u00f5imekas ja taskukohane elektrit\u00f5ukeratas. Erinevate lisadega ja praktiline elektriline t\u00f5ukeratas. Taskukohased Ultron elektrit\u00f5ukerattad.","og_url":"https:\/\/www.xn--tuksimaailm-ffb.ee\/fi\/shop\/ultron-t11-v2-sahkopotkulauta\/","og_site_name":"T\u00f5uksimaailm","article_publisher":"https:\/\/www.facebook.com\/touksimaailm\/","og_image":[{"width":800,"height":800,"url":"https:\/\/www.xn--tuksimaailm-ffb.ee\/wp-content\/uploads\/2023\/01\/Ultron-T11-V2-elektritoukeratas-elektriline-toukeratas-elektritoukerattad-3.jpeg","type":"image\/jpeg"}],"twitter_card":"summary_large_image","twitter_misc":{"Hinta":"&euro;1,549.00","Saatavuus":"Loppu varastosta"},"schema":{"@context":"https:\/\/schema.org","@graph":[{"@type":"WebPage","@id":"https:\/\/www.xn--tuksimaailm-ffb.ee\/fi\/shop\/ultron-t11-v2-sahkopotkulauta\/","url":"https:\/\/www.xn--tuksimaailm-ffb.ee\/fi\/shop\/ultron-t11-v2-sahkopotkulauta\/","name":"Ultron T11 V2 s\u00e4hk\u00f6potkulauta | T\u00f5uksimaailm | Soodsaim 11\"","isPartOf":{"@id":"https:\/\/www.xn--tuksimaailm-ffb.ee\/fi\/#website"},"primaryImageOfPage":{"@id":"https:\/\/www.xn--tuksimaailm-ffb.ee\/fi\/shop\/ultron-t11-v2-sahkopotkulauta\/#primaryimage"},"image":{"@id":"https:\/\/www.xn--tuksimaailm-ffb.ee\/fi\/shop\/ultron-t11-v2-sahkopotkulauta\/#primaryimage"},"thumbnailUrl":"https:\/\/www.xn--tuksimaailm-ffb.ee\/wp-content\/uploads\/2023\/01\/Ultron-T11-V2-elektritoukeratas-elektriline-toukeratas-elektritoukerattad-3.jpeg","datePublished":"2023-01-10T15:33:22+00:00","description":"Ultron T11 v\u00f5imekas ja taskukohane elektrit\u00f5ukeratas. Erinevate lisadega ja praktiline elektriline t\u00f5ukeratas. Taskukohased Ultron elektrit\u00f5ukerattad.","breadcrumb":{"@id":"https:\/\/www.xn--tuksimaailm-ffb.ee\/fi\/shop\/ultron-t11-v2-sahkopotkulauta\/#breadcrumb"},"inLanguage":"fi","potentialAction":[{"@type":"ReadAction","target":["https:\/\/www.xn--tuksimaailm-ffb.ee\/fi\/shop\/ultron-t11-v2-sahkopotkulauta\/"]}]},{"@type":"ImageObject","inLanguage":"fi","@id":"https:\/\/www.xn--tuksimaailm-ffb.ee\/fi\/shop\/ultron-t11-v2-sahkopotkulauta\/#primaryimage","url":"https:\/\/www.xn--tuksimaailm-ffb.ee\/wp-content\/uploads\/2023\/01\/Ultron-T11-V2-elektritoukeratas-elektriline-toukeratas-elektritoukerattad-3.jpeg","contentUrl":"https:\/\/www.xn--tuksimaailm-ffb.ee\/wp-content\/uploads\/2023\/01\/Ultron-T11-V2-elektritoukeratas-elektriline-toukeratas-elektritoukerattad-3.jpeg","width":800,"height":800,"caption":"Ultron T11 V2 elektrit\u00f5ukeratas elektriline t\u00f5ukeratas elektrit\u00f5ukerattad 3"},{"@type":"BreadcrumbList","@id":"https:\/\/www.xn--tuksimaailm-ffb.ee\/fi\/shop\/ultron-t11-v2-sahkopotkulauta\/#breadcrumb","itemListElement":[{"@type":"ListItem","position":1,"name":"Home","item":"https:\/\/www.xn--tuksimaailm-ffb.ee\/fi\/kotisivu\/"},{"@type":"ListItem","position":2,"name":"Kauppa","item":"https:\/\/www.xn--tuksimaailm-ffb.ee\/elektritoukerataste-pood\/"},{"@type":"ListItem","position":3,"name":"Ultron T11 V2 s\u00e4hk\u00f6potkulauta"}]},{"@type":"WebSite","@id":"https:\/\/www.xn--tuksimaailm-ffb.ee\/fi\/#website","url":"https:\/\/www.xn--tuksimaailm-ffb.ee\/fi\/","name":"T\u00f5uksimaailm","description":"Elektrit\u00f5ukerataste m\u00fc\u00fck, remont ja rent","publisher":{"@id":"https:\/\/www.xn--tuksimaailm-ffb.ee\/fi\/#organization"},"potentialAction":[{"@type":"SearchAction","target":{"@type":"EntryPoint","urlTemplate":"https:\/\/www.xn--tuksimaailm-ffb.ee\/fi\/?s={search_term_string}"},"query-input":{"@type":"PropertyValueSpecification","valueRequired":true,"valueName":"search_term_string"}}],"inLanguage":"fi"},{"@type":"Organization","@id":"https:\/\/www.xn--tuksimaailm-ffb.ee\/fi\/#organization","name":"T\u00f5uksimaailm","url":"https:\/\/www.xn--tuksimaailm-ffb.ee\/fi\/","logo":{"@type":"ImageObject","inLanguage":"fi","@id":"https:\/\/www.xn--tuksimaailm-ffb.ee\/fi\/#\/schema\/logo\/image\/","url":"https:\/\/www.xn--tuksimaailm-ffb.ee\/wp-content\/uploads\/2020\/01\/logoz-e1579792875517.png","contentUrl":"https:\/\/www.xn--tuksimaailm-ffb.ee\/wp-content\/uploads\/2020\/01\/logoz-e1579792875517.png","width":250,"height":250,"caption":"T\u00f5uksimaailm"},"image":{"@id":"https:\/\/www.xn--tuksimaailm-ffb.ee\/fi\/#\/schema\/logo\/image\/"},"sameAs":["https:\/\/www.facebook.com\/touksimaailm\/","https:\/\/www.instagram.com\/touksimaailm_\/","https:\/\/www.youtube.com\/channel\/UC18ml0EKIDLP1xGuQjFzcXQ"]}]},"product_price_amount":"1549.00","product_price_currency":"EUR","og_availability":"out of stock","product_availability":"out of stock","product_retailer_item_id":"Ultron-T11","product_condition":"new"},"jetpack_sharing_enabled":true,"_links":{"self":[{"href":"https:\/\/www.xn--tuksimaailm-ffb.ee\/fi\/wp-json\/wp\/v2\/product\/49365","targetHints":{"allow":["GET"]}}],"collection":[{"href":"https:\/\/www.xn--tuksimaailm-ffb.ee\/fi\/wp-json\/wp\/v2\/product"}],"about":[{"href":"https:\/\/www.xn--tuksimaailm-ffb.ee\/fi\/wp-json\/wp\/v2\/types\/product"}],"wp:featuredmedia":[{"embeddable":true,"href":"https:\/\/www.xn--tuksimaailm-ffb.ee\/fi\/wp-json\/wp\/v2\/media\/27706"}],"wp:attachment":[{"href":"https:\/\/www.xn--tuksimaailm-ffb.ee\/fi\/wp-json\/wp\/v2\/media?parent=49365"}],"wp:term":[{"taxonomy":"product_brand","embeddable":true,"href":"https:\/\/www.xn--tuksimaailm-ffb.ee\/fi\/wp-json\/wp\/v2\/product_brand?post=49365"},{"taxonomy":"product_cat","embeddable":true,"href":"https:\/\/www.xn--tuksimaailm-ffb.ee\/fi\/wp-json\/wp\/v2\/product_cat?post=49365"},{"taxonomy":"product_tag","embeddable":true,"href":"https:\/\/www.xn--tuksimaailm-ffb.ee\/fi\/wp-json\/wp\/v2\/product_tag?post=49365"},{"taxonomy":"filter_elektritoukeratas","embeddable":true,"href":"https:\/\/www.xn--tuksimaailm-ffb.ee\/fi\/wp-json\/wp\/v2\/filter_elektritoukeratas?post=49365"}],"curies":[{"name":"wp","href":"https:\/\/api.w.org\/{rel}","templated":true}]}}