{"id":49374,"date":"2021-12-12T17:45:54","date_gmt":"2021-12-12T17:45:54","guid":{"rendered":"http:\/\/www.xn--tuksimaailm-ffb.ee\/shop\/kaabo-mantis-10-pro-plus-sahkopotkulauta\/"},"modified":"2024-11-12T13:48:03","modified_gmt":"2024-11-12T10:48:03","slug":"kaabo-mantis-10-pro-plus-sahkopotkulauta","status":"publish","type":"product","link":"https:\/\/www.xn--tuksimaailm-ffb.ee\/fi\/shop\/kaabo-mantis-10-pro-plus-sahkopotkulauta\/","title":{"rendered":"Kaabo Mantis 10 PRO PLUS s\u00e4hk\u00f6potkulauta"},"content":{"rendered":"<h2 style=\"text-align: center;\">KAABO MANTIS 10 PRO PLUS S\u00c4HK\u00d6POTKULAUTA<\/h2>\n<p style=\"caret-color: #000000; color: #000000;\">Kaabo Mantis 10 Pro Plus -s\u00e4hk\u00f6skootteri on tehokkain ja nopein Kaabo Mantis -s\u00e4hk\u00f6skootteri, joka on\u00a0<a href=\"http:\/\/www.xn--tuksimaailm-ffb.ee\/shop\/kaabo-mantis-10-plus-offroad-elektriline-toukeratas\/\"><strong>Mantis 10 2WD<\/strong><\/a>\u00a0-s\u00e4hk\u00f6skootterin suurempi (60V \/ 24,5Ah), LG-moduuliakkuinen versio. Suurempi akku tarkoittaa parempaa ajomatkaa yhdell\u00e4 latauksella, ja suuri korkealaatuinen modulaarinen akku auttaa my\u00f6s yll\u00e4pit\u00e4m\u00e4\u00e4n paremmin moottorin virransy\u00f6tt\u00f6\u00e4 kuormitettuna. T\u00e4m\u00e4n ansiosta Pro Plus kiihtyy jopa 20 % nopeammin verrattuna pienemm\u00e4ll\u00e4 akulla varustettuun malliin. T\u00e4m\u00e4 10 tuuman skootteri on l\u00e4hes yht\u00e4 nopea kuin paljon isompi ja painavampi\u00a0<a href=\"http:\/\/www.xn--tuksimaailm-ffb.ee\/shop\/kaabo-wolf-warrior-11\/\"><strong>Wolf Warrior 11+<\/strong><\/a>!<\/p>\n<p style=\"caret-color: #000000; color: #000000;\">Kaabo Mantis 10 Pro Plus -s\u00e4hk\u00f6skootteri sopii t\u00e4ydellisesti vaativalle kuljettajalle, joka haluaa nousta maasta voimalla. Pienemp\u00e4\u00e4n akkuversioon verrattuna Pro Plus -mallissa k\u00e4ytet\u00e4\u00e4n\u00a0<strong>Minimotors EY3 -n\u00e4ytt\u00f6\u00e4<\/strong>, joka on arvioitu maailman parhaaksi kaasuvasteen ratkaisuksi. Pro Plus -s\u00e4hk\u00f6skootterissa on my\u00f6s k\u00f6ysilevyjarrut, jotka on korvattu\u00a0<strong>t\u00e4yshydraulisilla jarruilla<\/strong>. T\u00e4m\u00e4 takaa parhaan mahdollisen jarrutuntuman ja vakavasti otettavan tehokkaan jarrutustehon.\u00a0<strong>Jousiramppien<\/strong>\u00a0ansiosta Mantis 10 -mallit ovat my\u00f6s mukavampia kuin muut saman luokan s\u00e4hk\u00f6skootterit. Mantis 10 Pro Plus -s\u00e4hk\u00f6skootteri sopii korkeamman ohjaustangon ansiosta paremmin pidemmille kuljettajille.<\/p>\n<p><iframe title=\"Mantis Tests Positive For Steroids | Kaabo Mantis (Base and Pro) Review\" width=\"1082\" height=\"609\" src=\"https:\/\/www.youtube.com\/embed\/1Sfdr-fE3W0?feature=oembed\" frameborder=\"0\" allow=\"accelerometer; autoplay; clipboard-write; encrypted-media; gyroscope; picture-in-picture; web-share\" referrerpolicy=\"strict-origin-when-cross-origin\" allowfullscreen><\/iframe><\/p>\n<h2 style=\"text-align: center;\">KAABOSTA<\/h2>\n<p style=\"caret-color: #000000; color: #000000;\">Kaabo on toiminut s\u00e4hk\u00f6k\u00e4ytt\u00f6isten trukkien maailmassa jo pitk\u00e4\u00e4n, sill\u00e4 se aloitti kehitysty\u00f6n jo vuonna 2013. Vain\u00a0<a href=\"https:\/\/inokim.com\/\"><strong>Inokimilla<\/strong><\/a>\u00a0ja\u00a0<a href=\"https:\/\/minimotorsusa.com\/\"><strong>Minimotorsilla<\/strong><\/a>\u00a0on yht\u00e4 pitk\u00e4 historia n\u00e4ill\u00e4 suhteellisen uusilla markkinoilla. T\u00e4n\u00e4 aikana Kaabo on onnistunut hankkimaan 25 patenttia teknologioille, joita k\u00e4ytet\u00e4\u00e4n nyky\u00e4\u00e4n laajalti s\u00e4hk\u00f6hissiteollisuudessa, ja se on onnistunut myym\u00e4\u00e4n merkkituotteitaan maahantuojien kautta ymp\u00e4ri maailmaa. Kaabon Mantis 10 Pro Plus -s\u00e4hk\u00f6potkulauta on varustettu<strong>\u00a010x3,0 tuuman\u00a0<\/strong>sis\u00e4renkailla.<\/p>\n<p>Sis\u00e4kumilla renkaissa on pehme\u00e4mpi ajo kuin tubeless-renkaissa. S\u00e4hk\u00f6skootteri on varustettu my\u00f6s vaahtokumikahvoilla (grips), jotka est\u00e4v\u00e4t k\u00e4mmenten v\u00e4symist\u00e4 t\u00e4rin\u00e4st\u00e4. Kaabo Mantis 10 Pro Plus -skootterissa on useita eri nopeustiloja, joita ohjataan ohjaustankoon asennetuilla painikkeilla. Etuveto on mahdollista kytke\u00e4 pois p\u00e4\u00e4lt\u00e4, ja siin\u00e4 on my\u00f6s Eco\/Sport-valintakytkin. <img decoding=\"async\" class=\"wp-image-6423 aligncenter\" src=\"https:\/\/www.xn--tuksimaailm-ffb.ee\/wp-content\/uploads\/2021\/12\/mantis-10-pro-1-285x300.png\" alt=\"kaabo mantis 10 plus pro elektrit\u00f5ukeratas elektriline t\u00f5ukeratas\" width=\"475\" height=\"500\" srcset=\"https:\/\/www.xn--tuksimaailm-ffb.ee\/wp-content\/uploads\/2021\/12\/mantis-10-pro-1-285x300.png 285w, https:\/\/www.xn--tuksimaailm-ffb.ee\/wp-content\/uploads\/2021\/12\/mantis-10-pro-1-768x808.png 768w, https:\/\/www.xn--tuksimaailm-ffb.ee\/wp-content\/uploads\/2021\/12\/mantis-10-pro-1-600x632.png 600w, https:\/\/www.xn--tuksimaailm-ffb.ee\/wp-content\/uploads\/2021\/12\/mantis-10-pro-1.png 797w\" sizes=\"(max-width: 475px) 100vw, 475px\" \/><\/p>\n<h2 style=\"text-align: center;\">TEKNINEN KUVAUS<\/h2>\n<p style=\"caret-color: #000000; color: #000000;\">Kaabo Mantis 10 Pro Plus -s\u00e4hk\u00f6skootterin kokonaisteho on 1000 W (kaksi 500 W moottoria). S\u00e4hk\u00f6potkulauta saavuttaa laillisen\u00a0<strong>25km\/h<\/strong>\u00a0suunnittelunopeuden my\u00f6s ajettaessa yl\u00e4m\u00e4keen suuremmilla m\u00e4ill\u00e4 ja rinteill\u00e4. Suurin kaltevuus, jonka Kaabo Mantis -s\u00e4hk\u00f6potkulauta kaksoismoottorilla kest\u00e4\u00e4, on 30 %. K\u00e4ytett\u00e4ess\u00e4 s\u00e4hk\u00f6potkulautaa maastoajoneuvona maasto-olosuhteissa yksityisell\u00e4 maalla s\u00e4hk\u00f6potkulauta pystyy saavuttamaan jopa\u00a0<strong>25 km\/h<\/strong>\u00a0nopeuden muutetun virityksen j\u00e4lkeen.<\/p>\n<p style=\"caret-color: #000000; color: #000000;\">Valmistajan mukaan rungon enimm\u00e4ispaino varusteineen on\u00a0<strong>120 kg<\/strong>. T\u00e4t\u00e4 rajaa ei kannata ylitt\u00e4\u00e4, sill\u00e4 muuten s\u00e4hk\u00f6skootterin runko saattaa antaa periksi jo muutamassa isossa t\u00e4r\u00e4hdyksess\u00e4. T\u00e4m\u00e4n suuruisten vaurioiden korjaaminen voi olla melko kallista ja kest\u00e4\u00e4 kauan. S\u00e4hk\u00f6skootterin virtal\u00e4hteen\u00e4 on\u00a0<strong>60V\/24500mAh (1470Wh)<\/strong>\u00a0Li-Ion-akku, jonka lataaminen 0-100%:sta kest\u00e4\u00e4<strong>\u00a012 tuntia<\/strong>. Kaabo Mantis 10 Pro -s\u00e4hk\u00f6potkulauta on nopea s\u00e4hk\u00f6potkulauta, joka pystyy kehitt\u00e4m\u00e4\u00e4n suurempia nopeuksia kuin ihminen voi saavuttaa juostessaan. Siksi kaatuminen tai onnettomuus kanssakulkijoiden kanssa on eritt\u00e4in vaarallista. Siksi suosittelemme kyp\u00e4r\u00e4n k\u00e4ytt\u00e4mist\u00e4 aina. Alle 16-vuotiaiden s\u00e4hk\u00f6skootterilla ajavien kyp\u00e4r\u00e4n k\u00e4ytt\u00f6 ajon aikana on\u00a0<a href=\"https:\/\/www.riigiteataja.ee\/akt\/113112020001\">lain<\/a>\u00a0mukaan pakollista. Kaikki Kaabo-s\u00e4hk\u00f6skootterit l\u00f6yd\u00e4t\u00a0<a href=\"http:\/\/www.xn--tuksimaailm-ffb.ee\/tootekategooria\/elektritoukeratas\/\"><strong>t\u00e4\u00e4lt\u00e4<\/strong><\/a>.<\/p>\n<p style=\"caret-color: #000000; color: #000000;\"><strong>Kaabo Mantis 10 Pro Plus -s\u00e4hk\u00f6skootteri on Viron liikennelain mukainen katulain mukainen kevytskootteri, jonka valmistajan teho on 1000W ja valmistajan nopeus 25km\/h, kuten alla olevasta tehdastodistuksesta k\u00e4y ilmi.<\/strong><strong>HUOMAA: Todistus ei pelasta sinua lain rikkomiselta ja sakotukselta tai poliisin takavarikoimalta s\u00e4hk\u00f6skootterilta, jos k\u00e4ytt\u00e4j\u00e4 on muuttanut s\u00e4hk\u00f6skootteria suuremman tehon tai huippunopeuden kehitt\u00e4miseksi!<\/strong><\/p>\n<p><a href=\"https:\/\/www.xn--tuksimaailm-ffb.ee\/wp-content\/uploads\/2021\/12\/Kaabo-sertifikaat-252x300.jpg\"><img decoding=\"async\" class=\"alignnone size-medium wp-image-20078 aligncenter\" src=\"https:\/\/www.xn--tuksimaailm-ffb.ee\/wp-content\/uploads\/2021\/12\/Kaabo-sertifikaat-252x300.jpg\" alt=\"elektrit\u00f5ukeratas kaabo mantis 10 pro plus t\u00e4navalegaalsuse sertifikaat\" width=\"632\" height=\"752\" srcset=\"https:\/\/www.xn--tuksimaailm-ffb.ee\/wp-content\/uploads\/2021\/12\/Kaabo-sertifikaat-252x300.jpg 252w, https:\/\/www.xn--tuksimaailm-ffb.ee\/wp-content\/uploads\/2021\/12\/Kaabo-sertifikaat.jpg 505w\" sizes=\"(max-width: 632px) 100vw, 632px\" \/><\/a><\/p>\n<table class=\"tg\" style=\"border-collapse: collapse; max-width: 600px; border-spacing: 0; margin: 0px auto;\">\n<tbody>\n<tr>\n<td style=\"background-color: #e4e1e1; color: #333333; font-family: inherit; font-size: 14px; font-weight: bold; overflow: hidden; padding: 5px 5px; text-align: center; vertical-align: top; word-break: normal; border: 1px solid;\" colspan=\"2\">Tekniset tiedot<\/td>\n<\/tr>\n<tr>\n<td style=\"background-color: #e4e1e1; color: #333333; font-family: inherit; font-size: 14px; font-weight: bold; overflow: hidden; padding: 5px 5px; text-align: right; vertical-align: top; word-break: normal; border: 1px solid;\">Malli<\/td>\n<td style=\"font-family: inherit; font-size: 14px; overflow: hidden; padding: 5px 5px; text-align: center; vertical-align: top; word-break: normal; border: 1px solid;\">Kaabo Mantis 10 PRO Plus 1000 2WD<\/td>\n<\/tr>\n<tr>\n<td style=\"background-color: #e4e1e1; color: #333333; font-family: inherit; font-size: 14px; font-weight: bold; overflow: hidden; padding: 5px 5px; text-align: right; vertical-align: top; word-break: normal; border: 1px solid;\">Akku<\/td>\n<td style=\"font-family: inherit; font-size: 14px; overflow: hidden; padding: 5px 5px; text-align: center; vertical-align: top; word-break: normal; border: 1px solid;\">60V\/24,5Ah\/1470Wh<\/td>\n<\/tr>\n<tr>\n<td style=\"background-color: #e4e1e1; color: #333333; font-family: inherit; font-size: 14px; font-weight: bold; overflow: hidden; padding: 5px 5px; text-align: right; vertical-align: top; word-break: normal; border: 1px solid;\">Akku t\u00fc\u00fcpi<\/td>\n<td style=\"font-family: inherit; font-size: 14px; overflow: hidden; padding: 5px 5px; text-align: center; vertical-align: top; word-break: normal; border: 1px solid;\">Li-Ion<\/td>\n<\/tr>\n<tr>\n<td style=\"background-color: #e4e1e1; color: #333333; font-family: inherit; font-size: 14px; font-weight: bold; overflow: hidden; padding: 5px 5px; text-align: right; vertical-align: top; word-break: normal; border: 1px solid;\">Latausaika<\/td>\n<td style=\"font-family: inherit; font-size: 14px; overflow: hidden; padding: 5px 5px; text-align: center; vertical-align: top; word-break: normal; border: 1px solid;\">jopa 12h<\/td>\n<\/tr>\n<tr>\n<td style=\"background-color: #e4e1e1; color: #333333; font-family: inherit; font-size: 14px; font-weight: bold; overflow: hidden; padding: 5px 5px; text-align: right; vertical-align: top; word-break: normal; border: 1px solid;\">Moottorin tehu<\/td>\n<td style=\"font-family: inherit; font-size: 14px; overflow: hidden; padding: 5px 5px; text-align: center; vertical-align: top; word-break: normal; border: 1px solid;\">tuotantokyky 1000W<\/td>\n<\/tr>\n<tr>\n<td style=\"background-color: #e4e1e1; color: #333333; font-family: inherit; font-size: 14px; font-weight: bold; overflow: hidden; padding: 5px 5px; text-align: right; vertical-align: top; word-break: normal; border: 1px solid;\">\n<p style=\"font-weight: 400; caret-color: #000000; color: #000000;\">Ajomatka (valmistajan ilmoittama) | Laskettu ajomatka<\/p>\n<\/td>\n<td style=\"font-family: inherit; font-size: 14px; overflow: hidden; padding: 5px 5px; text-align: center; vertical-align: top; word-break: normal; border: 1px solid;\">jopa 90km | 98km (25km\/h, 70kg kuljettaja, 15Wh\/km)<\/td>\n<\/tr>\n<tr>\n<td style=\"background-color: #e4e1e1; color: #333333; font-family: inherit; font-size: 14px; font-weight: bold; overflow: hidden; padding: 5px 5px; text-align: right; vertical-align: top; word-break: normal; border: 1px solid;\">Jarrut<\/td>\n<td style=\"font-family: inherit; font-size: 14px; overflow: hidden; padding: 5px 5px; text-align: center; vertical-align: top; word-break: normal; border: 1px solid;\">Hydraulinen levyjarru + s\u00e4hk\u00f6inen ABS-moottorijarru<\/td>\n<\/tr>\n<tr>\n<td style=\"background-color: #e4e1e1; color: #333333; font-family: inherit; font-size: 14px; font-weight: bold; overflow: hidden; padding: 5px 5px; text-align: right; vertical-align: top; word-break: normal; border: 1px solid;\">Painorajoitus<\/td>\n<td style=\"font-family: inherit; font-size: 14px; overflow: hidden; padding: 5px 5px; text-align: center; vertical-align: top; word-break: normal; border: 1px solid;\">120kg<\/td>\n<\/tr>\n<tr>\n<td style=\"background-color: #e4e1e1; color: #333333; font-family: inherit; font-size: 14px; font-weight: bold; overflow: hidden; padding: 5px 5px; text-align: right; vertical-align: top; word-break: normal; border: 1px solid;\">Muutettu nopeus virityksen j\u00e4lken<\/td>\n<td style=\"font-family: inherit; font-size: 14px; overflow: hidden; padding: 5px 5px; text-align: center; vertical-align: top; word-break: normal; border: 1px solid;\">25km\/h<\/td>\n<\/tr>\n<tr>\n<td style=\"background-color: #e4e1e1; color: #333333; font-family: inherit; font-size: 14px; font-weight: bold; overflow: hidden; padding: 5px 5px; text-align: right; vertical-align: top; word-break: normal; border: 1px solid;\">Valmistusnopeus<\/td>\n<td style=\"font-family: inherit; font-size: 14px; overflow: hidden; padding: 5px 5px; text-align: center; vertical-align: top; word-break: normal; border: 1px solid;\">25km\/h<\/td>\n<\/tr>\n<tr>\n<td style=\"background-color: #e4e1e1; color: #333333; font-family: inherit; font-size: 14px; font-weight: bold; overflow: hidden; padding: 5px 5px; text-align: right; vertical-align: top; word-break: normal; border: 1px solid;\">Laturi mukaan<\/td>\n<td style=\"font-family: inherit; font-size: 14px; overflow: hidden; padding: 5px 5px; text-align: center; vertical-align: top; word-break: normal; border: 1px solid;\">jah<\/td>\n<\/tr>\n<tr>\n<td style=\"background-color: #e4e1e1; color: #333333; font-family: inherit; font-size: 14px; font-weight: bold; overflow: hidden; padding: 5px 5px; text-align: right; vertical-align: top; word-break: normal; border: 1px solid;\">Paino<\/td>\n<td style=\"font-family: inherit; font-size: 14px; overflow: hidden; padding: 5px 5px; text-align: center; vertical-align: top; word-break: normal; border: 1px solid;\">30kg<\/td>\n<\/tr>\n<tr>\n<td style=\"background-color: #e4e1e1; color: #333333; font-family: inherit; font-size: 14px; font-weight: bold; overflow: hidden; padding: 5px 5px; text-align: right; vertical-align: top; word-break: normal; border: 1px solid;\">Renkaat<\/td>\n<td style=\"font-family: inherit; font-size: 14px; overflow: hidden; padding: 5px 5px; text-align: center; vertical-align: top; word-break: normal; border: 1px solid;\">10x3.00\" offroad sis\u00e4kumi ilmarenkaat<\/td>\n<\/tr>\n<tr>\n<td style=\"background-color: #e4e1e1; color: #333333; font-family: inherit; font-size: 14px; font-weight: bold; overflow: hidden; padding: 5px 5px; text-align: right; vertical-align: top; word-break: normal; border: 1px solid;\">Jousitus<\/td>\n<td style=\"font-family: inherit; font-size: 14px; overflow: hidden; padding: 5px 5px; text-align: center; vertical-align: top; word-break: normal; border: 1px solid;\">vedruamort ees ja taga<\/td>\n<\/tr>\n<tr>\n<td style=\"background-color: #e4e1e1; color: #333333; font-family: inherit; font-size: 14px; font-weight: bold; overflow: hidden; padding: 5px 5px; text-align: right; vertical-align: top; word-break: normal; border: 1px solid;\">Tien enim\u00e4iskaltevuus<\/td>\n<td style=\"font-family: inherit; font-size: 14px; overflow: hidden; padding: 5px 5px; text-align: center; vertical-align: top; word-break: normal; border: 1px solid;\">&lt;30 %<\/td>\n<\/tr>\n<\/tbody>\n<\/table>\n","protected":false},"excerpt":{"rendered":"<p><a href=\"http:\/\/www.xn--tuksimaailm-ffb.ee\/kontakt\/\"><strong>L\u00f6ysitk\u00f6 paremman hinnan? Kirjoita meille, niin teemme sinulle paremman tarjouksen!<\/strong><\/a><\/p>\n<p><strong>Kaikki\u00a0<a href=\"http:\/\/www.xn--tuksimaailm-ffb.ee\/tootekategooria\/lisavarustus\/\">lis\u00e4varusteet<\/a>\u00a0ja\u00a0<a href=\"https:\/\/www.xn\u2014tuksimaailm-ffb.ee\/tootekategooria\/elektritoukeratta-varuosad\/\">varaosat<\/a>\u00a0ovat\u00a0-20%, kun ne ostetaan s\u00e4hk\u00f6skootterin kanssa. Alennus otetaan automaattisesti k\u00e4ytt\u00f6\u00f6n, kun lis\u00e4\u00e4t sen ostoskoriin!<\/strong><\/p>\n<p><span style=\"font-style: italic;\"><strong>Toimitusaika: 1-5tp<\/p>\n<p>S\u00e4hk\u00f6potkulauta v\u00e4ri on musta!<\/strong><\/span><\/p>\n","protected":false},"featured_media":25057,"template":"","meta":[],"product_brand":[],"product_cat":[926],"product_tag":[916],"filter_elektritoukeratas":[],"class_list":{"0":"post-49374","1":"product","2":"type-product","3":"status-publish","4":"has-post-thumbnail","6":"product_cat-sahkopotkulaudat-fi","7":"product_tag-esilehe-tooted-fi","8":"pa_aku-mahutavus-wh-1470-fi","9":"pa_kaal-kg-30-fi","10":"pa_kandevoime-kg-100-fi","11":"pa_labisoit-arvutuslik-km-98-fi","12":"pa_mootorite-arv-kahdella-moottorilla","13":"pa_muuja-platvormil-touksimaailm-exocool-ou-fi","14":"pa_piiramata-tippkiirus-kmh-25-fi","15":"pa_tootetuup-elektritoukeratas-fi","16":"pa_valmistaja-kaabo-fi","17":"pa_voimsus-w-1000-fi","19":"first","20":"instock","21":"taxable","22":"shipping-taxable","23":"purchasable","24":"product-type-simple"},"yoast_head":"<!-- This site is optimized with the Yoast SEO Premium plugin v26.8 (Yoast SEO v27.5) - https:\/\/yoast.com\/product\/yoast-seo-premium-wordpress\/ -->\n<title>Kaabo Mantis 10 PRO PLUS s\u00e4hk\u00f6potkulauta | T\u00f5uksimaailm<\/title>\n<meta name=\"description\" content=\"Kaabo Mantis 10 Pro Plus elektrit\u00f5ukeratas. K\u00f5ige kiirem ja v\u00f5imsam 10 tolliste ratastega Mantis elektriline t\u00f5ukeratas. Kaabo v\u00f5imsad elektrit\u00f5ukerattad.\" \/>\n<meta name=\"robots\" content=\"index, follow, max-snippet:-1, max-image-preview:large, max-video-preview:-1\" \/>\n<link rel=\"canonical\" href=\"https:\/\/www.xn--tuksimaailm-ffb.ee\/fi\/shop\/kaabo-mantis-10-pro-plus-sahkopotkulauta\/\" \/>\n<meta property=\"og:locale\" content=\"fi_FI\" \/>\n<meta property=\"og:type\" content=\"article\" \/>\n<meta property=\"og:title\" content=\"Kaabo Mantis 10 PRO PLUS s\u00e4hk\u00f6potkulauta\" \/>\n<meta property=\"og:description\" content=\"Kaabo Mantis 10 Pro Plus elektrit\u00f5ukeratas. K\u00f5ige kiirem ja v\u00f5imsam 10 tolliste ratastega Mantis elektriline t\u00f5ukeratas. Kaabo v\u00f5imsad elektrit\u00f5ukerattad.\" \/>\n<meta property=\"og:url\" content=\"https:\/\/www.xn--tuksimaailm-ffb.ee\/fi\/shop\/kaabo-mantis-10-pro-plus-sahkopotkulauta\/\" \/>\n<meta property=\"og:site_name\" content=\"T\u00f5uksimaailm\" \/>\n<meta property=\"article:publisher\" content=\"https:\/\/www.facebook.com\/touksimaailm\/\" \/>\n<meta property=\"article:modified_time\" content=\"2024-11-12T10:48:03+00:00\" \/>\n<meta property=\"og:image\" content=\"https:\/\/www.xn--tuksimaailm-ffb.ee\/wp-content\/uploads\/2021\/12\/mantis-10-pro-plus-4.jpg\" \/>\n\t<meta property=\"og:image:width\" content=\"560\" \/>\n\t<meta property=\"og:image:height\" content=\"543\" \/>\n\t<meta property=\"og:image:type\" content=\"image\/jpeg\" \/>\n<meta name=\"twitter:card\" content=\"summary_large_image\" \/>\n<meta name=\"twitter:label1\" content=\"Hinta\" \/>\n\t<meta name=\"twitter:data1\" content=\"&euro;2,279.00\" \/>\n\t<meta name=\"twitter:label2\" content=\"Saatavuus\" \/>\n\t<meta name=\"twitter:data2\" content=\"Varastossa\" \/>\n<meta property=\"product:price:amount\" content=\"2279.00\" \/>\n<meta property=\"product:price:currency\" content=\"EUR\" \/>\n<meta property=\"og:availability\" content=\"instock\" \/>\n<meta property=\"product:availability\" content=\"instock\" \/>\n<meta property=\"product:retailer_item_id\" content=\"Manis_10_Pro\" \/>\n<meta property=\"product:condition\" content=\"new\" \/>\n<!-- \/ Yoast SEO Premium plugin. -->","yoast_head_json":{"title":"Kaabo Mantis 10 PRO PLUS s\u00e4hk\u00f6potkulauta | T\u00f5uksimaailm","description":"Kaabo Mantis 10 Pro Plus elektrit\u00f5ukeratas. K\u00f5ige kiirem ja v\u00f5imsam 10 tolliste ratastega Mantis elektriline t\u00f5ukeratas. Kaabo v\u00f5imsad elektrit\u00f5ukerattad.","robots":{"index":"index","follow":"follow","max-snippet":"max-snippet:-1","max-image-preview":"max-image-preview:large","max-video-preview":"max-video-preview:-1"},"canonical":"https:\/\/www.xn--tuksimaailm-ffb.ee\/fi\/shop\/kaabo-mantis-10-pro-plus-sahkopotkulauta\/","og_locale":"fi_FI","og_type":"article","og_title":"Kaabo Mantis 10 PRO PLUS s\u00e4hk\u00f6potkulauta","og_description":"Kaabo Mantis 10 Pro Plus elektrit\u00f5ukeratas. K\u00f5ige kiirem ja v\u00f5imsam 10 tolliste ratastega Mantis elektriline t\u00f5ukeratas. Kaabo v\u00f5imsad elektrit\u00f5ukerattad.","og_url":"https:\/\/www.xn--tuksimaailm-ffb.ee\/fi\/shop\/kaabo-mantis-10-pro-plus-sahkopotkulauta\/","og_site_name":"T\u00f5uksimaailm","article_publisher":"https:\/\/www.facebook.com\/touksimaailm\/","article_modified_time":"2024-11-12T10:48:03+00:00","og_image":[{"width":560,"height":543,"url":"https:\/\/www.xn--tuksimaailm-ffb.ee\/wp-content\/uploads\/2021\/12\/mantis-10-pro-plus-4.jpg","type":"image\/jpeg"}],"twitter_card":"summary_large_image","twitter_misc":{"Hinta":"&euro;2,279.00","Saatavuus":"Varastossa"},"schema":{"@context":"https:\/\/schema.org","@graph":[{"@type":"WebPage","@id":"https:\/\/www.xn--tuksimaailm-ffb.ee\/fi\/shop\/kaabo-mantis-10-pro-plus-sahkopotkulauta\/","url":"https:\/\/www.xn--tuksimaailm-ffb.ee\/fi\/shop\/kaabo-mantis-10-pro-plus-sahkopotkulauta\/","name":"Kaabo Mantis 10 PRO PLUS s\u00e4hk\u00f6potkulauta | T\u00f5uksimaailm","isPartOf":{"@id":"https:\/\/www.xn--tuksimaailm-ffb.ee\/fi\/#website"},"primaryImageOfPage":{"@id":"https:\/\/www.xn--tuksimaailm-ffb.ee\/fi\/shop\/kaabo-mantis-10-pro-plus-sahkopotkulauta\/#primaryimage"},"image":{"@id":"https:\/\/www.xn--tuksimaailm-ffb.ee\/fi\/shop\/kaabo-mantis-10-pro-plus-sahkopotkulauta\/#primaryimage"},"thumbnailUrl":"https:\/\/www.xn--tuksimaailm-ffb.ee\/wp-content\/uploads\/2021\/12\/mantis-10-pro-plus-4.jpg","datePublished":"2021-12-12T17:45:54+00:00","dateModified":"2024-11-12T10:48:03+00:00","description":"Kaabo Mantis 10 Pro Plus elektrit\u00f5ukeratas. K\u00f5ige kiirem ja v\u00f5imsam 10 tolliste ratastega Mantis elektriline t\u00f5ukeratas. Kaabo v\u00f5imsad elektrit\u00f5ukerattad.","breadcrumb":{"@id":"https:\/\/www.xn--tuksimaailm-ffb.ee\/fi\/shop\/kaabo-mantis-10-pro-plus-sahkopotkulauta\/#breadcrumb"},"inLanguage":"fi","potentialAction":[{"@type":"ReadAction","target":["https:\/\/www.xn--tuksimaailm-ffb.ee\/fi\/shop\/kaabo-mantis-10-pro-plus-sahkopotkulauta\/"]}]},{"@type":"ImageObject","inLanguage":"fi","@id":"https:\/\/www.xn--tuksimaailm-ffb.ee\/fi\/shop\/kaabo-mantis-10-pro-plus-sahkopotkulauta\/#primaryimage","url":"https:\/\/www.xn--tuksimaailm-ffb.ee\/wp-content\/uploads\/2021\/12\/mantis-10-pro-plus-4.jpg","contentUrl":"https:\/\/www.xn--tuksimaailm-ffb.ee\/wp-content\/uploads\/2021\/12\/mantis-10-pro-plus-4.jpg","width":560,"height":543},{"@type":"BreadcrumbList","@id":"https:\/\/www.xn--tuksimaailm-ffb.ee\/fi\/shop\/kaabo-mantis-10-pro-plus-sahkopotkulauta\/#breadcrumb","itemListElement":[{"@type":"ListItem","position":1,"name":"Home","item":"https:\/\/www.xn--tuksimaailm-ffb.ee\/fi\/kotisivu\/"},{"@type":"ListItem","position":2,"name":"Kauppa","item":"https:\/\/www.xn--tuksimaailm-ffb.ee\/elektritoukerataste-pood\/"},{"@type":"ListItem","position":3,"name":"Kaabo Mantis 10 PRO PLUS s\u00e4hk\u00f6potkulauta"}]},{"@type":"WebSite","@id":"https:\/\/www.xn--tuksimaailm-ffb.ee\/fi\/#website","url":"https:\/\/www.xn--tuksimaailm-ffb.ee\/fi\/","name":"T\u00f5uksimaailm","description":"Elektrit\u00f5ukerataste m\u00fc\u00fck, remont ja rent","publisher":{"@id":"https:\/\/www.xn--tuksimaailm-ffb.ee\/fi\/#organization"},"potentialAction":[{"@type":"SearchAction","target":{"@type":"EntryPoint","urlTemplate":"https:\/\/www.xn--tuksimaailm-ffb.ee\/fi\/?s={search_term_string}"},"query-input":{"@type":"PropertyValueSpecification","valueRequired":true,"valueName":"search_term_string"}}],"inLanguage":"fi"},{"@type":"Organization","@id":"https:\/\/www.xn--tuksimaailm-ffb.ee\/fi\/#organization","name":"T\u00f5uksimaailm","url":"https:\/\/www.xn--tuksimaailm-ffb.ee\/fi\/","logo":{"@type":"ImageObject","inLanguage":"fi","@id":"https:\/\/www.xn--tuksimaailm-ffb.ee\/fi\/#\/schema\/logo\/image\/","url":"https:\/\/www.xn--tuksimaailm-ffb.ee\/wp-content\/uploads\/2020\/01\/logoz-e1579792875517.png","contentUrl":"https:\/\/www.xn--tuksimaailm-ffb.ee\/wp-content\/uploads\/2020\/01\/logoz-e1579792875517.png","width":250,"height":250,"caption":"T\u00f5uksimaailm"},"image":{"@id":"https:\/\/www.xn--tuksimaailm-ffb.ee\/fi\/#\/schema\/logo\/image\/"},"sameAs":["https:\/\/www.facebook.com\/touksimaailm\/","https:\/\/www.instagram.com\/touksimaailm_\/","https:\/\/www.youtube.com\/channel\/UC18ml0EKIDLP1xGuQjFzcXQ"]}]},"product_price_amount":"2279.00","product_price_currency":"EUR","og_availability":"instock","product_availability":"instock","product_retailer_item_id":"Manis_10_Pro","product_condition":"new"},"jetpack_sharing_enabled":true,"_links":{"self":[{"href":"https:\/\/www.xn--tuksimaailm-ffb.ee\/fi\/wp-json\/wp\/v2\/product\/49374","targetHints":{"allow":["GET"]}}],"collection":[{"href":"https:\/\/www.xn--tuksimaailm-ffb.ee\/fi\/wp-json\/wp\/v2\/product"}],"about":[{"href":"https:\/\/www.xn--tuksimaailm-ffb.ee\/fi\/wp-json\/wp\/v2\/types\/product"}],"wp:featuredmedia":[{"embeddable":true,"href":"https:\/\/www.xn--tuksimaailm-ffb.ee\/fi\/wp-json\/wp\/v2\/media\/25057"}],"wp:attachment":[{"href":"https:\/\/www.xn--tuksimaailm-ffb.ee\/fi\/wp-json\/wp\/v2\/media?parent=49374"}],"wp:term":[{"taxonomy":"product_brand","embeddable":true,"href":"https:\/\/www.xn--tuksimaailm-ffb.ee\/fi\/wp-json\/wp\/v2\/product_brand?post=49374"},{"taxonomy":"product_cat","embeddable":true,"href":"https:\/\/www.xn--tuksimaailm-ffb.ee\/fi\/wp-json\/wp\/v2\/product_cat?post=49374"},{"taxonomy":"product_tag","embeddable":true,"href":"https:\/\/www.xn--tuksimaailm-ffb.ee\/fi\/wp-json\/wp\/v2\/product_tag?post=49374"},{"taxonomy":"filter_elektritoukeratas","embeddable":true,"href":"https:\/\/www.xn--tuksimaailm-ffb.ee\/fi\/wp-json\/wp\/v2\/filter_elektritoukeratas?post=49374"}],"curies":[{"name":"wp","href":"https:\/\/api.w.org\/{rel}","templated":true}]}}