{"id":49407,"date":"2021-07-17T13:17:19","date_gmt":"2021-07-17T10:17:19","guid":{"rendered":"http:\/\/www.xn--tuksimaailm-ffb.ee\/shop\/kaabo-skywalker-10c-eco-highway-sahkopotkulauta\/"},"modified":"2021-07-17T13:17:19","modified_gmt":"2021-07-17T10:17:19","slug":"kaabo-skywalker-10c-eco-highway-sahkopotkulauta","status":"publish","type":"product","link":"https:\/\/www.xn--tuksimaailm-ffb.ee\/fi\/shop\/kaabo-skywalker-10c-eco-highway-sahkopotkulauta\/","title":{"rendered":"Kaabo Skywalker 10C Eco Highway s\u00e4hk\u00f6potkulauta"},"content":{"rendered":"<p style=\"caret-color: #000000; color: #000000;\"><strong>Kaabo Skywalker 10C Highway<\/strong>\u00a0-s\u00e4hk\u00f6potkulauta on ihanteellinen kaupunkiliikenteeseen. 800 W:n moottorilla ja 48 V\/15,6 Ah:n akulla varustettu s\u00e4hk\u00f6skootteri saavuttaa valmistajan ilmoittaman 25 km\/h nopeuden. Etu- ja takajarrut tekev\u00e4t ajamisesta nautinnollista ja turvallista. 10-tuumaiset maantiek\u00e4ytt\u00f6\u00f6n tarkoitetut renkaat soveltuvat erityisesti asfaltilla ajamiseen.<\/p>\n<p class=\"has-text-align-justify\">Skywalker 10C ECO on suunniteltu mukavuutta, kompaktiutta, tehoa ja nopeutta ajatellen. Skywalker 10C:n muodossa Kaabo on saavuttanut ihanteellisen kohtuuhintaisen kaupunkiliikenteen. Itse asiassa on uskomatonta, mit\u00e4 t\u00e4m\u00e4 s\u00e4hk\u00f6skootteri voi tarjota hintaan n\u00e4hden.<\/p>\n<p style=\"caret-color: #000000; color: #000000;\">Mukavuudesta huolehtivat etu- ja takaosan kaksoisjousitetut iskunvaimentimet (piilossa punaisissa kuorissa). Suuret ja leve\u00e4t 10\u00d73,00\u2033 ilmarenkaat, joissa on sis\u00e4kumit, vaimentavat pieni\u00e4 t\u00e4rin\u00f6it\u00e4 tiell\u00e4. Ohjaustangon korkeus on s\u00e4\u00e4dett\u00e4viss\u00e4, jolloin ohjaustanko voidaan asettaa juuri ihanteelliselle korkeudelle jokaiselle s\u00e4hk\u00f6skootterin kuljettajalle. Skootterissa on leve\u00e4 seisontataso, joka mahdollistaa eritt\u00e4in mukavan seisomisen jalat vierekk\u00e4in (jalkojen pit\u00e4mist\u00e4 vierekk\u00e4in ei kuitenkaan suositella\u00a0<a href=\"https:\/\/www.skootterimaailma.fi\/sahkoskootterit-oikea-ajotekniikka-miten-liikkua\/\">turvallisuussyist\u00e4<\/a>).<\/p>\n<p class=\"has-text-align-justify\">Kompaktiuden kannalta Kaabo Skywalker 10C ECO -s\u00e4hk\u00f6potkulauta on ehdottomasti \u201deritt\u00e4in pienikokoisen s\u00e4hk\u00f6potkulautan\u201d luokassa. S\u00e4hk\u00f6skootteri on kokoontaitettava seisomakannesta, mik\u00e4 tekee t\u00e4m\u00e4n s\u00e4hk\u00f6skootterin pituudesta eritt\u00e4in lyhyen kokoontaitettuna. My\u00f6s s\u00e4hk\u00f6potkulautailun kahvat ovat kokoontaitettavat (ohjaustangon suuntaiset\/yl\u00e4kannatin). My\u00f6s linssin korkeus pienenee kokoontaitettuna minimiin.<\/p>\n<p class=\"has-text-align-justify\">Tehon ja nopeuden tuottaa tehokas 800 W:n BLDC-s\u00e4hk\u00f6moottori. T\u00e4m\u00e4n avulla s\u00e4hk\u00f6potkulauta pystyy saavuttamaan jopa 50 km\/h nopeuden muutetun virityksen j\u00e4lkeen. S\u00e4hk\u00f6skootteri on varustettu 48V\/15,6Ah\/749Wh akulla, jonka ansiosta skootteri voi ajaa jopa 55 km t\u00e4ysin ladattuna.<\/p>\n<p class=\"has-text-align-justify\">Kaiken t\u00e4m\u00e4n lis\u00e4ksi t\u00e4m\u00e4 s\u00e4hk\u00f6skootteri n\u00e4ytt\u00e4\u00e4 my\u00f6s kauniilta mustan ja punaisen v\u00e4riyhdistelm\u00e4n ansiosta.<\/p>\n<ul>\n<li>S\u00e4hk\u00f6skootterit ovat eritt\u00e4in mukava ja ymp\u00e4rist\u00f6yst\u00e4v\u00e4llinen liikennev\u00e4line.<\/li>\n<li>Kaabo Skywalker 10C Eco -s\u00e4hk\u00f6skootteri on erityisen nopea ja helppo taittaa kokoon.<\/li>\n<li>Jousitetut iskunvaimentimet takaavat vakaan ja turvallisen ajon.<\/li>\n<li>Kaasunostimen s\u00e4\u00e4t\u00f6 etusormella<\/li>\n<li>LCD-n\u00e4yt\u00f6ss\u00e4 n\u00e4kyv\u00e4t nopeus, akun varaustaso, aktiivinen ajotila ja mittarilukema.<\/li>\n<li>S\u00e4hk\u00f6k\u00e4ytt\u00f6isen skootterin enimm\u00e4iskantavuus on enint\u00e4\u00e4n 120 kg.<\/li>\n<li>Kevyt mutta vahva alumiinirunko<\/li>\n<li>Kun ajat s\u00e4hk\u00f6skootterilla, suosittelemme, ett\u00e4 k\u00e4yt\u00e4t tarvittavia suojavarusteita ja k\u00e4yt\u00e4t aina kyp\u00e4r\u00e4\u00e4!<\/li>\n<\/ul>\n<p style=\"caret-color: #000000; color: #000000;\"><strong>Kaabo Skywalker 10C -s\u00e4hk\u00f6skootteri on Viron liikennelain mukainen katulupavalmisteinen kevytskootteri, jonka valmistajan teho on 800W ja valmistajan nopeus 25km\/h.<\/strong>\u00a0<strong>HUOM: Jos k\u00e4ytt\u00e4j\u00e4 on itsen\u00e4isesti muuttanut s\u00e4hk\u00f6potkulautaa nopeammaksi tai tehokkaammaksi kuin edell\u00e4 mainitut parametrit, T\u00f5uksimaailm ei ole vastuussa lain rikkomisesta aiheutuvista sakoista, s\u00e4hk\u00f6potkulautan takavarikoimisesta poliisin toimesta tai mist\u00e4\u00e4n muustakaan t\u00e4llaisten rikkomusten aiheuttamasta vahingosta.<\/strong><\/p>\n<table class=\"tg\" style=\"border-collapse: collapse; max-width: 600px; border-spacing: 0px; margin: 0px auto; width: 68.914024%; height: 588px;\">\n<tbody>\n<tr style=\"height: 28px;\">\n<td style=\"background-color: #e4e1e1; color: #333333; font-family: inherit; font-size: 14px; font-weight: bold; overflow: hidden; padding: 5px; text-align: center; vertical-align: top; word-break: normal; border: 1px solid; height: 28px;\" colspan=\"2\">Tekniset tiedot<\/td>\n<\/tr>\n<tr style=\"height: 28px;\">\n<td style=\"background-color: #e4e1e1; color: #333333; font-family: inherit; font-size: 14px; font-weight: bold; overflow: hidden; padding: 5px; text-align: right; vertical-align: top; word-break: normal; border: 1px solid; height: 28px;\">Tuotaja<\/td>\n<td style=\"font-family: inherit; font-size: 14px; overflow: hidden; padding: 5px; text-align: center; vertical-align: top; word-break: normal; border: 1px solid; height: 28px;\">Kaabo<\/td>\n<\/tr>\n<tr style=\"height: 28px;\">\n<td style=\"background-color: #e4e1e1; color: #333333; font-family: inherit; font-size: 14px; font-weight: bold; overflow: hidden; padding: 5px; text-align: right; vertical-align: top; word-break: normal; border: 1px solid; height: 28px;\">Malli<\/td>\n<td style=\"font-family: inherit; font-size: 14px; overflow: hidden; padding: 5px; text-align: center; vertical-align: top; word-break: normal; border: 1px solid; height: 28px;\">Skywalker 10C Eco<\/td>\n<\/tr>\n<tr style=\"height: 28px;\">\n<td style=\"background-color: #e4e1e1; color: #333333; font-family: inherit; font-size: 14px; font-weight: bold; overflow: hidden; padding: 5px; text-align: right; vertical-align: top; word-break: normal; border: 1px solid; height: 28px;\">V\u00e4ri<\/td>\n<td style=\"font-family: inherit; font-size: 14px; overflow: hidden; padding: 5px; text-align: center; vertical-align: top; word-break: normal; border: 1px solid; height: 28px;\">musta<\/td>\n<\/tr>\n<tr style=\"height: 56px;\">\n<td style=\"background-color: #e4e1e1; color: #333333; font-family: inherit; font-size: 14px; font-weight: bold; overflow: hidden; padding: 5px; text-align: right; vertical-align: top; word-break: normal; border: 1px solid; height: 56px;\"><strong style=\"caret-color: #000000; color: #000000; text-align: start; font-family: inherit;\">Et\u00e4isyys \/ kuljettu matka<\/strong><\/td>\n<td style=\"font-family: inherit; font-size: 14px; overflow: hidden; padding: 5px; text-align: center; vertical-align: top; word-break: normal; border: 1px solid; height: 56px;\">jopa 55km (valmistajan eritelm\u00e4)<\/td>\n<\/tr>\n<tr style=\"height: 56px;\">\n<td style=\"background-color: #e4e1e1; color: #333333; font-family: inherit; font-size: 14px; font-weight: bold; overflow: hidden; padding: 5px; text-align: right; vertical-align: top; word-break: normal; border: 1px solid; height: 56px;\"><strong style=\"caret-color: #000000; color: #000000; text-align: start; font-family: inherit;\">Laskettu matka\/et\u00e4isyys<\/strong><\/td>\n<td style=\"font-family: inherit; font-size: 14px; overflow: hidden; padding: 5px; text-align: center; vertical-align: top; word-break: normal; border: 1px solid; height: 56px;\">50km (25km\/h, 70kg kuljettaja, 15Wh\/km)<\/td>\n<\/tr>\n<tr style=\"height: 28px;\">\n<td style=\"background-color: #e4e1e1; color: #333333; font-family: inherit; font-size: 14px; font-weight: bold; overflow: hidden; padding: 5px; text-align: right; vertical-align: top; word-break: normal; border: 1px solid; height: 28px;\">Moottorin teho<\/td>\n<td style=\"font-family: inherit; font-size: 14px; overflow: hidden; padding: 5px; text-align: center; vertical-align: top; word-break: normal; border: 1px solid; height: 28px;\">800W<\/td>\n<\/tr>\n<tr style=\"height: 28px;\">\n<td style=\"background-color: #e4e1e1; color: #333333; font-family: inherit; font-size: 14px; font-weight: bold; overflow: hidden; padding: 5px; text-align: right; vertical-align: top; word-break: normal; border: 1px solid; height: 28px;\">Akku<\/td>\n<td style=\"font-family: inherit; font-size: 14px; overflow: hidden; padding: 5px; text-align: center; vertical-align: top; word-break: normal; border: 1px solid; height: 28px;\">48V\/15600mAh\/749Wh, Li-ion<\/td>\n<\/tr>\n<tr style=\"height: 28px;\">\n<td style=\"background-color: #e4e1e1; color: #333333; font-family: inherit; font-size: 14px; font-weight: bold; overflow: hidden; padding: 5px; text-align: right; vertical-align: top; word-break: normal; border: 1px solid; height: 28px;\">Latausaika<\/td>\n<td style=\"font-family: inherit; font-size: 14px; overflow: hidden; padding: 5px; text-align: center; vertical-align: top; word-break: normal; border: 1px solid; height: 28px;\">8h<\/td>\n<\/tr>\n<tr style=\"height: 28px;\">\n<td style=\"background-color: #e4e1e1; color: #333333; font-family: inherit; font-size: 14px; font-weight: bold; overflow: hidden; padding: 5px; text-align: right; vertical-align: top; word-break: normal; border: 1px solid; height: 28px;\">Nopeus<\/td>\n<td style=\"font-family: inherit; font-size: 14px; overflow: hidden; padding: 5px; text-align: center; vertical-align: top; word-break: normal; border: 1px solid; height: 28px;\">valmistusnopeus 25km\/h<\/td>\n<\/tr>\n<tr style=\"height: 28px;\">\n<td style=\"background-color: #e4e1e1; color: #333333; font-family: inherit; font-size: 14px; font-weight: bold; overflow: hidden; padding: 5px; text-align: right; vertical-align: top; word-break: normal; border: 1px solid; height: 28px;\">Nopeusgradientit<\/td>\n<td style=\"font-family: inherit; font-size: 14px; overflow: hidden; padding: 5px; text-align: center; vertical-align: top; word-break: normal; border: 1px solid; height: 28px;\">3<\/td>\n<\/tr>\n<tr style=\"height: 28px;\">\n<td style=\"background-color: #e4e1e1; color: #333333; font-family: inherit; font-size: 14px; font-weight: bold; overflow: hidden; padding: 5px; text-align: right; vertical-align: top; word-break: normal; border: 1px solid; height: 28px;\"><strong style=\"caret-color: #000000; color: #000000; text-align: start; font-family: inherit;\">Pysyv\u00e4 nopeudenrajoitin<\/strong><\/td>\n<td style=\"font-family: inherit; font-size: 14px; overflow: hidden; padding: 5px; text-align: center; vertical-align: top; word-break: normal; border: 1px solid; height: 28px;\">kyll\u00e4<\/td>\n<\/tr>\n<tr style=\"height: 28px;\">\n<td style=\"background-color: #e4e1e1; color: #333333; font-family: inherit; font-size: 14px; font-weight: bold; overflow: hidden; padding: 5px; text-align: right; vertical-align: top; word-break: normal; border: 1px solid; height: 28px;\">Valot<\/td>\n<td style=\"font-family: inherit; font-size: 14px; overflow: hidden; padding: 5px; text-align: center; vertical-align: top; word-break: normal; border: 1px solid; height: 28px;\">Etuvalo, takavalo<\/td>\n<\/tr>\n<tr style=\"height: 28px;\">\n<td style=\"background-color: #e4e1e1; color: #333333; font-family: inherit; font-size: 14px; font-weight: bold; overflow: hidden; padding: 5px; text-align: right; vertical-align: top; word-break: normal; border: 1px solid; height: 28px;\">Etu- ja Takajarru<\/td>\n<td style=\"font-family: inherit; font-size: 14px; overflow: hidden; padding: 5px; text-align: center; vertical-align: top; word-break: normal; border: 1px solid; height: 28px;\">levyjarru 140mm<\/td>\n<\/tr>\n<tr style=\"height: 28px;\">\n<td style=\"background-color: #e4e1e1; color: #333333; font-family: inherit; font-size: 14px; font-weight: bold; overflow: hidden; padding: 5px; text-align: right; vertical-align: top; word-break: normal; border: 1px solid; height: 28px;\">Rengaskoko<\/td>\n<td style=\"font-family: inherit; font-size: 14px; overflow: hidden; padding: 5px; text-align: center; vertical-align: top; word-break: normal; border: 1px solid; height: 28px;\">10 tuuma (10\u00d73.00)<\/td>\n<\/tr>\n<tr style=\"height: 28px;\">\n<td style=\"background-color: #e4e1e1; color: #333333; font-family: inherit; font-size: 14px; font-weight: bold; overflow: hidden; padding: 5px; text-align: right; vertical-align: top; word-break: normal; border: 1px solid; height: 28px;\">Rengastyyppi<\/td>\n<td style=\"font-family: inherit; font-size: 14px; overflow: hidden; padding: 5px; text-align: center; vertical-align: top; word-break: normal; border: 1px solid; height: 28px;\">sis\u00e4inen ilmarengas (sis\u00e4kumi)<\/td>\n<\/tr>\n<tr style=\"height: 28px;\">\n<td style=\"background-color: #e4e1e1; color: #333333; font-family: inherit; font-size: 14px; font-weight: bold; overflow: hidden; padding: 5px; text-align: right; vertical-align: top; word-break: normal; border: 1px solid; height: 28px;\">Moottorisoitu py\u00f6r\u00e4<\/td>\n<td style=\"font-family: inherit; font-size: 14px; overflow: hidden; padding: 5px; text-align: center; vertical-align: top; word-break: normal; border: 1px solid; height: 28px;\">takapy\u00f6r\u00e4<\/td>\n<\/tr>\n<tr style=\"height: 28px;\">\n<td style=\"background-color: #e4e1e1; color: #333333; font-family: inherit; font-size: 14px; font-weight: bold; overflow: hidden; padding: 5px; text-align: right; vertical-align: top; word-break: normal; border: 1px solid; height: 28px;\">Painorajoitus<\/td>\n<td style=\"font-family: inherit; font-size: 14px; overflow: hidden; padding: 5px; text-align: center; vertical-align: top; word-break: normal; border: 1px solid; height: 28px;\">100kg<\/td>\n<\/tr>\n<tr style=\"height: 28px;\">\n<td style=\"background-color: #e4e1e1; color: #333333; font-family: inherit; font-size: 14px; font-weight: bold; overflow: hidden; padding: 5px; text-align: right; vertical-align: top; word-break: normal; border: 1px solid; height: 28px;\">Paino<\/td>\n<td style=\"font-family: inherit; font-size: 14px; overflow: hidden; padding: 5px; text-align: center; vertical-align: top; word-break: normal; border: 1px solid; height: 28px;\">22,7kg<\/td>\n<\/tr>\n<\/tbody>\n<\/table>\n","protected":false},"excerpt":{"rendered":"<p><a href=\"http:\/\/www.xn--tuksimaailm-ffb.ee\/kontakt\/\"><strong>L\u00f6ysitk\u00f6 paremman hinnan? Kirjoita meille, niin teemme sinulle paremman tarjouksen!<\/strong><\/a><\/p>\n<p><strong>Kaikki\u00a0<a href=\"http:\/\/www.xn--tuksimaailm-ffb.ee\/tootekategooria\/lisavarustus\/\">lis\u00e4varusteet<\/a>\u00a0ja\u00a0<a href=\"https:\/\/www.xn\u2014tuksimaailm-ffb.ee\/tootekategooria\/elektritoukeratta-varuosad\/\">varaosat<\/a>\u00a0ovat\u00a0-20%, kun ne ostetaan s\u00e4hk\u00f6skootterin kanssa. Alennus otetaan automaattisesti k\u00e4ytt\u00f6\u00f6n, kun lis\u00e4\u00e4t sen ostoskoriin!<\/strong><\/p>\n<p><span style=\"font-style: italic;\"><strong>Toimitusaika: 1-5tp<\/strong><\/span><\/p>\n","protected":false},"featured_media":23361,"template":"","meta":[],"product_brand":[],"product_cat":[926],"product_tag":[916],"filter_elektritoukeratas":[],"class_list":{"0":"post-49407","1":"product","2":"type-product","3":"status-publish","4":"has-post-thumbnail","6":"product_cat-sahkopotkulaudat-fi","7":"product_tag-esilehe-tooted-fi","8":"product_shipping_class-keskmine-pakk-fi","9":"pa_aku-mahutavus-wh-749-fi","10":"pa_kaal-kg-23-fi","11":"pa_kandevoime-kg-120-fi","12":"pa_labisoit-arvutuslik-km-50-fi","13":"pa_mootorite-arv-uhe-mootoriga-fi","14":"pa_muuja-platvormil-touksimaailm-exocool-ou-fi","15":"pa_piiramata-tippkiirus-kmh-25-fi","16":"pa_tootetuup-elektritoukeratas-fi","17":"pa_valmistaja-kaabo-fi","18":"pa_voimsus-w-800-fi","20":"first","21":"outofstock","22":"taxable","23":"shipping-taxable","24":"purchasable","25":"product-type-simple"},"yoast_head":"<!-- This site is optimized with the Yoast SEO Premium plugin v26.8 (Yoast SEO v27.5) - https:\/\/yoast.com\/product\/yoast-seo-premium-wordpress\/ -->\n<title>Kaabo Skywalker 10C Eco Highway s\u00e4hk\u00f6potkulauta | T\u00f5uksimaailm<\/title>\n<meta name=\"description\" content=\"Kaabo Skywalker 10C Eco elektrit\u00f5ukeratas. Mugavate amortisaatoritega ja v\u00f5imsa 800W mootoriga, hea kiirendusega elektriline t\u00f5ukeratas.\" \/>\n<meta name=\"robots\" content=\"index, follow, max-snippet:-1, max-image-preview:large, max-video-preview:-1\" \/>\n<link rel=\"canonical\" href=\"https:\/\/www.xn--tuksimaailm-ffb.ee\/fi\/shop\/kaabo-skywalker-10c-eco-highway-sahkopotkulauta\/\" \/>\n<meta property=\"og:locale\" content=\"fi_FI\" \/>\n<meta property=\"og:type\" content=\"article\" \/>\n<meta property=\"og:title\" content=\"Kaabo Skywalker 10C Eco Highway s\u00e4hk\u00f6potkulauta\" \/>\n<meta property=\"og:description\" content=\"Kaabo Skywalker 10C Eco elektrit\u00f5ukeratas. Mugavate amortisaatoritega ja v\u00f5imsa 800W mootoriga, hea kiirendusega elektriline t\u00f5ukeratas.\" \/>\n<meta property=\"og:url\" content=\"https:\/\/www.xn--tuksimaailm-ffb.ee\/fi\/shop\/kaabo-skywalker-10c-eco-highway-sahkopotkulauta\/\" \/>\n<meta property=\"og:site_name\" content=\"T\u00f5uksimaailm\" \/>\n<meta property=\"article:publisher\" content=\"https:\/\/www.facebook.com\/touksimaailm\/\" \/>\n<meta property=\"og:image\" content=\"https:\/\/www.xn--tuksimaailm-ffb.ee\/wp-content\/uploads\/2021\/07\/Skywalker-3.png\" \/>\n\t<meta property=\"og:image:width\" content=\"1209\" \/>\n\t<meta property=\"og:image:height\" content=\"794\" \/>\n\t<meta property=\"og:image:type\" content=\"image\/png\" \/>\n<meta name=\"twitter:card\" content=\"summary_large_image\" \/>\n<meta name=\"twitter:label1\" content=\"Hinta\" \/>\n\t<meta name=\"twitter:data1\" content=\"&euro;949.00\" \/>\n\t<meta name=\"twitter:label2\" content=\"Saatavuus\" \/>\n\t<meta name=\"twitter:data2\" content=\"Loppu varastosta\" \/>\n<meta property=\"product:price:amount\" content=\"949.00\" \/>\n<meta property=\"product:price:currency\" content=\"EUR\" \/>\n<meta property=\"og:availability\" content=\"out of stock\" \/>\n<meta property=\"product:availability\" content=\"out of stock\" \/>\n<meta property=\"product:retailer_item_id\" content=\"Kaabo_10C\" \/>\n<meta property=\"product:condition\" content=\"new\" \/>\n<!-- \/ Yoast SEO Premium plugin. -->","yoast_head_json":{"title":"Kaabo Skywalker 10C Eco Highway s\u00e4hk\u00f6potkulauta | T\u00f5uksimaailm","description":"Kaabo Skywalker 10C Eco elektrit\u00f5ukeratas. Mugavate amortisaatoritega ja v\u00f5imsa 800W mootoriga, hea kiirendusega elektriline t\u00f5ukeratas.","robots":{"index":"index","follow":"follow","max-snippet":"max-snippet:-1","max-image-preview":"max-image-preview:large","max-video-preview":"max-video-preview:-1"},"canonical":"https:\/\/www.xn--tuksimaailm-ffb.ee\/fi\/shop\/kaabo-skywalker-10c-eco-highway-sahkopotkulauta\/","og_locale":"fi_FI","og_type":"article","og_title":"Kaabo Skywalker 10C Eco Highway s\u00e4hk\u00f6potkulauta","og_description":"Kaabo Skywalker 10C Eco elektrit\u00f5ukeratas. Mugavate amortisaatoritega ja v\u00f5imsa 800W mootoriga, hea kiirendusega elektriline t\u00f5ukeratas.","og_url":"https:\/\/www.xn--tuksimaailm-ffb.ee\/fi\/shop\/kaabo-skywalker-10c-eco-highway-sahkopotkulauta\/","og_site_name":"T\u00f5uksimaailm","article_publisher":"https:\/\/www.facebook.com\/touksimaailm\/","og_image":[{"width":1209,"height":794,"url":"https:\/\/www.xn--tuksimaailm-ffb.ee\/wp-content\/uploads\/2021\/07\/Skywalker-3.png","type":"image\/png"}],"twitter_card":"summary_large_image","twitter_misc":{"Hinta":"&euro;949.00","Saatavuus":"Loppu varastosta"},"schema":{"@context":"https:\/\/schema.org","@graph":[{"@type":"WebPage","@id":"https:\/\/www.xn--tuksimaailm-ffb.ee\/fi\/shop\/kaabo-skywalker-10c-eco-highway-sahkopotkulauta\/","url":"https:\/\/www.xn--tuksimaailm-ffb.ee\/fi\/shop\/kaabo-skywalker-10c-eco-highway-sahkopotkulauta\/","name":"Kaabo Skywalker 10C Eco Highway s\u00e4hk\u00f6potkulauta | T\u00f5uksimaailm","isPartOf":{"@id":"https:\/\/www.xn--tuksimaailm-ffb.ee\/fi\/#website"},"primaryImageOfPage":{"@id":"https:\/\/www.xn--tuksimaailm-ffb.ee\/fi\/shop\/kaabo-skywalker-10c-eco-highway-sahkopotkulauta\/#primaryimage"},"image":{"@id":"https:\/\/www.xn--tuksimaailm-ffb.ee\/fi\/shop\/kaabo-skywalker-10c-eco-highway-sahkopotkulauta\/#primaryimage"},"thumbnailUrl":"https:\/\/www.xn--tuksimaailm-ffb.ee\/wp-content\/uploads\/2021\/07\/Skywalker-3.png","datePublished":"2021-07-17T10:17:19+00:00","description":"Kaabo Skywalker 10C Eco elektrit\u00f5ukeratas. Mugavate amortisaatoritega ja v\u00f5imsa 800W mootoriga, hea kiirendusega elektriline t\u00f5ukeratas.","breadcrumb":{"@id":"https:\/\/www.xn--tuksimaailm-ffb.ee\/fi\/shop\/kaabo-skywalker-10c-eco-highway-sahkopotkulauta\/#breadcrumb"},"inLanguage":"fi","potentialAction":[{"@type":"ReadAction","target":["https:\/\/www.xn--tuksimaailm-ffb.ee\/fi\/shop\/kaabo-skywalker-10c-eco-highway-sahkopotkulauta\/"]}]},{"@type":"ImageObject","inLanguage":"fi","@id":"https:\/\/www.xn--tuksimaailm-ffb.ee\/fi\/shop\/kaabo-skywalker-10c-eco-highway-sahkopotkulauta\/#primaryimage","url":"https:\/\/www.xn--tuksimaailm-ffb.ee\/wp-content\/uploads\/2021\/07\/Skywalker-3.png","contentUrl":"https:\/\/www.xn--tuksimaailm-ffb.ee\/wp-content\/uploads\/2021\/07\/Skywalker-3.png","width":1209,"height":794},{"@type":"BreadcrumbList","@id":"https:\/\/www.xn--tuksimaailm-ffb.ee\/fi\/shop\/kaabo-skywalker-10c-eco-highway-sahkopotkulauta\/#breadcrumb","itemListElement":[{"@type":"ListItem","position":1,"name":"Home","item":"https:\/\/www.xn--tuksimaailm-ffb.ee\/fi\/kotisivu\/"},{"@type":"ListItem","position":2,"name":"Kauppa","item":"https:\/\/www.xn--tuksimaailm-ffb.ee\/elektritoukerataste-pood\/"},{"@type":"ListItem","position":3,"name":"Kaabo Skywalker 10C Eco Highway s\u00e4hk\u00f6potkulauta"}]},{"@type":"WebSite","@id":"https:\/\/www.xn--tuksimaailm-ffb.ee\/fi\/#website","url":"https:\/\/www.xn--tuksimaailm-ffb.ee\/fi\/","name":"T\u00f5uksimaailm","description":"Elektrit\u00f5ukerataste m\u00fc\u00fck, remont ja rent","publisher":{"@id":"https:\/\/www.xn--tuksimaailm-ffb.ee\/fi\/#organization"},"potentialAction":[{"@type":"SearchAction","target":{"@type":"EntryPoint","urlTemplate":"https:\/\/www.xn--tuksimaailm-ffb.ee\/fi\/?s={search_term_string}"},"query-input":{"@type":"PropertyValueSpecification","valueRequired":true,"valueName":"search_term_string"}}],"inLanguage":"fi"},{"@type":"Organization","@id":"https:\/\/www.xn--tuksimaailm-ffb.ee\/fi\/#organization","name":"T\u00f5uksimaailm","url":"https:\/\/www.xn--tuksimaailm-ffb.ee\/fi\/","logo":{"@type":"ImageObject","inLanguage":"fi","@id":"https:\/\/www.xn--tuksimaailm-ffb.ee\/fi\/#\/schema\/logo\/image\/","url":"https:\/\/www.xn--tuksimaailm-ffb.ee\/wp-content\/uploads\/2020\/01\/logoz-e1579792875517.png","contentUrl":"https:\/\/www.xn--tuksimaailm-ffb.ee\/wp-content\/uploads\/2020\/01\/logoz-e1579792875517.png","width":250,"height":250,"caption":"T\u00f5uksimaailm"},"image":{"@id":"https:\/\/www.xn--tuksimaailm-ffb.ee\/fi\/#\/schema\/logo\/image\/"},"sameAs":["https:\/\/www.facebook.com\/touksimaailm\/","https:\/\/www.instagram.com\/touksimaailm_\/","https:\/\/www.youtube.com\/channel\/UC18ml0EKIDLP1xGuQjFzcXQ"]}]},"product_price_amount":"949.00","product_price_currency":"EUR","og_availability":"out of stock","product_availability":"out of stock","product_retailer_item_id":"Kaabo_10C","product_condition":"new"},"jetpack_sharing_enabled":true,"_links":{"self":[{"href":"https:\/\/www.xn--tuksimaailm-ffb.ee\/fi\/wp-json\/wp\/v2\/product\/49407","targetHints":{"allow":["GET"]}}],"collection":[{"href":"https:\/\/www.xn--tuksimaailm-ffb.ee\/fi\/wp-json\/wp\/v2\/product"}],"about":[{"href":"https:\/\/www.xn--tuksimaailm-ffb.ee\/fi\/wp-json\/wp\/v2\/types\/product"}],"wp:featuredmedia":[{"embeddable":true,"href":"https:\/\/www.xn--tuksimaailm-ffb.ee\/fi\/wp-json\/wp\/v2\/media\/23361"}],"wp:attachment":[{"href":"https:\/\/www.xn--tuksimaailm-ffb.ee\/fi\/wp-json\/wp\/v2\/media?parent=49407"}],"wp:term":[{"taxonomy":"product_brand","embeddable":true,"href":"https:\/\/www.xn--tuksimaailm-ffb.ee\/fi\/wp-json\/wp\/v2\/product_brand?post=49407"},{"taxonomy":"product_cat","embeddable":true,"href":"https:\/\/www.xn--tuksimaailm-ffb.ee\/fi\/wp-json\/wp\/v2\/product_cat?post=49407"},{"taxonomy":"product_tag","embeddable":true,"href":"https:\/\/www.xn--tuksimaailm-ffb.ee\/fi\/wp-json\/wp\/v2\/product_tag?post=49407"},{"taxonomy":"filter_elektritoukeratas","embeddable":true,"href":"https:\/\/www.xn--tuksimaailm-ffb.ee\/fi\/wp-json\/wp\/v2\/filter_elektritoukeratas?post=49407"}],"curies":[{"name":"wp","href":"https:\/\/api.w.org\/{rel}","templated":true}]}}