{"id":49408,"date":"2021-07-17T12:46:37","date_gmt":"2021-07-17T12:46:37","guid":{"rendered":"http:\/\/www.xn--tuksimaailm-ffb.ee\/shop\/kaabo-mantis-10-plus-highway-sahkopotkulauta\/"},"modified":"2021-07-17T12:46:37","modified_gmt":"2021-07-17T09:46:37","slug":"kaabo-mantis-10-plus-highway-sahkopotkulauta","status":"publish","type":"product","link":"https:\/\/www.xn--tuksimaailm-ffb.ee\/fi\/shop\/kaabo-mantis-10-plus-highway-sahkopotkulauta\/","title":{"rendered":"Kaabo Mantis 10 Plus Highway s\u00e4hk\u00f6potkulauta"},"content":{"rendered":"<h2 style=\"text-align: center;\">Kaabo Mantis 10 Plus Highway s\u00e4hk\u00f6potkulauta<\/h2>\n<p style=\"caret-color: #000000; color: #000000;\"><strong>Kaabo Mantis 10 Plus,<\/strong>\u00a02-vetoinen s\u00e4hk\u00f6skootteri. Leve\u00e4t 10-tuumaiset ilmarenkaat sis\u00e4renkailla (extra pehme\u00e4t) mahdollistavat ajamisen my\u00f6s ep\u00e4tasaisilla pinnoilla ja tarjoavat parhaan ajomukavuuden. Kaksoisjousituksen ansiosta ajodynamiikka on mukava ja tasainen. Ohjaustangon pehme\u00e4t vaahtomuovikahvat v\u00e4hent\u00e4v\u00e4t my\u00f6s t\u00e4rin\u00e4\u00e4, joten maasta tuleva t\u00e4rin\u00e4 v\u00e4littyy v\u00e4hemm\u00e4n k\u00e4mmeniin. Se on etu- ja takavetoinen s\u00e4hk\u00f6potkulauta, joka parantaa kiihtyvyytt\u00e4 ja tarjoaa nautinnollisen ajokokemuksen.<\/p>\n<h2 style=\"text-align: center;\">S\u00e4hk\u00f6inen skootteri, jossa on voimakas kiihtyvyys<\/h2>\n<p>Verrattuna muihin 2x500W:n s\u00e4hk\u00f6skoottereihin Kaabo Mantis 10 on vain poikkeuksellisen hyvin sijoitettu. Etuveto voidaan kytke\u00e4 pois p\u00e4\u00e4lt\u00e4 ohjaustangossa olevalla painikkeella. Lis\u00e4ksi ohjaustankoon on asennettu tyylik\u00e4s \u201dBoost\/Eco\u201d-valintanuppi, jolla voit valita haluamasi ajotyylin. Mantis 10 sopii pidemmille k\u00e4ytt\u00e4jille, sill\u00e4 ohjaustangon puomi on melko korkea verrattuna useimpiin s\u00e4hk\u00f6potkulautoihin. 15 cm:n maavara takaa turvallisemman ajon alam\u00e4ess\u00e4 tai esteiden yli ajettaessa. T\u00e4m\u00e4 s\u00e4hk\u00f6skootteri on suunniteltu vaativalle kuljettajalle, joka haluaa kiihdytt\u00e4\u00e4 nopeasti kaupunkiajossa, ja jousituksen ansiosta ajo on tasaista ja mukavaa.<\/p>\n<p>Tehokkaat 500W:n moottorit auttavat saavuttamaan 25 km\/h huippunopeuden muutamassa sekunnissa. Korkea 60 V:n akku pident\u00e4\u00e4 matkaa entisest\u00e4\u00e4n, sill\u00e4 yhdell\u00e4 latauksella voi ajaa jopa 75 km (riippuen kuljettajan painosta, tienpinnasta, nopeudesta, kiipeilyst\u00e4 ja rengaspaineista). Ohjaamo sopii kuljettajalle, joka haluaa kiihdytt\u00e4\u00e4 oikean k\u00e4den etusormen alla olevalla vivulla.<\/p>\n<p style=\"caret-color: #000000; color: #000000;\"><strong>Kaabo Mantis 10 Plus Highway -s\u00e4hk\u00f6potkulauta on Viron tieliikennelain mukainen maantieliikenteeseen tarkoitettu liikkumisskootteri, jonka valmistajan teho on 1000W ja valmistajan nopeus 25km\/h, kuten alla olevasta tehdastodistuksesta k\u00e4y ilmi.<\/strong>\u00a0<strong>Todistus ei pelasta sinua lain rikkomiselta ja sakolta tai poliisin takavarikoimalta s\u00e4hk\u00f6potkulautalta, jos k\u00e4ytt\u00e4j\u00e4 on muuttanut s\u00e4hk\u00f6potkulautaa suuremman tehon tai huippunopeuden kehitt\u00e4miseksi!<\/strong><\/p>\n<p><a href=\"https:\/\/www.xn--tuksimaailm-ffb.ee\/wp-content\/uploads\/2021\/07\/Kaabo-sertifikaat-252x300.jpg\"><img decoding=\"async\" class=\"alignnone size-medium wp-image-20087 aligncenter\" src=\"https:\/\/www.xn--tuksimaailm-ffb.ee\/wp-content\/uploads\/2021\/07\/Kaabo-sertifikaat-252x300.jpg\" alt=\"elektrit\u00f5ukeratas kaabo mantis 10 plus highway t\u00e4navalegaalsuse sertifikaat\" width=\"618\" height=\"735\" srcset=\"https:\/\/www.xn--tuksimaailm-ffb.ee\/wp-content\/uploads\/2021\/07\/Kaabo-sertifikaat-252x300.jpg 252w, https:\/\/www.xn--tuksimaailm-ffb.ee\/wp-content\/uploads\/2021\/07\/Kaabo-sertifikaat.jpg 505w\" sizes=\"(max-width: 618px) 100vw, 618px\" \/><\/a><\/p>\n<table class=\"tg\" style=\"border-collapse: collapse; max-width: 600px; border-spacing: 0px; margin: 0px auto; width: 78.401986%; height: 647px;\">\n<tbody>\n<tr style=\"height: 28px;\">\n<td style=\"background-color: #e4e1e1; color: #333333; font-family: inherit; font-size: 14px; font-weight: bold; overflow: hidden; padding: 5px; text-align: center; vertical-align: top; word-break: normal; border: 1px solid; height: 28px;\" colspan=\"2\">Tekniset tiedot<\/td>\n<\/tr>\n<tr style=\"height: 28px;\">\n<td style=\"background-color: #e4e1e1; color: #333333; font-family: inherit; font-size: 14px; font-weight: bold; overflow: hidden; padding: 5px; text-align: right; vertical-align: top; word-break: normal; border: 1px solid; height: 28px;\">Tuotja<\/td>\n<td style=\"font-family: inherit; font-size: 14px; overflow: hidden; padding: 5px; text-align: center; vertical-align: top; word-break: normal; border: 1px solid; height: 28px;\">Kaabo<\/td>\n<\/tr>\n<tr style=\"height: 28px;\">\n<td style=\"background-color: #e4e1e1; color: #333333; font-family: inherit; font-size: 14px; font-weight: bold; overflow: hidden; padding: 5px; text-align: right; vertical-align: top; word-break: normal; border: 1px solid; height: 28px;\">Malli<\/td>\n<td style=\"font-family: inherit; font-size: 14px; overflow: hidden; padding: 5px; text-align: center; vertical-align: top; word-break: normal; border: 1px solid; height: 28px;\">Mantis 10 Plus<\/td>\n<\/tr>\n<tr style=\"height: 28px;\">\n<td style=\"background-color: #e4e1e1; color: #333333; font-family: inherit; font-size: 14px; font-weight: bold; overflow: hidden; padding: 5px; text-align: right; vertical-align: top; word-break: normal; border: 1px solid; height: 28px;\">V\u00e4ri<\/td>\n<td style=\"font-family: inherit; font-size: 14px; overflow: hidden; padding: 5px; text-align: center; vertical-align: top; word-break: normal; border: 1px solid; height: 28px;\">musta<\/td>\n<\/tr>\n<tr style=\"height: 28px;\">\n<td style=\"background-color: #e4e1e1; color: #333333; font-family: inherit; font-size: 14px; font-weight: bold; overflow: hidden; padding: 5px; text-align: right; vertical-align: top; word-break: normal; border: 1px solid; height: 28px;\"><strong style=\"caret-color: #000000; color: #000000; text-align: start; font-family: inherit;\">Et\u00e4isyys \/ kuljettu matka<\/strong><\/td>\n<td style=\"font-family: inherit; font-size: 14px; overflow: hidden; padding: 5px; text-align: center; vertical-align: top; word-break: normal; border: 1px solid; height: 28px;\">jopa 76km (valmistajan m\u00e4\u00e4rittely)<\/td>\n<\/tr>\n<tr style=\"height: 59px;\">\n<td style=\"background-color: #e4e1e1; color: #333333; font-family: inherit; font-size: 14px; font-weight: bold; overflow: hidden; padding: 5px; text-align: right; vertical-align: top; word-break: normal; border: 1px solid; height: 59px;\"><strong style=\"caret-color: #000000; color: #000000; text-align: start; font-family: inherit;\">Laskettu matka\/et\u00e4isyys<\/strong><\/td>\n<td style=\"font-family: inherit; font-size: 14px; overflow: hidden; padding: 5px; text-align: center; vertical-align: top; word-break: normal; border: 1px solid; height: 59px;\">73km (25km\/h, 70kg kuljettaja, 15Wh\/km)<\/td>\n<\/tr>\n<tr style=\"height: 28px;\">\n<td style=\"background-color: #e4e1e1; color: #333333; font-family: inherit; font-size: 14px; font-weight: bold; overflow: hidden; padding: 5px; text-align: right; vertical-align: top; word-break: normal; border: 1px solid; height: 28px;\">Mootori v\u00f5imsus<\/td>\n<td style=\"font-family: inherit; font-size: 14px; overflow: hidden; padding: 5px; text-align: center; vertical-align: top; word-break: normal; border: 1px solid; height: 28px;\">tuotantokyky 1000W<\/td>\n<\/tr>\n<tr style=\"height: 28px;\">\n<td style=\"background-color: #e4e1e1; color: #333333; font-family: inherit; font-size: 14px; font-weight: bold; overflow: hidden; padding: 5px; text-align: right; vertical-align: top; word-break: normal; border: 1px solid; height: 28px;\">Akku<\/td>\n<td style=\"font-family: inherit; font-size: 14px; overflow: hidden; padding: 5px; text-align: center; vertical-align: top; word-break: normal; border: 1px solid; height: 28px;\">60V\/18200mAh\/1092Wh, Li-ion<\/td>\n<\/tr>\n<tr style=\"height: 56px;\">\n<td style=\"background-color: #e4e1e1; color: #333333; font-family: inherit; font-size: 14px; font-weight: bold; overflow: hidden; padding: 5px; text-align: right; vertical-align: top; word-break: normal; border: 1px solid; height: 56px;\">Latausaika<br \/>Vedenpit\u00e4vyys<\/td>\n<td style=\"font-family: inherit; font-size: 14px; overflow: hidden; padding: 5px; text-align: center; vertical-align: top; word-break: normal; border: 1px solid; height: 56px;\">9h<br \/>IPX5<\/td>\n<\/tr>\n<tr style=\"height: 28px;\">\n<td style=\"background-color: #e4e1e1; color: #333333; font-family: inherit; font-size: 14px; font-weight: bold; overflow: hidden; padding: 5px; text-align: right; vertical-align: top; word-break: normal; border: 1px solid; height: 28px;\">Valmistusnopeus<\/td>\n<td style=\"font-family: inherit; font-size: 14px; overflow: hidden; padding: 5px; text-align: center; vertical-align: top; word-break: normal; border: 1px solid; height: 28px;\">25 km\/h<\/td>\n<\/tr>\n<tr style=\"height: 56px;\">\n<td style=\"background-color: #e4e1e1; color: #333333; font-family: inherit; font-size: 14px; font-weight: bold; overflow: hidden; padding: 5px; text-align: right; vertical-align: top; word-break: normal; border: 1px solid; height: 56px;\"><strong style=\"caret-color: #000000; color: #000000; text-align: start; font-family: inherit;\">Muutettu nopeus virityksen j\u00e4lkeen<\/strong><\/td>\n<td style=\"font-family: inherit; font-size: 14px; overflow: hidden; padding: 5px; text-align: center; vertical-align: top; word-break: normal; border: 1px solid; height: 56px;\">25 km\/h<\/td>\n<\/tr>\n<tr style=\"height: 28px;\">\n<td style=\"background-color: #e4e1e1; color: #333333; font-family: inherit; font-size: 14px; font-weight: bold; overflow: hidden; padding: 5px; text-align: right; vertical-align: top; word-break: normal; border: 1px solid; height: 28px;\">Nopeusgradientit<\/td>\n<td style=\"font-family: inherit; font-size: 14px; overflow: hidden; padding: 5px; text-align: center; vertical-align: top; word-break: normal; border: 1px solid; height: 28px;\">3<\/td>\n<\/tr>\n<tr style=\"height: 28px;\">\n<td style=\"background-color: #e4e1e1; color: #333333; font-family: inherit; font-size: 14px; font-weight: bold; overflow: hidden; padding: 5px; text-align: right; vertical-align: top; word-break: normal; border: 1px solid; height: 28px;\"><strong style=\"caret-color: #000000; color: #000000; text-align: start; font-family: inherit;\">Pysyv\u00e4 nopeudenrajoitin<\/strong><\/td>\n<td style=\"font-family: inherit; font-size: 14px; overflow: hidden; padding: 5px; text-align: center; vertical-align: top; word-break: normal; border: 1px solid; height: 28px;\">kyll\u00e4<\/td>\n<\/tr>\n<tr style=\"height: 28px;\">\n<td style=\"background-color: #e4e1e1; color: #333333; font-family: inherit; font-size: 14px; font-weight: bold; overflow: hidden; padding: 5px; text-align: right; vertical-align: top; word-break: normal; border: 1px solid; height: 28px;\">Valot<\/td>\n<td style=\"font-family: inherit; font-size: 14px; overflow: hidden; padding: 5px; text-align: center; vertical-align: top; word-break: normal; border: 1px solid; height: 28px;\">Etuvalo, takavalo<\/td>\n<\/tr>\n<tr style=\"height: 28px;\">\n<td style=\"background-color: #e4e1e1; color: #333333; font-family: inherit; font-size: 14px; font-weight: bold; overflow: hidden; padding: 5px; text-align: right; vertical-align: top; word-break: normal; border: 1px solid; height: 28px;\">Etu- ja takajarru<\/td>\n<td style=\"font-family: inherit; font-size: 14px; overflow: hidden; padding: 5px; text-align: center; vertical-align: top; word-break: normal; border: 1px solid; height: 28px;\">levyjarru 140mm<\/td>\n<\/tr>\n<tr style=\"height: 28px;\">\n<td style=\"background-color: #e4e1e1; color: #333333; font-family: inherit; font-size: 14px; font-weight: bold; overflow: hidden; padding: 5px; text-align: right; vertical-align: top; word-break: normal; border: 1px solid; height: 28px;\">Rengaskoko<\/td>\n<td style=\"font-family: inherit; font-size: 14px; overflow: hidden; padding: 5px; text-align: center; vertical-align: top; word-break: normal; border: 1px solid; height: 28px;\">10 tuuman (10\u00d73.0) 80\/60-6<\/td>\n<\/tr>\n<tr style=\"height: 28px;\">\n<td style=\"background-color: #e4e1e1; color: #333333; font-family: inherit; font-size: 14px; font-weight: bold; overflow: hidden; padding: 5px; text-align: right; vertical-align: top; word-break: normal; border: 1px solid; height: 28px;\">Rengastyypi<\/td>\n<td style=\"font-family: inherit; font-size: 14px; overflow: hidden; padding: 5px; text-align: center; vertical-align: top; word-break: normal; border: 1px solid; height: 28px;\">sis\u00e4inen ilmarengas (sis\u00e4kumi)<\/td>\n<\/tr>\n<tr style=\"height: 28px;\">\n<td style=\"background-color: #e4e1e1; color: #333333; font-family: inherit; font-size: 14px; font-weight: bold; overflow: hidden; padding: 5px; text-align: right; vertical-align: top; word-break: normal; border: 1px solid; height: 28px;\">Moottorisoitu py\u00f6r\u00e4<\/td>\n<td style=\"font-family: inherit; font-size: 14px; overflow: hidden; padding: 5px; text-align: center; vertical-align: top; word-break: normal; border: 1px solid; height: 28px;\">etu- ja takapy\u00f6r\u00e4<\/td>\n<\/tr>\n<tr style=\"height: 28px;\">\n<td style=\"background-color: #e4e1e1; color: #333333; font-family: inherit; font-size: 14px; font-weight: bold; overflow: hidden; padding: 5px; text-align: right; vertical-align: top; word-break: normal; border: 1px solid; height: 28px;\">Painorajoitus<\/td>\n<td style=\"font-family: inherit; font-size: 14px; overflow: hidden; padding: 5px; text-align: center; vertical-align: top; word-break: normal; border: 1px solid; height: 28px;\">120kg<\/td>\n<\/tr>\n<tr style=\"height: 28px;\">\n<td style=\"background-color: #e4e1e1; color: #333333; font-family: inherit; font-size: 14px; font-weight: bold; overflow: hidden; padding: 5px; text-align: right; vertical-align: top; word-break: normal; border: 1px solid; height: 28px;\">Paino<\/td>\n<td style=\"font-family: inherit; font-size: 14px; overflow: hidden; padding: 5px; text-align: center; vertical-align: top; word-break: normal; border: 1px solid; height: 28px;\">30kg<\/td>\n<\/tr>\n<\/tbody>\n<\/table>\n","protected":false},"excerpt":{"rendered":"<p><a href=\"http:\/\/www.xn--tuksimaailm-ffb.ee\/kontakt\/\" data-mce-href=\"http:\/\/www.xn--tuksimaailm-ffb.ee\/kontakt\/\"><strong>L\u00f6ysitk\u00f6 paremman hinnan? Kirjoita meille, niin teemme sinulle paremman tarjouksen!<\/strong><\/a><\/p>\n<p><strong>Kaikki&nbsp;<a href=\"http:\/\/www.xn--tuksimaailm-ffb.ee\/tootekategooria\/lisavarustus\/\" data-mce-href=\"http:\/\/www.xn--tuksimaailm-ffb.ee\/tootekategooria\/lisavarustus\/\">lis\u00e4varusteet<\/a>&nbsp;ja&nbsp;<a href=\"https:\/\/www.xn\u2014tuksimaailm-ffb.ee\/tootekategooria\/elektritoukeratta-varuosad\/\" data-mce-href=\"https:\/\/www.xn\u2014tuksimaailm-ffb.ee\/tootekategooria\/elektritoukeratta-varuosad\/\">varaosat<\/a>&nbsp;ovat&nbsp;-20%, kun ne ostetaan s\u00e4hk\u00f6skootterin kanssa. Alennus otetaan automaattisesti k\u00e4ytt\u00f6\u00f6n, kun lis\u00e4\u00e4t sen ostoskoriin!<\/strong><\/p>\n<p><span style=\"font-style: italic;\"><strong>Toimitusaika: 1-5tp<\/strong><\/span><\/p>\n","protected":false},"featured_media":61980,"template":"","meta":[],"product_brand":[],"product_cat":[926],"product_tag":[],"filter_elektritoukeratas":[],"class_list":{"0":"post-49408","1":"product","2":"type-product","3":"status-publish","4":"has-post-thumbnail","6":"product_cat-sahkopotkulaudat-fi","7":"product_shipping_class-keskmine-pakk-fi","8":"pa_aku-mahutavus-wh-1092-fi","9":"pa_kaal-kg-30-fi","10":"pa_kandevoime-kg-120-fi","11":"pa_labisoit-arvutuslik-km-73-fi","12":"pa_mootorite-arv-kahdella-moottorilla","13":"pa_muuja-platvormil-touksimaailm-exocool-ou-fi","14":"pa_piiramata-tippkiirus-kmh-25-fi","15":"pa_tootetuup-elektritoukeratas-fi","16":"pa_valmistaja-kaabo-fi","17":"pa_voimsus-w-1000-fi","19":"first","20":"outofstock","21":"taxable","22":"shipping-taxable","23":"purchasable","24":"product-type-simple"},"yoast_head":"<!-- This site is optimized with the Yoast SEO Premium plugin v26.8 (Yoast SEO v27.5) - https:\/\/yoast.com\/product\/yoast-seo-premium-wordpress\/ -->\n<title>Kaabo Mantis 10 Plus Highway s\u00e4hk\u00f6potkulauta &#8212; T\u00f5uksimaailm<\/title>\n<meta name=\"description\" content=\"Kaabo Mantis 10 Plus Highway elektrit\u00f5ukeratas. V\u00f5imas, 1000W j\u00f5ulise kiirendusega kahe ratta veoline elektriline t\u00f5ukeratas. Kaabo elektrit\u00f5ukerattad.\" \/>\n<meta name=\"robots\" content=\"index, follow, max-snippet:-1, max-image-preview:large, max-video-preview:-1\" \/>\n<link rel=\"canonical\" href=\"https:\/\/www.xn--tuksimaailm-ffb.ee\/fi\/shop\/kaabo-mantis-10-plus-highway-sahkopotkulauta\/\" \/>\n<meta property=\"og:locale\" content=\"fi_FI\" \/>\n<meta property=\"og:type\" content=\"article\" \/>\n<meta property=\"og:title\" content=\"Kaabo Mantis 10 Plus Highway s\u00e4hk\u00f6potkulauta\" \/>\n<meta property=\"og:description\" content=\"Kaabo Mantis 10 Plus Highway elektrit\u00f5ukeratas. V\u00f5imas, 1000W j\u00f5ulise kiirendusega kahe ratta veoline elektriline t\u00f5ukeratas. Kaabo elektrit\u00f5ukerattad.\" \/>\n<meta property=\"og:url\" content=\"https:\/\/www.xn--tuksimaailm-ffb.ee\/fi\/shop\/kaabo-mantis-10-plus-highway-sahkopotkulauta\/\" \/>\n<meta property=\"og:site_name\" content=\"T\u00f5uksimaailm\" \/>\n<meta property=\"article:publisher\" content=\"https:\/\/www.facebook.com\/touksimaailm\/\" \/>\n<meta property=\"og:image\" content=\"https:\/\/www.xn--tuksimaailm-ffb.ee\/wp-content\/uploads\/2021\/07\/mantis-10-plus-1.webp\" \/>\n\t<meta property=\"og:image:width\" content=\"1200\" \/>\n\t<meta property=\"og:image:height\" content=\"1200\" \/>\n\t<meta property=\"og:image:type\" content=\"image\/webp\" \/>\n<meta name=\"twitter:card\" content=\"summary_large_image\" \/>\n<meta name=\"twitter:label1\" content=\"Hinta\" \/>\n\t<meta name=\"twitter:data1\" content=\"&euro;1,626.00\" \/>\n\t<meta name=\"twitter:label2\" content=\"Saatavuus\" \/>\n\t<meta name=\"twitter:data2\" content=\"Loppu varastosta\" \/>\n<meta property=\"product:price:amount\" content=\"1626.00\" \/>\n<meta property=\"product:price:currency\" content=\"EUR\" \/>\n<meta property=\"og:availability\" content=\"out of stock\" \/>\n<meta property=\"product:availability\" content=\"out of stock\" \/>\n<meta property=\"product:retailer_item_id\" content=\"Kaabo_10_Plus\" \/>\n<meta property=\"product:condition\" content=\"new\" \/>\n<!-- \/ Yoast SEO Premium plugin. -->","yoast_head_json":{"title":"Kaabo Mantis 10 Plus Highway s\u00e4hk\u00f6potkulauta &#8212; T\u00f5uksimaailm","description":"Kaabo Mantis 10 Plus Highway elektrit\u00f5ukeratas. V\u00f5imas, 1000W j\u00f5ulise kiirendusega kahe ratta veoline elektriline t\u00f5ukeratas. Kaabo elektrit\u00f5ukerattad.","robots":{"index":"index","follow":"follow","max-snippet":"max-snippet:-1","max-image-preview":"max-image-preview:large","max-video-preview":"max-video-preview:-1"},"canonical":"https:\/\/www.xn--tuksimaailm-ffb.ee\/fi\/shop\/kaabo-mantis-10-plus-highway-sahkopotkulauta\/","og_locale":"fi_FI","og_type":"article","og_title":"Kaabo Mantis 10 Plus Highway s\u00e4hk\u00f6potkulauta","og_description":"Kaabo Mantis 10 Plus Highway elektrit\u00f5ukeratas. V\u00f5imas, 1000W j\u00f5ulise kiirendusega kahe ratta veoline elektriline t\u00f5ukeratas. Kaabo elektrit\u00f5ukerattad.","og_url":"https:\/\/www.xn--tuksimaailm-ffb.ee\/fi\/shop\/kaabo-mantis-10-plus-highway-sahkopotkulauta\/","og_site_name":"T\u00f5uksimaailm","article_publisher":"https:\/\/www.facebook.com\/touksimaailm\/","og_image":[{"width":1200,"height":1200,"url":"https:\/\/www.xn--tuksimaailm-ffb.ee\/wp-content\/uploads\/2021\/07\/mantis-10-plus-1.webp","type":"image\/webp"}],"twitter_card":"summary_large_image","twitter_misc":{"Hinta":"&euro;1,626.00","Saatavuus":"Loppu varastosta"},"schema":{"@context":"https:\/\/schema.org","@graph":[{"@type":"WebPage","@id":"https:\/\/www.xn--tuksimaailm-ffb.ee\/fi\/shop\/kaabo-mantis-10-plus-highway-sahkopotkulauta\/","url":"https:\/\/www.xn--tuksimaailm-ffb.ee\/fi\/shop\/kaabo-mantis-10-plus-highway-sahkopotkulauta\/","name":"Kaabo Mantis 10 Plus Highway s\u00e4hk\u00f6potkulauta &#8212; T\u00f5uksimaailm","isPartOf":{"@id":"https:\/\/www.xn--tuksimaailm-ffb.ee\/fi\/#website"},"primaryImageOfPage":{"@id":"https:\/\/www.xn--tuksimaailm-ffb.ee\/fi\/shop\/kaabo-mantis-10-plus-highway-sahkopotkulauta\/#primaryimage"},"image":{"@id":"https:\/\/www.xn--tuksimaailm-ffb.ee\/fi\/shop\/kaabo-mantis-10-plus-highway-sahkopotkulauta\/#primaryimage"},"thumbnailUrl":"https:\/\/www.xn--tuksimaailm-ffb.ee\/wp-content\/uploads\/2021\/07\/mantis-10-plus-1.webp","datePublished":"2021-07-17T12:46:37+00:00","description":"Kaabo Mantis 10 Plus Highway elektrit\u00f5ukeratas. V\u00f5imas, 1000W j\u00f5ulise kiirendusega kahe ratta veoline elektriline t\u00f5ukeratas. Kaabo elektrit\u00f5ukerattad.","breadcrumb":{"@id":"https:\/\/www.xn--tuksimaailm-ffb.ee\/fi\/shop\/kaabo-mantis-10-plus-highway-sahkopotkulauta\/#breadcrumb"},"inLanguage":"fi","potentialAction":[{"@type":"ReadAction","target":["https:\/\/www.xn--tuksimaailm-ffb.ee\/fi\/shop\/kaabo-mantis-10-plus-highway-sahkopotkulauta\/"]}]},{"@type":"ImageObject","inLanguage":"fi","@id":"https:\/\/www.xn--tuksimaailm-ffb.ee\/fi\/shop\/kaabo-mantis-10-plus-highway-sahkopotkulauta\/#primaryimage","url":"https:\/\/www.xn--tuksimaailm-ffb.ee\/wp-content\/uploads\/2021\/07\/mantis-10-plus-1.webp","contentUrl":"https:\/\/www.xn--tuksimaailm-ffb.ee\/wp-content\/uploads\/2021\/07\/mantis-10-plus-1.webp","width":1200,"height":1200,"caption":"Uus Kaabo Mantis 10 Plus highway elektrit\u00f5ukeratas elektriline t\u00f5ukeratas elektrit\u00f5ukerattad elektrilised t\u00f5ukerattad 2"},{"@type":"BreadcrumbList","@id":"https:\/\/www.xn--tuksimaailm-ffb.ee\/fi\/shop\/kaabo-mantis-10-plus-highway-sahkopotkulauta\/#breadcrumb","itemListElement":[{"@type":"ListItem","position":1,"name":"Home","item":"https:\/\/www.xn--tuksimaailm-ffb.ee\/fi\/kotisivu\/"},{"@type":"ListItem","position":2,"name":"Kauppa","item":"https:\/\/www.xn--tuksimaailm-ffb.ee\/elektritoukerataste-pood\/"},{"@type":"ListItem","position":3,"name":"Kaabo Mantis 10 Plus Highway s\u00e4hk\u00f6potkulauta"}]},{"@type":"WebSite","@id":"https:\/\/www.xn--tuksimaailm-ffb.ee\/fi\/#website","url":"https:\/\/www.xn--tuksimaailm-ffb.ee\/fi\/","name":"T\u00f5uksimaailm","description":"Elektrit\u00f5ukerataste m\u00fc\u00fck, remont ja rent","publisher":{"@id":"https:\/\/www.xn--tuksimaailm-ffb.ee\/fi\/#organization"},"potentialAction":[{"@type":"SearchAction","target":{"@type":"EntryPoint","urlTemplate":"https:\/\/www.xn--tuksimaailm-ffb.ee\/fi\/?s={search_term_string}"},"query-input":{"@type":"PropertyValueSpecification","valueRequired":true,"valueName":"search_term_string"}}],"inLanguage":"fi"},{"@type":"Organization","@id":"https:\/\/www.xn--tuksimaailm-ffb.ee\/fi\/#organization","name":"T\u00f5uksimaailm","url":"https:\/\/www.xn--tuksimaailm-ffb.ee\/fi\/","logo":{"@type":"ImageObject","inLanguage":"fi","@id":"https:\/\/www.xn--tuksimaailm-ffb.ee\/fi\/#\/schema\/logo\/image\/","url":"https:\/\/www.xn--tuksimaailm-ffb.ee\/wp-content\/uploads\/2020\/01\/logoz-e1579792875517.png","contentUrl":"https:\/\/www.xn--tuksimaailm-ffb.ee\/wp-content\/uploads\/2020\/01\/logoz-e1579792875517.png","width":250,"height":250,"caption":"T\u00f5uksimaailm"},"image":{"@id":"https:\/\/www.xn--tuksimaailm-ffb.ee\/fi\/#\/schema\/logo\/image\/"},"sameAs":["https:\/\/www.facebook.com\/touksimaailm\/","https:\/\/www.instagram.com\/touksimaailm_\/","https:\/\/www.youtube.com\/channel\/UC18ml0EKIDLP1xGuQjFzcXQ"]}]},"product_price_amount":"1626.00","product_price_currency":"EUR","og_availability":"out of stock","product_availability":"out of stock","product_retailer_item_id":"Kaabo_10_Plus","product_condition":"new"},"jetpack_sharing_enabled":true,"_links":{"self":[{"href":"https:\/\/www.xn--tuksimaailm-ffb.ee\/fi\/wp-json\/wp\/v2\/product\/49408","targetHints":{"allow":["GET"]}}],"collection":[{"href":"https:\/\/www.xn--tuksimaailm-ffb.ee\/fi\/wp-json\/wp\/v2\/product"}],"about":[{"href":"https:\/\/www.xn--tuksimaailm-ffb.ee\/fi\/wp-json\/wp\/v2\/types\/product"}],"wp:featuredmedia":[{"embeddable":true,"href":"https:\/\/www.xn--tuksimaailm-ffb.ee\/fi\/wp-json\/wp\/v2\/media\/61980"}],"wp:attachment":[{"href":"https:\/\/www.xn--tuksimaailm-ffb.ee\/fi\/wp-json\/wp\/v2\/media?parent=49408"}],"wp:term":[{"taxonomy":"product_brand","embeddable":true,"href":"https:\/\/www.xn--tuksimaailm-ffb.ee\/fi\/wp-json\/wp\/v2\/product_brand?post=49408"},{"taxonomy":"product_cat","embeddable":true,"href":"https:\/\/www.xn--tuksimaailm-ffb.ee\/fi\/wp-json\/wp\/v2\/product_cat?post=49408"},{"taxonomy":"product_tag","embeddable":true,"href":"https:\/\/www.xn--tuksimaailm-ffb.ee\/fi\/wp-json\/wp\/v2\/product_tag?post=49408"},{"taxonomy":"filter_elektritoukeratas","embeddable":true,"href":"https:\/\/www.xn--tuksimaailm-ffb.ee\/fi\/wp-json\/wp\/v2\/filter_elektritoukeratas?post=49408"}],"curies":[{"name":"wp","href":"https:\/\/api.w.org\/{rel}","templated":true}]}}