{"id":49410,"date":"2021-02-20T15:47:55","date_gmt":"2021-02-20T15:47:55","guid":{"rendered":"http:\/\/www.xn--tuksimaailm-ffb.ee\/shop\/inokim-light-2-super-sahkopotkulauta\/"},"modified":"2024-11-11T14:42:14","modified_gmt":"2024-11-11T11:42:14","slug":"inokim-light-2-super-sahkopotkulauta","status":"publish","type":"product","link":"https:\/\/www.xn--tuksimaailm-ffb.ee\/fi\/shop\/inokim-light-2-super-sahkopotkulauta\/","title":{"rendered":"Inokim Light 2 Super s\u00e4hk\u00f6potkulauta"},"content":{"rendered":"<h2 style=\"text-align: center;\">\u00a0INOKIM LIGHT 2 SUPER S\u00c4HK\u00d6POTKULAUTA - TUOTEKUVAUS<\/h2>\n<p style=\"text-align: left;\">Inokim Light 2 Super - todella hienon n\u00e4k\u00f6inen, laadukas ja eritt\u00e4in kompakti s\u00e4hk\u00f6potkulauta. Inokim Light2 Super -s\u00e4hk\u00f6skootteri sopii erityisesti ihmisille, joille keveys, kompaktius ja tyylik\u00e4s ulkon\u00e4k\u00f6 ovat eritt\u00e4in t\u00e4rkeit\u00e4. Inokim Light -s\u00e4hk\u00f6skootteri sopii my\u00f6s lapsille eritt\u00e4in matalan s\u00e4\u00e4dett\u00e4v\u00e4n linssiasennon ansiosta. Inokim Light 2 Super sopii erinomaisesti jokap\u00e4iv\u00e4iseen k\u00e4ytt\u00f6\u00f6n t\u00f6iss\u00e4, koulussa tai ostoksilla. Kokonsa ansiosta Inokim Light -sarjan s\u00e4hk\u00f6potkulaudat soveltuvat erinomaisesti my\u00f6s kuljetukseen busseissa tai muissa julkisissa liikennev\u00e4lineiss\u00e4. Light2 Super -s\u00e4hk\u00f6potkulauta mahtuu my\u00f6s vaivattomasti l\u00e4hes mink\u00e4 tahansa auton tavaratilaan.<\/p>\n<p style=\"caret-color: #000000; color: #000000;\">Inokim tunnetaan ymp\u00e4ri maailmaa eritt\u00e4in innovatiivisena ja k\u00e4ytt\u00e4j\u00e4yst\u00e4v\u00e4llisen\u00e4 s\u00e4hk\u00f6k\u00e4ytt\u00f6isten skoottereiden tuotemerkkin\u00e4, joka yll\u00e4tt\u00e4\u00e4 merkitt\u00e4vill\u00e4 parannuksilla joka vuosi. Inokim Light2 Super -s\u00e4hk\u00f6skootteri on\u00a0<strong>Inokim Light Hero<\/strong>\u00a0-mallin seuraaja tai pikemminkin tehokkaampi versio. Light Hero -malliin verrattuna Light2 Super -s\u00e4hk\u00f6skootterissa on pidempi toimintas\u00e4de (<strong>40 km vs. 30 km<\/strong>), enemm\u00e4n tehoa\/parempi kiihtyvyys (<strong>350 W vs. 250 W<\/strong>) ja se on turvallisempi (rumpujarru on asennettu my\u00f6s eteen). Inokim Light -s\u00e4hk\u00f6skoottereiden etuna on my\u00f6s se, ett\u00e4 niit\u00e4 on saatavana eritt\u00e4in laajassa v\u00e4rivalikoimassa - voit ostaa saman mallin jopa\u00a0<strong>viidess\u00e4 eri v\u00e4riss\u00e4<\/strong>\u00a0-\u00a0<strong>mustana, sinisen\u00e4, kellert\u00e4v\u00e4noranssina, vihre\u00e4n\u00e4<\/strong>\u00a0ja\u00a0<strong>valkoisena<\/strong>.<\/p>\n<h2 style=\"text-align: center;\">KOMPAKTI<\/h2>\n<p style=\"caret-color: #000000; color: #000000;\">Inokim Light 2 Super -s\u00e4hk\u00f6skootteri on kompaktin kokonsa puolesta skootterimaailman seuraava taso. Light2 Super -s\u00e4hk\u00f6skootteri taittuu yl\u00f6s alhaalta, juuri rungon yl\u00e4puolelta, ja n\u00e4in skootterin etupy\u00f6r\u00e4 siirtyy kohti takaosaa, mik\u00e4 auttaa saavuttamaan mahdollisimman<strong>\u00a0lyhyen skootterin pituuden<\/strong>. Ohjaustanko ohjausputkineen on siirretty mahdollisimman l\u00e4helle takalokasuojaa - n\u00e4in saavutetaan\u00a0<strong>mahdollisimman matala korkeus<\/strong>. Inokim Light2 Superissa on my\u00f6s taittuvat kahvat, jotta\u00a0<strong>py\u00f6r\u00e4n leveys<\/strong>\u00a0olisi mahdollisimman pieni. Tuloksena on luokkansa pienikokoisin s\u00e4hk\u00f6skootteri.<\/p>\n<h2 style=\"text-align: center;\">INOKIM LIGHT 2 SUPER - TEKNINEN KUVAUS<\/h2>\n<p style=\"caret-color: #000000; color: #000000;\">Inokim Light 2 Super -s\u00e4hk\u00f6skootterissa on kompakti ohjaustanko\/linssit, joissa on tyylikk\u00e4\u00e4t ja mukavat taitettavat kahvat. Inokim Light 2 Superissa on harjaton (BLDC) s\u00e4hk\u00f6moottori, jonka teho on\u00a0<strong>350 W<\/strong>, mik\u00e4 riitt\u00e4\u00e4 onnistuneeseen kaupunkiliikenteeseen - tien suurin kaltevuus on\u00a0<strong>15 %<\/strong>. Korkean hy\u00f6tysuhteen s\u00e4hk\u00f6moottori tarjoaa voimakkaan kiihtyvyyden ja saavuttaa nopeasti valmistajan ilmoittaman\u00a0<strong>25km\/h<\/strong>\u00a0nopeuden. Inokim Light 2 Superin suositeltu matkustajapaino on enint\u00e4\u00e4n\u00a0<strong>100 kg.<\/strong><\/p>\n<p style=\"caret-color: #000000; color: #000000;\">Ajotyylist\u00e4 ja kuljettajan painosta riippuen yhdell\u00e4 latauksella voi ajaa<strong>\u00a030-40 kilometri\u00e4.<\/strong>\u00a0S\u00e4hk\u00f6skootterissa on\u00a0<strong>kolme elektronista vaihdetta, joissa on eri huippunopeudet ja kiihtyvyysasetukset<\/strong>, jotka voidaan asettaa ohjaustangossa olevasta n\u00e4yt\u00f6st\u00e4. K\u00e4ytett\u00e4viss\u00e4 on tila, jossa voi ajaa jalankulkijan rinnalla, ajaa mahdollisimman taloudellisesti ja ajaa mahdollisimman nopeasti.\u00a0<strong>Vakionopeudens\u00e4\u00e4din<\/strong>\u00a0on my\u00f6s s\u00e4\u00e4dett\u00e4viss\u00e4 n\u00e4yt\u00f6lt\u00e4. Kaasuvapautin on asennettu aivan oikean ohjaustangon viereen, ja sit\u00e4 voi painaa peukalolla - joten voit pit\u00e4\u00e4 samanaikaisesti kaksi sormea ohjaustangolla, kaksi sormea etujarrulenkill\u00e4 ja painaa kaasua peukalolla - eritt\u00e4in ergonominen, turvallinen ja intuitiivinen ajoasento.<\/p>\n<p style=\"caret-color: #000000; color: #000000;\">Inokim Light 2 Superissa on\u00a0<strong>etu- ja takajarrut<\/strong>, jotka takaavat nopean ja turvallisen pys\u00e4htymisen lis\u00e4ksi my\u00f6s huoltovapauden. Toisin kuin levyjarruissa ja V-jarruissa, jarrulevyj\u00e4 tarvitsee kirist\u00e4\u00e4 vain kerran vuodessa keskim\u00e4\u00e4r\u00e4isess\u00e4 k\u00e4yt\u00f6ss\u00e4. S\u00e4hk\u00f6jarru on varustettu pienikokoisella mutta tehokkaalla\u00a0<strong>36V\/10000mAh (360Wh)<\/strong>, litium-ioni (<strong>Li-Ion<\/strong>) akulla, joka on valmistettu korkealaatuisista\u00a0<strong>LG 18650<\/strong>\u00a0kennoista. Akun t\u00e4yteen lataaminen kest\u00e4\u00e4 noin<strong>\u00a06h<\/strong>s\u00e4hk\u00f6mopon mukana tulevalla 0-100% laturilla.<\/p>\n<h2 style=\"text-align: center;\">MIKSI OSTAA INOKIM MEILT\u00c4?<\/h2>\n<p style=\"caret-color: #000000; color: #000000;\"><strong>Kun ostat Inokim Light 2 Super -s\u00e4hk\u00f6skootterin liikkeest\u00e4mme, saat:<\/strong><\/p>\n<ul>\n<li>Kun ostat s\u00e4hk\u00f6skootterin, saat\u00a0<strong>kaikki\u00a0<\/strong><a href=\"http:\/\/www.xn--tuksimaailm-ffb.ee\/tootekategooria\/lisavarustus\/\"><strong>lis\u00e4varusteet<\/strong><\/a><strong>\u00a0-20 %:lla.<\/strong><\/li>\n<\/ul>\n<p>Valikoima lis\u00e4varusteita Light2 Superille:<\/p>\n<ul>\n<li><a href=\"http:\/\/www.xn--tuksimaailm-ffb.ee\/shop\/esituli-elektritoukerattale-automaatne-lenksule\/\">Automaattinen lis\u00e4valo linssille<\/a><\/li>\n<li><a href=\"http:\/\/www.xn--tuksimaailm-ffb.ee\/shop\/veekindel-elektritoukeratta-lenksukott-inokim-must\/\">Vedenpit\u00e4v\u00e4 linssilaukku Inokim<\/a><\/li>\n<li><a href=\"http:\/\/www.xn--tuksimaailm-ffb.ee\/shop\/soodne-telefonihoidja-elektritoukerattale-jalgrattale\/\">Puhelimen pidike<\/a><\/li>\n<li><a href=\"http:\/\/www.xn--tuksimaailm-ffb.ee\/shop\/joogitopsi-hoidja-elektritoukeratta-lenksule\/\">Juomakuppiteline linssi\u00e4 varten<\/a><\/li>\n<li><a href=\"http:\/\/www.xn--tuksimaailm-ffb.ee\/shop\/kompaktne-lulilukk-abus-bordo-5700-must\/\">Eritt\u00e4in-turvallinen-kytkinlukko<\/a>\u00a0- s\u00e4hk\u00f6skootteri on lukittavissa etukahvan kautta.<\/li>\n<li><a href=\"http:\/\/www.xn--tuksimaailm-ffb.ee\/shop\/xiaomi-elektriline-pump-elektritoukerattale-jalgrattale\/\">S\u00e4hk\u00f6pumpun<\/a><\/li>\n<\/ul>\n<p style=\"caret-color: #000000; color: #000000;\">Voit my\u00f6s<strong>\u00a0koeajaa<\/strong>\u00a0Inokim Light 2 Super -mallia\u00a0<a href=\"http:\/\/www.xn--tuksimaailm-ffb.ee\/kontakt\/\"><strong>esittelytilassamme<\/strong><\/a><strong>!<\/strong>\u00a0Suosittelemme aina k\u00e4ytt\u00e4m\u00e4\u00e4n\u00a0<a href=\"http:\/\/www.xn--tuksimaailm-ffb.ee\/shop\/elektrilise-toukeratta-kiiver-led-tagatulega-smart-4u\/\">kyp\u00e4r\u00e4\u00e4<\/a>, kun ajat s\u00e4hk\u00f6skootterilla. Alle 16-vuotiaiden kuljettajien on\u00a0<a href=\"https:\/\/www.riigiteataja.ee\/akt\/113112020001\">lain<\/a>\u00a0mukaan pakko k\u00e4ytt\u00e4\u00e4 kyp\u00e4r\u00e4\u00e4 s\u00e4hk\u00f6skootterilla ajaessaan. Inokim Light2 Super on paras kevyt ja kompakti s\u00e4hk\u00f6skootteri ja paras s\u00e4hk\u00f6skootteri lapsille. Saatavilla on my\u00f6s hieman edullisempi ja pienempi akkus\u00e4hk\u00f6potkulauta,\u00a0<strong>Inokim Light Hero<\/strong>. Niille, jotka tarvitsevat enemm\u00e4n tehoa ja ajomukavuutta, mutta silti huomattavan pienikokoisia, suosittelemme\u00a0<a href=\"http:\/\/www.xn--tuksimaailm-ffb.ee\/shop\/inokim-quick-4-super-elektritoukeratas\/\"><strong>Inokim Quick 4 -sarjan<\/strong><\/a>\u00a0s\u00e4hk\u00f6skoottereita. Katso lis\u00e4\u00e4 s\u00e4hk\u00f6skoottereita\u00a0<a href=\"http:\/\/www.xn--tuksimaailm-ffb.ee\/tootekategooria\/elektritoukeratas\/\">t\u00e4\u00e4lt\u00e4<\/a>.<\/p>\n<p><iframe title=\"INOKIM Light elektriline t\u00f5ukeratas\" width=\"1082\" height=\"812\" src=\"https:\/\/www.youtube.com\/embed\/21BmyxWZIdA?feature=oembed\" frameborder=\"0\" allow=\"accelerometer; autoplay; clipboard-write; encrypted-media; gyroscope; picture-in-picture; web-share\" referrerpolicy=\"strict-origin-when-cross-origin\" allowfullscreen><\/iframe><\/p>\n<p style=\"caret-color: #000000; color: #000000;\"><strong>Inokim Light 2 Super -s\u00e4hk\u00f6skootteri on Viron liikennelain mukainen katulaillinen kevytskootteri, jonka valmistajan teho on 350W ja valmistajan nopeus 25km\/h.<\/strong>\u00a0<strong>HUOM: Jos k\u00e4ytt\u00e4j\u00e4 on itsen\u00e4isesti muuttanut s\u00e4hk\u00f6potkulautaa nopeammaksi tai tehokkaammaksi kuin edell\u00e4 mainitut parametrit, T\u00f5uksimaailm ei ole vastuussa lain rikkomisesta aiheutuvista sakoista, s\u00e4hk\u00f6potkulautan takavarikoimisesta poliisin toimesta tai mist\u00e4\u00e4n muustakaan rikkomisesta aiheutuneesta vahingosta.<\/strong><\/p>\n<table class=\"tg\" style=\"border-collapse: collapse; max-width: 600px; border-spacing: 0; margin: 0px auto;\">\n<tbody>\n<tr>\n<td style=\"background-color: #e4e1e1; color: #333333; font-family: inherit; font-size: 14px; font-weight: bold; overflow: hidden; padding: 5px 5px; text-align: center; vertical-align: top; word-break: normal; border: 1px solid;\" colspan=\"2\">Tekniset tiedot<\/td>\n<\/tr>\n<tr>\n<td style=\"background-color: #e4e1e1; color: #333333; font-family: inherit; font-size: 14px; font-weight: bold; overflow: hidden; padding: 5px 5px; text-align: right; vertical-align: top; word-break: normal; border: 1px solid;\">Tuotaja<\/td>\n<td style=\"font-family: inherit; font-size: 14px; overflow: hidden; padding: 5px 5px; text-align: center; vertical-align: top; word-break: normal; border: 1px solid;\">Inokim<\/td>\n<\/tr>\n<tr>\n<td style=\"background-color: #e4e1e1; color: #333333; font-family: inherit; font-size: 14px; font-weight: bold; overflow: hidden; padding: 5px 5px; text-align: right; vertical-align: top; word-break: normal; border: 1px solid;\">Malli<\/td>\n<td style=\"font-family: inherit; font-size: 14px; overflow: hidden; padding: 5px 5px; text-align: center; vertical-align: top; word-break: normal; border: 1px solid;\">Light 2 Super<\/td>\n<\/tr>\n<tr>\n<td style=\"background-color: #e4e1e1; color: #333333; font-family: inherit; font-size: 14px; font-weight: bold; overflow: hidden; padding: 5px 5px; text-align: right; vertical-align: top; word-break: normal; border: 1px solid;\"><strong style=\"caret-color: #000000; color: #000000; text-align: start; font-family: inherit;\">V\u00e4rivalikoima<\/strong><\/td>\n<td style=\"font-family: inherit; font-size: 14px; overflow: hidden; padding: 5px 5px; text-align: center; vertical-align: top; word-break: normal; border: 1px solid;\">musta, kelta-oranssi, sininen, vihre\u00e4, vaalea<\/td>\n<\/tr>\n<tr>\n<td style=\"background-color: #e4e1e1; color: #333333; font-family: inherit; font-size: 14px; font-weight: bold; overflow: hidden; padding: 5px 5px; text-align: right; vertical-align: top; word-break: normal; border: 1px solid;\"><strong style=\"caret-color: #000000; color: #000000; text-align: start; font-family: inherit;\">Et\u00e4isyys \/ kuljettu matka<\/strong><\/td>\n<td style=\"font-family: inherit; font-size: 14px; overflow: hidden; padding: 5px 5px; text-align: center; vertical-align: top; word-break: normal; border: 1px solid;\">30-40km<\/td>\n<\/tr>\n<tr>\n<td style=\"background-color: #e4e1e1; color: #333333; font-family: inherit; font-size: 14px; font-weight: bold; overflow: hidden; padding: 5px 5px; text-align: right; vertical-align: top; word-break: normal; border: 1px solid;\">Moottorin teho<\/td>\n<td style=\"font-family: inherit; font-size: 14px; overflow: hidden; padding: 5px 5px; text-align: center; vertical-align: top; word-break: normal; border: 1px solid;\">350W<\/td>\n<\/tr>\n<tr>\n<td style=\"background-color: #e4e1e1; color: #333333; font-family: inherit; font-size: 14px; font-weight: bold; overflow: hidden; padding: 5px 5px; text-align: right; vertical-align: top; word-break: normal; border: 1px solid;\">Akku<\/td>\n<td style=\"font-family: inherit; font-size: 14px; overflow: hidden; padding: 5px 5px; text-align: center; vertical-align: top; word-break: normal; border: 1px solid;\">36V\/10000mAh\/360Wh, Li-ion<\/td>\n<\/tr>\n<tr>\n<td style=\"background-color: #e4e1e1; color: #333333; font-family: inherit; font-size: 14px; font-weight: bold; overflow: hidden; padding: 5px 5px; text-align: right; vertical-align: top; word-break: normal; border: 1px solid;\">Latausaika<\/td>\n<td style=\"font-family: inherit; font-size: 14px; overflow: hidden; padding: 5px 5px; text-align: center; vertical-align: top; word-break: normal; border: 1px solid;\">6h<\/td>\n<\/tr>\n<tr>\n<td style=\"background-color: #e4e1e1; color: #333333; font-family: inherit; font-size: 14px; font-weight: bold; overflow: hidden; padding: 5px 5px; text-align: right; vertical-align: top; word-break: normal; border: 1px solid;\">Valmistusnopeus<\/td>\n<td style=\"font-family: inherit; font-size: 14px; overflow: hidden; padding: 5px 5px; text-align: center; vertical-align: top; word-break: normal; border: 1px solid;\">25 km\/h<\/td>\n<\/tr>\n<tr>\n<td style=\"background-color: #e4e1e1; color: #333333; font-family: inherit; font-size: 14px; font-weight: bold; overflow: hidden; padding: 5px 5px; text-align: right; vertical-align: top; word-break: normal; border: 1px solid;\">Nopeusgradientit<\/td>\n<td style=\"font-family: inherit; font-size: 14px; overflow: hidden; padding: 5px 5px; text-align: center; vertical-align: top; word-break: normal; border: 1px solid;\">3<\/td>\n<\/tr>\n<tr>\n<td style=\"background-color: #e4e1e1; color: #333333; font-family: inherit; font-size: 14px; font-weight: bold; overflow: hidden; padding: 5px 5px; text-align: right; vertical-align: top; word-break: normal; border: 1px solid;\">Pysyv\u00e4 nopeusrajoitin<\/td>\n<td style=\"font-family: inherit; font-size: 14px; overflow: hidden; padding: 5px 5px; text-align: center; vertical-align: top; word-break: normal; border: 1px solid;\">kyll\u00e4<\/td>\n<\/tr>\n<tr>\n<td style=\"background-color: #e4e1e1; color: #333333; font-family: inherit; font-size: 14px; font-weight: bold; overflow: hidden; padding: 5px 5px; text-align: right; vertical-align: top; word-break: normal; border: 1px solid;\">Etu- ja takajarru<\/td>\n<td style=\"font-family: inherit; font-size: 14px; overflow: hidden; padding: 5px 5px; text-align: center; vertical-align: top; word-break: normal; border: 1px solid;\">rumpujarru<\/td>\n<\/tr>\n<tr>\n<td style=\"background-color: #e4e1e1; color: #333333; font-family: inherit; font-size: 14px; font-weight: bold; overflow: hidden; padding: 5px 5px; text-align: right; vertical-align: top; word-break: normal; border: 1px solid;\">Rengaskoko<\/td>\n<td style=\"font-family: inherit; font-size: 14px; overflow: hidden; padding: 5px 5px; text-align: center; vertical-align: top; word-break: normal; border: 1px solid;\">8.5\"<\/td>\n<\/tr>\n<tr>\n<td style=\"background-color: #e4e1e1; color: #333333; font-family: inherit; font-size: 14px; font-weight: bold; overflow: hidden; padding: 5px 5px; text-align: right; vertical-align: top; word-break: normal; border: 1px solid;\">Rengastyypi<\/td>\n<td style=\"font-family: inherit; font-size: 14px; overflow: hidden; padding: 5px 5px; text-align: center; vertical-align: top; word-break: normal; border: 1px solid;\">sis\u00e4inen ilmarengas (sis\u00e4isell\u00e4 kumilla)<\/td>\n<\/tr>\n<tr>\n<td style=\"background-color: #e4e1e1; color: #333333; font-family: inherit; font-size: 14px; font-weight: bold; overflow: hidden; padding: 5px 5px; text-align: right; vertical-align: top; word-break: normal; border: 1px solid;\">Moottorisoitu py\u00f6r\u00e4<\/td>\n<td style=\"font-family: inherit; font-size: 14px; overflow: hidden; padding: 5px 5px; text-align: center; vertical-align: top; word-break: normal; border: 1px solid;\">takapy\u00f6r\u00e4<\/td>\n<\/tr>\n<tr>\n<td style=\"background-color: #e4e1e1; color: #333333; font-family: inherit; font-size: 14px; font-weight: bold; overflow: hidden; padding: 5px 5px; text-align: right; vertical-align: top; word-break: normal; border: 1px solid;\">Painorajoitus<\/td>\n<td style=\"font-family: inherit; font-size: 14px; overflow: hidden; padding: 5px 5px; text-align: center; vertical-align: top; word-break: normal; border: 1px solid;\">100kg<\/td>\n<\/tr>\n<tr>\n<td style=\"background-color: #e4e1e1; color: #333333; font-family: inherit; font-size: 14px; font-weight: bold; overflow: hidden; padding: 5px 5px; text-align: right; vertical-align: top; word-break: normal; border: 1px solid;\">Paino<\/td>\n<td style=\"font-family: inherit; font-size: 14px; overflow: hidden; padding: 5px 5px; text-align: center; vertical-align: top; word-break: normal; border: 1px solid;\">13kg<\/td>\n<\/tr>\n<\/tbody>\n<\/table>\n","protected":false},"excerpt":{"rendered":"<p><span style=\"font-style: italic;\"><strong>Toimitusaika: 1-5tp<br \/><\/strong><\/span><\/p>\n","protected":false},"featured_media":23033,"template":"","meta":[],"product_brand":[],"product_cat":[926],"product_tag":[],"filter_elektritoukeratas":[],"class_list":{"0":"post-49410","1":"product","2":"type-product","3":"status-publish","4":"has-post-thumbnail","6":"product_cat-sahkopotkulaudat-fi","7":"pa_aku-mahutavus-wh-360-fi","8":"pa_colour-keltainen","9":"pa_colour-musta","10":"pa_colour-sininen","11":"pa_colour-vaalea","12":"pa_colour-vihrea","13":"pa_kaal-kg-13-fi","14":"pa_kandevoime-kg-100-fi","15":"pa_labisoit-arvutuslik-km-40-fi","16":"pa_mootorite-arv-uhe-mootoriga-fi","17":"pa_muuja-platvormil-touksimaailm-exocool-ou-fi","18":"pa_piiramata-tippkiirus-kmh-25-fi","19":"pa_tootetuup-elektritoukeratas-fi","20":"pa_valmistaja-inokim-fi","21":"pa_voimsus-w-350-fi","23":"first","24":"instock","25":"taxable","26":"shipping-taxable","27":"purchasable","28":"product-type-variable"},"yoast_head":"<!-- This site is optimized with the Yoast SEO Premium plugin v26.8 (Yoast SEO v27.5) - https:\/\/yoast.com\/product\/yoast-seo-premium-wordpress\/ -->\n<title>Inokim Light 2 Super s\u00e4hk\u00f6potkulauta &#8212; T\u00f5uksimaailm - M\u00fc\u00fck<\/title>\n<meta name=\"description\" content=\"Inokim Light 2 Super elektrit\u00f5ukeratas - Light2 Super on kena v\u00e4limusega, kvaliteetne ning v\u00e4ga kompaktne elektriline t\u00f5ukeratas. Inokim elektrit\u00f5ukerattad.\" \/>\n<meta name=\"robots\" content=\"index, follow, max-snippet:-1, max-image-preview:large, max-video-preview:-1\" \/>\n<link rel=\"canonical\" href=\"https:\/\/www.xn--tuksimaailm-ffb.ee\/fi\/shop\/inokim-light-2-super-sahkopotkulauta\/\" \/>\n<meta property=\"og:locale\" content=\"fi_FI\" \/>\n<meta property=\"og:type\" content=\"article\" \/>\n<meta property=\"og:title\" content=\"Inokim Light 2 Super s\u00e4hk\u00f6potkulauta\" \/>\n<meta property=\"og:description\" content=\"Inokim Light 2 Super elektrit\u00f5ukeratas - Light2 Super on kena v\u00e4limusega, kvaliteetne ning v\u00e4ga kompaktne elektriline t\u00f5ukeratas. Inokim elektrit\u00f5ukerattad.\" \/>\n<meta property=\"og:url\" content=\"https:\/\/www.xn--tuksimaailm-ffb.ee\/fi\/shop\/inokim-light-2-super-sahkopotkulauta\/\" \/>\n<meta property=\"og:site_name\" content=\"T\u00f5uksimaailm\" \/>\n<meta property=\"article:publisher\" content=\"https:\/\/www.facebook.com\/touksimaailm\/\" \/>\n<meta property=\"article:modified_time\" content=\"2024-11-11T11:42:14+00:00\" \/>\n<meta property=\"og:image\" content=\"https:\/\/www.xn--tuksimaailm-ffb.ee\/wp-content\/uploads\/2021\/02\/light-super-1.png\" \/>\n\t<meta property=\"og:image:width\" content=\"803\" \/>\n\t<meta property=\"og:image:height\" content=\"811\" \/>\n\t<meta property=\"og:image:type\" content=\"image\/png\" \/>\n<meta name=\"twitter:card\" content=\"summary_large_image\" \/>\n<meta name=\"twitter:label1\" content=\"Saatavuus\" \/>\n\t<meta name=\"twitter:data1\" content=\"Varastossa\" \/>\n<meta property=\"og:availability\" content=\"instock\" \/>\n<meta property=\"product:availability\" content=\"instock\" \/>\n<meta property=\"product:retailer_item_id\" content=\"Inokim_2_Super\" \/>\n<meta property=\"product:condition\" content=\"new\" \/>\n<!-- \/ Yoast SEO Premium plugin. -->","yoast_head_json":{"title":"Inokim Light 2 Super s\u00e4hk\u00f6potkulauta &#8212; T\u00f5uksimaailm - M\u00fc\u00fck","description":"Inokim Light 2 Super elektrit\u00f5ukeratas - Light2 Super on kena v\u00e4limusega, kvaliteetne ning v\u00e4ga kompaktne elektriline t\u00f5ukeratas. Inokim elektrit\u00f5ukerattad.","robots":{"index":"index","follow":"follow","max-snippet":"max-snippet:-1","max-image-preview":"max-image-preview:large","max-video-preview":"max-video-preview:-1"},"canonical":"https:\/\/www.xn--tuksimaailm-ffb.ee\/fi\/shop\/inokim-light-2-super-sahkopotkulauta\/","og_locale":"fi_FI","og_type":"article","og_title":"Inokim Light 2 Super s\u00e4hk\u00f6potkulauta","og_description":"Inokim Light 2 Super elektrit\u00f5ukeratas - Light2 Super on kena v\u00e4limusega, kvaliteetne ning v\u00e4ga kompaktne elektriline t\u00f5ukeratas. Inokim elektrit\u00f5ukerattad.","og_url":"https:\/\/www.xn--tuksimaailm-ffb.ee\/fi\/shop\/inokim-light-2-super-sahkopotkulauta\/","og_site_name":"T\u00f5uksimaailm","article_publisher":"https:\/\/www.facebook.com\/touksimaailm\/","article_modified_time":"2024-11-11T11:42:14+00:00","og_image":[{"width":803,"height":811,"url":"https:\/\/www.xn--tuksimaailm-ffb.ee\/wp-content\/uploads\/2021\/02\/light-super-1.png","type":"image\/png"}],"twitter_card":"summary_large_image","twitter_misc":{"Saatavuus":"Varastossa"},"schema":{"@context":"https:\/\/schema.org","@graph":[{"@type":"WebPage","@id":"https:\/\/www.xn--tuksimaailm-ffb.ee\/fi\/shop\/inokim-light-2-super-sahkopotkulauta\/","url":"https:\/\/www.xn--tuksimaailm-ffb.ee\/fi\/shop\/inokim-light-2-super-sahkopotkulauta\/","name":"Inokim Light 2 Super s\u00e4hk\u00f6potkulauta &#8212; T\u00f5uksimaailm - M\u00fc\u00fck","isPartOf":{"@id":"https:\/\/www.xn--tuksimaailm-ffb.ee\/fi\/#website"},"primaryImageOfPage":{"@id":"https:\/\/www.xn--tuksimaailm-ffb.ee\/fi\/shop\/inokim-light-2-super-sahkopotkulauta\/#primaryimage"},"image":{"@id":"https:\/\/www.xn--tuksimaailm-ffb.ee\/fi\/shop\/inokim-light-2-super-sahkopotkulauta\/#primaryimage"},"thumbnailUrl":"https:\/\/www.xn--tuksimaailm-ffb.ee\/wp-content\/uploads\/2021\/02\/light-super-1.png","datePublished":"2021-02-20T15:47:55+00:00","dateModified":"2024-11-11T11:42:14+00:00","description":"Inokim Light 2 Super elektrit\u00f5ukeratas - Light2 Super on kena v\u00e4limusega, kvaliteetne ning v\u00e4ga kompaktne elektriline t\u00f5ukeratas. Inokim elektrit\u00f5ukerattad.","breadcrumb":{"@id":"https:\/\/www.xn--tuksimaailm-ffb.ee\/fi\/shop\/inokim-light-2-super-sahkopotkulauta\/#breadcrumb"},"inLanguage":"fi","potentialAction":[{"@type":"ReadAction","target":["https:\/\/www.xn--tuksimaailm-ffb.ee\/fi\/shop\/inokim-light-2-super-sahkopotkulauta\/"]}]},{"@type":"ImageObject","inLanguage":"fi","@id":"https:\/\/www.xn--tuksimaailm-ffb.ee\/fi\/shop\/inokim-light-2-super-sahkopotkulauta\/#primaryimage","url":"https:\/\/www.xn--tuksimaailm-ffb.ee\/wp-content\/uploads\/2021\/02\/light-super-1.png","contentUrl":"https:\/\/www.xn--tuksimaailm-ffb.ee\/wp-content\/uploads\/2021\/02\/light-super-1.png","width":803,"height":811},{"@type":"BreadcrumbList","@id":"https:\/\/www.xn--tuksimaailm-ffb.ee\/fi\/shop\/inokim-light-2-super-sahkopotkulauta\/#breadcrumb","itemListElement":[{"@type":"ListItem","position":1,"name":"Home","item":"https:\/\/www.xn--tuksimaailm-ffb.ee\/fi\/kotisivu\/"},{"@type":"ListItem","position":2,"name":"Kauppa","item":"https:\/\/www.xn--tuksimaailm-ffb.ee\/elektritoukerataste-pood\/"},{"@type":"ListItem","position":3,"name":"Inokim Light 2 Super s\u00e4hk\u00f6potkulauta"}]},{"@type":"WebSite","@id":"https:\/\/www.xn--tuksimaailm-ffb.ee\/fi\/#website","url":"https:\/\/www.xn--tuksimaailm-ffb.ee\/fi\/","name":"T\u00f5uksimaailm","description":"Elektrit\u00f5ukerataste m\u00fc\u00fck, remont ja rent","publisher":{"@id":"https:\/\/www.xn--tuksimaailm-ffb.ee\/fi\/#organization"},"potentialAction":[{"@type":"SearchAction","target":{"@type":"EntryPoint","urlTemplate":"https:\/\/www.xn--tuksimaailm-ffb.ee\/fi\/?s={search_term_string}"},"query-input":{"@type":"PropertyValueSpecification","valueRequired":true,"valueName":"search_term_string"}}],"inLanguage":"fi"},{"@type":"Organization","@id":"https:\/\/www.xn--tuksimaailm-ffb.ee\/fi\/#organization","name":"T\u00f5uksimaailm","url":"https:\/\/www.xn--tuksimaailm-ffb.ee\/fi\/","logo":{"@type":"ImageObject","inLanguage":"fi","@id":"https:\/\/www.xn--tuksimaailm-ffb.ee\/fi\/#\/schema\/logo\/image\/","url":"https:\/\/www.xn--tuksimaailm-ffb.ee\/wp-content\/uploads\/2020\/01\/logoz-e1579792875517.png","contentUrl":"https:\/\/www.xn--tuksimaailm-ffb.ee\/wp-content\/uploads\/2020\/01\/logoz-e1579792875517.png","width":250,"height":250,"caption":"T\u00f5uksimaailm"},"image":{"@id":"https:\/\/www.xn--tuksimaailm-ffb.ee\/fi\/#\/schema\/logo\/image\/"},"sameAs":["https:\/\/www.facebook.com\/touksimaailm\/","https:\/\/www.instagram.com\/touksimaailm_\/","https:\/\/www.youtube.com\/channel\/UC18ml0EKIDLP1xGuQjFzcXQ"]}]},"og_availability":"instock","product_availability":"instock","product_retailer_item_id":"Inokim_2_Super","product_condition":"new"},"jetpack_sharing_enabled":true,"_links":{"self":[{"href":"https:\/\/www.xn--tuksimaailm-ffb.ee\/fi\/wp-json\/wp\/v2\/product\/49410","targetHints":{"allow":["GET"]}}],"collection":[{"href":"https:\/\/www.xn--tuksimaailm-ffb.ee\/fi\/wp-json\/wp\/v2\/product"}],"about":[{"href":"https:\/\/www.xn--tuksimaailm-ffb.ee\/fi\/wp-json\/wp\/v2\/types\/product"}],"wp:featuredmedia":[{"embeddable":true,"href":"https:\/\/www.xn--tuksimaailm-ffb.ee\/fi\/wp-json\/wp\/v2\/media\/23033"}],"wp:attachment":[{"href":"https:\/\/www.xn--tuksimaailm-ffb.ee\/fi\/wp-json\/wp\/v2\/media?parent=49410"}],"wp:term":[{"taxonomy":"product_brand","embeddable":true,"href":"https:\/\/www.xn--tuksimaailm-ffb.ee\/fi\/wp-json\/wp\/v2\/product_brand?post=49410"},{"taxonomy":"product_cat","embeddable":true,"href":"https:\/\/www.xn--tuksimaailm-ffb.ee\/fi\/wp-json\/wp\/v2\/product_cat?post=49410"},{"taxonomy":"product_tag","embeddable":true,"href":"https:\/\/www.xn--tuksimaailm-ffb.ee\/fi\/wp-json\/wp\/v2\/product_tag?post=49410"},{"taxonomy":"filter_elektritoukeratas","embeddable":true,"href":"https:\/\/www.xn--tuksimaailm-ffb.ee\/fi\/wp-json\/wp\/v2\/filter_elektritoukeratas?post=49410"}],"curies":[{"name":"wp","href":"https:\/\/api.w.org\/{rel}","templated":true}]}}