{"id":49625,"date":"2023-01-07T18:59:57","date_gmt":"2023-01-07T16:59:57","guid":{"rendered":"http:\/\/www.xn--tuksimaailm-ffb.ee\/shop\/60v-67-2v-li-ion-sahkoisen-pushbike-akun-rakentaminen\/"},"modified":"2024-11-13T17:35:25","modified_gmt":"2024-11-13T14:35:25","slug":"60v-67-2v-li-ion-sahkoisen-pushbike-akun-rakentaminen","status":"publish","type":"product","link":"https:\/\/www.xn--tuksimaailm-ffb.ee\/fi\/shop\/60v-67-2v-li-ion-sahkoisen-pushbike-akun-rakentaminen\/","title":{"rendered":"60V (67.2V) Li-Ion s\u00e4hk\u00f6skootterin akun rakentaminen"},"content":{"rendered":"<p style=\"caret-color: #000000; color: #000000;\">Li-ion-s\u00e4hk\u00f6potkulautan\/s\u00e4hk\u00f6py\u00f6r\u00e4n (e-py\u00f6r\u00e4) akun rakentaminen 18650- tai 21700-moduuleista, jonka nimellisj\u00e4nnite on 60 V (maksimij\u00e4nnite 67,2 V). Huolto kantomaailman ty\u00f6pajassa. Ennen s\u00e4hk\u00f6skootterin \/ s\u00e4hk\u00f6polkupy\u00f6r\u00e4n akun tilaamista on valittava sopiva litiumioniakun tuotekoodi\u00a0<a href=\"http:\/\/www.xn--tuksimaailm-ffb.ee\/aku-valmistamine-li-ion-eritellimus-aku-ehitamine-koostamine\/\"><strong>akunrakennussivullamme<\/strong><\/a>\u00a0olevien parametrien perusteella<strong>.<\/strong>T\u00e4m\u00e4n j\u00e4lkeen voit valita sopivan akun tuotekoodin.<\/p>\n","protected":false},"excerpt":{"rendered":"<p style=\"caret-color: #000000; color: #000000;\">Ennen kuin tilaat akun<strong>,<\/strong>\u00a0sinun on valittava tarvitsemasi akun tuotekoodi\u00a0<a href=\"http:\/\/www.xn--tuksimaailm-ffb.ee\/aku-valmistamine-li-ion-eritellimus-aku-ehitamine-koostamine\/\"><strong>RAKENNA AKKU -ostosivun<\/strong><\/a>\u00a0parametrien perusteella. Voit sitten valita sopivan akun tuotekoodin alla olevasta valikosta.<\/p>\n","protected":false},"featured_media":63852,"template":"","meta":[],"product_brand":[],"product_cat":[1699,1698],"product_tag":[],"filter_elektritoukeratas":[],"class_list":{"0":"post-49625","1":"product","2":"type-product","3":"status-publish","4":"has-post-thumbnail","6":"product_cat-palvelut","7":"product_cat-varaosat","8":"pa_tootetuup-patistot","10":"first","11":"instock","12":"taxable","13":"shipping-taxable","14":"purchasable","15":"product-type-variable"},"yoast_head":"<!-- This site is optimized with the Yoast SEO Premium plugin v26.8 (Yoast SEO v27.5) - https:\/\/yoast.com\/product\/yoast-seo-premium-wordpress\/ -->\n<title>60V (67.2V) Li-Ion s\u00e4hk\u00f6skootterin akun rakentaminen | T\u00f5uksimaailm<\/title>\n<meta name=\"description\" content=\"Li-ion-s\u00e4hk\u00f6skootterin\/s\u00e4hk\u00f6py\u00f6r\u00e4n (s\u00e4hk\u00f6py\u00f6r\u00e4) akun rakentaminen 18650- tai 21700-moduuleista nimellisj\u00e4nnitteell\u00e4 60 V (maksimij\u00e4nnite 67,2 V).\" \/>\n<meta name=\"robots\" content=\"index, follow, max-snippet:-1, max-image-preview:large, max-video-preview:-1\" \/>\n<link rel=\"canonical\" href=\"https:\/\/www.xn--tuksimaailm-ffb.ee\/fi\/shop\/60v-67-2v-li-ion-sahkoisen-pushbike-akun-rakentaminen\/\" \/>\n<meta property=\"og:locale\" content=\"fi_FI\" \/>\n<meta property=\"og:type\" content=\"article\" \/>\n<meta property=\"og:title\" content=\"60V (67.2V) Li-Ion s\u00e4hk\u00f6skootterin akun rakentaminen\" \/>\n<meta property=\"og:description\" content=\"Li-ion-s\u00e4hk\u00f6skootterin\/s\u00e4hk\u00f6py\u00f6r\u00e4n (s\u00e4hk\u00f6py\u00f6r\u00e4) akun rakentaminen 18650- tai 21700-moduuleista nimellisj\u00e4nnitteell\u00e4 60 V (maksimij\u00e4nnite 67,2 V).\" \/>\n<meta property=\"og:url\" content=\"https:\/\/www.xn--tuksimaailm-ffb.ee\/fi\/shop\/60v-67-2v-li-ion-sahkoisen-pushbike-akun-rakentaminen\/\" \/>\n<meta property=\"og:site_name\" content=\"T\u00f5uksimaailm\" \/>\n<meta property=\"article:publisher\" content=\"https:\/\/www.facebook.com\/touksimaailm\/\" \/>\n<meta property=\"article:modified_time\" content=\"2024-11-13T14:35:25+00:00\" \/>\n<meta property=\"og:image\" content=\"https:\/\/www.xn--tuksimaailm-ffb.ee\/wp-content\/uploads\/2023\/01\/Type-1_Version-1_Black-5.png\" \/>\n\t<meta property=\"og:image:width\" content=\"1835\" \/>\n\t<meta property=\"og:image:height\" content=\"1195\" \/>\n\t<meta property=\"og:image:type\" content=\"image\/png\" \/>\n<meta name=\"twitter:card\" content=\"summary_large_image\" \/>\n<meta name=\"twitter:label1\" content=\"Saatavuus\" \/>\n\t<meta name=\"twitter:data1\" content=\"Varastossa\" \/>\n<meta property=\"og:availability\" content=\"instock\" \/>\n<meta property=\"product:availability\" content=\"instock\" \/>\n<meta property=\"product:condition\" content=\"new\" \/>\n<!-- \/ Yoast SEO Premium plugin. -->","yoast_head_json":{"title":"60V (67.2V) Li-Ion s\u00e4hk\u00f6skootterin akun rakentaminen | T\u00f5uksimaailm","description":"Li-ion-s\u00e4hk\u00f6skootterin\/s\u00e4hk\u00f6py\u00f6r\u00e4n (s\u00e4hk\u00f6py\u00f6r\u00e4) akun rakentaminen 18650- tai 21700-moduuleista nimellisj\u00e4nnitteell\u00e4 60 V (maksimij\u00e4nnite 67,2 V).","robots":{"index":"index","follow":"follow","max-snippet":"max-snippet:-1","max-image-preview":"max-image-preview:large","max-video-preview":"max-video-preview:-1"},"canonical":"https:\/\/www.xn--tuksimaailm-ffb.ee\/fi\/shop\/60v-67-2v-li-ion-sahkoisen-pushbike-akun-rakentaminen\/","og_locale":"fi_FI","og_type":"article","og_title":"60V (67.2V) Li-Ion s\u00e4hk\u00f6skootterin akun rakentaminen","og_description":"Li-ion-s\u00e4hk\u00f6skootterin\/s\u00e4hk\u00f6py\u00f6r\u00e4n (s\u00e4hk\u00f6py\u00f6r\u00e4) akun rakentaminen 18650- tai 21700-moduuleista nimellisj\u00e4nnitteell\u00e4 60 V (maksimij\u00e4nnite 67,2 V).","og_url":"https:\/\/www.xn--tuksimaailm-ffb.ee\/fi\/shop\/60v-67-2v-li-ion-sahkoisen-pushbike-akun-rakentaminen\/","og_site_name":"T\u00f5uksimaailm","article_publisher":"https:\/\/www.facebook.com\/touksimaailm\/","article_modified_time":"2024-11-13T14:35:25+00:00","og_image":[{"width":1835,"height":1195,"url":"https:\/\/www.xn--tuksimaailm-ffb.ee\/wp-content\/uploads\/2023\/01\/Type-1_Version-1_Black-5.png","type":"image\/png"}],"twitter_card":"summary_large_image","twitter_misc":{"Saatavuus":"Varastossa"},"schema":{"@context":"https:\/\/schema.org","@graph":[{"@type":"WebPage","@id":"https:\/\/www.xn--tuksimaailm-ffb.ee\/fi\/shop\/60v-67-2v-li-ion-sahkoisen-pushbike-akun-rakentaminen\/","url":"https:\/\/www.xn--tuksimaailm-ffb.ee\/fi\/shop\/60v-67-2v-li-ion-sahkoisen-pushbike-akun-rakentaminen\/","name":"60V (67.2V) Li-Ion s\u00e4hk\u00f6skootterin akun rakentaminen | T\u00f5uksimaailm","isPartOf":{"@id":"https:\/\/www.xn--tuksimaailm-ffb.ee\/fi\/#website"},"primaryImageOfPage":{"@id":"https:\/\/www.xn--tuksimaailm-ffb.ee\/fi\/shop\/60v-67-2v-li-ion-sahkoisen-pushbike-akun-rakentaminen\/#primaryimage"},"image":{"@id":"https:\/\/www.xn--tuksimaailm-ffb.ee\/fi\/shop\/60v-67-2v-li-ion-sahkoisen-pushbike-akun-rakentaminen\/#primaryimage"},"thumbnailUrl":"https:\/\/www.xn--tuksimaailm-ffb.ee\/wp-content\/uploads\/2022\/02\/Touksimaailm_logo_uus_12.png","datePublished":"2023-01-07T16:59:57+00:00","dateModified":"2024-11-13T14:35:25+00:00","description":"Li-ion-s\u00e4hk\u00f6skootterin\/s\u00e4hk\u00f6py\u00f6r\u00e4n (s\u00e4hk\u00f6py\u00f6r\u00e4) akun rakentaminen 18650- tai 21700-moduuleista nimellisj\u00e4nnitteell\u00e4 60 V (maksimij\u00e4nnite 67,2 V).","breadcrumb":{"@id":"https:\/\/www.xn--tuksimaailm-ffb.ee\/fi\/shop\/60v-67-2v-li-ion-sahkoisen-pushbike-akun-rakentaminen\/#breadcrumb"},"inLanguage":"fi","potentialAction":[{"@type":"ReadAction","target":["https:\/\/www.xn--tuksimaailm-ffb.ee\/fi\/shop\/60v-67-2v-li-ion-sahkoisen-pushbike-akun-rakentaminen\/"]}]},{"@type":"ImageObject","inLanguage":"fi","@id":"https:\/\/www.xn--tuksimaailm-ffb.ee\/fi\/shop\/60v-67-2v-li-ion-sahkoisen-pushbike-akun-rakentaminen\/#primaryimage","url":"https:\/\/www.xn--tuksimaailm-ffb.ee\/wp-content\/uploads\/2022\/02\/Touksimaailm_logo_uus_12.png","contentUrl":"https:\/\/www.xn--tuksimaailm-ffb.ee\/wp-content\/uploads\/2022\/02\/Touksimaailm_logo_uus_12.png","width":2050,"height":2547,"caption":"t\u00f5uksimaailm"},{"@type":"BreadcrumbList","@id":"https:\/\/www.xn--tuksimaailm-ffb.ee\/fi\/shop\/60v-67-2v-li-ion-sahkoisen-pushbike-akun-rakentaminen\/#breadcrumb","itemListElement":[{"@type":"ListItem","position":1,"name":"Home","item":"https:\/\/www.xn--tuksimaailm-ffb.ee\/fi\/kotisivu\/"},{"@type":"ListItem","position":2,"name":"Kauppa","item":"https:\/\/www.xn--tuksimaailm-ffb.ee\/elektritoukerataste-pood\/"},{"@type":"ListItem","position":3,"name":"60V (67.2V) Li-Ion s\u00e4hk\u00f6skootterin akun rakentaminen"}]},{"@type":"WebSite","@id":"https:\/\/www.xn--tuksimaailm-ffb.ee\/fi\/#website","url":"https:\/\/www.xn--tuksimaailm-ffb.ee\/fi\/","name":"T\u00f5uksimaailm","description":"Elektrit\u00f5ukerataste m\u00fc\u00fck, remont ja rent","publisher":{"@id":"https:\/\/www.xn--tuksimaailm-ffb.ee\/fi\/#organization"},"potentialAction":[{"@type":"SearchAction","target":{"@type":"EntryPoint","urlTemplate":"https:\/\/www.xn--tuksimaailm-ffb.ee\/fi\/?s={search_term_string}"},"query-input":{"@type":"PropertyValueSpecification","valueRequired":true,"valueName":"search_term_string"}}],"inLanguage":"fi"},{"@type":"Organization","@id":"https:\/\/www.xn--tuksimaailm-ffb.ee\/fi\/#organization","name":"T\u00f5uksimaailm","url":"https:\/\/www.xn--tuksimaailm-ffb.ee\/fi\/","logo":{"@type":"ImageObject","inLanguage":"fi","@id":"https:\/\/www.xn--tuksimaailm-ffb.ee\/fi\/#\/schema\/logo\/image\/","url":"https:\/\/www.xn--tuksimaailm-ffb.ee\/wp-content\/uploads\/2020\/01\/logoz-e1579792875517.png","contentUrl":"https:\/\/www.xn--tuksimaailm-ffb.ee\/wp-content\/uploads\/2020\/01\/logoz-e1579792875517.png","width":250,"height":250,"caption":"T\u00f5uksimaailm"},"image":{"@id":"https:\/\/www.xn--tuksimaailm-ffb.ee\/fi\/#\/schema\/logo\/image\/"},"sameAs":["https:\/\/www.facebook.com\/touksimaailm\/","https:\/\/www.instagram.com\/touksimaailm_\/","https:\/\/www.youtube.com\/channel\/UC18ml0EKIDLP1xGuQjFzcXQ"]}]},"og_availability":"instock","product_availability":"instock","product_condition":"new"},"jetpack_sharing_enabled":true,"_links":{"self":[{"href":"https:\/\/www.xn--tuksimaailm-ffb.ee\/fi\/wp-json\/wp\/v2\/product\/49625","targetHints":{"allow":["GET"]}}],"collection":[{"href":"https:\/\/www.xn--tuksimaailm-ffb.ee\/fi\/wp-json\/wp\/v2\/product"}],"about":[{"href":"https:\/\/www.xn--tuksimaailm-ffb.ee\/fi\/wp-json\/wp\/v2\/types\/product"}],"wp:featuredmedia":[{"embeddable":true,"href":"https:\/\/www.xn--tuksimaailm-ffb.ee\/fi\/wp-json\/wp\/v2\/media\/63852"}],"wp:attachment":[{"href":"https:\/\/www.xn--tuksimaailm-ffb.ee\/fi\/wp-json\/wp\/v2\/media?parent=49625"}],"wp:term":[{"taxonomy":"product_brand","embeddable":true,"href":"https:\/\/www.xn--tuksimaailm-ffb.ee\/fi\/wp-json\/wp\/v2\/product_brand?post=49625"},{"taxonomy":"product_cat","embeddable":true,"href":"https:\/\/www.xn--tuksimaailm-ffb.ee\/fi\/wp-json\/wp\/v2\/product_cat?post=49625"},{"taxonomy":"product_tag","embeddable":true,"href":"https:\/\/www.xn--tuksimaailm-ffb.ee\/fi\/wp-json\/wp\/v2\/product_tag?post=49625"},{"taxonomy":"filter_elektritoukeratas","embeddable":true,"href":"https:\/\/www.xn--tuksimaailm-ffb.ee\/fi\/wp-json\/wp\/v2\/filter_elektritoukeratas?post=49625"}],"curies":[{"name":"wp","href":"https:\/\/api.w.org\/{rel}","templated":true}]}}