{"id":49804,"date":"2022-07-02T11:10:56","date_gmt":"2022-07-02T11:10:56","guid":{"rendered":"http:\/\/www.xn--tuksimaailm-ffb.ee\/shop\/sahkoskootterin-vesivakuutus-takuulla\/"},"modified":"2022-07-02T11:10:56","modified_gmt":"2022-07-02T08:10:56","slug":"sahkoskootterin-vesivakuutus-takuulla","status":"publish","type":"product","link":"https:\/\/www.xn--tuksimaailm-ffb.ee\/fi\/shop\/sahkoskootterin-vesivakuutus-takuulla\/","title":{"rendered":"S\u00e4hk\u00f6skootterin vesivakuutus takuulla"},"content":{"rendered":"<p style=\"caret-color: #000000; color: #000000;\">S\u00e4hk\u00f6skootterin vedenpit\u00e4vyys takuulla - huolto Skootteri Maailman\u00a0<a><strong>korjaamolla<\/strong><\/a>. Tuote on tarkoitettu ostettavaksi\u00a0<a href=\"http:\/\/www.xn--tuksimaailm-ffb.ee\/tootekategooria\/elektritoukeratas\/\"><strong>uuden s\u00e4hk\u00f6skootterin<\/strong><\/a>\u00a0kanssa. Palvelun hintaan sis\u00e4ltyy skootterin vedenpit\u00e4v\u00e4ksi tekeminen ja se tarjoaa takuun, joka kattaa skootterin takuuaikana osat (esim. akku, moottorinohjain, n\u00e4ytt\u00f6), jotka ovat vaurioituneet skootterin runkoon tunkeutuneen nesteen vuoksi.<\/p>\n<p style=\"caret-color: #000000; color: #000000;\">Vedeneristystakuu on voimassa 2 vuotta. Vedeneristystakuu raukeaa, jos eritt\u00e4in laajamittaisen vesivahingon vuoksi koko vaurioitunut k\u00e4ytetty tuote vaihdetaan takuun puitteissa uuteen tuotteeseen.<\/p>\n","protected":false},"excerpt":{"rendered":"<p>S\u00e4hk\u00f6skootterin vedenpit\u00e4vyys takuulla - huolto Skootteri Maailman\u00a0korjaamolla. Tuote on tarkoitettu ostettavaksi\u00a0uuden s\u00e4hk\u00f6skootterin\u00a0kanssa. Palvelun hintaan sis\u00e4ltyy skootterin vedenpit\u00e4v\u00e4ksi tekeminen ja se tarjoaa takuun, joka kattaa skootterin takuuaikana osat (esim. akku, moottorinohjain, n\u00e4ytt\u00f6), jotka ovat vaurioituneet skootterin runkoon tunkeutuneen nesteen vuoksi. Vedeneristystakuu on voimassa 2 vuotta. Vedeneristystakuu raukeaa, jos eritt\u00e4in laajamittaisen vesivahingon &hellip;<\/p>\n","protected":false},"featured_media":63852,"template":"","meta":[],"product_brand":[],"product_cat":[1699],"product_tag":[],"filter_elektritoukeratas":[],"class_list":{"0":"post-49804","1":"product","2":"type-product","3":"status-publish","4":"has-post-thumbnail","6":"product_cat-palvelut","8":"first","9":"instock","10":"taxable","11":"shipping-taxable","12":"purchasable","13":"product-type-variable"},"yoast_head":"<!-- This site is optimized with the Yoast SEO Premium plugin v26.8 (Yoast SEO v27.5) - https:\/\/yoast.com\/product\/yoast-seo-premium-wordpress\/ -->\n<title>S\u00e4hk\u00f6skootterin vesivakuutus takuulla &#8212; T\u00f5uksimaailm<\/title>\n<meta name=\"description\" content=\"S\u00e4hk\u00f6skootterin vedenpit\u00e4vyys takuulla, huolto skootteri maailman korjaamossa. S\u00e4hk\u00f6skootteri Xiaomi, Segway Ninebot, Inokim, Vsett.\" \/>\n<meta name=\"robots\" content=\"index, follow, max-snippet:-1, max-image-preview:large, max-video-preview:-1\" \/>\n<link rel=\"canonical\" href=\"https:\/\/www.xn--tuksimaailm-ffb.ee\/fi\/shop\/sahkoskootterin-vesivakuutus-takuulla\/\" \/>\n<meta property=\"og:locale\" content=\"fi_FI\" \/>\n<meta property=\"og:type\" content=\"article\" \/>\n<meta property=\"og:title\" content=\"S\u00e4hk\u00f6skootterin vesivakuutus takuulla\" \/>\n<meta property=\"og:description\" content=\"S\u00e4hk\u00f6skootterin vedenpit\u00e4vyys takuulla, huolto skootteri maailman korjaamossa. S\u00e4hk\u00f6skootteri Xiaomi, Segway Ninebot, Inokim, Vsett.\" \/>\n<meta property=\"og:url\" content=\"https:\/\/www.xn--tuksimaailm-ffb.ee\/fi\/shop\/sahkoskootterin-vesivakuutus-takuulla\/\" \/>\n<meta property=\"og:site_name\" content=\"T\u00f5uksimaailm\" \/>\n<meta property=\"article:publisher\" content=\"https:\/\/www.facebook.com\/touksimaailm\/\" \/>\n<meta property=\"og:image\" content=\"https:\/\/www.xn--tuksimaailm-ffb.ee\/wp-content\/uploads\/2022\/02\/Type-1_Version-1_Black-1.png\" \/>\n\t<meta property=\"og:image:width\" content=\"1835\" \/>\n\t<meta property=\"og:image:height\" content=\"1195\" \/>\n\t<meta property=\"og:image:type\" content=\"image\/png\" \/>\n<meta name=\"twitter:card\" content=\"summary_large_image\" \/>\n<meta name=\"twitter:label1\" content=\"Saatavuus\" \/>\n\t<meta name=\"twitter:data1\" content=\"Varastossa\" \/>\n<meta property=\"og:availability\" content=\"instock\" \/>\n<meta property=\"product:availability\" content=\"instock\" \/>\n<meta property=\"product:condition\" content=\"new\" \/>\n<!-- \/ Yoast SEO Premium plugin. -->","yoast_head_json":{"title":"S\u00e4hk\u00f6skootterin vesivakuutus takuulla &#8212; T\u00f5uksimaailm","description":"S\u00e4hk\u00f6skootterin vedenpit\u00e4vyys takuulla, huolto skootteri maailman korjaamossa. S\u00e4hk\u00f6skootteri Xiaomi, Segway Ninebot, Inokim, Vsett.","robots":{"index":"index","follow":"follow","max-snippet":"max-snippet:-1","max-image-preview":"max-image-preview:large","max-video-preview":"max-video-preview:-1"},"canonical":"https:\/\/www.xn--tuksimaailm-ffb.ee\/fi\/shop\/sahkoskootterin-vesivakuutus-takuulla\/","og_locale":"fi_FI","og_type":"article","og_title":"S\u00e4hk\u00f6skootterin vesivakuutus takuulla","og_description":"S\u00e4hk\u00f6skootterin vedenpit\u00e4vyys takuulla, huolto skootteri maailman korjaamossa. S\u00e4hk\u00f6skootteri Xiaomi, Segway Ninebot, Inokim, Vsett.","og_url":"https:\/\/www.xn--tuksimaailm-ffb.ee\/fi\/shop\/sahkoskootterin-vesivakuutus-takuulla\/","og_site_name":"T\u00f5uksimaailm","article_publisher":"https:\/\/www.facebook.com\/touksimaailm\/","og_image":[{"width":1835,"height":1195,"url":"https:\/\/www.xn--tuksimaailm-ffb.ee\/wp-content\/uploads\/2022\/02\/Type-1_Version-1_Black-1.png","type":"image\/png"}],"twitter_card":"summary_large_image","twitter_misc":{"Saatavuus":"Varastossa"},"schema":{"@context":"https:\/\/schema.org","@graph":[{"@type":"WebPage","@id":"https:\/\/www.xn--tuksimaailm-ffb.ee\/fi\/shop\/sahkoskootterin-vesivakuutus-takuulla\/","url":"https:\/\/www.xn--tuksimaailm-ffb.ee\/fi\/shop\/sahkoskootterin-vesivakuutus-takuulla\/","name":"S\u00e4hk\u00f6skootterin vesivakuutus takuulla &#8212; T\u00f5uksimaailm","isPartOf":{"@id":"https:\/\/www.xn--tuksimaailm-ffb.ee\/fi\/#website"},"primaryImageOfPage":{"@id":"https:\/\/www.xn--tuksimaailm-ffb.ee\/fi\/shop\/sahkoskootterin-vesivakuutus-takuulla\/#primaryimage"},"image":{"@id":"https:\/\/www.xn--tuksimaailm-ffb.ee\/fi\/shop\/sahkoskootterin-vesivakuutus-takuulla\/#primaryimage"},"thumbnailUrl":"https:\/\/www.xn--tuksimaailm-ffb.ee\/wp-content\/uploads\/2022\/02\/Touksimaailm_logo_uus_12.png","datePublished":"2022-07-02T11:10:56+00:00","description":"S\u00e4hk\u00f6skootterin vedenpit\u00e4vyys takuulla, huolto skootteri maailman korjaamossa. S\u00e4hk\u00f6skootteri Xiaomi, Segway Ninebot, Inokim, Vsett.","breadcrumb":{"@id":"https:\/\/www.xn--tuksimaailm-ffb.ee\/fi\/shop\/sahkoskootterin-vesivakuutus-takuulla\/#breadcrumb"},"inLanguage":"fi","potentialAction":[{"@type":"ReadAction","target":["https:\/\/www.xn--tuksimaailm-ffb.ee\/fi\/shop\/sahkoskootterin-vesivakuutus-takuulla\/"]}]},{"@type":"ImageObject","inLanguage":"fi","@id":"https:\/\/www.xn--tuksimaailm-ffb.ee\/fi\/shop\/sahkoskootterin-vesivakuutus-takuulla\/#primaryimage","url":"https:\/\/www.xn--tuksimaailm-ffb.ee\/wp-content\/uploads\/2022\/02\/Touksimaailm_logo_uus_12.png","contentUrl":"https:\/\/www.xn--tuksimaailm-ffb.ee\/wp-content\/uploads\/2022\/02\/Touksimaailm_logo_uus_12.png","width":2050,"height":2547,"caption":"t\u00f5uksimaailm"},{"@type":"BreadcrumbList","@id":"https:\/\/www.xn--tuksimaailm-ffb.ee\/fi\/shop\/sahkoskootterin-vesivakuutus-takuulla\/#breadcrumb","itemListElement":[{"@type":"ListItem","position":1,"name":"Home","item":"https:\/\/www.xn--tuksimaailm-ffb.ee\/fi\/kotisivu\/"},{"@type":"ListItem","position":2,"name":"Kauppa","item":"https:\/\/www.xn--tuksimaailm-ffb.ee\/elektritoukerataste-pood\/"},{"@type":"ListItem","position":3,"name":"S\u00e4hk\u00f6skootterin vesivakuutus takuulla"}]},{"@type":"WebSite","@id":"https:\/\/www.xn--tuksimaailm-ffb.ee\/fi\/#website","url":"https:\/\/www.xn--tuksimaailm-ffb.ee\/fi\/","name":"T\u00f5uksimaailm","description":"Elektrit\u00f5ukerataste m\u00fc\u00fck, remont ja rent","publisher":{"@id":"https:\/\/www.xn--tuksimaailm-ffb.ee\/fi\/#organization"},"potentialAction":[{"@type":"SearchAction","target":{"@type":"EntryPoint","urlTemplate":"https:\/\/www.xn--tuksimaailm-ffb.ee\/fi\/?s={search_term_string}"},"query-input":{"@type":"PropertyValueSpecification","valueRequired":true,"valueName":"search_term_string"}}],"inLanguage":"fi"},{"@type":"Organization","@id":"https:\/\/www.xn--tuksimaailm-ffb.ee\/fi\/#organization","name":"T\u00f5uksimaailm","url":"https:\/\/www.xn--tuksimaailm-ffb.ee\/fi\/","logo":{"@type":"ImageObject","inLanguage":"fi","@id":"https:\/\/www.xn--tuksimaailm-ffb.ee\/fi\/#\/schema\/logo\/image\/","url":"https:\/\/www.xn--tuksimaailm-ffb.ee\/wp-content\/uploads\/2020\/01\/logoz-e1579792875517.png","contentUrl":"https:\/\/www.xn--tuksimaailm-ffb.ee\/wp-content\/uploads\/2020\/01\/logoz-e1579792875517.png","width":250,"height":250,"caption":"T\u00f5uksimaailm"},"image":{"@id":"https:\/\/www.xn--tuksimaailm-ffb.ee\/fi\/#\/schema\/logo\/image\/"},"sameAs":["https:\/\/www.facebook.com\/touksimaailm\/","https:\/\/www.instagram.com\/touksimaailm_\/","https:\/\/www.youtube.com\/channel\/UC18ml0EKIDLP1xGuQjFzcXQ"]}]},"og_availability":"instock","product_availability":"instock","product_condition":"new"},"jetpack_sharing_enabled":true,"_links":{"self":[{"href":"https:\/\/www.xn--tuksimaailm-ffb.ee\/fi\/wp-json\/wp\/v2\/product\/49804","targetHints":{"allow":["GET"]}}],"collection":[{"href":"https:\/\/www.xn--tuksimaailm-ffb.ee\/fi\/wp-json\/wp\/v2\/product"}],"about":[{"href":"https:\/\/www.xn--tuksimaailm-ffb.ee\/fi\/wp-json\/wp\/v2\/types\/product"}],"wp:featuredmedia":[{"embeddable":true,"href":"https:\/\/www.xn--tuksimaailm-ffb.ee\/fi\/wp-json\/wp\/v2\/media\/63852"}],"wp:attachment":[{"href":"https:\/\/www.xn--tuksimaailm-ffb.ee\/fi\/wp-json\/wp\/v2\/media?parent=49804"}],"wp:term":[{"taxonomy":"product_brand","embeddable":true,"href":"https:\/\/www.xn--tuksimaailm-ffb.ee\/fi\/wp-json\/wp\/v2\/product_brand?post=49804"},{"taxonomy":"product_cat","embeddable":true,"href":"https:\/\/www.xn--tuksimaailm-ffb.ee\/fi\/wp-json\/wp\/v2\/product_cat?post=49804"},{"taxonomy":"product_tag","embeddable":true,"href":"https:\/\/www.xn--tuksimaailm-ffb.ee\/fi\/wp-json\/wp\/v2\/product_tag?post=49804"},{"taxonomy":"filter_elektritoukeratas","embeddable":true,"href":"https:\/\/www.xn--tuksimaailm-ffb.ee\/fi\/wp-json\/wp\/v2\/filter_elektritoukeratas?post=49804"}],"curies":[{"name":"wp","href":"https:\/\/api.w.org\/{rel}","templated":true}]}}