{"id":49861,"date":"2022-02-07T17:14:10","date_gmt":"2022-02-07T15:14:10","guid":{"rendered":"http:\/\/www.xn--tuksimaailm-ffb.ee\/shop\/elektritoukeratta-hooldus-remonti-saatmine-kulleriga\/"},"modified":"2022-02-07T17:14:10","modified_gmt":"2022-02-07T14:14:10","slug":"elektritoukeratta-hooldus-remonti-saatmine-kulleriga","status":"publish","type":"product","link":"https:\/\/www.xn--tuksimaailm-ffb.ee\/fi\/shop\/elektritoukeratta-hooldus-remonti-saatmine-kulleriga\/","title":{"rendered":"Elektrit\u00f5ukeratta hooldus remonti saatmine kulleriga"},"content":{"rendered":"<p style=\"caret-color: #000000; color: #000000;\">L\u00e4het\u00e4 s\u00e4hk\u00f6skootteri huoltoon tai korjaukseen\u00a0<a><strong>ty\u00f6pajaan<\/strong><\/a>\u00a0Skootteri maailmassa . T\u00f5uksimaailm tarjoaa asiakkailleen palvelua, jossa j\u00e4rjest\u00e4mme korjaukseen l\u00e4hetett\u00e4v\u00e4n s\u00e4hk\u00f6potkulautan noutamisen asiakkaan ty\u00f6paikalta\/kotoa Tallinnan korjaamollemme. Sinun tarvitsee vain tilata tuote ja merkit\u00e4 sopiva noutoaika l\u00e4hetykselle (aikaisintaan seuraavana arkip\u00e4iv\u00e4n\u00e4) tilauksen tietosivun \u201dHuomautuksia tilauksesta (vapaaehtoinen)\u201d -kentt\u00e4\u00e4n. Jos laatikko on tyhj\u00e4, tilaamme kuriirin seuraavaksi arkip\u00e4iv\u00e4ksi ja ilmoitamme kellonajan klo 9:00 ja 18:00 v\u00e4liseksi ajaksi.<\/p>\n<p style=\"caret-color: #000000; color: #000000;\">Kuriiri soittaa etuk\u00e4teen koordinoidakseen tarkemman noutoajan. S\u00e4hk\u00f6potkulautan painosta riippuen tuotteen hinta pakkauksineen on\u00a0<strong>10\u20ac - 25\u20ac<\/strong>, plus\u00a0<strong>9,50\u20ac<\/strong>\u00a0(\u00a0<strong>DPD-kuriiri<\/strong>)\u00a0<strong>.<\/strong>\u00a0Hinta ei sis\u00e4ll\u00e4 s\u00e4hk\u00f6potkulaudan palautuskuluja. Palautuksen postikulut ovat 9,50\u20ac, jotka lis\u00e4t\u00e4\u00e4n skootterin korjauslaskuun. Yli 100\u20ac:n korjauslaskuissa palautus on maksuton.<\/p>\n<p style=\"caret-color: #000000; color: #000000;\"><strong>HUOMAUTUS<\/strong>: S\u00e4hk\u00f6skootterin on oltava pakkauksessaan (mieluiten alkuper\u00e4ispakkauksessa). Jos pakkaus puuttuu, skootterin pakkaamisesta veloitetaan korjaamon tuntihinnan mukaan. Jos sinulla ei ole alkuper\u00e4ist\u00e4 pakkausta, voit ostaa meilt\u00e4 uuden pakkauksen\u00a0<strong>10 sentill\u00e4<\/strong>\u00a0-\u00a0<a href=\"http:\/\/www.xn--tuksimaailm-ffb.ee\/shop\/transpordikast-elektritoukerattale-elektritoukeratas-kast\/\"><strong>skootterin kuljetuskustannukset<\/strong><\/a>.<\/p>\n<p>Muista liitt\u00e4\u00e4 yhteystietosi ja kuvaus s\u00e4hk\u00f6moposta paperille s\u00e4hk\u00f6mopon pakkaukseen - t\u00e4m\u00e4 auttaa meit\u00e4 tunnistamaan sen sinun s\u00e4hk\u00f6mopoksesi. Otamme sinuun yhteytt\u00e4 sopiaksemme ty\u00f6n kustannuksista ennen ty\u00f6n aloittamista.<\/p>\n","protected":false},"excerpt":{"rendered":"<p style=\"caret-color: #000000; color: #000000;\"><strong>HUOMAUTUS<\/strong>: S\u00e4hk\u00f6potkulauta on viet\u00e4v\u00e4 korjaamoon korjaamolle\u00a0<strong>paperikopiona<\/strong>\u00a0vian kuvauksesta ja\/tai korjaustarpeiden luettelosta. Emme dokumentoi mit\u00e4\u00e4n s\u00e4hk\u00f6postitse, puhelimitse tai verkkokauppatilauksen kuvauksessa l\u00e4hetettyj\u00e4 tietoja ennen kuin skootteri saapuu korjaamolle, ja on hyvin todenn\u00e4k\u00f6ist\u00e4, ett\u00e4 n\u00e4it\u00e4 kanavia pitkin l\u00e4hetettyj\u00e4 pyynt\u00f6j\u00e4 ei oteta huomioon ty\u00f6t\u00e4 hyv\u00e4ksytt\u00e4ess\u00e4.<\/p>\n<p><strong style=\"caret-color: #000000; color: #000000;\">S\u00e4hk\u00f6k\u00e4ytt\u00f6iset skootterit on pakattava.<\/strong><span style=\"caret-color: #000000; color: #000000;\">\u00a0<\/span><span style=\"caret-color: #000000; color: #000000;\">Kuriirilla on oikeus kielt\u00e4yty\u00e4 hakemasta skootteria ilman pakkausta. Jos sinulla ei ole pakkausta skootterin l\u00e4hett\u00e4miseksi korjaukseen, voit tilata sen meilt\u00e4 -<\/span><span style=\"caret-color: #000000; color: #000000;\">\u00a0<\/span><a style=\"caret-color: #000000;\" href=\"http:\/\/www.xn--tuksimaailm-ffb.ee\/shop\/transpordikast-elektritoukerattale-elektritoukeratas-kast\/\"><strong>skootterin kuljetuslaatikosta<\/strong><\/a><strong style=\"caret-color: #000000; color: #000000;\">.<\/strong><\/p>\n<p style=\"caret-color: #000000; color: #000000;\"><strong>Kun laatikko on toimitettu kotiisi ja skootteri on pakattu, voit tilata skootterin korjauksen erikseen.<\/strong><\/p>\n","protected":false},"featured_media":63852,"template":"","meta":[],"product_brand":[],"product_cat":[1699],"product_tag":[],"filter_elektritoukeratas":[],"class_list":{"0":"post-49861","1":"product","2":"type-product","3":"status-publish","4":"has-post-thumbnail","6":"product_cat-palvelut","8":"first","9":"instock","10":"taxable","11":"shipping-taxable","12":"purchasable","13":"product-type-variable"},"yoast_head":"<!-- This site is optimized with the Yoast SEO Premium plugin v26.8 (Yoast SEO v27.3) - https:\/\/yoast.com\/product\/yoast-seo-premium-wordpress\/ -->\n<title>Elektrit\u00f5ukeratta hooldus remonti saatmine kulleriga | T\u00f5uksimaailm<\/title>\n<meta name=\"description\" content=\"S\u00e4hk\u00f6mopon l\u00e4hett\u00e4minen huoltoon\/korjaukseen ty\u00f6pajalle Skootteri maailmassa. Nopea ja helppo kuriirin noutopalvelu.\" \/>\n<meta name=\"robots\" content=\"index, follow, max-snippet:-1, max-image-preview:large, max-video-preview:-1\" \/>\n<link rel=\"canonical\" href=\"https:\/\/www.xn--tuksimaailm-ffb.ee\/fi\/shop\/elektritoukeratta-hooldus-remonti-saatmine-kulleriga\/\" \/>\n<meta property=\"og:locale\" content=\"fi_FI\" \/>\n<meta property=\"og:type\" content=\"article\" \/>\n<meta property=\"og:title\" content=\"Elektrit\u00f5ukeratta hooldus remonti saatmine kulleriga\" \/>\n<meta property=\"og:description\" content=\"S\u00e4hk\u00f6mopon l\u00e4hett\u00e4minen huoltoon\/korjaukseen ty\u00f6pajalle Skootteri maailmassa. Nopea ja helppo kuriirin noutopalvelu.\" \/>\n<meta property=\"og:url\" content=\"https:\/\/www.xn--tuksimaailm-ffb.ee\/fi\/shop\/elektritoukeratta-hooldus-remonti-saatmine-kulleriga\/\" \/>\n<meta property=\"og:site_name\" content=\"T\u00f5uksimaailm\" \/>\n<meta property=\"article:publisher\" content=\"https:\/\/www.facebook.com\/touksimaailm\/\" \/>\n<meta property=\"og:image\" content=\"https:\/\/www.xn--tuksimaailm-ffb.ee\/wp-content\/uploads\/2022\/02\/Type-1_Version-1_Black-1.png\" \/>\n\t<meta property=\"og:image:width\" content=\"1835\" \/>\n\t<meta property=\"og:image:height\" content=\"1195\" \/>\n\t<meta property=\"og:image:type\" content=\"image\/png\" \/>\n<meta name=\"twitter:card\" content=\"summary_large_image\" \/>\n<meta name=\"twitter:label1\" content=\"Saatavuus\" \/>\n\t<meta name=\"twitter:data1\" content=\"Varastossa\" \/>\n<meta property=\"og:availability\" content=\"instock\" \/>\n<meta property=\"product:availability\" content=\"instock\" \/>\n<meta property=\"product:condition\" content=\"new\" \/>\n<!-- \/ Yoast SEO Premium plugin. -->","yoast_head_json":{"title":"Elektrit\u00f5ukeratta hooldus remonti saatmine kulleriga | T\u00f5uksimaailm","description":"S\u00e4hk\u00f6mopon l\u00e4hett\u00e4minen huoltoon\/korjaukseen ty\u00f6pajalle Skootteri maailmassa. Nopea ja helppo kuriirin noutopalvelu.","robots":{"index":"index","follow":"follow","max-snippet":"max-snippet:-1","max-image-preview":"max-image-preview:large","max-video-preview":"max-video-preview:-1"},"canonical":"https:\/\/www.xn--tuksimaailm-ffb.ee\/fi\/shop\/elektritoukeratta-hooldus-remonti-saatmine-kulleriga\/","og_locale":"fi_FI","og_type":"article","og_title":"Elektrit\u00f5ukeratta hooldus remonti saatmine kulleriga","og_description":"S\u00e4hk\u00f6mopon l\u00e4hett\u00e4minen huoltoon\/korjaukseen ty\u00f6pajalle Skootteri maailmassa. Nopea ja helppo kuriirin noutopalvelu.","og_url":"https:\/\/www.xn--tuksimaailm-ffb.ee\/fi\/shop\/elektritoukeratta-hooldus-remonti-saatmine-kulleriga\/","og_site_name":"T\u00f5uksimaailm","article_publisher":"https:\/\/www.facebook.com\/touksimaailm\/","og_image":[{"width":1835,"height":1195,"url":"https:\/\/www.xn--tuksimaailm-ffb.ee\/wp-content\/uploads\/2022\/02\/Type-1_Version-1_Black-1.png","type":"image\/png"}],"twitter_card":"summary_large_image","twitter_misc":{"Saatavuus":"Varastossa"},"schema":{"@context":"https:\/\/schema.org","@graph":[{"@type":"WebPage","@id":"https:\/\/www.xn--tuksimaailm-ffb.ee\/fi\/shop\/elektritoukeratta-hooldus-remonti-saatmine-kulleriga\/","url":"https:\/\/www.xn--tuksimaailm-ffb.ee\/fi\/shop\/elektritoukeratta-hooldus-remonti-saatmine-kulleriga\/","name":"Elektrit\u00f5ukeratta hooldus remonti saatmine kulleriga | T\u00f5uksimaailm","isPartOf":{"@id":"https:\/\/www.xn--tuksimaailm-ffb.ee\/fi\/#website"},"primaryImageOfPage":{"@id":"https:\/\/www.xn--tuksimaailm-ffb.ee\/fi\/shop\/elektritoukeratta-hooldus-remonti-saatmine-kulleriga\/#primaryimage"},"image":{"@id":"https:\/\/www.xn--tuksimaailm-ffb.ee\/fi\/shop\/elektritoukeratta-hooldus-remonti-saatmine-kulleriga\/#primaryimage"},"thumbnailUrl":"https:\/\/www.xn--tuksimaailm-ffb.ee\/wp-content\/uploads\/2022\/02\/Touksimaailm_logo_uus_12.png","datePublished":"2022-02-07T15:14:10+00:00","description":"S\u00e4hk\u00f6mopon l\u00e4hett\u00e4minen huoltoon\/korjaukseen ty\u00f6pajalle Skootteri maailmassa. Nopea ja helppo kuriirin noutopalvelu.","breadcrumb":{"@id":"https:\/\/www.xn--tuksimaailm-ffb.ee\/fi\/shop\/elektritoukeratta-hooldus-remonti-saatmine-kulleriga\/#breadcrumb"},"inLanguage":"fi","potentialAction":[{"@type":"ReadAction","target":["https:\/\/www.xn--tuksimaailm-ffb.ee\/fi\/shop\/elektritoukeratta-hooldus-remonti-saatmine-kulleriga\/"]}]},{"@type":"ImageObject","inLanguage":"fi","@id":"https:\/\/www.xn--tuksimaailm-ffb.ee\/fi\/shop\/elektritoukeratta-hooldus-remonti-saatmine-kulleriga\/#primaryimage","url":"https:\/\/www.xn--tuksimaailm-ffb.ee\/wp-content\/uploads\/2022\/02\/Touksimaailm_logo_uus_12.png","contentUrl":"https:\/\/www.xn--tuksimaailm-ffb.ee\/wp-content\/uploads\/2022\/02\/Touksimaailm_logo_uus_12.png","width":2050,"height":2547,"caption":"t\u00f5uksimaailm"},{"@type":"BreadcrumbList","@id":"https:\/\/www.xn--tuksimaailm-ffb.ee\/fi\/shop\/elektritoukeratta-hooldus-remonti-saatmine-kulleriga\/#breadcrumb","itemListElement":[{"@type":"ListItem","position":1,"name":"Home","item":"https:\/\/www.xn--tuksimaailm-ffb.ee\/fi\/kotisivu\/"},{"@type":"ListItem","position":2,"name":"Kauppa","item":"https:\/\/www.xn--tuksimaailm-ffb.ee\/elektritoukerataste-pood\/"},{"@type":"ListItem","position":3,"name":"Elektrit\u00f5ukeratta hooldus remonti saatmine kulleriga"}]},{"@type":"WebSite","@id":"https:\/\/www.xn--tuksimaailm-ffb.ee\/fi\/#website","url":"https:\/\/www.xn--tuksimaailm-ffb.ee\/fi\/","name":"T\u00f5uksimaailm","description":"Elektrit\u00f5ukerataste m\u00fc\u00fck, remont ja rent","publisher":{"@id":"https:\/\/www.xn--tuksimaailm-ffb.ee\/fi\/#organization"},"potentialAction":[{"@type":"SearchAction","target":{"@type":"EntryPoint","urlTemplate":"https:\/\/www.xn--tuksimaailm-ffb.ee\/fi\/?s={search_term_string}"},"query-input":{"@type":"PropertyValueSpecification","valueRequired":true,"valueName":"search_term_string"}}],"inLanguage":"fi"},{"@type":"Organization","@id":"https:\/\/www.xn--tuksimaailm-ffb.ee\/fi\/#organization","name":"T\u00f5uksimaailm","url":"https:\/\/www.xn--tuksimaailm-ffb.ee\/fi\/","logo":{"@type":"ImageObject","inLanguage":"fi","@id":"https:\/\/www.xn--tuksimaailm-ffb.ee\/fi\/#\/schema\/logo\/image\/","url":"https:\/\/www.xn--tuksimaailm-ffb.ee\/wp-content\/uploads\/2020\/01\/logoz-e1579792875517.png","contentUrl":"https:\/\/www.xn--tuksimaailm-ffb.ee\/wp-content\/uploads\/2020\/01\/logoz-e1579792875517.png","width":250,"height":250,"caption":"T\u00f5uksimaailm"},"image":{"@id":"https:\/\/www.xn--tuksimaailm-ffb.ee\/fi\/#\/schema\/logo\/image\/"},"sameAs":["https:\/\/www.facebook.com\/touksimaailm\/","https:\/\/www.instagram.com\/touksimaailm_\/","https:\/\/www.youtube.com\/channel\/UC18ml0EKIDLP1xGuQjFzcXQ"]}]},"og_availability":"instock","product_availability":"instock","product_condition":"new"},"jetpack_sharing_enabled":true,"_links":{"self":[{"href":"https:\/\/www.xn--tuksimaailm-ffb.ee\/fi\/wp-json\/wp\/v2\/product\/49861","targetHints":{"allow":["GET"]}}],"collection":[{"href":"https:\/\/www.xn--tuksimaailm-ffb.ee\/fi\/wp-json\/wp\/v2\/product"}],"about":[{"href":"https:\/\/www.xn--tuksimaailm-ffb.ee\/fi\/wp-json\/wp\/v2\/types\/product"}],"wp:featuredmedia":[{"embeddable":true,"href":"https:\/\/www.xn--tuksimaailm-ffb.ee\/fi\/wp-json\/wp\/v2\/media\/63852"}],"wp:attachment":[{"href":"https:\/\/www.xn--tuksimaailm-ffb.ee\/fi\/wp-json\/wp\/v2\/media?parent=49861"}],"wp:term":[{"taxonomy":"product_brand","embeddable":true,"href":"https:\/\/www.xn--tuksimaailm-ffb.ee\/fi\/wp-json\/wp\/v2\/product_brand?post=49861"},{"taxonomy":"product_cat","embeddable":true,"href":"https:\/\/www.xn--tuksimaailm-ffb.ee\/fi\/wp-json\/wp\/v2\/product_cat?post=49861"},{"taxonomy":"product_tag","embeddable":true,"href":"https:\/\/www.xn--tuksimaailm-ffb.ee\/fi\/wp-json\/wp\/v2\/product_tag?post=49861"},{"taxonomy":"filter_elektritoukeratas","embeddable":true,"href":"https:\/\/www.xn--tuksimaailm-ffb.ee\/fi\/wp-json\/wp\/v2\/filter_elektritoukeratas?post=49861"}],"curies":[{"name":"wp","href":"https:\/\/api.w.org\/{rel}","templated":true}]}}