{"id":49934,"date":"2022-01-28T16:41:31","date_gmt":"2022-01-28T14:41:31","guid":{"rendered":"http:\/\/www.xn--tuksimaailm-ffb.ee\/shop\/nami-sahkoskootteri-lisatakuu-1-vuosi\/"},"modified":"2022-01-28T16:41:31","modified_gmt":"2022-01-28T13:41:31","slug":"nami-sahkoskootteri-lisatakuu-1-vuosi","status":"publish","type":"product","link":"https:\/\/www.xn--tuksimaailm-ffb.ee\/fi\/shop\/nami-sahkoskootteri-lisatakuu-1-vuosi\/","title":{"rendered":"Nami s\u00e4hk\u00f6skootteri lis\u00e4takuu - 1 vuosi"},"content":{"rendered":"<p style=\"caret-color: #000000; color: #000000;\">Yummy-s\u00e4hk\u00f6skootterin lis\u00e4takuu - 1 vuosi. Tuote on tarkoitettu ostettavaksi\u00a0<a href=\"http:\/\/www.xn--tuksimaailm-ffb.ee\/tootekategooria\/elektritoukeratas\/\"><strong>uuden s\u00e4hk\u00f6skootterin<\/strong><\/a>\u00a0kanssa. Jos haluat ostaa lis\u00e4takuun, valitse mallin nimi yll\u00e4 olevasta pudotusvalikosta ja lis\u00e4\u00e4 tuote skootterin kanssa ostoskoriin. Kun tuote ostetaan uuden s\u00e4hk\u00f6skootterin kanssa, s\u00e4hk\u00f6skootterilla on 1 vuoden lis\u00e4takuu. T\u00e4m\u00e4 on voimassa olevan 2 vuoden (yksityisasiakas) tai 1 vuoden (yritysasiakas\/yritys) oston j\u00e4lkeisen takuun lis\u00e4ksi.<\/p>\n","protected":false},"excerpt":{"rendered":"<p>Jos haluat ostaa lis\u00e4takuun, valitse mallin nimi alla olevasta pudotusvalikosta ja lis\u00e4\u00e4 tuote skootterin kanssa ostoskoriin.<\/p>\n","protected":false},"featured_media":63852,"template":"","meta":[],"product_brand":[],"product_cat":[1699],"product_tag":[],"filter_elektritoukeratas":[],"class_list":{"0":"post-49934","1":"product","2":"type-product","3":"status-publish","4":"has-post-thumbnail","6":"product_cat-palvelut","7":"pa_nami-elektritoukeratas-nami-blast-fi","8":"pa_nami-elektritoukeratas-nami-blast-max-fi","9":"pa_nami-elektritoukeratas-nami-burn-e-28ah-fi","10":"pa_nami-elektritoukeratas-nami-burn-e-3-max-fi","11":"pa_nami-elektritoukeratas-nami-burn-e-viper-32ah-fi","12":"pa_nami-elektritoukeratas-nami-klima-fi","13":"pa_nami-elektritoukeratas-nami-klima-max-fi","15":"first","16":"instock","17":"taxable","18":"shipping-taxable","19":"purchasable","20":"product-type-variable"},"yoast_head":"<!-- This site is optimized with the Yoast SEO Premium plugin v26.8 (Yoast SEO v27.3) - https:\/\/yoast.com\/product\/yoast-seo-premium-wordpress\/ -->\n<title>Nami s\u00e4hk\u00f6skootteri lis\u00e4takuu - 1 vuosi &#8212; T\u00f5uksimaailm<\/title>\n<meta name=\"description\" content=\"Nami s\u00e4hk\u00f6skootteri lis\u00e4takuu. S\u00e4hk\u00f6skootteri Nami Burn-E Viper 28Ah ja 32Ah Nami Blast.\" \/>\n<meta name=\"robots\" content=\"index, follow, max-snippet:-1, max-image-preview:large, max-video-preview:-1\" \/>\n<link rel=\"canonical\" href=\"https:\/\/www.xn--tuksimaailm-ffb.ee\/fi\/shop\/nami-sahkoskootteri-lisatakuu-1-vuosi\/\" \/>\n<meta property=\"og:locale\" content=\"fi_FI\" \/>\n<meta property=\"og:type\" content=\"article\" \/>\n<meta property=\"og:title\" content=\"Nami s\u00e4hk\u00f6skootteri lis\u00e4takuu - 1 vuosi\" \/>\n<meta property=\"og:description\" content=\"Nami s\u00e4hk\u00f6skootteri lis\u00e4takuu. S\u00e4hk\u00f6skootteri Nami Burn-E Viper 28Ah ja 32Ah Nami Blast.\" \/>\n<meta property=\"og:url\" content=\"https:\/\/www.xn--tuksimaailm-ffb.ee\/fi\/shop\/nami-sahkoskootteri-lisatakuu-1-vuosi\/\" \/>\n<meta property=\"og:site_name\" content=\"T\u00f5uksimaailm\" \/>\n<meta property=\"article:publisher\" content=\"https:\/\/www.facebook.com\/touksimaailm\/\" \/>\n<meta property=\"og:image\" content=\"https:\/\/www.xn--tuksimaailm-ffb.ee\/wp-content\/uploads\/2022\/02\/Type-1_Version-1_Black-1.png\" \/>\n\t<meta property=\"og:image:width\" content=\"1835\" \/>\n\t<meta property=\"og:image:height\" content=\"1195\" \/>\n\t<meta property=\"og:image:type\" content=\"image\/png\" \/>\n<meta name=\"twitter:card\" content=\"summary_large_image\" \/>\n<meta name=\"twitter:label1\" content=\"Saatavuus\" \/>\n\t<meta name=\"twitter:data1\" content=\"Varastossa\" \/>\n<meta property=\"og:availability\" content=\"instock\" \/>\n<meta property=\"product:availability\" content=\"instock\" \/>\n<meta property=\"product:condition\" content=\"new\" \/>\n<!-- \/ Yoast SEO Premium plugin. -->","yoast_head_json":{"title":"Nami s\u00e4hk\u00f6skootteri lis\u00e4takuu - 1 vuosi &#8212; T\u00f5uksimaailm","description":"Nami s\u00e4hk\u00f6skootteri lis\u00e4takuu. S\u00e4hk\u00f6skootteri Nami Burn-E Viper 28Ah ja 32Ah Nami Blast.","robots":{"index":"index","follow":"follow","max-snippet":"max-snippet:-1","max-image-preview":"max-image-preview:large","max-video-preview":"max-video-preview:-1"},"canonical":"https:\/\/www.xn--tuksimaailm-ffb.ee\/fi\/shop\/nami-sahkoskootteri-lisatakuu-1-vuosi\/","og_locale":"fi_FI","og_type":"article","og_title":"Nami s\u00e4hk\u00f6skootteri lis\u00e4takuu - 1 vuosi","og_description":"Nami s\u00e4hk\u00f6skootteri lis\u00e4takuu. S\u00e4hk\u00f6skootteri Nami Burn-E Viper 28Ah ja 32Ah Nami Blast.","og_url":"https:\/\/www.xn--tuksimaailm-ffb.ee\/fi\/shop\/nami-sahkoskootteri-lisatakuu-1-vuosi\/","og_site_name":"T\u00f5uksimaailm","article_publisher":"https:\/\/www.facebook.com\/touksimaailm\/","og_image":[{"width":1835,"height":1195,"url":"https:\/\/www.xn--tuksimaailm-ffb.ee\/wp-content\/uploads\/2022\/02\/Type-1_Version-1_Black-1.png","type":"image\/png"}],"twitter_card":"summary_large_image","twitter_misc":{"Saatavuus":"Varastossa"},"schema":{"@context":"https:\/\/schema.org","@graph":[{"@type":"WebPage","@id":"https:\/\/www.xn--tuksimaailm-ffb.ee\/fi\/shop\/nami-sahkoskootteri-lisatakuu-1-vuosi\/","url":"https:\/\/www.xn--tuksimaailm-ffb.ee\/fi\/shop\/nami-sahkoskootteri-lisatakuu-1-vuosi\/","name":"Nami s\u00e4hk\u00f6skootteri lis\u00e4takuu - 1 vuosi &#8212; T\u00f5uksimaailm","isPartOf":{"@id":"https:\/\/www.xn--tuksimaailm-ffb.ee\/fi\/#website"},"primaryImageOfPage":{"@id":"https:\/\/www.xn--tuksimaailm-ffb.ee\/fi\/shop\/nami-sahkoskootteri-lisatakuu-1-vuosi\/#primaryimage"},"image":{"@id":"https:\/\/www.xn--tuksimaailm-ffb.ee\/fi\/shop\/nami-sahkoskootteri-lisatakuu-1-vuosi\/#primaryimage"},"thumbnailUrl":"https:\/\/www.xn--tuksimaailm-ffb.ee\/wp-content\/uploads\/2022\/02\/Touksimaailm_logo_uus_12.png","datePublished":"2022-01-28T14:41:31+00:00","description":"Nami s\u00e4hk\u00f6skootteri lis\u00e4takuu. S\u00e4hk\u00f6skootteri Nami Burn-E Viper 28Ah ja 32Ah Nami Blast.","breadcrumb":{"@id":"https:\/\/www.xn--tuksimaailm-ffb.ee\/fi\/shop\/nami-sahkoskootteri-lisatakuu-1-vuosi\/#breadcrumb"},"inLanguage":"fi","potentialAction":[{"@type":"ReadAction","target":["https:\/\/www.xn--tuksimaailm-ffb.ee\/fi\/shop\/nami-sahkoskootteri-lisatakuu-1-vuosi\/"]}]},{"@type":"ImageObject","inLanguage":"fi","@id":"https:\/\/www.xn--tuksimaailm-ffb.ee\/fi\/shop\/nami-sahkoskootteri-lisatakuu-1-vuosi\/#primaryimage","url":"https:\/\/www.xn--tuksimaailm-ffb.ee\/wp-content\/uploads\/2022\/02\/Touksimaailm_logo_uus_12.png","contentUrl":"https:\/\/www.xn--tuksimaailm-ffb.ee\/wp-content\/uploads\/2022\/02\/Touksimaailm_logo_uus_12.png","width":2050,"height":2547,"caption":"t\u00f5uksimaailm"},{"@type":"BreadcrumbList","@id":"https:\/\/www.xn--tuksimaailm-ffb.ee\/fi\/shop\/nami-sahkoskootteri-lisatakuu-1-vuosi\/#breadcrumb","itemListElement":[{"@type":"ListItem","position":1,"name":"Home","item":"https:\/\/www.xn--tuksimaailm-ffb.ee\/fi\/kotisivu\/"},{"@type":"ListItem","position":2,"name":"Kauppa","item":"https:\/\/www.xn--tuksimaailm-ffb.ee\/elektritoukerataste-pood\/"},{"@type":"ListItem","position":3,"name":"Nami s\u00e4hk\u00f6skootteri lis\u00e4takuu - 1 vuosi"}]},{"@type":"WebSite","@id":"https:\/\/www.xn--tuksimaailm-ffb.ee\/fi\/#website","url":"https:\/\/www.xn--tuksimaailm-ffb.ee\/fi\/","name":"T\u00f5uksimaailm","description":"Elektrit\u00f5ukerataste m\u00fc\u00fck, remont ja rent","publisher":{"@id":"https:\/\/www.xn--tuksimaailm-ffb.ee\/fi\/#organization"},"potentialAction":[{"@type":"SearchAction","target":{"@type":"EntryPoint","urlTemplate":"https:\/\/www.xn--tuksimaailm-ffb.ee\/fi\/?s={search_term_string}"},"query-input":{"@type":"PropertyValueSpecification","valueRequired":true,"valueName":"search_term_string"}}],"inLanguage":"fi"},{"@type":"Organization","@id":"https:\/\/www.xn--tuksimaailm-ffb.ee\/fi\/#organization","name":"T\u00f5uksimaailm","url":"https:\/\/www.xn--tuksimaailm-ffb.ee\/fi\/","logo":{"@type":"ImageObject","inLanguage":"fi","@id":"https:\/\/www.xn--tuksimaailm-ffb.ee\/fi\/#\/schema\/logo\/image\/","url":"https:\/\/www.xn--tuksimaailm-ffb.ee\/wp-content\/uploads\/2020\/01\/logoz-e1579792875517.png","contentUrl":"https:\/\/www.xn--tuksimaailm-ffb.ee\/wp-content\/uploads\/2020\/01\/logoz-e1579792875517.png","width":250,"height":250,"caption":"T\u00f5uksimaailm"},"image":{"@id":"https:\/\/www.xn--tuksimaailm-ffb.ee\/fi\/#\/schema\/logo\/image\/"},"sameAs":["https:\/\/www.facebook.com\/touksimaailm\/","https:\/\/www.instagram.com\/touksimaailm_\/","https:\/\/www.youtube.com\/channel\/UC18ml0EKIDLP1xGuQjFzcXQ"]}]},"og_availability":"instock","product_availability":"instock","product_condition":"new"},"jetpack_sharing_enabled":true,"_links":{"self":[{"href":"https:\/\/www.xn--tuksimaailm-ffb.ee\/fi\/wp-json\/wp\/v2\/product\/49934","targetHints":{"allow":["GET"]}}],"collection":[{"href":"https:\/\/www.xn--tuksimaailm-ffb.ee\/fi\/wp-json\/wp\/v2\/product"}],"about":[{"href":"https:\/\/www.xn--tuksimaailm-ffb.ee\/fi\/wp-json\/wp\/v2\/types\/product"}],"wp:featuredmedia":[{"embeddable":true,"href":"https:\/\/www.xn--tuksimaailm-ffb.ee\/fi\/wp-json\/wp\/v2\/media\/63852"}],"wp:attachment":[{"href":"https:\/\/www.xn--tuksimaailm-ffb.ee\/fi\/wp-json\/wp\/v2\/media?parent=49934"}],"wp:term":[{"taxonomy":"product_brand","embeddable":true,"href":"https:\/\/www.xn--tuksimaailm-ffb.ee\/fi\/wp-json\/wp\/v2\/product_brand?post=49934"},{"taxonomy":"product_cat","embeddable":true,"href":"https:\/\/www.xn--tuksimaailm-ffb.ee\/fi\/wp-json\/wp\/v2\/product_cat?post=49934"},{"taxonomy":"product_tag","embeddable":true,"href":"https:\/\/www.xn--tuksimaailm-ffb.ee\/fi\/wp-json\/wp\/v2\/product_tag?post=49934"},{"taxonomy":"filter_elektritoukeratas","embeddable":true,"href":"https:\/\/www.xn--tuksimaailm-ffb.ee\/fi\/wp-json\/wp\/v2\/filter_elektritoukeratas?post=49934"}],"curies":[{"name":"wp","href":"https:\/\/api.w.org\/{rel}","templated":true}]}}