{"id":50018,"date":"2023-01-21T12:24:37","date_gmt":"2023-01-21T10:24:37","guid":{"rendered":"http:\/\/www.xn--tuksimaailm-ffb.ee\/shop\/stans-no-tubes-tubeless-renkaiden-putkittomuuden-estoaine\/"},"modified":"2023-01-21T12:24:37","modified_gmt":"2023-01-21T09:24:37","slug":"stans-no-tubes-tubeless-renkaiden-putkittomuuden-estoaine","status":"publish","type":"product","link":"https:\/\/www.xn--tuksimaailm-ffb.ee\/fi\/shop\/stans-no-tubes-tubeless-renkaiden-putkittomuuden-estoaine\/","title":{"rendered":"Stans No Tubes Tubeless renkaiden putkittomuuden estoaine"},"content":{"rendered":"<p>Stans No Tubes -merkkinen letkuton (ilman sis\u00e4kumia) renkaan putkistonestoaine \/ renkaan lohkeilun est\u00e4v\u00e4 rengastiiviste. Pullon tilavuus on 59ml. Soveltuu sek\u00e4 jo tapahtuneiden puhkeamien neutralointiin ett\u00e4 uusien puhkeamien est\u00e4miseen. Soveltuu my\u00f6s tubeless-muunnoksiin. Soveltuu s\u00e4hk\u00f6skoottereille, s\u00e4hk\u00f6py\u00f6rille ja polkupy\u00f6rille.<\/p>\n","protected":false},"excerpt":{"rendered":"<p>Stans No Tubes -merkkinen letkuton (ilman sis\u00e4kumia) renkaan putkistonestoaine \/ renkaan lohkeilun est\u00e4v\u00e4 rengastiiviste. Pullon tilavuus on 59ml. Soveltuu sek\u00e4 jo tapahtuneiden puhkeamien neutralointiin ett\u00e4 uusien puhkeamien est\u00e4miseen. Soveltuu my\u00f6s tubeless-muunnoksiin. Soveltuu s\u00e4hk\u00f6skoottereille, s\u00e4hk\u00f6py\u00f6rille ja polkupy\u00f6rille.<\/p>\n","protected":false},"featured_media":28847,"template":"","meta":[],"product_brand":[],"product_cat":[2949],"product_tag":[],"filter_elektritoukeratas":[],"class_list":{"0":"post-50018","1":"product","2":"type-product","3":"status-publish","4":"has-post-thumbnail","6":"product_cat-tyokalut-ja-tarvikkeet","7":"pa_tootetuup-tyokalut-ja-tarvikkeet","9":"first","10":"instock","11":"taxable","12":"shipping-taxable","13":"purchasable","14":"product-type-simple"},"yoast_head":"<!-- This site is optimized with the Yoast SEO Premium plugin v26.8 (Yoast SEO v27.5) - https:\/\/yoast.com\/product\/yoast-seo-premium-wordpress\/ -->\n<title>Stans No Tubes Tubeless renkaiden putkittomuuden estoaine | T\u00f5uksimaailm<\/title>\n<meta name=\"description\" content=\"Renkaiden lohkeilunestoaine, 240ml. Neutralisoi puhkeamisia ja est\u00e4\u00e4 uusien puhkeamisten syntymist\u00e4.\" \/>\n<meta name=\"robots\" content=\"index, follow, max-snippet:-1, max-image-preview:large, max-video-preview:-1\" \/>\n<link rel=\"canonical\" href=\"https:\/\/www.xn--tuksimaailm-ffb.ee\/fi\/shop\/stans-no-tubes-tubeless-renkaiden-putkittomuuden-estoaine\/\" \/>\n<meta property=\"og:locale\" content=\"fi_FI\" \/>\n<meta property=\"og:type\" content=\"article\" \/>\n<meta property=\"og:title\" content=\"Stans No Tubes Tubeless renkaiden putkittomuuden estoaine\" \/>\n<meta property=\"og:description\" content=\"Renkaiden lohkeilunestoaine, 240ml. Neutralisoi puhkeamisia ja est\u00e4\u00e4 uusien puhkeamisten syntymist\u00e4.\" \/>\n<meta property=\"og:url\" content=\"https:\/\/www.xn--tuksimaailm-ffb.ee\/fi\/shop\/stans-no-tubes-tubeless-renkaiden-putkittomuuden-estoaine\/\" \/>\n<meta property=\"og:site_name\" content=\"T\u00f5uksimaailm\" \/>\n<meta property=\"article:publisher\" content=\"https:\/\/www.facebook.com\/touksimaailm\/\" \/>\n<meta property=\"og:image\" content=\"https:\/\/www.xn--tuksimaailm-ffb.ee\/wp-content\/uploads\/2023\/01\/stans.jpg\" \/>\n\t<meta property=\"og:image:width\" content=\"425\" \/>\n\t<meta property=\"og:image:height\" content=\"547\" \/>\n\t<meta property=\"og:image:type\" content=\"image\/jpeg\" \/>\n<meta name=\"twitter:card\" content=\"summary_large_image\" \/>\n<meta name=\"twitter:label1\" content=\"Hinta\" \/>\n\t<meta name=\"twitter:data1\" content=\"&euro;15.00\" \/>\n\t<meta name=\"twitter:label2\" content=\"Saatavuus\" \/>\n\t<meta name=\"twitter:data2\" content=\"Varastossa\" \/>\n<meta property=\"product:price:amount\" content=\"15.00\" \/>\n<meta property=\"product:price:currency\" content=\"EUR\" \/>\n<meta property=\"og:availability\" content=\"instock\" \/>\n<meta property=\"product:availability\" content=\"instock\" \/>\n<meta property=\"product:condition\" content=\"new\" \/>\n<!-- \/ Yoast SEO Premium plugin. -->","yoast_head_json":{"title":"Stans No Tubes Tubeless renkaiden putkittomuuden estoaine | T\u00f5uksimaailm","description":"Renkaiden lohkeilunestoaine, 240ml. Neutralisoi puhkeamisia ja est\u00e4\u00e4 uusien puhkeamisten syntymist\u00e4.","robots":{"index":"index","follow":"follow","max-snippet":"max-snippet:-1","max-image-preview":"max-image-preview:large","max-video-preview":"max-video-preview:-1"},"canonical":"https:\/\/www.xn--tuksimaailm-ffb.ee\/fi\/shop\/stans-no-tubes-tubeless-renkaiden-putkittomuuden-estoaine\/","og_locale":"fi_FI","og_type":"article","og_title":"Stans No Tubes Tubeless renkaiden putkittomuuden estoaine","og_description":"Renkaiden lohkeilunestoaine, 240ml. Neutralisoi puhkeamisia ja est\u00e4\u00e4 uusien puhkeamisten syntymist\u00e4.","og_url":"https:\/\/www.xn--tuksimaailm-ffb.ee\/fi\/shop\/stans-no-tubes-tubeless-renkaiden-putkittomuuden-estoaine\/","og_site_name":"T\u00f5uksimaailm","article_publisher":"https:\/\/www.facebook.com\/touksimaailm\/","og_image":[{"width":425,"height":547,"url":"https:\/\/www.xn--tuksimaailm-ffb.ee\/wp-content\/uploads\/2023\/01\/stans.jpg","type":"image\/jpeg"}],"twitter_card":"summary_large_image","twitter_misc":{"Hinta":"&euro;15.00","Saatavuus":"Varastossa"},"schema":{"@context":"https:\/\/schema.org","@graph":[{"@type":"WebPage","@id":"https:\/\/www.xn--tuksimaailm-ffb.ee\/fi\/shop\/stans-no-tubes-tubeless-renkaiden-putkittomuuden-estoaine\/","url":"https:\/\/www.xn--tuksimaailm-ffb.ee\/fi\/shop\/stans-no-tubes-tubeless-renkaiden-putkittomuuden-estoaine\/","name":"Stans No Tubes Tubeless renkaiden putkittomuuden estoaine | T\u00f5uksimaailm","isPartOf":{"@id":"https:\/\/www.xn--tuksimaailm-ffb.ee\/fi\/#website"},"primaryImageOfPage":{"@id":"https:\/\/www.xn--tuksimaailm-ffb.ee\/fi\/shop\/stans-no-tubes-tubeless-renkaiden-putkittomuuden-estoaine\/#primaryimage"},"image":{"@id":"https:\/\/www.xn--tuksimaailm-ffb.ee\/fi\/shop\/stans-no-tubes-tubeless-renkaiden-putkittomuuden-estoaine\/#primaryimage"},"thumbnailUrl":"https:\/\/www.xn--tuksimaailm-ffb.ee\/wp-content\/uploads\/2023\/01\/stans.jpg","datePublished":"2023-01-21T10:24:37+00:00","description":"Renkaiden lohkeilunestoaine, 240ml. Neutralisoi puhkeamisia ja est\u00e4\u00e4 uusien puhkeamisten syntymist\u00e4.","breadcrumb":{"@id":"https:\/\/www.xn--tuksimaailm-ffb.ee\/fi\/shop\/stans-no-tubes-tubeless-renkaiden-putkittomuuden-estoaine\/#breadcrumb"},"inLanguage":"fi","potentialAction":[{"@type":"ReadAction","target":["https:\/\/www.xn--tuksimaailm-ffb.ee\/fi\/shop\/stans-no-tubes-tubeless-renkaiden-putkittomuuden-estoaine\/"]}]},{"@type":"ImageObject","inLanguage":"fi","@id":"https:\/\/www.xn--tuksimaailm-ffb.ee\/fi\/shop\/stans-no-tubes-tubeless-renkaiden-putkittomuuden-estoaine\/#primaryimage","url":"https:\/\/www.xn--tuksimaailm-ffb.ee\/wp-content\/uploads\/2023\/01\/stans.jpg","contentUrl":"https:\/\/www.xn--tuksimaailm-ffb.ee\/wp-content\/uploads\/2023\/01\/stans.jpg","width":425,"height":547,"caption":"tubeless rehvilima stans no tubes elektrit\u00f5ukeratas elektriratas"},{"@type":"BreadcrumbList","@id":"https:\/\/www.xn--tuksimaailm-ffb.ee\/fi\/shop\/stans-no-tubes-tubeless-renkaiden-putkittomuuden-estoaine\/#breadcrumb","itemListElement":[{"@type":"ListItem","position":1,"name":"Home","item":"https:\/\/www.xn--tuksimaailm-ffb.ee\/fi\/kotisivu\/"},{"@type":"ListItem","position":2,"name":"Kauppa","item":"https:\/\/www.xn--tuksimaailm-ffb.ee\/elektritoukerataste-pood\/"},{"@type":"ListItem","position":3,"name":"Stans No Tubes Tubeless renkaiden putkittomuuden estoaine"}]},{"@type":"WebSite","@id":"https:\/\/www.xn--tuksimaailm-ffb.ee\/fi\/#website","url":"https:\/\/www.xn--tuksimaailm-ffb.ee\/fi\/","name":"T\u00f5uksimaailm","description":"Elektrit\u00f5ukerataste m\u00fc\u00fck, remont ja rent","publisher":{"@id":"https:\/\/www.xn--tuksimaailm-ffb.ee\/fi\/#organization"},"potentialAction":[{"@type":"SearchAction","target":{"@type":"EntryPoint","urlTemplate":"https:\/\/www.xn--tuksimaailm-ffb.ee\/fi\/?s={search_term_string}"},"query-input":{"@type":"PropertyValueSpecification","valueRequired":true,"valueName":"search_term_string"}}],"inLanguage":"fi"},{"@type":"Organization","@id":"https:\/\/www.xn--tuksimaailm-ffb.ee\/fi\/#organization","name":"T\u00f5uksimaailm","url":"https:\/\/www.xn--tuksimaailm-ffb.ee\/fi\/","logo":{"@type":"ImageObject","inLanguage":"fi","@id":"https:\/\/www.xn--tuksimaailm-ffb.ee\/fi\/#\/schema\/logo\/image\/","url":"https:\/\/www.xn--tuksimaailm-ffb.ee\/wp-content\/uploads\/2020\/01\/logoz-e1579792875517.png","contentUrl":"https:\/\/www.xn--tuksimaailm-ffb.ee\/wp-content\/uploads\/2020\/01\/logoz-e1579792875517.png","width":250,"height":250,"caption":"T\u00f5uksimaailm"},"image":{"@id":"https:\/\/www.xn--tuksimaailm-ffb.ee\/fi\/#\/schema\/logo\/image\/"},"sameAs":["https:\/\/www.facebook.com\/touksimaailm\/","https:\/\/www.instagram.com\/touksimaailm_\/","https:\/\/www.youtube.com\/channel\/UC18ml0EKIDLP1xGuQjFzcXQ"]}]},"product_price_amount":"15.00","product_price_currency":"EUR","og_availability":"instock","product_availability":"instock","product_condition":"new"},"jetpack_sharing_enabled":true,"_links":{"self":[{"href":"https:\/\/www.xn--tuksimaailm-ffb.ee\/fi\/wp-json\/wp\/v2\/product\/50018","targetHints":{"allow":["GET"]}}],"collection":[{"href":"https:\/\/www.xn--tuksimaailm-ffb.ee\/fi\/wp-json\/wp\/v2\/product"}],"about":[{"href":"https:\/\/www.xn--tuksimaailm-ffb.ee\/fi\/wp-json\/wp\/v2\/types\/product"}],"wp:featuredmedia":[{"embeddable":true,"href":"https:\/\/www.xn--tuksimaailm-ffb.ee\/fi\/wp-json\/wp\/v2\/media\/28847"}],"wp:attachment":[{"href":"https:\/\/www.xn--tuksimaailm-ffb.ee\/fi\/wp-json\/wp\/v2\/media?parent=50018"}],"wp:term":[{"taxonomy":"product_brand","embeddable":true,"href":"https:\/\/www.xn--tuksimaailm-ffb.ee\/fi\/wp-json\/wp\/v2\/product_brand?post=50018"},{"taxonomy":"product_cat","embeddable":true,"href":"https:\/\/www.xn--tuksimaailm-ffb.ee\/fi\/wp-json\/wp\/v2\/product_cat?post=50018"},{"taxonomy":"product_tag","embeddable":true,"href":"https:\/\/www.xn--tuksimaailm-ffb.ee\/fi\/wp-json\/wp\/v2\/product_tag?post=50018"},{"taxonomy":"filter_elektritoukeratas","embeddable":true,"href":"https:\/\/www.xn--tuksimaailm-ffb.ee\/fi\/wp-json\/wp\/v2\/filter_elektritoukeratas?post=50018"}],"curies":[{"name":"wp","href":"https:\/\/api.w.org\/{rel}","templated":true}]}}