{"id":50021,"date":"2022-04-23T08:49:51","date_gmt":"2022-04-23T05:49:51","guid":{"rendered":"http:\/\/www.xn--tuksimaailm-ffb.ee\/shop\/renkaiden-nukkaantumista-estava-aine-nukkaantumista-estava-rengastahna\/"},"modified":"2022-04-23T08:49:51","modified_gmt":"2022-04-23T05:49:51","slug":"renkaiden-nukkaantumista-estava-aine-nukkaantumista-estava-rengastahna","status":"publish","type":"product","link":"https:\/\/www.xn--tuksimaailm-ffb.ee\/fi\/shop\/renkaiden-nukkaantumista-estava-aine-nukkaantumista-estava-rengastahna\/","title":{"rendered":"renkaiden nukkaantumista est\u00e4v\u00e4 aine nukkaantumista est\u00e4v\u00e4 rengastahna"},"content":{"rendered":"<p>Renkaiden nukkaantumisenestoaine nukkaantumista est\u00e4v\u00e4 rengastahna. Pullon tilavuus 240ml. Soveltuu olemassa olevien reikien neutralointiin sek\u00e4 uusien muodostumisen est\u00e4miseen. Ei horjuta renkaan tasapainoa, ei t\u00e4rise ajon aikana ja soveltuu k\u00e4ytett\u00e4v\u00e4ksi my\u00f6s kylmiss\u00e4 l\u00e4mp\u00f6tiloissa (talvella).<\/p>\n<p style=\"caret-color: #000000; color: #000000;\"><strong>K\u00e4ytt\u00f6:<\/strong><\/p>\n<p>Katkaise pullon p\u00e4\u00e4 (6 mm). Renkaan on oltava sellaisessa asennossa, ett\u00e4 venttiili on pohjassa. Kierr\u00e4 venttiili irti venttiiliavaimella ja p\u00e4\u00e4st\u00e4 ilma ulos renkaasta. Aseta pullon suutin venttiilitolppaa vasten ja kaada renkaaseen tarvittava m\u00e4\u00e4r\u00e4 ainetta: 8,5\u201d, 10\u201d,11\u201d 13\u201d\u201d - 240ml, 14\u201d\/15\u201d\u201d standard - 300\/3320ml, 15\u201d\u201d leve\u00e4 - 360 - 420ml, kuorma-autot, maasturit 4x4 - 480ml. K\u00e4\u00e4nn\u00e4 venttiili takaisin ja t\u00e4yt\u00e4 rengas. Aja sen j\u00e4lkeen 2-3 km aineen tyhjent\u00e4miseksi.<\/p>\n","protected":false},"excerpt":{"rendered":"<p>Renkaiden nukkaantumisenestoaine nukkaantumista est\u00e4v\u00e4 rengastahna. Pullon tilavuus 240ml. Soveltuu olemassa olevien reikien neutralointiin sek\u00e4 uusien muodostumisen est\u00e4miseen. Ei horjuta renkaan tasapainoa, ei t\u00e4rise ajon aikana ja soveltuu k\u00e4ytett\u00e4v\u00e4ksi my\u00f6s kylmiss\u00e4 l\u00e4mp\u00f6tiloissa (talvella). K\u00e4ytt\u00f6: Katkaise pullon p\u00e4\u00e4 (6 mm). Renkaan on oltava sellaisessa asennossa, ett\u00e4 venttiili on pohjassa. Kierr\u00e4 venttiili irti &hellip;<\/p>\n","protected":false},"featured_media":25055,"template":"","meta":[],"product_brand":[],"product_cat":[2949],"product_tag":[],"filter_elektritoukeratas":[],"class_list":{"0":"post-50021","1":"product","2":"type-product","3":"status-publish","4":"has-post-thumbnail","6":"product_cat-tyokalut-ja-tarvikkeet","7":"pa_tootetuup-tyokalut-ja-tarvikkeet","9":"first","10":"instock","11":"taxable","12":"shipping-taxable","13":"purchasable","14":"product-type-simple"},"yoast_head":"<!-- This site is optimized with the Yoast SEO Premium plugin v26.8 (Yoast SEO v27.5) - https:\/\/yoast.com\/product\/yoast-seo-premium-wordpress\/ -->\n<title>renkaiden nukkaantumista est\u00e4v\u00e4 aine nukkaantumista est\u00e4v\u00e4 rengastahna | T\u00f5uksimaailm<\/title>\n<meta name=\"description\" content=\"Rehvi torke vastane aine purunemisvastane rehvilima, 240ml. Tekkinud aukude neutraliseerimiseks ja uute aukude tekkimise ennetamiseks.\" \/>\n<meta name=\"robots\" content=\"index, follow, max-snippet:-1, max-image-preview:large, max-video-preview:-1\" \/>\n<link rel=\"canonical\" href=\"https:\/\/www.xn--tuksimaailm-ffb.ee\/fi\/shop\/renkaiden-nukkaantumista-estava-aine-nukkaantumista-estava-rengastahna\/\" \/>\n<meta property=\"og:locale\" content=\"fi_FI\" \/>\n<meta property=\"og:type\" content=\"article\" \/>\n<meta property=\"og:title\" content=\"renkaiden nukkaantumista est\u00e4v\u00e4 aine nukkaantumista est\u00e4v\u00e4 rengastahna\" \/>\n<meta property=\"og:description\" content=\"Rehvi torke vastane aine purunemisvastane rehvilima, 240ml. Tekkinud aukude neutraliseerimiseks ja uute aukude tekkimise ennetamiseks.\" \/>\n<meta property=\"og:url\" content=\"https:\/\/www.xn--tuksimaailm-ffb.ee\/fi\/shop\/renkaiden-nukkaantumista-estava-aine-nukkaantumista-estava-rengastahna\/\" \/>\n<meta property=\"og:site_name\" content=\"T\u00f5uksimaailm\" \/>\n<meta property=\"article:publisher\" content=\"https:\/\/www.facebook.com\/touksimaailm\/\" \/>\n<meta property=\"og:image\" content=\"https:\/\/www.xn--tuksimaailm-ffb.ee\/wp-content\/uploads\/2022\/04\/tire-dok-1.jpg\" \/>\n\t<meta property=\"og:image:width\" content=\"396\" \/>\n\t<meta property=\"og:image:height\" content=\"456\" \/>\n\t<meta property=\"og:image:type\" content=\"image\/jpeg\" \/>\n<meta name=\"twitter:card\" content=\"summary_large_image\" \/>\n<meta name=\"twitter:label1\" content=\"Hinta\" \/>\n\t<meta name=\"twitter:data1\" content=\"&euro;19.50\" \/>\n\t<meta name=\"twitter:label2\" content=\"Saatavuus\" \/>\n\t<meta name=\"twitter:data2\" content=\"Varastossa\" \/>\n<meta property=\"product:price:amount\" content=\"19.50\" \/>\n<meta property=\"product:price:currency\" content=\"EUR\" \/>\n<meta property=\"og:availability\" content=\"instock\" \/>\n<meta property=\"product:availability\" content=\"instock\" \/>\n<meta property=\"product:condition\" content=\"new\" \/>\n<!-- \/ Yoast SEO Premium plugin. -->","yoast_head_json":{"title":"renkaiden nukkaantumista est\u00e4v\u00e4 aine nukkaantumista est\u00e4v\u00e4 rengastahna | T\u00f5uksimaailm","description":"Rehvi torke vastane aine purunemisvastane rehvilima, 240ml. Tekkinud aukude neutraliseerimiseks ja uute aukude tekkimise ennetamiseks.","robots":{"index":"index","follow":"follow","max-snippet":"max-snippet:-1","max-image-preview":"max-image-preview:large","max-video-preview":"max-video-preview:-1"},"canonical":"https:\/\/www.xn--tuksimaailm-ffb.ee\/fi\/shop\/renkaiden-nukkaantumista-estava-aine-nukkaantumista-estava-rengastahna\/","og_locale":"fi_FI","og_type":"article","og_title":"renkaiden nukkaantumista est\u00e4v\u00e4 aine nukkaantumista est\u00e4v\u00e4 rengastahna","og_description":"Rehvi torke vastane aine purunemisvastane rehvilima, 240ml. Tekkinud aukude neutraliseerimiseks ja uute aukude tekkimise ennetamiseks.","og_url":"https:\/\/www.xn--tuksimaailm-ffb.ee\/fi\/shop\/renkaiden-nukkaantumista-estava-aine-nukkaantumista-estava-rengastahna\/","og_site_name":"T\u00f5uksimaailm","article_publisher":"https:\/\/www.facebook.com\/touksimaailm\/","og_image":[{"width":396,"height":456,"url":"https:\/\/www.xn--tuksimaailm-ffb.ee\/wp-content\/uploads\/2022\/04\/tire-dok-1.jpg","type":"image\/jpeg"}],"twitter_card":"summary_large_image","twitter_misc":{"Hinta":"&euro;19.50","Saatavuus":"Varastossa"},"schema":{"@context":"https:\/\/schema.org","@graph":[{"@type":"WebPage","@id":"https:\/\/www.xn--tuksimaailm-ffb.ee\/fi\/shop\/renkaiden-nukkaantumista-estava-aine-nukkaantumista-estava-rengastahna\/","url":"https:\/\/www.xn--tuksimaailm-ffb.ee\/fi\/shop\/renkaiden-nukkaantumista-estava-aine-nukkaantumista-estava-rengastahna\/","name":"renkaiden nukkaantumista est\u00e4v\u00e4 aine nukkaantumista est\u00e4v\u00e4 rengastahna | T\u00f5uksimaailm","isPartOf":{"@id":"https:\/\/www.xn--tuksimaailm-ffb.ee\/fi\/#website"},"primaryImageOfPage":{"@id":"https:\/\/www.xn--tuksimaailm-ffb.ee\/fi\/shop\/renkaiden-nukkaantumista-estava-aine-nukkaantumista-estava-rengastahna\/#primaryimage"},"image":{"@id":"https:\/\/www.xn--tuksimaailm-ffb.ee\/fi\/shop\/renkaiden-nukkaantumista-estava-aine-nukkaantumista-estava-rengastahna\/#primaryimage"},"thumbnailUrl":"https:\/\/www.xn--tuksimaailm-ffb.ee\/wp-content\/uploads\/2022\/04\/tire-dok-1.jpg","datePublished":"2022-04-23T05:49:51+00:00","description":"Rehvi torke vastane aine purunemisvastane rehvilima, 240ml. Tekkinud aukude neutraliseerimiseks ja uute aukude tekkimise ennetamiseks.","breadcrumb":{"@id":"https:\/\/www.xn--tuksimaailm-ffb.ee\/fi\/shop\/renkaiden-nukkaantumista-estava-aine-nukkaantumista-estava-rengastahna\/#breadcrumb"},"inLanguage":"fi","potentialAction":[{"@type":"ReadAction","target":["https:\/\/www.xn--tuksimaailm-ffb.ee\/fi\/shop\/renkaiden-nukkaantumista-estava-aine-nukkaantumista-estava-rengastahna\/"]}]},{"@type":"ImageObject","inLanguage":"fi","@id":"https:\/\/www.xn--tuksimaailm-ffb.ee\/fi\/shop\/renkaiden-nukkaantumista-estava-aine-nukkaantumista-estava-rengastahna\/#primaryimage","url":"https:\/\/www.xn--tuksimaailm-ffb.ee\/wp-content\/uploads\/2022\/04\/tire-dok-1.jpg","contentUrl":"https:\/\/www.xn--tuksimaailm-ffb.ee\/wp-content\/uploads\/2022\/04\/tire-dok-1.jpg","width":396,"height":456},{"@type":"BreadcrumbList","@id":"https:\/\/www.xn--tuksimaailm-ffb.ee\/fi\/shop\/renkaiden-nukkaantumista-estava-aine-nukkaantumista-estava-rengastahna\/#breadcrumb","itemListElement":[{"@type":"ListItem","position":1,"name":"Home","item":"https:\/\/www.xn--tuksimaailm-ffb.ee\/fi\/kotisivu\/"},{"@type":"ListItem","position":2,"name":"Kauppa","item":"https:\/\/www.xn--tuksimaailm-ffb.ee\/elektritoukerataste-pood\/"},{"@type":"ListItem","position":3,"name":"renkaiden nukkaantumista est\u00e4v\u00e4 aine nukkaantumista est\u00e4v\u00e4 rengastahna"}]},{"@type":"WebSite","@id":"https:\/\/www.xn--tuksimaailm-ffb.ee\/fi\/#website","url":"https:\/\/www.xn--tuksimaailm-ffb.ee\/fi\/","name":"T\u00f5uksimaailm","description":"Elektrit\u00f5ukerataste m\u00fc\u00fck, remont ja rent","publisher":{"@id":"https:\/\/www.xn--tuksimaailm-ffb.ee\/fi\/#organization"},"potentialAction":[{"@type":"SearchAction","target":{"@type":"EntryPoint","urlTemplate":"https:\/\/www.xn--tuksimaailm-ffb.ee\/fi\/?s={search_term_string}"},"query-input":{"@type":"PropertyValueSpecification","valueRequired":true,"valueName":"search_term_string"}}],"inLanguage":"fi"},{"@type":"Organization","@id":"https:\/\/www.xn--tuksimaailm-ffb.ee\/fi\/#organization","name":"T\u00f5uksimaailm","url":"https:\/\/www.xn--tuksimaailm-ffb.ee\/fi\/","logo":{"@type":"ImageObject","inLanguage":"fi","@id":"https:\/\/www.xn--tuksimaailm-ffb.ee\/fi\/#\/schema\/logo\/image\/","url":"https:\/\/www.xn--tuksimaailm-ffb.ee\/wp-content\/uploads\/2020\/01\/logoz-e1579792875517.png","contentUrl":"https:\/\/www.xn--tuksimaailm-ffb.ee\/wp-content\/uploads\/2020\/01\/logoz-e1579792875517.png","width":250,"height":250,"caption":"T\u00f5uksimaailm"},"image":{"@id":"https:\/\/www.xn--tuksimaailm-ffb.ee\/fi\/#\/schema\/logo\/image\/"},"sameAs":["https:\/\/www.facebook.com\/touksimaailm\/","https:\/\/www.instagram.com\/touksimaailm_\/","https:\/\/www.youtube.com\/channel\/UC18ml0EKIDLP1xGuQjFzcXQ"]}]},"product_price_amount":"19.50","product_price_currency":"EUR","og_availability":"instock","product_availability":"instock","product_condition":"new"},"jetpack_sharing_enabled":true,"_links":{"self":[{"href":"https:\/\/www.xn--tuksimaailm-ffb.ee\/fi\/wp-json\/wp\/v2\/product\/50021","targetHints":{"allow":["GET"]}}],"collection":[{"href":"https:\/\/www.xn--tuksimaailm-ffb.ee\/fi\/wp-json\/wp\/v2\/product"}],"about":[{"href":"https:\/\/www.xn--tuksimaailm-ffb.ee\/fi\/wp-json\/wp\/v2\/types\/product"}],"wp:featuredmedia":[{"embeddable":true,"href":"https:\/\/www.xn--tuksimaailm-ffb.ee\/fi\/wp-json\/wp\/v2\/media\/25055"}],"wp:attachment":[{"href":"https:\/\/www.xn--tuksimaailm-ffb.ee\/fi\/wp-json\/wp\/v2\/media?parent=50021"}],"wp:term":[{"taxonomy":"product_brand","embeddable":true,"href":"https:\/\/www.xn--tuksimaailm-ffb.ee\/fi\/wp-json\/wp\/v2\/product_brand?post=50021"},{"taxonomy":"product_cat","embeddable":true,"href":"https:\/\/www.xn--tuksimaailm-ffb.ee\/fi\/wp-json\/wp\/v2\/product_cat?post=50021"},{"taxonomy":"product_tag","embeddable":true,"href":"https:\/\/www.xn--tuksimaailm-ffb.ee\/fi\/wp-json\/wp\/v2\/product_tag?post=50021"},{"taxonomy":"filter_elektritoukeratas","embeddable":true,"href":"https:\/\/www.xn--tuksimaailm-ffb.ee\/fi\/wp-json\/wp\/v2\/filter_elektritoukeratas?post=50021"}],"curies":[{"name":"wp","href":"https:\/\/api.w.org\/{rel}","templated":true}]}}