{"id":50022,"date":"2022-04-22T20:34:55","date_gmt":"2022-04-22T17:34:55","guid":{"rendered":"http:\/\/www.xn--tuksimaailm-ffb.ee\/shop\/zefal-bike-wash-sahkoskootterin-polkupyoran-puhdistusaineelle\/"},"modified":"2022-04-22T20:34:55","modified_gmt":"2022-04-22T17:34:55","slug":"zefal-bike-wash-sahkoskootterin-polkupyoran-puhdistusaineelle","status":"publish","type":"product","link":"https:\/\/www.xn--tuksimaailm-ffb.ee\/fi\/shop\/zefal-bike-wash-sahkoskootterin-polkupyoran-puhdistusaineelle\/","title":{"rendered":"Zefal Bike Wash s\u00e4hk\u00f6skootterin polkupy\u00f6r\u00e4n puhdistusaineelle"},"content":{"rendered":"<p>S\u00e4hk\u00f6skootterin tai polkupy\u00f6r\u00e4n puhdistusaine Zefal Bike Wash. Eritt\u00e4in tehokas lian ja likaisten \u00f6ljyj\u00e4\u00e4mien poistoon, s\u00e4hk\u00f6potkulautan tai polkupy\u00f6r\u00e4n itsen\u00e4iseen pesuun\/puhdistukseen. Puhdistusaineen kapasiteetti on 1 litra (1L) per pullo.<\/p>\n","protected":false},"excerpt":{"rendered":"<p>S\u00e4hk\u00f6skootterin tai polkupy\u00f6r\u00e4n puhdistusaine Zefal Bike Wash. Eritt\u00e4in tehokas lian ja likaisten \u00f6ljyj\u00e4\u00e4mien poistoon, s\u00e4hk\u00f6potkulautan tai polkupy\u00f6r\u00e4n itsen\u00e4iseen pesuun\/puhdistukseen. Puhdistusaineen kapasiteetti on 1 litra (1L) per pullo.<\/p>\n","protected":false},"featured_media":25054,"template":"","meta":[],"product_brand":[],"product_cat":[2949],"product_tag":[],"filter_elektritoukeratas":[],"class_list":{"0":"post-50022","1":"product","2":"type-product","3":"status-publish","4":"has-post-thumbnail","6":"product_cat-tyokalut-ja-tarvikkeet","7":"pa_tootetuup-tyokalut-ja-tarvikkeet","9":"first","10":"instock","11":"taxable","12":"shipping-taxable","13":"purchasable","14":"product-type-simple"},"yoast_head":"<!-- This site is optimized with the Yoast SEO Premium plugin v26.8 (Yoast SEO v27.5) - https:\/\/yoast.com\/product\/yoast-seo-premium-wordpress\/ -->\n<title>Zefal Bike Wash s\u00e4hk\u00f6skootterin polkupy\u00f6r\u00e4n puhdistusaineelle | T\u00f5uksimaailm<\/title>\n<meta name=\"description\" content=\"Elektrit\u00f5ukeratta v\u00f5i jalgratta puhastusvahend Zefal Bike Wash. V\u00e4ga t\u00f5hus vahend pori ja m\u00e4\u00e4rdunud \u00f5lij\u00e4\u00e4kide eemaldamiseks, 1 liiter (1L).\" \/>\n<meta name=\"robots\" content=\"index, follow, max-snippet:-1, max-image-preview:large, max-video-preview:-1\" \/>\n<link rel=\"canonical\" href=\"https:\/\/www.xn--tuksimaailm-ffb.ee\/fi\/shop\/zefal-bike-wash-sahkoskootterin-polkupyoran-puhdistusaineelle\/\" \/>\n<meta property=\"og:locale\" content=\"fi_FI\" \/>\n<meta property=\"og:type\" content=\"article\" \/>\n<meta property=\"og:title\" content=\"Zefal Bike Wash s\u00e4hk\u00f6skootterin polkupy\u00f6r\u00e4n puhdistusaineelle\" \/>\n<meta property=\"og:description\" content=\"Elektrit\u00f5ukeratta v\u00f5i jalgratta puhastusvahend Zefal Bike Wash. V\u00e4ga t\u00f5hus vahend pori ja m\u00e4\u00e4rdunud \u00f5lij\u00e4\u00e4kide eemaldamiseks, 1 liiter (1L).\" \/>\n<meta property=\"og:url\" content=\"https:\/\/www.xn--tuksimaailm-ffb.ee\/fi\/shop\/zefal-bike-wash-sahkoskootterin-polkupyoran-puhdistusaineelle\/\" \/>\n<meta property=\"og:site_name\" content=\"T\u00f5uksimaailm\" \/>\n<meta property=\"article:publisher\" content=\"https:\/\/www.facebook.com\/touksimaailm\/\" \/>\n<meta property=\"og:image\" content=\"https:\/\/www.xn--tuksimaailm-ffb.ee\/wp-content\/uploads\/2022\/04\/Zefal-1-1.jpg\" \/>\n\t<meta property=\"og:image:width\" content=\"645\" \/>\n\t<meta property=\"og:image:height\" content=\"641\" \/>\n\t<meta property=\"og:image:type\" content=\"image\/jpeg\" \/>\n<meta name=\"twitter:card\" content=\"summary_large_image\" \/>\n<meta name=\"twitter:label1\" content=\"Hinta\" \/>\n\t<meta name=\"twitter:data1\" content=\"&euro;17.00\" \/>\n\t<meta name=\"twitter:label2\" content=\"Saatavuus\" \/>\n\t<meta name=\"twitter:data2\" content=\"Varastossa\" \/>\n<meta property=\"product:price:amount\" content=\"17.00\" \/>\n<meta property=\"product:price:currency\" content=\"EUR\" \/>\n<meta property=\"og:availability\" content=\"instock\" \/>\n<meta property=\"product:availability\" content=\"instock\" \/>\n<meta property=\"product:condition\" content=\"new\" \/>\n<!-- \/ Yoast SEO Premium plugin. -->","yoast_head_json":{"title":"Zefal Bike Wash s\u00e4hk\u00f6skootterin polkupy\u00f6r\u00e4n puhdistusaineelle | T\u00f5uksimaailm","description":"Elektrit\u00f5ukeratta v\u00f5i jalgratta puhastusvahend Zefal Bike Wash. V\u00e4ga t\u00f5hus vahend pori ja m\u00e4\u00e4rdunud \u00f5lij\u00e4\u00e4kide eemaldamiseks, 1 liiter (1L).","robots":{"index":"index","follow":"follow","max-snippet":"max-snippet:-1","max-image-preview":"max-image-preview:large","max-video-preview":"max-video-preview:-1"},"canonical":"https:\/\/www.xn--tuksimaailm-ffb.ee\/fi\/shop\/zefal-bike-wash-sahkoskootterin-polkupyoran-puhdistusaineelle\/","og_locale":"fi_FI","og_type":"article","og_title":"Zefal Bike Wash s\u00e4hk\u00f6skootterin polkupy\u00f6r\u00e4n puhdistusaineelle","og_description":"Elektrit\u00f5ukeratta v\u00f5i jalgratta puhastusvahend Zefal Bike Wash. V\u00e4ga t\u00f5hus vahend pori ja m\u00e4\u00e4rdunud \u00f5lij\u00e4\u00e4kide eemaldamiseks, 1 liiter (1L).","og_url":"https:\/\/www.xn--tuksimaailm-ffb.ee\/fi\/shop\/zefal-bike-wash-sahkoskootterin-polkupyoran-puhdistusaineelle\/","og_site_name":"T\u00f5uksimaailm","article_publisher":"https:\/\/www.facebook.com\/touksimaailm\/","og_image":[{"width":645,"height":641,"url":"https:\/\/www.xn--tuksimaailm-ffb.ee\/wp-content\/uploads\/2022\/04\/Zefal-1-1.jpg","type":"image\/jpeg"}],"twitter_card":"summary_large_image","twitter_misc":{"Hinta":"&euro;17.00","Saatavuus":"Varastossa"},"schema":{"@context":"https:\/\/schema.org","@graph":[{"@type":"WebPage","@id":"https:\/\/www.xn--tuksimaailm-ffb.ee\/fi\/shop\/zefal-bike-wash-sahkoskootterin-polkupyoran-puhdistusaineelle\/","url":"https:\/\/www.xn--tuksimaailm-ffb.ee\/fi\/shop\/zefal-bike-wash-sahkoskootterin-polkupyoran-puhdistusaineelle\/","name":"Zefal Bike Wash s\u00e4hk\u00f6skootterin polkupy\u00f6r\u00e4n puhdistusaineelle | T\u00f5uksimaailm","isPartOf":{"@id":"https:\/\/www.xn--tuksimaailm-ffb.ee\/fi\/#website"},"primaryImageOfPage":{"@id":"https:\/\/www.xn--tuksimaailm-ffb.ee\/fi\/shop\/zefal-bike-wash-sahkoskootterin-polkupyoran-puhdistusaineelle\/#primaryimage"},"image":{"@id":"https:\/\/www.xn--tuksimaailm-ffb.ee\/fi\/shop\/zefal-bike-wash-sahkoskootterin-polkupyoran-puhdistusaineelle\/#primaryimage"},"thumbnailUrl":"https:\/\/www.xn--tuksimaailm-ffb.ee\/wp-content\/uploads\/2022\/04\/Zefal-1-1.jpg","datePublished":"2022-04-22T17:34:55+00:00","description":"Elektrit\u00f5ukeratta v\u00f5i jalgratta puhastusvahend Zefal Bike Wash. V\u00e4ga t\u00f5hus vahend pori ja m\u00e4\u00e4rdunud \u00f5lij\u00e4\u00e4kide eemaldamiseks, 1 liiter (1L).","breadcrumb":{"@id":"https:\/\/www.xn--tuksimaailm-ffb.ee\/fi\/shop\/zefal-bike-wash-sahkoskootterin-polkupyoran-puhdistusaineelle\/#breadcrumb"},"inLanguage":"fi","potentialAction":[{"@type":"ReadAction","target":["https:\/\/www.xn--tuksimaailm-ffb.ee\/fi\/shop\/zefal-bike-wash-sahkoskootterin-polkupyoran-puhdistusaineelle\/"]}]},{"@type":"ImageObject","inLanguage":"fi","@id":"https:\/\/www.xn--tuksimaailm-ffb.ee\/fi\/shop\/zefal-bike-wash-sahkoskootterin-polkupyoran-puhdistusaineelle\/#primaryimage","url":"https:\/\/www.xn--tuksimaailm-ffb.ee\/wp-content\/uploads\/2022\/04\/Zefal-1-1.jpg","contentUrl":"https:\/\/www.xn--tuksimaailm-ffb.ee\/wp-content\/uploads\/2022\/04\/Zefal-1-1.jpg","width":645,"height":641},{"@type":"BreadcrumbList","@id":"https:\/\/www.xn--tuksimaailm-ffb.ee\/fi\/shop\/zefal-bike-wash-sahkoskootterin-polkupyoran-puhdistusaineelle\/#breadcrumb","itemListElement":[{"@type":"ListItem","position":1,"name":"Home","item":"https:\/\/www.xn--tuksimaailm-ffb.ee\/fi\/kotisivu\/"},{"@type":"ListItem","position":2,"name":"Kauppa","item":"https:\/\/www.xn--tuksimaailm-ffb.ee\/elektritoukerataste-pood\/"},{"@type":"ListItem","position":3,"name":"Zefal Bike Wash s\u00e4hk\u00f6skootterin polkupy\u00f6r\u00e4n puhdistusaineelle"}]},{"@type":"WebSite","@id":"https:\/\/www.xn--tuksimaailm-ffb.ee\/fi\/#website","url":"https:\/\/www.xn--tuksimaailm-ffb.ee\/fi\/","name":"T\u00f5uksimaailm","description":"Elektrit\u00f5ukerataste m\u00fc\u00fck, remont ja rent","publisher":{"@id":"https:\/\/www.xn--tuksimaailm-ffb.ee\/fi\/#organization"},"potentialAction":[{"@type":"SearchAction","target":{"@type":"EntryPoint","urlTemplate":"https:\/\/www.xn--tuksimaailm-ffb.ee\/fi\/?s={search_term_string}"},"query-input":{"@type":"PropertyValueSpecification","valueRequired":true,"valueName":"search_term_string"}}],"inLanguage":"fi"},{"@type":"Organization","@id":"https:\/\/www.xn--tuksimaailm-ffb.ee\/fi\/#organization","name":"T\u00f5uksimaailm","url":"https:\/\/www.xn--tuksimaailm-ffb.ee\/fi\/","logo":{"@type":"ImageObject","inLanguage":"fi","@id":"https:\/\/www.xn--tuksimaailm-ffb.ee\/fi\/#\/schema\/logo\/image\/","url":"https:\/\/www.xn--tuksimaailm-ffb.ee\/wp-content\/uploads\/2020\/01\/logoz-e1579792875517.png","contentUrl":"https:\/\/www.xn--tuksimaailm-ffb.ee\/wp-content\/uploads\/2020\/01\/logoz-e1579792875517.png","width":250,"height":250,"caption":"T\u00f5uksimaailm"},"image":{"@id":"https:\/\/www.xn--tuksimaailm-ffb.ee\/fi\/#\/schema\/logo\/image\/"},"sameAs":["https:\/\/www.facebook.com\/touksimaailm\/","https:\/\/www.instagram.com\/touksimaailm_\/","https:\/\/www.youtube.com\/channel\/UC18ml0EKIDLP1xGuQjFzcXQ"]}]},"product_price_amount":"17.00","product_price_currency":"EUR","og_availability":"instock","product_availability":"instock","product_condition":"new"},"jetpack_sharing_enabled":true,"_links":{"self":[{"href":"https:\/\/www.xn--tuksimaailm-ffb.ee\/fi\/wp-json\/wp\/v2\/product\/50022","targetHints":{"allow":["GET"]}}],"collection":[{"href":"https:\/\/www.xn--tuksimaailm-ffb.ee\/fi\/wp-json\/wp\/v2\/product"}],"about":[{"href":"https:\/\/www.xn--tuksimaailm-ffb.ee\/fi\/wp-json\/wp\/v2\/types\/product"}],"wp:featuredmedia":[{"embeddable":true,"href":"https:\/\/www.xn--tuksimaailm-ffb.ee\/fi\/wp-json\/wp\/v2\/media\/25054"}],"wp:attachment":[{"href":"https:\/\/www.xn--tuksimaailm-ffb.ee\/fi\/wp-json\/wp\/v2\/media?parent=50022"}],"wp:term":[{"taxonomy":"product_brand","embeddable":true,"href":"https:\/\/www.xn--tuksimaailm-ffb.ee\/fi\/wp-json\/wp\/v2\/product_brand?post=50022"},{"taxonomy":"product_cat","embeddable":true,"href":"https:\/\/www.xn--tuksimaailm-ffb.ee\/fi\/wp-json\/wp\/v2\/product_cat?post=50022"},{"taxonomy":"product_tag","embeddable":true,"href":"https:\/\/www.xn--tuksimaailm-ffb.ee\/fi\/wp-json\/wp\/v2\/product_tag?post=50022"},{"taxonomy":"filter_elektritoukeratas","embeddable":true,"href":"https:\/\/www.xn--tuksimaailm-ffb.ee\/fi\/wp-json\/wp\/v2\/filter_elektritoukeratas?post=50022"}],"curies":[{"name":"wp","href":"https:\/\/api.w.org\/{rel}","templated":true}]}}