{"id":50026,"date":"2022-01-16T12:40:12","date_gmt":"2022-01-16T10:40:12","guid":{"rendered":"http:\/\/www.xn--tuksimaailm-ffb.ee\/shop\/jousenvaimentimen-jaykkyyden-saatotyokalu\/"},"modified":"2022-01-16T12:40:12","modified_gmt":"2022-01-16T09:40:12","slug":"jousenvaimentimen-jaykkyyden-saatotyokalu","status":"publish","type":"product","link":"https:\/\/www.xn--tuksimaailm-ffb.ee\/fi\/shop\/jousenvaimentimen-jaykkyyden-saatotyokalu\/","title":{"rendered":"Jousenvaimentimen j\u00e4ykkyyden s\u00e4\u00e4t\u00f6ty\u00f6kalu"},"content":{"rendered":"<p>Ty\u00f6kalu s\u00e4hk\u00f6k\u00e4ytt\u00f6isten skoottereiden tai polkupy\u00f6rien jousitettujen iskunvaimentimien\/jousikiinnikkeiden j\u00e4ykkyyden s\u00e4\u00e4t\u00e4miseen.<\/p>\n","protected":false},"excerpt":{"rendered":"<p>Ty\u00f6kalu s\u00e4hk\u00f6k\u00e4ytt\u00f6isten skoottereiden tai polkupy\u00f6rien jousitettujen iskunvaimentimien\/jousikiinnikkeiden j\u00e4ykkyyden s\u00e4\u00e4t\u00e4miseen.<\/p>\n","protected":false},"featured_media":24190,"template":"","meta":[],"product_brand":[],"product_cat":[2949],"product_tag":[],"filter_elektritoukeratas":[],"class_list":{"0":"post-50026","1":"product","2":"type-product","3":"status-publish","4":"has-post-thumbnail","6":"product_cat-tyokalut-ja-tarvikkeet","8":"first","9":"instock","10":"taxable","11":"shipping-taxable","12":"purchasable","13":"product-type-simple"},"yoast_head":"<!-- This site is optimized with the Yoast SEO Premium plugin v26.8 (Yoast SEO v27.5) - https:\/\/yoast.com\/product\/yoast-seo-premium-wordpress\/ -->\n<title>Jousenvaimentimen j\u00e4ykkyyden s\u00e4\u00e4t\u00f6ty\u00f6kalu | T\u00f5uksimaailm<\/title>\n<meta name=\"description\" content=\"Elektrit\u00f5ukerataste v\u00f5i jalgrataste vedru amortisaatorite \/ vedruamortide j\u00e4ikuse reguleerimise t\u00f6\u00f6riist.\" \/>\n<meta name=\"robots\" content=\"index, follow, max-snippet:-1, max-image-preview:large, max-video-preview:-1\" \/>\n<link rel=\"canonical\" href=\"https:\/\/www.xn--tuksimaailm-ffb.ee\/fi\/shop\/jousenvaimentimen-jaykkyyden-saatotyokalu\/\" \/>\n<meta property=\"og:locale\" content=\"fi_FI\" \/>\n<meta property=\"og:type\" content=\"article\" \/>\n<meta property=\"og:title\" content=\"Jousenvaimentimen j\u00e4ykkyyden s\u00e4\u00e4t\u00f6ty\u00f6kalu\" \/>\n<meta property=\"og:description\" content=\"Elektrit\u00f5ukerataste v\u00f5i jalgrataste vedru amortisaatorite \/ vedruamortide j\u00e4ikuse reguleerimise t\u00f6\u00f6riist.\" \/>\n<meta property=\"og:url\" content=\"https:\/\/www.xn--tuksimaailm-ffb.ee\/fi\/shop\/jousenvaimentimen-jaykkyyden-saatotyokalu\/\" \/>\n<meta property=\"og:site_name\" content=\"T\u00f5uksimaailm\" \/>\n<meta property=\"article:publisher\" content=\"https:\/\/www.facebook.com\/touksimaailm\/\" \/>\n<meta property=\"og:image\" content=\"https:\/\/www.xn--tuksimaailm-ffb.ee\/wp-content\/uploads\/2022\/01\/396.jpg\" \/>\n\t<meta property=\"og:image:width\" content=\"158\" \/>\n\t<meta property=\"og:image:height\" content=\"143\" \/>\n\t<meta property=\"og:image:type\" content=\"image\/jpeg\" \/>\n<meta name=\"twitter:card\" content=\"summary_large_image\" \/>\n<meta name=\"twitter:label1\" content=\"Hinta\" \/>\n\t<meta name=\"twitter:data1\" content=\"&euro;25.00\" \/>\n\t<meta name=\"twitter:label2\" content=\"Saatavuus\" \/>\n\t<meta name=\"twitter:data2\" content=\"Varastossa\" \/>\n<meta property=\"product:price:amount\" content=\"25.00\" \/>\n<meta property=\"product:price:currency\" content=\"EUR\" \/>\n<meta property=\"og:availability\" content=\"instock\" \/>\n<meta property=\"product:availability\" content=\"instock\" \/>\n<meta property=\"product:condition\" content=\"new\" \/>\n<!-- \/ Yoast SEO Premium plugin. -->","yoast_head_json":{"title":"Jousenvaimentimen j\u00e4ykkyyden s\u00e4\u00e4t\u00f6ty\u00f6kalu | T\u00f5uksimaailm","description":"Elektrit\u00f5ukerataste v\u00f5i jalgrataste vedru amortisaatorite \/ vedruamortide j\u00e4ikuse reguleerimise t\u00f6\u00f6riist.","robots":{"index":"index","follow":"follow","max-snippet":"max-snippet:-1","max-image-preview":"max-image-preview:large","max-video-preview":"max-video-preview:-1"},"canonical":"https:\/\/www.xn--tuksimaailm-ffb.ee\/fi\/shop\/jousenvaimentimen-jaykkyyden-saatotyokalu\/","og_locale":"fi_FI","og_type":"article","og_title":"Jousenvaimentimen j\u00e4ykkyyden s\u00e4\u00e4t\u00f6ty\u00f6kalu","og_description":"Elektrit\u00f5ukerataste v\u00f5i jalgrataste vedru amortisaatorite \/ vedruamortide j\u00e4ikuse reguleerimise t\u00f6\u00f6riist.","og_url":"https:\/\/www.xn--tuksimaailm-ffb.ee\/fi\/shop\/jousenvaimentimen-jaykkyyden-saatotyokalu\/","og_site_name":"T\u00f5uksimaailm","article_publisher":"https:\/\/www.facebook.com\/touksimaailm\/","og_image":[{"width":158,"height":143,"url":"https:\/\/www.xn--tuksimaailm-ffb.ee\/wp-content\/uploads\/2022\/01\/396.jpg","type":"image\/jpeg"}],"twitter_card":"summary_large_image","twitter_misc":{"Hinta":"&euro;25.00","Saatavuus":"Varastossa"},"schema":{"@context":"https:\/\/schema.org","@graph":[{"@type":"WebPage","@id":"https:\/\/www.xn--tuksimaailm-ffb.ee\/fi\/shop\/jousenvaimentimen-jaykkyyden-saatotyokalu\/","url":"https:\/\/www.xn--tuksimaailm-ffb.ee\/fi\/shop\/jousenvaimentimen-jaykkyyden-saatotyokalu\/","name":"Jousenvaimentimen j\u00e4ykkyyden s\u00e4\u00e4t\u00f6ty\u00f6kalu | T\u00f5uksimaailm","isPartOf":{"@id":"https:\/\/www.xn--tuksimaailm-ffb.ee\/fi\/#website"},"primaryImageOfPage":{"@id":"https:\/\/www.xn--tuksimaailm-ffb.ee\/fi\/shop\/jousenvaimentimen-jaykkyyden-saatotyokalu\/#primaryimage"},"image":{"@id":"https:\/\/www.xn--tuksimaailm-ffb.ee\/fi\/shop\/jousenvaimentimen-jaykkyyden-saatotyokalu\/#primaryimage"},"thumbnailUrl":"https:\/\/www.xn--tuksimaailm-ffb.ee\/wp-content\/uploads\/2022\/01\/396.jpg","datePublished":"2022-01-16T10:40:12+00:00","description":"Elektrit\u00f5ukerataste v\u00f5i jalgrataste vedru amortisaatorite \/ vedruamortide j\u00e4ikuse reguleerimise t\u00f6\u00f6riist.","breadcrumb":{"@id":"https:\/\/www.xn--tuksimaailm-ffb.ee\/fi\/shop\/jousenvaimentimen-jaykkyyden-saatotyokalu\/#breadcrumb"},"inLanguage":"fi","potentialAction":[{"@type":"ReadAction","target":["https:\/\/www.xn--tuksimaailm-ffb.ee\/fi\/shop\/jousenvaimentimen-jaykkyyden-saatotyokalu\/"]}]},{"@type":"ImageObject","inLanguage":"fi","@id":"https:\/\/www.xn--tuksimaailm-ffb.ee\/fi\/shop\/jousenvaimentimen-jaykkyyden-saatotyokalu\/#primaryimage","url":"https:\/\/www.xn--tuksimaailm-ffb.ee\/wp-content\/uploads\/2022\/01\/396.jpg","contentUrl":"https:\/\/www.xn--tuksimaailm-ffb.ee\/wp-content\/uploads\/2022\/01\/396.jpg","width":158,"height":143},{"@type":"BreadcrumbList","@id":"https:\/\/www.xn--tuksimaailm-ffb.ee\/fi\/shop\/jousenvaimentimen-jaykkyyden-saatotyokalu\/#breadcrumb","itemListElement":[{"@type":"ListItem","position":1,"name":"Home","item":"https:\/\/www.xn--tuksimaailm-ffb.ee\/fi\/kotisivu\/"},{"@type":"ListItem","position":2,"name":"Kauppa","item":"https:\/\/www.xn--tuksimaailm-ffb.ee\/elektritoukerataste-pood\/"},{"@type":"ListItem","position":3,"name":"Jousenvaimentimen j\u00e4ykkyyden s\u00e4\u00e4t\u00f6ty\u00f6kalu"}]},{"@type":"WebSite","@id":"https:\/\/www.xn--tuksimaailm-ffb.ee\/fi\/#website","url":"https:\/\/www.xn--tuksimaailm-ffb.ee\/fi\/","name":"T\u00f5uksimaailm","description":"Elektrit\u00f5ukerataste m\u00fc\u00fck, remont ja rent","publisher":{"@id":"https:\/\/www.xn--tuksimaailm-ffb.ee\/fi\/#organization"},"potentialAction":[{"@type":"SearchAction","target":{"@type":"EntryPoint","urlTemplate":"https:\/\/www.xn--tuksimaailm-ffb.ee\/fi\/?s={search_term_string}"},"query-input":{"@type":"PropertyValueSpecification","valueRequired":true,"valueName":"search_term_string"}}],"inLanguage":"fi"},{"@type":"Organization","@id":"https:\/\/www.xn--tuksimaailm-ffb.ee\/fi\/#organization","name":"T\u00f5uksimaailm","url":"https:\/\/www.xn--tuksimaailm-ffb.ee\/fi\/","logo":{"@type":"ImageObject","inLanguage":"fi","@id":"https:\/\/www.xn--tuksimaailm-ffb.ee\/fi\/#\/schema\/logo\/image\/","url":"https:\/\/www.xn--tuksimaailm-ffb.ee\/wp-content\/uploads\/2020\/01\/logoz-e1579792875517.png","contentUrl":"https:\/\/www.xn--tuksimaailm-ffb.ee\/wp-content\/uploads\/2020\/01\/logoz-e1579792875517.png","width":250,"height":250,"caption":"T\u00f5uksimaailm"},"image":{"@id":"https:\/\/www.xn--tuksimaailm-ffb.ee\/fi\/#\/schema\/logo\/image\/"},"sameAs":["https:\/\/www.facebook.com\/touksimaailm\/","https:\/\/www.instagram.com\/touksimaailm_\/","https:\/\/www.youtube.com\/channel\/UC18ml0EKIDLP1xGuQjFzcXQ"]}]},"product_price_amount":"25.00","product_price_currency":"EUR","og_availability":"instock","product_availability":"instock","product_condition":"new"},"jetpack_sharing_enabled":true,"_links":{"self":[{"href":"https:\/\/www.xn--tuksimaailm-ffb.ee\/fi\/wp-json\/wp\/v2\/product\/50026","targetHints":{"allow":["GET"]}}],"collection":[{"href":"https:\/\/www.xn--tuksimaailm-ffb.ee\/fi\/wp-json\/wp\/v2\/product"}],"about":[{"href":"https:\/\/www.xn--tuksimaailm-ffb.ee\/fi\/wp-json\/wp\/v2\/types\/product"}],"wp:featuredmedia":[{"embeddable":true,"href":"https:\/\/www.xn--tuksimaailm-ffb.ee\/fi\/wp-json\/wp\/v2\/media\/24190"}],"wp:attachment":[{"href":"https:\/\/www.xn--tuksimaailm-ffb.ee\/fi\/wp-json\/wp\/v2\/media?parent=50026"}],"wp:term":[{"taxonomy":"product_brand","embeddable":true,"href":"https:\/\/www.xn--tuksimaailm-ffb.ee\/fi\/wp-json\/wp\/v2\/product_brand?post=50026"},{"taxonomy":"product_cat","embeddable":true,"href":"https:\/\/www.xn--tuksimaailm-ffb.ee\/fi\/wp-json\/wp\/v2\/product_cat?post=50026"},{"taxonomy":"product_tag","embeddable":true,"href":"https:\/\/www.xn--tuksimaailm-ffb.ee\/fi\/wp-json\/wp\/v2\/product_tag?post=50026"},{"taxonomy":"filter_elektritoukeratas","embeddable":true,"href":"https:\/\/www.xn--tuksimaailm-ffb.ee\/fi\/wp-json\/wp\/v2\/filter_elektritoukeratas?post=50026"}],"curies":[{"name":"wp","href":"https:\/\/api.w.org\/{rel}","templated":true}]}}