{"id":50037,"date":"2021-01-16T15:58:08","date_gmt":"2021-01-16T13:58:08","guid":{"rendered":"http:\/\/www.xn--tuksimaailm-ffb.ee\/shop\/monitoimityokalu-monitoimityokalusarja-10-osaa\/"},"modified":"2021-01-16T15:58:08","modified_gmt":"2021-01-16T12:58:08","slug":"monitoimityokalu-monitoimityokalusarja-10-osaa","status":"publish","type":"product","link":"https:\/\/www.xn--tuksimaailm-ffb.ee\/fi\/shop\/monitoimityokalu-monitoimityokalusarja-10-osaa\/","title":{"rendered":"Monitoimity\u00f6kalu \/ Monitoimity\u00f6kalusarja 10 osaa"},"content":{"rendered":"<p>Monitoimity\u00f6kalu \/ Monitoimity\u00f6kalusarja 10 osaa<\/p>\n","protected":false},"excerpt":{"rendered":"<p>Monitoimity\u00f6kalu \/ Monitoimity\u00f6kalusarja 10 osaa<\/p>\n","protected":false},"featured_media":22496,"template":"","meta":[],"product_brand":[],"product_cat":[2949],"product_tag":[],"filter_elektritoukeratas":[],"class_list":{"0":"post-50037","1":"product","2":"type-product","3":"status-publish","4":"has-post-thumbnail","6":"product_cat-tyokalut-ja-tarvikkeet","8":"first","9":"instock","10":"taxable","11":"shipping-taxable","12":"purchasable","13":"product-type-simple"},"yoast_head":"<!-- This site is optimized with the Yoast SEO Premium plugin v26.8 (Yoast SEO v27.3) - https:\/\/yoast.com\/product\/yoast-seo-premium-wordpress\/ -->\n<title>Monitoimity\u00f6kalu \/ Monitoimity\u00f6kalusarja 10 osaa &#8212; T\u00f5uksimaailm<\/title>\n<meta name=\"description\" content=\"Monitoimity\u00f6kalu (my\u00f6s monitoimity\u00f6kalu, monitoimity\u00f6kalu), 10-osainen. S\u00e4hk\u00f6skootteritarvikkeet, ty\u00f6kalut ja tarvikkeet itsen\u00e4iseen korjaukseen.\" \/>\n<meta name=\"robots\" content=\"index, follow, max-snippet:-1, max-image-preview:large, max-video-preview:-1\" \/>\n<link rel=\"canonical\" href=\"https:\/\/www.xn--tuksimaailm-ffb.ee\/fi\/shop\/monitoimityokalu-monitoimityokalusarja-10-osaa\/\" \/>\n<meta property=\"og:locale\" content=\"fi_FI\" \/>\n<meta property=\"og:type\" content=\"article\" \/>\n<meta property=\"og:title\" content=\"Monitoimity\u00f6kalu \/ Monitoimity\u00f6kalusarja 10 osaa\" \/>\n<meta property=\"og:description\" content=\"Monitoimity\u00f6kalu (my\u00f6s monitoimity\u00f6kalu, monitoimity\u00f6kalu), 10-osainen. S\u00e4hk\u00f6skootteritarvikkeet, ty\u00f6kalut ja tarvikkeet itsen\u00e4iseen korjaukseen.\" \/>\n<meta property=\"og:url\" content=\"https:\/\/www.xn--tuksimaailm-ffb.ee\/fi\/shop\/monitoimityokalu-monitoimityokalusarja-10-osaa\/\" \/>\n<meta property=\"og:site_name\" content=\"T\u00f5uksimaailm\" \/>\n<meta property=\"article:publisher\" content=\"https:\/\/www.facebook.com\/touksimaailm\/\" \/>\n<meta property=\"og:image\" content=\"https:\/\/www.xn--tuksimaailm-ffb.ee\/wp-content\/uploads\/2021\/01\/multitool.jpg\" \/>\n\t<meta property=\"og:image:width\" content=\"424\" \/>\n\t<meta property=\"og:image:height\" content=\"279\" \/>\n\t<meta property=\"og:image:type\" content=\"image\/jpeg\" \/>\n<meta name=\"twitter:card\" content=\"summary_large_image\" \/>\n<meta name=\"twitter:label1\" content=\"Hinta\" \/>\n\t<meta name=\"twitter:data1\" content=\"&euro;12.00\" \/>\n\t<meta name=\"twitter:label2\" content=\"Saatavuus\" \/>\n\t<meta name=\"twitter:data2\" content=\"Varastossa\" \/>\n<meta property=\"product:price:amount\" content=\"12.00\" \/>\n<meta property=\"product:price:currency\" content=\"EUR\" \/>\n<meta property=\"og:availability\" content=\"instock\" \/>\n<meta property=\"product:availability\" content=\"instock\" \/>\n<meta property=\"product:condition\" content=\"new\" \/>\n<!-- \/ Yoast SEO Premium plugin. -->","yoast_head_json":{"title":"Monitoimity\u00f6kalu \/ Monitoimity\u00f6kalusarja 10 osaa &#8212; T\u00f5uksimaailm","description":"Monitoimity\u00f6kalu (my\u00f6s monitoimity\u00f6kalu, monitoimity\u00f6kalu), 10-osainen. S\u00e4hk\u00f6skootteritarvikkeet, ty\u00f6kalut ja tarvikkeet itsen\u00e4iseen korjaukseen.","robots":{"index":"index","follow":"follow","max-snippet":"max-snippet:-1","max-image-preview":"max-image-preview:large","max-video-preview":"max-video-preview:-1"},"canonical":"https:\/\/www.xn--tuksimaailm-ffb.ee\/fi\/shop\/monitoimityokalu-monitoimityokalusarja-10-osaa\/","og_locale":"fi_FI","og_type":"article","og_title":"Monitoimity\u00f6kalu \/ Monitoimity\u00f6kalusarja 10 osaa","og_description":"Monitoimity\u00f6kalu (my\u00f6s monitoimity\u00f6kalu, monitoimity\u00f6kalu), 10-osainen. S\u00e4hk\u00f6skootteritarvikkeet, ty\u00f6kalut ja tarvikkeet itsen\u00e4iseen korjaukseen.","og_url":"https:\/\/www.xn--tuksimaailm-ffb.ee\/fi\/shop\/monitoimityokalu-monitoimityokalusarja-10-osaa\/","og_site_name":"T\u00f5uksimaailm","article_publisher":"https:\/\/www.facebook.com\/touksimaailm\/","og_image":[{"width":424,"height":279,"url":"https:\/\/www.xn--tuksimaailm-ffb.ee\/wp-content\/uploads\/2021\/01\/multitool.jpg","type":"image\/jpeg"}],"twitter_card":"summary_large_image","twitter_misc":{"Hinta":"&euro;12.00","Saatavuus":"Varastossa"},"schema":{"@context":"https:\/\/schema.org","@graph":[{"@type":"WebPage","@id":"https:\/\/www.xn--tuksimaailm-ffb.ee\/fi\/shop\/monitoimityokalu-monitoimityokalusarja-10-osaa\/","url":"https:\/\/www.xn--tuksimaailm-ffb.ee\/fi\/shop\/monitoimityokalu-monitoimityokalusarja-10-osaa\/","name":"Monitoimity\u00f6kalu \/ Monitoimity\u00f6kalusarja 10 osaa &#8212; T\u00f5uksimaailm","isPartOf":{"@id":"https:\/\/www.xn--tuksimaailm-ffb.ee\/fi\/#website"},"primaryImageOfPage":{"@id":"https:\/\/www.xn--tuksimaailm-ffb.ee\/fi\/shop\/monitoimityokalu-monitoimityokalusarja-10-osaa\/#primaryimage"},"image":{"@id":"https:\/\/www.xn--tuksimaailm-ffb.ee\/fi\/shop\/monitoimityokalu-monitoimityokalusarja-10-osaa\/#primaryimage"},"thumbnailUrl":"https:\/\/www.xn--tuksimaailm-ffb.ee\/wp-content\/uploads\/2021\/01\/multitool.jpg","datePublished":"2021-01-16T13:58:08+00:00","description":"Monitoimity\u00f6kalu (my\u00f6s monitoimity\u00f6kalu, monitoimity\u00f6kalu), 10-osainen. S\u00e4hk\u00f6skootteritarvikkeet, ty\u00f6kalut ja tarvikkeet itsen\u00e4iseen korjaukseen.","breadcrumb":{"@id":"https:\/\/www.xn--tuksimaailm-ffb.ee\/fi\/shop\/monitoimityokalu-monitoimityokalusarja-10-osaa\/#breadcrumb"},"inLanguage":"fi","potentialAction":[{"@type":"ReadAction","target":["https:\/\/www.xn--tuksimaailm-ffb.ee\/fi\/shop\/monitoimityokalu-monitoimityokalusarja-10-osaa\/"]}]},{"@type":"ImageObject","inLanguage":"fi","@id":"https:\/\/www.xn--tuksimaailm-ffb.ee\/fi\/shop\/monitoimityokalu-monitoimityokalusarja-10-osaa\/#primaryimage","url":"https:\/\/www.xn--tuksimaailm-ffb.ee\/wp-content\/uploads\/2021\/01\/multitool.jpg","contentUrl":"https:\/\/www.xn--tuksimaailm-ffb.ee\/wp-content\/uploads\/2021\/01\/multitool.jpg","width":424,"height":279},{"@type":"BreadcrumbList","@id":"https:\/\/www.xn--tuksimaailm-ffb.ee\/fi\/shop\/monitoimityokalu-monitoimityokalusarja-10-osaa\/#breadcrumb","itemListElement":[{"@type":"ListItem","position":1,"name":"Home","item":"https:\/\/www.xn--tuksimaailm-ffb.ee\/fi\/kotisivu\/"},{"@type":"ListItem","position":2,"name":"Kauppa","item":"https:\/\/www.xn--tuksimaailm-ffb.ee\/elektritoukerataste-pood\/"},{"@type":"ListItem","position":3,"name":"Monitoimity\u00f6kalu \/ Monitoimity\u00f6kalusarja 10 osaa"}]},{"@type":"WebSite","@id":"https:\/\/www.xn--tuksimaailm-ffb.ee\/fi\/#website","url":"https:\/\/www.xn--tuksimaailm-ffb.ee\/fi\/","name":"T\u00f5uksimaailm","description":"Elektrit\u00f5ukerataste m\u00fc\u00fck, remont ja rent","publisher":{"@id":"https:\/\/www.xn--tuksimaailm-ffb.ee\/fi\/#organization"},"potentialAction":[{"@type":"SearchAction","target":{"@type":"EntryPoint","urlTemplate":"https:\/\/www.xn--tuksimaailm-ffb.ee\/fi\/?s={search_term_string}"},"query-input":{"@type":"PropertyValueSpecification","valueRequired":true,"valueName":"search_term_string"}}],"inLanguage":"fi"},{"@type":"Organization","@id":"https:\/\/www.xn--tuksimaailm-ffb.ee\/fi\/#organization","name":"T\u00f5uksimaailm","url":"https:\/\/www.xn--tuksimaailm-ffb.ee\/fi\/","logo":{"@type":"ImageObject","inLanguage":"fi","@id":"https:\/\/www.xn--tuksimaailm-ffb.ee\/fi\/#\/schema\/logo\/image\/","url":"https:\/\/www.xn--tuksimaailm-ffb.ee\/wp-content\/uploads\/2020\/01\/logoz-e1579792875517.png","contentUrl":"https:\/\/www.xn--tuksimaailm-ffb.ee\/wp-content\/uploads\/2020\/01\/logoz-e1579792875517.png","width":250,"height":250,"caption":"T\u00f5uksimaailm"},"image":{"@id":"https:\/\/www.xn--tuksimaailm-ffb.ee\/fi\/#\/schema\/logo\/image\/"},"sameAs":["https:\/\/www.facebook.com\/touksimaailm\/","https:\/\/www.instagram.com\/touksimaailm_\/","https:\/\/www.youtube.com\/channel\/UC18ml0EKIDLP1xGuQjFzcXQ"]}]},"product_price_amount":"12.00","product_price_currency":"EUR","og_availability":"instock","product_availability":"instock","product_condition":"new"},"jetpack_sharing_enabled":true,"_links":{"self":[{"href":"https:\/\/www.xn--tuksimaailm-ffb.ee\/fi\/wp-json\/wp\/v2\/product\/50037","targetHints":{"allow":["GET"]}}],"collection":[{"href":"https:\/\/www.xn--tuksimaailm-ffb.ee\/fi\/wp-json\/wp\/v2\/product"}],"about":[{"href":"https:\/\/www.xn--tuksimaailm-ffb.ee\/fi\/wp-json\/wp\/v2\/types\/product"}],"wp:featuredmedia":[{"embeddable":true,"href":"https:\/\/www.xn--tuksimaailm-ffb.ee\/fi\/wp-json\/wp\/v2\/media\/22496"}],"wp:attachment":[{"href":"https:\/\/www.xn--tuksimaailm-ffb.ee\/fi\/wp-json\/wp\/v2\/media?parent=50037"}],"wp:term":[{"taxonomy":"product_brand","embeddable":true,"href":"https:\/\/www.xn--tuksimaailm-ffb.ee\/fi\/wp-json\/wp\/v2\/product_brand?post=50037"},{"taxonomy":"product_cat","embeddable":true,"href":"https:\/\/www.xn--tuksimaailm-ffb.ee\/fi\/wp-json\/wp\/v2\/product_cat?post=50037"},{"taxonomy":"product_tag","embeddable":true,"href":"https:\/\/www.xn--tuksimaailm-ffb.ee\/fi\/wp-json\/wp\/v2\/product_tag?post=50037"},{"taxonomy":"filter_elektritoukeratas","embeddable":true,"href":"https:\/\/www.xn--tuksimaailm-ffb.ee\/fi\/wp-json\/wp\/v2\/filter_elektritoukeratas?post=50037"}],"curies":[{"name":"wp","href":"https:\/\/api.w.org\/{rel}","templated":true}]}}