{"id":50038,"date":"2021-01-08T21:22:23","date_gmt":"2021-01-08T19:22:23","guid":{"rendered":"http:\/\/www.xn--tuksimaailm-ffb.ee\/shop\/xiaomi-venttiilin-jatkosovitin-putki-m365-1s-pro-2\/"},"modified":"2025-02-06T15:16:25","modified_gmt":"2025-02-06T12:16:25","slug":"xiaomi-venttiilin-jatkosovitin-putki-m365-1s-pro-2","status":"publish","type":"product","link":"https:\/\/www.xn--tuksimaailm-ffb.ee\/fi\/shop\/xiaomi-venttiilin-jatkosovitin-putki-m365-1s-pro-2\/","title":{"rendered":"Xiaomi venttiilin jatkosovitin putki M365 1S Pro 2"},"content":{"rendered":"<p style=\"caret-color: #000000; color: #000000;\">Xiaomi venttiilin jatkoputki, joka helpottaa renkaan t\u00e4ytt\u00e4mist\u00e4. Alkuper\u00e4inen\u00a0<strong>Xiaomi-varaosa<\/strong>. Sopii kaikkien\u00a0<strong>AV<\/strong>\u00a0(auto-valve) renkaiden pumppaamiseen, mukaan lukien suositut s\u00e4hk\u00f6skootterit\u00a0<a href=\"http:\/\/www.xn--tuksimaailm-ffb.ee\/shop\/elektritouks_xiaomi-360\/\"><strong>Xiaomi M365<\/strong><\/a><strong>,\u00a0<\/strong><a href=\"http:\/\/www.xn--tuksimaailm-ffb.ee\/shop\/elektriline-toukeratas-xiaomi-mi-m365-pro\/\"><strong>Xiaomi M365 Pro<\/strong><\/a><strong>,\u00a0<\/strong><a href=\"https:\/\/www.mi.com\/global\/mi-electric-scooter-1S\/\"><strong>Xiaomi Mi 1S<\/strong><\/a><strong>,\u00a0<\/strong><a href=\"https:\/\/www.mi.com\/global\/mi-electric-scooter-Pro2\/\"><strong>Xiaomi Mi Pro 2<\/strong><\/a><strong>.<\/strong><\/p>\n","protected":false},"excerpt":{"rendered":"<p>Xiaomi venttiilin jatkoputki, joka helpottaa renkaan t\u00e4ytt\u00e4mist\u00e4. Alkuper\u00e4inen\u00a0Xiaomi-varaosa. Sopii kaikkien\u00a0AV\u00a0(auto-valve) renkaiden pumppaamiseen, mukaan lukien suositut s\u00e4hk\u00f6skootterit\u00a0Xiaomi M365,\u00a0Xiaomi M365 Pro,\u00a0Xiaomi Mi 1S,\u00a0Xiaomi Mi Pro 2.<\/p>\n","protected":false},"featured_media":22377,"template":"","meta":[],"product_brand":[],"product_cat":[1697,2949,1698],"product_tag":[],"filter_elektritoukeratas":[],"class_list":{"0":"post-50038","1":"product","2":"type-product","3":"status-publish","4":"has-post-thumbnail","6":"product_cat-lisavarusteet","7":"product_cat-tyokalut-ja-tarvikkeet","8":"product_cat-varaosat","9":"pa_tootetuup-ventiilid-ja-ventiili-pikendused-fi","11":"first","12":"instock","13":"taxable","14":"shipping-taxable","15":"purchasable","16":"product-type-simple"},"yoast_head":"<!-- This site is optimized with the Yoast SEO Premium plugin v26.8 (Yoast SEO v27.5) - https:\/\/yoast.com\/product\/yoast-seo-premium-wordpress\/ -->\n<title>Xiaomi venttiilin jatkosovitin putki M365 1S Pro 2 | T\u00f5uksimaailm<\/title>\n<meta name=\"description\" content=\"Xiaomi venttiilin jatke adapteriputki, helppoon renkaan t\u00e4ytt\u00f6\u00f6n, Xiaomi M365 (Pro), Xiaomi 1S \/ Pro 2 s\u00e4hk\u00f6skootterille.\" \/>\n<meta name=\"robots\" content=\"index, follow, max-snippet:-1, max-image-preview:large, max-video-preview:-1\" \/>\n<link rel=\"canonical\" href=\"https:\/\/www.xn--tuksimaailm-ffb.ee\/fi\/shop\/xiaomi-venttiilin-jatkosovitin-putki-m365-1s-pro-2\/\" \/>\n<meta property=\"og:locale\" content=\"fi_FI\" \/>\n<meta property=\"og:type\" content=\"article\" \/>\n<meta property=\"og:title\" content=\"Xiaomi venttiilin jatkosovitin putki M365 1S Pro 2\" \/>\n<meta property=\"og:description\" content=\"Xiaomi venttiilin jatke adapteriputki, helppoon renkaan t\u00e4ytt\u00f6\u00f6n, Xiaomi M365 (Pro), Xiaomi 1S \/ Pro 2 s\u00e4hk\u00f6skootterille.\" \/>\n<meta property=\"og:url\" content=\"https:\/\/www.xn--tuksimaailm-ffb.ee\/fi\/shop\/xiaomi-venttiilin-jatkosovitin-putki-m365-1s-pro-2\/\" \/>\n<meta property=\"og:site_name\" content=\"T\u00f5uksimaailm\" \/>\n<meta property=\"article:publisher\" content=\"https:\/\/www.facebook.com\/touksimaailm\/\" \/>\n<meta property=\"article:modified_time\" content=\"2025-02-06T12:16:25+00:00\" \/>\n<meta property=\"og:image\" content=\"https:\/\/www.xn--tuksimaailm-ffb.ee\/wp-content\/uploads\/2021\/01\/touksimaailm-05084-scaled.jpg\" \/>\n\t<meta property=\"og:image:width\" content=\"2560\" \/>\n\t<meta property=\"og:image:height\" content=\"1692\" \/>\n\t<meta property=\"og:image:type\" content=\"image\/jpeg\" \/>\n<meta name=\"twitter:card\" content=\"summary_large_image\" \/>\n<meta name=\"twitter:label1\" content=\"Hinta\" \/>\n\t<meta name=\"twitter:data1\" content=\"&euro;6.00\" \/>\n\t<meta name=\"twitter:label2\" content=\"Saatavuus\" \/>\n\t<meta name=\"twitter:data2\" content=\"Varastossa\" \/>\n<meta property=\"product:price:amount\" content=\"6.00\" \/>\n<meta property=\"product:price:currency\" content=\"EUR\" \/>\n<meta property=\"og:availability\" content=\"instock\" \/>\n<meta property=\"product:availability\" content=\"instock\" \/>\n<meta property=\"product:condition\" content=\"new\" \/>\n<!-- \/ Yoast SEO Premium plugin. -->","yoast_head_json":{"title":"Xiaomi venttiilin jatkosovitin putki M365 1S Pro 2 | T\u00f5uksimaailm","description":"Xiaomi venttiilin jatke adapteriputki, helppoon renkaan t\u00e4ytt\u00f6\u00f6n, Xiaomi M365 (Pro), Xiaomi 1S \/ Pro 2 s\u00e4hk\u00f6skootterille.","robots":{"index":"index","follow":"follow","max-snippet":"max-snippet:-1","max-image-preview":"max-image-preview:large","max-video-preview":"max-video-preview:-1"},"canonical":"https:\/\/www.xn--tuksimaailm-ffb.ee\/fi\/shop\/xiaomi-venttiilin-jatkosovitin-putki-m365-1s-pro-2\/","og_locale":"fi_FI","og_type":"article","og_title":"Xiaomi venttiilin jatkosovitin putki M365 1S Pro 2","og_description":"Xiaomi venttiilin jatke adapteriputki, helppoon renkaan t\u00e4ytt\u00f6\u00f6n, Xiaomi M365 (Pro), Xiaomi 1S \/ Pro 2 s\u00e4hk\u00f6skootterille.","og_url":"https:\/\/www.xn--tuksimaailm-ffb.ee\/fi\/shop\/xiaomi-venttiilin-jatkosovitin-putki-m365-1s-pro-2\/","og_site_name":"T\u00f5uksimaailm","article_publisher":"https:\/\/www.facebook.com\/touksimaailm\/","article_modified_time":"2025-02-06T12:16:25+00:00","og_image":[{"width":2560,"height":1692,"url":"https:\/\/www.xn--tuksimaailm-ffb.ee\/wp-content\/uploads\/2021\/01\/touksimaailm-05084-scaled.jpg","type":"image\/jpeg"}],"twitter_card":"summary_large_image","twitter_misc":{"Hinta":"&euro;6.00","Saatavuus":"Varastossa"},"schema":{"@context":"https:\/\/schema.org","@graph":[{"@type":"WebPage","@id":"https:\/\/www.xn--tuksimaailm-ffb.ee\/fi\/shop\/xiaomi-venttiilin-jatkosovitin-putki-m365-1s-pro-2\/","url":"https:\/\/www.xn--tuksimaailm-ffb.ee\/fi\/shop\/xiaomi-venttiilin-jatkosovitin-putki-m365-1s-pro-2\/","name":"Xiaomi venttiilin jatkosovitin putki M365 1S Pro 2 | T\u00f5uksimaailm","isPartOf":{"@id":"https:\/\/www.xn--tuksimaailm-ffb.ee\/fi\/#website"},"primaryImageOfPage":{"@id":"https:\/\/www.xn--tuksimaailm-ffb.ee\/fi\/shop\/xiaomi-venttiilin-jatkosovitin-putki-m365-1s-pro-2\/#primaryimage"},"image":{"@id":"https:\/\/www.xn--tuksimaailm-ffb.ee\/fi\/shop\/xiaomi-venttiilin-jatkosovitin-putki-m365-1s-pro-2\/#primaryimage"},"thumbnailUrl":"https:\/\/www.xn--tuksimaailm-ffb.ee\/wp-content\/uploads\/2021\/01\/touksimaailm-05084-scaled.jpg","datePublished":"2021-01-08T19:22:23+00:00","dateModified":"2025-02-06T12:16:25+00:00","description":"Xiaomi venttiilin jatke adapteriputki, helppoon renkaan t\u00e4ytt\u00f6\u00f6n, Xiaomi M365 (Pro), Xiaomi 1S \/ Pro 2 s\u00e4hk\u00f6skootterille.","breadcrumb":{"@id":"https:\/\/www.xn--tuksimaailm-ffb.ee\/fi\/shop\/xiaomi-venttiilin-jatkosovitin-putki-m365-1s-pro-2\/#breadcrumb"},"inLanguage":"fi","potentialAction":[{"@type":"ReadAction","target":["https:\/\/www.xn--tuksimaailm-ffb.ee\/fi\/shop\/xiaomi-venttiilin-jatkosovitin-putki-m365-1s-pro-2\/"]}]},{"@type":"ImageObject","inLanguage":"fi","@id":"https:\/\/www.xn--tuksimaailm-ffb.ee\/fi\/shop\/xiaomi-venttiilin-jatkosovitin-putki-m365-1s-pro-2\/#primaryimage","url":"https:\/\/www.xn--tuksimaailm-ffb.ee\/wp-content\/uploads\/2021\/01\/touksimaailm-05084-scaled.jpg","contentUrl":"https:\/\/www.xn--tuksimaailm-ffb.ee\/wp-content\/uploads\/2021\/01\/touksimaailm-05084-scaled.jpg","width":2560,"height":1692},{"@type":"BreadcrumbList","@id":"https:\/\/www.xn--tuksimaailm-ffb.ee\/fi\/shop\/xiaomi-venttiilin-jatkosovitin-putki-m365-1s-pro-2\/#breadcrumb","itemListElement":[{"@type":"ListItem","position":1,"name":"Home","item":"https:\/\/www.xn--tuksimaailm-ffb.ee\/fi\/kotisivu\/"},{"@type":"ListItem","position":2,"name":"Kauppa","item":"https:\/\/www.xn--tuksimaailm-ffb.ee\/elektritoukerataste-pood\/"},{"@type":"ListItem","position":3,"name":"Xiaomi venttiilin jatkosovitin putki M365 1S Pro 2"}]},{"@type":"WebSite","@id":"https:\/\/www.xn--tuksimaailm-ffb.ee\/fi\/#website","url":"https:\/\/www.xn--tuksimaailm-ffb.ee\/fi\/","name":"T\u00f5uksimaailm","description":"Elektrit\u00f5ukerataste m\u00fc\u00fck, remont ja rent","publisher":{"@id":"https:\/\/www.xn--tuksimaailm-ffb.ee\/fi\/#organization"},"potentialAction":[{"@type":"SearchAction","target":{"@type":"EntryPoint","urlTemplate":"https:\/\/www.xn--tuksimaailm-ffb.ee\/fi\/?s={search_term_string}"},"query-input":{"@type":"PropertyValueSpecification","valueRequired":true,"valueName":"search_term_string"}}],"inLanguage":"fi"},{"@type":"Organization","@id":"https:\/\/www.xn--tuksimaailm-ffb.ee\/fi\/#organization","name":"T\u00f5uksimaailm","url":"https:\/\/www.xn--tuksimaailm-ffb.ee\/fi\/","logo":{"@type":"ImageObject","inLanguage":"fi","@id":"https:\/\/www.xn--tuksimaailm-ffb.ee\/fi\/#\/schema\/logo\/image\/","url":"https:\/\/www.xn--tuksimaailm-ffb.ee\/wp-content\/uploads\/2020\/01\/logoz-e1579792875517.png","contentUrl":"https:\/\/www.xn--tuksimaailm-ffb.ee\/wp-content\/uploads\/2020\/01\/logoz-e1579792875517.png","width":250,"height":250,"caption":"T\u00f5uksimaailm"},"image":{"@id":"https:\/\/www.xn--tuksimaailm-ffb.ee\/fi\/#\/schema\/logo\/image\/"},"sameAs":["https:\/\/www.facebook.com\/touksimaailm\/","https:\/\/www.instagram.com\/touksimaailm_\/","https:\/\/www.youtube.com\/channel\/UC18ml0EKIDLP1xGuQjFzcXQ"]}]},"product_price_amount":"6.00","product_price_currency":"EUR","og_availability":"instock","product_availability":"instock","product_condition":"new"},"jetpack_sharing_enabled":true,"_links":{"self":[{"href":"https:\/\/www.xn--tuksimaailm-ffb.ee\/fi\/wp-json\/wp\/v2\/product\/50038","targetHints":{"allow":["GET"]}}],"collection":[{"href":"https:\/\/www.xn--tuksimaailm-ffb.ee\/fi\/wp-json\/wp\/v2\/product"}],"about":[{"href":"https:\/\/www.xn--tuksimaailm-ffb.ee\/fi\/wp-json\/wp\/v2\/types\/product"}],"wp:featuredmedia":[{"embeddable":true,"href":"https:\/\/www.xn--tuksimaailm-ffb.ee\/fi\/wp-json\/wp\/v2\/media\/22377"}],"wp:attachment":[{"href":"https:\/\/www.xn--tuksimaailm-ffb.ee\/fi\/wp-json\/wp\/v2\/media?parent=50038"}],"wp:term":[{"taxonomy":"product_brand","embeddable":true,"href":"https:\/\/www.xn--tuksimaailm-ffb.ee\/fi\/wp-json\/wp\/v2\/product_brand?post=50038"},{"taxonomy":"product_cat","embeddable":true,"href":"https:\/\/www.xn--tuksimaailm-ffb.ee\/fi\/wp-json\/wp\/v2\/product_cat?post=50038"},{"taxonomy":"product_tag","embeddable":true,"href":"https:\/\/www.xn--tuksimaailm-ffb.ee\/fi\/wp-json\/wp\/v2\/product_tag?post=50038"},{"taxonomy":"filter_elektritoukeratas","embeddable":true,"href":"https:\/\/www.xn--tuksimaailm-ffb.ee\/fi\/wp-json\/wp\/v2\/filter_elektritoukeratas?post=50038"}],"curies":[{"name":"wp","href":"https:\/\/api.w.org\/{rel}","templated":true}]}}