{"id":50043,"date":"2021-01-08T20:49:05","date_gmt":"2021-01-08T18:49:05","guid":{"rendered":"http:\/\/www.xn--tuksimaailm-ffb.ee\/shop\/venttiilin-jatke-135-astetta-venttiilin-kanssa\/"},"modified":"2025-02-06T15:25:42","modified_gmt":"2025-02-06T12:25:42","slug":"venttiilin-jatke-135-astetta-venttiilin-kanssa","status":"publish","type":"product","link":"https:\/\/www.xn--tuksimaailm-ffb.ee\/fi\/shop\/venttiilin-jatke-135-astetta-venttiilin-kanssa\/","title":{"rendered":"Venttiilin jatke - 135 astetta, venttiilin kanssa"},"content":{"rendered":"<p style=\"caret-color: #000000; color: #000000;\">Venttiilin jatke (my\u00f6s sovitin) renkaan t\u00e4ytt\u00e4misen helpottamiseksi. Venttiilin jatke on venttiilill\u00e4 varustettu, eik\u00e4 se p\u00e4\u00e4st\u00e4 ilmaa l\u00e4pi, kun se on asennettu venttiiliin. Sovittimen kulma on\u00a0<strong>135 astetta<\/strong>, ja se sopii\u00a0<strong>AV-renkaisiin<\/strong>(automaattiventtiilirenkaisiin).<\/p>\n","protected":false},"excerpt":{"rendered":"<p>Venttiilin jatke (my\u00f6s sovitin) renkaan t\u00e4ytt\u00e4misen helpottamiseksi. Venttiilin jatke on venttiilill\u00e4 varustettu, eik\u00e4 se p\u00e4\u00e4st\u00e4 ilmaa l\u00e4pi, kun se on asennettu venttiiliin. Sovittimen kulma on\u00a0135 astetta, ja se sopii\u00a0AV-renkaisiin(automaattiventtiilirenkaisiin).<\/p>\n","protected":false},"featured_media":54599,"template":"","meta":[],"product_brand":[],"product_cat":[1697,2949,1698],"product_tag":[],"filter_elektritoukeratas":[],"class_list":{"0":"post-50043","1":"product","2":"type-product","3":"status-publish","4":"has-post-thumbnail","6":"product_cat-lisavarusteet","7":"product_cat-tyokalut-ja-tarvikkeet","8":"product_cat-varaosat","9":"pa_tootetuup-ventiilid-ja-ventiili-pikendused-fi","11":"first","12":"instock","13":"taxable","14":"shipping-taxable","15":"purchasable","16":"product-type-simple"},"yoast_head":"<!-- This site is optimized with the Yoast SEO Premium plugin v26.8 (Yoast SEO v27.5) - https:\/\/yoast.com\/product\/yoast-seo-premium-wordpress\/ -->\n<title>Venttiilin jatke - 135 astetta, venttiilin kanssa | T\u00f5uksimaailm | T\u00f6\u00f6riistad<\/title>\n<meta name=\"description\" content=\"Venttiilin jatke (my\u00f6s sovitin), joka helpottaa renkaan t\u00e4ytt\u00e4mist\u00e4. Sovittimen kulma on 135 astetta, ja se sopii AV-renkaisiin (automaattinen venttiili).\" \/>\n<meta name=\"robots\" content=\"index, follow, max-snippet:-1, max-image-preview:large, max-video-preview:-1\" \/>\n<link rel=\"canonical\" href=\"https:\/\/www.xn--tuksimaailm-ffb.ee\/fi\/shop\/venttiilin-jatke-135-astetta-venttiilin-kanssa\/\" \/>\n<meta property=\"og:locale\" content=\"fi_FI\" \/>\n<meta property=\"og:type\" content=\"article\" \/>\n<meta property=\"og:title\" content=\"Venttiilin jatke - 135 astetta, venttiilin kanssa\" \/>\n<meta property=\"og:description\" content=\"Venttiilin jatke (my\u00f6s sovitin), joka helpottaa renkaan t\u00e4ytt\u00e4mist\u00e4. Sovittimen kulma on 135 astetta, ja se sopii AV-renkaisiin (automaattinen venttiili).\" \/>\n<meta property=\"og:url\" content=\"https:\/\/www.xn--tuksimaailm-ffb.ee\/fi\/shop\/venttiilin-jatke-135-astetta-venttiilin-kanssa\/\" \/>\n<meta property=\"og:site_name\" content=\"T\u00f5uksimaailm\" \/>\n<meta property=\"article:publisher\" content=\"https:\/\/www.facebook.com\/touksimaailm\/\" \/>\n<meta property=\"article:modified_time\" content=\"2025-02-06T12:25:42+00:00\" \/>\n<meta property=\"og:image\" content=\"https:\/\/www.xn--tuksimaailm-ffb.ee\/wp-content\/uploads\/2021\/01\/Screenshot-2025-01-14-163227.webp\" \/>\n\t<meta property=\"og:image:width\" content=\"642\" \/>\n\t<meta property=\"og:image:height\" content=\"369\" \/>\n\t<meta property=\"og:image:type\" content=\"image\/webp\" \/>\n<meta name=\"twitter:card\" content=\"summary_large_image\" \/>\n<meta name=\"twitter:label1\" content=\"Hinta\" \/>\n\t<meta name=\"twitter:data1\" content=\"&euro;5.00\" \/>\n\t<meta name=\"twitter:label2\" content=\"Saatavuus\" \/>\n\t<meta name=\"twitter:data2\" content=\"Varastossa\" \/>\n<meta property=\"product:price:amount\" content=\"5.00\" \/>\n<meta property=\"product:price:currency\" content=\"EUR\" \/>\n<meta property=\"og:availability\" content=\"instock\" \/>\n<meta property=\"product:availability\" content=\"instock\" \/>\n<meta property=\"product:condition\" content=\"new\" \/>\n<!-- \/ Yoast SEO Premium plugin. -->","yoast_head_json":{"title":"Venttiilin jatke - 135 astetta, venttiilin kanssa | T\u00f5uksimaailm | T\u00f6\u00f6riistad","description":"Venttiilin jatke (my\u00f6s sovitin), joka helpottaa renkaan t\u00e4ytt\u00e4mist\u00e4. Sovittimen kulma on 135 astetta, ja se sopii AV-renkaisiin (automaattinen venttiili).","robots":{"index":"index","follow":"follow","max-snippet":"max-snippet:-1","max-image-preview":"max-image-preview:large","max-video-preview":"max-video-preview:-1"},"canonical":"https:\/\/www.xn--tuksimaailm-ffb.ee\/fi\/shop\/venttiilin-jatke-135-astetta-venttiilin-kanssa\/","og_locale":"fi_FI","og_type":"article","og_title":"Venttiilin jatke - 135 astetta, venttiilin kanssa","og_description":"Venttiilin jatke (my\u00f6s sovitin), joka helpottaa renkaan t\u00e4ytt\u00e4mist\u00e4. Sovittimen kulma on 135 astetta, ja se sopii AV-renkaisiin (automaattinen venttiili).","og_url":"https:\/\/www.xn--tuksimaailm-ffb.ee\/fi\/shop\/venttiilin-jatke-135-astetta-venttiilin-kanssa\/","og_site_name":"T\u00f5uksimaailm","article_publisher":"https:\/\/www.facebook.com\/touksimaailm\/","article_modified_time":"2025-02-06T12:25:42+00:00","og_image":[{"width":642,"height":369,"url":"https:\/\/www.xn--tuksimaailm-ffb.ee\/wp-content\/uploads\/2021\/01\/Screenshot-2025-01-14-163227.webp","type":"image\/webp"}],"twitter_card":"summary_large_image","twitter_misc":{"Hinta":"&euro;5.00","Saatavuus":"Varastossa"},"schema":{"@context":"https:\/\/schema.org","@graph":[{"@type":"WebPage","@id":"https:\/\/www.xn--tuksimaailm-ffb.ee\/fi\/shop\/venttiilin-jatke-135-astetta-venttiilin-kanssa\/","url":"https:\/\/www.xn--tuksimaailm-ffb.ee\/fi\/shop\/venttiilin-jatke-135-astetta-venttiilin-kanssa\/","name":"Venttiilin jatke - 135 astetta, venttiilin kanssa | T\u00f5uksimaailm | T\u00f6\u00f6riistad","isPartOf":{"@id":"https:\/\/www.xn--tuksimaailm-ffb.ee\/fi\/#website"},"primaryImageOfPage":{"@id":"https:\/\/www.xn--tuksimaailm-ffb.ee\/fi\/shop\/venttiilin-jatke-135-astetta-venttiilin-kanssa\/#primaryimage"},"image":{"@id":"https:\/\/www.xn--tuksimaailm-ffb.ee\/fi\/shop\/venttiilin-jatke-135-astetta-venttiilin-kanssa\/#primaryimage"},"thumbnailUrl":"https:\/\/www.xn--tuksimaailm-ffb.ee\/wp-content\/uploads\/2021\/01\/Screenshot-2025-01-14-163227.webp","datePublished":"2021-01-08T18:49:05+00:00","dateModified":"2025-02-06T12:25:42+00:00","description":"Venttiilin jatke (my\u00f6s sovitin), joka helpottaa renkaan t\u00e4ytt\u00e4mist\u00e4. Sovittimen kulma on 135 astetta, ja se sopii AV-renkaisiin (automaattinen venttiili).","breadcrumb":{"@id":"https:\/\/www.xn--tuksimaailm-ffb.ee\/fi\/shop\/venttiilin-jatke-135-astetta-venttiilin-kanssa\/#breadcrumb"},"inLanguage":"fi","potentialAction":[{"@type":"ReadAction","target":["https:\/\/www.xn--tuksimaailm-ffb.ee\/fi\/shop\/venttiilin-jatke-135-astetta-venttiilin-kanssa\/"]}]},{"@type":"ImageObject","inLanguage":"fi","@id":"https:\/\/www.xn--tuksimaailm-ffb.ee\/fi\/shop\/venttiilin-jatke-135-astetta-venttiilin-kanssa\/#primaryimage","url":"https:\/\/www.xn--tuksimaailm-ffb.ee\/wp-content\/uploads\/2021\/01\/Screenshot-2025-01-14-163227.webp","contentUrl":"https:\/\/www.xn--tuksimaailm-ffb.ee\/wp-content\/uploads\/2021\/01\/Screenshot-2025-01-14-163227.webp","width":642,"height":369,"caption":"Ventiili pikendus - 135 kraadi, ventiiliga"},{"@type":"BreadcrumbList","@id":"https:\/\/www.xn--tuksimaailm-ffb.ee\/fi\/shop\/venttiilin-jatke-135-astetta-venttiilin-kanssa\/#breadcrumb","itemListElement":[{"@type":"ListItem","position":1,"name":"Home","item":"https:\/\/www.xn--tuksimaailm-ffb.ee\/fi\/kotisivu\/"},{"@type":"ListItem","position":2,"name":"Kauppa","item":"https:\/\/www.xn--tuksimaailm-ffb.ee\/elektritoukerataste-pood\/"},{"@type":"ListItem","position":3,"name":"Venttiilin jatke - 135 astetta, venttiilin kanssa"}]},{"@type":"WebSite","@id":"https:\/\/www.xn--tuksimaailm-ffb.ee\/fi\/#website","url":"https:\/\/www.xn--tuksimaailm-ffb.ee\/fi\/","name":"T\u00f5uksimaailm","description":"Elektrit\u00f5ukerataste m\u00fc\u00fck, remont ja rent","publisher":{"@id":"https:\/\/www.xn--tuksimaailm-ffb.ee\/fi\/#organization"},"potentialAction":[{"@type":"SearchAction","target":{"@type":"EntryPoint","urlTemplate":"https:\/\/www.xn--tuksimaailm-ffb.ee\/fi\/?s={search_term_string}"},"query-input":{"@type":"PropertyValueSpecification","valueRequired":true,"valueName":"search_term_string"}}],"inLanguage":"fi"},{"@type":"Organization","@id":"https:\/\/www.xn--tuksimaailm-ffb.ee\/fi\/#organization","name":"T\u00f5uksimaailm","url":"https:\/\/www.xn--tuksimaailm-ffb.ee\/fi\/","logo":{"@type":"ImageObject","inLanguage":"fi","@id":"https:\/\/www.xn--tuksimaailm-ffb.ee\/fi\/#\/schema\/logo\/image\/","url":"https:\/\/www.xn--tuksimaailm-ffb.ee\/wp-content\/uploads\/2020\/01\/logoz-e1579792875517.png","contentUrl":"https:\/\/www.xn--tuksimaailm-ffb.ee\/wp-content\/uploads\/2020\/01\/logoz-e1579792875517.png","width":250,"height":250,"caption":"T\u00f5uksimaailm"},"image":{"@id":"https:\/\/www.xn--tuksimaailm-ffb.ee\/fi\/#\/schema\/logo\/image\/"},"sameAs":["https:\/\/www.facebook.com\/touksimaailm\/","https:\/\/www.instagram.com\/touksimaailm_\/","https:\/\/www.youtube.com\/channel\/UC18ml0EKIDLP1xGuQjFzcXQ"]}]},"product_price_amount":"5.00","product_price_currency":"EUR","og_availability":"instock","product_availability":"instock","product_condition":"new"},"jetpack_sharing_enabled":true,"_links":{"self":[{"href":"https:\/\/www.xn--tuksimaailm-ffb.ee\/fi\/wp-json\/wp\/v2\/product\/50043","targetHints":{"allow":["GET"]}}],"collection":[{"href":"https:\/\/www.xn--tuksimaailm-ffb.ee\/fi\/wp-json\/wp\/v2\/product"}],"about":[{"href":"https:\/\/www.xn--tuksimaailm-ffb.ee\/fi\/wp-json\/wp\/v2\/types\/product"}],"wp:featuredmedia":[{"embeddable":true,"href":"https:\/\/www.xn--tuksimaailm-ffb.ee\/fi\/wp-json\/wp\/v2\/media\/54599"}],"wp:attachment":[{"href":"https:\/\/www.xn--tuksimaailm-ffb.ee\/fi\/wp-json\/wp\/v2\/media?parent=50043"}],"wp:term":[{"taxonomy":"product_brand","embeddable":true,"href":"https:\/\/www.xn--tuksimaailm-ffb.ee\/fi\/wp-json\/wp\/v2\/product_brand?post=50043"},{"taxonomy":"product_cat","embeddable":true,"href":"https:\/\/www.xn--tuksimaailm-ffb.ee\/fi\/wp-json\/wp\/v2\/product_cat?post=50043"},{"taxonomy":"product_tag","embeddable":true,"href":"https:\/\/www.xn--tuksimaailm-ffb.ee\/fi\/wp-json\/wp\/v2\/product_tag?post=50043"},{"taxonomy":"filter_elektritoukeratas","embeddable":true,"href":"https:\/\/www.xn--tuksimaailm-ffb.ee\/fi\/wp-json\/wp\/v2\/filter_elektritoukeratas?post=50043"}],"curies":[{"name":"wp","href":"https:\/\/api.w.org\/{rel}","templated":true}]}}