{"id":50048,"date":"2020-04-12T19:46:26","date_gmt":"2020-04-12T19:46:26","guid":{"rendered":"http:\/\/www.xn--tuksimaailm-ffb.ee\/shop\/metalliset-rengasraudat-super-b-premium\/"},"modified":"2026-02-11T23:27:14","modified_gmt":"2026-02-11T21:27:14","slug":"metalliset-rengasraudat-super-b-premium","status":"publish","type":"product","link":"https:\/\/www.xn--tuksimaailm-ffb.ee\/fi\/shop\/metalliset-rengasraudat-super-b-premium\/","title":{"rendered":"Metalliset rengasraudat Super B Premium"},"content":{"rendered":"<p>Metalliset kumivivut <strong>Super B Premium TB-TL20<\/strong>. Sarja sis\u00e4lt\u00e4\u00e4 <strong>2 pitk\u00e4\u00e4 ter\u00e4ksist\u00e4 kumivipua<\/strong>, jotka sopivat erinomaisesti s\u00e4hk\u00f6skoottereiden sis\u00e4- ja ulkorenkaiden vaihtamiseen. Metalliset kumivivut on valmistettu liukumattomasta materiaalista. T\u00e4m\u00e4 tekee raskaimpienkin renkaiden irrottamisesta ja asentamisesta nopeaa ja helppoa. N\u00e4it\u00e4 kumivipuja k\u00e4yt\u00e4mme <a href=\"https:\/\/xn--tuksimaailm-ffb.ee\/elektrilise-toukeratta-remont\/\">korjaamossamme<\/a> s\u00e4hk\u00f6mopojen renkaiden vaihtoon.<\/p>\n<p>Vivut sopivat erinomaisesti suositun <strong>Xiaomi Mi M365 (Pro)<\/strong> ja <strong>Gotrax GXL<\/strong> -s\u00e4hk\u00f6hissin renkaiden vaihtoon. Tarjoamme my\u00f6s edullisimmat metalliset renkaanvaihtovivut: <a href=\"https:\/\/xn--tuksimaailm-ffb.ee\/shop\/pikad-metallist-kummiheeblid-kuldsed\/\"><strong>Pitk\u00e4t metalliset kumivivut - kullanv\u00e4riset<\/strong><\/a> <a href=\"https:\/\/xn--tuksimaailm-ffb.ee\/shop\/metallist-kummiheeblid-toopre-3tk\/\"><strong>Metalliset kumivivut Toopre 3kpl<\/strong><\/a> Jos haluat lis\u00e4tietoja s\u00e4hk\u00f6skootterin renkaanvaihdosta, lue <a href=\"https:\/\/www.xn--tuksimaailm-ffb.ee\/fi\/sahkoskootterin-renkaan-vaihto\/\">blogikirjoituksemme.<\/a><\/p>\n","protected":false},"excerpt":{"rendered":"<p>Metalliset kumivivut Super B Premium TB-TL20. Sarja sis\u00e4lt\u00e4\u00e4 2 pitk\u00e4\u00e4 ter\u00e4ksist\u00e4 kumivipua, jotka sopivat erinomaisesti s\u00e4hk\u00f6skoottereiden sis\u00e4- ja ulkorenkaiden vaihtamiseen. Metalliset kumivivut on valmistettu liukumattomasta materiaalista. T\u00e4m\u00e4 tekee raskaimpienkin renkaiden irrottamisesta ja asentamisesta nopeaa ja helppoa. N\u00e4it\u00e4 kumivipuja k\u00e4yt\u00e4mme korjaamossamme s\u00e4hk\u00f6mopojen renkaiden vaihtoon. Vivut sopivat erinomaisesti suositun Xiaomi Mi M365 &hellip;<\/p>\n","protected":false},"featured_media":22111,"template":"","meta":[],"product_brand":[],"product_cat":[2949],"product_tag":[],"filter_elektritoukeratas":[],"class_list":{"0":"post-50048","1":"product","2":"type-product","3":"status-publish","4":"has-post-thumbnail","6":"product_cat-tyokalut-ja-tarvikkeet","7":"pa_tootetuup-tyokalut-ja-tarvikkeet","9":"first","10":"instock","11":"taxable","12":"shipping-taxable","13":"purchasable","14":"product-type-simple"},"yoast_head":"<!-- This site is optimized with the Yoast SEO Premium plugin v26.8 (Yoast SEO v27.5) - https:\/\/yoast.com\/product\/yoast-seo-premium-wordpress\/ -->\n<title>Metalliset rengasraudat Super B Premium &#8212; T\u00f5uksimaailm - Ty\u00f6kalut ty\u00f6kaluja<\/title>\n<meta name=\"description\" content=\"Metalliset kumivivut Super B Premium -s\u00e4hk\u00f6potkulautojen renkaiden vaihtoon. Sarja sis\u00e4lt\u00e4\u00e4 2 pitk\u00e4\u00e4 ter\u00e4ksist\u00e4 kumivipua.\" \/>\n<meta name=\"robots\" content=\"index, follow, max-snippet:-1, max-image-preview:large, max-video-preview:-1\" \/>\n<link rel=\"canonical\" href=\"https:\/\/www.xn--tuksimaailm-ffb.ee\/fi\/shop\/metalliset-rengasraudat-super-b-premium\/\" \/>\n<meta property=\"og:locale\" content=\"fi_FI\" \/>\n<meta property=\"og:type\" content=\"article\" \/>\n<meta property=\"og:title\" content=\"Metalliset rengasraudat Super B Premium\" \/>\n<meta property=\"og:description\" content=\"Metalliset kumivivut Super B Premium -s\u00e4hk\u00f6potkulautojen renkaiden vaihtoon. Sarja sis\u00e4lt\u00e4\u00e4 2 pitk\u00e4\u00e4 ter\u00e4ksist\u00e4 kumivipua.\" \/>\n<meta property=\"og:url\" content=\"https:\/\/www.xn--tuksimaailm-ffb.ee\/fi\/shop\/metalliset-rengasraudat-super-b-premium\/\" \/>\n<meta property=\"og:site_name\" content=\"T\u00f5uksimaailm\" \/>\n<meta property=\"article:publisher\" content=\"https:\/\/www.facebook.com\/touksimaailm\/\" \/>\n<meta property=\"article:modified_time\" content=\"2026-02-11T21:27:14+00:00\" \/>\n<meta property=\"og:image\" content=\"https:\/\/www.xn--tuksimaailm-ffb.ee\/wp-content\/uploads\/2020\/04\/kummiheeblid-super-b-premium-kh-tbtl20.jpg\" \/>\n\t<meta property=\"og:image:width\" content=\"800\" \/>\n\t<meta property=\"og:image:height\" content=\"600\" \/>\n\t<meta property=\"og:image:type\" content=\"image\/jpeg\" \/>\n<meta name=\"twitter:card\" content=\"summary_large_image\" \/>\n<meta name=\"twitter:label1\" content=\"Hinta\" \/>\n\t<meta name=\"twitter:data1\" content=\"&euro;35.00\" \/>\n\t<meta name=\"twitter:label2\" content=\"Saatavuus\" \/>\n\t<meta name=\"twitter:data2\" content=\"Varastossa\" \/>\n<meta property=\"product:price:amount\" content=\"35.00\" \/>\n<meta property=\"product:price:currency\" content=\"EUR\" \/>\n<meta property=\"og:availability\" content=\"instock\" \/>\n<meta property=\"product:availability\" content=\"instock\" \/>\n<meta property=\"product:condition\" content=\"new\" \/>\n<!-- \/ Yoast SEO Premium plugin. -->","yoast_head_json":{"title":"Metalliset rengasraudat Super B Premium &#8212; T\u00f5uksimaailm - Ty\u00f6kalut ty\u00f6kaluja","description":"Metalliset kumivivut Super B Premium -s\u00e4hk\u00f6potkulautojen renkaiden vaihtoon. Sarja sis\u00e4lt\u00e4\u00e4 2 pitk\u00e4\u00e4 ter\u00e4ksist\u00e4 kumivipua.","robots":{"index":"index","follow":"follow","max-snippet":"max-snippet:-1","max-image-preview":"max-image-preview:large","max-video-preview":"max-video-preview:-1"},"canonical":"https:\/\/www.xn--tuksimaailm-ffb.ee\/fi\/shop\/metalliset-rengasraudat-super-b-premium\/","og_locale":"fi_FI","og_type":"article","og_title":"Metalliset rengasraudat Super B Premium","og_description":"Metalliset kumivivut Super B Premium -s\u00e4hk\u00f6potkulautojen renkaiden vaihtoon. Sarja sis\u00e4lt\u00e4\u00e4 2 pitk\u00e4\u00e4 ter\u00e4ksist\u00e4 kumivipua.","og_url":"https:\/\/www.xn--tuksimaailm-ffb.ee\/fi\/shop\/metalliset-rengasraudat-super-b-premium\/","og_site_name":"T\u00f5uksimaailm","article_publisher":"https:\/\/www.facebook.com\/touksimaailm\/","article_modified_time":"2026-02-11T21:27:14+00:00","og_image":[{"width":800,"height":600,"url":"https:\/\/www.xn--tuksimaailm-ffb.ee\/wp-content\/uploads\/2020\/04\/kummiheeblid-super-b-premium-kh-tbtl20.jpg","type":"image\/jpeg"}],"twitter_card":"summary_large_image","twitter_misc":{"Hinta":"&euro;35.00","Saatavuus":"Varastossa"},"schema":{"@context":"https:\/\/schema.org","@graph":[{"@type":"WebPage","@id":"https:\/\/www.xn--tuksimaailm-ffb.ee\/fi\/shop\/metalliset-rengasraudat-super-b-premium\/","url":"https:\/\/www.xn--tuksimaailm-ffb.ee\/fi\/shop\/metalliset-rengasraudat-super-b-premium\/","name":"Metalliset rengasraudat Super B Premium &#8212; T\u00f5uksimaailm - Ty\u00f6kalut ty\u00f6kaluja","isPartOf":{"@id":"https:\/\/www.xn--tuksimaailm-ffb.ee\/fi\/#website"},"primaryImageOfPage":{"@id":"https:\/\/www.xn--tuksimaailm-ffb.ee\/fi\/shop\/metalliset-rengasraudat-super-b-premium\/#primaryimage"},"image":{"@id":"https:\/\/www.xn--tuksimaailm-ffb.ee\/fi\/shop\/metalliset-rengasraudat-super-b-premium\/#primaryimage"},"thumbnailUrl":"https:\/\/www.xn--tuksimaailm-ffb.ee\/wp-content\/uploads\/2020\/04\/kummiheeblid-super-b-premium-kh-tbtl20.jpg","datePublished":"2020-04-12T19:46:26+00:00","dateModified":"2026-02-11T21:27:14+00:00","description":"Metalliset kumivivut Super B Premium -s\u00e4hk\u00f6potkulautojen renkaiden vaihtoon. Sarja sis\u00e4lt\u00e4\u00e4 2 pitk\u00e4\u00e4 ter\u00e4ksist\u00e4 kumivipua.","breadcrumb":{"@id":"https:\/\/www.xn--tuksimaailm-ffb.ee\/fi\/shop\/metalliset-rengasraudat-super-b-premium\/#breadcrumb"},"inLanguage":"fi","potentialAction":[{"@type":"ReadAction","target":["https:\/\/www.xn--tuksimaailm-ffb.ee\/fi\/shop\/metalliset-rengasraudat-super-b-premium\/"]}]},{"@type":"ImageObject","inLanguage":"fi","@id":"https:\/\/www.xn--tuksimaailm-ffb.ee\/fi\/shop\/metalliset-rengasraudat-super-b-premium\/#primaryimage","url":"https:\/\/www.xn--tuksimaailm-ffb.ee\/wp-content\/uploads\/2020\/04\/kummiheeblid-super-b-premium-kh-tbtl20.jpg","contentUrl":"https:\/\/www.xn--tuksimaailm-ffb.ee\/wp-content\/uploads\/2020\/04\/kummiheeblid-super-b-premium-kh-tbtl20.jpg","width":800,"height":600},{"@type":"BreadcrumbList","@id":"https:\/\/www.xn--tuksimaailm-ffb.ee\/fi\/shop\/metalliset-rengasraudat-super-b-premium\/#breadcrumb","itemListElement":[{"@type":"ListItem","position":1,"name":"Home","item":"https:\/\/www.xn--tuksimaailm-ffb.ee\/fi\/kotisivu\/"},{"@type":"ListItem","position":2,"name":"Kauppa","item":"https:\/\/www.xn--tuksimaailm-ffb.ee\/elektritoukerataste-pood\/"},{"@type":"ListItem","position":3,"name":"Metalliset rengasraudat Super B Premium"}]},{"@type":"WebSite","@id":"https:\/\/www.xn--tuksimaailm-ffb.ee\/fi\/#website","url":"https:\/\/www.xn--tuksimaailm-ffb.ee\/fi\/","name":"T\u00f5uksimaailm","description":"Elektrit\u00f5ukerataste m\u00fc\u00fck, remont ja rent","publisher":{"@id":"https:\/\/www.xn--tuksimaailm-ffb.ee\/fi\/#organization"},"potentialAction":[{"@type":"SearchAction","target":{"@type":"EntryPoint","urlTemplate":"https:\/\/www.xn--tuksimaailm-ffb.ee\/fi\/?s={search_term_string}"},"query-input":{"@type":"PropertyValueSpecification","valueRequired":true,"valueName":"search_term_string"}}],"inLanguage":"fi"},{"@type":"Organization","@id":"https:\/\/www.xn--tuksimaailm-ffb.ee\/fi\/#organization","name":"T\u00f5uksimaailm","url":"https:\/\/www.xn--tuksimaailm-ffb.ee\/fi\/","logo":{"@type":"ImageObject","inLanguage":"fi","@id":"https:\/\/www.xn--tuksimaailm-ffb.ee\/fi\/#\/schema\/logo\/image\/","url":"https:\/\/www.xn--tuksimaailm-ffb.ee\/wp-content\/uploads\/2020\/01\/logoz-e1579792875517.png","contentUrl":"https:\/\/www.xn--tuksimaailm-ffb.ee\/wp-content\/uploads\/2020\/01\/logoz-e1579792875517.png","width":250,"height":250,"caption":"T\u00f5uksimaailm"},"image":{"@id":"https:\/\/www.xn--tuksimaailm-ffb.ee\/fi\/#\/schema\/logo\/image\/"},"sameAs":["https:\/\/www.facebook.com\/touksimaailm\/","https:\/\/www.instagram.com\/touksimaailm_\/","https:\/\/www.youtube.com\/channel\/UC18ml0EKIDLP1xGuQjFzcXQ"]}]},"product_price_amount":"35.00","product_price_currency":"EUR","og_availability":"instock","product_availability":"instock","product_condition":"new"},"jetpack_sharing_enabled":true,"_links":{"self":[{"href":"https:\/\/www.xn--tuksimaailm-ffb.ee\/fi\/wp-json\/wp\/v2\/product\/50048","targetHints":{"allow":["GET"]}}],"collection":[{"href":"https:\/\/www.xn--tuksimaailm-ffb.ee\/fi\/wp-json\/wp\/v2\/product"}],"about":[{"href":"https:\/\/www.xn--tuksimaailm-ffb.ee\/fi\/wp-json\/wp\/v2\/types\/product"}],"wp:featuredmedia":[{"embeddable":true,"href":"https:\/\/www.xn--tuksimaailm-ffb.ee\/fi\/wp-json\/wp\/v2\/media\/22111"}],"wp:attachment":[{"href":"https:\/\/www.xn--tuksimaailm-ffb.ee\/fi\/wp-json\/wp\/v2\/media?parent=50048"}],"wp:term":[{"taxonomy":"product_brand","embeddable":true,"href":"https:\/\/www.xn--tuksimaailm-ffb.ee\/fi\/wp-json\/wp\/v2\/product_brand?post=50048"},{"taxonomy":"product_cat","embeddable":true,"href":"https:\/\/www.xn--tuksimaailm-ffb.ee\/fi\/wp-json\/wp\/v2\/product_cat?post=50048"},{"taxonomy":"product_tag","embeddable":true,"href":"https:\/\/www.xn--tuksimaailm-ffb.ee\/fi\/wp-json\/wp\/v2\/product_tag?post=50048"},{"taxonomy":"filter_elektritoukeratas","embeddable":true,"href":"https:\/\/www.xn--tuksimaailm-ffb.ee\/fi\/wp-json\/wp\/v2\/filter_elektritoukeratas?post=50048"}],"curies":[{"name":"wp","href":"https:\/\/api.w.org\/{rel}","templated":true}]}}