{"id":50292,"date":"2023-02-26T16:51:31","date_gmt":"2023-02-26T13:51:31","guid":{"rendered":"http:\/\/www.xn--tuksimaailm-ffb.ee\/shop\/segway-ninebot-f25i-sahkopotkulauta-eol\/"},"modified":"2023-02-26T16:51:31","modified_gmt":"2023-02-26T13:51:31","slug":"segway-ninebot-f25i-sahkopotkulauta-eol","status":"publish","type":"product","link":"https:\/\/www.xn--tuksimaailm-ffb.ee\/fi\/shop\/segway-ninebot-f25i-sahkopotkulauta-eol\/","title":{"rendered":"Segway Ninebot F25I s\u00e4hk\u00f6potkulauta (EOL)"},"content":{"rendered":"<h2 style=\"text-align: center;\">SEGWAY NINEBOT F25I S\u00c4HK\u00d6POTKULAUTA - TUOTE KUVAUS<\/h2>\n<p>Segway Ninebotin uudet F-sarjan s\u00e4hk\u00f6skootterit. Uusi Segway Ninebot F25I F-sarjan s\u00e4hk\u00f6skootteri on pienikokoinen ja edullinen. F25I-s\u00e4hk\u00f6skootteri on varustettu suuntavilkuilla sek\u00e4 edess\u00e4 ett\u00e4 takana turvallista ajoa varten. Ninebot F25I -s\u00e4hk\u00f6skootteri on my\u00f6s t\u00e4ynn\u00e4 nykyaikaisia lis\u00e4varusteita ja kaikkea, mit\u00e4 kunnon s\u00e4hk\u00f6skootterissa pit\u00e4\u00e4 olla.<\/p>\n<p style=\"caret-color: #000000; color: #000000;\">Segway Ninebot -s\u00e4hk\u00f6skootterit ovat saavuttaneet markkinoilla tunnustusta vankan rakenteensa ja vakaan k\u00e4sittelyns\u00e4 ansiosta. My\u00f6s Ninebot F25I -s\u00e4hk\u00f6skootteri on kehitetty s\u00e4ilytt\u00e4m\u00e4\u00e4n kaikki hyv\u00e4t ominaisuudet. T\u00e4t\u00e4 varten F25I-s\u00e4hk\u00f6skootterissa on kevyt ilmailualumiinirunko ja se on my\u00f6s eritt\u00e4in tehokas. Ninebot F25I on F-sarjan pienin akkuk\u00e4ytt\u00f6inen malli. Muut Segway Ninebot F-sarjan s\u00e4hk\u00f6skootterit l\u00f6yd\u00e4t\u00a0<a href=\"http:\/\/www.xn--tuksimaailm-ffb.ee\/tootekategooria\/elektritoukeratas\/?swoof=1&amp;pa_valmistaja=segway&amp;really_curr_tax=21-product_cat\">t\u00e4\u00e4lt\u00e4<\/a>.<\/p>\n<p><iframe title=\"Ninebot KickScooter F25I by Segway\" width=\"1082\" height=\"609\" src=\"https:\/\/www.youtube.com\/embed\/_-uMbDUA5wg?feature=oembed\" frameborder=\"0\" allow=\"accelerometer; autoplay; clipboard-write; encrypted-media; gyroscope; picture-in-picture; web-share\" referrerpolicy=\"strict-origin-when-cross-origin\" allowfullscreen><\/iframe><\/p>\n<h2 style=\"text-align: center;\">SEGWAY NINEBOT F25I S\u00c4HK\u00d6POTKULAUTA - KOMPAKTI RAKENNE JA VAKAA K\u00c4SITTELY<\/h2>\n<p style=\"caret-color: #000000; color: #000000;\">Sen varmistamiseksi, ett\u00e4 Segway Ninebot F25I -s\u00e4hk\u00f6potkulauta pysyy tukevasti tiell\u00e4 ja sill\u00e4 on hyv\u00e4 pito, Ninebot F25I -s\u00e4hk\u00f6potkulauta on\u00a0<strong>varustettu suurilla ja leveill\u00e4 10 tuuman ilmarenkailla.<\/strong>\u00a0Verrattuna joihinkin muihin pienemmill\u00e4 renkailla varustettuihin skoottereihin, juuri suuret renkaat antavat Ninebot F25I:lle huomattavasti paremman tuntuman ja ohjattavuuden.<\/p>\n<p style=\"caret-color: #000000; color: #000000;\">Jotta Ninebot F25I -s\u00e4hk\u00f6potkulauta olisi paitsi tarkasti ohjattavissa my\u00f6s turvallinen, F25I-s\u00e4hk\u00f6potkulauta on<strong>varustettu takaketjujarrulla ja elektronisella etumoottorijarrulla.<\/strong>\u00a0Ketjujarrulla varustetussa F25I-s\u00e4hk\u00f6skootterissa on eritt\u00e4in lyhyt jarrutusmatka ja se on turvallinen ketjujarrun erinomaisten ominaisuuksien ansiosta.<\/p>\n<p style=\"caret-color: #000000; color: #000000;\">Minimalistisen muotoilunsa ansiosta F25I-s\u00e4hk\u00f6skootteri on my\u00f6s yll\u00e4tt\u00e4v\u00e4n kevyt. Segway Ninebot F25I -s\u00e4hk\u00f6skootteri\u00a0<strong>painaa vain 15,5 kg,<\/strong>\u00a0joten se on helppo ottaa mukaan kaikkialle. Keveytens\u00e4 lis\u00e4ksi alumiinirunkoinen F25I on my\u00f6s kompakti. Ninebot F25I -skootteri voidaan tehd\u00e4 nopeasti ja helposti kompaktiksi vipumekanismin avulla. Juuri pienikokoisuutensa ansiosta F25I mahtuu useimpien autojen tavaratilaan.<\/p>\n<h2 style=\"text-align: center;\">SEGWAY NINEBOT F25I S\u00c4HK\u00d6POTKULAUTA - TEKNINEN KUVAUS<\/h2>\n<p>Tehokkaalla 300 W:n harjattomalla s\u00e4hk\u00f6moottorilla varustettu Ninebot F25I -s\u00e4hk\u00f6potkulauta on ihanteellinen tapa liikkua erityisesti kaupungin kaduilla. My\u00f6nnett\u00e4k\u00f6\u00f6n, ett\u00e4 Ninebot F25I -s\u00e4hk\u00f6skootterit eiv\u00e4t loista suorituskyvylt\u00e4\u00e4n, mutta ne ovat kevyit\u00e4, kompakteja, kest\u00e4vi\u00e4 ja edullisia.<\/p>\n<p style=\"caret-color: #000000; color: #000000;\">Tehontarpeen kattamiseksi Segway Ninebot F25I -s\u00e4hk\u00f6potkulauta on varustettu suurella akulla. Tarkemmin sanottuna Ninebot F25I -s\u00e4hk\u00f6skootteri on\u00a0<strong>varustettu 36V 7,5Ah \/ 275Wh Li-ion-akulla.<\/strong>\u00a0Melko suurella akulla varustettu Ninebot F25I -skootteri pystyy tehtaan tietojen mukaan kulkemaan jopa 25 km yhdell\u00e4 latauksella. \u00c4l\u00e4 lannistu lyhyemm\u00e4st\u00e4 toimintas\u00e4teest\u00e4, sill\u00e4 F25I-s\u00e4hk\u00f6skootteri tarvitsee vain 5 tuntia latautuakseen t\u00e4ysin 0-100%:sta.<\/p>\n<p style=\"caret-color: #000000; color: #000000;\">Segway Ninebot F25I -s\u00e4hk\u00f6skootteri ei luovuta raskaammille kuormille. Yhdess\u00e4 tehokkaan s\u00e4hk\u00f6moottorin ja tukevan rakenteen kanssa F25I-s\u00e4hk\u00f6skootteri on\u00a0<strong>tarpeeksi tehokas kantamaan jopa 100 kg.<\/strong>\u00a0F25I-s\u00e4hk\u00f6skootterit selviytyv\u00e4t my\u00f6s m\u00e4en nousuista. Tehtaan erittelyn mukaan Segway Ninebot F25I -s\u00e4hk\u00f6skootterit ovat\u00a0<strong>tarpeeksi tehokkaita selviytym\u00e4\u00e4n jopa 15 %:n m\u00e4en nousuista.<\/strong><\/p>\n<p style=\"caret-color: #000000; color: #000000;\">Ninebot F25I -s\u00e4hk\u00f6skoottereissa on my\u00f6s nykyaikaiset lis\u00e4varusteet. Esimerkiksi Ninebot F25I -s\u00e4hk\u00f6skoottereissa on v\u00e4lit\u00f6n Bluetooth-yhteensopivuus. Bluetooth-yhteensopivuuden ansiosta Ninebot F25I -skootteri jakaa tarvittavat tiedot omistajan mobiilisovelluksen kanssa, joten sinulla on aina hyv\u00e4 yleiskuva eri tiedoista. Bluetooth-yhteensopiva F25I-s\u00e4hk\u00f6skootteri on my\u00f6s\u00a0<strong>helposti elektronisesti lukittavissa.<\/strong>\u00a0On kuitenkin suositeltavaa, ett\u00e4 Ninebot F25I -s\u00e4hk\u00f6skootteri lukitaan my\u00f6s fyysisesti johonkin.<\/p>\n<p>F25I-s\u00e4hk\u00f6potkulauta on varustettu virtaviivaisella ja minimalistisella n\u00e4yt\u00f6ll\u00e4, joka antaa kuljettajalle ajantasaiset tiedot nopeudesta, ajotilasta ja akun varaustasosta. F25I-s\u00e4hk\u00f6skootteri on my\u00f6s varustettu ensimm\u00e4isell\u00e4 LED-valolla, joka voidaan kytke\u00e4 helposti p\u00e4\u00e4lle ja pois p\u00e4\u00e4lt\u00e4 napin painalluksella. Paremman n\u00e4kyvyyden takaamiseksi ja kanssakulkijoiden mukavuuden vuoksi Segway Ninebot F25I on varustettu my\u00f6s takapys\u00e4k\u00f6inti- ja jarruvalolla.<\/p>\n<h2 style=\"text-align: center;\">TURVALLISUUS<\/h2>\n<p style=\"caret-color: #000000; color: #000000;\">S\u00e4hk\u00f6skootteri on nopea ja mahdollisesti vaarallinen ajoneuvo kuljettajalle. Siksi suosittelemme, ett\u00e4 k\u00e4yt\u00e4t aina\u00a0<a href=\"http:\/\/www.xn--tuksimaailm-ffb.ee\/tootesilt\/elektritoukeratta-kiivrid\/\">kyp\u00e4r\u00e4\u00e4<\/a>. Alle 16-vuotiaiden s\u00e4hk\u00f6skootterin kuljettajien on lain mukaan k\u00e4ytett\u00e4v\u00e4 kyp\u00e4r\u00e4\u00e4 ajaessaan\u00a0<a href=\"https:\/\/www.riigiteataja.ee\/akt\/113112020001\">.<\/a>\u00a0Kaikki s\u00e4hk\u00f6skootterit l\u00f6ytyv\u00e4t\u00a0<a href=\"http:\/\/www.xn--tuksimaailm-ffb.ee\/tootekategooria\/elektritoukeratas\/\"><strong>t\u00e4\u00e4lt\u00e4<\/strong><\/a>.<\/p>\n<p style=\"caret-color: #000000; color: #000000;\"><strong>Segway Ninebot Kickscooter F25I -s\u00e4hk\u00f6skootteri on Viron liikennelain mukainen katulaillinen kevytskootteri, jonka valmistajan teho on 300W ja valmistajan nopeus 25km\/h.<\/strong>\u00a0<strong>HUOMAUTUS: Jos k\u00e4ytt\u00e4j\u00e4 on itsen\u00e4isesti muuttanut s\u00e4hk\u00f6skootteria nopeammaksi tai tehokkaammaksi kuin edell\u00e4 mainitut parametrit, T\u00f5uksimaailm ei vastaa sakoista, poliisin takavarikoimasta s\u00e4hk\u00f6skootterista tai mist\u00e4\u00e4n muusta lain rikkomisesta aiheutuneesta vahingosta.<\/strong><\/p>\n<p style=\"caret-color: #000000; color: #000000;\"><strong>Kun ostat s\u00e4hk\u00f6skootterin kaupastamme, saat kaikki\u00a0<\/strong><a><strong>lis\u00e4varusteet<\/strong><\/a><strong>\u00a0puoleen hintaan!<\/strong><\/p>\n<table class=\"tg\" style=\"border-collapse: collapse; max-width: 600px; border-spacing: 0px; margin: 0px auto; width: 100%;\">\n<tbody>\n<tr>\n<td style=\"background-color: #e4e1e1; color: #333333; font-family: inherit; font-size: 14px; font-weight: bold; overflow: hidden; padding: 5px; text-align: center; vertical-align: top; word-break: normal; border: 1px solid; width: 99.832215%;\" colspan=\"2\">Tekniset tiedot<\/td>\n<\/tr>\n<tr>\n<td style=\"background-color: #e4e1e1; color: #333333; font-family: inherit; font-size: 14px; font-weight: bold; overflow: hidden; padding: 5px; text-align: right; vertical-align: top; word-break: normal; border: 1px solid; width: 56.040268%;\">Malli<\/td>\n<td style=\"font-family: inherit; font-size: 14px; overflow: hidden; padding: 5px; text-align: center; vertical-align: top; word-break: normal; border: 1px solid; width: 43.791946%;\">Segway Ninebot F25I<\/td>\n<\/tr>\n<tr>\n<td style=\"background-color: #e4e1e1; color: #333333; font-family: inherit; font-size: 14px; font-weight: bold; overflow: hidden; padding: 5px; text-align: right; vertical-align: top; word-break: normal; border: 1px solid; width: 56.040268%;\">Akku<\/td>\n<td style=\"font-family: inherit; font-size: 14px; overflow: hidden; padding: 5px; text-align: center; vertical-align: top; word-break: normal; border: 1px solid; width: 43.791946%;\">36V 7.5Ah 275Wh\u00a0<\/td>\n<\/tr>\n<tr>\n<td style=\"background-color: #e4e1e1; color: #333333; font-family: inherit; font-size: 14px; font-weight: bold; overflow: hidden; padding: 5px; text-align: right; vertical-align: top; word-break: normal; border: 1px solid; width: 56.040268%;\">Latausaika<\/td>\n<td style=\"font-family: inherit; font-size: 14px; overflow: hidden; padding: 5px; text-align: center; vertical-align: top; word-break: normal; border: 1px solid; width: 43.791946%;\">jopa 5h<\/td>\n<\/tr>\n<tr>\n<td style=\"background-color: #e4e1e1; color: #333333; font-family: inherit; font-size: 14px; font-weight: bold; overflow: hidden; padding: 5px; text-align: right; vertical-align: top; word-break: normal; border: 1px solid; width: 56.040268%;\">Moottorin teho<\/td>\n<td style=\"font-family: inherit; font-size: 14px; overflow: hidden; padding: 5px; text-align: center; vertical-align: top; word-break: normal; border: 1px solid; width: 43.791946%;\">300W<\/td>\n<\/tr>\n<tr>\n<td style=\"background-color: #e4e1e1; color: #333333; font-family: inherit; font-size: 14px; font-weight: bold; overflow: hidden; padding: 5px; text-align: right; vertical-align: top; word-break: normal; border: 1px solid; width: 56.040268%;\"><strong style=\"caret-color: #000000; color: #000000; text-align: start; font-family: inherit;\">Ajomatka (valmistajan ilmoittama)<br \/>| Laskettu ajomatka<\/strong><\/td>\n<td style=\"font-family: inherit; font-size: 14px; overflow: hidden; padding: 5px; text-align: center; vertical-align: top; word-break: normal; border: 1px solid; width: 43.791946%;\">jopa 25km | 18km (25km\/h, 70kg kuljettaja, 15Wh\/km)<\/td>\n<\/tr>\n<tr>\n<td style=\"background-color: #e4e1e1; color: #333333; font-family: inherit; font-size: 14px; font-weight: bold; overflow: hidden; padding: 5px; text-align: right; vertical-align: top; word-break: normal; border: 1px solid; width: 56.040268%;\">Etujarru<\/td>\n<td style=\"font-family: inherit; font-size: 14px; overflow: hidden; padding: 5px; text-align: center; vertical-align: top; word-break: normal; border: 1px solid; width: 43.791946%;\">s\u00e4hk\u00f6inen moottorijarru (regeneratiivinen)<\/td>\n<\/tr>\n<tr>\n<td style=\"background-color: #e4e1e1; color: #333333; font-family: inherit; font-size: 14px; font-weight: bold; overflow: hidden; padding: 5px; text-align: right; vertical-align: top; word-break: normal; border: 1px solid; width: 56.040268%;\">Takajarru<\/td>\n<td style=\"font-family: inherit; font-size: 14px; overflow: hidden; padding: 5px; text-align: center; vertical-align: top; word-break: normal; border: 1px solid; width: 43.791946%;\">levyjarru<\/td>\n<\/tr>\n<tr>\n<td style=\"background-color: #e4e1e1; color: #333333; font-family: inherit; font-size: 14px; font-weight: bold; overflow: hidden; padding: 5px; text-align: right; vertical-align: top; word-break: normal; border: 1px solid; width: 56.040268%;\">Painorajoitus<\/td>\n<td style=\"font-family: inherit; font-size: 14px; overflow: hidden; padding: 5px; text-align: center; vertical-align: top; word-break: normal; border: 1px solid; width: 43.791946%;\">100kg<\/td>\n<\/tr>\n<tr>\n<td style=\"background-color: #e4e1e1; color: #333333; font-family: inherit; font-size: 14px; font-weight: bold; overflow: hidden; padding: 5px; text-align: right; vertical-align: top; word-break: normal; border: 1px solid; width: 56.040268%;\"><strong style=\"caret-color: #000000; color: #000000; text-align: start; font-family: inherit;\">Tuotantonopeus<\/strong>s<\/td>\n<td style=\"font-family: inherit; font-size: 14px; overflow: hidden; padding: 5px; text-align: center; vertical-align: top; word-break: normal; border: 1px solid; width: 43.791946%;\">25km\/h<\/td>\n<\/tr>\n<tr>\n<td style=\"background-color: #e4e1e1; color: #333333; font-family: inherit; font-size: 14px; font-weight: bold; overflow: hidden; padding: 5px; text-align: right; vertical-align: top; word-break: normal; border: 1px solid; width: 56.040268%;\">Paino<\/td>\n<td style=\"font-family: inherit; font-size: 14px; overflow: hidden; padding: 5px; text-align: center; vertical-align: top; word-break: normal; border: 1px solid; width: 43.791946%;\">15.5kg<\/td>\n<\/tr>\n<tr>\n<td style=\"background-color: #e4e1e1; color: #333333; font-family: inherit; font-size: 14px; font-weight: bold; overflow: hidden; padding: 5px; text-align: right; vertical-align: top; word-break: normal; border: 1px solid; width: 56.040268%;\">Moottorisoitu py\u00f6r\u00e4<\/td>\n<td style=\"font-family: inherit; font-size: 14px; overflow: hidden; padding: 5px; text-align: center; vertical-align: top; word-break: normal; border: 1px solid; width: 43.791946%;\">etupy\u00f6r\u00e4<\/td>\n<\/tr>\n<tr>\n<td style=\"background-color: #e4e1e1; color: #333333; font-family: inherit; font-size: 14px; font-weight: bold; overflow: hidden; padding: 5px; text-align: right; vertical-align: top; word-break: normal; border: 1px solid; width: 56.040268%;\">Renkaat<\/td>\n<td style=\"font-family: inherit; font-size: 14px; overflow: hidden; padding: 5px; text-align: center; vertical-align: top; word-break: normal; border: 1px solid; width: 43.791946%;\">10 tuuman ilmarenkaat, joissa on sis\u00e4renkaat<\/td>\n<\/tr>\n<tr>\n<td style=\"background-color: #e4e1e1; color: #333333; font-family: inherit; font-size: 14px; font-weight: bold; overflow: hidden; padding: 5px; text-align: right; vertical-align: top; word-break: normal; border: 1px solid; width: 56.040268%;\">Tien enim\u00e4iskaltevuus<\/td>\n<td style=\"font-family: inherit; font-size: 14px; overflow: hidden; padding: 5px; text-align: center; vertical-align: top; word-break: normal; border: 1px solid; width: 43.791946%;\">jopa 20%<\/td>\n<\/tr>\n<\/tbody>\n<\/table>\n","protected":false},"excerpt":{"rendered":"<p style=\"caret-color: #000000; color: #000000;\"><a href=\"http:\/\/www.xn--tuksimaailm-ffb.ee\/kontakt\/\"><strong>L\u00f6ysitk\u00f6 paremman hinnan?<\/strong><\/a>\u00a0<a href=\"http:\/\/www.xn--tuksimaailm-ffb.ee\/kontakt\/\"><strong>Kirjoita meille, niin teemme sinulle paremman tarjouksen!<\/strong><\/a><\/p>\n<p style=\"caret-color: #000000; color: #000000;\"><strong>Jos ostat s\u00e4hk\u00f6mopon, kaikki\u00a0<\/strong><a href=\"http:\/\/www.xn--tuksimaailm-ffb.ee\/tootekategooria\/lisavarustus\/\"><strong>lis\u00e4varusteet<\/strong><\/a><strong>\u00a0ja\u00a0<\/strong><a href=\"http:\/\/www.xn--tuksimaailm-ffb.ee\/tootekategooria\/elektritoukeratta-varuosad\/\"><strong>varaosat<\/strong><\/a>\u00a0(<strong>\u00a0my\u00f6s\u00a0<\/strong><a href=\"http:\/\/www.xn--tuksimaailm-ffb.ee\/tootekategooria\/elektritoukeratta-varuosad\/?filter_tootetuup=rehvid\"><strong>renkaat<\/strong><\/a><strong>) ovat puoleen hintaan (-50 %).<\/strong>\u00a0<strong>Alennus otetaan automaattisesti k\u00e4ytt\u00f6\u00f6n, kun lis\u00e4\u00e4t sen ostoskoriin!<\/strong><\/p>\n<p style=\"caret-color: #000000; color: #000000;\"><strong><em>Toimitusaika: 1-5hp<\/em><\/strong><\/p>\n<p><em><strong>\u00a0<\/strong><\/em><\/p>\n","protected":false},"featured_media":32119,"template":"","meta":[],"product_brand":[],"product_cat":[926],"product_tag":[],"filter_elektritoukeratas":[],"class_list":{"0":"post-50292","1":"product","2":"type-product","3":"status-publish","4":"has-post-thumbnail","6":"product_cat-sahkopotkulaudat-fi","7":"product_shipping_class-keskmine-pakk-fi","8":"pa_aku-mahutavus-wh-275-fi","9":"pa_kaal-kg-15-5-fi","10":"pa_kandevoime-kg-100-fi","11":"pa_labisoit-arvutuslik-km-18-fi","12":"pa_mootorite-arv-uhe-mootoriga-fi","13":"pa_muuja-platvormil-touksimaailm-exocool-ou-fi","14":"pa_piiramata-tippkiirus-kmh-25-fi","15":"pa_tootetuup-elektritoukeratas-fi","16":"pa_valmistaja-segway-fi","17":"pa_voimsus-w-300-fi","19":"first","20":"outofstock","21":"taxable","22":"shipping-taxable","23":"purchasable","24":"product-type-simple"},"yoast_head":"<!-- This site is optimized with the Yoast SEO Premium plugin v26.8 (Yoast SEO v27.5) - https:\/\/yoast.com\/product\/yoast-seo-premium-wordpress\/ -->\n<title>Segway Ninebot F25I s\u00e4hk\u00f6potkulauta (EOL) | T\u00f5uksimaailm<\/title>\n<meta name=\"description\" content=\"Uus Segway Ninebot F25I elektrit\u00f5ukeratas. Vastupidav elektriline t\u00f5ukeratas. Segway Ninebot elektrit\u00f5ukerattad. Kompaktsed Segway elektrilised t\u00f5ukerattad.\" \/>\n<meta name=\"robots\" content=\"index, follow, max-snippet:-1, max-image-preview:large, max-video-preview:-1\" \/>\n<link rel=\"canonical\" href=\"https:\/\/www.xn--tuksimaailm-ffb.ee\/fi\/shop\/segway-ninebot-f25i-sahkopotkulauta-eol\/\" \/>\n<meta property=\"og:locale\" content=\"fi_FI\" \/>\n<meta property=\"og:type\" content=\"article\" \/>\n<meta property=\"og:title\" content=\"Segway Ninebot F25I s\u00e4hk\u00f6potkulauta (EOL)\" \/>\n<meta property=\"og:description\" content=\"Uus Segway Ninebot F25I elektrit\u00f5ukeratas. Vastupidav elektriline t\u00f5ukeratas. Segway Ninebot elektrit\u00f5ukerattad. Kompaktsed Segway elektrilised t\u00f5ukerattad.\" \/>\n<meta property=\"og:url\" content=\"https:\/\/www.xn--tuksimaailm-ffb.ee\/fi\/shop\/segway-ninebot-f25i-sahkopotkulauta-eol\/\" \/>\n<meta property=\"og:site_name\" content=\"T\u00f5uksimaailm\" \/>\n<meta property=\"article:publisher\" content=\"https:\/\/www.facebook.com\/touksimaailm\/\" \/>\n<meta property=\"og:image\" content=\"https:\/\/www.xn--tuksimaailm-ffb.ee\/wp-content\/uploads\/2023\/02\/Segway-Ninebot-F25I-elektritoukeratas-elektritoukerattad-elektrilised-toukerattad-elektriline-toukeratas-1.png\" \/>\n\t<meta property=\"og:image:width\" content=\"1020\" \/>\n\t<meta property=\"og:image:height\" content=\"1020\" \/>\n\t<meta property=\"og:image:type\" content=\"image\/png\" \/>\n<meta name=\"twitter:card\" content=\"summary_large_image\" \/>\n<meta name=\"twitter:label1\" content=\"Hinta\" \/>\n\t<meta name=\"twitter:data1\" content=\"&euro;499.00\" \/>\n\t<meta name=\"twitter:label2\" content=\"Saatavuus\" \/>\n\t<meta name=\"twitter:data2\" content=\"Loppu varastosta\" \/>\n<meta property=\"product:price:amount\" content=\"499.00\" \/>\n<meta property=\"product:price:currency\" content=\"EUR\" \/>\n<meta property=\"og:availability\" content=\"out of stock\" \/>\n<meta property=\"product:availability\" content=\"out of stock\" \/>\n<meta property=\"product:retailer_item_id\" content=\"Ninebot-F25I\" \/>\n<meta property=\"product:condition\" content=\"new\" \/>\n<!-- \/ Yoast SEO Premium plugin. -->","yoast_head_json":{"title":"Segway Ninebot F25I s\u00e4hk\u00f6potkulauta (EOL) | T\u00f5uksimaailm","description":"Uus Segway Ninebot F25I elektrit\u00f5ukeratas. Vastupidav elektriline t\u00f5ukeratas. Segway Ninebot elektrit\u00f5ukerattad. Kompaktsed Segway elektrilised t\u00f5ukerattad.","robots":{"index":"index","follow":"follow","max-snippet":"max-snippet:-1","max-image-preview":"max-image-preview:large","max-video-preview":"max-video-preview:-1"},"canonical":"https:\/\/www.xn--tuksimaailm-ffb.ee\/fi\/shop\/segway-ninebot-f25i-sahkopotkulauta-eol\/","og_locale":"fi_FI","og_type":"article","og_title":"Segway Ninebot F25I s\u00e4hk\u00f6potkulauta (EOL)","og_description":"Uus Segway Ninebot F25I elektrit\u00f5ukeratas. Vastupidav elektriline t\u00f5ukeratas. Segway Ninebot elektrit\u00f5ukerattad. Kompaktsed Segway elektrilised t\u00f5ukerattad.","og_url":"https:\/\/www.xn--tuksimaailm-ffb.ee\/fi\/shop\/segway-ninebot-f25i-sahkopotkulauta-eol\/","og_site_name":"T\u00f5uksimaailm","article_publisher":"https:\/\/www.facebook.com\/touksimaailm\/","og_image":[{"width":1020,"height":1020,"url":"https:\/\/www.xn--tuksimaailm-ffb.ee\/wp-content\/uploads\/2023\/02\/Segway-Ninebot-F25I-elektritoukeratas-elektritoukerattad-elektrilised-toukerattad-elektriline-toukeratas-1.png","type":"image\/png"}],"twitter_card":"summary_large_image","twitter_misc":{"Hinta":"&euro;499.00","Saatavuus":"Loppu varastosta"},"schema":{"@context":"https:\/\/schema.org","@graph":[{"@type":"WebPage","@id":"https:\/\/www.xn--tuksimaailm-ffb.ee\/fi\/shop\/segway-ninebot-f25i-sahkopotkulauta-eol\/","url":"https:\/\/www.xn--tuksimaailm-ffb.ee\/fi\/shop\/segway-ninebot-f25i-sahkopotkulauta-eol\/","name":"Segway Ninebot F25I s\u00e4hk\u00f6potkulauta (EOL) | T\u00f5uksimaailm","isPartOf":{"@id":"https:\/\/www.xn--tuksimaailm-ffb.ee\/fi\/#website"},"primaryImageOfPage":{"@id":"https:\/\/www.xn--tuksimaailm-ffb.ee\/fi\/shop\/segway-ninebot-f25i-sahkopotkulauta-eol\/#primaryimage"},"image":{"@id":"https:\/\/www.xn--tuksimaailm-ffb.ee\/fi\/shop\/segway-ninebot-f25i-sahkopotkulauta-eol\/#primaryimage"},"thumbnailUrl":"https:\/\/www.xn--tuksimaailm-ffb.ee\/wp-content\/uploads\/2023\/02\/Segway-Ninebot-F25I-elektritoukeratas-elektritoukerattad-elektrilised-toukerattad-elektriline-toukeratas-1.png","datePublished":"2023-02-26T13:51:31+00:00","description":"Uus Segway Ninebot F25I elektrit\u00f5ukeratas. Vastupidav elektriline t\u00f5ukeratas. Segway Ninebot elektrit\u00f5ukerattad. Kompaktsed Segway elektrilised t\u00f5ukerattad.","breadcrumb":{"@id":"https:\/\/www.xn--tuksimaailm-ffb.ee\/fi\/shop\/segway-ninebot-f25i-sahkopotkulauta-eol\/#breadcrumb"},"inLanguage":"fi","potentialAction":[{"@type":"ReadAction","target":["https:\/\/www.xn--tuksimaailm-ffb.ee\/fi\/shop\/segway-ninebot-f25i-sahkopotkulauta-eol\/"]}]},{"@type":"ImageObject","inLanguage":"fi","@id":"https:\/\/www.xn--tuksimaailm-ffb.ee\/fi\/shop\/segway-ninebot-f25i-sahkopotkulauta-eol\/#primaryimage","url":"https:\/\/www.xn--tuksimaailm-ffb.ee\/wp-content\/uploads\/2023\/02\/Segway-Ninebot-F25I-elektritoukeratas-elektritoukerattad-elektrilised-toukerattad-elektriline-toukeratas-1.png","contentUrl":"https:\/\/www.xn--tuksimaailm-ffb.ee\/wp-content\/uploads\/2023\/02\/Segway-Ninebot-F25I-elektritoukeratas-elektritoukerattad-elektrilised-toukerattad-elektriline-toukeratas-1.png","width":1020,"height":1020,"caption":"Segway Ninebot F25I elektrit\u00f5ukeratas elektrit\u00f5ukerattad elektrilised t\u00f5ukerattad elektriline t\u00f5ukeratas 1"},{"@type":"BreadcrumbList","@id":"https:\/\/www.xn--tuksimaailm-ffb.ee\/fi\/shop\/segway-ninebot-f25i-sahkopotkulauta-eol\/#breadcrumb","itemListElement":[{"@type":"ListItem","position":1,"name":"Home","item":"https:\/\/www.xn--tuksimaailm-ffb.ee\/fi\/kotisivu\/"},{"@type":"ListItem","position":2,"name":"Kauppa","item":"https:\/\/www.xn--tuksimaailm-ffb.ee\/elektritoukerataste-pood\/"},{"@type":"ListItem","position":3,"name":"Segway Ninebot F25I s\u00e4hk\u00f6potkulauta (EOL)"}]},{"@type":"WebSite","@id":"https:\/\/www.xn--tuksimaailm-ffb.ee\/fi\/#website","url":"https:\/\/www.xn--tuksimaailm-ffb.ee\/fi\/","name":"T\u00f5uksimaailm","description":"Elektrit\u00f5ukerataste m\u00fc\u00fck, remont ja rent","publisher":{"@id":"https:\/\/www.xn--tuksimaailm-ffb.ee\/fi\/#organization"},"potentialAction":[{"@type":"SearchAction","target":{"@type":"EntryPoint","urlTemplate":"https:\/\/www.xn--tuksimaailm-ffb.ee\/fi\/?s={search_term_string}"},"query-input":{"@type":"PropertyValueSpecification","valueRequired":true,"valueName":"search_term_string"}}],"inLanguage":"fi"},{"@type":"Organization","@id":"https:\/\/www.xn--tuksimaailm-ffb.ee\/fi\/#organization","name":"T\u00f5uksimaailm","url":"https:\/\/www.xn--tuksimaailm-ffb.ee\/fi\/","logo":{"@type":"ImageObject","inLanguage":"fi","@id":"https:\/\/www.xn--tuksimaailm-ffb.ee\/fi\/#\/schema\/logo\/image\/","url":"https:\/\/www.xn--tuksimaailm-ffb.ee\/wp-content\/uploads\/2020\/01\/logoz-e1579792875517.png","contentUrl":"https:\/\/www.xn--tuksimaailm-ffb.ee\/wp-content\/uploads\/2020\/01\/logoz-e1579792875517.png","width":250,"height":250,"caption":"T\u00f5uksimaailm"},"image":{"@id":"https:\/\/www.xn--tuksimaailm-ffb.ee\/fi\/#\/schema\/logo\/image\/"},"sameAs":["https:\/\/www.facebook.com\/touksimaailm\/","https:\/\/www.instagram.com\/touksimaailm_\/","https:\/\/www.youtube.com\/channel\/UC18ml0EKIDLP1xGuQjFzcXQ"]}]},"product_price_amount":"499.00","product_price_currency":"EUR","og_availability":"out of stock","product_availability":"out of stock","product_retailer_item_id":"Ninebot-F25I","product_condition":"new"},"jetpack_sharing_enabled":true,"_links":{"self":[{"href":"https:\/\/www.xn--tuksimaailm-ffb.ee\/fi\/wp-json\/wp\/v2\/product\/50292","targetHints":{"allow":["GET"]}}],"collection":[{"href":"https:\/\/www.xn--tuksimaailm-ffb.ee\/fi\/wp-json\/wp\/v2\/product"}],"about":[{"href":"https:\/\/www.xn--tuksimaailm-ffb.ee\/fi\/wp-json\/wp\/v2\/types\/product"}],"wp:featuredmedia":[{"embeddable":true,"href":"https:\/\/www.xn--tuksimaailm-ffb.ee\/fi\/wp-json\/wp\/v2\/media\/32119"}],"wp:attachment":[{"href":"https:\/\/www.xn--tuksimaailm-ffb.ee\/fi\/wp-json\/wp\/v2\/media?parent=50292"}],"wp:term":[{"taxonomy":"product_brand","embeddable":true,"href":"https:\/\/www.xn--tuksimaailm-ffb.ee\/fi\/wp-json\/wp\/v2\/product_brand?post=50292"},{"taxonomy":"product_cat","embeddable":true,"href":"https:\/\/www.xn--tuksimaailm-ffb.ee\/fi\/wp-json\/wp\/v2\/product_cat?post=50292"},{"taxonomy":"product_tag","embeddable":true,"href":"https:\/\/www.xn--tuksimaailm-ffb.ee\/fi\/wp-json\/wp\/v2\/product_tag?post=50292"},{"taxonomy":"filter_elektritoukeratas","embeddable":true,"href":"https:\/\/www.xn--tuksimaailm-ffb.ee\/fi\/wp-json\/wp\/v2\/filter_elektritoukeratas?post=50292"}],"curies":[{"name":"wp","href":"https:\/\/api.w.org\/{rel}","templated":true}]}}