{"id":50293,"date":"2022-12-26T14:03:45","date_gmt":"2022-12-26T11:03:45","guid":{"rendered":"http:\/\/www.xn--tuksimaailm-ffb.ee\/shop\/ultron-t103-v4-sahkopotkulauta\/"},"modified":"2022-12-26T14:03:45","modified_gmt":"2022-12-26T11:03:45","slug":"ultron-t103-v4-sahkopotkulauta","status":"publish","type":"product","link":"https:\/\/www.xn--tuksimaailm-ffb.ee\/fi\/shop\/ultron-t103-v4-sahkopotkulauta\/","title":{"rendered":"Ultron T103 V4 s\u00e4hk\u00f6potkulauta"},"content":{"rendered":"<h2 style=\"text-align: center;\">ULTRON T103 V4 S\u00c4HK\u00d6POTKULAUTA - TUOTEKUVAUS<\/h2>\n<p style=\"caret-color: #000000; color: #000000;\">Ultron T103 V4 on\u00a0<strong>edullinen<\/strong>\u00a0s\u00e4hk\u00f6skootteri\u00a0<strong>, jossa on tehokas takamoottori ja erilaisia lis\u00e4varusteita.<\/strong>\u00a0Ultron-s\u00e4hk\u00f6skootterit tunnetaan p\u00e4\u00e4asiassa It\u00e4-Euroopassa, mutta niist\u00e4 on tulossa yh\u00e4 useammin monien kuljettajien valitsema s\u00e4hk\u00f6skootteri muualla Euroopassa. Ultron T103 V4 on edullisemmasta hinnastaan huolimatta tehokas s\u00e4hk\u00f6skootteri, jossa on useita arvokkaita lis\u00e4varusteita.\u00a0<strong>Suuret 10 tuuman renkaat ja hydrauliset iskunvaimentimet<\/strong>\u00a0takaavat vakaan ajon my\u00f6s kuoppaisilla ja kuoppaisilla teill\u00e4. Kompaktiuden vuoksi s\u00e4hk\u00f6skootteri ja sen ohjaustanko ovat helposti kokoontaitettavissa. N\u00e4in suuresta s\u00e4hk\u00f6potkulautasta tulee kompakti ja helposti varastoitava. Turvallisen s\u00e4ilytyksen takaamiseksi T103 on varustettu sytytyslukolla. Ultron T103 V4 sopii kaikenkokoisille ajajille, sill\u00e4 linssin korkeus on helposti s\u00e4\u00e4dett\u00e4viss\u00e4 ajajalle sopivaksi.\u00a0<\/p>\n<p style=\"caret-color: #000000; color: #000000;\">Kaikki Ultron-s\u00e4hk\u00f6skootterit, joilla on erinomainen teho \/ hinta-suhde, l\u00f6ytyv\u00e4t\u00a0<a href=\"http:\/\/www.xn--tuksimaailm-ffb.ee\/tootekategooria\/elektritoukeratas\/?swoof=1&amp;pa_valmistaja=ultron&amp;really_curr_tax=21-product_cat\">t\u00e4\u00e4lt\u00e4<\/a>.<\/p>\n<h2 style=\"text-align: center;\">ULTRON T103 V4 S\u00c4HK\u00d6POTKULAUTA - TEKNINEN KUVAUS<\/h2>\n<p style=\"caret-color: #000000; color: #000000;\">Ultron T103 V4 -s\u00e4hk\u00f6skootteri on varustettu\u00a0<strong>korkealaatuisilla 10x3\u201d TUOVT-merkkisill\u00e4 ilmarenkailla<\/strong>. Verrattuna skootteriin, jossa on pienemm\u00e4t sis\u00e4renkaat, s\u00e4hk\u00f6inen skootteri, jossa on suuremmat sis\u00e4renkaat, kest\u00e4\u00e4 paremmin kaikenlaisia kuoppia, on mukavampi ajaa ja sill\u00e4 on my\u00f6s parempi k\u00e4sittely ja ajotuntuma. Turvallisen ajon varmistamiseksi T103-s\u00e4hk\u00f6potkulauta on varustettu hydraulisilla\u00a0<strong>levyjarruilla edess\u00e4 ja takana<\/strong>.<\/p>\n<p style=\"caret-color: #000000; color: #000000;\">Tehokas\u00a0<strong>LED-ajovalo<\/strong>\u00a0parantaa ajamista h\u00e4m\u00e4r\u00e4ss\u00e4 ja pime\u00e4ss\u00e4, ja skootteri on varustettu takavalolla kuljettajan n\u00e4kyvyyden varmistamiseksi.<\/p>\n<p style=\"caret-color: #000000; color: #000000;\">Verrattuna keskim\u00e4\u00e4r\u00e4iseen vuokraukseen (kyydin jakaminen) s\u00e4hk\u00f6inen skootteri, Ultron T103 V4 -s\u00e4hk\u00f6potkulauta on<strong>varustettu hydraulisilla iskunvaimentimilla<\/strong>\u00a0edess\u00e4, mik\u00e4 ei ainoastaan tee ajosta mukavampaa, vaan my\u00f6s\u00a0<strong>huomattavasti turvallisempaa.<\/strong>\u00a0Mukavuutta ajatellen s\u00e4hk\u00f6skootteri on varustettu takaosan iskunvaimentimilla, joiden j\u00e4ykkyytt\u00e4 voidaan helposti s\u00e4\u00e4t\u00e4\u00e4 kuljettajan mieltymysten ja painon mukaan.<\/p>\n<p><iframe title=\"Ultron Electric Scooter T103\" width=\"1082\" height=\"609\" src=\"https:\/\/www.youtube.com\/embed\/Jn5rhoA0kh0?feature=oembed\" frameborder=\"0\" allow=\"accelerometer; autoplay; clipboard-write; encrypted-media; gyroscope; picture-in-picture; web-share\" referrerpolicy=\"strict-origin-when-cross-origin\" allowfullscreen><\/iframe><\/p>\n<h2 style=\"text-align: center;\">AKKU JA MOOTTORI<\/h2>\n<p style=\"caret-color: #000000; color: #000000;\">Ultron T103 V4 on varustettu tehokkaalla ja suorituskykyisell\u00e4\u00a0<strong>1000W:n takamoottorilla.<\/strong>\u00a0Tehokas moottori takaa tehokkaan ty\u00f6nt\u00f6voiman my\u00f6s raskaalla kuormalla. Tukeva, ilmailualan alumiinirunko yhdess\u00e4 1000W:n moottorin kanssa pystyy kuljettamaan jopa\u00a0<strong>150 kg:n painoa.<\/strong>\u00a0S\u00e4hk\u00f6skootteri ei pet\u00e4 edes raskaamman kuorman kohdatessa. M\u00e4kien nousut (jopa 40 %:n kaltevuus) sujuvat helposti tehokkaan moottorin avulla. Moottori ja s\u00e4hk\u00f6k\u00e4ytt\u00f6 saavat virtansa\u00a0<strong>48 V:n<\/strong>\u00a0akusta, jonka kapasiteetti on suuri,\u00a0<strong>1152 Wh (24 Ah).<\/strong>\u00a0Valmistajan tietojen mukaan skootteri pystyy kulkemaan\u00a0<strong>jopa 60 km yhdell\u00e4 latauksella<\/strong>. Skootterin\u00a0<strong>lataaminen 0 prosentista 100 prosenttiin t\u00e4yteen kest\u00e4\u00e4 8 tuntia (4 tuntia kahdella laturilla).<\/strong><\/p>\n<p style=\"caret-color: #000000; color: #000000;\">Jotta nostaminen olisi mukavampaa, s\u00e4hk\u00f6inen nostin on varustettu takanostokahvalla. Ultron T103 V4 on varustettu\u00a0<strong>LCD-n\u00e4yt\u00f6ll\u00e4<\/strong>, joka n\u00e4ytt\u00e4\u00e4 tiedot akun varaustasosta ja nopeudesta. Se n\u00e4ytt\u00e4\u00e4 my\u00f6s parhaillaan aktivoidun ajotilan \/ vaihteen. S\u00e4hk\u00f6potkulauta on\u00a0<strong>helppo lukita<\/strong>\u00a0- se voidaan kytke\u00e4 nopeasti p\u00e4\u00e4lle ja pois p\u00e4\u00e4lt\u00e4 avaimella. Jos s\u00e4hk\u00f6skootteri j\u00e4tet\u00e4\u00e4n ilman valvontaa pidemm\u00e4ksi aikaa, suosittelemme vahvasti, ett\u00e4 lukitset s\u00e4hk\u00f6skootterin sytytyslukon lis\u00e4ksi mekaanisella lukolla, sill\u00e4 sytytysavaimen irrottaminen virtakatkaisijasta saattaa olla s\u00e4hk\u00f6alan perustiedot omaavan varkaan osaamista.<\/p>\n<h2 style=\"text-align: center;\">TURVALLISUUS<\/h2>\n<p style=\"caret-color: #000000; color: #000000;\">S\u00e4hk\u00f6skootteri on nopea ja mahdollisesti vaarallinen ajoneuvo kuljettajalle. Siksi suosittelemme, ett\u00e4 k\u00e4yt\u00e4t aina\u00a0<a href=\"http:\/\/www.xn--tuksimaailm-ffb.ee\/tootesilt\/elektritoukeratta-kiivrid\/\">kyp\u00e4r\u00e4\u00e4<\/a>. Alle 16-vuotiaiden s\u00e4hk\u00f6skootterin kuljettajien on lain mukaan k\u00e4ytett\u00e4v\u00e4 kyp\u00e4r\u00e4\u00e4 ajaessaan\u00a0<a href=\"https:\/\/www.riigiteataja.ee\/akt\/113112020001\">.<\/a>\u00a0Kaikki s\u00e4hk\u00f6skootterit l\u00f6ytyv\u00e4t\u00a0<a href=\"http:\/\/www.xn--tuksimaailm-ffb.ee\/tootekategooria\/elektritoukeratas\/\"><strong>t\u00e4\u00e4lt\u00e4<\/strong><\/a>.<\/p>\n<p style=\"caret-color: #000000; color: #000000;\"><strong>Kun ostat s\u00e4hk\u00f6skootterin kaupastamme, saat kaikki\u00a0<\/strong><a href=\"http:\/\/www.xn--tuksimaailm-ffb.ee\/tootekategooria\/lisavarustus\/\"><strong>lis\u00e4varusteet<\/strong><\/a><strong>\u00a0-20%!<\/strong><\/p>\n<p style=\"caret-color: #000000; color: #000000;\"><strong>Ultron T103 V4 -s\u00e4hk\u00f6skootteri on Viron liikennelain mukainen katulaillinen kevytskootteri, jonka valmistajan teho on 1000W ja valmistajan nopeus 25km\/h.<\/strong>\u00a0<strong>HUOMAUTUS: Jos k\u00e4ytt\u00e4j\u00e4 on itsen\u00e4isesti muuttanut s\u00e4hk\u00f6skootteria nopeammaksi tai tehokkaammaksi kuin edell\u00e4 mainitut parametrit, T\u00f5uksimaailm ei ole vastuussa lain rikkomisesta aiheutuvista sakoista, poliisin takavarikoimasta s\u00e4hk\u00f6skootterista tai mist\u00e4\u00e4n muustakaan rikkomisesta aiheutuneesta vahingosta.<\/strong><\/p>\n<table class=\"tg\" style=\"border-collapse: collapse; max-width: 600px; border-spacing: 0px; margin: 0px auto; width: 84%; height: 406px;\">\n<tbody>\n<tr style=\"height: 27px;\">\n<td style=\"background-color: #e4e1e1; color: #333333; font-family: inherit; font-size: 14px; font-weight: bold; overflow: hidden; padding: 5px; text-align: center; vertical-align: top; word-break: normal; border: 1px solid; height: 27px;\" colspan=\"2\">Tekniset tiedot<\/td>\n<\/tr>\n<tr style=\"height: 27px;\">\n<td style=\"background-color: #e4e1e1; color: #333333; font-family: inherit; font-size: 14px; font-weight: bold; overflow: hidden; padding: 5px; text-align: right; vertical-align: top; word-break: normal; border: 1px solid; height: 27px;\">Malli<\/td>\n<td style=\"font-family: inherit; font-size: 14px; overflow: hidden; padding: 5px; text-align: center; vertical-align: top; word-break: normal; border: 1px solid; height: 27px;\">Ultron T103 V4<\/td>\n<\/tr>\n<tr style=\"height: 27px;\">\n<td style=\"background-color: #e4e1e1; color: #333333; font-family: inherit; font-size: 14px; font-weight: bold; overflow: hidden; padding: 5px; text-align: right; vertical-align: top; word-break: normal; border: 1px solid; height: 27px;\">Akku<\/td>\n<td style=\"font-family: inherit; font-size: 14px; overflow: hidden; padding: 5px; text-align: center; vertical-align: top; word-break: normal; border: 1px solid; height: 27px;\">48V\/24Ah 1152Wh (24000mAh)<\/td>\n<\/tr>\n<tr style=\"height: 27px;\">\n<td style=\"background-color: #e4e1e1; color: #333333; font-family: inherit; font-size: 14px; font-weight: bold; overflow: hidden; padding: 5px; text-align: right; vertical-align: top; word-break: normal; border: 1px solid; height: 27px;\">Latausaika<\/td>\n<td style=\"font-family: inherit; font-size: 14px; overflow: hidden; padding: 5px; text-align: center; vertical-align: top; word-break: normal; border: 1px solid; height: 27px;\">jopa 8h (kahdella laturilla 4h)<\/td>\n<\/tr>\n<tr style=\"height: 27px;\">\n<td style=\"background-color: #e4e1e1; color: #333333; font-family: inherit; font-size: 14px; font-weight: bold; overflow: hidden; padding: 5px; text-align: right; vertical-align: top; word-break: normal; border: 1px solid; height: 27px;\">Moottorin teho<\/td>\n<td style=\"font-family: inherit; font-size: 14px; overflow: hidden; padding: 5px; text-align: center; vertical-align: top; word-break: normal; border: 1px solid; height: 27px;\">1000W<\/td>\n<\/tr>\n<tr style=\"height: 55px;\">\n<td style=\"background-color: #e4e1e1; color: #333333; font-family: inherit; font-size: 14px; font-weight: bold; overflow: hidden; padding: 5px; text-align: right; vertical-align: top; word-break: normal; border: 1px solid; height: 55px;\"><strong style=\"caret-color: #000000; color: #000000; text-align: start; font-family: inherit;\">Ajomatka (valmistajan ilmoittama) | Laskettu ajomatka<\/strong><\/td>\n<td style=\"font-family: inherit; font-size: 14px; overflow: hidden; padding: 5px; text-align: center; vertical-align: top; word-break: normal; border: 1px solid; height: 55px;\">jopa 50 km | 60km (25km\/h, 70kg kuljettaja, 15Wh\/km)<\/td>\n<\/tr>\n<tr style=\"height: 27px;\">\n<td style=\"background-color: #e4e1e1; color: #333333; font-family: inherit; font-size: 14px; font-weight: bold; overflow: hidden; padding: 5px; text-align: right; vertical-align: top; word-break: normal; border: 1px solid; height: 27px;\">Etujarru<\/td>\n<td style=\"font-family: inherit; font-size: 14px; overflow: hidden; padding: 5px; text-align: center; vertical-align: top; word-break: normal; border: 1px solid; height: 27px;\">Hydraulinen levyjarru<\/td>\n<\/tr>\n<tr style=\"height: 27px;\">\n<td style=\"background-color: #e4e1e1; color: #333333; font-family: inherit; font-size: 14px; font-weight: bold; overflow: hidden; padding: 5px; text-align: right; vertical-align: top; word-break: normal; border: 1px solid; height: 27px;\">Takajarru<\/td>\n<td style=\"font-family: inherit; font-size: 14px; overflow: hidden; padding: 5px; text-align: center; vertical-align: top; word-break: normal; border: 1px solid; height: 27px;\">Hydraulinen levyjarru + s\u00e4hk\u00f6inen moottorijarru (regeneratiivinen)<\/td>\n<\/tr>\n<tr style=\"height: 27px;\">\n<td style=\"background-color: #e4e1e1; color: #333333; font-family: inherit; font-size: 14px; font-weight: bold; overflow: hidden; padding: 5px; text-align: right; vertical-align: top; word-break: normal; border: 1px solid; height: 27px;\">Painorajoitus<\/td>\n<td style=\"font-family: inherit; font-size: 14px; overflow: hidden; padding: 5px; text-align: center; vertical-align: top; word-break: normal; border: 1px solid; height: 27px;\">150kg<\/td>\n<\/tr>\n<tr style=\"height: 27px;\">\n<td style=\"background-color: #e4e1e1; color: #333333; font-family: inherit; font-size: 14px; font-weight: bold; overflow: hidden; padding: 5px; text-align: right; vertical-align: top; word-break: normal; border: 1px solid; height: 27px;\">Tuotantonopeus<\/td>\n<td style=\"font-family: inherit; font-size: 14px; overflow: hidden; padding: 5px; text-align: center; vertical-align: top; word-break: normal; border: 1px solid; height: 27px;\">25km\/h<\/td>\n<\/tr>\n<tr style=\"height: 27px;\">\n<td style=\"background-color: #e4e1e1; color: #333333; font-family: inherit; font-size: 14px; font-weight: bold; overflow: hidden; padding: 5px; text-align: right; vertical-align: top; word-break: normal; border: 1px solid; height: 27px;\">Paino<\/td>\n<td style=\"font-family: inherit; font-size: 14px; overflow: hidden; padding: 5px; text-align: center; vertical-align: top; word-break: normal; border: 1px solid; height: 27px;\">28kg<\/td>\n<\/tr>\n<tr style=\"height: 27px;\">\n<td style=\"background-color: #e4e1e1; color: #333333; font-family: inherit; font-size: 14px; font-weight: bold; overflow: hidden; padding: 5px 5px 5px 125px; vertical-align: top; word-break: normal; border: 1px solid; height: 27px; text-align: right;\">Moottorisoitu py\u00f6r\u00e4<\/td>\n<td style=\"font-family: inherit; font-size: 14px; overflow: hidden; padding: 5px; text-align: center; vertical-align: top; word-break: normal; border: 1px solid; height: 27px;\">\n<p>taka<\/p>\n<\/td>\n<\/tr>\n<tr style=\"height: 27px;\">\n<td style=\"background-color: #e4e1e1; color: #333333; font-family: inherit; font-size: 14px; font-weight: bold; overflow: hidden; padding: 5px; text-align: right; vertical-align: top; word-break: normal; border: 1px solid; height: 27px;\">Renkaat<\/td>\n<td style=\"font-family: inherit; font-size: 14px; overflow: hidden; padding: 5px; text-align: center; vertical-align: top; word-break: normal; border: 1px solid; height: 27px;\">10\" ilmarenkaat<\/td>\n<\/tr>\n<tr style=\"height: 27px;\">\n<td style=\"background-color: #e4e1e1; color: #333333; font-family: inherit; font-size: 14px; font-weight: bold; overflow: hidden; padding: 5px; text-align: right; vertical-align: top; word-break: normal; border: 1px solid; height: 27px;\">Tien enim\u00e4iskaltevuus<\/td>\n<td style=\"font-family: inherit; font-size: 14px; overflow: hidden; padding: 5px; text-align: center; vertical-align: top; word-break: normal; border: 1px solid; height: 27px;\">jopa 40%<\/td>\n<\/tr>\n<\/tbody>\n<\/table>\n","protected":false},"excerpt":{"rendered":"<p style=\"caret-color: #000000; color: #000000;\"><a href=\"http:\/\/www.xn--tuksimaailm-ffb.ee\/kontakt\/\"><strong>L\u00f6ysitk\u00f6 paremman hinnan? Kirjoita meille, niin teemme sinulle paremman tarjouksen!<\/strong><\/a><\/p>\n<p style=\"caret-color: #000000; color: #000000;\"><strong>Kaikki\u00a0<\/strong><a href=\"http:\/\/www.xn--tuksimaailm-ffb.ee\/tootekategooria\/lisavarustus\/\"><strong>lis\u00e4varusteet<\/strong><\/a><strong>\u00a0ja\u00a0<\/strong><a href=\"http:\/\/www.xn--tuksimaailm-ffb.ee\/tootekategooria\/elektritoukeratta-varuosad\/\"><strong>varaosat<\/strong><\/a><strong>\u00a0ovat -20 %, kun ne ostetaan s\u00e4hk\u00f6potkulaudan kanssa .<\/strong>\u00a0<strong>Alennus otetaan automaattisesti k\u00e4ytt\u00f6\u00f6n, kun lis\u00e4\u00e4t tuotteet ostoskoriin!<\/strong><\/p>\n<p style=\"caret-color: #000000; color: #000000;\"><strong><em>Toimitusaika: 1-5hp<\/em><\/strong><\/p>\n<p><em><strong>\u00a0<\/strong><\/em><\/p>\n","protected":false},"featured_media":47429,"template":"","meta":[],"product_brand":[],"product_cat":[926],"product_tag":[],"filter_elektritoukeratas":[],"class_list":{"0":"post-50293","1":"product","2":"type-product","3":"status-publish","4":"has-post-thumbnail","6":"product_cat-sahkopotkulaudat-fi","7":"product_shipping_class-keskmine-pakk-fi","8":"pa_aku-mahutavus-wh-1152-fi","9":"pa_kaal-kg-28-fi","10":"pa_kandevoime-kg-150-fi","11":"pa_labisoit-arvutuslik-km-60-fi","12":"pa_mootorite-arv-uhe-mootoriga-fi","13":"pa_muuja-platvormil-touksimaailm-exocool-ou-fi","14":"pa_piiramata-tippkiirus-kmh-25-fi","15":"pa_tootetuup-elektritoukeratas-fi","16":"pa_valmistaja-ultron-fi","17":"pa_voimsus-w-1000-fi","19":"first","20":"outofstock","21":"taxable","22":"shipping-taxable","23":"purchasable","24":"product-type-simple"},"yoast_head":"<!-- This site is optimized with the Yoast SEO Premium plugin v26.8 (Yoast SEO v27.5) - https:\/\/yoast.com\/product\/yoast-seo-premium-wordpress\/ -->\n<title>Ultron T103 V4 s\u00e4hk\u00f6potkulauta | T\u00f5uksimaailm | 1000W<\/title>\n<meta name=\"description\" content=\"Ultron T103 v\u00f5imekas ja taskukohane elektrit\u00f5ukeratas. Erinevate lisadega ja praktiline elektriline t\u00f5ukeratas. Taskukohased Ultron elektrit\u00f5ukerattad.\" \/>\n<meta name=\"robots\" content=\"index, follow, max-snippet:-1, max-image-preview:large, max-video-preview:-1\" \/>\n<link rel=\"canonical\" href=\"https:\/\/www.xn--tuksimaailm-ffb.ee\/fi\/shop\/ultron-t103-v4-sahkopotkulauta\/\" \/>\n<meta property=\"og:locale\" content=\"fi_FI\" \/>\n<meta property=\"og:type\" content=\"article\" \/>\n<meta property=\"og:title\" content=\"Ultron T103 V4 s\u00e4hk\u00f6potkulauta\" \/>\n<meta property=\"og:description\" content=\"Ultron T103 v\u00f5imekas ja taskukohane elektrit\u00f5ukeratas. Erinevate lisadega ja praktiline elektriline t\u00f5ukeratas. Taskukohased Ultron elektrit\u00f5ukerattad.\" \/>\n<meta property=\"og:url\" content=\"https:\/\/www.xn--tuksimaailm-ffb.ee\/fi\/shop\/ultron-t103-v4-sahkopotkulauta\/\" \/>\n<meta property=\"og:site_name\" content=\"T\u00f5uksimaailm\" \/>\n<meta property=\"article:publisher\" content=\"https:\/\/www.facebook.com\/touksimaailm\/\" \/>\n<meta property=\"og:image\" content=\"https:\/\/www.xn--tuksimaailm-ffb.ee\/wp-content\/uploads\/2022\/12\/ultron-t103-v4-street-legal-6-jpg.webp\" \/>\n\t<meta property=\"og:image:width\" content=\"800\" \/>\n\t<meta property=\"og:image:height\" content=\"800\" \/>\n\t<meta property=\"og:image:type\" content=\"image\/jpeg\" \/>\n<meta name=\"twitter:card\" content=\"summary_large_image\" \/>\n<meta name=\"twitter:label1\" content=\"Hinta\" \/>\n\t<meta name=\"twitter:data1\" content=\"&euro;1,199.00\" \/>\n\t<meta name=\"twitter:label2\" content=\"Saatavuus\" \/>\n\t<meta name=\"twitter:data2\" content=\"Loppu varastosta\" \/>\n<meta property=\"product:price:amount\" content=\"1199.00\" \/>\n<meta property=\"product:price:currency\" content=\"EUR\" \/>\n<meta property=\"og:availability\" content=\"out of stock\" \/>\n<meta property=\"product:availability\" content=\"out of stock\" \/>\n<meta property=\"product:retailer_item_id\" content=\"Ultron-T103\" \/>\n<meta property=\"product:condition\" content=\"new\" \/>\n<!-- \/ Yoast SEO Premium plugin. -->","yoast_head_json":{"title":"Ultron T103 V4 s\u00e4hk\u00f6potkulauta | T\u00f5uksimaailm | 1000W","description":"Ultron T103 v\u00f5imekas ja taskukohane elektrit\u00f5ukeratas. Erinevate lisadega ja praktiline elektriline t\u00f5ukeratas. Taskukohased Ultron elektrit\u00f5ukerattad.","robots":{"index":"index","follow":"follow","max-snippet":"max-snippet:-1","max-image-preview":"max-image-preview:large","max-video-preview":"max-video-preview:-1"},"canonical":"https:\/\/www.xn--tuksimaailm-ffb.ee\/fi\/shop\/ultron-t103-v4-sahkopotkulauta\/","og_locale":"fi_FI","og_type":"article","og_title":"Ultron T103 V4 s\u00e4hk\u00f6potkulauta","og_description":"Ultron T103 v\u00f5imekas ja taskukohane elektrit\u00f5ukeratas. Erinevate lisadega ja praktiline elektriline t\u00f5ukeratas. Taskukohased Ultron elektrit\u00f5ukerattad.","og_url":"https:\/\/www.xn--tuksimaailm-ffb.ee\/fi\/shop\/ultron-t103-v4-sahkopotkulauta\/","og_site_name":"T\u00f5uksimaailm","article_publisher":"https:\/\/www.facebook.com\/touksimaailm\/","og_image":[{"width":800,"height":800,"url":"https:\/\/www.xn--tuksimaailm-ffb.ee\/wp-content\/uploads\/2022\/12\/ultron-t103-v4-street-legal-6-jpg.webp","type":"image\/jpeg"}],"twitter_card":"summary_large_image","twitter_misc":{"Hinta":"&euro;1,199.00","Saatavuus":"Loppu varastosta"},"schema":{"@context":"https:\/\/schema.org","@graph":[{"@type":"WebPage","@id":"https:\/\/www.xn--tuksimaailm-ffb.ee\/fi\/shop\/ultron-t103-v4-sahkopotkulauta\/","url":"https:\/\/www.xn--tuksimaailm-ffb.ee\/fi\/shop\/ultron-t103-v4-sahkopotkulauta\/","name":"Ultron T103 V4 s\u00e4hk\u00f6potkulauta | T\u00f5uksimaailm | 1000W","isPartOf":{"@id":"https:\/\/www.xn--tuksimaailm-ffb.ee\/fi\/#website"},"primaryImageOfPage":{"@id":"https:\/\/www.xn--tuksimaailm-ffb.ee\/fi\/shop\/ultron-t103-v4-sahkopotkulauta\/#primaryimage"},"image":{"@id":"https:\/\/www.xn--tuksimaailm-ffb.ee\/fi\/shop\/ultron-t103-v4-sahkopotkulauta\/#primaryimage"},"thumbnailUrl":"https:\/\/www.xn--tuksimaailm-ffb.ee\/wp-content\/uploads\/2022\/12\/ultron-t103-v4-street-legal-6-jpg.webp","datePublished":"2022-12-26T11:03:45+00:00","description":"Ultron T103 v\u00f5imekas ja taskukohane elektrit\u00f5ukeratas. Erinevate lisadega ja praktiline elektriline t\u00f5ukeratas. Taskukohased Ultron elektrit\u00f5ukerattad.","breadcrumb":{"@id":"https:\/\/www.xn--tuksimaailm-ffb.ee\/fi\/shop\/ultron-t103-v4-sahkopotkulauta\/#breadcrumb"},"inLanguage":"fi","potentialAction":[{"@type":"ReadAction","target":["https:\/\/www.xn--tuksimaailm-ffb.ee\/fi\/shop\/ultron-t103-v4-sahkopotkulauta\/"]}]},{"@type":"ImageObject","inLanguage":"fi","@id":"https:\/\/www.xn--tuksimaailm-ffb.ee\/fi\/shop\/ultron-t103-v4-sahkopotkulauta\/#primaryimage","url":"https:\/\/www.xn--tuksimaailm-ffb.ee\/wp-content\/uploads\/2022\/12\/ultron-t103-v4-street-legal-6-jpg.webp","contentUrl":"https:\/\/www.xn--tuksimaailm-ffb.ee\/wp-content\/uploads\/2022\/12\/ultron-t103-v4-street-legal-6-jpg.webp","width":800,"height":800,"caption":"Ultron t103 v4 elektrit\u00f5ukeratas elektriline t\u00f5ukeratas electric scooter elektrit\u00f5ukerattad elektrilised t\u00f5ukerattad 6"},{"@type":"BreadcrumbList","@id":"https:\/\/www.xn--tuksimaailm-ffb.ee\/fi\/shop\/ultron-t103-v4-sahkopotkulauta\/#breadcrumb","itemListElement":[{"@type":"ListItem","position":1,"name":"Home","item":"https:\/\/www.xn--tuksimaailm-ffb.ee\/fi\/kotisivu\/"},{"@type":"ListItem","position":2,"name":"Kauppa","item":"https:\/\/www.xn--tuksimaailm-ffb.ee\/elektritoukerataste-pood\/"},{"@type":"ListItem","position":3,"name":"Ultron T103 V4 s\u00e4hk\u00f6potkulauta"}]},{"@type":"WebSite","@id":"https:\/\/www.xn--tuksimaailm-ffb.ee\/fi\/#website","url":"https:\/\/www.xn--tuksimaailm-ffb.ee\/fi\/","name":"T\u00f5uksimaailm","description":"Elektrit\u00f5ukerataste m\u00fc\u00fck, remont ja rent","publisher":{"@id":"https:\/\/www.xn--tuksimaailm-ffb.ee\/fi\/#organization"},"potentialAction":[{"@type":"SearchAction","target":{"@type":"EntryPoint","urlTemplate":"https:\/\/www.xn--tuksimaailm-ffb.ee\/fi\/?s={search_term_string}"},"query-input":{"@type":"PropertyValueSpecification","valueRequired":true,"valueName":"search_term_string"}}],"inLanguage":"fi"},{"@type":"Organization","@id":"https:\/\/www.xn--tuksimaailm-ffb.ee\/fi\/#organization","name":"T\u00f5uksimaailm","url":"https:\/\/www.xn--tuksimaailm-ffb.ee\/fi\/","logo":{"@type":"ImageObject","inLanguage":"fi","@id":"https:\/\/www.xn--tuksimaailm-ffb.ee\/fi\/#\/schema\/logo\/image\/","url":"https:\/\/www.xn--tuksimaailm-ffb.ee\/wp-content\/uploads\/2020\/01\/logoz-e1579792875517.png","contentUrl":"https:\/\/www.xn--tuksimaailm-ffb.ee\/wp-content\/uploads\/2020\/01\/logoz-e1579792875517.png","width":250,"height":250,"caption":"T\u00f5uksimaailm"},"image":{"@id":"https:\/\/www.xn--tuksimaailm-ffb.ee\/fi\/#\/schema\/logo\/image\/"},"sameAs":["https:\/\/www.facebook.com\/touksimaailm\/","https:\/\/www.instagram.com\/touksimaailm_\/","https:\/\/www.youtube.com\/channel\/UC18ml0EKIDLP1xGuQjFzcXQ"]}]},"product_price_amount":"1199.00","product_price_currency":"EUR","og_availability":"out of stock","product_availability":"out of stock","product_retailer_item_id":"Ultron-T103","product_condition":"new"},"jetpack_sharing_enabled":true,"_links":{"self":[{"href":"https:\/\/www.xn--tuksimaailm-ffb.ee\/fi\/wp-json\/wp\/v2\/product\/50293","targetHints":{"allow":["GET"]}}],"collection":[{"href":"https:\/\/www.xn--tuksimaailm-ffb.ee\/fi\/wp-json\/wp\/v2\/product"}],"about":[{"href":"https:\/\/www.xn--tuksimaailm-ffb.ee\/fi\/wp-json\/wp\/v2\/types\/product"}],"wp:featuredmedia":[{"embeddable":true,"href":"https:\/\/www.xn--tuksimaailm-ffb.ee\/fi\/wp-json\/wp\/v2\/media\/47429"}],"wp:attachment":[{"href":"https:\/\/www.xn--tuksimaailm-ffb.ee\/fi\/wp-json\/wp\/v2\/media?parent=50293"}],"wp:term":[{"taxonomy":"product_brand","embeddable":true,"href":"https:\/\/www.xn--tuksimaailm-ffb.ee\/fi\/wp-json\/wp\/v2\/product_brand?post=50293"},{"taxonomy":"product_cat","embeddable":true,"href":"https:\/\/www.xn--tuksimaailm-ffb.ee\/fi\/wp-json\/wp\/v2\/product_cat?post=50293"},{"taxonomy":"product_tag","embeddable":true,"href":"https:\/\/www.xn--tuksimaailm-ffb.ee\/fi\/wp-json\/wp\/v2\/product_tag?post=50293"},{"taxonomy":"filter_elektritoukeratas","embeddable":true,"href":"https:\/\/www.xn--tuksimaailm-ffb.ee\/fi\/wp-json\/wp\/v2\/filter_elektritoukeratas?post=50293"}],"curies":[{"name":"wp","href":"https:\/\/api.w.org\/{rel}","templated":true}]}}