{"id":50303,"date":"2022-12-13T14:22:49","date_gmt":"2022-12-13T11:22:49","guid":{"rendered":"http:\/\/www.xn--tuksimaailm-ffb.ee\/shop\/kugoo-g-max-sahkopotkulauta-eol\/"},"modified":"2022-12-13T14:22:49","modified_gmt":"2022-12-13T11:22:49","slug":"kugoo-g-max-sahkopotkulauta-eol","status":"publish","type":"product","link":"https:\/\/www.xn--tuksimaailm-ffb.ee\/fi\/shop\/kugoo-g-max-sahkopotkulauta-eol\/","title":{"rendered":"Kugoo G-MAX s\u00e4hk\u00f6potkulauta (EOL)"},"content":{"rendered":"<h2 style=\"text-align: center;\">KUGOO G-MAX S\u00c4HK\u00d6POTKULAUTA - TUOTEKUVAUS<\/h2>\n<p>T\u00e4ydellinen s\u00e4hk\u00f6skootteri hauskaan ajeluun. Kugoo G-Max -s\u00e4hk\u00f6skootteri on kompakti s\u00e4hk\u00f6skootteri, jossa on suuret ilmarenkaat ja yksinkertainen muotoilu. G-Max-mallit ovat luultavasti yksi mukavimmista s\u00e4hk\u00f6skoottereista kaupunkiajeluun. S\u00e4\u00e4dett\u00e4v\u00e4 ohjaustangon korkeus ja kokoontaitettava ohjaustanko takaavat helpon kuljetuksen ja s\u00e4ilytyksen. Kugoo G-Max -s\u00e4hk\u00f6skootterit ovat eritt\u00e4in kevyit\u00e4, sill\u00e4 ne painavat vain 15 kg. Kevyt ja kompakti Kugoo G-Max -s\u00e4hk\u00f6skootteri on ihanteellinen kulkuneuvo, jos haluat ostaa s\u00e4hk\u00f6skootterin, joka on pakattava ja kannettava aika ajoin portaita yl\u00f6s.<\/p>\n<h2 style=\"text-align: center;\">\u00a0KUGOO G-MAX S\u00c4HK\u00d6POTKULAUTA - TEKNINEN KUVAUS<\/h2>\n<p style=\"caret-color: #000000; color: #000000;\">Kugoo-s\u00e4hk\u00f6skootterit ovat tunnettu tuotemerkki l\u00e4hinn\u00e4 It\u00e4-Euroopassa ja Baltian alueella, mutta viime vuosina yh\u00e4 useammin my\u00f6s muualla Euroopassa. Kugoo-s\u00e4hk\u00f6skootterit ovat l\u00f6yt\u00e4neet tiens\u00e4 ihmisten syd\u00e4miin nimenomaan erinomaisen hinta-laatusuhteensa ansiosta, sill\u00e4 ne ovat usein paljon edullisempia vaihtoehtoja Segwayn ja\u00a0<a href=\"http:\/\/www.xn--tuksimaailm-ffb.ee\/inokim-elektritoukeratas\/\">Inokimin<\/a>kaltaisille tuotemerkeille.<\/p>\n<p>S\u00e4hk\u00f6skootteri on varustettu tehokkaalla 500W moottorilla, joka pystyy saavuttamaan valmistajan nopeuden 25km\/h ilman suurempaa vaivaa. S\u00e4hk\u00f6skootteri selviytyy vaikeimmistakin tilanteista, ja se pystyy kantamaan jopa 120 kg. S\u00e4hk\u00f6skootterin voimanl\u00e4hteen\u00e4 on tehokas 10,4Ah \/ 36VDC akku, jonka avulla valmistajan m\u00e4\u00e4rittelyn mukaan skootteri voi kulkea jopa 35km yhdell\u00e4 latauksella. Akun t\u00e4yteen lataaminen 0-100 %:sta kest\u00e4\u00e4 6-7 tuntia.<\/p>\n<h2 style=\"text-align: center;\">TURVALLISUUS<\/h2>\n<p>Kugoo G-Max -s\u00e4hk\u00f6potkulauta on varustettu etu- ja takaketjujarruilla turvallista liikkumista varten. Suuret ja eritt\u00e4in leve\u00e4t 10-tuumaiset pehme\u00e4t ilmarenkaat, joissa on sis\u00e4kumi, edist\u00e4v\u00e4t my\u00f6s turvallisuutta. Suuren py\u00f6r\u00e4n halkaisijan ja leveyden ansiosta Kugoo G-Max -s\u00e4hk\u00f6potkulauta on erityisen mukava ja vakaa ajaa. G-Max-s\u00e4hk\u00f6skootteri on helppo pakata ja kompakti, sill\u00e4 se painaa 15 kg. Kugoo G-Max -s\u00e4hk\u00f6skootterissa on my\u00f6s etu-, sivu- ja takavalot. Etuvalo on riitt\u00e4v\u00e4n tehokas ja sen valoteho on hyv\u00e4, joten ohjaustankoon ei tarvitse asentaa lis\u00e4valoja pime\u00e4ss\u00e4 ajamista varten.<\/p>\n<p style=\"caret-color: #000000; color: #000000;\"><a>Kyp\u00e4r\u00e4n<\/a>\u00a0k\u00e4ytt\u00e4minen on eritt\u00e4in suositeltavaa, kun ajetaan s\u00e4hk\u00f6isell\u00e4 vetoautolla. Alle 16-vuotiaille s\u00e4hk\u00f6potkulautailijoille kyp\u00e4r\u00e4n k\u00e4ytt\u00e4minen ajon aikana on\u00a0<a href=\"https:\/\/www.riigiteataja.ee\/akt\/113112020001\">lain<\/a>\u00a0mukaan pakollista\u00a0<a href=\"https:\/\/www.riigiteataja.ee\/akt\/113112020001\">.<\/a>\u00a0Kaikki s\u00e4hk\u00f6skootterit l\u00f6ytyv\u00e4t\u00a0<a href=\"http:\/\/www.xn--tuksimaailm-ffb.ee\/tootekategooria\/elektritoukeratas\/\"><strong>t\u00e4\u00e4lt\u00e4<\/strong><\/a>.<\/p>\n<p style=\"caret-color: #000000; color: #000000;\"><strong>Kun ostat skootterin kaupastamme, saat kaikki\u00a0<\/strong><a href=\"http:\/\/www.xn--tuksimaailm-ffb.ee\/tootekategooria\/lisavarustus\/\"><strong>tarvikkeet<\/strong><\/a><strong>\u00a0<\/strong><strong>skootterin oston yhteydess\u00e4 -20%.<\/strong><\/p>\n<table class=\"tg\" style=\"border-collapse: collapse; max-width: 600px; border-spacing: 0px; margin: 0px auto; width: 84%; height: 757px;\">\n<tbody>\n<tr style=\"height: 27px;\">\n<td style=\"background-color: #e4e1e1; color: #333333; font-family: inherit; font-size: 14px; font-weight: bold; overflow: hidden; padding: 5px; text-align: center; vertical-align: top; word-break: normal; border: 1px solid; height: 27px; width: 99.800399%;\" colspan=\"2\">Tekniset tiedot<\/td>\n<\/tr>\n<tr style=\"height: 27px;\">\n<td style=\"background-color: #e4e1e1; color: #333333; font-family: inherit; font-size: 14px; font-weight: bold; overflow: hidden; padding: 5px; text-align: right; vertical-align: top; word-break: normal; border: 1px solid; height: 27px; width: 63.473054%;\">V\u00e4ri<\/td>\n<td style=\"font-family: inherit; font-size: 14px; overflow: hidden; padding: 5px; text-align: center; vertical-align: top; word-break: normal; border: 1px solid; height: 27px; width: 36.327345%;\">musta-harmaa, jossa on t\u00e4ydent\u00e4vi\u00e4 punaisia viivoja<\/td>\n<\/tr>\n<tr style=\"height: 55px;\">\n<td style=\"background-color: #e4e1e1; color: #333333; font-family: inherit; font-size: 14px; font-weight: bold; overflow: hidden; padding: 5px; text-align: right; vertical-align: top; word-break: normal; border: 1px solid; height: 55px; width: 63.473054%;\"><strong style=\"caret-color: #000000; color: #000000; text-align: start; font-family: inherit;\">Ajomatka (valmistajan ilmoittama) <br \/>| Laskettu ajomatka<\/strong><\/td>\n<td style=\"font-family: inherit; font-size: 14px; overflow: hidden; padding: 5px; text-align: center; vertical-align: top; word-break: normal; border: 1px solid; height: 55px; width: 36.327345%;\">35km | 25km (25km\/h, 70kg kuljettaja, 15Wh\/km)<\/td>\n<\/tr>\n<tr style=\"height: 27px;\">\n<td style=\"background-color: #e4e1e1; color: #333333; font-family: inherit; font-size: 14px; font-weight: bold; overflow: hidden; padding: 5px; text-align: right; vertical-align: top; word-break: normal; border: 1px solid; height: 27px; width: 63.473054%;\">Moottorin teho<\/td>\n<td style=\"font-family: inherit; font-size: 14px; overflow: hidden; padding: 5px; text-align: center; vertical-align: top; word-break: normal; border: 1px solid; height: 27px; width: 36.327345%;\">500W<\/td>\n<\/tr>\n<tr style=\"height: 27px;\">\n<td style=\"background-color: #e4e1e1; color: #333333; font-family: inherit; font-size: 14px; font-weight: bold; overflow: hidden; padding: 5px; text-align: right; vertical-align: top; word-break: normal; border: 1px solid; height: 27px; width: 63.473054%;\">Akku<\/td>\n<td style=\"font-family: inherit; font-size: 14px; overflow: hidden; padding: 5px; text-align: center; vertical-align: top; word-break: normal; border: 1px solid; height: 27px; width: 36.327345%;\">10.4 Ah \/ 36V<\/td>\n<\/tr>\n<tr style=\"height: 27px;\">\n<td style=\"background-color: #e4e1e1; color: #333333; font-family: inherit; font-size: 14px; font-weight: bold; overflow: hidden; padding: 5px; text-align: right; vertical-align: top; word-break: normal; border: 1px solid; height: 27px; width: 63.473054%;\">Akun kapasiteetti<\/td>\n<td style=\"font-family: inherit; font-size: 14px; overflow: hidden; padding: 5px; text-align: center; vertical-align: top; word-break: normal; border: 1px solid; height: 27px; width: 36.327345%;\">374Wh<\/td>\n<\/tr>\n<tr style=\"height: 27px;\">\n<td style=\"background-color: #e4e1e1; color: #333333; font-family: inherit; font-size: 14px; font-weight: bold; overflow: hidden; padding: 5px; text-align: right; vertical-align: top; word-break: normal; border: 1px solid; height: 27px; width: 63.473054%;\"><strong style=\"caret-color: #000000; color: #000000; text-align: start; font-family: inherit;\">Laturin sy\u00f6tt\u00f6j\u00e4nnit<\/strong>e<\/td>\n<td style=\"font-family: inherit; font-size: 14px; overflow: hidden; padding: 5px; text-align: center; vertical-align: top; word-break: normal; border: 1px solid; height: 27px; width: 36.327345%;\">220-240V\/50Hz<\/td>\n<\/tr>\n<tr style=\"height: 27px;\">\n<td style=\"background-color: #e4e1e1; color: #333333; font-family: inherit; font-size: 14px; font-weight: bold; overflow: hidden; padding: 5px; text-align: right; vertical-align: top; word-break: normal; border: 1px solid; height: 27px; width: 63.473054%;\">Latausaika<\/td>\n<td style=\"font-family: inherit; font-size: 14px; overflow: hidden; padding: 5px; text-align: center; vertical-align: top; word-break: normal; border: 1px solid; height: 27px; width: 36.327345%;\">6-7 h<\/td>\n<\/tr>\n<tr style=\"height: 27px;\">\n<td style=\"background-color: #e4e1e1; color: #333333; font-family: inherit; font-size: 14px; font-weight: bold; overflow: hidden; padding: 5px; text-align: right; vertical-align: top; word-break: normal; border: 1px solid; height: 27px; width: 63.473054%;\">Laturi mukana<\/td>\n<td style=\"font-family: inherit; font-size: 14px; overflow: hidden; padding: 5px; text-align: center; vertical-align: top; word-break: normal; border: 1px solid; height: 27px; width: 36.327345%;\">kyll\u00e4<\/td>\n<\/tr>\n<tr style=\"height: 27px;\">\n<td style=\"background-color: #e4e1e1; color: #333333; font-family: inherit; font-size: 14px; font-weight: bold; overflow: hidden; padding: 5px; text-align: right; vertical-align: top; word-break: normal; border: 1px solid; height: 27px; width: 63.473054%;\"><strong style=\"caret-color: #000000; color: #000000; text-align: start; font-family: inherit;\">Mahdollisuus vara-akun k\u00e4ytt\u00f6\u00f6n<\/strong><\/td>\n<td style=\"font-family: inherit; font-size: 14px; overflow: hidden; padding: 5px; text-align: center; vertical-align: top; word-break: normal; border: 1px solid; height: 27px; width: 36.327345%;\">ei<\/td>\n<\/tr>\n<tr style=\"height: 27px;\">\n<td style=\"background-color: #e4e1e1; color: #333333; font-family: inherit; font-size: 14px; font-weight: bold; overflow: hidden; padding: 5px; text-align: right; vertical-align: top; word-break: normal; border: 1px solid; height: 27px; width: 63.473054%;\"><strong style=\"caret-color: #000000; color: #000000; text-align: start; font-family: inherit;\">Akun irrotusvaihtoehto<\/strong><\/td>\n<td style=\"font-family: inherit; font-size: 14px; overflow: hidden; padding: 5px; text-align: center; vertical-align: top; word-break: normal; border: 1px solid; height: 27px; width: 36.327345%;\">ei<\/td>\n<\/tr>\n<tr style=\"height: 27px;\">\n<td style=\"background-color: #e4e1e1; color: #333333; font-family: inherit; font-size: 14px; font-weight: bold; overflow: hidden; padding: 5px; text-align: right; vertical-align: top; word-break: normal; border: 1px solid; height: 27px; width: 63.473054%;\">Tuotantonopeus<\/td>\n<td style=\"font-family: inherit; font-size: 14px; overflow: hidden; padding: 5px; text-align: center; vertical-align: top; word-break: normal; border: 1px solid; height: 27px; width: 36.327345%;\">25 km\/h<\/td>\n<\/tr>\n<tr style=\"height: 27px;\">\n<td style=\"background-color: #e4e1e1; color: #333333; font-family: inherit; font-size: 14px; font-weight: bold; overflow: hidden; padding: 5px; text-align: right; vertical-align: top; word-break: normal; border: 1px solid; height: 27px; width: 63.473054%;\">Nopeusgradientit<\/td>\n<td style=\"font-family: inherit; font-size: 14px; overflow: hidden; padding: 5px; text-align: center; vertical-align: top; word-break: normal; border: 1px solid; height: 27px; width: 36.327345%;\">3<\/td>\n<\/tr>\n<tr style=\"height: 27px;\">\n<td style=\"background-color: #e4e1e1; color: #333333; font-family: inherit; font-size: 14px; font-weight: bold; overflow: hidden; padding: 5px; text-align: right; vertical-align: top; word-break: normal; border: 1px solid; height: 27px; width: 63.473054%;\">Vakionopeudens\u00e4\u00e4din<\/td>\n<td style=\"font-family: inherit; font-size: 14px; overflow: hidden; padding: 5px; text-align: center; vertical-align: top; word-break: normal; border: 1px solid; height: 27px; width: 36.327345%;\">kyll\u00e4<\/td>\n<\/tr>\n<tr style=\"height: 27px;\">\n<td style=\"background-color: #e4e1e1; color: #333333; font-family: inherit; font-size: 14px; font-weight: bold; overflow: hidden; padding: 5px; text-align: right; vertical-align: top; word-break: normal; border: 1px solid; height: 27px; width: 63.473054%;\">Etuvalot<\/td>\n<td style=\"font-family: inherit; font-size: 14px; overflow: hidden; padding: 5px; text-align: center; vertical-align: top; word-break: normal; border: 1px solid; height: 27px; width: 36.327345%;\">LED<\/td>\n<\/tr>\n<tr style=\"height: 27px;\">\n<td style=\"background-color: #e4e1e1; color: #333333; font-family: inherit; font-size: 14px; font-weight: bold; overflow: hidden; padding: 5px; text-align: right; vertical-align: top; word-break: normal; border: 1px solid; height: 27px; width: 63.473054%;\">Takavalot<\/td>\n<td style=\"font-family: inherit; font-size: 14px; overflow: hidden; padding: 5px; text-align: center; vertical-align: top; word-break: normal; border: 1px solid; height: 27px; width: 36.327345%;\">LED<\/td>\n<\/tr>\n<tr style=\"height: 27px;\">\n<td style=\"background-color: #e4e1e1; color: #333333; font-family: inherit; font-size: 14px; font-weight: bold; overflow: hidden; padding: 5px; text-align: right; vertical-align: top; word-break: normal; border: 1px solid; height: 27px; width: 63.473054%;\">Jarrut<\/td>\n<td style=\"font-family: inherit; font-size: 14px; overflow: hidden; padding: 5px; text-align: center; vertical-align: top; word-break: normal; border: 1px solid; height: 27px; width: 36.327345%;\">Mekaaninen levyjarru takana<\/td>\n<\/tr>\n<tr style=\"height: 27px;\">\n<td style=\"background-color: #e4e1e1; color: #333333; font-family: inherit; font-size: 14px; font-weight: bold; overflow: hidden; padding: 5px; text-align: right; vertical-align: top; word-break: normal; border: 1px solid; height: 27px; width: 63.473054%;\">Rengaskoko<\/td>\n<td style=\"font-family: inherit; font-size: 14px; overflow: hidden; padding: 5px; text-align: center; vertical-align: top; word-break: normal; border: 1px solid; height: 27px; width: 36.327345%;\">10\" (lai)<\/td>\n<\/tr>\n<tr style=\"height: 27px;\">\n<td style=\"background-color: #e4e1e1; color: #333333; font-family: inherit; font-size: 14px; font-weight: bold; overflow: hidden; padding: 5px; text-align: right; vertical-align: top; word-break: normal; border: 1px solid; height: 27px; width: 63.473054%;\">Rengastyyppi<\/td>\n<td style=\"font-family: inherit; font-size: 14px; overflow: hidden; padding: 5px; text-align: center; vertical-align: top; word-break: normal; border: 1px solid; height: 27px; width: 36.327345%;\">Ilmarengas ja sis\u00e4putki<\/td>\n<\/tr>\n<tr style=\"height: 27px;\">\n<td style=\"background-color: #e4e1e1; color: #333333; font-family: inherit; font-size: 14px; font-weight: bold; overflow: hidden; padding: 5px; text-align: right; vertical-align: top; word-break: normal; border: 1px solid; height: 27px; width: 63.473054%;\">Moottorisoitu py\u00f6r\u00e4<\/td>\n<td style=\"font-family: inherit; font-size: 14px; overflow: hidden; padding: 5px; text-align: center; vertical-align: top; word-break: normal; border: 1px solid; height: 27px; width: 36.327345%;\">etupy\u00f6r\u00e4<\/td>\n<\/tr>\n<tr style=\"height: 27px;\">\n<td style=\"background-color: #e4e1e1; color: #333333; font-family: inherit; font-size: 14px; font-weight: bold; overflow: hidden; padding: 5px; text-align: right; vertical-align: top; word-break: normal; border: 1px solid; height: 27px; width: 63.473054%;\"><strong style=\"caret-color: #000000; color: #000000; text-align: start; font-family: inherit;\">Pohjan korkeus maanpinnasta<\/strong><\/td>\n<td style=\"font-family: inherit; font-size: 14px; overflow: hidden; padding: 5px; text-align: center; vertical-align: top; word-break: normal; border: 1px solid; height: 27px; width: 36.327345%;\">100 mm<\/td>\n<\/tr>\n<tr style=\"height: 27px;\">\n<td style=\"background-color: #e4e1e1; color: #333333; font-family: inherit; font-size: 14px; font-weight: bold; overflow: hidden; padding: 5px; text-align: right; vertical-align: top; word-break: normal; border: 1px solid; height: 27px; width: 63.473054%;\">Tien enim\u00e4iskaltevuus<\/td>\n<td style=\"font-family: inherit; font-size: 14px; overflow: hidden; padding: 5px; text-align: center; vertical-align: top; word-break: normal; border: 1px solid; height: 27px; width: 36.327345%;\">15%<\/td>\n<\/tr>\n<tr style=\"height: 27px;\">\n<td style=\"background-color: #e4e1e1; color: #333333; font-family: inherit; font-size: 14px; font-weight: bold; overflow: hidden; padding: 5px; text-align: right; vertical-align: top; word-break: normal; border: 1px solid; height: 27px; width: 63.473054%;\">Painorajoitus<\/td>\n<td style=\"font-family: inherit; font-size: 14px; overflow: hidden; padding: 5px; text-align: center; vertical-align: top; word-break: normal; border: 1px solid; height: 27px; width: 36.327345%;\">120 kg<\/td>\n<\/tr>\n<tr style=\"height: 27px;\">\n<td style=\"background-color: #e4e1e1; color: #333333; font-family: inherit; font-size: 14px; font-weight: bold; overflow: hidden; padding: 5px; text-align: right; vertical-align: top; word-break: normal; border: 1px solid; height: 27px; width: 63.473054%;\">Paino<\/td>\n<td style=\"font-family: inherit; font-size: 14px; overflow: hidden; padding: 5px; text-align: center; vertical-align: top; word-break: normal; border: 1px solid; height: 27px; width: 36.327345%;\">15 kg<\/td>\n<\/tr>\n<\/tbody>\n<\/table>\n","protected":false},"excerpt":{"rendered":"<p style=\"caret-color: #000000; color: #000000;\"><strong>HUOM: Kugoo ES3 -s\u00e4hk\u00f6skootteri on poistunut tuotannosta.<\/strong>\u00a0<strong>Vaihtoehtona suosittelemme\u00a0<\/strong><a href=\"http:\/\/www.xn--tuksimaailm-ffb.ee\/shop\/kugoo-kirin-m4-pro-elektritoukeratas\/\"><strong>Kugoo Kirin M4 Pro<\/strong><\/a><strong>tai\u00a0<\/strong><a href=\"http:\/\/www.xn--tuksimaailm-ffb.ee\/shop\/hx-x9-max-elektritoukeratas\/\"><strong>HX X9 MAX.<\/strong><\/a><\/p>\n","protected":false},"featured_media":25570,"template":"","meta":[],"product_brand":[],"product_cat":[926],"product_tag":[],"filter_elektritoukeratas":[],"class_list":{"0":"post-50303","1":"product","2":"type-product","3":"status-publish","4":"has-post-thumbnail","6":"product_cat-sahkopotkulaudat-fi","7":"product_shipping_class-keskmine-pakk-fi","8":"pa_aku-mahutavus-wh-374-fi","9":"pa_kaal-kg-25-fi","10":"pa_kandevoime-kg-120-fi","11":"pa_labisoit-arvutuslik-km-25-fi","12":"pa_mootorite-arv-uhe-mootoriga-fi","13":"pa_piiramata-tippkiirus-kmh-25-fi","14":"pa_tootetuup-elektritoukeratas-fi","15":"pa_valmistaja-kugoo-fi","16":"pa_voimsus-w-500-fi","18":"first","19":"outofstock","20":"taxable","21":"shipping-taxable","22":"purchasable","23":"product-type-simple"},"yoast_head":"<!-- This site is optimized with the Yoast SEO Premium plugin v26.8 (Yoast SEO v27.5) - https:\/\/yoast.com\/product\/yoast-seo-premium-wordpress\/ -->\n<title>Kugoo G-MAX s\u00e4hk\u00f6potkulauta (EOL) | T\u00f5uksimaailm | Elektrilised<\/title>\n<meta name=\"description\" content=\"Kugoo G-Max elektrit\u00f5ukeratas. \u00d5hkrehvidega varustatud kompaktne elektriline t\u00f5ukeratas. Soodsad Kugoo elektrilised t\u00f5ukerattad.\" \/>\n<meta name=\"robots\" content=\"index, follow, max-snippet:-1, max-image-preview:large, max-video-preview:-1\" \/>\n<link rel=\"canonical\" href=\"https:\/\/www.xn--tuksimaailm-ffb.ee\/fi\/shop\/kugoo-g-max-sahkopotkulauta-eol\/\" \/>\n<meta property=\"og:locale\" content=\"fi_FI\" \/>\n<meta property=\"og:type\" content=\"article\" \/>\n<meta property=\"og:title\" content=\"Kugoo G-MAX s\u00e4hk\u00f6potkulauta (EOL)\" \/>\n<meta property=\"og:description\" content=\"Kugoo G-Max elektrit\u00f5ukeratas. \u00d5hkrehvidega varustatud kompaktne elektriline t\u00f5ukeratas. Soodsad Kugoo elektrilised t\u00f5ukerattad.\" \/>\n<meta property=\"og:url\" content=\"https:\/\/www.xn--tuksimaailm-ffb.ee\/fi\/shop\/kugoo-g-max-sahkopotkulauta-eol\/\" \/>\n<meta property=\"og:site_name\" content=\"T\u00f5uksimaailm\" \/>\n<meta property=\"article:publisher\" content=\"https:\/\/www.facebook.com\/touksimaailm\/\" \/>\n<meta property=\"og:image\" content=\"https:\/\/www.xn--tuksimaailm-ffb.ee\/wp-content\/uploads\/2022\/12\/kugoo_g-max_elektritoukeratas_elektriline_toukeratas.webp\" \/>\n\t<meta property=\"og:image:width\" content=\"1200\" \/>\n\t<meta property=\"og:image:height\" content=\"1100\" \/>\n\t<meta property=\"og:image:type\" content=\"image\/webp\" \/>\n<meta name=\"twitter:card\" content=\"summary_large_image\" \/>\n<meta name=\"twitter:label1\" content=\"Hinta\" \/>\n\t<meta name=\"twitter:data1\" content=\"&euro;799.00\" \/>\n\t<meta name=\"twitter:label2\" content=\"Saatavuus\" \/>\n\t<meta name=\"twitter:data2\" content=\"Loppu varastosta\" \/>\n<meta property=\"product:price:amount\" content=\"799.00\" \/>\n<meta property=\"product:price:currency\" content=\"EUR\" \/>\n<meta property=\"og:availability\" content=\"out of stock\" \/>\n<meta property=\"product:availability\" content=\"out of stock\" \/>\n<meta property=\"product:retailer_item_id\" content=\"Kugoo-G-MAX\" \/>\n<meta property=\"product:condition\" content=\"new\" \/>\n<!-- \/ Yoast SEO Premium plugin. -->","yoast_head_json":{"title":"Kugoo G-MAX s\u00e4hk\u00f6potkulauta (EOL) | T\u00f5uksimaailm | Elektrilised","description":"Kugoo G-Max elektrit\u00f5ukeratas. \u00d5hkrehvidega varustatud kompaktne elektriline t\u00f5ukeratas. Soodsad Kugoo elektrilised t\u00f5ukerattad.","robots":{"index":"index","follow":"follow","max-snippet":"max-snippet:-1","max-image-preview":"max-image-preview:large","max-video-preview":"max-video-preview:-1"},"canonical":"https:\/\/www.xn--tuksimaailm-ffb.ee\/fi\/shop\/kugoo-g-max-sahkopotkulauta-eol\/","og_locale":"fi_FI","og_type":"article","og_title":"Kugoo G-MAX s\u00e4hk\u00f6potkulauta (EOL)","og_description":"Kugoo G-Max elektrit\u00f5ukeratas. \u00d5hkrehvidega varustatud kompaktne elektriline t\u00f5ukeratas. Soodsad Kugoo elektrilised t\u00f5ukerattad.","og_url":"https:\/\/www.xn--tuksimaailm-ffb.ee\/fi\/shop\/kugoo-g-max-sahkopotkulauta-eol\/","og_site_name":"T\u00f5uksimaailm","article_publisher":"https:\/\/www.facebook.com\/touksimaailm\/","og_image":[{"width":1200,"height":1100,"url":"https:\/\/www.xn--tuksimaailm-ffb.ee\/wp-content\/uploads\/2022\/12\/kugoo_g-max_elektritoukeratas_elektriline_toukeratas.webp","type":"image\/webp"}],"twitter_card":"summary_large_image","twitter_misc":{"Hinta":"&euro;799.00","Saatavuus":"Loppu varastosta"},"schema":{"@context":"https:\/\/schema.org","@graph":[{"@type":"WebPage","@id":"https:\/\/www.xn--tuksimaailm-ffb.ee\/fi\/shop\/kugoo-g-max-sahkopotkulauta-eol\/","url":"https:\/\/www.xn--tuksimaailm-ffb.ee\/fi\/shop\/kugoo-g-max-sahkopotkulauta-eol\/","name":"Kugoo G-MAX s\u00e4hk\u00f6potkulauta (EOL) | T\u00f5uksimaailm | Elektrilised","isPartOf":{"@id":"https:\/\/www.xn--tuksimaailm-ffb.ee\/fi\/#website"},"primaryImageOfPage":{"@id":"https:\/\/www.xn--tuksimaailm-ffb.ee\/fi\/shop\/kugoo-g-max-sahkopotkulauta-eol\/#primaryimage"},"image":{"@id":"https:\/\/www.xn--tuksimaailm-ffb.ee\/fi\/shop\/kugoo-g-max-sahkopotkulauta-eol\/#primaryimage"},"thumbnailUrl":"https:\/\/www.xn--tuksimaailm-ffb.ee\/wp-content\/uploads\/2022\/12\/kugoo_g-max_elektritoukeratas_elektriline_toukeratas.webp","datePublished":"2022-12-13T11:22:49+00:00","description":"Kugoo G-Max elektrit\u00f5ukeratas. \u00d5hkrehvidega varustatud kompaktne elektriline t\u00f5ukeratas. Soodsad Kugoo elektrilised t\u00f5ukerattad.","breadcrumb":{"@id":"https:\/\/www.xn--tuksimaailm-ffb.ee\/fi\/shop\/kugoo-g-max-sahkopotkulauta-eol\/#breadcrumb"},"inLanguage":"fi","potentialAction":[{"@type":"ReadAction","target":["https:\/\/www.xn--tuksimaailm-ffb.ee\/fi\/shop\/kugoo-g-max-sahkopotkulauta-eol\/"]}]},{"@type":"ImageObject","inLanguage":"fi","@id":"https:\/\/www.xn--tuksimaailm-ffb.ee\/fi\/shop\/kugoo-g-max-sahkopotkulauta-eol\/#primaryimage","url":"https:\/\/www.xn--tuksimaailm-ffb.ee\/wp-content\/uploads\/2022\/12\/kugoo_g-max_elektritoukeratas_elektriline_toukeratas.webp","contentUrl":"https:\/\/www.xn--tuksimaailm-ffb.ee\/wp-content\/uploads\/2022\/12\/kugoo_g-max_elektritoukeratas_elektriline_toukeratas.webp","width":1200,"height":1100},{"@type":"BreadcrumbList","@id":"https:\/\/www.xn--tuksimaailm-ffb.ee\/fi\/shop\/kugoo-g-max-sahkopotkulauta-eol\/#breadcrumb","itemListElement":[{"@type":"ListItem","position":1,"name":"Home","item":"https:\/\/www.xn--tuksimaailm-ffb.ee\/fi\/kotisivu\/"},{"@type":"ListItem","position":2,"name":"Kauppa","item":"https:\/\/www.xn--tuksimaailm-ffb.ee\/elektritoukerataste-pood\/"},{"@type":"ListItem","position":3,"name":"Kugoo G-MAX s\u00e4hk\u00f6potkulauta (EOL)"}]},{"@type":"WebSite","@id":"https:\/\/www.xn--tuksimaailm-ffb.ee\/fi\/#website","url":"https:\/\/www.xn--tuksimaailm-ffb.ee\/fi\/","name":"T\u00f5uksimaailm","description":"Elektrit\u00f5ukerataste m\u00fc\u00fck, remont ja rent","publisher":{"@id":"https:\/\/www.xn--tuksimaailm-ffb.ee\/fi\/#organization"},"potentialAction":[{"@type":"SearchAction","target":{"@type":"EntryPoint","urlTemplate":"https:\/\/www.xn--tuksimaailm-ffb.ee\/fi\/?s={search_term_string}"},"query-input":{"@type":"PropertyValueSpecification","valueRequired":true,"valueName":"search_term_string"}}],"inLanguage":"fi"},{"@type":"Organization","@id":"https:\/\/www.xn--tuksimaailm-ffb.ee\/fi\/#organization","name":"T\u00f5uksimaailm","url":"https:\/\/www.xn--tuksimaailm-ffb.ee\/fi\/","logo":{"@type":"ImageObject","inLanguage":"fi","@id":"https:\/\/www.xn--tuksimaailm-ffb.ee\/fi\/#\/schema\/logo\/image\/","url":"https:\/\/www.xn--tuksimaailm-ffb.ee\/wp-content\/uploads\/2020\/01\/logoz-e1579792875517.png","contentUrl":"https:\/\/www.xn--tuksimaailm-ffb.ee\/wp-content\/uploads\/2020\/01\/logoz-e1579792875517.png","width":250,"height":250,"caption":"T\u00f5uksimaailm"},"image":{"@id":"https:\/\/www.xn--tuksimaailm-ffb.ee\/fi\/#\/schema\/logo\/image\/"},"sameAs":["https:\/\/www.facebook.com\/touksimaailm\/","https:\/\/www.instagram.com\/touksimaailm_\/","https:\/\/www.youtube.com\/channel\/UC18ml0EKIDLP1xGuQjFzcXQ"]}]},"product_price_amount":"799.00","product_price_currency":"EUR","og_availability":"out of stock","product_availability":"out of stock","product_retailer_item_id":"Kugoo-G-MAX","product_condition":"new"},"jetpack_sharing_enabled":true,"_links":{"self":[{"href":"https:\/\/www.xn--tuksimaailm-ffb.ee\/fi\/wp-json\/wp\/v2\/product\/50303","targetHints":{"allow":["GET"]}}],"collection":[{"href":"https:\/\/www.xn--tuksimaailm-ffb.ee\/fi\/wp-json\/wp\/v2\/product"}],"about":[{"href":"https:\/\/www.xn--tuksimaailm-ffb.ee\/fi\/wp-json\/wp\/v2\/types\/product"}],"wp:featuredmedia":[{"embeddable":true,"href":"https:\/\/www.xn--tuksimaailm-ffb.ee\/fi\/wp-json\/wp\/v2\/media\/25570"}],"wp:attachment":[{"href":"https:\/\/www.xn--tuksimaailm-ffb.ee\/fi\/wp-json\/wp\/v2\/media?parent=50303"}],"wp:term":[{"taxonomy":"product_brand","embeddable":true,"href":"https:\/\/www.xn--tuksimaailm-ffb.ee\/fi\/wp-json\/wp\/v2\/product_brand?post=50303"},{"taxonomy":"product_cat","embeddable":true,"href":"https:\/\/www.xn--tuksimaailm-ffb.ee\/fi\/wp-json\/wp\/v2\/product_cat?post=50303"},{"taxonomy":"product_tag","embeddable":true,"href":"https:\/\/www.xn--tuksimaailm-ffb.ee\/fi\/wp-json\/wp\/v2\/product_tag?post=50303"},{"taxonomy":"filter_elektritoukeratas","embeddable":true,"href":"https:\/\/www.xn--tuksimaailm-ffb.ee\/fi\/wp-json\/wp\/v2\/filter_elektritoukeratas?post=50303"}],"curies":[{"name":"wp","href":"https:\/\/api.w.org\/{rel}","templated":true}]}}