{"id":50308,"date":"2022-12-13T12:24:43","date_gmt":"2022-12-13T09:24:43","guid":{"rendered":"http:\/\/www.xn--tuksimaailm-ffb.ee\/shop\/kugoo-es3-sahkopotkulauta-eol\/"},"modified":"2022-12-13T12:24:43","modified_gmt":"2022-12-13T09:24:43","slug":"kugoo-es3-sahkopotkulauta-eol","status":"publish","type":"product","link":"https:\/\/www.xn--tuksimaailm-ffb.ee\/fi\/shop\/kugoo-es3-sahkopotkulauta-eol\/","title":{"rendered":"Kugoo ES3 s\u00e4hk\u00f6potkulauta (EOL)"},"content":{"rendered":"<h2 style=\"text-align: center;\">KUGOO ES3 S\u00c4HK\u00d6POTKULAUTA - TUOTEKUVAUS<\/h2>\n<p style=\"caret-color: #000000; color: #000000;\">T\u00e4ydellinen s\u00e4hk\u00f6skootteri hauskaan ajeluun. Kugoo ES3 -s\u00e4hk\u00f6skootteri on kompakti s\u00e4hk\u00f6skootteri, jossa on suuret ilmarenkaat ja yksinkertainen muotoilu. Kugoo ES-sarjan s\u00e4hk\u00f6skootterit ovat luultavasti yksi\u00a0<strong>mukavimmista s\u00e4hk\u00f6skoottereista kaupunkiajeluun, ja niiden\u00a0<\/strong>kanssa kilpailee vain paljon kalliimpi\u00a0<a href=\"http:\/\/www.xn--tuksimaailm-ffb.ee\/shop\/dualtron-city-elektritoukeratas\/\">Dualtron City<\/a>\u00a0-s\u00e4hk\u00f6skootteri. S\u00e4\u00e4dett\u00e4v\u00e4 ohjaustangon korkeus ja kokoontaitettava ohjaustanko takaavat helpon kuljetuksen ja s\u00e4ilytyksen. Kugoo ES3 -s\u00e4hk\u00f6skootteri on eritt\u00e4in kevyt, sill\u00e4 se<strong>\u00a0painaa vain 15 kg.<\/strong>\u00a0Kevyt ja kompakti Kugoo ES3 -s\u00e4hk\u00f6skootteri on ihanteellinen ajoneuvo, jos haluat ostaa s\u00e4hk\u00f6skootterin, joka on pakattava ja kannettava aika ajoin portaita yl\u00f6s.<\/p>\n<h2 style=\"text-align: center;\">\u00a0ES3 S\u00c4HK\u00d6POTKULAUTA - TEKNINEN KUVAUS<\/h2>\n<p>Kugoo on tunnettu nimi It\u00e4-Euroopassa ja Baltian alueella, mutta viime vuosina yh\u00e4 useammin my\u00f6s muualla Euroopassa. Kugoo-s\u00e4hk\u00f6skootterit ovat l\u00f6yt\u00e4neet tiens\u00e4 ihmisten syd\u00e4miin juuri erinomaisen hinta-laatusuhteensa ansiosta, sill\u00e4 ne ovat usein paljon edullisempia vaihtoehtoja Segwayn ja Inokimin kaltaisille tuotemerkeille.<\/p>\n<p style=\"caret-color: #000000; color: #000000;\">ES3-s\u00e4hk\u00f6skootteri on varustettu\u00a0<strong>tehokkaalla 500W-moottorilla<\/strong>, joka pystyy saavuttamaan\u00a0<strong>25km\/h<\/strong>\u00a0huippunopeuden\u00a0<strong>ilman suurempaa vaivaa<\/strong>. S\u00e4hk\u00f6skootteri selviytyy vaikeimmistakin tilanteista, ja se pystyy\u00a0<strong>kantamaan jopa 120 kg.<\/strong>S\u00e4hk\u00f6skootterin voimanl\u00e4hteen\u00e4 on tehokas\u00a0<strong>11,0Ah \/ 36VDC akku<\/strong>, jonka avulla valmistajan erittelyn mukaan skootteri\u00a0<strong>voi kulkea jopa 35km<\/strong>\u00a0yhdell\u00e4 latauksella. Akun\u00a0<strong>t\u00e4yteen lataaminen 0-100 %:<\/strong>sta\u00a0<strong>kest\u00e4\u00e4 vain 6 tuntia.<\/strong><\/p>\n<h2 style=\"text-align: center;\">TURVALLISUUS<\/h2>\n<p style=\"caret-color: #000000; color: #000000;\">ES3-s\u00e4hk\u00f6skootteri on varustettu\u00a0<strong>etu- ja takaketjujarruilla<\/strong>\u00a0turvallista liikkumista varten. Turvallisuutta lis\u00e4\u00e4v\u00e4t my\u00f6s\u00a0<strong>suuret 12 tuuman ilmarenkaat<\/strong>. Suuren py\u00f6r\u00e4n halkaisijan ansiosta Kugoo ES3 -s\u00e4hk\u00f6potkulauta on erityisen mukava ja vakaa ajaa.\u00a0<strong>Helppo pakata ja kompakti, se painaa 15 kg.<\/strong>\u00a0ES3-s\u00e4hk\u00f6skootteri on varustettu my\u00f6s etu-, sivu- ja takavaloilla. Etuvalo on riitt\u00e4v\u00e4n tehokas ja sen valoteho on hyv\u00e4, joten ohjaustankoon ei tarvitse asentaa lis\u00e4valoja pime\u00e4\u00e4n aikaan ajamista varten.\u00a0<strong>Kugoo ES3 -s\u00e4hk\u00f6skoottereita on saatavana useissa eri v\u00e4reiss\u00e4<\/strong>.<\/p>\n<p style=\"caret-color: #000000; color: #000000;\"><a>Kyp\u00e4r\u00e4n<\/a>\u00a0k\u00e4ytt\u00e4minen on eritt\u00e4in suositeltavaa, kun ajetaan s\u00e4hk\u00f6isell\u00e4 vetoautolla. Alle 16-vuotiaille s\u00e4hk\u00f6potkulautailijoille kyp\u00e4r\u00e4n k\u00e4ytt\u00e4minen ajon aikana on\u00a0<a href=\"https:\/\/www.riigiteataja.ee\/akt\/113112020001\">lain<\/a>\u00a0mukaan pakollista\u00a0<a href=\"https:\/\/www.riigiteataja.ee\/akt\/113112020001\">.<\/a>\u00a0Kaikki s\u00e4hk\u00f6skootterit l\u00f6ytyv\u00e4t\u00a0<a href=\"http:\/\/www.xn--tuksimaailm-ffb.ee\/tootekategooria\/elektritoukeratas\/\"><strong>t\u00e4\u00e4lt\u00e4<\/strong><\/a>.<\/p>\n<p style=\"caret-color: #000000; color: #000000;\"><strong>Kun ostat skootterin liikkeest\u00e4mme, saat kaikki\u00a0<\/strong><a href=\"http:\/\/www.xn--tuksimaailm-ffb.ee\/tootekategooria\/lisavarustus\/\"><strong>lis\u00e4varusteet<\/strong><\/a> <strong>skootterin oston yhteydess\u00e4 -20% alennuksella.<\/strong><\/p>\n<p style=\"caret-color: #000000; color: #000000;\"><strong>Viron tieliikennelain mukaan Kugoo ES3 -s\u00e4hk\u00f6potkulauta on katulaillinen kevytliikkuvuuspotkulauta, jonka valmistajan teho on 500W ja valmistajan nopeus 25km\/h.<\/strong>\u00a0<strong>HUOM: Jos k\u00e4ytt\u00e4j\u00e4 on itsen\u00e4isesti muuttanut s\u00e4hk\u00f6potkulautaa nopeammaksi tai tehokkaammaksi kuin edell\u00e4 mainitut parametrit, T\u00f5uksimaailm ei ole vastuussa lain rikkomisesta aiheutuvista sakoista, s\u00e4hk\u00f6potkulautan takavarikoimisesta poliisin toimesta tai mist\u00e4\u00e4n muustakaan rikkomisesta aiheutuneesta vahingosta.<\/strong><\/p>\n<table class=\"tg\" style=\"border-collapse: collapse; max-width: 600px; border-spacing: 0px; margin: 0px auto; width: 84%; height: 757px;\">\n<tbody>\n<tr style=\"height: 27px;\">\n<td style=\"background-color: #e4e1e1; color: #333333; font-family: inherit; font-size: 14px; font-weight: bold; overflow: hidden; padding: 5px; text-align: center; vertical-align: top; word-break: normal; border: 1px solid; height: 27px;\" colspan=\"2\">Tekninen kuvaus<\/td>\n<\/tr>\n<tr style=\"height: 27px;\">\n<td style=\"background-color: #e4e1e1; color: #333333; font-family: inherit; font-size: 14px; font-weight: bold; overflow: hidden; padding: 5px; text-align: right; vertical-align: top; word-break: normal; border: 1px solid; height: 27px;\">V\u00e4ri<\/td>\n<td style=\"font-family: inherit; font-size: 14px; overflow: hidden; padding: 5px; text-align: center; vertical-align: top; word-break: normal; border: 1px solid; height: 27px;\">erilaiset<\/td>\n<\/tr>\n<tr style=\"height: 55px;\">\n<td style=\"background-color: #e4e1e1; color: #333333; font-family: inherit; font-size: 14px; font-weight: bold; overflow: hidden; padding: 5px; text-align: right; vertical-align: top; word-break: normal; border: 1px solid; height: 55px;\"><strong style=\"caret-color: #000000; color: #000000; text-align: start; font-family: inherit;\">Ajomatka (valmistajan ilmoittama) | Laskettu ajomatka<\/strong><\/td>\n<td style=\"font-family: inherit; font-size: 14px; overflow: hidden; padding: 5px; text-align: center; vertical-align: top; word-break: normal; border: 1px solid; height: 55px;\">35km | 26km (25km\/h, 70kg kuljettaja, 15Wh\/km)<\/td>\n<\/tr>\n<tr style=\"height: 27px;\">\n<td style=\"background-color: #e4e1e1; color: #333333; font-family: inherit; font-size: 14px; font-weight: bold; overflow: hidden; padding: 5px; text-align: right; vertical-align: top; word-break: normal; border: 1px solid; height: 27px;\">Moottorin teho<\/td>\n<td style=\"font-family: inherit; font-size: 14px; overflow: hidden; padding: 5px; text-align: center; vertical-align: top; word-break: normal; border: 1px solid; height: 27px;\">500W<\/td>\n<\/tr>\n<tr style=\"height: 27px;\">\n<td style=\"background-color: #e4e1e1; color: #333333; font-family: inherit; font-size: 14px; font-weight: bold; overflow: hidden; padding: 5px; text-align: right; vertical-align: top; word-break: normal; border: 1px solid; height: 27px;\">Akku<\/td>\n<td style=\"font-family: inherit; font-size: 14px; overflow: hidden; padding: 5px; text-align: center; vertical-align: top; word-break: normal; border: 1px solid; height: 27px;\">11.0 Ah \/ 36VDC<\/td>\n<\/tr>\n<tr style=\"height: 27px;\">\n<td style=\"background-color: #e4e1e1; color: #333333; font-family: inherit; font-size: 14px; font-weight: bold; overflow: hidden; padding: 5px; text-align: right; vertical-align: top; word-break: normal; border: 1px solid; height: 27px;\">Akun kapasiteetti<\/td>\n<td style=\"font-family: inherit; font-size: 14px; overflow: hidden; padding: 5px; text-align: center; vertical-align: top; word-break: normal; border: 1px solid; height: 27px;\">396Wh<\/td>\n<\/tr>\n<tr style=\"height: 27px;\">\n<td style=\"background-color: #e4e1e1; color: #333333; font-family: inherit; font-size: 14px; font-weight: bold; overflow: hidden; padding: 5px; text-align: right; vertical-align: top; word-break: normal; border: 1px solid; height: 27px;\">Laturin sy\u00f6t\u00f6j\u00e4nnittee<\/td>\n<td style=\"font-family: inherit; font-size: 14px; overflow: hidden; padding: 5px; text-align: center; vertical-align: top; word-break: normal; border: 1px solid; height: 27px;\">220-240V\/50Hz<\/td>\n<\/tr>\n<tr style=\"height: 27px;\">\n<td style=\"background-color: #e4e1e1; color: #333333; font-family: inherit; font-size: 14px; font-weight: bold; overflow: hidden; padding: 5px; text-align: right; vertical-align: top; word-break: normal; border: 1px solid; height: 27px;\">Latausaika<\/td>\n<td style=\"font-family: inherit; font-size: 14px; overflow: hidden; padding: 5px; text-align: center; vertical-align: top; word-break: normal; border: 1px solid; height: 27px;\">6 h<\/td>\n<\/tr>\n<tr style=\"height: 27px;\">\n<td style=\"background-color: #e4e1e1; color: #333333; font-family: inherit; font-size: 14px; font-weight: bold; overflow: hidden; padding: 5px; text-align: right; vertical-align: top; word-break: normal; border: 1px solid; height: 27px;\">Laturi mukana<\/td>\n<td style=\"font-family: inherit; font-size: 14px; overflow: hidden; padding: 5px; text-align: center; vertical-align: top; word-break: normal; border: 1px solid; height: 27px;\">kyll\u00e4<\/td>\n<\/tr>\n<tr style=\"height: 27px;\">\n<td style=\"background-color: #e4e1e1; color: #333333; font-family: inherit; font-size: 14px; font-weight: bold; overflow: hidden; padding: 5px; text-align: right; vertical-align: top; word-break: normal; border: 1px solid; height: 27px;\"><strong style=\"caret-color: #000000; color: #000000; text-align: start; font-family: inherit;\">Mahdollisuus vara-akun k\u00e4ytt\u00f6\u00f6n<\/strong><\/td>\n<td style=\"font-family: inherit; font-size: 14px; overflow: hidden; padding: 5px; text-align: center; vertical-align: top; word-break: normal; border: 1px solid; height: 27px;\">ei<\/td>\n<\/tr>\n<tr style=\"height: 27px;\">\n<td style=\"background-color: #e4e1e1; color: #333333; font-family: inherit; font-size: 14px; font-weight: bold; overflow: hidden; padding: 5px; text-align: right; vertical-align: top; word-break: normal; border: 1px solid; height: 27px;\"><strong style=\"caret-color: #000000; color: #000000; text-align: start; font-family: inherit;\">Akun irrotusvaihtoehto<\/strong><\/td>\n<td style=\"font-family: inherit; font-size: 14px; overflow: hidden; padding: 5px; text-align: center; vertical-align: top; word-break: normal; border: 1px solid; height: 27px;\">ei<\/td>\n<\/tr>\n<tr style=\"height: 27px;\">\n<td style=\"background-color: #e4e1e1; color: #333333; font-family: inherit; font-size: 14px; font-weight: bold; overflow: hidden; padding: 5px; text-align: right; vertical-align: top; word-break: normal; border: 1px solid; height: 27px;\">Tuotantonopeus<\/td>\n<td style=\"font-family: inherit; font-size: 14px; overflow: hidden; padding: 5px; text-align: center; vertical-align: top; word-break: normal; border: 1px solid; height: 27px;\">25 km\/h<\/td>\n<\/tr>\n<tr style=\"height: 27px;\">\n<td style=\"background-color: #e4e1e1; color: #333333; font-family: inherit; font-size: 14px; font-weight: bold; overflow: hidden; padding: 5px; text-align: right; vertical-align: top; word-break: normal; border: 1px solid; height: 27px;\">Nopeusgradientit<\/td>\n<td style=\"font-family: inherit; font-size: 14px; overflow: hidden; padding: 5px; text-align: center; vertical-align: top; word-break: normal; border: 1px solid; height: 27px;\">3<\/td>\n<\/tr>\n<tr style=\"height: 27px;\">\n<td style=\"background-color: #e4e1e1; color: #333333; font-family: inherit; font-size: 14px; font-weight: bold; overflow: hidden; padding: 5px; text-align: right; vertical-align: top; word-break: normal; border: 1px solid; height: 27px;\">Vakionopeudens\u00e4\u00e4din<\/td>\n<td style=\"font-family: inherit; font-size: 14px; overflow: hidden; padding: 5px; text-align: center; vertical-align: top; word-break: normal; border: 1px solid; height: 27px;\">kyll\u00e4<\/td>\n<\/tr>\n<tr style=\"height: 27px;\">\n<td style=\"background-color: #e4e1e1; color: #333333; font-family: inherit; font-size: 14px; font-weight: bold; overflow: hidden; padding: 5px; text-align: right; vertical-align: top; word-break: normal; border: 1px solid; height: 27px;\">Etuvalot<\/td>\n<td style=\"font-family: inherit; font-size: 14px; overflow: hidden; padding: 5px; text-align: center; vertical-align: top; word-break: normal; border: 1px solid; height: 27px;\">LED<\/td>\n<\/tr>\n<tr style=\"height: 27px;\">\n<td style=\"background-color: #e4e1e1; color: #333333; font-family: inherit; font-size: 14px; font-weight: bold; overflow: hidden; padding: 5px; text-align: right; vertical-align: top; word-break: normal; border: 1px solid; height: 27px;\">Takavalot<\/td>\n<td style=\"font-family: inherit; font-size: 14px; overflow: hidden; padding: 5px; text-align: center; vertical-align: top; word-break: normal; border: 1px solid; height: 27px;\">LED<\/td>\n<\/tr>\n<tr style=\"height: 27px;\">\n<td style=\"background-color: #e4e1e1; color: #333333; font-family: inherit; font-size: 14px; font-weight: bold; overflow: hidden; padding: 5px; text-align: right; vertical-align: top; word-break: normal; border: 1px solid; height: 27px;\">Jarru<\/td>\n<td style=\"font-family: inherit; font-size: 14px; overflow: hidden; padding: 5px; text-align: center; vertical-align: top; word-break: normal; border: 1px solid; height: 27px;\">etu- ja takalevyjarru<\/td>\n<\/tr>\n<tr style=\"height: 27px;\">\n<td style=\"background-color: #e4e1e1; color: #333333; font-family: inherit; font-size: 14px; font-weight: bold; overflow: hidden; padding: 5px; text-align: right; vertical-align: top; word-break: normal; border: 1px solid; height: 27px;\">Rengaskoko<\/td>\n<td style=\"font-family: inherit; font-size: 14px; overflow: hidden; padding: 5px; text-align: center; vertical-align: top; word-break: normal; border: 1px solid; height: 27px;\">12 \u201d<\/td>\n<\/tr>\n<tr style=\"height: 27px;\">\n<td style=\"background-color: #e4e1e1; color: #333333; font-family: inherit; font-size: 14px; font-weight: bold; overflow: hidden; padding: 5px; text-align: right; vertical-align: top; word-break: normal; border: 1px solid; height: 27px;\">Rengastyyppi<\/td>\n<td style=\"font-family: inherit; font-size: 14px; overflow: hidden; padding: 5px; text-align: center; vertical-align: top; word-break: normal; border: 1px solid; height: 27px;\">ilmarengas ja sis\u00e4putki<\/td>\n<\/tr>\n<tr style=\"height: 27px;\">\n<td style=\"background-color: #e4e1e1; color: #333333; font-family: inherit; font-size: 14px; font-weight: bold; overflow: hidden; padding: 5px; text-align: right; vertical-align: top; word-break: normal; border: 1px solid; height: 27px;\">Moottorisoitu py\u00f6r\u00e4<\/td>\n<td style=\"font-family: inherit; font-size: 14px; overflow: hidden; padding: 5px; text-align: center; vertical-align: top; word-break: normal; border: 1px solid; height: 27px;\">takapy\u00f6r\u00e4<\/td>\n<\/tr>\n<tr style=\"height: 27px;\">\n<td style=\"background-color: #e4e1e1; color: #333333; font-family: inherit; font-size: 14px; font-weight: bold; overflow: hidden; padding: 5px; text-align: right; vertical-align: top; word-break: normal; border: 1px solid; height: 27px;\"><strong style=\"caret-color: #000000; color: #000000; text-align: start; font-family: inherit;\">Pohjan korkeus maanpinnasta<\/strong><\/td>\n<td style=\"font-family: inherit; font-size: 14px; overflow: hidden; padding: 5px; text-align: center; vertical-align: top; word-break: normal; border: 1px solid; height: 27px;\">120 mm<\/td>\n<\/tr>\n<tr style=\"height: 27px;\">\n<td style=\"background-color: #e4e1e1; color: #333333; font-family: inherit; font-size: 14px; font-weight: bold; overflow: hidden; padding: 5px; text-align: right; vertical-align: top; word-break: normal; border: 1px solid; height: 27px;\">Tien enim\u00e4iskaltevuus<\/td>\n<td style=\"font-family: inherit; font-size: 14px; overflow: hidden; padding: 5px; text-align: center; vertical-align: top; word-break: normal; border: 1px solid; height: 27px;\">20 kraadi<\/td>\n<\/tr>\n<tr style=\"height: 27px;\">\n<td style=\"background-color: #e4e1e1; color: #333333; font-family: inherit; font-size: 14px; font-weight: bold; overflow: hidden; padding: 5px; text-align: right; vertical-align: top; word-break: normal; border: 1px solid; height: 27px;\">Painorajoitus<\/td>\n<td style=\"font-family: inherit; font-size: 14px; overflow: hidden; padding: 5px; text-align: center; vertical-align: top; word-break: normal; border: 1px solid; height: 27px;\">120 kg<\/td>\n<\/tr>\n<tr style=\"height: 27px;\">\n<td style=\"background-color: #e4e1e1; color: #333333; font-family: inherit; font-size: 14px; font-weight: bold; overflow: hidden; padding: 5px; text-align: right; vertical-align: top; word-break: normal; border: 1px solid; height: 27px;\">Paino<\/td>\n<td style=\"font-family: inherit; font-size: 14px; overflow: hidden; padding: 5px; text-align: center; vertical-align: top; word-break: normal; border: 1px solid; height: 27px;\">15 kg<\/td>\n<\/tr>\n<\/tbody>\n<\/table>\n","protected":false},"excerpt":{"rendered":"<p style=\"caret-color: #000000; color: #000000;\"><strong>HUOM: Kugoo ES3 -s\u00e4hk\u00f6skootteri on poistunut tuotannosta.<\/strong>\u00a0<strong>Vaihtoehtona suosittelemme\u00a0<\/strong><a href=\"http:\/\/www.xn--tuksimaailm-ffb.ee\/shop\/kugoo-kirin-g3-elektritoukeratas\/\"><strong>Kugoo Kirin G3<\/strong><\/a><strong>\u00a0tai\u00a0<\/strong><a href=\"http:\/\/www.xn--tuksimaailm-ffb.ee\/shop\/kukirin-g2-max-elektritoukeratas\/\"><strong>KuKirin G2 Max<\/strong><\/a><strong>.<\/strong><\/p>\n","protected":false},"featured_media":25568,"template":"","meta":[],"product_brand":[],"product_cat":[926],"product_tag":[],"filter_elektritoukeratas":[],"class_list":{"0":"post-50308","1":"product","2":"type-product","3":"status-publish","4":"has-post-thumbnail","6":"product_cat-sahkopotkulaudat-fi","7":"product_shipping_class-keskmine-pakk-fi","8":"pa_aku-mahutavus-wh-396-fi","9":"pa_kaal-kg-15-fi","10":"pa_kandevoime-kg-120-fi","11":"pa_labisoit-arvutuslik-km-26-fi","12":"pa_mootorite-arv-uhe-mootoriga-fi","13":"pa_piiramata-tippkiirus-kmh-25-fi","14":"pa_size-musta-musta","15":"pa_size-musta-punainen","16":"pa_size-musta-vaalea","17":"pa_size-musta-vihrea","18":"pa_tootetuup-elektritoukeratas-fi","19":"pa_valmistaja-kugoo-fi","20":"pa_voimsus-w-500-fi","22":"first","23":"outofstock","24":"taxable","25":"shipping-taxable","26":"purchasable","27":"product-type-variable"},"yoast_head":"<!-- This site is optimized with the Yoast SEO Premium plugin v26.8 (Yoast SEO v27.5) - https:\/\/yoast.com\/product\/yoast-seo-premium-wordpress\/ -->\n<title>Kugoo ES3 s\u00e4hk\u00f6potkulauta (EOL) | T\u00f5uksimaailm | Suured rattad<\/title>\n<meta name=\"description\" content=\"Kugoo ES3 elektrit\u00f5ukeratas. Suurte 12&quot; \u00f5hkrehvidega varustatud kompaktne ja mugav elektriline t\u00f5ukeratas. Soodsad Kugoo elektrilised t\u00f5ukerattad.\" \/>\n<meta name=\"robots\" content=\"index, follow, max-snippet:-1, max-image-preview:large, max-video-preview:-1\" \/>\n<link rel=\"canonical\" href=\"https:\/\/www.xn--tuksimaailm-ffb.ee\/fi\/shop\/kugoo-es3-sahkopotkulauta-eol\/\" \/>\n<meta property=\"og:locale\" content=\"fi_FI\" \/>\n<meta property=\"og:type\" content=\"article\" \/>\n<meta property=\"og:title\" content=\"Kugoo ES3 s\u00e4hk\u00f6potkulauta (EOL)\" \/>\n<meta property=\"og:description\" content=\"Kugoo ES3 elektrit\u00f5ukeratas. Suurte 12&quot; \u00f5hkrehvidega varustatud kompaktne ja mugav elektriline t\u00f5ukeratas. Soodsad Kugoo elektrilised t\u00f5ukerattad.\" \/>\n<meta property=\"og:url\" content=\"https:\/\/www.xn--tuksimaailm-ffb.ee\/fi\/shop\/kugoo-es3-sahkopotkulauta-eol\/\" \/>\n<meta property=\"og:site_name\" content=\"T\u00f5uksimaailm\" \/>\n<meta property=\"article:publisher\" content=\"https:\/\/www.facebook.com\/touksimaailm\/\" \/>\n<meta property=\"og:image\" content=\"https:\/\/www.xn--tuksimaailm-ffb.ee\/wp-content\/uploads\/2022\/12\/kugoo_es3_elektritoukeratas_elektriline_toukeratas_electric_scooter-1.jpeg\" \/>\n\t<meta property=\"og:image:width\" content=\"800\" \/>\n\t<meta property=\"og:image:height\" content=\"600\" \/>\n\t<meta property=\"og:image:type\" content=\"image\/jpeg\" \/>\n<meta name=\"twitter:card\" content=\"summary_large_image\" \/>\n<meta name=\"twitter:label1\" content=\"Saatavuus\" \/>\n\t<meta name=\"twitter:data1\" content=\"Loppu varastosta\" \/>\n<meta property=\"og:availability\" content=\"out of stock\" \/>\n<meta property=\"product:availability\" content=\"out of stock\" \/>\n<meta property=\"product:retailer_item_id\" content=\"Kugoo-ES3\" \/>\n<meta property=\"product:condition\" content=\"new\" \/>\n<!-- \/ Yoast SEO Premium plugin. -->","yoast_head_json":{"title":"Kugoo ES3 s\u00e4hk\u00f6potkulauta (EOL) | T\u00f5uksimaailm | Suured rattad","description":"Kugoo ES3 elektrit\u00f5ukeratas. Suurte 12\" \u00f5hkrehvidega varustatud kompaktne ja mugav elektriline t\u00f5ukeratas. Soodsad Kugoo elektrilised t\u00f5ukerattad.","robots":{"index":"index","follow":"follow","max-snippet":"max-snippet:-1","max-image-preview":"max-image-preview:large","max-video-preview":"max-video-preview:-1"},"canonical":"https:\/\/www.xn--tuksimaailm-ffb.ee\/fi\/shop\/kugoo-es3-sahkopotkulauta-eol\/","og_locale":"fi_FI","og_type":"article","og_title":"Kugoo ES3 s\u00e4hk\u00f6potkulauta (EOL)","og_description":"Kugoo ES3 elektrit\u00f5ukeratas. Suurte 12\" \u00f5hkrehvidega varustatud kompaktne ja mugav elektriline t\u00f5ukeratas. Soodsad Kugoo elektrilised t\u00f5ukerattad.","og_url":"https:\/\/www.xn--tuksimaailm-ffb.ee\/fi\/shop\/kugoo-es3-sahkopotkulauta-eol\/","og_site_name":"T\u00f5uksimaailm","article_publisher":"https:\/\/www.facebook.com\/touksimaailm\/","og_image":[{"width":800,"height":600,"url":"https:\/\/www.xn--tuksimaailm-ffb.ee\/wp-content\/uploads\/2022\/12\/kugoo_es3_elektritoukeratas_elektriline_toukeratas_electric_scooter-1.jpeg","type":"image\/jpeg"}],"twitter_card":"summary_large_image","twitter_misc":{"Saatavuus":"Loppu varastosta"},"schema":{"@context":"https:\/\/schema.org","@graph":[{"@type":"WebPage","@id":"https:\/\/www.xn--tuksimaailm-ffb.ee\/fi\/shop\/kugoo-es3-sahkopotkulauta-eol\/","url":"https:\/\/www.xn--tuksimaailm-ffb.ee\/fi\/shop\/kugoo-es3-sahkopotkulauta-eol\/","name":"Kugoo ES3 s\u00e4hk\u00f6potkulauta (EOL) | T\u00f5uksimaailm | Suured rattad","isPartOf":{"@id":"https:\/\/www.xn--tuksimaailm-ffb.ee\/fi\/#website"},"primaryImageOfPage":{"@id":"https:\/\/www.xn--tuksimaailm-ffb.ee\/fi\/shop\/kugoo-es3-sahkopotkulauta-eol\/#primaryimage"},"image":{"@id":"https:\/\/www.xn--tuksimaailm-ffb.ee\/fi\/shop\/kugoo-es3-sahkopotkulauta-eol\/#primaryimage"},"thumbnailUrl":"https:\/\/www.xn--tuksimaailm-ffb.ee\/wp-content\/uploads\/2022\/12\/kugoo_es3_elektritoukeratas_elektriline_toukeratas_electric_scooter-1.jpeg","datePublished":"2022-12-13T09:24:43+00:00","description":"Kugoo ES3 elektrit\u00f5ukeratas. Suurte 12\" \u00f5hkrehvidega varustatud kompaktne ja mugav elektriline t\u00f5ukeratas. Soodsad Kugoo elektrilised t\u00f5ukerattad.","breadcrumb":{"@id":"https:\/\/www.xn--tuksimaailm-ffb.ee\/fi\/shop\/kugoo-es3-sahkopotkulauta-eol\/#breadcrumb"},"inLanguage":"fi","potentialAction":[{"@type":"ReadAction","target":["https:\/\/www.xn--tuksimaailm-ffb.ee\/fi\/shop\/kugoo-es3-sahkopotkulauta-eol\/"]}]},{"@type":"ImageObject","inLanguage":"fi","@id":"https:\/\/www.xn--tuksimaailm-ffb.ee\/fi\/shop\/kugoo-es3-sahkopotkulauta-eol\/#primaryimage","url":"https:\/\/www.xn--tuksimaailm-ffb.ee\/wp-content\/uploads\/2022\/12\/kugoo_es3_elektritoukeratas_elektriline_toukeratas_electric_scooter-1.jpeg","contentUrl":"https:\/\/www.xn--tuksimaailm-ffb.ee\/wp-content\/uploads\/2022\/12\/kugoo_es3_elektritoukeratas_elektriline_toukeratas_electric_scooter-1.jpeg","width":800,"height":600},{"@type":"BreadcrumbList","@id":"https:\/\/www.xn--tuksimaailm-ffb.ee\/fi\/shop\/kugoo-es3-sahkopotkulauta-eol\/#breadcrumb","itemListElement":[{"@type":"ListItem","position":1,"name":"Home","item":"https:\/\/www.xn--tuksimaailm-ffb.ee\/fi\/kotisivu\/"},{"@type":"ListItem","position":2,"name":"Kauppa","item":"https:\/\/www.xn--tuksimaailm-ffb.ee\/elektritoukerataste-pood\/"},{"@type":"ListItem","position":3,"name":"Kugoo ES3 s\u00e4hk\u00f6potkulauta (EOL)"}]},{"@type":"WebSite","@id":"https:\/\/www.xn--tuksimaailm-ffb.ee\/fi\/#website","url":"https:\/\/www.xn--tuksimaailm-ffb.ee\/fi\/","name":"T\u00f5uksimaailm","description":"Elektrit\u00f5ukerataste m\u00fc\u00fck, remont ja rent","publisher":{"@id":"https:\/\/www.xn--tuksimaailm-ffb.ee\/fi\/#organization"},"potentialAction":[{"@type":"SearchAction","target":{"@type":"EntryPoint","urlTemplate":"https:\/\/www.xn--tuksimaailm-ffb.ee\/fi\/?s={search_term_string}"},"query-input":{"@type":"PropertyValueSpecification","valueRequired":true,"valueName":"search_term_string"}}],"inLanguage":"fi"},{"@type":"Organization","@id":"https:\/\/www.xn--tuksimaailm-ffb.ee\/fi\/#organization","name":"T\u00f5uksimaailm","url":"https:\/\/www.xn--tuksimaailm-ffb.ee\/fi\/","logo":{"@type":"ImageObject","inLanguage":"fi","@id":"https:\/\/www.xn--tuksimaailm-ffb.ee\/fi\/#\/schema\/logo\/image\/","url":"https:\/\/www.xn--tuksimaailm-ffb.ee\/wp-content\/uploads\/2020\/01\/logoz-e1579792875517.png","contentUrl":"https:\/\/www.xn--tuksimaailm-ffb.ee\/wp-content\/uploads\/2020\/01\/logoz-e1579792875517.png","width":250,"height":250,"caption":"T\u00f5uksimaailm"},"image":{"@id":"https:\/\/www.xn--tuksimaailm-ffb.ee\/fi\/#\/schema\/logo\/image\/"},"sameAs":["https:\/\/www.facebook.com\/touksimaailm\/","https:\/\/www.instagram.com\/touksimaailm_\/","https:\/\/www.youtube.com\/channel\/UC18ml0EKIDLP1xGuQjFzcXQ"]}]},"og_availability":"out of stock","product_availability":"out of stock","product_retailer_item_id":"Kugoo-ES3","product_condition":"new"},"jetpack_sharing_enabled":true,"_links":{"self":[{"href":"https:\/\/www.xn--tuksimaailm-ffb.ee\/fi\/wp-json\/wp\/v2\/product\/50308","targetHints":{"allow":["GET"]}}],"collection":[{"href":"https:\/\/www.xn--tuksimaailm-ffb.ee\/fi\/wp-json\/wp\/v2\/product"}],"about":[{"href":"https:\/\/www.xn--tuksimaailm-ffb.ee\/fi\/wp-json\/wp\/v2\/types\/product"}],"wp:featuredmedia":[{"embeddable":true,"href":"https:\/\/www.xn--tuksimaailm-ffb.ee\/fi\/wp-json\/wp\/v2\/media\/25568"}],"wp:attachment":[{"href":"https:\/\/www.xn--tuksimaailm-ffb.ee\/fi\/wp-json\/wp\/v2\/media?parent=50308"}],"wp:term":[{"taxonomy":"product_brand","embeddable":true,"href":"https:\/\/www.xn--tuksimaailm-ffb.ee\/fi\/wp-json\/wp\/v2\/product_brand?post=50308"},{"taxonomy":"product_cat","embeddable":true,"href":"https:\/\/www.xn--tuksimaailm-ffb.ee\/fi\/wp-json\/wp\/v2\/product_cat?post=50308"},{"taxonomy":"product_tag","embeddable":true,"href":"https:\/\/www.xn--tuksimaailm-ffb.ee\/fi\/wp-json\/wp\/v2\/product_tag?post=50308"},{"taxonomy":"filter_elektritoukeratas","embeddable":true,"href":"https:\/\/www.xn--tuksimaailm-ffb.ee\/fi\/wp-json\/wp\/v2\/filter_elektritoukeratas?post=50308"}],"curies":[{"name":"wp","href":"https:\/\/api.w.org\/{rel}","templated":true}]}}