{"id":50318,"date":"2022-12-06T13:34:41","date_gmt":"2022-12-06T11:34:41","guid":{"rendered":"http:\/\/www.xn--tuksimaailm-ffb.ee\/shop\/segway-ninebot-d28e-sahkopotkulauta\/"},"modified":"2022-12-06T13:34:41","modified_gmt":"2022-12-06T10:34:41","slug":"segway-ninebot-d28e-sahkopotkulauta","status":"publish","type":"product","link":"https:\/\/www.xn--tuksimaailm-ffb.ee\/fi\/shop\/segway-ninebot-d28e-sahkopotkulauta\/","title":{"rendered":"Segway Ninebot D28E s\u00e4hk\u00f6potkulauta"},"content":{"rendered":"<h2 style=\"text-align: center;\">SEGWAY NINEBOT KICKSCOOTER D28E S\u00c4HK\u00d6POTKULAUTA - TUOTEKUVAUS<\/h2>\n<p style=\"caret-color: #000000; color: #000000;\">Segway Ninebot D28E -s\u00e4hk\u00f6skootteri on D-sarjan s\u00e4hk\u00f6skoottereiden kultainen keskiarvo, joka sijoittuu D18E: n ja D38E: n v\u00e4liin. Segway Ninebot Kickscooter D28E -s\u00e4hk\u00f6skootteri on merkitt\u00e4v\u00e4 askel eteenp\u00e4in s\u00e4hk\u00f6skoottereiden kehityksess\u00e4. Segway D28E -s\u00e4hk\u00f6skootteri on valmistettu kevyest\u00e4 mutta kest\u00e4v\u00e4st\u00e4 alumiinista, jota k\u00e4ytet\u00e4\u00e4n ilmailu- ja avaruussovelluksissa. Verrattuna aiempiin malleihin,\u00a0<a href=\"http:\/\/www.xn--tuksimaailm-ffb.ee\/shop\/segway-ninebot-max-g30e-ii-elektritoukeratas\/\">Max G30<\/a>\u00a0-s\u00e4hk\u00f6skootteriin, Segway Ninebot D28E -s\u00e4hk\u00f6skootterissa on huomiota her\u00e4tt\u00e4v\u00e4 v\u00e4rimaailma ja eritt\u00e4in kevyt rakenne, mik\u00e4 tekee siit\u00e4 entist\u00e4kin k\u00e4yt\u00e4nn\u00f6llisemm\u00e4n. Useimmissa s\u00e4hk\u00f6skoottereissa on kolme elektronista vaihdetta, mutta t\u00e4ll\u00e4 kertaa Segway on lis\u00e4nnyt D-sarjaan\u00a0<strong>nelj\u00e4 eri ajotilaa!<\/strong>\u00a0Unohtaa ei sovi my\u00f6sk\u00e4\u00e4n uutta virtaviivaista\u00a0<strong>LED-tekniikan n\u00e4ytt\u00f6\u00e4<\/strong>, joka on kirkkaampi ja helpommin luettavissa kuin vanha LCD-n\u00e4ytt\u00f6.<\/p>\n<h2 style=\"caret-color: #000000; color: #000000; text-align: center;\">LEGENDAARINEN LAATU<\/h2>\n<p style=\"caret-color: #000000; color: #000000;\">Kaikki Segway-s\u00e4hk\u00f6skootterit ovat tunnettuja ensiluokkaisesta ajomukavuudestaan ja kest\u00e4vyydest\u00e4\u00e4n. Aivan kuten vanhemmat Segway Max -sarjan mallit, my\u00f6s uusi Segway Ninebot Kickscooter D28E -s\u00e4hk\u00f6skootteri on mukava ja kest\u00e4v\u00e4. Ajomukavuuden takaavat suuret\u00a0<strong>10 tuuman ilmarenkaat<\/strong>, jotka tarjoavat paremman ajomukavuuden ja pidon verrattuna yleisempiin 8 tuuman renkaisiin. D28E on k\u00e4yt\u00e4nn\u00f6llinen, edullinen ja kest\u00e4v\u00e4 ensimm\u00e4inen s\u00e4hk\u00f6skootteri\u00a0<strong>niin nuorille kuin aikuisillekin<\/strong>. D-sarjan pienemm\u00e4t ja my\u00f6s suuremmat akkus\u00e4hk\u00f6mopot l\u00f6ytyv\u00e4t t\u00e4\u00e4lt\u00e4 -\u00a0<a href=\"http:\/\/www.xn--tuksimaailm-ffb.ee\/wp-admin\/post.php?post=20666&amp;action=edit&amp;lang=et&amp;classic-editor\">D18E<\/a>\u00a0ja\u00a0<a href=\"http:\/\/www.xn--tuksimaailm-ffb.ee\/shop\/segway-ninebot-d38e-elektritoukeratas\/\">D38E<\/a>.<\/p>\n<p><iframe title=\"Segway Ninebot KickScooter D series - E version\" width=\"1082\" height=\"609\" src=\"https:\/\/www.youtube.com\/embed\/9fgxm4NFNa0?feature=oembed\" frameborder=\"0\" allow=\"accelerometer; autoplay; clipboard-write; encrypted-media; gyroscope; picture-in-picture; web-share\" referrerpolicy=\"strict-origin-when-cross-origin\" allowfullscreen><\/iframe><\/p>\n<h2 style=\"text-align: center;\">SEGWAY NINEBOT D28E S\u00c4HK\u00d6POTKULAUTA - TEKNINEN KUVAUS<\/h2>\n<p style=\"caret-color: #000000; color: #000000;\">Segway D28E -s\u00e4hk\u00f6potkulauta on varustettu\u00a0<strong>10 tuuman tukevalla rungolla, jossa on ilmarenkaat<\/strong>\u00a0vakaampaa ja turvallisempaa ajoa varten. S\u00e4hk\u00f6potkulauta on varustettu elektronisella moottorijarrulla edess\u00e4 ja\u00a0<strong>rumpujarrulla takana<\/strong>turvallisen ja varman jarrutusmatkan takaamiseksi. Rumpujarru yhdistettyn\u00e4 moottorijarruun on yksi tehokkaimmista ja mukavimmista jarruj\u00e4rjestelmist\u00e4. Levyjarruun verrattuna rumpujarrulla varustettu s\u00e4hk\u00f6skootteri on helpompi huoltaa, eik\u00e4 se vaadi jatkuvaa jarrun s\u00e4\u00e4t\u00f6\u00e4. S\u00e4hk\u00f6potkulauta on varustettu moottorilla, jonka nimellisteho on\u00a0<strong>300W<\/strong>\u00a0(huipputeho<strong>500W<\/strong>) ja joka pystyy 15 % nousuun, saavuttamaan\u00a0<strong>25km\/h huippunopeuden<\/strong>\u00a0ja kantamaan jopa\u00a0<strong>120kg<\/strong>\u00a0painon pys\u00e4htym\u00e4tt\u00e4. S\u00e4hk\u00f6skootteri on varustettu\u00a0<strong>275Wh (7650mAh)<\/strong>\u00a0akulla, joka valmistajan tietojen mukaan pystyy antamaan jopa\u00a0<strong>28km:n<\/strong>\u00a0ajovoiman! Akun t\u00e4yteen lataaminen\u00a0<strong>0 %:sta 100 %:iin<\/strong>\u00a0<strong>kest\u00e4\u00e4 5 tuntia<\/strong>. S\u00e4hk\u00f6skootteri on varustettu 2,1W LED-valolla edess\u00e4 ja takavalolla (+jarruvalo), jotta s\u00e4hk\u00f6skootterin kuljettaja n\u00e4kyy muille kevytpy\u00f6r\u00e4ilij\u00f6ille.<\/p>\n<p style=\"caret-color: #000000; color: #000000;\">S\u00e4hk\u00f6skootteri on helppo taittaa kokoon s\u00e4\u00e4dett\u00e4v\u00e4ll\u00e4 vipumekanismilla. S\u00e4hk\u00f6potkulauta painaa\u00a0<strong>vain 15,3 kg<\/strong>, ja sen kompaktius tekee siit\u00e4 helposti kuljetettavan. Segway Ninebot Kickscooter D28E -s\u00e4hk\u00f6skootteri on\u00a0<strong>IPX5-vesitiivis<\/strong>, mik\u00e4 tarkoittaa, ett\u00e4 se on suojattu vesiroiskeilta. S\u00e4hk\u00f6skootteri on bluetooth-yhteensopiva, ja sovelluksen kautta on mahdollista saada tietoja s\u00e4hk\u00f6skootterista, lukita se s\u00e4hk\u00f6isesti ja muuttaa asetuksia.<\/p>\n<p><span style=\"font-size: medium;\"><span style=\"font-weight: 400;\">Ohjauspylv\u00e4\u00e4n keskelle kuljettajaan p\u00e4in asennettu v\u00e4rillinen LED-n\u00e4ytt\u00f6 n\u00e4ytt\u00e4\u00e4 nopeuden, akun varaustason ja kulloinkin aktivoidun ajotilan\/vaihteen. Segway D28E -s\u00e4hk\u00f6skootterissa on nelj\u00e4 elektronista vaihdetta.<\/span><\/span><\/p>\n<h2 style=\"text-align: center;\">TURVALLISUUS<\/h2>\n<p style=\"caret-color: #000000; color: #000000;\">S\u00e4hk\u00f6skootteri on nopea ja mahdollisesti vaarallinen ajoneuvo kuljettajalle. Siksi suosittelemme, ett\u00e4 k\u00e4yt\u00e4t aina\u00a0<a href=\"http:\/\/www.xn--tuksimaailm-ffb.ee\/tootesilt\/elektritoukeratta-kiivrid\/\">kyp\u00e4r\u00e4\u00e4<\/a>. Alle 16-vuotiaiden kuljettajien on\u00a0<a href=\"https:\/\/www.riigiteataja.ee\/akt\/113112020001\">lain<\/a>\u00a0mukaan k\u00e4ytett\u00e4v\u00e4 kyp\u00e4r\u00e4\u00e4 s\u00e4hk\u00f6skootterilla ajettaessa.<\/p>\n<p style=\"caret-color: #000000; color: #000000;\">Kaikki s\u00e4hk\u00f6skootterit l\u00f6ytyv\u00e4t\u00a0<a href=\"http:\/\/www.xn--tuksimaailm-ffb.ee\/tootekategooria\/elektritoukeratas\/\"><strong>t\u00e4\u00e4lt\u00e4<\/strong><\/a>.<\/p>\n<p style=\"caret-color: #000000; color: #000000;\"><strong>Segway Ninebot Kickscooter D28E -s\u00e4hk\u00f6skootteri on Viron liikennelain mukainen katulaillinen kevytskootteri, jonka valmistajan teho on 500W ja valmistajan nopeus 25km\/h.<\/strong>\u00a0<strong>HUOMAUTUS: Jos s\u00e4hk\u00f6skootteria on itsen\u00e4isesti muutettu edell\u00e4 mainittuja parametreja nopeammaksi tai tehokkaammaksi, T\u00f5uksimaailm ei ole vastuussa sakoista, poliisin takavarikoimasta s\u00e4hk\u00f6skootterista tai mist\u00e4\u00e4n muusta lain rikkomisesta aiheutuneesta vahingosta.<\/strong><\/p>\n<p style=\"caret-color: #000000; color: #000000;\"><strong>Kun ostat s\u00e4hk\u00f6skootterin kaupastamme, saat kaikki\u00a0<\/strong><a href=\"http:\/\/www.xn--tuksimaailm-ffb.ee\/tootekategooria\/lisavarustus\/\"><strong>lis\u00e4varusteet<\/strong><\/a><strong>\u00a0-20%!<\/strong><\/p>\n<table class=\"tg\" style=\"border-collapse: collapse; max-width: 600px; border-spacing: 0px; margin: 0px auto; width: 84%; height: 406px;\">\n<tbody>\n<tr style=\"height: 27px;\">\n<td style=\"background-color: #e4e1e1; color: #333333; font-family: inherit; font-size: 14px; font-weight: bold; overflow: hidden; padding: 5px; text-align: center; vertical-align: top; word-break: normal; border: 1px solid; height: 27px;\" colspan=\"2\">Tekniset tiedot<\/td>\n<\/tr>\n<tr style=\"height: 27px;\">\n<td style=\"background-color: #e4e1e1; color: #333333; font-family: inherit; font-size: 14px; font-weight: bold; overflow: hidden; padding: 5px; text-align: right; vertical-align: top; word-break: normal; border: 1px solid; height: 27px;\">Malli<\/td>\n<td style=\"font-family: inherit; font-size: 14px; overflow: hidden; padding: 5px; text-align: center; vertical-align: top; word-break: normal; border: 1px solid; height: 27px;\">Segway Ninebot Kickscooter D28E<\/td>\n<\/tr>\n<tr style=\"height: 27px;\">\n<td style=\"background-color: #e4e1e1; color: #333333; font-family: inherit; font-size: 14px; font-weight: bold; overflow: hidden; padding: 5px; text-align: right; vertical-align: top; word-break: normal; border: 1px solid; height: 27px;\">Akku<\/td>\n<td style=\"font-family: inherit; font-size: 14px; overflow: hidden; padding: 5px; text-align: center; vertical-align: top; word-break: normal; border: 1px solid; height: 27px;\">275Wh (7650mAh)<\/td>\n<\/tr>\n<tr style=\"height: 27px;\">\n<td style=\"background-color: #e4e1e1; color: #333333; font-family: inherit; font-size: 14px; font-weight: bold; overflow: hidden; padding: 5px; text-align: right; vertical-align: top; word-break: normal; border: 1px solid; height: 27px;\">Latausaika<\/td>\n<td style=\"font-family: inherit; font-size: 14px; overflow: hidden; padding: 5px; text-align: center; vertical-align: top; word-break: normal; border: 1px solid; height: 27px;\">jopa 5h<\/td>\n<\/tr>\n<tr style=\"height: 27px;\">\n<td style=\"background-color: #e4e1e1; color: #333333; font-family: inherit; font-size: 14px; font-weight: bold; overflow: hidden; padding: 5px; text-align: right; vertical-align: top; word-break: normal; border: 1px solid; height: 27px;\">Moottorin teho<\/td>\n<td style=\"font-family: inherit; font-size: 14px; overflow: hidden; padding: 5px; text-align: center; vertical-align: top; word-break: normal; border: 1px solid; height: 27px;\">300W (huipputeho 500W)<\/td>\n<\/tr>\n<tr style=\"height: 55px;\">\n<td style=\"background-color: #e4e1e1; color: #333333; font-family: inherit; font-size: 14px; font-weight: bold; overflow: hidden; padding: 5px; text-align: right; vertical-align: top; word-break: normal; border: 1px solid; height: 55px;\"><strong style=\"caret-color: #000000; color: #000000; text-align: start; font-family: inherit;\">Ajomatka (valmistajan ilmoittama) | Laskettu ajomatka<\/strong><\/td>\n<td style=\"font-family: inherit; font-size: 14px; overflow: hidden; padding: 5px; text-align: center; vertical-align: top; word-break: normal; border: 1px solid; height: 55px;\">jopa 28km | 18km (25km\/h, 70kg kuljettaja, 15Wh\/km)<\/td>\n<\/tr>\n<tr style=\"height: 27px;\">\n<td style=\"background-color: #e4e1e1; color: #333333; font-family: inherit; font-size: 14px; font-weight: bold; overflow: hidden; padding: 5px; text-align: right; vertical-align: top; word-break: normal; border: 1px solid; height: 27px;\">Etujarru<\/td>\n<td style=\"font-family: inherit; font-size: 14px; overflow: hidden; padding: 5px; text-align: center; vertical-align: top; word-break: normal; border: 1px solid; height: 27px;\">s\u00e4hk\u00f6inen moottorijarru (regeneratiivinen)<\/td>\n<\/tr>\n<tr style=\"height: 27px;\">\n<td style=\"background-color: #e4e1e1; color: #333333; font-family: inherit; font-size: 14px; font-weight: bold; overflow: hidden; padding: 5px; text-align: right; vertical-align: top; word-break: normal; border: 1px solid; height: 27px;\">Takajarru<\/td>\n<td style=\"font-family: inherit; font-size: 14px; overflow: hidden; padding: 5px; text-align: center; vertical-align: top; word-break: normal; border: 1px solid; height: 27px;\">rumpujarru<\/td>\n<\/tr>\n<tr style=\"height: 27px;\">\n<td style=\"background-color: #e4e1e1; color: #333333; font-family: inherit; font-size: 14px; font-weight: bold; overflow: hidden; padding: 5px; text-align: right; vertical-align: top; word-break: normal; border: 1px solid; height: 27px;\">Painorajoitus<\/td>\n<td style=\"font-family: inherit; font-size: 14px; overflow: hidden; padding: 5px; text-align: center; vertical-align: top; word-break: normal; border: 1px solid; height: 27px;\">120kg<\/td>\n<\/tr>\n<tr style=\"height: 27px;\">\n<td style=\"background-color: #e4e1e1; color: #333333; font-family: inherit; font-size: 14px; font-weight: bold; overflow: hidden; padding: 5px; text-align: right; vertical-align: top; word-break: normal; border: 1px solid; height: 27px;\">Tuotantonopeus<\/td>\n<td style=\"font-family: inherit; font-size: 14px; overflow: hidden; padding: 5px; text-align: center; vertical-align: top; word-break: normal; border: 1px solid; height: 27px;\">25km\/h<\/td>\n<\/tr>\n<tr style=\"height: 27px;\">\n<td style=\"background-color: #e4e1e1; color: #333333; font-family: inherit; font-size: 14px; font-weight: bold; overflow: hidden; padding: 5px; text-align: right; vertical-align: top; word-break: normal; border: 1px solid; height: 27px;\">Paino<\/td>\n<td style=\"font-family: inherit; font-size: 14px; overflow: hidden; padding: 5px; text-align: center; vertical-align: top; word-break: normal; border: 1px solid; height: 27px;\">15,3kg<\/td>\n<\/tr>\n<tr style=\"height: 27px;\">\n<td style=\"background-color: #e4e1e1; color: #333333; font-family: inherit; font-size: 14px; font-weight: bold; overflow: hidden; padding: 5px; text-align: right; vertical-align: top; word-break: normal; border: 1px solid; height: 27px;\">Moottorisoitu py\u00f6r\u00e4<\/td>\n<td style=\"font-family: inherit; font-size: 14px; overflow: hidden; padding: 5px; text-align: center; vertical-align: top; word-break: normal; border: 1px solid; height: 27px;\">etupy\u00f6r\u00e4<\/td>\n<\/tr>\n<tr style=\"height: 27px;\">\n<td style=\"background-color: #e4e1e1; color: #333333; font-family: inherit; font-size: 14px; font-weight: bold; overflow: hidden; padding: 5px; text-align: right; vertical-align: top; word-break: normal; border: 1px solid; height: 27px;\">Renkaat<\/td>\n<td style=\"font-family: inherit; font-size: 14px; overflow: hidden; padding: 5px; text-align: center; vertical-align: top; word-break: normal; border: 1px solid; height: 27px;\">10* ilmarenkaat<\/td>\n<\/tr>\n<tr style=\"height: 27px;\">\n<td style=\"background-color: #e4e1e1; color: #333333; font-family: inherit; font-size: 14px; font-weight: bold; overflow: hidden; padding: 5px; text-align: right; vertical-align: top; word-break: normal; border: 1px solid; height: 27px;\">Tien enim\u00e4iskaltevuus<\/td>\n<td style=\"font-family: inherit; font-size: 14px; overflow: hidden; padding: 5px; text-align: center; vertical-align: top; word-break: normal; border: 1px solid; height: 27px;\">15%<\/td>\n<\/tr>\n<\/tbody>\n<\/table>\n<p>\u00a0<\/p>\n","protected":false},"excerpt":{"rendered":"<p style=\"caret-color: #000000; color: #000000;\"><a href=\"http:\/\/www.xn--tuksimaailm-ffb.ee\/kontakt\/\"><strong>L\u00f6ysitk\u00f6 paremman hinnan?<\/strong><\/a>\u00a0<a href=\"http:\/\/www.xn--tuksimaailm-ffb.ee\/kontakt\/\"><strong>Kirjoita meille, niin teemme sinulle paremman tarjouksen!<\/strong><\/a><\/p>\n<p style=\"caret-color: #000000; color: #000000;\"><strong>Kaikki\u00a0<\/strong><a href=\"http:\/\/www.xn--tuksimaailm-ffb.ee\/tootekategooria\/lisavarustus\/\"><strong>lis\u00e4varusteet<\/strong><\/a><strong>\u00a0ja\u00a0<\/strong><a href=\"http:\/\/www.xn--tuksimaailm-ffb.ee\/tootekategooria\/elektritoukeratta-varuosad\/\"><strong>varaosat<\/strong><\/a><strong>\u00a0ovat -20%, kun ne ostetaan s\u00e4hk\u00f6potkulaudan kanssa .<\/strong>\u00a0<strong>Alennus otetaan automaattisesti k\u00e4ytt\u00f6\u00f6n, kun lis\u00e4\u00e4t sen ostoskoriin!<\/strong><\/p>\n<p style=\"caret-color: #000000; color: #000000;\"><strong><em>Toimitusaika: 0-3tp<\/em><\/strong><\/p>\n","protected":false},"featured_media":25665,"template":"","meta":[],"product_brand":[],"product_cat":[926],"product_tag":[],"filter_elektritoukeratas":[],"class_list":{"0":"post-50318","1":"product","2":"type-product","3":"status-publish","4":"has-post-thumbnail","6":"product_cat-sahkopotkulaudat-fi","7":"product_shipping_class-keskmine-pakk-fi","8":"pa_aku-mahutavus-wh-275-fi","9":"pa_kaal-kg-15-3-fi","10":"pa_kandevoime-kg-120-fi","11":"pa_labisoit-arvutuslik-km-18-fi","12":"pa_mootorite-arv-uhe-mootoriga-fi","13":"pa_muuja-platvormil-touksimaailm-exocool-ou-fi","14":"pa_piiramata-tippkiirus-kmh-25-fi","15":"pa_tootetuup-elektritoukeratas-fi","16":"pa_valmistaja-segway-fi","17":"pa_voimsus-w-500-fi","19":"first","20":"outofstock","21":"taxable","22":"shipping-taxable","23":"purchasable","24":"product-type-simple"},"yoast_head":"<!-- This site is optimized with the Yoast SEO Premium plugin v26.8 (Yoast SEO v27.5) - https:\/\/yoast.com\/product\/yoast-seo-premium-wordpress\/ -->\n<title>Segway Ninebot D28E s\u00e4hk\u00f6potkulauta | T\u00f5uksimaailm | D-seeria<\/title>\n<meta name=\"description\" content=\"Segway Ninebot eKickScooter D28E kerge elektrit\u00f5ukeratas. Vastupidav elektriline t\u00f5ukeratas nii noortele kui t\u00e4iskasvanutele. Ninebot elektrit\u00f5ukerattad.\" \/>\n<meta name=\"robots\" content=\"index, follow, max-snippet:-1, max-image-preview:large, max-video-preview:-1\" \/>\n<link rel=\"canonical\" href=\"https:\/\/www.xn--tuksimaailm-ffb.ee\/fi\/shop\/segway-ninebot-d28e-sahkopotkulauta\/\" \/>\n<meta property=\"og:locale\" content=\"fi_FI\" \/>\n<meta property=\"og:type\" content=\"article\" \/>\n<meta property=\"og:title\" content=\"Segway Ninebot D28E s\u00e4hk\u00f6potkulauta\" \/>\n<meta property=\"og:description\" content=\"Segway Ninebot eKickScooter D28E kerge elektrit\u00f5ukeratas. Vastupidav elektriline t\u00f5ukeratas nii noortele kui t\u00e4iskasvanutele. Ninebot elektrit\u00f5ukerattad.\" \/>\n<meta property=\"og:url\" content=\"https:\/\/www.xn--tuksimaailm-ffb.ee\/fi\/shop\/segway-ninebot-d28e-sahkopotkulauta\/\" \/>\n<meta property=\"og:site_name\" content=\"T\u00f5uksimaailm\" \/>\n<meta property=\"article:publisher\" content=\"https:\/\/www.facebook.com\/touksimaailm\/\" \/>\n<meta property=\"og:image\" content=\"https:\/\/www.xn--tuksimaailm-ffb.ee\/wp-content\/uploads\/2022\/12\/Segway-eKickScooter-D28E-1.png\" \/>\n\t<meta property=\"og:image:width\" content=\"761\" \/>\n\t<meta property=\"og:image:height\" content=\"1020\" \/>\n\t<meta property=\"og:image:type\" content=\"image\/png\" \/>\n<meta name=\"twitter:card\" content=\"summary_large_image\" \/>\n<meta name=\"twitter:label1\" content=\"Hinta\" \/>\n\t<meta name=\"twitter:data1\" content=\"&euro;399.00\" \/>\n\t<meta name=\"twitter:label2\" content=\"Saatavuus\" \/>\n\t<meta name=\"twitter:data2\" content=\"Loppu varastosta\" \/>\n<meta property=\"product:price:amount\" content=\"399.00\" \/>\n<meta property=\"product:price:currency\" content=\"EUR\" \/>\n<meta property=\"og:availability\" content=\"out of stock\" \/>\n<meta property=\"product:availability\" content=\"out of stock\" \/>\n<meta property=\"product:retailer_item_id\" content=\"Ninebot_D28E-1\" \/>\n<meta property=\"product:condition\" content=\"new\" \/>\n<!-- \/ Yoast SEO Premium plugin. -->","yoast_head_json":{"title":"Segway Ninebot D28E s\u00e4hk\u00f6potkulauta | T\u00f5uksimaailm | D-seeria","description":"Segway Ninebot eKickScooter D28E kerge elektrit\u00f5ukeratas. Vastupidav elektriline t\u00f5ukeratas nii noortele kui t\u00e4iskasvanutele. Ninebot elektrit\u00f5ukerattad.","robots":{"index":"index","follow":"follow","max-snippet":"max-snippet:-1","max-image-preview":"max-image-preview:large","max-video-preview":"max-video-preview:-1"},"canonical":"https:\/\/www.xn--tuksimaailm-ffb.ee\/fi\/shop\/segway-ninebot-d28e-sahkopotkulauta\/","og_locale":"fi_FI","og_type":"article","og_title":"Segway Ninebot D28E s\u00e4hk\u00f6potkulauta","og_description":"Segway Ninebot eKickScooter D28E kerge elektrit\u00f5ukeratas. Vastupidav elektriline t\u00f5ukeratas nii noortele kui t\u00e4iskasvanutele. Ninebot elektrit\u00f5ukerattad.","og_url":"https:\/\/www.xn--tuksimaailm-ffb.ee\/fi\/shop\/segway-ninebot-d28e-sahkopotkulauta\/","og_site_name":"T\u00f5uksimaailm","article_publisher":"https:\/\/www.facebook.com\/touksimaailm\/","og_image":[{"width":761,"height":1020,"url":"https:\/\/www.xn--tuksimaailm-ffb.ee\/wp-content\/uploads\/2022\/12\/Segway-eKickScooter-D28E-1.png","type":"image\/png"}],"twitter_card":"summary_large_image","twitter_misc":{"Hinta":"&euro;399.00","Saatavuus":"Loppu varastosta"},"schema":{"@context":"https:\/\/schema.org","@graph":[{"@type":"WebPage","@id":"https:\/\/www.xn--tuksimaailm-ffb.ee\/fi\/shop\/segway-ninebot-d28e-sahkopotkulauta\/","url":"https:\/\/www.xn--tuksimaailm-ffb.ee\/fi\/shop\/segway-ninebot-d28e-sahkopotkulauta\/","name":"Segway Ninebot D28E s\u00e4hk\u00f6potkulauta | T\u00f5uksimaailm | D-seeria","isPartOf":{"@id":"https:\/\/www.xn--tuksimaailm-ffb.ee\/fi\/#website"},"primaryImageOfPage":{"@id":"https:\/\/www.xn--tuksimaailm-ffb.ee\/fi\/shop\/segway-ninebot-d28e-sahkopotkulauta\/#primaryimage"},"image":{"@id":"https:\/\/www.xn--tuksimaailm-ffb.ee\/fi\/shop\/segway-ninebot-d28e-sahkopotkulauta\/#primaryimage"},"thumbnailUrl":"https:\/\/www.xn--tuksimaailm-ffb.ee\/wp-content\/uploads\/2022\/12\/Segway-eKickScooter-D28E-1.png","datePublished":"2022-12-06T11:34:41+00:00","description":"Segway Ninebot eKickScooter D28E kerge elektrit\u00f5ukeratas. Vastupidav elektriline t\u00f5ukeratas nii noortele kui t\u00e4iskasvanutele. Ninebot elektrit\u00f5ukerattad.","breadcrumb":{"@id":"https:\/\/www.xn--tuksimaailm-ffb.ee\/fi\/shop\/segway-ninebot-d28e-sahkopotkulauta\/#breadcrumb"},"inLanguage":"fi","potentialAction":[{"@type":"ReadAction","target":["https:\/\/www.xn--tuksimaailm-ffb.ee\/fi\/shop\/segway-ninebot-d28e-sahkopotkulauta\/"]}]},{"@type":"ImageObject","inLanguage":"fi","@id":"https:\/\/www.xn--tuksimaailm-ffb.ee\/fi\/shop\/segway-ninebot-d28e-sahkopotkulauta\/#primaryimage","url":"https:\/\/www.xn--tuksimaailm-ffb.ee\/wp-content\/uploads\/2022\/12\/Segway-eKickScooter-D28E-1.png","contentUrl":"https:\/\/www.xn--tuksimaailm-ffb.ee\/wp-content\/uploads\/2022\/12\/Segway-eKickScooter-D28E-1.png","width":761,"height":1020},{"@type":"BreadcrumbList","@id":"https:\/\/www.xn--tuksimaailm-ffb.ee\/fi\/shop\/segway-ninebot-d28e-sahkopotkulauta\/#breadcrumb","itemListElement":[{"@type":"ListItem","position":1,"name":"Home","item":"https:\/\/www.xn--tuksimaailm-ffb.ee\/fi\/kotisivu\/"},{"@type":"ListItem","position":2,"name":"Kauppa","item":"https:\/\/www.xn--tuksimaailm-ffb.ee\/elektritoukerataste-pood\/"},{"@type":"ListItem","position":3,"name":"Segway Ninebot D28E s\u00e4hk\u00f6potkulauta"}]},{"@type":"WebSite","@id":"https:\/\/www.xn--tuksimaailm-ffb.ee\/fi\/#website","url":"https:\/\/www.xn--tuksimaailm-ffb.ee\/fi\/","name":"T\u00f5uksimaailm","description":"Elektrit\u00f5ukerataste m\u00fc\u00fck, remont ja rent","publisher":{"@id":"https:\/\/www.xn--tuksimaailm-ffb.ee\/fi\/#organization"},"potentialAction":[{"@type":"SearchAction","target":{"@type":"EntryPoint","urlTemplate":"https:\/\/www.xn--tuksimaailm-ffb.ee\/fi\/?s={search_term_string}"},"query-input":{"@type":"PropertyValueSpecification","valueRequired":true,"valueName":"search_term_string"}}],"inLanguage":"fi"},{"@type":"Organization","@id":"https:\/\/www.xn--tuksimaailm-ffb.ee\/fi\/#organization","name":"T\u00f5uksimaailm","url":"https:\/\/www.xn--tuksimaailm-ffb.ee\/fi\/","logo":{"@type":"ImageObject","inLanguage":"fi","@id":"https:\/\/www.xn--tuksimaailm-ffb.ee\/fi\/#\/schema\/logo\/image\/","url":"https:\/\/www.xn--tuksimaailm-ffb.ee\/wp-content\/uploads\/2020\/01\/logoz-e1579792875517.png","contentUrl":"https:\/\/www.xn--tuksimaailm-ffb.ee\/wp-content\/uploads\/2020\/01\/logoz-e1579792875517.png","width":250,"height":250,"caption":"T\u00f5uksimaailm"},"image":{"@id":"https:\/\/www.xn--tuksimaailm-ffb.ee\/fi\/#\/schema\/logo\/image\/"},"sameAs":["https:\/\/www.facebook.com\/touksimaailm\/","https:\/\/www.instagram.com\/touksimaailm_\/","https:\/\/www.youtube.com\/channel\/UC18ml0EKIDLP1xGuQjFzcXQ"]}]},"product_price_amount":"399.00","product_price_currency":"EUR","og_availability":"out of stock","product_availability":"out of stock","product_retailer_item_id":"Ninebot_D28E-1","product_condition":"new"},"jetpack_sharing_enabled":true,"_links":{"self":[{"href":"https:\/\/www.xn--tuksimaailm-ffb.ee\/fi\/wp-json\/wp\/v2\/product\/50318","targetHints":{"allow":["GET"]}}],"collection":[{"href":"https:\/\/www.xn--tuksimaailm-ffb.ee\/fi\/wp-json\/wp\/v2\/product"}],"about":[{"href":"https:\/\/www.xn--tuksimaailm-ffb.ee\/fi\/wp-json\/wp\/v2\/types\/product"}],"wp:featuredmedia":[{"embeddable":true,"href":"https:\/\/www.xn--tuksimaailm-ffb.ee\/fi\/wp-json\/wp\/v2\/media\/25665"}],"wp:attachment":[{"href":"https:\/\/www.xn--tuksimaailm-ffb.ee\/fi\/wp-json\/wp\/v2\/media?parent=50318"}],"wp:term":[{"taxonomy":"product_brand","embeddable":true,"href":"https:\/\/www.xn--tuksimaailm-ffb.ee\/fi\/wp-json\/wp\/v2\/product_brand?post=50318"},{"taxonomy":"product_cat","embeddable":true,"href":"https:\/\/www.xn--tuksimaailm-ffb.ee\/fi\/wp-json\/wp\/v2\/product_cat?post=50318"},{"taxonomy":"product_tag","embeddable":true,"href":"https:\/\/www.xn--tuksimaailm-ffb.ee\/fi\/wp-json\/wp\/v2\/product_tag?post=50318"},{"taxonomy":"filter_elektritoukeratas","embeddable":true,"href":"https:\/\/www.xn--tuksimaailm-ffb.ee\/fi\/wp-json\/wp\/v2\/filter_elektritoukeratas?post=50318"}],"curies":[{"name":"wp","href":"https:\/\/api.w.org\/{rel}","templated":true}]}}