{"id":50323,"date":"2022-12-03T13:24:16","date_gmt":"2022-12-03T11:24:16","guid":{"rendered":"http:\/\/www.xn--tuksimaailm-ffb.ee\/shop\/segway-ninebot-d18e-sahkopotkulauta-nuorille\/"},"modified":"2022-12-03T13:24:16","modified_gmt":"2022-12-03T10:24:16","slug":"segway-ninebot-d18e-sahkopotkulauta-nuorille","status":"publish","type":"product","link":"https:\/\/www.xn--tuksimaailm-ffb.ee\/fi\/shop\/segway-ninebot-d18e-sahkopotkulauta-nuorille\/","title":{"rendered":"Segway Ninebot D18E s\u00e4hk\u00f6potkulauta nuorille"},"content":{"rendered":"<h2 style=\"text-align: center;\">SEGWAY NINEBOT KICKSCOOTER D18E S\u00c4HK\u00d6POTKULAUTA - TUOTEKUVAUS<\/h2>\n<p style=\"caret-color: #000000; color: #000000;\">Segway Ninebot D18E -s\u00e4hk\u00f6potkulauta nuorille on edullisin malli D-sarjan s\u00e4hk\u00f6skoottereiden 2023-mallisarjassa. Segway Ninebot Kickscooter D18E -s\u00e4hk\u00f6skootteri on suuri askel eteenp\u00e4in s\u00e4hk\u00f6skoottereiden kehityksess\u00e4 ja se p\u00e4ihitt\u00e4\u00e4 kaikki aiemmat Ninebot-s\u00e4hk\u00f6skootterit. Uusi Segway D18E -s\u00e4hk\u00f6skootteri on valmistettu kevyest\u00e4 mutta kest\u00e4v\u00e4st\u00e4 ilmailualumiinista. Edelt\u00e4j\u00e4\u00e4ns\u00e4\u00a0<a href=\"http:\/\/www.xn--tuksimaailm-ffb.ee\/shop\/segway-ninebot-max-g30e-ii-elektritoukeratas\/\">Max G30 II:<\/a>\u00a0een verrattuna Segway Ninebot D18E:ss\u00e4 on huomiota her\u00e4tt\u00e4v\u00e4 v\u00e4rimaailma ja\u00a0<strong>kevyempi rakenne<\/strong>, mik\u00e4 tekee s\u00e4hk\u00f6skootterista entist\u00e4kin k\u00e4yt\u00e4nn\u00f6llisemm\u00e4n. Aiemman kolmen ajotilan sijasta se tarjoaa nyt\u00a0<strong>nelj\u00e4 erilaista ajotilaa<\/strong>. Skootteri on varustettu uudella\u00a0<strong>LED-n\u00e4yt\u00f6ll\u00e4\u00a0<\/strong>, joka on kirkkaampi ja helpommin luettavissa verrattuna vanhempaan LCD-n\u00e4ytt\u00f6\u00f6n.<\/p>\n<h2 style=\"text-align: center;\">SEGWAY - LAATUMERKKI S\u00c4HK\u00d6K\u00c4YTT\u00d6ISILLE SKOOTTEREILLE<\/h2>\n<p style=\"caret-color: #000000; color: #000000;\">Segway on s\u00e4hk\u00f6potkulaitteiden valmistaja, joka tunnetaan parhaiten s\u00e4hk\u00f6potkulaattoreistaan, jotka tarjoavat ensiluokkaista ajomukavuutta ja kest\u00e4vyytt\u00e4. Samanlainen kuin vanhemmat mallit, kuten Segway Ninebot Max G30 II -s\u00e4hk\u00f6skootteri, Segway Ninebot D18E -s\u00e4hk\u00f6skootteri nuorille on\u00a0<strong>varustettu 10 tuuman renkailla, jotka<\/strong>\u00a0tarjoavat paremman pidon ja ajomukavuuden verrattuna yleisempiin 8 tuuman renkaisiin. D18E on varustettu\u00a0<strong>250 W:<\/strong>\u00a0n moottorilla (maksimiteho\u00a0<strong>500 W<\/strong>), ja se on k\u00e4yt\u00e4nn\u00f6llinen, edullinen ja kest\u00e4v\u00e4 ensimm\u00e4inen s\u00e4hk\u00f6skootteri nuorille.<\/p>\n<p style=\"caret-color: #000000; color: #000000;\">Tehokkaammat D-sarjan s\u00e4hk\u00f6skootterit, joissa on suuremmat akut, l\u00f6yd\u00e4t t\u00e4\u00e4lt\u00e4 -\u00a0<a href=\"http:\/\/www.xn--tuksimaailm-ffb.ee\/shop\/segway-ninebot-d28e-elektritoukeratas\/?preview_id=20746&amp;preview_nonce=0783754df6&amp;_thumbnail_id=20667&amp;preview=true\">D28E<\/a>\u00a0ja\u00a0<a href=\"http:\/\/www.xn--tuksimaailm-ffb.ee\/wp-admin\/post.php?post=20748&amp;action=edit&amp;lang=et&amp;classic-editor\">D38E<\/a>.<\/p>\n<p><iframe title=\"Segway Ninebot KickScooter D series - E version\" width=\"1082\" height=\"609\" src=\"https:\/\/www.youtube.com\/embed\/9fgxm4NFNa0?feature=oembed\" frameborder=\"0\" allow=\"accelerometer; autoplay; clipboard-write; encrypted-media; gyroscope; picture-in-picture; web-share\" referrerpolicy=\"strict-origin-when-cross-origin\" allowfullscreen><\/iframe><\/p>\n<h2 style=\"text-align: center;\">SEGWAY NINEBOT D18E S\u00c4HK\u00d6POTKULAUTA - TEKNINEN KUVAUS<\/h2>\n<p style=\"caret-color: #000000; color: #000000;\">Segway D18E -s\u00e4hk\u00f6potkulauta on varustettu 10-tuumaisilla t\u00e4ysrunkoisilla ilmarenkailla, jotka takaavat vakaamman ja turvallisemman ajon kuin t\u00e4ysrenkaat. S\u00e4hk\u00f6potkulauta on varustettu elektronisella etumoottorijarrulla ja rumpujarrulla takana. Rumpujarrujen ominaisuuksien ansiosta s\u00e4hk\u00f6k\u00e4ytt\u00f6 on helpompi huoltaa ja vaatii v\u00e4hemm\u00e4n jatkuvaa jarrujen s\u00e4\u00e4t\u00f6\u00e4. S\u00e4hk\u00f6potkulauta on varustettu\u00a0<strong>250W:<\/strong>\u00a0n (<strong>max 500W<\/strong>) moottorilla, ja se pystyy 10 %:n nousukykyyn, 25km\/h huippunopeuteen ja kuljettaa nopeudella jopa\u00a0<strong>100kg painavaa<\/strong>\u00a0ajajaa. S\u00e4hk\u00f6potkulauta saa virtansa\u00a0<strong>183 Wh:n (5100 mAh)<\/strong>\u00a0akusta, joka valmistajan tietojen mukaan pystyy kulkemaan<strong>\u00a0jopa 18 km.<\/strong>\u00a0Akun t\u00e4yteen lataaminen\u00a0<strong>0 prosentista 100 prosenttiin kest\u00e4\u00e4 3,5 tuntia.<\/strong>\u00a0Edess\u00e4 oleva 2,1 W:n LED-valo ja takavalo (+jarruvalo) tekev\u00e4t s\u00e4hk\u00f6skootterin kuljettajan n\u00e4kyv\u00e4ksi muille kevytpy\u00f6r\u00e4ilij\u00f6ille.<\/p>\n<p style=\"caret-color: #000000; color: #000000;\">S\u00e4hk\u00f6skootteri on helposti kokoontaitettava s\u00e4\u00e4dett\u00e4v\u00e4ll\u00e4 vipumekanismilla. Se painaa\u00a0<strong>vain 14,8 kg<\/strong>, ja sen kompaktin koon ansiosta sit\u00e4 on helppo kuljettaa. Segway Ninebot Kickscooter D18E -s\u00e4hk\u00f6potkulauta on\u00a0<strong>IPX5-vedenpit\u00e4v\u00e4<\/strong>, mik\u00e4 tarkoittaa, ett\u00e4 s\u00e4hk\u00f6potkulauta on suojattu heikolta vedenpaineelta joka puolelta. S\u00e4hk\u00f6skootteri on bluetooth-yhteensopiva ja sovelluksen kautta on mahdollista saada tietoa s\u00e4hk\u00f6skootterista, lukita se s\u00e4hk\u00f6isesti ja muuttaa asetuksia.<\/p>\n<p style=\"caret-color: #000000; color: #000000;\">Ohjauspylv\u00e4\u00e4n keskelle kuljettajaan p\u00e4in asennettu v\u00e4rillinen\u00a0<strong>LED-n\u00e4ytt\u00f6<\/strong>\u00a0n\u00e4ytt\u00e4\u00e4 nopeuden, akun varaustason ja kulloinkin aktivoidun ajotilan\/vaihteen. Segway D18E -s\u00e4hk\u00f6skootterissa on yhteens\u00e4\u00a0<strong>nelj\u00e4 elektronista vaihdetta.<\/strong><\/p>\n<h2 style=\"text-align: center;\">TURVALLISUUS<\/h2>\n<p style=\"caret-color: #000000; color: #000000;\">S\u00e4hk\u00f6skootteri on nopea ja mahdollisesti vaarallinen ajoneuvo kuljettajalle. Siksi suosittelemme, ett\u00e4 k\u00e4yt\u00e4t aina\u00a0<a href=\"http:\/\/www.xn--tuksimaailm-ffb.ee\/tootesilt\/elektritoukeratta-kiivrid\/\">kyp\u00e4r\u00e4\u00e4<\/a>. Alle 16-vuotiaiden kuljettajien on\u00a0<a href=\"https:\/\/www.riigiteataja.ee\/akt\/113112020001\">lain<\/a>\u00a0mukaan k\u00e4ytett\u00e4v\u00e4 kyp\u00e4r\u00e4\u00e4 s\u00e4hk\u00f6skootterilla ajettaessa. Kaikki s\u00e4hk\u00f6skootterit l\u00f6ytyv\u00e4t\u00a0<a href=\"http:\/\/www.xn--tuksimaailm-ffb.ee\/tootekategooria\/elektritoukeratas\/\"><strong>t\u00e4\u00e4lt\u00e4<\/strong><\/a>.<\/p>\n<p style=\"caret-color: #000000; color: #000000;\"><strong>Segway Ninebot Kickscooter D18E -s\u00e4hk\u00f6skootteri on Viron liikennelain mukainen katulaillinen kevytskootteri, jonka valmistajan teho on 500W ja valmistajan nopeus 25km\/h.<\/strong>\u00a0<strong>HUOMAUTUS: Jos s\u00e4hk\u00f6skootteria on itsen\u00e4isesti muutettu nopeammaksi tai tehokkaammaksi kuin edell\u00e4 mainitut parametrit, T\u00f5uksimaailm ei ole vastuussa sakoista, s\u00e4hk\u00f6skootterin takavarikoimisesta poliisin toimesta tai mist\u00e4\u00e4n muustakaan vahingosta, joka on aiheutunut lain rikkomisesta.<\/strong><\/p>\n<p style=\"caret-color: #000000; color: #000000;\"><strong>Kun ostat s\u00e4hk\u00f6skootterin kaupastamme, saat kaikki\u00a0<\/strong><a href=\"http:\/\/www.xn--tuksimaailm-ffb.ee\/tootekategooria\/lisavarustus\/\"><strong>lis\u00e4varusteet<\/strong><\/a><strong>\u00a0-20%!<\/strong><\/p>\n<table class=\"tg\" style=\"border-collapse: collapse; max-width: 600px; border-spacing: 0; margin: 0px auto;\">\n<tbody>\n<tr>\n<td style=\"background-color: #e4e1e1; color: #333333; font-family: inherit; font-size: 14px; font-weight: bold; overflow: hidden; padding: 5px 5px; text-align: center; vertical-align: top; word-break: normal; border: 1px solid;\" colspan=\"2\">Tekniset tiedot<\/td>\n<\/tr>\n<tr>\n<td style=\"background-color: #e4e1e1; color: #333333; font-family: inherit; font-size: 14px; font-weight: bold; overflow: hidden; padding: 5px 5px; text-align: right; vertical-align: top; word-break: normal; border: 1px solid;\">Malli<\/td>\n<td style=\"font-family: inherit; font-size: 14px; overflow: hidden; padding: 5px 5px; text-align: center; vertical-align: top; word-break: normal; border: 1px solid;\">Segway Ninebot Kickscooter D18E<\/td>\n<\/tr>\n<tr>\n<td style=\"background-color: #e4e1e1; color: #333333; font-family: inherit; font-size: 14px; font-weight: bold; overflow: hidden; padding: 5px 5px; text-align: right; vertical-align: top; word-break: normal; border: 1px solid;\">Akku<\/td>\n<td style=\"font-family: inherit; font-size: 14px; overflow: hidden; padding: 5px 5px; text-align: center; vertical-align: top; word-break: normal; border: 1px solid;\">183 Wh (5100 mAh) Li-Ion<\/td>\n<\/tr>\n<tr>\n<td style=\"background-color: #e4e1e1; color: #333333; font-family: inherit; font-size: 14px; font-weight: bold; overflow: hidden; padding: 5px 5px; text-align: right; vertical-align: top; word-break: normal; border: 1px solid;\">Latausaika<\/td>\n<td style=\"font-family: inherit; font-size: 14px; overflow: hidden; padding: 5px 5px; text-align: center; vertical-align: top; word-break: normal; border: 1px solid;\">jopa 3,5h<\/td>\n<\/tr>\n<tr>\n<td style=\"background-color: #e4e1e1; color: #333333; font-family: inherit; font-size: 14px; font-weight: bold; overflow: hidden; padding: 5px 5px; text-align: right; vertical-align: top; word-break: normal; border: 1px solid;\">Moottorin teho<\/td>\n<td style=\"font-family: inherit; font-size: 14px; overflow: hidden; padding: 5px 5px; text-align: center; vertical-align: top; word-break: normal; border: 1px solid;\">250W (huipputeho 500W)<\/td>\n<\/tr>\n<tr>\n<td style=\"background-color: #e4e1e1; color: #333333; font-family: inherit; font-size: 14px; font-weight: bold; overflow: hidden; padding: 5px 5px; text-align: right; vertical-align: top; word-break: normal; border: 1px solid;\"><strong style=\"caret-color: #000000; color: #000000; text-align: start; font-family: inherit;\">Ajomatka (valmistajan ilmoittama) <br \/>Laskettu ajomatka<\/strong><\/td>\n<td style=\"font-family: inherit; font-size: 14px; overflow: hidden; padding: 5px 5px; text-align: center; vertical-align: top; word-break: normal; border: 1px solid;\">jopa 18km | 12km (25km\/h, 70kg kuljettaja, 15Wh\/km)<\/td>\n<\/tr>\n<tr>\n<td style=\"background-color: #e4e1e1; color: #333333; font-family: inherit; font-size: 14px; font-weight: bold; overflow: hidden; padding: 5px 5px; text-align: right; vertical-align: top; word-break: normal; border: 1px solid;\">Etujarru<\/td>\n<td style=\"font-family: inherit; font-size: 14px; overflow: hidden; padding: 5px 5px; text-align: center; vertical-align: top; word-break: normal; border: 1px solid;\">s\u00e4hk\u00f6inen moottorijarru (regeneratiivinen)<\/td>\n<\/tr>\n<tr>\n<td style=\"background-color: #e4e1e1; color: #333333; font-family: inherit; font-size: 14px; font-weight: bold; overflow: hidden; padding: 5px 5px; text-align: right; vertical-align: top; word-break: normal; border: 1px solid;\">Takajarru<\/td>\n<td style=\"font-family: inherit; font-size: 14px; overflow: hidden; padding: 5px 5px; text-align: center; vertical-align: top; word-break: normal; border: 1px solid;\">rumpujarru<\/td>\n<\/tr>\n<tr>\n<td style=\"background-color: #e4e1e1; color: #333333; font-family: inherit; font-size: 14px; font-weight: bold; overflow: hidden; padding: 5px 5px; text-align: right; vertical-align: top; word-break: normal; border: 1px solid;\">Painorajoitus<\/td>\n<td style=\"font-family: inherit; font-size: 14px; overflow: hidden; padding: 5px 5px; text-align: center; vertical-align: top; word-break: normal; border: 1px solid;\">100kg (valmistajan erittely); realistinen 130kg<\/td>\n<\/tr>\n<tr>\n<td style=\"background-color: #e4e1e1; color: #333333; font-family: inherit; font-size: 14px; font-weight: bold; overflow: hidden; padding: 5px 5px; text-align: right; vertical-align: top; word-break: normal; border: 1px solid;\">Tuotantonopeus<\/td>\n<td style=\"font-family: inherit; font-size: 14px; overflow: hidden; padding: 5px 5px; text-align: center; vertical-align: top; word-break: normal; border: 1px solid;\">25km\/h<\/td>\n<\/tr>\n<tr>\n<td style=\"background-color: #e4e1e1; color: #333333; font-family: inherit; font-size: 14px; font-weight: bold; overflow: hidden; padding: 5px 5px; text-align: right; vertical-align: top; word-break: normal; border: 1px solid;\">Paino<\/td>\n<td style=\"font-family: inherit; font-size: 14px; overflow: hidden; padding: 5px 5px; text-align: center; vertical-align: top; word-break: normal; border: 1px solid;\">14.8kg<\/td>\n<\/tr>\n<tr>\n<td style=\"background-color: #e4e1e1; color: #333333; font-family: inherit; font-size: 14px; font-weight: bold; overflow: hidden; padding: 5px 5px; text-align: right; vertical-align: top; word-break: normal; border: 1px solid;\">Moottorisoitu py\u00f6r\u00e4<\/td>\n<td style=\"font-family: inherit; font-size: 14px; overflow: hidden; padding: 5px 5px; text-align: center; vertical-align: top; word-break: normal; border: 1px solid;\">takapy\u00f6r\u00e4<\/td>\n<\/tr>\n<tr>\n<td style=\"background-color: #e4e1e1; color: #333333; font-family: inherit; font-size: 14px; font-weight: bold; overflow: hidden; padding: 5px 5px; text-align: right; vertical-align: top; word-break: normal; border: 1px solid;\">Renkaat<\/td>\n<td style=\"font-family: inherit; font-size: 14px; overflow: hidden; padding: 5px 5px; text-align: center; vertical-align: top; word-break: normal; border: 1px solid;\">10 tuuman putkettomat ilmarenkaat (ilman sis\u00e4kumia)<\/td>\n<\/tr>\n<tr>\n<td style=\"background-color: #e4e1e1; color: #333333; font-family: inherit; font-size: 14px; font-weight: bold; overflow: hidden; padding: 5px 5px; text-align: right; vertical-align: top; word-break: normal; border: 1px solid;\">Tien enim\u00e4iskaltevuus<\/td>\n<td style=\"font-family: inherit; font-size: 14px; overflow: hidden; padding: 5px 5px; text-align: center; vertical-align: top; word-break: normal; border: 1px solid;\">12%<\/td>\n<\/tr>\n<\/tbody>\n<\/table>\n","protected":false},"excerpt":{"rendered":"<p style=\"caret-color: #000000; color: #000000;\"><a href=\"http:\/\/www.xn--tuksimaailm-ffb.ee\/kontakt\/\"><strong>L\u00f6ysitk\u00f6 paremman hinnan?<\/strong><\/a>\u00a0<a href=\"http:\/\/www.xn--tuksimaailm-ffb.ee\/kontakt\/\"><strong>Kirjoita meille, niin teemme sinulle paremman tarjouksen!<\/strong><\/a><\/p>\n<p style=\"caret-color: #000000; color: #000000;\"><strong>Kaikki\u00a0<\/strong><a href=\"http:\/\/www.xn--tuksimaailm-ffb.ee\/tootekategooria\/lisavarustus\/\"><strong>lis\u00e4varusteet<\/strong><\/a><strong>\u00a0ja\u00a0<\/strong><a href=\"http:\/\/www.xn--tuksimaailm-ffb.ee\/tootekategooria\/elektritoukeratta-varuosad\/\"><strong>varaosat<\/strong><\/a><strong>\u00a0ovat -20%, kun ne ostetaan s\u00e4hk\u00f6potkulaudan kanssa .<\/strong>\u00a0<strong>Alennus otetaan automaattisesti k\u00e4ytt\u00f6\u00f6n, kun lis\u00e4\u00e4t sen ostoskoriin!<\/strong><\/p>\n<p style=\"caret-color: #000000; color: #000000;\"><strong><em>Toimitusaika: TBD<\/em><\/strong><\/p>\n<p><em><strong>\u00a0<\/strong><\/em><\/p>\n","protected":false},"featured_media":25531,"template":"","meta":[],"product_brand":[],"product_cat":[926],"product_tag":[],"filter_elektritoukeratas":[],"class_list":{"0":"post-50323","1":"product","2":"type-product","3":"status-publish","4":"has-post-thumbnail","6":"product_cat-sahkopotkulaudat-fi","7":"product_shipping_class-keskmine-pakk-fi","8":"pa_aku-mahutavus-wh-183-fi","9":"pa_kaal-kg-14-8-fi","10":"pa_kandevoime-kg-100-fi","11":"pa_labisoit-arvutuslik-km-12-fi","12":"pa_mootorite-arv-uhe-mootoriga-fi","13":"pa_muuja-platvormil-touksimaailm-exocool-ou-fi","14":"pa_piiramata-tippkiirus-kmh-25-fi","15":"pa_tootetuup-elektritoukeratas-fi","16":"pa_valmistaja-segway-fi","17":"pa_voimsus-w-500-fi","19":"first","20":"outofstock","21":"taxable","22":"shipping-taxable","23":"purchasable","24":"product-type-simple"},"yoast_head":"<!-- This site is optimized with the Yoast SEO Premium plugin v26.8 (Yoast SEO v27.5) - https:\/\/yoast.com\/product\/yoast-seo-premium-wordpress\/ -->\n<title>Segway Ninebot D18E s\u00e4hk\u00f6potkulauta nuorille | T\u00f5uksimaailm<\/title>\n<meta name=\"description\" content=\"Segway Ninebot eKickScooter D18E kerge elektrit\u00f5ukeratas. Stiilne, vastupidav ja kompaktne elektriline t\u00f5ukeratas noortele. Segway elektrit\u00f5ukerattad.\" \/>\n<meta name=\"robots\" content=\"index, follow, max-snippet:-1, max-image-preview:large, max-video-preview:-1\" \/>\n<link rel=\"canonical\" href=\"https:\/\/www.xn--tuksimaailm-ffb.ee\/fi\/shop\/segway-ninebot-d18e-sahkopotkulauta-nuorille\/\" \/>\n<meta property=\"og:locale\" content=\"fi_FI\" \/>\n<meta property=\"og:type\" content=\"article\" \/>\n<meta property=\"og:title\" content=\"Segway Ninebot D18E s\u00e4hk\u00f6potkulauta nuorille\" \/>\n<meta property=\"og:description\" content=\"Segway Ninebot eKickScooter D18E kerge elektrit\u00f5ukeratas. Stiilne, vastupidav ja kompaktne elektriline t\u00f5ukeratas noortele. Segway elektrit\u00f5ukerattad.\" \/>\n<meta property=\"og:url\" content=\"https:\/\/www.xn--tuksimaailm-ffb.ee\/fi\/shop\/segway-ninebot-d18e-sahkopotkulauta-nuorille\/\" \/>\n<meta property=\"og:site_name\" content=\"T\u00f5uksimaailm\" \/>\n<meta property=\"article:publisher\" content=\"https:\/\/www.facebook.com\/touksimaailm\/\" \/>\n<meta property=\"og:image\" content=\"https:\/\/www.xn--tuksimaailm-ffb.ee\/wp-content\/uploads\/2022\/12\/Segway-eKickScooter-D18E-1.png\" \/>\n\t<meta property=\"og:image:width\" content=\"761\" \/>\n\t<meta property=\"og:image:height\" content=\"1020\" \/>\n\t<meta property=\"og:image:type\" content=\"image\/png\" \/>\n<meta name=\"twitter:card\" content=\"summary_large_image\" \/>\n<meta name=\"twitter:label1\" content=\"Hinta\" \/>\n\t<meta name=\"twitter:data1\" content=\"&euro;332.00\" \/>\n\t<meta name=\"twitter:label2\" content=\"Saatavuus\" \/>\n\t<meta name=\"twitter:data2\" content=\"Loppu varastosta\" \/>\n<meta property=\"product:price:amount\" content=\"332.00\" \/>\n<meta property=\"product:price:currency\" content=\"EUR\" \/>\n<meta property=\"og:availability\" content=\"out of stock\" \/>\n<meta property=\"product:availability\" content=\"out of stock\" \/>\n<meta property=\"product:retailer_item_id\" content=\"Ninebot_D18E-1\" \/>\n<meta property=\"product:condition\" content=\"new\" \/>\n<!-- \/ Yoast SEO Premium plugin. -->","yoast_head_json":{"title":"Segway Ninebot D18E s\u00e4hk\u00f6potkulauta nuorille | T\u00f5uksimaailm","description":"Segway Ninebot eKickScooter D18E kerge elektrit\u00f5ukeratas. Stiilne, vastupidav ja kompaktne elektriline t\u00f5ukeratas noortele. Segway elektrit\u00f5ukerattad.","robots":{"index":"index","follow":"follow","max-snippet":"max-snippet:-1","max-image-preview":"max-image-preview:large","max-video-preview":"max-video-preview:-1"},"canonical":"https:\/\/www.xn--tuksimaailm-ffb.ee\/fi\/shop\/segway-ninebot-d18e-sahkopotkulauta-nuorille\/","og_locale":"fi_FI","og_type":"article","og_title":"Segway Ninebot D18E s\u00e4hk\u00f6potkulauta nuorille","og_description":"Segway Ninebot eKickScooter D18E kerge elektrit\u00f5ukeratas. Stiilne, vastupidav ja kompaktne elektriline t\u00f5ukeratas noortele. Segway elektrit\u00f5ukerattad.","og_url":"https:\/\/www.xn--tuksimaailm-ffb.ee\/fi\/shop\/segway-ninebot-d18e-sahkopotkulauta-nuorille\/","og_site_name":"T\u00f5uksimaailm","article_publisher":"https:\/\/www.facebook.com\/touksimaailm\/","og_image":[{"width":761,"height":1020,"url":"https:\/\/www.xn--tuksimaailm-ffb.ee\/wp-content\/uploads\/2022\/12\/Segway-eKickScooter-D18E-1.png","type":"image\/png"}],"twitter_card":"summary_large_image","twitter_misc":{"Hinta":"&euro;332.00","Saatavuus":"Loppu varastosta"},"schema":{"@context":"https:\/\/schema.org","@graph":[{"@type":"WebPage","@id":"https:\/\/www.xn--tuksimaailm-ffb.ee\/fi\/shop\/segway-ninebot-d18e-sahkopotkulauta-nuorille\/","url":"https:\/\/www.xn--tuksimaailm-ffb.ee\/fi\/shop\/segway-ninebot-d18e-sahkopotkulauta-nuorille\/","name":"Segway Ninebot D18E s\u00e4hk\u00f6potkulauta nuorille | T\u00f5uksimaailm","isPartOf":{"@id":"https:\/\/www.xn--tuksimaailm-ffb.ee\/fi\/#website"},"primaryImageOfPage":{"@id":"https:\/\/www.xn--tuksimaailm-ffb.ee\/fi\/shop\/segway-ninebot-d18e-sahkopotkulauta-nuorille\/#primaryimage"},"image":{"@id":"https:\/\/www.xn--tuksimaailm-ffb.ee\/fi\/shop\/segway-ninebot-d18e-sahkopotkulauta-nuorille\/#primaryimage"},"thumbnailUrl":"https:\/\/www.xn--tuksimaailm-ffb.ee\/wp-content\/uploads\/2022\/12\/Segway-eKickScooter-D18E-1.png","datePublished":"2022-12-03T11:24:16+00:00","description":"Segway Ninebot eKickScooter D18E kerge elektrit\u00f5ukeratas. Stiilne, vastupidav ja kompaktne elektriline t\u00f5ukeratas noortele. Segway elektrit\u00f5ukerattad.","breadcrumb":{"@id":"https:\/\/www.xn--tuksimaailm-ffb.ee\/fi\/shop\/segway-ninebot-d18e-sahkopotkulauta-nuorille\/#breadcrumb"},"inLanguage":"fi","potentialAction":[{"@type":"ReadAction","target":["https:\/\/www.xn--tuksimaailm-ffb.ee\/fi\/shop\/segway-ninebot-d18e-sahkopotkulauta-nuorille\/"]}]},{"@type":"ImageObject","inLanguage":"fi","@id":"https:\/\/www.xn--tuksimaailm-ffb.ee\/fi\/shop\/segway-ninebot-d18e-sahkopotkulauta-nuorille\/#primaryimage","url":"https:\/\/www.xn--tuksimaailm-ffb.ee\/wp-content\/uploads\/2022\/12\/Segway-eKickScooter-D18E-1.png","contentUrl":"https:\/\/www.xn--tuksimaailm-ffb.ee\/wp-content\/uploads\/2022\/12\/Segway-eKickScooter-D18E-1.png","width":761,"height":1020},{"@type":"BreadcrumbList","@id":"https:\/\/www.xn--tuksimaailm-ffb.ee\/fi\/shop\/segway-ninebot-d18e-sahkopotkulauta-nuorille\/#breadcrumb","itemListElement":[{"@type":"ListItem","position":1,"name":"Home","item":"https:\/\/www.xn--tuksimaailm-ffb.ee\/fi\/kotisivu\/"},{"@type":"ListItem","position":2,"name":"Kauppa","item":"https:\/\/www.xn--tuksimaailm-ffb.ee\/elektritoukerataste-pood\/"},{"@type":"ListItem","position":3,"name":"Segway Ninebot D18E s\u00e4hk\u00f6potkulauta nuorille"}]},{"@type":"WebSite","@id":"https:\/\/www.xn--tuksimaailm-ffb.ee\/fi\/#website","url":"https:\/\/www.xn--tuksimaailm-ffb.ee\/fi\/","name":"T\u00f5uksimaailm","description":"Elektrit\u00f5ukerataste m\u00fc\u00fck, remont ja rent","publisher":{"@id":"https:\/\/www.xn--tuksimaailm-ffb.ee\/fi\/#organization"},"potentialAction":[{"@type":"SearchAction","target":{"@type":"EntryPoint","urlTemplate":"https:\/\/www.xn--tuksimaailm-ffb.ee\/fi\/?s={search_term_string}"},"query-input":{"@type":"PropertyValueSpecification","valueRequired":true,"valueName":"search_term_string"}}],"inLanguage":"fi"},{"@type":"Organization","@id":"https:\/\/www.xn--tuksimaailm-ffb.ee\/fi\/#organization","name":"T\u00f5uksimaailm","url":"https:\/\/www.xn--tuksimaailm-ffb.ee\/fi\/","logo":{"@type":"ImageObject","inLanguage":"fi","@id":"https:\/\/www.xn--tuksimaailm-ffb.ee\/fi\/#\/schema\/logo\/image\/","url":"https:\/\/www.xn--tuksimaailm-ffb.ee\/wp-content\/uploads\/2020\/01\/logoz-e1579792875517.png","contentUrl":"https:\/\/www.xn--tuksimaailm-ffb.ee\/wp-content\/uploads\/2020\/01\/logoz-e1579792875517.png","width":250,"height":250,"caption":"T\u00f5uksimaailm"},"image":{"@id":"https:\/\/www.xn--tuksimaailm-ffb.ee\/fi\/#\/schema\/logo\/image\/"},"sameAs":["https:\/\/www.facebook.com\/touksimaailm\/","https:\/\/www.instagram.com\/touksimaailm_\/","https:\/\/www.youtube.com\/channel\/UC18ml0EKIDLP1xGuQjFzcXQ"]}]},"product_price_amount":"332.00","product_price_currency":"EUR","og_availability":"out of stock","product_availability":"out of stock","product_retailer_item_id":"Ninebot_D18E-1","product_condition":"new"},"jetpack_sharing_enabled":true,"_links":{"self":[{"href":"https:\/\/www.xn--tuksimaailm-ffb.ee\/fi\/wp-json\/wp\/v2\/product\/50323","targetHints":{"allow":["GET"]}}],"collection":[{"href":"https:\/\/www.xn--tuksimaailm-ffb.ee\/fi\/wp-json\/wp\/v2\/product"}],"about":[{"href":"https:\/\/www.xn--tuksimaailm-ffb.ee\/fi\/wp-json\/wp\/v2\/types\/product"}],"wp:featuredmedia":[{"embeddable":true,"href":"https:\/\/www.xn--tuksimaailm-ffb.ee\/fi\/wp-json\/wp\/v2\/media\/25531"}],"wp:attachment":[{"href":"https:\/\/www.xn--tuksimaailm-ffb.ee\/fi\/wp-json\/wp\/v2\/media?parent=50323"}],"wp:term":[{"taxonomy":"product_brand","embeddable":true,"href":"https:\/\/www.xn--tuksimaailm-ffb.ee\/fi\/wp-json\/wp\/v2\/product_brand?post=50323"},{"taxonomy":"product_cat","embeddable":true,"href":"https:\/\/www.xn--tuksimaailm-ffb.ee\/fi\/wp-json\/wp\/v2\/product_cat?post=50323"},{"taxonomy":"product_tag","embeddable":true,"href":"https:\/\/www.xn--tuksimaailm-ffb.ee\/fi\/wp-json\/wp\/v2\/product_tag?post=50323"},{"taxonomy":"filter_elektritoukeratas","embeddable":true,"href":"https:\/\/www.xn--tuksimaailm-ffb.ee\/fi\/wp-json\/wp\/v2\/filter_elektritoukeratas?post=50323"}],"curies":[{"name":"wp","href":"https:\/\/api.w.org\/{rel}","templated":true}]}}