{"id":50331,"date":"2022-07-27T09:26:14","date_gmt":"2022-07-27T09:26:14","guid":{"rendered":"http:\/\/www.xn--tuksimaailm-ffb.ee\/shop\/apollo-city-sahkopotkulauta\/"},"modified":"2022-07-27T09:26:14","modified_gmt":"2022-07-27T06:26:14","slug":"apollo-city-sahkopotkulauta","status":"publish","type":"product","link":"https:\/\/www.xn--tuksimaailm-ffb.ee\/fi\/shop\/apollo-city-sahkopotkulauta\/","title":{"rendered":"Apollo City s\u00e4hk\u00f6potkulauta"},"content":{"rendered":"<h2 style=\"box-sizing: inherit; overflow-wrap: break-word; margin-top: 0px; margin-bottom: 1.5em; padding: 0px; border: 0px; font-variant-numeric: inherit; font-variant-east-asian: inherit; font-weight: 400; font-stretch: inherit; font-size: 1em; line-height: 1.2; color: #162521; text-transform: uppercase; letter-spacing: 2px; text-align: center;\">APOLLO CITY S\u00c4HK\u00d6POTKULAUTA \u2013 TUOTEKUVAUS<\/h2>\n<p style=\"caret-color: #000000; color: #000000;\">City-s\u00e4hk\u00f6skootteri on muotoilultaan rikas, laadukas ja katu-oikeutettu yksimoottorinen vaihtoehto Apollo-sarjasta. Tehokkaampi, kaksimoottorinen City Series PRO -vaihtoehto l\u00f6ytyy\u00a0<a href=\"http:\/\/www.xn--tuksimaailm-ffb.ee\/shop\/apollo-city-pro\/\">t\u00e4\u00e4lt\u00e4<\/a>. Apollo City on kanadalainen s\u00e4hk\u00f6skootteri, jossa on tyylik\u00e4s muotoilu ja laaja valikoima ainutlaatuisia ominaisuuksia. City-s\u00e4hk\u00f6skootteri sopii henkil\u00f6lle, joka haluaa keskitason, katu-oikeutetun s\u00e4hk\u00f6skootterin, jossa on hyv\u00e4 suorituskyky ja\u00a0<strong>erinomainen vedenkest\u00e4vyys (IP56)<\/strong>.<\/p>\n<h2 style=\"text-align: center;\">APOLLO CITY - S\u00c4HK\u00d6SKOOTTERI, JOSSA ON ERINOMAINEN AJOMUKAVUUS JA MUOTOILU<\/h2>\n<p style=\"caret-color: #000000; color: #000000;\">City on yksi mukavimmista ja suorituskykyisimmist\u00e4 koskaan suunnitelluista katu-oikeutetuista s\u00e4hk\u00f6skoottereista, jossa on k\u00e4ytetty kaikkea sen isoveljen, Apollo Phantom V2:n, kehitt\u00e4misest\u00e4 saatua viisautta. Cityn suunnittelussa on otettu huomioon paino ja teho, jotta siit\u00e4 saataisiin keskiluokan s\u00e4hk\u00f6skootteri, jolla on paras ajomukavuus ja kest\u00e4vyys. Erinomaisen ajomukavuuden lis\u00e4ksi City-s\u00e4hk\u00f6skootteri on varustettu useilla lis\u00e4varusteilla. City-mallissa on yksi\u00a0<strong>500W:n<\/strong>\u00a0moottori. Huolimatta siit\u00e4, ett\u00e4 Apollo City -s\u00e4hk\u00f6skootterissa on yksi moottori, voidaan saavuttaa jopa\u00a0<strong>25 km\/h<\/strong>nopeus. City saavuttaa valmistajan ilmoittaman\u00a0<strong>25 km\/h<\/strong>\u00a0nopeuden ilman suurempia ponnistuksia. Moottorit saavat virtansa keskim\u00e4\u00e4r\u00e4ist\u00e4 suuremmasta akkuj\u00e4nnitteest\u00e4. Akun j\u00e4nnite on 48V ja kapasiteetti 13,5Ah.<\/p>\n<p>City-mallin taittomekanismia on intuitiivinen k\u00e4ytt\u00e4\u00e4, ja se on tukevasti rakennettu, joten linssiputkessa ei esiinny monissa s\u00e4hk\u00f6skoottereissa esiintyv\u00e4\u00e4 heilumista. Apollo City -s\u00e4hk\u00f6skootteria on my\u00f6s helppo kuljettaa, sill\u00e4 linssiletkun lis\u00e4ksi sit\u00e4 voi kuljettaa tarttumalla jalustasta ulosvedett\u00e4v\u00e4\u00e4n jalkatukeen.<\/p>\n<p><span style=\"text-align: justify;\">City-s\u00e4hk\u00f6skootteri on ihanteellinen katu-oikeutettu vaihtoehto v\u00e4rikk\u00e4ille Vsett- ja RGB LED Dualtron -s\u00e4hk\u00f6skoottereille.<\/span><\/p>\n<p><iframe title=\"Apollo City Pro Review - Most Integrated Electric Scooter\" width=\"1082\" height=\"609\" src=\"https:\/\/www.youtube.com\/embed\/W9h62CygK0s?start=377&feature=oembed\" frameborder=\"0\" allow=\"accelerometer; autoplay; clipboard-write; encrypted-media; gyroscope; picture-in-picture; web-share\" referrerpolicy=\"strict-origin-when-cross-origin\" allowfullscreen><\/iframe><\/p>\n<h2 style=\"text-align: center;\">TURVALLINEN JA MUKAVA AJO\u00a0<\/h2>\n<p>Kahden jousen sijasta City-mallissa on yhteens\u00e4 kolme jousikokoonpanoa, jotka takaavat hyv\u00e4n pidon ja erinomaisen ajokokemuksen. City-mallilla ajaminen Tallinnan kaupungin kaduilla on my\u00f6s nautinnollista ja esteiden ylitt\u00e4minen on vaivatonta.<\/p>\n<p>Kuljettajan turvallisuuden vuoksi s\u00e4hk\u00f6inen skootteri on varustettu rumpujarruilla. Rumpujarrut vaativat v\u00e4hemm\u00e4n huoltoa ja ovat paremmin suojattuja ulkoisilta ymp\u00e4rist\u00f6vaikutuksilta. Matkustajan turvallisuuden vuoksi skootteri on varustettu my\u00f6s suuntavilkuilla!<\/p>\n<p>City on vankkarakenteinen, ja siihen mahtuu jopa 100 kg painava kuljettaja. T\u00e4m\u00e4 s\u00e4hk\u00f6skootteri ei v\u00e4lit\u00e4 pituudesta - Apollo City on suunniteltu pidempi\u00e4 ihmisi\u00e4 ajatellen. Ohjauspy\u00f6r\u00e4 on 105 cm korkea, joten jopa 2 m pitk\u00e4t kuljettajat voivat ajaa mukavasti.<\/p>\n<p>Apollo City -s\u00e4hk\u00f6skootterissa on leve\u00e4 ohjaustanko, jonka ansiosta ajo tuntuu entist\u00e4 vakaammalta ja mukavammalta.<\/p>\n<h2 style=\"text-align: center;\">TEKNINEN KUVAUS<\/h2>\n<p style=\"caret-color: #000000; color: #000000;\">Yhdell\u00e4 latauksella 25km\/h nopeudella ja 70kg painava kuljettaja, joka ajaa tasaisesti, voi kulkea\u00a0<strong>jopa 50km<\/strong>ihanteellisissa olosuhteissa. City on varustettu rumpujarruilla\u00a0<strong>edess\u00e4 ja takana.<\/strong>\u00a0Rumpujarrut vaativat v\u00e4hemm\u00e4n s\u00e4\u00e4t\u00f6\u00e4 ja huoltoa kuin levyjarrut, ja ne ovat my\u00f6s paremmin suojattuja likaa ja vett\u00e4 vastaan. Rumpujarrujen lis\u00e4ksi City-mallissa on my\u00f6s elektroninen moottorijarru, jonka voimakkuus on s\u00e4\u00e4dett\u00e4viss\u00e4. S\u00e4hk\u00f6potkulauta on varustettu\u00a0<strong>48V \/ 13,5Ah<\/strong>akulla. Akun t\u00e4yteen lataaminen 0-100 %:sta kest\u00e4\u00e4\u00a0<strong>vain 4,5 tuntia<\/strong>\u00a03A-laturilla. City-s\u00e4hk\u00f6skootteri on varustettu ensimm\u00e4isell\u00e4 LED-valolla pime\u00e4\u00e4 aikaa varten ja jotta se n\u00e4kyisi paremmin muille py\u00f6r\u00e4ilij\u00f6ille. Kaiken t\u00e4m\u00e4n lis\u00e4ksi City-mallissa on my\u00f6s\u00a0<strong>erinomainen IP-suojausluokitus.<\/strong>\u00a0<strong>Sill\u00e4<\/strong>on\u00a0<strong>IP56-luokitus<\/strong>, mik\u00e4 tarkoittaa, ett\u00e4 skootteri on suojattu p\u00f6lylt\u00e4 ja korkealta vedenpaineelta kaikista kulmista.<\/p>\n<h2 style=\"text-align: center;\">APOLLO CITY T\u00d5UKSIMAAILMASSA<\/h2>\n<p style=\"caret-color: #000000; color: #000000;\"><strong>Kun ostat Apollo City -s\u00e4hk\u00f6skootterisi kaupastamme, saat:<\/strong><\/p>\n<ul>\n<li>Kun ostat s\u00e4hk\u00f6skootterin, saat\u00a0<strong>kaikki\u00a0<\/strong><a href=\"http:\/\/www.xn--tuksimaailm-ffb.ee\/tootekategooria\/lisavarustus\/\"><strong>lis\u00e4varusteet<\/strong><\/a><strong>\u00a0-20 %:lla.<\/strong><\/li>\n<\/ul>\n<p>Valikoima lis\u00e4varusteita Apollo Cityyn:<\/p>\n<ul>\n<li><a href=\"http:\/\/www.xn--tuksimaailm-ffb.ee\/shop\/vaga-suur-elektritoukeratta-lenksukott-must-8l\/\">Eritt\u00e4in suuri vedenpit\u00e4v\u00e4 linssilaukku<\/a><\/li>\n<li><a href=\"http:\/\/www.xn--tuksimaailm-ffb.ee\/shop\/kompaktne-lulilukk-abus-bordo-5700-must\/\">Kompakti kytkinlukko<\/a><\/li>\n<\/ul>\n<p style=\"caret-color: #000000; color: #000000;\"><a><strong>Esittelytilassamme<\/strong><\/a>\u00a0voit tutustua Apollo City -s\u00e4hk\u00f6skootteriin. Suosittelemme, ett\u00e4 k\u00e4yt\u00e4t aina\u00a0<a href=\"http:\/\/www.xn--tuksimaailm-ffb.ee\/shop\/elektrilise-toukeratta-kiiver-led-tagatulega-smart-4u\/\">kyp\u00e4r\u00e4\u00e4<\/a>, kun ajat s\u00e4hk\u00f6skootterilla. Alle 16-vuotiaiden kuljettajien on\u00a0<a href=\"https:\/\/www.riigiteataja.ee\/akt\/113112020001\">lain<\/a>\u00a0mukaan k\u00e4ytett\u00e4v\u00e4 kyp\u00e4r\u00e4\u00e4 s\u00e4hk\u00f6skootterilla ajaessaan.<\/p>\n<p style=\"caret-color: #000000; color: #000000;\"><strong>Apollo City -s\u00e4hk\u00f6potkulauta on Viron liikennelain mukainen katulaillinen kevytliikkuvuuspotkulauta, jonka valmistajan teho on 500 W ja valmistajan nopeus 25 km\/h.<\/strong>\u00a0<strong>HUOM: Jos k\u00e4ytt\u00e4j\u00e4 on itsen\u00e4isesti muuttanut s\u00e4hk\u00f6potkulautaa nopeammaksi tai tehokkaammaksi kuin edell\u00e4 mainitut parametrit, T\u00f5uksimaailm ei ole vastuussa lain rikkomisesta aiheutuvista sakoista, s\u00e4hk\u00f6potkulautan takavarikoimisesta poliisin toimesta tai mist\u00e4\u00e4n muustakaan rikkomisesta aiheutuneesta vahingosta.<\/strong><\/p>\n<table class=\"tg\" style=\"border-collapse: collapse; max-width: 600px; border-spacing: 0; margin: 0px auto;\">\n<tbody>\n<tr>\n<td style=\"background-color: #e4e1e1; color: #333333; font-family: inherit; font-size: 14px; font-weight: bold; overflow: hidden; padding: 5px 5px; text-align: center; vertical-align: top; word-break: normal; border: 1px solid;\" colspan=\"2\">Tekniset tiedot<\/td>\n<\/tr>\n<tr>\n<td style=\"background-color: #e4e1e1; color: #333333; font-family: inherit; font-size: 14px; font-weight: bold; overflow: hidden; padding: 5px 5px; text-align: right; vertical-align: top; word-break: normal; border: 1px solid;\">Paino<\/td>\n<td style=\"font-family: inherit; font-size: 14px; overflow: hidden; padding: 5px 5px; text-align: center; vertical-align: top; word-break: normal; border: 1px solid;\">26kg<\/td>\n<\/tr>\n<tr>\n<td style=\"background-color: #e4e1e1; color: #333333; font-family: inherit; font-size: 14px; font-weight: bold; overflow: hidden; padding: 5px 5px; text-align: right; vertical-align: top; word-break: normal; border: 1px solid;\">Nopeus<\/td>\n<td style=\"font-family: inherit; font-size: 14px; overflow: hidden; padding: 5px 5px; text-align: center; vertical-align: top; word-break: normal; border: 1px solid;\">25km\/h<\/td>\n<\/tr>\n<tr>\n<td style=\"background-color: #e4e1e1; color: #333333; font-family: inherit; font-size: 14px; font-weight: bold; overflow: hidden; padding: 5px 5px; text-align: right; vertical-align: top; word-break: normal; border: 1px solid;\">Akku<\/td>\n<td style=\"font-family: inherit; font-size: 14px; overflow: hidden; padding: 5px 5px; text-align: center; vertical-align: top; word-break: normal; border: 1px solid;\">48V \/ 13.5Ah \/ 648Wh<\/td>\n<\/tr>\n<tr>\n<td style=\"background-color: #e4e1e1; color: #333333; font-family: inherit; font-size: 14px; font-weight: bold; overflow: hidden; padding: 5px 5px; text-align: right; vertical-align: top; word-break: normal; border: 1px solid;\">Moottori<\/td>\n<td style=\"font-family: inherit; font-size: 14px; overflow: hidden; padding: 5px 5px; text-align: center; vertical-align: top; word-break: normal; border: 1px solid;\">500W<\/td>\n<\/tr>\n<tr>\n<td style=\"background-color: #e4e1e1; color: #333333; font-family: inherit; font-size: 14px; font-weight: bold; overflow: hidden; padding: 5px 5px; text-align: right; vertical-align: top; word-break: normal; border: 1px solid;\"><strong style=\"caret-color: #000000; color: #000000; text-align: start; font-family: inherit;\">Vedenpit\u00e4vyy<\/strong>s<\/td>\n<td style=\"font-family: inherit; font-size: 14px; overflow: hidden; padding: 5px 5px; text-align: center; vertical-align: top; word-break: normal; border: 1px solid;\">IP56<\/td>\n<\/tr>\n<tr>\n<td style=\"background-color: #e4e1e1; color: #333333; font-family: inherit; font-size: 14px; font-weight: bold; overflow: hidden; padding: 5px 5px; text-align: right; vertical-align: top; word-break: normal; border: 1px solid;\">Latausaika<\/td>\n<td style=\"font-family: inherit; font-size: 14px; overflow: hidden; padding: 5px 5px; text-align: center; vertical-align: top; word-break: normal; border: 1px solid;\">4.5h<\/td>\n<\/tr>\n<tr>\n<td style=\"background-color: #e4e1e1; color: #333333; font-family: inherit; font-size: 14px; font-weight: bold; overflow: hidden; padding: 5px 5px; text-align: right; vertical-align: top; word-break: normal; border: 1px solid;\"><strong style=\"caret-color: #000000; color: #000000; text-align: start; font-family: inherit;\">Ajomatka (valmistajan ilmoittama) <br \/>| Ajomatka laskettu 13,5Ah<\/strong><\/td>\n<td style=\"font-family: inherit; font-size: 14px; overflow: hidden; padding: 5px 5px; text-align: center; vertical-align: top; word-break: normal; border: 1px solid;\">60km |<br \/>57km (25km\/h, 70kg kuljettaja, 15Wh\/km)<\/td>\n<\/tr>\n<tr>\n<td style=\"background-color: #e4e1e1; color: #333333; font-family: inherit; font-size: 14px; font-weight: bold; overflow: hidden; padding: 5px 5px; text-align: right; vertical-align: top; word-break: normal; border: 1px solid;\">Valot<\/td>\n<td style=\"font-family: inherit; font-size: 14px; overflow: hidden; padding: 5px 5px; text-align: center; vertical-align: top; word-break: normal; border: 1px solid;\">LED-ajovalot ja suuntavilkut takana<\/td>\n<\/tr>\n<tr>\n<td style=\"background-color: #e4e1e1; color: #333333; font-family: inherit; font-size: 14px; font-weight: bold; overflow: hidden; padding: 5px 5px; text-align: right; vertical-align: top; word-break: normal; border: 1px solid;\">Jarrut<\/td>\n<td style=\"font-family: inherit; font-size: 14px; overflow: hidden; padding: 5px 5px; text-align: center; vertical-align: top; word-break: normal; border: 1px solid;\">etu- ja takarumpujarru<\/td>\n<\/tr>\n<tr>\n<td style=\"background-color: #e4e1e1; color: #333333; font-family: inherit; font-size: 14px; font-weight: bold; overflow: hidden; padding: 5px 5px; text-align: right; vertical-align: top; word-break: normal; border: 1px solid;\">Renkaat<\/td>\n<td style=\"font-family: inherit; font-size: 14px; overflow: hidden; padding: 5px 5px; text-align: center; vertical-align: top; word-break: normal; border: 1px solid;\">8.5\u2033 puhkeamisen kest\u00e4v\u00e4t letkuttomat renkaat<\/td>\n<\/tr>\n<tr>\n<td style=\"background-color: #e4e1e1; color: #333333; font-family: inherit; font-size: 14px; font-weight: bold; overflow: hidden; padding: 5px 5px; text-align: right; vertical-align: top; word-break: normal; border: 1px solid;\">Painorajoitus<\/td>\n<td style=\"font-family: inherit; font-size: 14px; overflow: hidden; padding: 5px 5px; text-align: center; vertical-align: top; word-break: normal; border: 1px solid;\">100kg<\/td>\n<\/tr>\n<tr>\n<td style=\"background-color: #e4e1e1; color: #333333; font-family: inherit; font-size: 14px; font-weight: bold; overflow: hidden; padding: 5px 5px; text-align: right; vertical-align: top; word-break: normal; border: 1px solid;\">Materiaali<\/td>\n<td style=\"font-family: inherit; font-size: 14px; overflow: hidden; padding: 5px 5px; text-align: center; vertical-align: top; word-break: normal; border: 1px solid;\">6061 alumiinirunko<\/td>\n<\/tr>\n<\/tbody>\n<\/table>\n","protected":false},"excerpt":{"rendered":"<p style=\"caret-color: #000000; color: #000000;\"><a href=\"http:\/\/www.xn--tuksimaailm-ffb.ee\/kontakt\/\"><strong>L\u00f6ysitk\u00f6 paremman hinnan?<\/strong><\/a>\u00a0<a href=\"http:\/\/www.xn--tuksimaailm-ffb.ee\/kontakt\/\"><strong>Kirjoita meille, niin teemme sinulle paremman tarjouksen!<\/strong><\/a><\/p>\n<p style=\"caret-color: #000000; color: #000000;\"><strong>Kaikki\u00a0<\/strong><a href=\"http:\/\/www.xn--tuksimaailm-ffb.ee\/tootekategooria\/lisavarustus\/\"><strong>lis\u00e4varusteet<\/strong><\/a><strong>\u00a0ja\u00a0<\/strong><a href=\"http:\/\/www.xn--tuksimaailm-ffb.ee\/tootekategooria\/elektritoukeratta-varuosad\/\"><strong>varaosat<\/strong><\/a><strong>\u00a0ovat -20%, kun ne ostetaan s\u00e4hk\u00f6potkulaudan kanssa .<\/strong>\u00a0<strong>Alennus otetaan automaattisesti k\u00e4ytt\u00f6\u00f6n, kun lis\u00e4\u00e4t sen ostoskoriin!<\/strong><\/p>\n<p style=\"caret-color: #000000; color: #000000;\"><strong><em>Toimitusaika: TBD<\/em><\/strong><\/p>\n","protected":false},"featured_media":25285,"template":"","meta":[],"product_brand":[],"product_cat":[926],"product_tag":[],"filter_elektritoukeratas":[],"class_list":{"0":"post-50331","1":"product","2":"type-product","3":"status-publish","4":"has-post-thumbnail","6":"product_cat-sahkopotkulaudat-fi","7":"pa_aku-mahutavus-wh-648-fi","8":"pa_kaal-kg-26-fi","9":"pa_kandevoime-kg-100-fi","10":"pa_labisoit-arvutuslik-km-57-fi","11":"pa_mootorite-arv-uhe-mootoriga-fi","12":"pa_muuja-platvormil-touksimaailm-exocool-ou-fi","13":"pa_piiramata-tippkiirus-kmh-25-fi","14":"pa_tootetuup-elektritoukeratas-fi","15":"pa_valmistaja-apollo-fi","16":"pa_voimsus-w-500-fi","18":"first","19":"outofstock","20":"taxable","21":"shipping-taxable","22":"purchasable","23":"product-type-simple"},"yoast_head":"<!-- This site is optimized with the Yoast SEO Premium plugin v26.8 (Yoast SEO v27.5) - https:\/\/yoast.com\/product\/yoast-seo-premium-wordpress\/ -->\n<title>Apollo City s\u00e4hk\u00f6potkulauta | \u00dclistiilne Linnat\u00f5uks | T\u00f5uksimaailm<\/title>\n<meta name=\"description\" content=\"Apollo City elektrit\u00f5ukeratas. Stiilse v\u00e4limusega, suunatuledega, 500W mootori ja IP56 kaitseastmega elektriline t\u00f5ukeratas. Apollo elektrit\u00f5ukerattad.\" \/>\n<meta name=\"robots\" content=\"index, follow, max-snippet:-1, max-image-preview:large, max-video-preview:-1\" \/>\n<link rel=\"canonical\" href=\"https:\/\/www.xn--tuksimaailm-ffb.ee\/fi\/shop\/apollo-city-sahkopotkulauta\/\" \/>\n<meta property=\"og:locale\" content=\"fi_FI\" \/>\n<meta property=\"og:type\" content=\"article\" \/>\n<meta property=\"og:title\" content=\"Apollo City s\u00e4hk\u00f6potkulauta\" \/>\n<meta property=\"og:description\" content=\"Apollo City elektrit\u00f5ukeratas. Stiilse v\u00e4limusega, suunatuledega, 500W mootori ja IP56 kaitseastmega elektriline t\u00f5ukeratas. Apollo elektrit\u00f5ukerattad.\" \/>\n<meta property=\"og:url\" content=\"https:\/\/www.xn--tuksimaailm-ffb.ee\/fi\/shop\/apollo-city-sahkopotkulauta\/\" \/>\n<meta property=\"og:site_name\" content=\"T\u00f5uksimaailm\" \/>\n<meta property=\"article:publisher\" content=\"https:\/\/www.facebook.com\/touksimaailm\/\" \/>\n<meta property=\"og:image\" content=\"https:\/\/www.xn--tuksimaailm-ffb.ee\/wp-content\/uploads\/2022\/07\/apollo-city22-3_1920x.png\" \/>\n\t<meta property=\"og:image:width\" content=\"1056\" \/>\n\t<meta property=\"og:image:height\" content=\"1056\" \/>\n\t<meta property=\"og:image:type\" content=\"image\/png\" \/>\n<meta name=\"twitter:card\" content=\"summary_large_image\" \/>\n<meta name=\"twitter:label1\" content=\"Hinta\" \/>\n\t<meta name=\"twitter:data1\" content=\"&euro;1,299.00\" \/>\n\t<meta name=\"twitter:label2\" content=\"Saatavuus\" \/>\n\t<meta name=\"twitter:data2\" content=\"Loppu varastosta\" \/>\n<meta property=\"product:price:amount\" content=\"1299.00\" \/>\n<meta property=\"product:price:currency\" content=\"EUR\" \/>\n<meta property=\"og:availability\" content=\"out of stock\" \/>\n<meta property=\"product:availability\" content=\"out of stock\" \/>\n<meta property=\"product:condition\" content=\"new\" \/>\n<!-- \/ Yoast SEO Premium plugin. -->","yoast_head_json":{"title":"Apollo City s\u00e4hk\u00f6potkulauta | \u00dclistiilne Linnat\u00f5uks | T\u00f5uksimaailm","description":"Apollo City elektrit\u00f5ukeratas. Stiilse v\u00e4limusega, suunatuledega, 500W mootori ja IP56 kaitseastmega elektriline t\u00f5ukeratas. Apollo elektrit\u00f5ukerattad.","robots":{"index":"index","follow":"follow","max-snippet":"max-snippet:-1","max-image-preview":"max-image-preview:large","max-video-preview":"max-video-preview:-1"},"canonical":"https:\/\/www.xn--tuksimaailm-ffb.ee\/fi\/shop\/apollo-city-sahkopotkulauta\/","og_locale":"fi_FI","og_type":"article","og_title":"Apollo City s\u00e4hk\u00f6potkulauta","og_description":"Apollo City elektrit\u00f5ukeratas. Stiilse v\u00e4limusega, suunatuledega, 500W mootori ja IP56 kaitseastmega elektriline t\u00f5ukeratas. Apollo elektrit\u00f5ukerattad.","og_url":"https:\/\/www.xn--tuksimaailm-ffb.ee\/fi\/shop\/apollo-city-sahkopotkulauta\/","og_site_name":"T\u00f5uksimaailm","article_publisher":"https:\/\/www.facebook.com\/touksimaailm\/","og_image":[{"width":1056,"height":1056,"url":"https:\/\/www.xn--tuksimaailm-ffb.ee\/wp-content\/uploads\/2022\/07\/apollo-city22-3_1920x.png","type":"image\/png"}],"twitter_card":"summary_large_image","twitter_misc":{"Hinta":"&euro;1,299.00","Saatavuus":"Loppu varastosta"},"schema":{"@context":"https:\/\/schema.org","@graph":[{"@type":"WebPage","@id":"https:\/\/www.xn--tuksimaailm-ffb.ee\/fi\/shop\/apollo-city-sahkopotkulauta\/","url":"https:\/\/www.xn--tuksimaailm-ffb.ee\/fi\/shop\/apollo-city-sahkopotkulauta\/","name":"Apollo City s\u00e4hk\u00f6potkulauta | \u00dclistiilne Linnat\u00f5uks | T\u00f5uksimaailm","isPartOf":{"@id":"https:\/\/www.xn--tuksimaailm-ffb.ee\/fi\/#website"},"primaryImageOfPage":{"@id":"https:\/\/www.xn--tuksimaailm-ffb.ee\/fi\/shop\/apollo-city-sahkopotkulauta\/#primaryimage"},"image":{"@id":"https:\/\/www.xn--tuksimaailm-ffb.ee\/fi\/shop\/apollo-city-sahkopotkulauta\/#primaryimage"},"thumbnailUrl":"https:\/\/www.xn--tuksimaailm-ffb.ee\/wp-content\/uploads\/2022\/07\/apollo-city22-3_1920x.png","datePublished":"2022-07-27T09:26:14+00:00","description":"Apollo City elektrit\u00f5ukeratas. Stiilse v\u00e4limusega, suunatuledega, 500W mootori ja IP56 kaitseastmega elektriline t\u00f5ukeratas. Apollo elektrit\u00f5ukerattad.","breadcrumb":{"@id":"https:\/\/www.xn--tuksimaailm-ffb.ee\/fi\/shop\/apollo-city-sahkopotkulauta\/#breadcrumb"},"inLanguage":"fi","potentialAction":[{"@type":"ReadAction","target":["https:\/\/www.xn--tuksimaailm-ffb.ee\/fi\/shop\/apollo-city-sahkopotkulauta\/"]}]},{"@type":"ImageObject","inLanguage":"fi","@id":"https:\/\/www.xn--tuksimaailm-ffb.ee\/fi\/shop\/apollo-city-sahkopotkulauta\/#primaryimage","url":"https:\/\/www.xn--tuksimaailm-ffb.ee\/wp-content\/uploads\/2022\/07\/apollo-city22-3_1920x.png","contentUrl":"https:\/\/www.xn--tuksimaailm-ffb.ee\/wp-content\/uploads\/2022\/07\/apollo-city22-3_1920x.png","width":1056,"height":1056},{"@type":"BreadcrumbList","@id":"https:\/\/www.xn--tuksimaailm-ffb.ee\/fi\/shop\/apollo-city-sahkopotkulauta\/#breadcrumb","itemListElement":[{"@type":"ListItem","position":1,"name":"Home","item":"https:\/\/www.xn--tuksimaailm-ffb.ee\/fi\/kotisivu\/"},{"@type":"ListItem","position":2,"name":"Kauppa","item":"https:\/\/www.xn--tuksimaailm-ffb.ee\/elektritoukerataste-pood\/"},{"@type":"ListItem","position":3,"name":"Apollo City s\u00e4hk\u00f6potkulauta"}]},{"@type":"WebSite","@id":"https:\/\/www.xn--tuksimaailm-ffb.ee\/fi\/#website","url":"https:\/\/www.xn--tuksimaailm-ffb.ee\/fi\/","name":"T\u00f5uksimaailm","description":"Elektrit\u00f5ukerataste m\u00fc\u00fck, remont ja rent","publisher":{"@id":"https:\/\/www.xn--tuksimaailm-ffb.ee\/fi\/#organization"},"potentialAction":[{"@type":"SearchAction","target":{"@type":"EntryPoint","urlTemplate":"https:\/\/www.xn--tuksimaailm-ffb.ee\/fi\/?s={search_term_string}"},"query-input":{"@type":"PropertyValueSpecification","valueRequired":true,"valueName":"search_term_string"}}],"inLanguage":"fi"},{"@type":"Organization","@id":"https:\/\/www.xn--tuksimaailm-ffb.ee\/fi\/#organization","name":"T\u00f5uksimaailm","url":"https:\/\/www.xn--tuksimaailm-ffb.ee\/fi\/","logo":{"@type":"ImageObject","inLanguage":"fi","@id":"https:\/\/www.xn--tuksimaailm-ffb.ee\/fi\/#\/schema\/logo\/image\/","url":"https:\/\/www.xn--tuksimaailm-ffb.ee\/wp-content\/uploads\/2020\/01\/logoz-e1579792875517.png","contentUrl":"https:\/\/www.xn--tuksimaailm-ffb.ee\/wp-content\/uploads\/2020\/01\/logoz-e1579792875517.png","width":250,"height":250,"caption":"T\u00f5uksimaailm"},"image":{"@id":"https:\/\/www.xn--tuksimaailm-ffb.ee\/fi\/#\/schema\/logo\/image\/"},"sameAs":["https:\/\/www.facebook.com\/touksimaailm\/","https:\/\/www.instagram.com\/touksimaailm_\/","https:\/\/www.youtube.com\/channel\/UC18ml0EKIDLP1xGuQjFzcXQ"]}]},"product_price_amount":"1299.00","product_price_currency":"EUR","og_availability":"out of stock","product_availability":"out of stock","product_condition":"new"},"jetpack_sharing_enabled":true,"_links":{"self":[{"href":"https:\/\/www.xn--tuksimaailm-ffb.ee\/fi\/wp-json\/wp\/v2\/product\/50331","targetHints":{"allow":["GET"]}}],"collection":[{"href":"https:\/\/www.xn--tuksimaailm-ffb.ee\/fi\/wp-json\/wp\/v2\/product"}],"about":[{"href":"https:\/\/www.xn--tuksimaailm-ffb.ee\/fi\/wp-json\/wp\/v2\/types\/product"}],"wp:featuredmedia":[{"embeddable":true,"href":"https:\/\/www.xn--tuksimaailm-ffb.ee\/fi\/wp-json\/wp\/v2\/media\/25285"}],"wp:attachment":[{"href":"https:\/\/www.xn--tuksimaailm-ffb.ee\/fi\/wp-json\/wp\/v2\/media?parent=50331"}],"wp:term":[{"taxonomy":"product_brand","embeddable":true,"href":"https:\/\/www.xn--tuksimaailm-ffb.ee\/fi\/wp-json\/wp\/v2\/product_brand?post=50331"},{"taxonomy":"product_cat","embeddable":true,"href":"https:\/\/www.xn--tuksimaailm-ffb.ee\/fi\/wp-json\/wp\/v2\/product_cat?post=50331"},{"taxonomy":"product_tag","embeddable":true,"href":"https:\/\/www.xn--tuksimaailm-ffb.ee\/fi\/wp-json\/wp\/v2\/product_tag?post=50331"},{"taxonomy":"filter_elektritoukeratas","embeddable":true,"href":"https:\/\/www.xn--tuksimaailm-ffb.ee\/fi\/wp-json\/wp\/v2\/filter_elektritoukeratas?post=50331"}],"curies":[{"name":"wp","href":"https:\/\/api.w.org\/{rel}","templated":true}]}}