{"id":50352,"date":"2022-07-23T08:26:41","date_gmt":"2022-07-23T05:26:41","guid":{"rendered":"http:\/\/www.xn--tuksimaailm-ffb.ee\/shop\/apollo-city-pro-sahkopotkulauta\/"},"modified":"2022-07-23T08:26:41","modified_gmt":"2022-07-23T05:26:41","slug":"apollo-city-pro-sahkopotkulauta","status":"publish","type":"product","link":"https:\/\/www.xn--tuksimaailm-ffb.ee\/fi\/shop\/apollo-city-pro-sahkopotkulauta\/","title":{"rendered":"Apollo City Pro s\u00e4hk\u00f6potkulauta"},"content":{"rendered":"<h2 style=\"box-sizing: inherit; overflow-wrap: break-word; margin-top: 0px; margin-bottom: 1.5em; padding: 0px; border: 0px; font-variant-numeric: inherit; font-variant-east-asian: inherit; font-weight: 400; font-stretch: inherit; font-size: 1em; line-height: 1.2; color: #162521; text-transform: uppercase; letter-spacing: 2px; text-align: center;\">APOLLO CITY PRO S\u00c4HK\u00d6POTKULAUTA \u2013 TUOTEKUVAUS<\/h2>\n<p><span style=\"text-align: justify;\">Apollo City Pro on tehokkain (2x500W) ja parhaiten kiihtyv\u00e4 kaksipy\u00f6r\u00e4vetoinen (2WD) katu-oikeutettu s\u00e4hk\u00f6skootteri, joka t\u00e4ytt\u00e4\u00e4 Viron lain mukaan kevyen jalankulku-\/s\u00e4hk\u00f6skootterin kelpoisuusehdot ja saa siten ajaa samassa ymp\u00e4rist\u00f6ss\u00e4 kuin jalankulkijat - jalkak\u00e4yt\u00e4v\u00e4ll\u00e4, py\u00f6r\u00e4kaistoilla ja kevyen liikenteen v\u00e4ylill\u00e4. S\u00e4hk\u00f6skootteri on Apollo-malliston parhaiten suunniteltu ja laadukkain malli sek\u00e4 City-malli, jossa on suurin akkukapasiteetti. City Pro on kanadalaisen Apollo-merkin tyylikk\u00e4\u00e4sti muotoiltu s\u00e4hk\u00f6skootteri, jossa on laaja valikoima ainutlaatuisia ominaisuuksia. S\u00e4hk\u00f6skootteri sopii henkil\u00f6lle, joka haluaa keskikokoisen katuk\u00e4ytt\u00f6\u00f6n soveltuvan s\u00e4hk\u00f6skootterin jokap\u00e4iv\u00e4iseen k\u00e4ytt\u00f6\u00f6n, jolla on erinomainen suorituskyky, erinomainen vedenkest\u00e4vyys (IP56) ja joka sopii erinomaisesti ymp\u00e4rivuotiseen k\u00e4ytt\u00f6\u00f6n Viron ilmastossa.<\/span><\/p>\n<h2 style=\"text-align: center;\">APOLLO CITY PRO | S\u00c4HK\u00d6SKOOTTERI, JOSSA ON ERINOMAINEN AJOMUKAVUUS JA MUOTOILU<\/h2>\n<p style=\"caret-color: #000000; color: #000000;\">City PRO on suorituskykyinen katu-oikeutettu s\u00e4hk\u00f6skootteri, joka on suunniteltu k\u00e4ytt\u00e4en kaikkea sen isoveljen, Apollo Phantom V2:n, kehityksest\u00e4 saatua viisautta. City PRO suunniteltiin tarjoamaan parasta ajomukavuutta keskikokoisessa katu-oikeudellisessa s\u00e4hk\u00f6skootterissa, joka on my\u00f6s kest\u00e4v\u00e4 ja jonka muotoilu on selv\u00e4sti l\u00e4nsimainen - symmetrinen, kaunis mutta minimalistisen n\u00e4k\u00f6inen ja mukava ajaa pidemmille eurooppalaisille ja amerikkalaisille. Erinomaisen ajomukavuuden lis\u00e4ksi Apollo City PRO -s\u00e4hk\u00f6skootteri on varustettu useilla lis\u00e4varusteilla ja kahdella moottorilla. City PRO:ssa on kaksi\u00a0<strong>500 W:n<\/strong>\u00a0moottoria. T\u00e4m\u00e4 tarkoittaa\u00a0<strong>1000W<\/strong>\u00a0kokonaistehoa ja jopa\u00a0<strong>25km\/h<\/strong>\u00a0nopeutta . Moottorit saavat virtansa korkeaj\u00e4nnitteisest\u00e4 48V akusta, jonka kapasiteetti on 18Ah.<\/p>\n<p>Cityn taitto-\/purkumekanismi on intuitiivinen k\u00e4ytt\u00e4\u00e4, ja se on rakennettu sulkeutumaan\/lukittumaan tiukasti, joten siin\u00e4 ei ole mit\u00e4\u00e4n heilumista, joka on yleist\u00e4 monissa s\u00e4hk\u00f6skoottereissa. City PRO -skootteri on my\u00f6s k\u00e4tev\u00e4 kuljettaa, sill\u00e4 linssiputken lis\u00e4ksi jalustasta ulos ulottuvasta jalkatuesta voi tarttua kiinni.<\/p>\n<p><span style=\"text-align: justify;\">City PRO -s\u00e4hk\u00f6skootteri on ihanteellinen vaihtoehto v\u00e4rikk\u00e4ille Vsett- ja RGB LED Dualtron -malleille.<\/span><\/p>\n<p><iframe title=\"Apollo City Pro Review - Most Integrated Electric Scooter\" width=\"1082\" height=\"609\" src=\"https:\/\/www.youtube.com\/embed\/W9h62CygK0s?start=377&feature=oembed\" frameborder=\"0\" allow=\"accelerometer; autoplay; clipboard-write; encrypted-media; gyroscope; picture-in-picture; web-share\" referrerpolicy=\"strict-origin-when-cross-origin\" allowfullscreen><\/iframe><\/p>\n<h2 style=\"text-align: center;\">TURVALLINEN JA MUKAVA AJO\u00a0<\/h2>\n<p>City PRO:ssa on kolmijousiset iskunvaimentimet kahden jousen sijaan, mik\u00e4 takaa hyv\u00e4n pidon ja erinomaisen ajokokemuksen. Apollo City PRO:lla ajaminen Tallinnan kaupunkikaduilla on my\u00f6s nautinnollista ja esteiden ylitt\u00e4minen on vaivatonta. Samoin kuin Segway Ninebot Max -malleissa, my\u00f6s s\u00e4hk\u00f6potkulauta on varustettu 10-tuumaisilla puhkeamattomilla renkailla, joten s\u00e4hk\u00f6potkulautan juuttuminen tielle on eritt\u00e4in ep\u00e4todenn\u00e4k\u00f6ist\u00e4.<\/p>\n<p>Kuljettajan turvallisuuden vuoksi s\u00e4hk\u00f6inen skootteri on varustettu rumpujarruilla. Rumpujarrut vaativat v\u00e4hemm\u00e4n huoltoa ja ovat paremmin suojattuja ulkoisilta ymp\u00e4rist\u00f6vaikutuksilta. Muiden k\u00e4ytt\u00e4jien turvallisuuden vuoksi skootteri on varustettu my\u00f6s suuntavilkuilla, joiden avulla voi ilmoittaa aikeistaan muille jo ennen liikkeellel\u00e4ht\u00f6\u00e4.<\/p>\n<p>City PRO on todellinen ty\u00f6hevonen, ja se voi kuljettaa jopa 120 kg painavaa kuljettajaa ilman merkitt\u00e4v\u00e4\u00e4 suorituskyvyn heikkenemist\u00e4 - painosta tai pituudesta riippumatta Apollo City PRO on suunniteltu pidempi\u00e4 ihmisi\u00e4 ajatellen. Ohjauspy\u00f6r\u00e4n 105 cm:n korkeus tarkoittaa, ett\u00e4 jopa 2 metri\u00e4 pitk\u00e4t kuljettajat voivat ajaa mukavasti.<\/p>\n<h2 style=\"text-align: center;\">TEKNINEN KUVAUS<\/h2>\n<p style=\"caret-color: #000000; color: #000000;\">Yhdell\u00e4 latauksella 25km\/h nopeudella ja 70kg painava kuljettaja, joka ajaa tasaisesti, voi kulkea\u00a0<strong>jopa 60km<\/strong>ihanteellisissa olosuhteissa. City PRO on varustettu rumpujarruilla\u00a0<strong>edess\u00e4 ja takana.<\/strong>\u00a0Levyjarruihin verrattuna rumpujarrut vaativat v\u00e4hemm\u00e4n s\u00e4\u00e4t\u00f6\u00e4 ja huoltoa, ja ne ovat my\u00f6s suojattu likaa ja vett\u00e4 vastaan. Rumpujarrujen lis\u00e4ksi City PRO:ssa on my\u00f6s elektroninen jarru. S\u00e4hk\u00f6potkulautaa voidaan jarruttaa my\u00f6s moottorilla (s\u00e4hk\u00f6jarru), joka aktivoidaan painamalla vasenta poljinta peukalolla. S\u00e4hk\u00f6potkulauta on varustettu suurikapasiteettisella\u00a0<strong>48V\/18Ah<\/strong>akulla. Akun t\u00e4yteen lataaminen 0-100 %:sta kest\u00e4\u00e4\u00a0<strong>vain 6 tuntia<\/strong>\u00a03A-laturilla. City PRO -s\u00e4hk\u00f6skootteri on varustettu etuvalaisimella LED-valolla pime\u00e4\u00e4 aikaa varten ja tehd\u00e4ksesi itsest\u00e4si n\u00e4kyv\u00e4mm\u00e4n kanssapy\u00f6r\u00e4ilij\u00f6ille. Kaiken edell\u00e4 mainitun lis\u00e4ksi Apollo City PRO:lla on korkea IP-luokitus IP56, mik\u00e4 tarkoittaa, ett\u00e4 skootteri on suojattu p\u00f6lylt\u00e4 ja korkealta vedenpaineelta kaikista kulmista.<\/p>\n<h2 style=\"text-align: center;\">APOLLO CITY PRO T\u00d5UKSIMAAILMASSA<\/h2>\n<p style=\"caret-color: #000000; color: #000000;\"><strong>Kun ostat City PRO -s\u00e4hk\u00f6skootterisi liikkeest\u00e4mme, saat:<\/strong><\/p>\n<ul>\n<li>Kun ostat s\u00e4hk\u00f6skootterin, saat\u00a0<strong>kaikki\u00a0<\/strong><a href=\"http:\/\/www.xn--tuksimaailm-ffb.ee\/tootekategooria\/lisavarustus\/\"><strong>lis\u00e4varusteet<\/strong><\/a><strong>\u00a0-20 %:lla.<\/strong><\/li>\n<\/ul>\n<p>Valikoima lis\u00e4varusteita City PRO:lle:<\/p>\n<ul>\n<li><a href=\"http:\/\/www.xn--tuksimaailm-ffb.ee\/shop\/vaga-suur-elektritoukeratta-lenksukott-must-8l\/\">Eritt\u00e4in suuri vedenpit\u00e4v\u00e4 linssilaukku<\/a><\/li>\n<li><a href=\"http:\/\/www.xn--tuksimaailm-ffb.ee\/shop\/kompaktne-lulilukk-abus-bordo-5700-must\/\">Kompakti kytkinlukko<\/a><\/li>\n<\/ul>\n<p style=\"caret-color: #000000; color: #000000;\">Voit tutustua City PRO -s\u00e4hk\u00f6skootteriin\u00a0<a href=\"http:\/\/www.xn--tuksimaailm-ffb.ee\/kontakt\/\"><strong>esittelytilassamme<\/strong><\/a>. Suosittelemme, ett\u00e4 k\u00e4yt\u00e4t aina\u00a0<a href=\"http:\/\/www.xn--tuksimaailm-ffb.ee\/shop\/elektrilise-toukeratta-kiiver-led-tagatulega-smart-4u\/\">kyp\u00e4r\u00e4\u00e4<\/a>, kun ajat s\u00e4hk\u00f6skootterilla. Alle 16-vuotiaiden kuljettajien on\u00a0<a href=\"https:\/\/www.riigiteataja.ee\/akt\/113112020001\">lain<\/a>\u00a0mukaan k\u00e4ytett\u00e4v\u00e4 kyp\u00e4r\u00e4\u00e4 s\u00e4hk\u00f6skootterilla ajettaessa.<\/p>\n<p style=\"caret-color: #000000; color: #000000;\"><strong>Apollo City Pro -s\u00e4hk\u00f6skootteri on Viron liikennelain mukainen katulain mukainen kevytskootteri, jonka valmistajan teho on 1000 W ja valmistajan nopeus 25 km\/h.<\/strong>\u00a0<strong>HUOM: Jos k\u00e4ytt\u00e4j\u00e4 on itsen\u00e4isesti muuttanut s\u00e4hk\u00f6potkulautaa nopeammaksi tai tehokkaammaksi kuin edell\u00e4 mainitut parametrit, T\u00f5uksimaailm ei ole vastuussa lain rikkomisesta aiheutuvista sakoista, s\u00e4hk\u00f6potkulautan takavarikoimisesta poliisin toimesta tai mist\u00e4\u00e4n muustakaan rikkomisesta aiheutuneesta vahingosta.<\/strong><\/p>\n<table class=\"tg\" style=\"border-collapse: collapse; max-width: 600px; border-spacing: 0; margin: 0px auto;\">\n<tbody>\n<tr>\n<td style=\"background-color: #e4e1e1; color: #333333; font-family: inherit; font-size: 14px; font-weight: bold; overflow: hidden; padding: 5px 5px; text-align: center; vertical-align: top; word-break: normal; border: 1px solid;\" colspan=\"2\">Tekniset tiedot<\/td>\n<\/tr>\n<tr>\n<td style=\"background-color: #e4e1e1; color: #333333; font-family: inherit; font-size: 14px; font-weight: bold; overflow: hidden; padding: 5px 5px; text-align: right; vertical-align: top; word-break: normal; border: 1px solid;\">Paino<\/td>\n<td style=\"font-family: inherit; font-size: 14px; overflow: hidden; padding: 5px 5px; text-align: center; vertical-align: top; word-break: normal; border: 1px solid;\">30kg<\/td>\n<\/tr>\n<tr>\n<td style=\"background-color: #e4e1e1; color: #333333; font-family: inherit; font-size: 14px; font-weight: bold; overflow: hidden; padding: 5px 5px; text-align: right; vertical-align: top; word-break: normal; border: 1px solid;\">Nopeus<\/td>\n<td style=\"font-family: inherit; font-size: 14px; overflow: hidden; padding: 5px 5px; text-align: center; vertical-align: top; word-break: normal; border: 1px solid;\">25km\/h<\/td>\n<\/tr>\n<tr>\n<td style=\"background-color: #e4e1e1; color: #333333; font-family: inherit; font-size: 14px; font-weight: bold; overflow: hidden; padding: 5px 5px; text-align: right; vertical-align: top; word-break: normal; border: 1px solid;\">Akku<\/td>\n<td style=\"font-family: inherit; font-size: 14px; overflow: hidden; padding: 5px 5px; text-align: center; vertical-align: top; word-break: normal; border: 1px solid;\">48V \/ 18Ah \/ 864Wh<\/td>\n<\/tr>\n<tr>\n<td style=\"background-color: #e4e1e1; color: #333333; font-family: inherit; font-size: 14px; font-weight: bold; overflow: hidden; padding: 5px 5px; text-align: right; vertical-align: top; word-break: normal; border: 1px solid;\">Moottori<\/td>\n<td style=\"font-family: inherit; font-size: 14px; overflow: hidden; padding: 5px 5px; text-align: center; vertical-align: top; word-break: normal; border: 1px solid;\">2x500W<\/td>\n<\/tr>\n<tr>\n<td style=\"background-color: #e4e1e1; color: #333333; font-family: inherit; font-size: 14px; font-weight: bold; overflow: hidden; padding: 5px 5px; text-align: right; vertical-align: top; word-break: normal; border: 1px solid;\">Vedenpit\u00e4vyys<\/td>\n<td style=\"font-family: inherit; font-size: 14px; overflow: hidden; padding: 5px 5px; text-align: center; vertical-align: top; word-break: normal; border: 1px solid;\">IP56<\/td>\n<\/tr>\n<tr>\n<td style=\"background-color: #e4e1e1; color: #333333; font-family: inherit; font-size: 14px; font-weight: bold; overflow: hidden; padding: 5px 5px; text-align: right; vertical-align: top; word-break: normal; border: 1px solid;\">Latausaika<\/td>\n<td style=\"font-family: inherit; font-size: 14px; overflow: hidden; padding: 5px 5px; text-align: center; vertical-align: top; word-break: normal; border: 1px solid;\">6h<\/td>\n<\/tr>\n<tr>\n<td style=\"background-color: #e4e1e1; color: #333333; font-family: inherit; font-size: 14px; font-weight: bold; overflow: hidden; padding: 5px 5px; text-align: right; vertical-align: top; word-break: normal; border: 1px solid;\"><strong style=\"caret-color: #000000; color: #000000; text-align: start; font-family: inherit;\">Ajomatka (valmistajan m\u00e4\u00e4rittely) <br \/>Laskettu ajomatka<\/strong><\/td>\n<td style=\"font-family: inherit; font-size: 14px; overflow: hidden; padding: 5px 5px; text-align: center; vertical-align: top; word-break: normal; border: 1px solid;\">\u00a060km<br \/>57km (25km\/h, 70kg kuljettaja, 15Wh\/km)<\/td>\n<\/tr>\n<tr>\n<td style=\"background-color: #e4e1e1; color: #333333; font-family: inherit; font-size: 14px; font-weight: bold; overflow: hidden; padding: 5px 5px; text-align: right; vertical-align: top; word-break: normal; border: 1px solid;\">Valot<\/td>\n<td style=\"font-family: inherit; font-size: 14px; overflow: hidden; padding: 5px 5px; text-align: center; vertical-align: top; word-break: normal; border: 1px solid;\">LED ajovalot ja takasuuntavalot<\/td>\n<\/tr>\n<tr>\n<td style=\"background-color: #e4e1e1; color: #333333; font-family: inherit; font-size: 14px; font-weight: bold; overflow: hidden; padding: 5px 5px; text-align: right; vertical-align: top; word-break: normal; border: 1px solid;\">Jarrut<\/td>\n<td style=\"font-family: inherit; font-size: 14px; overflow: hidden; padding: 5px 5px; text-align: center; vertical-align: top; word-break: normal; border: 1px solid;\">etu- ja takarumpujarru<\/td>\n<\/tr>\n<tr>\n<td style=\"background-color: #e4e1e1; color: #333333; font-family: inherit; font-size: 14px; font-weight: bold; overflow: hidden; padding: 5px 5px; text-align: right; vertical-align: top; word-break: normal; border: 1px solid;\">Renkaat<\/td>\n<td style=\"font-family: inherit; font-size: 14px; overflow: hidden; padding: 5px 5px; text-align: center; vertical-align: top; word-break: normal; border: 1px solid;\">10\u2033 puhkeamattomia letkuttomia renkaita<\/td>\n<\/tr>\n<tr>\n<td style=\"background-color: #e4e1e1; color: #333333; font-family: inherit; font-size: 14px; font-weight: bold; overflow: hidden; padding: 5px 5px; text-align: right; vertical-align: top; word-break: normal; border: 1px solid;\">Painorajoitus<\/td>\n<td style=\"font-family: inherit; font-size: 14px; overflow: hidden; padding: 5px 5px; text-align: center; vertical-align: top; word-break: normal; border: 1px solid;\">120kg<\/td>\n<\/tr>\n<tr>\n<td style=\"background-color: #e4e1e1; color: #333333; font-family: inherit; font-size: 14px; font-weight: bold; overflow: hidden; padding: 5px 5px; text-align: right; vertical-align: top; word-break: normal; border: 1px solid;\">Materiali<\/td>\n<td style=\"font-family: inherit; font-size: 14px; overflow: hidden; padding: 5px 5px; text-align: center; vertical-align: top; word-break: normal; border: 1px solid;\">6061 alumiinirunko<\/td>\n<\/tr>\n<\/tbody>\n<\/table>\n","protected":false},"excerpt":{"rendered":"<p style=\"caret-color: #000000; color: #000000;\"><a href=\"http:\/\/www.xn--tuksimaailm-ffb.ee\/kontakt\/\"><strong>L\u00f6ysitk\u00f6 paremman hinnan?<\/strong><\/a>\u00a0<a href=\"http:\/\/www.xn--tuksimaailm-ffb.ee\/kontakt\/\"><strong>Kirjoita meille, niin teemme sinulle paremman tarjouksen!<\/strong><\/a><\/p>\n<p style=\"caret-color: #000000; color: #000000;\"><strong>Kaikki\u00a0<\/strong><a href=\"http:\/\/www.xn--tuksimaailm-ffb.ee\/tootekategooria\/lisavarustus\/\"><strong>lis\u00e4varusteet<\/strong><\/a><strong>\u00a0ja\u00a0<\/strong><a href=\"http:\/\/www.xn--tuksimaailm-ffb.ee\/tootekategooria\/elektritoukeratta-varuosad\/\"><strong>varaosat<\/strong><\/a><strong>\u00a0ovat -20%, kun ne ostetaan s\u00e4hk\u00f6potkulaudan kanssa .<\/strong>\u00a0<strong>Alennus otetaan automaattisesti k\u00e4ytt\u00f6\u00f6n, kun lis\u00e4\u00e4t sen ostoskoriin!<\/strong><\/p>\n<p style=\"caret-color: #000000; color: #000000;\"><strong><em>Toimitusaika: TBD<\/em><\/strong><\/p>\n","protected":false},"featured_media":25285,"template":"","meta":[],"product_brand":[],"product_cat":[926],"product_tag":[],"filter_elektritoukeratas":[],"class_list":{"0":"post-50352","1":"product","2":"type-product","3":"status-publish","4":"has-post-thumbnail","6":"product_cat-sahkopotkulaudat-fi","7":"pa_aku-mahutavus-wh-864-fi","8":"pa_kaal-kg-30-fi","9":"pa_kandevoime-kg-120-fi","10":"pa_labisoit-arvutuslik-km-57-fi","11":"pa_mootorite-arv-kahdella-moottorilla","12":"pa_muuja-platvormil-touksimaailm-exocool-ou-fi","13":"pa_piiramata-tippkiirus-kmh-25-fi","14":"pa_tootetuup-elektritoukeratas-fi","15":"pa_valmistaja-apollo-fi","16":"pa_voimsus-w-1000-fi","18":"first","19":"outofstock","20":"taxable","21":"shipping-taxable","22":"purchasable","23":"product-type-simple"},"yoast_head":"<!-- This site is optimized with the Yoast SEO Premium plugin v26.8 (Yoast SEO v27.5) - https:\/\/yoast.com\/product\/yoast-seo-premium-wordpress\/ -->\n<title>Apollo City Pro s\u00e4hk\u00f6potkulauta | Kanada Kvaliteet | T\u00f5uksimaailm<\/title>\n<meta name=\"description\" content=\"Apollo City PRO elektrit\u00f5ukeratas. Stiilse v\u00e4limusega, suunatuledega ja 2x500W mootoritega t\u00e4navalegaalne elektriline t\u00f5ukeratas.\" \/>\n<meta name=\"robots\" content=\"index, follow, max-snippet:-1, max-image-preview:large, max-video-preview:-1\" \/>\n<link rel=\"canonical\" href=\"https:\/\/www.xn--tuksimaailm-ffb.ee\/fi\/shop\/apollo-city-pro-sahkopotkulauta\/\" \/>\n<meta property=\"og:locale\" content=\"fi_FI\" \/>\n<meta property=\"og:type\" content=\"article\" \/>\n<meta property=\"og:title\" content=\"Apollo City Pro s\u00e4hk\u00f6potkulauta\" \/>\n<meta property=\"og:description\" content=\"Apollo City PRO elektrit\u00f5ukeratas. Stiilse v\u00e4limusega, suunatuledega ja 2x500W mootoritega t\u00e4navalegaalne elektriline t\u00f5ukeratas.\" \/>\n<meta property=\"og:url\" content=\"https:\/\/www.xn--tuksimaailm-ffb.ee\/fi\/shop\/apollo-city-pro-sahkopotkulauta\/\" \/>\n<meta property=\"og:site_name\" content=\"T\u00f5uksimaailm\" \/>\n<meta property=\"article:publisher\" content=\"https:\/\/www.facebook.com\/touksimaailm\/\" \/>\n<meta property=\"og:image\" content=\"https:\/\/www.xn--tuksimaailm-ffb.ee\/wp-content\/uploads\/2022\/07\/apollo-city22-3_1920x.png\" \/>\n\t<meta property=\"og:image:width\" content=\"1056\" \/>\n\t<meta property=\"og:image:height\" content=\"1056\" \/>\n\t<meta property=\"og:image:type\" content=\"image\/png\" \/>\n<meta name=\"twitter:card\" content=\"summary_large_image\" \/>\n<meta name=\"twitter:label1\" content=\"Hinta\" \/>\n\t<meta name=\"twitter:data1\" content=\"&euro;1,599.00\" \/>\n\t<meta name=\"twitter:label2\" content=\"Saatavuus\" \/>\n\t<meta name=\"twitter:data2\" content=\"Loppu varastosta\" \/>\n<meta property=\"product:price:amount\" content=\"1599.00\" \/>\n<meta property=\"product:price:currency\" content=\"EUR\" \/>\n<meta property=\"og:availability\" content=\"out of stock\" \/>\n<meta property=\"product:availability\" content=\"out of stock\" \/>\n<meta property=\"product:condition\" content=\"new\" \/>\n<!-- \/ Yoast SEO Premium plugin. -->","yoast_head_json":{"title":"Apollo City Pro s\u00e4hk\u00f6potkulauta | Kanada Kvaliteet | T\u00f5uksimaailm","description":"Apollo City PRO elektrit\u00f5ukeratas. Stiilse v\u00e4limusega, suunatuledega ja 2x500W mootoritega t\u00e4navalegaalne elektriline t\u00f5ukeratas.","robots":{"index":"index","follow":"follow","max-snippet":"max-snippet:-1","max-image-preview":"max-image-preview:large","max-video-preview":"max-video-preview:-1"},"canonical":"https:\/\/www.xn--tuksimaailm-ffb.ee\/fi\/shop\/apollo-city-pro-sahkopotkulauta\/","og_locale":"fi_FI","og_type":"article","og_title":"Apollo City Pro s\u00e4hk\u00f6potkulauta","og_description":"Apollo City PRO elektrit\u00f5ukeratas. Stiilse v\u00e4limusega, suunatuledega ja 2x500W mootoritega t\u00e4navalegaalne elektriline t\u00f5ukeratas.","og_url":"https:\/\/www.xn--tuksimaailm-ffb.ee\/fi\/shop\/apollo-city-pro-sahkopotkulauta\/","og_site_name":"T\u00f5uksimaailm","article_publisher":"https:\/\/www.facebook.com\/touksimaailm\/","og_image":[{"width":1056,"height":1056,"url":"https:\/\/www.xn--tuksimaailm-ffb.ee\/wp-content\/uploads\/2022\/07\/apollo-city22-3_1920x.png","type":"image\/png"}],"twitter_card":"summary_large_image","twitter_misc":{"Hinta":"&euro;1,599.00","Saatavuus":"Loppu varastosta"},"schema":{"@context":"https:\/\/schema.org","@graph":[{"@type":"WebPage","@id":"https:\/\/www.xn--tuksimaailm-ffb.ee\/fi\/shop\/apollo-city-pro-sahkopotkulauta\/","url":"https:\/\/www.xn--tuksimaailm-ffb.ee\/fi\/shop\/apollo-city-pro-sahkopotkulauta\/","name":"Apollo City Pro s\u00e4hk\u00f6potkulauta | Kanada Kvaliteet | T\u00f5uksimaailm","isPartOf":{"@id":"https:\/\/www.xn--tuksimaailm-ffb.ee\/fi\/#website"},"primaryImageOfPage":{"@id":"https:\/\/www.xn--tuksimaailm-ffb.ee\/fi\/shop\/apollo-city-pro-sahkopotkulauta\/#primaryimage"},"image":{"@id":"https:\/\/www.xn--tuksimaailm-ffb.ee\/fi\/shop\/apollo-city-pro-sahkopotkulauta\/#primaryimage"},"thumbnailUrl":"https:\/\/www.xn--tuksimaailm-ffb.ee\/wp-content\/uploads\/2022\/07\/apollo-city22-3_1920x.png","datePublished":"2022-07-23T05:26:41+00:00","description":"Apollo City PRO elektrit\u00f5ukeratas. Stiilse v\u00e4limusega, suunatuledega ja 2x500W mootoritega t\u00e4navalegaalne elektriline t\u00f5ukeratas.","breadcrumb":{"@id":"https:\/\/www.xn--tuksimaailm-ffb.ee\/fi\/shop\/apollo-city-pro-sahkopotkulauta\/#breadcrumb"},"inLanguage":"fi","potentialAction":[{"@type":"ReadAction","target":["https:\/\/www.xn--tuksimaailm-ffb.ee\/fi\/shop\/apollo-city-pro-sahkopotkulauta\/"]}]},{"@type":"ImageObject","inLanguage":"fi","@id":"https:\/\/www.xn--tuksimaailm-ffb.ee\/fi\/shop\/apollo-city-pro-sahkopotkulauta\/#primaryimage","url":"https:\/\/www.xn--tuksimaailm-ffb.ee\/wp-content\/uploads\/2022\/07\/apollo-city22-3_1920x.png","contentUrl":"https:\/\/www.xn--tuksimaailm-ffb.ee\/wp-content\/uploads\/2022\/07\/apollo-city22-3_1920x.png","width":1056,"height":1056},{"@type":"BreadcrumbList","@id":"https:\/\/www.xn--tuksimaailm-ffb.ee\/fi\/shop\/apollo-city-pro-sahkopotkulauta\/#breadcrumb","itemListElement":[{"@type":"ListItem","position":1,"name":"Home","item":"https:\/\/www.xn--tuksimaailm-ffb.ee\/fi\/kotisivu\/"},{"@type":"ListItem","position":2,"name":"Kauppa","item":"https:\/\/www.xn--tuksimaailm-ffb.ee\/elektritoukerataste-pood\/"},{"@type":"ListItem","position":3,"name":"Apollo City Pro s\u00e4hk\u00f6potkulauta"}]},{"@type":"WebSite","@id":"https:\/\/www.xn--tuksimaailm-ffb.ee\/fi\/#website","url":"https:\/\/www.xn--tuksimaailm-ffb.ee\/fi\/","name":"T\u00f5uksimaailm","description":"Elektrit\u00f5ukerataste m\u00fc\u00fck, remont ja rent","publisher":{"@id":"https:\/\/www.xn--tuksimaailm-ffb.ee\/fi\/#organization"},"potentialAction":[{"@type":"SearchAction","target":{"@type":"EntryPoint","urlTemplate":"https:\/\/www.xn--tuksimaailm-ffb.ee\/fi\/?s={search_term_string}"},"query-input":{"@type":"PropertyValueSpecification","valueRequired":true,"valueName":"search_term_string"}}],"inLanguage":"fi"},{"@type":"Organization","@id":"https:\/\/www.xn--tuksimaailm-ffb.ee\/fi\/#organization","name":"T\u00f5uksimaailm","url":"https:\/\/www.xn--tuksimaailm-ffb.ee\/fi\/","logo":{"@type":"ImageObject","inLanguage":"fi","@id":"https:\/\/www.xn--tuksimaailm-ffb.ee\/fi\/#\/schema\/logo\/image\/","url":"https:\/\/www.xn--tuksimaailm-ffb.ee\/wp-content\/uploads\/2020\/01\/logoz-e1579792875517.png","contentUrl":"https:\/\/www.xn--tuksimaailm-ffb.ee\/wp-content\/uploads\/2020\/01\/logoz-e1579792875517.png","width":250,"height":250,"caption":"T\u00f5uksimaailm"},"image":{"@id":"https:\/\/www.xn--tuksimaailm-ffb.ee\/fi\/#\/schema\/logo\/image\/"},"sameAs":["https:\/\/www.facebook.com\/touksimaailm\/","https:\/\/www.instagram.com\/touksimaailm_\/","https:\/\/www.youtube.com\/channel\/UC18ml0EKIDLP1xGuQjFzcXQ"]}]},"product_price_amount":"1599.00","product_price_currency":"EUR","og_availability":"out of stock","product_availability":"out of stock","product_condition":"new"},"jetpack_sharing_enabled":true,"_links":{"self":[{"href":"https:\/\/www.xn--tuksimaailm-ffb.ee\/fi\/wp-json\/wp\/v2\/product\/50352","targetHints":{"allow":["GET"]}}],"collection":[{"href":"https:\/\/www.xn--tuksimaailm-ffb.ee\/fi\/wp-json\/wp\/v2\/product"}],"about":[{"href":"https:\/\/www.xn--tuksimaailm-ffb.ee\/fi\/wp-json\/wp\/v2\/types\/product"}],"wp:featuredmedia":[{"embeddable":true,"href":"https:\/\/www.xn--tuksimaailm-ffb.ee\/fi\/wp-json\/wp\/v2\/media\/25285"}],"wp:attachment":[{"href":"https:\/\/www.xn--tuksimaailm-ffb.ee\/fi\/wp-json\/wp\/v2\/media?parent=50352"}],"wp:term":[{"taxonomy":"product_brand","embeddable":true,"href":"https:\/\/www.xn--tuksimaailm-ffb.ee\/fi\/wp-json\/wp\/v2\/product_brand?post=50352"},{"taxonomy":"product_cat","embeddable":true,"href":"https:\/\/www.xn--tuksimaailm-ffb.ee\/fi\/wp-json\/wp\/v2\/product_cat?post=50352"},{"taxonomy":"product_tag","embeddable":true,"href":"https:\/\/www.xn--tuksimaailm-ffb.ee\/fi\/wp-json\/wp\/v2\/product_tag?post=50352"},{"taxonomy":"filter_elektritoukeratas","embeddable":true,"href":"https:\/\/www.xn--tuksimaailm-ffb.ee\/fi\/wp-json\/wp\/v2\/filter_elektritoukeratas?post=50352"}],"curies":[{"name":"wp","href":"https:\/\/api.w.org\/{rel}","templated":true}]}}