{"id":50353,"date":"2022-07-26T15:21:47","date_gmt":"2022-07-26T12:21:47","guid":{"rendered":"http:\/\/www.xn--tuksimaailm-ffb.ee\/shop\/apollo-air-pro-sahkopotkulauta\/"},"modified":"2022-07-26T15:21:47","modified_gmt":"2022-07-26T12:21:47","slug":"apollo-air-pro-sahkopotkulauta","status":"publish","type":"product","link":"https:\/\/www.xn--tuksimaailm-ffb.ee\/fi\/shop\/apollo-air-pro-sahkopotkulauta\/","title":{"rendered":"Apollo Air Pro s\u00e4hk\u00f6potkulauta"},"content":{"rendered":"<h2 style=\"box-sizing: inherit; overflow-wrap: break-word; margin-top: 0px; margin-bottom: 1.5em; padding: 0px; border: 0px; font-variant-numeric: inherit; font-variant-east-asian: inherit; font-weight: 400; font-stretch: inherit; font-size: 1em; line-height: 1.2; color: #162521; text-transform: uppercase; letter-spacing: 2px; text-align: center;\">APOLLO AIR PRO S\u00c4HK\u00d6POTKULAUTA \u2013 TUOTEKUVAUS<\/h2>\n<p><span style=\"text-align: justify;\">Air Pro -s\u00e4hk\u00f6skootteri on silmiinpist\u00e4v\u00e4n muotoiltu ja kevyt katu-oikeutettu malli Apollo-sarjassa, kanadalainen s\u00e4hk\u00f6skootteri, jossa on tyylik\u00e4s muotoilu ja laaja valikoima ainutlaatuisia ominaisuuksia. Air Pro -s\u00e4hk\u00f6skootteri on ihanteellinen henkil\u00f6lle, joka etsii edullista, akkukestoista, kompaktia ja kevytt\u00e4 s\u00e4hk\u00f6skootteria.<\/span><\/p>\n<h2 style=\"text-align: center;\">APOLLO AIR PRO KEVYT JA ERINOMAISESTI SUUNNITELTU S\u00c4HK\u00d6SKOOTTERI<\/h2>\n<p>Air Pro on kevyt ja eritt\u00e4in vakaa katu-oikeutettu s\u00e4hk\u00f6inen skootteri. Air Pro kehitettiin tavoitteena luoda vakaa, kest\u00e4v\u00e4 ja samalla edullinen katu-oikeutettu s\u00e4hk\u00f6skootteri. Erinomaisen ohjattavuuden omaava Apollo Air Pro on etuvetoinen s\u00e4hk\u00f6skootteri, jossa on suuret 10 tuuman py\u00f6r\u00e4t. Suurena etuna ovat irrotettavat\/puoliksi irrotettavat vanteet, joiden ansiosta sis\u00e4- ja ulkorenkaiden vaihto on helppoa ja toteutettavissa jopa kotivarusteilla.<\/p>\n<p style=\"caret-color: #000000; color: #000000;\">Apollo Air Pro -s\u00e4hk\u00f6skootteri on varustettu tehokkaalla\u00a0<strong>500 W:n\u00a0<\/strong>moottorilla. Valmistajan ilmoittama nopeus on 25km\/h. Moottori saa virtansa 36V \/ 15Ah akusta, joka on kapasiteetiltaan suurempi kuin saman luokan\u00a0<a href=\"http:\/\/www.xn--tuksimaailm-ffb.ee\/shop\/xiaomi-pro-2-elektritoukeratas\/\">Xiaomi Pro 2<\/a>.<\/p>\n<p><iframe title=\"Apollo Air &amp; Air Pro vs. Xiaomi M365 and Segway Ninebot Max G30, electric scooter review\" width=\"1082\" height=\"609\" src=\"https:\/\/www.youtube.com\/embed\/747ozKBpZCM?start=340&feature=oembed\" frameborder=\"0\" allow=\"accelerometer; autoplay; clipboard-write; encrypted-media; gyroscope; picture-in-picture; web-share\" referrerpolicy=\"strict-origin-when-cross-origin\" allowfullscreen><\/iframe><\/p>\n<h2 style=\"text-align: center;\">VAKAA JA MUKAVA AJO\u00a0<\/h2>\n<p>Air Pro on varustettu etulokasuojalla, jossa on hyv\u00e4 pito, mik\u00e4 takaa tasaisemman ja turvallisemman ajokokemuksen. Air Prolla on my\u00f6s ilo ajaa Tallinnan kaupungin kaduilla, ja suurten 10 tuuman py\u00f6rien ansiosta sill\u00e4 on helppo ylitt\u00e4\u00e4 esteet. Esimerkiksi Xiaomi Pro 2:een verrattuna Air-s\u00e4hk\u00f6skootterin renkaissa on noin 30 % enemm\u00e4n kosketuspintaa, mik\u00e4 takaa my\u00f6s paremman jarrutustehon ja paremman pidon sateella ajettaessa.<\/p>\n<p style=\"caret-color: #000000; color: #000000;\">Jalusta on pitk\u00e4 ja leve\u00e4, ja se on p\u00e4\u00e4llystetty liukumattomalla pinnoitteella. Suuri etu- ja takalevy suojaa lialta ja lialta. Apollo Air Pro -s\u00e4hk\u00f6rattailla on IP-54-luokitus, mik\u00e4 tarkoittaa, ett\u00e4 se on suojattu p\u00f6lylt\u00e4 ja vesiroiskeilta, mutta sateisella s\u00e4\u00e4ll\u00e4 ajamista kannattaa v\u00e4ltt\u00e4\u00e4, jos mahdollista. Voit lukea lis\u00e4\u00e4 s\u00e4hk\u00f6potkulautojen vedenpit\u00e4vyydest\u00e4 ja IP-luokituksesta\u00a0<a href=\"http:\/\/www.xn--tuksimaailm-ffb.ee\/ip-kaitseaste-ja-elektritoukeratas-kui-veekindel-on-elektritoukeratas\/\">blogikirjoituksestamme<\/a>.<\/p>\n<p>S\u00e4hk\u00f6potkulauta on varustettu rumpujarrulla turvallista jarrutusta varten. Rumpujarrut vaativat v\u00e4hemm\u00e4n huoltoa ja ovat paremmin suojattuja ulkoiselta ymp\u00e4rist\u00f6lt\u00e4.<\/p>\n<p>Air Pro -s\u00e4hk\u00f6skootteri on valmistettu ilmailualan alumiiniseosrungosta, ja se voi kuljettaa jopa 100 kg painavaa henkil\u00f6\u00e4 ilman merkitt\u00e4v\u00e4\u00e4 suorituskyvyn heikkenemist\u00e4.<\/p>\n<h2 style=\"text-align: center;\">TEKNINEN KUVAUS<\/h2>\n<p style=\"caret-color: #000000; color: #000000;\">Yhdell\u00e4 latauksella 25km\/h nopeudella ja 70kg painava kuljettaja, joka ajaa tasaisesti, voi kulkea\u00a0<strong>jopa 50km<\/strong>ihanteellisissa olosuhteissa. Air Pro -s\u00e4hk\u00f6skootteri on varustettu\u00a0<strong>eturumpujarrulla<\/strong>. Rumpujarrujen lis\u00e4ksi Apollo Air Pro -s\u00e4hk\u00f6skootteri on varustettu my\u00f6s elektronisella jarrulla. S\u00e4hk\u00f6potkulautaa voidaan jarruttaa moottoreilla (s\u00e4hk\u00f6jarru), jotka aktivoidaan painamalla vasenta poljinta peukalolla. S\u00e4hk\u00f6potkulauta on varustettu suurikapasiteettisella\u00a0<strong>36V \/ 15Ah<\/strong>\u00a0akulla. Akun t\u00e4yteen lataaminen 0-100%:sta kest\u00e4\u00e4\u00a0<strong>vain 6 tuntia<\/strong>. Air Pro -s\u00e4hk\u00f6skootteri on varustettu etuvalaisimella LED-valolla pime\u00e4\u00e4 aikaa varten ja tehd\u00e4ksesi itsest\u00e4si n\u00e4kyv\u00e4mm\u00e4n kanssapy\u00f6r\u00e4ilij\u00f6ille.<\/p>\n<h2 style=\"text-align: center;\">APOLLO AIR PRO T\u00d5UKSIMAAILMASSA<\/h2>\n<p style=\"caret-color: #000000; color: #000000;\"><strong>Ostamalla Apollo-s\u00e4hk\u00f6skootterin kaupastamme saat:<\/strong><\/p>\n<ul>\n<li>Kun ostat s\u00e4hk\u00f6skootterin, saat\u00a0<strong>kaikki\u00a0<\/strong><a href=\"http:\/\/www.xn--tuksimaailm-ffb.ee\/tootekategooria\/lisavarustus\/\"><strong>lis\u00e4varusteet<\/strong><\/a><strong>\u00a0-20 %:lla.<\/strong><\/li>\n<\/ul>\n<p>Valikoima lis\u00e4varusteita Apollo Air Pro -laitteelle:<\/p>\n<ul>\n<li><a href=\"http:\/\/www.xn--tuksimaailm-ffb.ee\/shop\/vaga-suur-elektritoukeratta-lenksukott-must-8l\/\">Eritt\u00e4in suuri vedenpit\u00e4v\u00e4 linssilaukku<\/a><\/li>\n<li><a href=\"http:\/\/www.xn--tuksimaailm-ffb.ee\/shop\/kompaktne-lulilukk-abus-bordo-5700-must\/\">Kompakti kytkinlukko<\/a><\/li>\n<\/ul>\n<p style=\"caret-color: #000000; color: #000000;\"><a><strong>Esittelytilassamme<\/strong><\/a>\u00a0voit tutustua Apollo Pro -s\u00e4hk\u00f6skootteriin. Suosittelemme, ett\u00e4 k\u00e4yt\u00e4t aina\u00a0<a href=\"http:\/\/www.xn--tuksimaailm-ffb.ee\/shop\/elektrilise-toukeratta-kiiver-led-tagatulega-smart-4u\/\">kyp\u00e4r\u00e4\u00e4<\/a>, kun ajat s\u00e4hk\u00f6skootterilla. Alle 16-vuotiaiden kuljettajien on\u00a0<a href=\"https:\/\/www.riigiteataja.ee\/akt\/113112020001\">lain<\/a>\u00a0mukaan k\u00e4ytett\u00e4v\u00e4 kyp\u00e4r\u00e4\u00e4 s\u00e4hk\u00f6skootterilla ajettaessa.<\/p>\n<p style=\"caret-color: #000000; color: #000000;\"><strong>Apollo Air Pro -s\u00e4hk\u00f6skootteri on Viron liikennelain mukainen katulupavalmisteinen kevytskootteri, jonka valmistajan teho on 500W ja valmistajan nopeus 25km\/h.<\/strong>\u00a0<strong>HUOMAUTUS: Jos k\u00e4ytt\u00e4j\u00e4 on itsen\u00e4isesti muuttanut s\u00e4hk\u00f6skootteria nopeammaksi tai tehokkaammaksi kuin edell\u00e4 mainitut parametrit, T\u00f5uksimaailm ei ole vastuussa lain rikkomisesta aiheutuvista sakoista, s\u00e4hk\u00f6skootterin takavarikoimisesta poliisin toimesta tai mist\u00e4\u00e4n muustakaan rikkomisesta aiheutuneesta vahingosta.<\/strong><\/p>\n<table class=\"tg\" style=\"border-collapse: collapse; max-width: 600px; border-spacing: 0px; margin: 0px auto; width: 100%;\">\n<tbody>\n<tr>\n<td style=\"font-size: 14px; padding: 5px; border-style: solid; background-color: #e4e1e1; color: #333333; font-weight: bold; overflow: hidden; text-align: center; vertical-align: top; word-break: normal; width: 584.015625px;\" colspan=\"2\">Tekniset tiedot<\/td>\n<\/tr>\n<tr>\n<td style=\"font-size: 14px; padding: 5px; border-style: solid; background-color: #e4e1e1; color: #333333; font-weight: bold; overflow: hidden; text-align: right; vertical-align: top; word-break: normal; width: 378.015625px;\">Paino<\/td>\n<td style=\"font-size: 14px; padding: 5px; border-style: solid; overflow: hidden; text-align: center; vertical-align: top; word-break: normal; width: 195px;\">17kg<\/td>\n<\/tr>\n<tr>\n<td style=\"font-size: 14px; padding: 5px; border-style: solid; background-color: #e4e1e1; color: #333333; font-weight: bold; overflow: hidden; text-align: right; vertical-align: top; word-break: normal; width: 378.015625px;\">Nopeus<\/td>\n<td style=\"font-size: 14px; padding: 5px; border-style: solid; overflow: hidden; text-align: center; vertical-align: top; word-break: normal; width: 195px;\">25km\/h<\/td>\n<\/tr>\n<tr>\n<td style=\"font-size: 14px; padding: 5px; border-style: solid; background-color: #e4e1e1; color: #333333; font-weight: bold; overflow: hidden; text-align: right; vertical-align: top; word-break: normal; width: 378.015625px;\">Akku<\/td>\n<td style=\"font-size: 14px; padding: 5px; border-style: solid; overflow: hidden; text-align: center; vertical-align: top; word-break: normal; width: 195px;\">36V \/ 15Ah \/ 540Wh<\/td>\n<\/tr>\n<tr>\n<td style=\"font-size: 14px; padding: 5px; border-style: solid; background-color: #e4e1e1; color: #333333; font-weight: bold; overflow: hidden; text-align: right; vertical-align: top; word-break: normal; width: 378.015625px;\">Moottori<\/td>\n<td style=\"font-size: 14px; padding: 5px; border-style: solid; overflow: hidden; text-align: center; vertical-align: top; word-break: normal; width: 195px;\">500W<\/td>\n<\/tr>\n<tr>\n<td style=\"font-size: 14px; padding: 5px; border-style: solid; background-color: #e4e1e1; color: #333333; font-weight: bold; overflow: hidden; text-align: right; vertical-align: top; word-break: normal; width: 378.015625px;\"><strong style=\"caret-color: #000000; color: #000000; text-align: start; font-family: inherit;\">Vedenpit\u00e4vyy<\/strong>s<\/td>\n<td style=\"font-size: 14px; padding: 5px; border-style: solid; overflow: hidden; text-align: center; vertical-align: top; word-break: normal; width: 195px;\">IP54<\/td>\n<\/tr>\n<tr>\n<td style=\"font-size: 14px; padding: 5px; border-style: solid; background-color: #e4e1e1; color: #333333; font-weight: bold; overflow: hidden; text-align: right; vertical-align: top; word-break: normal; width: 378.015625px;\">Latausaika<\/td>\n<td style=\"font-size: 14px; padding: 5px; border-style: solid; overflow: hidden; text-align: center; vertical-align: top; word-break: normal; width: 195px;\">6h<\/td>\n<\/tr>\n<tr>\n<td style=\"font-size: 14px; padding: 5px; border-style: solid; background-color: #e4e1e1; color: #333333; font-weight: bold; overflow: hidden; text-align: right; vertical-align: top; word-break: normal; width: 378.015625px;\"><strong style=\"caret-color: #000000; color: #000000; text-align: start; font-family: inherit;\">Ajomatka (valmistajan ilmoittama)\u00a0<br \/>Ajomatka laskettu 15Ah<\/strong><\/td>\n<td style=\"font-size: 14px; padding: 5px; border-style: solid; overflow: hidden; text-align: center; vertical-align: top; word-break: normal; width: 195px;\">\u00a050km |<br \/>36km (70kg kuljettaja 25km\/h 0.15Wh)<\/td>\n<\/tr>\n<tr>\n<td style=\"font-size: 14px; padding: 5px; border-style: solid; background-color: #e4e1e1; color: #333333; font-weight: bold; overflow: hidden; text-align: right; vertical-align: top; word-break: normal; width: 378.015625px;\">Valot<\/td>\n<td style=\"font-size: 14px; padding: 5px; border-style: solid; overflow: hidden; text-align: center; vertical-align: top; word-break: normal; width: 195px;\">LED etuvalo<\/td>\n<\/tr>\n<tr>\n<td style=\"font-size: 14px; padding: 5px; border-style: solid; background-color: #e4e1e1; color: #333333; font-weight: bold; overflow: hidden; text-align: right; vertical-align: top; word-break: normal; width: 378.015625px;\">Jarrut<\/td>\n<td style=\"font-size: 14px; padding: 5px; border-style: solid; overflow: hidden; text-align: center; vertical-align: top; word-break: normal; width: 195px;\">eturumpujarru<\/td>\n<\/tr>\n<tr>\n<td style=\"font-size: 14px; padding: 5px; border-style: solid; background-color: #e4e1e1; color: #333333; font-weight: bold; overflow: hidden; text-align: right; vertical-align: top; word-break: normal; width: 378.015625px;\">Renkaat<\/td>\n<td style=\"font-size: 14px; padding: 5px; border-style: solid; overflow: hidden; text-align: center; vertical-align: top; word-break: normal; width: 195px;\">10\u2033 ilmarenkaat, joissa on sis\u00e4kumi<\/td>\n<\/tr>\n<tr>\n<td style=\"font-size: 14px; padding: 5px; border-style: solid; background-color: #e4e1e1; color: #333333; font-weight: bold; overflow: hidden; text-align: right; vertical-align: top; word-break: normal; width: 378.015625px;\">Painorajoitus<\/td>\n<td style=\"font-size: 14px; padding: 5px; border-style: solid; overflow: hidden; text-align: center; vertical-align: top; word-break: normal; width: 195px;\">100kg<\/td>\n<\/tr>\n<tr>\n<td style=\"font-size: 14px; padding: 5px; border-style: solid; background-color: #e4e1e1; color: #333333; font-weight: bold; overflow: hidden; text-align: right; vertical-align: top; word-break: normal; width: 378.015625px;\">Materiali<\/td>\n<td style=\"font-size: 14px; padding: 5px; border-style: solid; overflow: hidden; text-align: center; vertical-align: top; word-break: normal; width: 195px;\">6061 alumiinirunko<\/td>\n<\/tr>\n<\/tbody>\n<\/table>\n","protected":false},"excerpt":{"rendered":"<p style=\"caret-color: #000000; color: #000000;\"><a href=\"http:\/\/www.xn--tuksimaailm-ffb.ee\/kontakt\/\"><strong>L\u00f6ysitk\u00f6 paremman hinnan?<\/strong><\/a>\u00a0<a href=\"http:\/\/www.xn--tuksimaailm-ffb.ee\/kontakt\/\"><strong>Kirjoita meille, niin teemme sinulle paremman tarjouksen!<\/strong><\/a><\/p>\n<p style=\"caret-color: #000000; color: #000000;\"><strong>Kaikki\u00a0<\/strong><a href=\"http:\/\/www.xn--tuksimaailm-ffb.ee\/tootekategooria\/lisavarustus\/\"><strong>lis\u00e4varusteet<\/strong><\/a><strong>\u00a0ja\u00a0<\/strong><a href=\"http:\/\/www.xn--tuksimaailm-ffb.ee\/tootekategooria\/elektritoukeratta-varuosad\/\"><strong>varaosat<\/strong><\/a><strong>\u00a0ovat -20%, kun ne ostetaan s\u00e4hk\u00f6potkulaudan kanssa .<\/strong>\u00a0<strong>Alennus otetaan automaattisesti k\u00e4ytt\u00f6\u00f6n, kun lis\u00e4\u00e4t sen ostoskoriin!<\/strong><\/p>\n<p style=\"caret-color: #000000; color: #000000;\"><strong><em>Toimitusaika: TBD<\/em><\/strong><\/p>\n","protected":false},"featured_media":25316,"template":"","meta":[],"product_brand":[],"product_cat":[926],"product_tag":[],"filter_elektritoukeratas":[],"class_list":{"0":"post-50353","1":"product","2":"type-product","3":"status-publish","4":"has-post-thumbnail","6":"product_cat-sahkopotkulaudat-fi","7":"pa_aku-mahutavus-wh-540-fi","8":"pa_kaal-kg-17-fi","9":"pa_kandevoime-kg-100-fi","10":"pa_labisoit-arvutuslik-km-36-fi","11":"pa_mootorite-arv-uhe-mootoriga-fi","12":"pa_muuja-platvormil-touksimaailm-exocool-ou-fi","13":"pa_piiramata-tippkiirus-kmh-25-fi","14":"pa_tootetuup-elektritoukeratas-fi","15":"pa_valmistaja-apollo-fi","16":"pa_voimsus-w-500-fi","18":"first","19":"outofstock","20":"taxable","21":"shipping-taxable","22":"purchasable","23":"product-type-simple"},"yoast_head":"<!-- This site is optimized with the Yoast SEO Premium plugin v26.8 (Yoast SEO v27.5) - https:\/\/yoast.com\/product\/yoast-seo-premium-wordpress\/ -->\n<title>Apollo Air Pro s\u00e4hk\u00f6potkulauta | Ilus ja Kerge | T\u00f5uksimaailm<\/title>\n<meta name=\"description\" content=\"Apollo Air Pro elektrit\u00f5ukeratas. Stiilse v\u00e4limusega ja stabiilse juhitavusega t\u00e4navalegaalne elektriline t\u00f5ukeratas. Apollo elektrit\u00f5ukerattad.\" \/>\n<meta name=\"robots\" content=\"index, follow, max-snippet:-1, max-image-preview:large, max-video-preview:-1\" \/>\n<link rel=\"canonical\" href=\"https:\/\/www.xn--tuksimaailm-ffb.ee\/fi\/shop\/apollo-air-pro-sahkopotkulauta\/\" \/>\n<meta property=\"og:locale\" content=\"fi_FI\" \/>\n<meta property=\"og:type\" content=\"article\" \/>\n<meta property=\"og:title\" content=\"Apollo Air Pro s\u00e4hk\u00f6potkulauta\" \/>\n<meta property=\"og:description\" content=\"Apollo Air Pro elektrit\u00f5ukeratas. Stiilse v\u00e4limusega ja stabiilse juhitavusega t\u00e4navalegaalne elektriline t\u00f5ukeratas. Apollo elektrit\u00f5ukerattad.\" \/>\n<meta property=\"og:url\" content=\"https:\/\/www.xn--tuksimaailm-ffb.ee\/fi\/shop\/apollo-air-pro-sahkopotkulauta\/\" \/>\n<meta property=\"og:site_name\" content=\"T\u00f5uksimaailm\" \/>\n<meta property=\"article:publisher\" content=\"https:\/\/www.facebook.com\/touksimaailm\/\" \/>\n<meta property=\"og:image\" content=\"https:\/\/www.xn--tuksimaailm-ffb.ee\/wp-content\/uploads\/2022\/07\/Untitleddesign_56_1920x.png.webp\" \/>\n\t<meta property=\"og:image:width\" content=\"1080\" \/>\n\t<meta property=\"og:image:height\" content=\"1080\" \/>\n\t<meta property=\"og:image:type\" content=\"image\/webp\" \/>\n<meta name=\"twitter:card\" content=\"summary_large_image\" \/>\n<meta name=\"twitter:label1\" content=\"Hinta\" \/>\n\t<meta name=\"twitter:data1\" content=\"&euro;1,099.00\" \/>\n\t<meta name=\"twitter:label2\" content=\"Saatavuus\" \/>\n\t<meta name=\"twitter:data2\" content=\"Loppu varastosta\" \/>\n<meta property=\"product:price:amount\" content=\"1099.00\" \/>\n<meta property=\"product:price:currency\" content=\"EUR\" \/>\n<meta property=\"og:availability\" content=\"out of stock\" \/>\n<meta property=\"product:availability\" content=\"out of stock\" \/>\n<meta property=\"product:condition\" content=\"new\" \/>\n<!-- \/ Yoast SEO Premium plugin. -->","yoast_head_json":{"title":"Apollo Air Pro s\u00e4hk\u00f6potkulauta | Ilus ja Kerge | T\u00f5uksimaailm","description":"Apollo Air Pro elektrit\u00f5ukeratas. Stiilse v\u00e4limusega ja stabiilse juhitavusega t\u00e4navalegaalne elektriline t\u00f5ukeratas. Apollo elektrit\u00f5ukerattad.","robots":{"index":"index","follow":"follow","max-snippet":"max-snippet:-1","max-image-preview":"max-image-preview:large","max-video-preview":"max-video-preview:-1"},"canonical":"https:\/\/www.xn--tuksimaailm-ffb.ee\/fi\/shop\/apollo-air-pro-sahkopotkulauta\/","og_locale":"fi_FI","og_type":"article","og_title":"Apollo Air Pro s\u00e4hk\u00f6potkulauta","og_description":"Apollo Air Pro elektrit\u00f5ukeratas. Stiilse v\u00e4limusega ja stabiilse juhitavusega t\u00e4navalegaalne elektriline t\u00f5ukeratas. Apollo elektrit\u00f5ukerattad.","og_url":"https:\/\/www.xn--tuksimaailm-ffb.ee\/fi\/shop\/apollo-air-pro-sahkopotkulauta\/","og_site_name":"T\u00f5uksimaailm","article_publisher":"https:\/\/www.facebook.com\/touksimaailm\/","og_image":[{"width":1080,"height":1080,"url":"https:\/\/www.xn--tuksimaailm-ffb.ee\/wp-content\/uploads\/2022\/07\/Untitleddesign_56_1920x.png.webp","type":"image\/webp"}],"twitter_card":"summary_large_image","twitter_misc":{"Hinta":"&euro;1,099.00","Saatavuus":"Loppu varastosta"},"schema":{"@context":"https:\/\/schema.org","@graph":[{"@type":"WebPage","@id":"https:\/\/www.xn--tuksimaailm-ffb.ee\/fi\/shop\/apollo-air-pro-sahkopotkulauta\/","url":"https:\/\/www.xn--tuksimaailm-ffb.ee\/fi\/shop\/apollo-air-pro-sahkopotkulauta\/","name":"Apollo Air Pro s\u00e4hk\u00f6potkulauta | Ilus ja Kerge | T\u00f5uksimaailm","isPartOf":{"@id":"https:\/\/www.xn--tuksimaailm-ffb.ee\/fi\/#website"},"primaryImageOfPage":{"@id":"https:\/\/www.xn--tuksimaailm-ffb.ee\/fi\/shop\/apollo-air-pro-sahkopotkulauta\/#primaryimage"},"image":{"@id":"https:\/\/www.xn--tuksimaailm-ffb.ee\/fi\/shop\/apollo-air-pro-sahkopotkulauta\/#primaryimage"},"thumbnailUrl":"https:\/\/www.xn--tuksimaailm-ffb.ee\/wp-content\/uploads\/2022\/07\/Untitleddesign_56_1920x.png.webp","datePublished":"2022-07-26T12:21:47+00:00","description":"Apollo Air Pro elektrit\u00f5ukeratas. Stiilse v\u00e4limusega ja stabiilse juhitavusega t\u00e4navalegaalne elektriline t\u00f5ukeratas. Apollo elektrit\u00f5ukerattad.","breadcrumb":{"@id":"https:\/\/www.xn--tuksimaailm-ffb.ee\/fi\/shop\/apollo-air-pro-sahkopotkulauta\/#breadcrumb"},"inLanguage":"fi","potentialAction":[{"@type":"ReadAction","target":["https:\/\/www.xn--tuksimaailm-ffb.ee\/fi\/shop\/apollo-air-pro-sahkopotkulauta\/"]}]},{"@type":"ImageObject","inLanguage":"fi","@id":"https:\/\/www.xn--tuksimaailm-ffb.ee\/fi\/shop\/apollo-air-pro-sahkopotkulauta\/#primaryimage","url":"https:\/\/www.xn--tuksimaailm-ffb.ee\/wp-content\/uploads\/2022\/07\/Untitleddesign_56_1920x.png.webp","contentUrl":"https:\/\/www.xn--tuksimaailm-ffb.ee\/wp-content\/uploads\/2022\/07\/Untitleddesign_56_1920x.png.webp","width":1080,"height":1080},{"@type":"BreadcrumbList","@id":"https:\/\/www.xn--tuksimaailm-ffb.ee\/fi\/shop\/apollo-air-pro-sahkopotkulauta\/#breadcrumb","itemListElement":[{"@type":"ListItem","position":1,"name":"Home","item":"https:\/\/www.xn--tuksimaailm-ffb.ee\/fi\/kotisivu\/"},{"@type":"ListItem","position":2,"name":"Kauppa","item":"https:\/\/www.xn--tuksimaailm-ffb.ee\/elektritoukerataste-pood\/"},{"@type":"ListItem","position":3,"name":"Apollo Air Pro s\u00e4hk\u00f6potkulauta"}]},{"@type":"WebSite","@id":"https:\/\/www.xn--tuksimaailm-ffb.ee\/fi\/#website","url":"https:\/\/www.xn--tuksimaailm-ffb.ee\/fi\/","name":"T\u00f5uksimaailm","description":"Elektrit\u00f5ukerataste m\u00fc\u00fck, remont ja rent","publisher":{"@id":"https:\/\/www.xn--tuksimaailm-ffb.ee\/fi\/#organization"},"potentialAction":[{"@type":"SearchAction","target":{"@type":"EntryPoint","urlTemplate":"https:\/\/www.xn--tuksimaailm-ffb.ee\/fi\/?s={search_term_string}"},"query-input":{"@type":"PropertyValueSpecification","valueRequired":true,"valueName":"search_term_string"}}],"inLanguage":"fi"},{"@type":"Organization","@id":"https:\/\/www.xn--tuksimaailm-ffb.ee\/fi\/#organization","name":"T\u00f5uksimaailm","url":"https:\/\/www.xn--tuksimaailm-ffb.ee\/fi\/","logo":{"@type":"ImageObject","inLanguage":"fi","@id":"https:\/\/www.xn--tuksimaailm-ffb.ee\/fi\/#\/schema\/logo\/image\/","url":"https:\/\/www.xn--tuksimaailm-ffb.ee\/wp-content\/uploads\/2020\/01\/logoz-e1579792875517.png","contentUrl":"https:\/\/www.xn--tuksimaailm-ffb.ee\/wp-content\/uploads\/2020\/01\/logoz-e1579792875517.png","width":250,"height":250,"caption":"T\u00f5uksimaailm"},"image":{"@id":"https:\/\/www.xn--tuksimaailm-ffb.ee\/fi\/#\/schema\/logo\/image\/"},"sameAs":["https:\/\/www.facebook.com\/touksimaailm\/","https:\/\/www.instagram.com\/touksimaailm_\/","https:\/\/www.youtube.com\/channel\/UC18ml0EKIDLP1xGuQjFzcXQ"]}]},"product_price_amount":"1099.00","product_price_currency":"EUR","og_availability":"out of stock","product_availability":"out of stock","product_condition":"new"},"jetpack_sharing_enabled":true,"_links":{"self":[{"href":"https:\/\/www.xn--tuksimaailm-ffb.ee\/fi\/wp-json\/wp\/v2\/product\/50353","targetHints":{"allow":["GET"]}}],"collection":[{"href":"https:\/\/www.xn--tuksimaailm-ffb.ee\/fi\/wp-json\/wp\/v2\/product"}],"about":[{"href":"https:\/\/www.xn--tuksimaailm-ffb.ee\/fi\/wp-json\/wp\/v2\/types\/product"}],"wp:featuredmedia":[{"embeddable":true,"href":"https:\/\/www.xn--tuksimaailm-ffb.ee\/fi\/wp-json\/wp\/v2\/media\/25316"}],"wp:attachment":[{"href":"https:\/\/www.xn--tuksimaailm-ffb.ee\/fi\/wp-json\/wp\/v2\/media?parent=50353"}],"wp:term":[{"taxonomy":"product_brand","embeddable":true,"href":"https:\/\/www.xn--tuksimaailm-ffb.ee\/fi\/wp-json\/wp\/v2\/product_brand?post=50353"},{"taxonomy":"product_cat","embeddable":true,"href":"https:\/\/www.xn--tuksimaailm-ffb.ee\/fi\/wp-json\/wp\/v2\/product_cat?post=50353"},{"taxonomy":"product_tag","embeddable":true,"href":"https:\/\/www.xn--tuksimaailm-ffb.ee\/fi\/wp-json\/wp\/v2\/product_tag?post=50353"},{"taxonomy":"filter_elektritoukeratas","embeddable":true,"href":"https:\/\/www.xn--tuksimaailm-ffb.ee\/fi\/wp-json\/wp\/v2\/filter_elektritoukeratas?post=50353"}],"curies":[{"name":"wp","href":"https:\/\/api.w.org\/{rel}","templated":true}]}}