{"id":50402,"date":"2022-01-01T22:28:51","date_gmt":"2022-01-01T19:28:51","guid":{"rendered":"http:\/\/www.xn--tuksimaailm-ffb.ee\/shop\/zero-10x-sahkopotkulauta-eol\/"},"modified":"2022-01-01T22:28:51","modified_gmt":"2022-01-01T19:28:51","slug":"zero-10x-sahkopotkulauta-eol","status":"publish","type":"product","link":"https:\/\/www.xn--tuksimaailm-ffb.ee\/fi\/shop\/zero-10x-sahkopotkulauta-eol\/","title":{"rendered":"Zero 10X s\u00e4hk\u00f6potkulauta (EOL)"},"content":{"rendered":"<h2 style=\"text-align: center;\">ZERO 10X S\u00c4HK\u00d6POTKULAUTA - TUOTEKUVAUS<\/h2>\n<p>Zero 10X on yksi Euroopan myydyimmist\u00e4 T10-DDM-runkoisista s\u00e4hk\u00f6skoottereista. Verrattuna muihin samassa tehtaassa tuotettuihin merkkeihin, Zero 10X -s\u00e4hk\u00f6skootteri on valmistettu korkealaatuisimmista valvotuista komponenteista. Korkealaatuiset komponentit takaavat parhaan luotettavuuden ja kest\u00e4vyyden kaikille Power Zero -merkkisille malleille. 10X-s\u00e4hk\u00f6skootteri on suunniteltu mukavuuteen, nopeuteen ja kovaan maastoon.<\/p>\n<p style=\"caret-color: #000000; color: #000000;\">S\u00e4hk\u00f6skootteri on my\u00f6s suunniteltu s\u00e4\u00e4nkest\u00e4v\u00e4ksi, joten roiskeet ja sade eiv\u00e4t vaikuta siihen. Zero 10X -n\u00e4ytt\u00f6\/ohjausn\u00e4ytt\u00f6\u00a0<a href=\"http:\/\/www.xn--tuksimaailm-ffb.ee\/shop\/qs-s4-ekraan-display-elektritoukeratas-gpad-storm\/\"><strong>QS-S4<\/strong><\/a>\u00a0on v\u00e4rik\u00e4s ja, toisin kuin edelt\u00e4j\u00e4ns\u00e4, kuten TF100, eritt\u00e4in helppolukuinen my\u00f6s nopealla ajolla kes\u00e4isell\u00e4 aurinkoisella s\u00e4\u00e4ll\u00e4.<\/p>\n<p style=\"caret-color: #000000; color: #000000;\">S\u00e4hk\u00f6inen skootteri on kaksipy\u00f6r\u00e4inen skootteri, jossa on\u00a0<strong>2x1000W<\/strong>\u00a0nimellisteho (1600W huipputeho) moottorit etu- ja takapy\u00f6riss\u00e4. N\u00e4iden moottoreiden avulla s\u00e4hk\u00f6mopon huipputeho on yhteens\u00e4\u00a0<strong>3200W<\/strong>\u00a0ja nopeus yksityisill\u00e4 teill\u00e4\u00a0<strong>60km\/h<\/strong>, kun s\u00e4hk\u00f6mopon viritys on muutettu. N\u00e4yt\u00f6ss\u00e4 olevan akun varaustason ilmaisimen lis\u00e4ksi 10X-s\u00e4hk\u00f6skootterissa on my\u00f6s volttimittari. T\u00e4m\u00e4 antaa mahdollisimman tarkat tiedot akun varaustasosta sek\u00e4 j\u00e4nnitteen laskun m\u00e4\u00e4r\u00e4st\u00e4 ajon\/kuormituksen aikana.<\/p>\n<p><img decoding=\"async\" class=\"wp-image-7322 aligncenter\" src=\"http:\/\/www.xn--tuksimaailm-ffb.ee\/wp-content\/uploads\/2022\/01\/10x-4-300x195.png\" alt=\"zero 10x elektrit\u00f5ukeratas elektriline t\u00f5ukeratas elektrit\u00f5ukerattad\" width=\"709\" height=\"461\" srcset=\"https:\/\/www.xn--tuksimaailm-ffb.ee\/wp-content\/uploads\/2022\/01\/10x-4-300x195.png 300w, https:\/\/www.xn--tuksimaailm-ffb.ee\/wp-content\/uploads\/2022\/01\/10x-4-461x300.png 461w, https:\/\/www.xn--tuksimaailm-ffb.ee\/wp-content\/uploads\/2022\/01\/10x-4-600x390.png 600w, https:\/\/www.xn--tuksimaailm-ffb.ee\/wp-content\/uploads\/2022\/01\/10x-4.png 758w\" sizes=\"(max-width: 709px) 100vw, 709px\" \/><\/p>\n<h2 style=\"text-align: center;\">ZERO 10X S\u00c4HK\u00d6POTKULAUTA - PARAS MAASTOSSA<\/h2>\n<p>Zero 10X on varustettu jousivanteilla, jotka tarjoavat parhaan mahdollisen (pehmeimm\u00e4n) ajokokemuksen sek\u00e4 kaupungissa ett\u00e4 mets\u00e4ss\u00e4. Iskunvaimentimet ovat j\u00e4ykkyytt\u00e4 s\u00e4\u00e4dett\u00e4viss\u00e4 - jokainen ajaja voi s\u00e4\u00e4t\u00e4\u00e4 jousituksen oman painonsa ja mieltymystens\u00e4 mukaan. Mukavuutta lis\u00e4\u00e4v\u00e4t my\u00f6s suuret, paksut 10-tuumaiset ilmarenkaat, joiden sis\u00e4renkaat vaimentavat pieni\u00e4 t\u00e4rin\u00f6it\u00e4. Zero 10X -s\u00e4hk\u00f6skootteri on valmistettu kest\u00e4v\u00e4st\u00e4 alumiiniseoksesta, ja siin\u00e4 on my\u00f6s leve\u00e4 ohjaustanko, jossa on mukavat kahvat.<\/p>\n<p style=\"caret-color: #000000; color: #000000;\">Skootterin kansiosa on p\u00e4\u00e4llystetty liukastumista est\u00e4v\u00e4ll\u00e4 kumipinnoitteella (griptape), joka takaa turvallisuuden sateisella s\u00e4\u00e4ll\u00e4. S\u00e4hk\u00f6skootterin moottoreiden nimellisteho on yhteens\u00e4 2000W. Viron liikennelain mukaan Zero 10X -s\u00e4hk\u00f6potkulaitteen kaltaisella tehokkaalla s\u00e4hk\u00f6potkulaudalla saa ajaa vain yleisill\u00e4 teill\u00e4 ja yksityisalueella. Harjattomat BLDC-s\u00e4hk\u00f6moottorit, joilla on korkea hy\u00f6tysuhde, takaavat voimakkaan kiihtyvyyden jopa 25 asteen kaltevuudessa ajettaessa, ja\u00a0<strong>25 km\/h\u00a0<\/strong>huippunopeus on nopeasti saavutettavissa. Yksityisk\u00e4ytt\u00f6\u00f6n tarkoitettuna \u201dmaastoajoneuvona\u201d voidaan saavuttaa jopa\u00a0<strong>60 km\/h<\/strong>\u00a0nopeus muutetun virityksen j\u00e4lkeen. S\u00e4hk\u00f6skootteri on suunniteltu enint\u00e4\u00e4n\u00a0<strong>130 kg:n<\/strong>painoiselle kuljettajalle, mik\u00e4 mahdollistaa my\u00f6s\u00a0<a href=\"http:\/\/www.xn--tuksimaailm-ffb.ee\/tootekategooria\/lisavarustus\/\">lis\u00e4varusteiden<\/a>\u00a0ottamisen mukaan ja antaa painavammallekin kuljettajalle mahdollisuuden ajaa nopeammin maasto-olosuhteissa.<\/p>\n<p><img decoding=\"async\" class=\"wp-image-7321 aligncenter\" src=\"http:\/\/www.xn--tuksimaailm-ffb.ee\/wp-content\/uploads\/2022\/01\/10x-3-300x125.png\" alt=\"zero 10x elektrit\u00f5ukeratas elektriline t\u00f5ukeratas elektrit\u00f5ukerattad\" width=\"713\" height=\"297\" srcset=\"https:\/\/www.xn--tuksimaailm-ffb.ee\/wp-content\/uploads\/2022\/01\/10x-3-300x125.png 300w, https:\/\/www.xn--tuksimaailm-ffb.ee\/wp-content\/uploads\/2022\/01\/10x-3-768x320.png 768w, https:\/\/www.xn--tuksimaailm-ffb.ee\/wp-content\/uploads\/2022\/01\/10x-3-611x254.png 611w, https:\/\/www.xn--tuksimaailm-ffb.ee\/wp-content\/uploads\/2022\/01\/10x-3-600x250.png 600w, https:\/\/www.xn--tuksimaailm-ffb.ee\/wp-content\/uploads\/2022\/01\/10x-3.png 795w\" sizes=\"(max-width: 713px) 100vw, 713px\" \/><\/p>\n<h2 style=\"text-align: center;\">POWER ZERO S\u00c4HK\u00d6POTKULAUTA - TEKNINEN KUVAUS<\/h2>\n<p style=\"caret-color: #000000; color: #000000;\">Kun akku on ladattu 100-prosenttisesti t\u00e4yteen, ajotyylist\u00e4, s\u00e4\u00e4olosuhteista, kuljettajan painosta ja pituudesta (tuulenvastus) riippuen voit ajaa\u00a0<strong>jopa 80 kilometri\u00e4<\/strong>\u00a0ECO-tilassa ihanteellisissa olosuhteissa. Kuten kaikilla s\u00e4hk\u00f6potkulautoilla, todellinen ajokilometri urheilutilassa on l\u00e4hemp\u00e4n\u00e4 55-70 km. Zero 10X on varustettu\u00a0<strong>hydraulisilla Zoom-levyjarruilla<\/strong>\u00a0edess\u00e4 ja takana.<\/p>\n<p style=\"caret-color: #000000; color: #000000;\">Varkaudeneston osalta Power Zero -s\u00e4hk\u00f6potkulaitteet ovat my\u00f6s eritt\u00e4in hyvi\u00e4, sill\u00e4 ne on varustettu \u201dsytytyslukolla\u201d, joka kytkee s\u00e4hk\u00f6potkulaattorin n\u00e4yt\u00f6n p\u00e4\u00e4lle \/ pois p\u00e4\u00e4lt\u00e4, lukitsee sytytyksen poistamalla kaikki toiminnot k\u00e4yt\u00f6st\u00e4. N\u00e4in skootteria ei ole mahdollista j\u00e4tt\u00e4\u00e4 hetkeksi ilman valvontaa ja antaa jonkun muun ajaa sill\u00e4 pois. Skootterin virtal\u00e4hteen\u00e4 toimii suuri<strong>\u00a052V\/23000mAh (1196Wh)<\/strong>\u00a0Li-Ion-akku. T\u00e4m\u00e4n akun lataaminen t\u00e4yteen 100 %:iin kest\u00e4\u00e4\u00a0<strong>jopa 10 tuntia<\/strong>\u00a0skootterin mukana tulevalla laturilla. Turvallisuuspuolella Zero 10X -skootterissa on my\u00f6s edess\u00e4 ja takana LED-valot, joiden tarkoituksena on valaista tiet\u00e4. T\u00e4m\u00e4n tehokkaan s\u00e4hk\u00f6skootterin kyydiss\u00e4 suosittelemme k\u00e4ytt\u00e4m\u00e4\u00e4n aina\u00a0<a href=\"http:\/\/www.xn--tuksimaailm-ffb.ee\/shop\/elektrilise-toukeratta-kiiver-led-tagatulega-smart-4u\/\">kyp\u00e4r\u00e4\u00e4<\/a>\u00a0ja mahdollisuuksien mukaan vaatteita, joissa on polvi- ja liukuesteet. Alle 16-vuotiaiden kuljettajien on\u00a0<a href=\"https:\/\/www.riigiteataja.ee\/akt\/113112020001\">lain<\/a>mukaan pakko k\u00e4ytt\u00e4\u00e4 kyp\u00e4r\u00e4\u00e4 s\u00e4hk\u00f6skootterilla ajettaessa. Kaikki s\u00e4hk\u00f6skootterit l\u00f6ytyv\u00e4t\u00a0<a href=\"http:\/\/www.xn--tuksimaailm-ffb.ee\/tootekategooria\/elektritoukeratas\/\">t\u00e4\u00e4lt\u00e4<\/a>.<\/p>\n","protected":false},"excerpt":{"rendered":"<p style=\"caret-color: #000000; color: #000000;\">Malli: Power Zero 10X Paino: 35kg Teho: 2x1000W (nimellinen), 2x1600W (huippu) Huippunopeus: 60km\/h Matkustusmatka yhdell\u00e4 latauksella: jopa 80km (ECO-tilassa) Akku: 52V\/23Ah\/1196Wh Li-Ion Latausaika: 10 tuntia Maksimipaino: 130kg Jarrut: hydrauliset levyjarrut Renkaat: 10x2. Hydrostaattiset jarrut: 10x10\u201d, 50\u201d pneumaattiset renkaat sis\u00e4renkailla Maksimi kaltevuus tiell\u00e4: 25 astetta\u00a0<strong>HUOM:<\/strong>\u00a0Zero 10X s\u00e4hk\u00f6potkulauta on valitettavasti loppunut varastosta, suosittelemme korvaavaa tuotetta:\u00a0\u00a0T<a><strong>echlife X7S<\/strong><\/a>\u00a0tai Vsett<a><strong>10+<\/strong><\/a><strong>.<\/strong><\/p>\n","protected":false},"featured_media":24013,"template":"","meta":[],"product_brand":[],"product_cat":[926],"product_tag":[],"filter_elektritoukeratas":[],"class_list":{"0":"post-50402","1":"product","2":"type-product","3":"status-publish","4":"has-post-thumbnail","6":"product_cat-sahkopotkulaudat-fi","7":"product_shipping_class-keskmine-pakk-fi","8":"pa_aku-mahutavus-wh-1196-fi","9":"pa_kaal-kg-35-fi","10":"pa_kandevoime-kg-130-fi","11":"pa_labisoit-arvutuslik-km-80-fi","12":"pa_mootorite-arv-kahdella-moottorilla","13":"pa_piiramata-tippkiirus-kmh-60-fi","14":"pa_tootetuup-elektritoukeratas-fi","15":"pa_valmistaja-zero-fi","16":"pa_voimsus-w-1000-fi","18":"first","19":"outofstock","20":"taxable","21":"shipping-taxable","22":"purchasable","23":"product-type-simple"},"yoast_head":"<!-- This site is optimized with the Yoast SEO Premium plugin v26.8 (Yoast SEO v27.5) - https:\/\/yoast.com\/product\/yoast-seo-premium-wordpress\/ -->\n<title>Zero 10X s\u00e4hk\u00f6potkulauta (EOL) | Power Zero | T\u00f5uksimaailm<\/title>\n<meta name=\"description\" content=\"Zero 10X elektrit\u00f5ukeratas. K\u00f5ige mugavamate vedruamortidega maastiku k\u00f5lbulik elektriline t\u00f5ukeratas. Power Zero elektrit\u00f5ukerattad.\" \/>\n<meta name=\"robots\" content=\"index, follow, max-snippet:-1, max-image-preview:large, max-video-preview:-1\" \/>\n<link rel=\"canonical\" href=\"https:\/\/www.xn--tuksimaailm-ffb.ee\/fi\/shop\/zero-10x-sahkopotkulauta-eol\/\" \/>\n<meta property=\"og:locale\" content=\"fi_FI\" \/>\n<meta property=\"og:type\" content=\"article\" \/>\n<meta property=\"og:title\" content=\"Zero 10X s\u00e4hk\u00f6potkulauta (EOL)\" \/>\n<meta property=\"og:description\" content=\"Zero 10X elektrit\u00f5ukeratas. K\u00f5ige mugavamate vedruamortidega maastiku k\u00f5lbulik elektriline t\u00f5ukeratas. Power Zero elektrit\u00f5ukerattad.\" \/>\n<meta property=\"og:url\" content=\"https:\/\/www.xn--tuksimaailm-ffb.ee\/fi\/shop\/zero-10x-sahkopotkulauta-eol\/\" \/>\n<meta property=\"og:site_name\" content=\"T\u00f5uksimaailm\" \/>\n<meta property=\"article:publisher\" content=\"https:\/\/www.facebook.com\/touksimaailm\/\" \/>\n<meta property=\"og:image\" content=\"https:\/\/www.xn--tuksimaailm-ffb.ee\/wp-content\/uploads\/2022\/01\/10x-1.png\" \/>\n\t<meta property=\"og:image:width\" content=\"613\" \/>\n\t<meta property=\"og:image:height\" content=\"775\" \/>\n\t<meta property=\"og:image:type\" content=\"image\/png\" \/>\n<meta name=\"twitter:card\" content=\"summary_large_image\" \/>\n<meta name=\"twitter:label1\" content=\"Hinta\" \/>\n\t<meta name=\"twitter:data1\" content=\"&euro;1,899.00\" \/>\n\t<meta name=\"twitter:label2\" content=\"Saatavuus\" \/>\n\t<meta name=\"twitter:data2\" content=\"Loppu varastosta\" \/>\n<meta property=\"product:price:amount\" content=\"1899.00\" \/>\n<meta property=\"product:price:currency\" content=\"EUR\" \/>\n<meta property=\"og:availability\" content=\"out of stock\" \/>\n<meta property=\"product:availability\" content=\"out of stock\" \/>\n<meta property=\"product:retailer_item_id\" content=\"Zero10X\" \/>\n<meta property=\"product:condition\" content=\"new\" \/>\n<!-- \/ Yoast SEO Premium plugin. -->","yoast_head_json":{"title":"Zero 10X s\u00e4hk\u00f6potkulauta (EOL) | Power Zero | T\u00f5uksimaailm","description":"Zero 10X elektrit\u00f5ukeratas. K\u00f5ige mugavamate vedruamortidega maastiku k\u00f5lbulik elektriline t\u00f5ukeratas. Power Zero elektrit\u00f5ukerattad.","robots":{"index":"index","follow":"follow","max-snippet":"max-snippet:-1","max-image-preview":"max-image-preview:large","max-video-preview":"max-video-preview:-1"},"canonical":"https:\/\/www.xn--tuksimaailm-ffb.ee\/fi\/shop\/zero-10x-sahkopotkulauta-eol\/","og_locale":"fi_FI","og_type":"article","og_title":"Zero 10X s\u00e4hk\u00f6potkulauta (EOL)","og_description":"Zero 10X elektrit\u00f5ukeratas. K\u00f5ige mugavamate vedruamortidega maastiku k\u00f5lbulik elektriline t\u00f5ukeratas. Power Zero elektrit\u00f5ukerattad.","og_url":"https:\/\/www.xn--tuksimaailm-ffb.ee\/fi\/shop\/zero-10x-sahkopotkulauta-eol\/","og_site_name":"T\u00f5uksimaailm","article_publisher":"https:\/\/www.facebook.com\/touksimaailm\/","og_image":[{"width":613,"height":775,"url":"https:\/\/www.xn--tuksimaailm-ffb.ee\/wp-content\/uploads\/2022\/01\/10x-1.png","type":"image\/png"}],"twitter_card":"summary_large_image","twitter_misc":{"Hinta":"&euro;1,899.00","Saatavuus":"Loppu varastosta"},"schema":{"@context":"https:\/\/schema.org","@graph":[{"@type":"WebPage","@id":"https:\/\/www.xn--tuksimaailm-ffb.ee\/fi\/shop\/zero-10x-sahkopotkulauta-eol\/","url":"https:\/\/www.xn--tuksimaailm-ffb.ee\/fi\/shop\/zero-10x-sahkopotkulauta-eol\/","name":"Zero 10X s\u00e4hk\u00f6potkulauta (EOL) | Power Zero | T\u00f5uksimaailm","isPartOf":{"@id":"https:\/\/www.xn--tuksimaailm-ffb.ee\/fi\/#website"},"primaryImageOfPage":{"@id":"https:\/\/www.xn--tuksimaailm-ffb.ee\/fi\/shop\/zero-10x-sahkopotkulauta-eol\/#primaryimage"},"image":{"@id":"https:\/\/www.xn--tuksimaailm-ffb.ee\/fi\/shop\/zero-10x-sahkopotkulauta-eol\/#primaryimage"},"thumbnailUrl":"https:\/\/www.xn--tuksimaailm-ffb.ee\/wp-content\/uploads\/2022\/01\/10x-1.png","datePublished":"2022-01-01T19:28:51+00:00","description":"Zero 10X elektrit\u00f5ukeratas. K\u00f5ige mugavamate vedruamortidega maastiku k\u00f5lbulik elektriline t\u00f5ukeratas. Power Zero elektrit\u00f5ukerattad.","breadcrumb":{"@id":"https:\/\/www.xn--tuksimaailm-ffb.ee\/fi\/shop\/zero-10x-sahkopotkulauta-eol\/#breadcrumb"},"inLanguage":"fi","potentialAction":[{"@type":"ReadAction","target":["https:\/\/www.xn--tuksimaailm-ffb.ee\/fi\/shop\/zero-10x-sahkopotkulauta-eol\/"]}]},{"@type":"ImageObject","inLanguage":"fi","@id":"https:\/\/www.xn--tuksimaailm-ffb.ee\/fi\/shop\/zero-10x-sahkopotkulauta-eol\/#primaryimage","url":"https:\/\/www.xn--tuksimaailm-ffb.ee\/wp-content\/uploads\/2022\/01\/10x-1.png","contentUrl":"https:\/\/www.xn--tuksimaailm-ffb.ee\/wp-content\/uploads\/2022\/01\/10x-1.png","width":613,"height":775},{"@type":"BreadcrumbList","@id":"https:\/\/www.xn--tuksimaailm-ffb.ee\/fi\/shop\/zero-10x-sahkopotkulauta-eol\/#breadcrumb","itemListElement":[{"@type":"ListItem","position":1,"name":"Home","item":"https:\/\/www.xn--tuksimaailm-ffb.ee\/fi\/kotisivu\/"},{"@type":"ListItem","position":2,"name":"Kauppa","item":"https:\/\/www.xn--tuksimaailm-ffb.ee\/elektritoukerataste-pood\/"},{"@type":"ListItem","position":3,"name":"Zero 10X s\u00e4hk\u00f6potkulauta (EOL)"}]},{"@type":"WebSite","@id":"https:\/\/www.xn--tuksimaailm-ffb.ee\/fi\/#website","url":"https:\/\/www.xn--tuksimaailm-ffb.ee\/fi\/","name":"T\u00f5uksimaailm","description":"Elektrit\u00f5ukerataste m\u00fc\u00fck, remont ja rent","publisher":{"@id":"https:\/\/www.xn--tuksimaailm-ffb.ee\/fi\/#organization"},"potentialAction":[{"@type":"SearchAction","target":{"@type":"EntryPoint","urlTemplate":"https:\/\/www.xn--tuksimaailm-ffb.ee\/fi\/?s={search_term_string}"},"query-input":{"@type":"PropertyValueSpecification","valueRequired":true,"valueName":"search_term_string"}}],"inLanguage":"fi"},{"@type":"Organization","@id":"https:\/\/www.xn--tuksimaailm-ffb.ee\/fi\/#organization","name":"T\u00f5uksimaailm","url":"https:\/\/www.xn--tuksimaailm-ffb.ee\/fi\/","logo":{"@type":"ImageObject","inLanguage":"fi","@id":"https:\/\/www.xn--tuksimaailm-ffb.ee\/fi\/#\/schema\/logo\/image\/","url":"https:\/\/www.xn--tuksimaailm-ffb.ee\/wp-content\/uploads\/2020\/01\/logoz-e1579792875517.png","contentUrl":"https:\/\/www.xn--tuksimaailm-ffb.ee\/wp-content\/uploads\/2020\/01\/logoz-e1579792875517.png","width":250,"height":250,"caption":"T\u00f5uksimaailm"},"image":{"@id":"https:\/\/www.xn--tuksimaailm-ffb.ee\/fi\/#\/schema\/logo\/image\/"},"sameAs":["https:\/\/www.facebook.com\/touksimaailm\/","https:\/\/www.instagram.com\/touksimaailm_\/","https:\/\/www.youtube.com\/channel\/UC18ml0EKIDLP1xGuQjFzcXQ"]}]},"product_price_amount":"1899.00","product_price_currency":"EUR","og_availability":"out of stock","product_availability":"out of stock","product_retailer_item_id":"Zero10X","product_condition":"new"},"jetpack_sharing_enabled":true,"_links":{"self":[{"href":"https:\/\/www.xn--tuksimaailm-ffb.ee\/fi\/wp-json\/wp\/v2\/product\/50402","targetHints":{"allow":["GET"]}}],"collection":[{"href":"https:\/\/www.xn--tuksimaailm-ffb.ee\/fi\/wp-json\/wp\/v2\/product"}],"about":[{"href":"https:\/\/www.xn--tuksimaailm-ffb.ee\/fi\/wp-json\/wp\/v2\/types\/product"}],"wp:featuredmedia":[{"embeddable":true,"href":"https:\/\/www.xn--tuksimaailm-ffb.ee\/fi\/wp-json\/wp\/v2\/media\/24013"}],"wp:attachment":[{"href":"https:\/\/www.xn--tuksimaailm-ffb.ee\/fi\/wp-json\/wp\/v2\/media?parent=50402"}],"wp:term":[{"taxonomy":"product_brand","embeddable":true,"href":"https:\/\/www.xn--tuksimaailm-ffb.ee\/fi\/wp-json\/wp\/v2\/product_brand?post=50402"},{"taxonomy":"product_cat","embeddable":true,"href":"https:\/\/www.xn--tuksimaailm-ffb.ee\/fi\/wp-json\/wp\/v2\/product_cat?post=50402"},{"taxonomy":"product_tag","embeddable":true,"href":"https:\/\/www.xn--tuksimaailm-ffb.ee\/fi\/wp-json\/wp\/v2\/product_tag?post=50402"},{"taxonomy":"filter_elektritoukeratas","embeddable":true,"href":"https:\/\/www.xn--tuksimaailm-ffb.ee\/fi\/wp-json\/wp\/v2\/filter_elektritoukeratas?post=50402"}],"curies":[{"name":"wp","href":"https:\/\/api.w.org\/{rel}","templated":true}]}}