{"id":50403,"date":"2022-01-01T14:55:30","date_gmt":"2022-01-01T11:55:30","guid":{"rendered":"http:\/\/www.xn--tuksimaailm-ffb.ee\/shop\/kugoo-s1-sahkopotkulauta-eol\/"},"modified":"2022-01-01T14:55:30","modified_gmt":"2022-01-01T11:55:30","slug":"kugoo-s1-sahkopotkulauta-eol","status":"publish","type":"product","link":"https:\/\/www.xn--tuksimaailm-ffb.ee\/fi\/shop\/kugoo-s1-sahkopotkulauta-eol\/","title":{"rendered":"Kugoo S1 s\u00e4hk\u00f6potkulauta (EOL)"},"content":{"rendered":"<h2 style=\"text-align: center;\">KUGOO S1 S\u00c4HK\u00d6POTKULAUTA - TUOTEKUVAUS<\/h2>\n<p>Kugoo S1 -s\u00e4hk\u00f6skootteri on yksi suosituimmista s\u00e4hk\u00f6skoottereista hintaluokassaan Virossa. Muihin saman luokan malleihin verrattuna S1-s\u00e4hk\u00f6skootteri on varustettu puhkeamattomilla renkailla. Niiden ansiosta sinun ei tarvitse koskaan k\u00e4yd\u00e4 korjaamolla S1-s\u00e4hk\u00f6skootterin kanssa rengasrikon takia. Kuten kaikki Kugoo-s\u00e4hk\u00f6skootterit, S1 tarjoaa paljon sis\u00e4lt\u00f6\u00e4 hintaansa n\u00e4hden. Korkeuss\u00e4\u00e4dett\u00e4v\u00e4 ohjaustanko tekee Kugoo S1 -s\u00e4hk\u00f6skootterista mukavan my\u00f6s pidemmille kuljettajille. Koska umpikumirenkaat aiheuttavat enemm\u00e4n t\u00e4rin\u00e4\u00e4 kuin ilmarenkaat, s\u00e4hk\u00f6skootteri on varustettu etu- ja taka-iskunvaimentimilla, jotka auttavat neutraloimaan t\u00e4rin\u00e4\u00e4 ajon aikana.<\/p>\n<p style=\"caret-color: #000000; color: #000000;\">Skootterimaailman s\u00e4hk\u00f6skootterivalikoimaan kuuluu Kugoo S1 -s\u00e4hk\u00f6potkulauta, jossa on\u00a0<strong>36V\/6Ah\/216Wh<\/strong>litiumakku. Kun akku on ladattu 100-prosenttisesti t\u00e4yteen, S1:ll\u00e4 voi ajaa\u00a0<strong>jopa 25 km.<\/strong>\u00a0Kuten mink\u00e4 tahansa s\u00e4hk\u00f6potkulautan kohdalla, realistinen matka, jonka keskipainoinen henkil\u00f6 voi kulkea keskivertovauhdilla t\u00e4ysin ladatulla akulla, on S1:n kohdalla todenn\u00e4k\u00f6isemmin 12 - 20 km.<\/p>\n<p style=\"caret-color: #000000; color: #000000;\">Kugoo S1 -s\u00e4hk\u00f6potkulauta on varustettu taittomekanismilla, joka mahdollistaa s\u00e4hk\u00f6potkulautan eritt\u00e4in nopean taittamisen kuljetusasentoon. Taitto tapahtuu v\u00e4litt\u00f6m\u00e4sti jalustan edess\u00e4, mik\u00e4 takaa s\u00e4hk\u00f6potkulaitteen eritt\u00e4in lyhyen pituuden taitettuna ja tekee S1-s\u00e4hk\u00f6potkulaitteen pakkaamisesta esimerkiksi auton takakonttiin eritt\u00e4in helppoa. S1-s\u00e4hk\u00f6skootteri on varustettu\u00a0<strong>350W:n<\/strong>\u00a0harjattomalla s\u00e4hk\u00f6moottorilla.<\/p>\n<p><img decoding=\"async\" class=\"wp-image-7309 aligncenter\" src=\"http:\/\/www.xn--tuksimaailm-ffb.ee\/wp-content\/uploads\/2022\/01\/Kugoo-S1-2a-300x109.png\" alt=\"kugoo s1 elektrit\u00f5ukeratas elektrit\u00f5ukerattad elektriline t\u00f5ukeratas\" width=\"779\" height=\"283\" srcset=\"https:\/\/www.xn--tuksimaailm-ffb.ee\/wp-content\/uploads\/2022\/01\/Kugoo-S1-2a-300x109.png 300w, https:\/\/www.xn--tuksimaailm-ffb.ee\/wp-content\/uploads\/2022\/01\/Kugoo-S1-2a-768x278.png 768w, https:\/\/www.xn--tuksimaailm-ffb.ee\/wp-content\/uploads\/2022\/01\/Kugoo-S1-2a-611x221.png 611w, https:\/\/www.xn--tuksimaailm-ffb.ee\/wp-content\/uploads\/2022\/01\/Kugoo-S1-2a-600x217.png 600w, https:\/\/www.xn--tuksimaailm-ffb.ee\/wp-content\/uploads\/2022\/01\/Kugoo-S1-2a.png 933w\" sizes=\"(max-width: 779px) 100vw, 779px\" \/><\/p>\n<h2 style=\"text-align: center;\">S1 S\u00c4HK\u00d6POTKULAUTA - TEKNINEN KUVAUS<\/h2>\n<p style=\"caret-color: #000000; color: #000000;\">Kugoo on tunnettu nimi It\u00e4-Euroopassa ja Baltian alueella, mutta viime vuosina yh\u00e4 useammin my\u00f6s muualla Euroopassa. Kugoo-s\u00e4hk\u00f6skootterit ovat l\u00f6yt\u00e4neet tiens\u00e4 ihmisten syd\u00e4miin juuri erinomaisen hinta-laatusuhteensa ansiosta, sill\u00e4 ne ovat usein paljon edullisempia vaihtoehtoja Segwayn ja Inokimin kaltaisille merkeille. S1-s\u00e4hk\u00f6skootteri on my\u00f6s turvallinen valinta, sill\u00e4 s\u00e4hk\u00f6potkulautan teho (350W) on alle 1kW, joka on liikennelain mukaan Virossa s\u00e4hk\u00f6k\u00e4ytt\u00f6iselle kevytskootterille sallittu enimm\u00e4isteho. Kugoo S1 -s\u00e4hk\u00f6skootterilla voi siis ajaa rangaistuksetta kevyen liikenteen v\u00e4ylill\u00e4 ja py\u00f6r\u00e4teill\u00e4. Lain mukaan valmistajan ilmoittama nopeus s\u00e4hk\u00f6potkulaudalle on\u00a0<strong>25km\/h<\/strong>ulosajonopeus.<\/p>\n<p style=\"caret-color: #000000; color: #000000;\">S1-mallin kantavuus on jopa\u00a0<strong>120 kg<\/strong>. Akun t\u00e4yteen lataaminen kest\u00e4\u00e4 vain\u00a0<strong>4 tuntia<\/strong>\u00a0pakkauksessa olevalla laturilla. Kugoo S1 -s\u00e4hk\u00f6potkulauta on my\u00f6s varustettu etu-, sivu- ja takavaloilla. Etuvalo on riitt\u00e4v\u00e4n tehokas ja sen valoteho on hyv\u00e4, joten ohjaustankoon ei tarvitse asentaa lis\u00e4valoja pime\u00e4ss\u00e4 ajamista varten.\u00a0<a>Kyp\u00e4r\u00e4n<\/a>\u00a0k\u00e4ytt\u00e4minen on eritt\u00e4in suositeltavaa, kun ajetaan s\u00e4hk\u00f6moottorilla. Alle 16-vuotiaille s\u00e4hk\u00f6skootterilla ajaville kyp\u00e4r\u00e4n k\u00e4ytt\u00f6 ajon aikana on\u00a0<a href=\"https:\/\/www.riigiteataja.ee\/akt\/113112020001\">lain<\/a>\u00a0mukaan pakollista\u00a0<a href=\"https:\/\/www.riigiteataja.ee\/akt\/113112020001\">.<\/a>\u00a0Kaikki s\u00e4hk\u00f6skootterit l\u00f6ytyv\u00e4t\u00a0<a href=\"http:\/\/www.xn--tuksimaailm-ffb.ee\/tootekategooria\/elektritoukeratas\/\"><strong>t\u00e4\u00e4lt\u00e4<\/strong><\/a>.<\/p>\n","protected":false},"excerpt":{"rendered":"<p style=\"caret-color: #000000; color: #000000;\">Malli: Kugoo S1 Akku: 48V\/6Ah\/216Wh Moottorin teho: 350W Ajos\u00e4de: jopa 25km Jarrut: s\u00e4hk\u00f6inen moottorijarru edess\u00e4, takajarru jalkajarru (poljin polkimelle) Latausaika: 4h Painorajoitus: enint\u00e4\u00e4n 120kg Nopeus (rajoitettu): 25km\/h Paino: 11kg Renkaat: 8\u201d umpikumirenkaat Iskunvaimentimet: iskunvaimentimet edess\u00e4 ja takana Maksimikaltevuus tiell\u00e4: 15 astetta\u00a0<strong>HUOM!<\/strong>\u00a0Kugoo S1 s\u00e4hk\u00f6skootteri on valitettavasti loppunut varastosta, suosittelemme korvaavaa mallia samassa hintaluokassa:\u00a0<a href=\"http:\/\/www.xn--tuksimaailm-ffb.ee\/shop\/xiaomi-1s-elektritoukeratas\/\"><strong>Xiaomi 1S<\/strong><\/a><strong>,\u00a0<\/strong><a href=\"http:\/\/www.xn--tuksimaailm-ffb.ee\/shop\/xiaomi-mi-essential-elektritoukeratas\/\"><strong>Xiaomi Essential<\/strong><\/a><strong>.<\/strong><\/p>\n","protected":false},"featured_media":24002,"template":"","meta":[],"product_brand":[],"product_cat":[926],"product_tag":[],"filter_elektritoukeratas":[],"class_list":{"0":"post-50403","1":"product","2":"type-product","3":"status-publish","4":"has-post-thumbnail","6":"product_cat-sahkopotkulaudat-fi","7":"product_shipping_class-keskmine-pakk-fi","8":"pa_aku-mahutavus-wh-216-fi","9":"pa_kaal-kg-11-fi","10":"pa_kandevoime-kg-120-fi","11":"pa_labisoit-arvutuslik-km-14-fi","12":"pa_mootorite-arv-uhe-mootoriga-fi","13":"pa_piiramata-tippkiirus-kmh-25-fi","14":"pa_tootetuup-elektritoukeratas-fi","15":"pa_valmistaja-kugoo-fi","16":"pa_voimsus-w-350-fi","18":"first","19":"outofstock","20":"taxable","21":"shipping-taxable","22":"purchasable","23":"product-type-simple"},"yoast_head":"<!-- This site is optimized with the Yoast SEO Premium plugin v26.8 (Yoast SEO v27.5) - https:\/\/yoast.com\/product\/yoast-seo-premium-wordpress\/ -->\n<title>Kugoo S1 s\u00e4hk\u00f6potkulauta (EOL) | Torkekindlad | T\u00f5uksimaailm<\/title>\n<meta name=\"description\" content=\"Kugoo S1 elektrit\u00f5ukeratas. Purunemiskindlate rehvidega varustatud kompaktne elektriline t\u00f5ukeratas. Soodsad Kugoo elektrit\u00f5ukerattad.\" \/>\n<meta name=\"robots\" content=\"index, follow, max-snippet:-1, max-image-preview:large, max-video-preview:-1\" \/>\n<link rel=\"canonical\" href=\"https:\/\/www.xn--tuksimaailm-ffb.ee\/fi\/shop\/kugoo-s1-sahkopotkulauta-eol\/\" \/>\n<meta property=\"og:locale\" content=\"fi_FI\" \/>\n<meta property=\"og:type\" content=\"article\" \/>\n<meta property=\"og:title\" content=\"Kugoo S1 s\u00e4hk\u00f6potkulauta (EOL)\" \/>\n<meta property=\"og:description\" content=\"Kugoo S1 elektrit\u00f5ukeratas. Purunemiskindlate rehvidega varustatud kompaktne elektriline t\u00f5ukeratas. Soodsad Kugoo elektrit\u00f5ukerattad.\" \/>\n<meta property=\"og:url\" content=\"https:\/\/www.xn--tuksimaailm-ffb.ee\/fi\/shop\/kugoo-s1-sahkopotkulauta-eol\/\" \/>\n<meta property=\"og:site_name\" content=\"T\u00f5uksimaailm\" \/>\n<meta property=\"article:publisher\" content=\"https:\/\/www.facebook.com\/touksimaailm\/\" \/>\n<meta property=\"og:image\" content=\"https:\/\/www.xn--tuksimaailm-ffb.ee\/wp-content\/uploads\/2022\/01\/Kugoo-S1-1.png\" \/>\n\t<meta property=\"og:image:width\" content=\"881\" \/>\n\t<meta property=\"og:image:height\" content=\"891\" \/>\n\t<meta property=\"og:image:type\" content=\"image\/png\" \/>\n<meta name=\"twitter:card\" content=\"summary_large_image\" \/>\n<meta name=\"twitter:label1\" content=\"Hinta\" \/>\n\t<meta name=\"twitter:data1\" content=\"&euro;369.00\" \/>\n\t<meta name=\"twitter:label2\" content=\"Saatavuus\" \/>\n\t<meta name=\"twitter:data2\" content=\"Loppu varastosta\" \/>\n<meta property=\"product:price:amount\" content=\"369.00\" \/>\n<meta property=\"product:price:currency\" content=\"EUR\" \/>\n<meta property=\"og:availability\" content=\"out of stock\" \/>\n<meta property=\"product:availability\" content=\"out of stock\" \/>\n<meta property=\"product:retailer_item_id\" content=\"KugooS1\" \/>\n<meta property=\"product:condition\" content=\"new\" \/>\n<!-- \/ Yoast SEO Premium plugin. -->","yoast_head_json":{"title":"Kugoo S1 s\u00e4hk\u00f6potkulauta (EOL) | Torkekindlad | T\u00f5uksimaailm","description":"Kugoo S1 elektrit\u00f5ukeratas. Purunemiskindlate rehvidega varustatud kompaktne elektriline t\u00f5ukeratas. Soodsad Kugoo elektrit\u00f5ukerattad.","robots":{"index":"index","follow":"follow","max-snippet":"max-snippet:-1","max-image-preview":"max-image-preview:large","max-video-preview":"max-video-preview:-1"},"canonical":"https:\/\/www.xn--tuksimaailm-ffb.ee\/fi\/shop\/kugoo-s1-sahkopotkulauta-eol\/","og_locale":"fi_FI","og_type":"article","og_title":"Kugoo S1 s\u00e4hk\u00f6potkulauta (EOL)","og_description":"Kugoo S1 elektrit\u00f5ukeratas. Purunemiskindlate rehvidega varustatud kompaktne elektriline t\u00f5ukeratas. Soodsad Kugoo elektrit\u00f5ukerattad.","og_url":"https:\/\/www.xn--tuksimaailm-ffb.ee\/fi\/shop\/kugoo-s1-sahkopotkulauta-eol\/","og_site_name":"T\u00f5uksimaailm","article_publisher":"https:\/\/www.facebook.com\/touksimaailm\/","og_image":[{"width":881,"height":891,"url":"https:\/\/www.xn--tuksimaailm-ffb.ee\/wp-content\/uploads\/2022\/01\/Kugoo-S1-1.png","type":"image\/png"}],"twitter_card":"summary_large_image","twitter_misc":{"Hinta":"&euro;369.00","Saatavuus":"Loppu varastosta"},"schema":{"@context":"https:\/\/schema.org","@graph":[{"@type":"WebPage","@id":"https:\/\/www.xn--tuksimaailm-ffb.ee\/fi\/shop\/kugoo-s1-sahkopotkulauta-eol\/","url":"https:\/\/www.xn--tuksimaailm-ffb.ee\/fi\/shop\/kugoo-s1-sahkopotkulauta-eol\/","name":"Kugoo S1 s\u00e4hk\u00f6potkulauta (EOL) | Torkekindlad | T\u00f5uksimaailm","isPartOf":{"@id":"https:\/\/www.xn--tuksimaailm-ffb.ee\/fi\/#website"},"primaryImageOfPage":{"@id":"https:\/\/www.xn--tuksimaailm-ffb.ee\/fi\/shop\/kugoo-s1-sahkopotkulauta-eol\/#primaryimage"},"image":{"@id":"https:\/\/www.xn--tuksimaailm-ffb.ee\/fi\/shop\/kugoo-s1-sahkopotkulauta-eol\/#primaryimage"},"thumbnailUrl":"https:\/\/www.xn--tuksimaailm-ffb.ee\/wp-content\/uploads\/2022\/01\/Kugoo-S1-1.png","datePublished":"2022-01-01T11:55:30+00:00","description":"Kugoo S1 elektrit\u00f5ukeratas. Purunemiskindlate rehvidega varustatud kompaktne elektriline t\u00f5ukeratas. Soodsad Kugoo elektrit\u00f5ukerattad.","breadcrumb":{"@id":"https:\/\/www.xn--tuksimaailm-ffb.ee\/fi\/shop\/kugoo-s1-sahkopotkulauta-eol\/#breadcrumb"},"inLanguage":"fi","potentialAction":[{"@type":"ReadAction","target":["https:\/\/www.xn--tuksimaailm-ffb.ee\/fi\/shop\/kugoo-s1-sahkopotkulauta-eol\/"]}]},{"@type":"ImageObject","inLanguage":"fi","@id":"https:\/\/www.xn--tuksimaailm-ffb.ee\/fi\/shop\/kugoo-s1-sahkopotkulauta-eol\/#primaryimage","url":"https:\/\/www.xn--tuksimaailm-ffb.ee\/wp-content\/uploads\/2022\/01\/Kugoo-S1-1.png","contentUrl":"https:\/\/www.xn--tuksimaailm-ffb.ee\/wp-content\/uploads\/2022\/01\/Kugoo-S1-1.png","width":881,"height":891},{"@type":"BreadcrumbList","@id":"https:\/\/www.xn--tuksimaailm-ffb.ee\/fi\/shop\/kugoo-s1-sahkopotkulauta-eol\/#breadcrumb","itemListElement":[{"@type":"ListItem","position":1,"name":"Home","item":"https:\/\/www.xn--tuksimaailm-ffb.ee\/fi\/kotisivu\/"},{"@type":"ListItem","position":2,"name":"Kauppa","item":"https:\/\/www.xn--tuksimaailm-ffb.ee\/elektritoukerataste-pood\/"},{"@type":"ListItem","position":3,"name":"Kugoo S1 s\u00e4hk\u00f6potkulauta (EOL)"}]},{"@type":"WebSite","@id":"https:\/\/www.xn--tuksimaailm-ffb.ee\/fi\/#website","url":"https:\/\/www.xn--tuksimaailm-ffb.ee\/fi\/","name":"T\u00f5uksimaailm","description":"Elektrit\u00f5ukerataste m\u00fc\u00fck, remont ja rent","publisher":{"@id":"https:\/\/www.xn--tuksimaailm-ffb.ee\/fi\/#organization"},"potentialAction":[{"@type":"SearchAction","target":{"@type":"EntryPoint","urlTemplate":"https:\/\/www.xn--tuksimaailm-ffb.ee\/fi\/?s={search_term_string}"},"query-input":{"@type":"PropertyValueSpecification","valueRequired":true,"valueName":"search_term_string"}}],"inLanguage":"fi"},{"@type":"Organization","@id":"https:\/\/www.xn--tuksimaailm-ffb.ee\/fi\/#organization","name":"T\u00f5uksimaailm","url":"https:\/\/www.xn--tuksimaailm-ffb.ee\/fi\/","logo":{"@type":"ImageObject","inLanguage":"fi","@id":"https:\/\/www.xn--tuksimaailm-ffb.ee\/fi\/#\/schema\/logo\/image\/","url":"https:\/\/www.xn--tuksimaailm-ffb.ee\/wp-content\/uploads\/2020\/01\/logoz-e1579792875517.png","contentUrl":"https:\/\/www.xn--tuksimaailm-ffb.ee\/wp-content\/uploads\/2020\/01\/logoz-e1579792875517.png","width":250,"height":250,"caption":"T\u00f5uksimaailm"},"image":{"@id":"https:\/\/www.xn--tuksimaailm-ffb.ee\/fi\/#\/schema\/logo\/image\/"},"sameAs":["https:\/\/www.facebook.com\/touksimaailm\/","https:\/\/www.instagram.com\/touksimaailm_\/","https:\/\/www.youtube.com\/channel\/UC18ml0EKIDLP1xGuQjFzcXQ"]}]},"product_price_amount":"369.00","product_price_currency":"EUR","og_availability":"out of stock","product_availability":"out of stock","product_retailer_item_id":"KugooS1","product_condition":"new"},"jetpack_sharing_enabled":true,"_links":{"self":[{"href":"https:\/\/www.xn--tuksimaailm-ffb.ee\/fi\/wp-json\/wp\/v2\/product\/50403","targetHints":{"allow":["GET"]}}],"collection":[{"href":"https:\/\/www.xn--tuksimaailm-ffb.ee\/fi\/wp-json\/wp\/v2\/product"}],"about":[{"href":"https:\/\/www.xn--tuksimaailm-ffb.ee\/fi\/wp-json\/wp\/v2\/types\/product"}],"wp:featuredmedia":[{"embeddable":true,"href":"https:\/\/www.xn--tuksimaailm-ffb.ee\/fi\/wp-json\/wp\/v2\/media\/24002"}],"wp:attachment":[{"href":"https:\/\/www.xn--tuksimaailm-ffb.ee\/fi\/wp-json\/wp\/v2\/media?parent=50403"}],"wp:term":[{"taxonomy":"product_brand","embeddable":true,"href":"https:\/\/www.xn--tuksimaailm-ffb.ee\/fi\/wp-json\/wp\/v2\/product_brand?post=50403"},{"taxonomy":"product_cat","embeddable":true,"href":"https:\/\/www.xn--tuksimaailm-ffb.ee\/fi\/wp-json\/wp\/v2\/product_cat?post=50403"},{"taxonomy":"product_tag","embeddable":true,"href":"https:\/\/www.xn--tuksimaailm-ffb.ee\/fi\/wp-json\/wp\/v2\/product_tag?post=50403"},{"taxonomy":"filter_elektritoukeratas","embeddable":true,"href":"https:\/\/www.xn--tuksimaailm-ffb.ee\/fi\/wp-json\/wp\/v2\/filter_elektritoukeratas?post=50403"}],"curies":[{"name":"wp","href":"https:\/\/api.w.org\/{rel}","templated":true}]}}