{"id":50426,"date":"2021-12-29T21:18:58","date_gmt":"2021-12-29T18:18:58","guid":{"rendered":"http:\/\/www.xn--tuksimaailm-ffb.ee\/shop\/kugoo-g-booster-sahkopotkulauta-eol\/"},"modified":"2021-12-29T21:18:58","modified_gmt":"2021-12-29T18:18:58","slug":"kugoo-g-booster-sahkopotkulauta-eol","status":"publish","type":"product","link":"https:\/\/www.xn--tuksimaailm-ffb.ee\/fi\/shop\/kugoo-g-booster-sahkopotkulauta-eol\/","title":{"rendered":"Kugoo G-Booster s\u00e4hk\u00f6potkulauta (EOL)"},"content":{"rendered":"<h2 style=\"text-align: center;\">KUGOO G-BOOSTER S\u00c4HK\u00d6POTKULAUTA - TUOTEKUVAUS<\/h2>\n<p style=\"caret-color: #000000; color: #000000;\">Kugoo G-Booster -s\u00e4hk\u00f6skootteri on yksi Viron suosituimmista kaksimoottorisista \/ kaksivetoisten, tehokkaista ja nopeista s\u00e4hk\u00f6skoottereista, ja hyv\u00e4st\u00e4 syyst\u00e4. G-Booster-s\u00e4hk\u00f6skootteri on yksi maailman parhaista hinta-laatusuhteeltaan (teho, huippunopeus, kiihtyvyys) s\u00e4hk\u00f6skoottereista. Lis\u00e4ksi Kugoo G-Booster -s\u00e4hk\u00f6skootterit ovat my\u00f6s ulkon\u00e4\u00f6lt\u00e4\u00e4n eritt\u00e4in silmiinpist\u00e4vi\u00e4, sill\u00e4 niiss\u00e4 on yksipuoliset (<a href=\"http:\/\/www.xn--tuksimaailm-ffb.ee\/inokim-elektritoukeratas\/\">Inokimin kaltaiset<\/a>\u00a0) py\u00f6r\u00e4kotelot, jotka on liitetty py\u00f6r\u00e4n etuosaan vasemmalta puolelta ja takaosaan oikealta puolelta, mik\u00e4 takaa ihanteellisen painon jakautumisen. Mustan ja punaisen v\u00e4rimaailman ansiosta G-Booster-s\u00e4hk\u00f6skootterin muotoilussa on ripauksen voimaa.<\/p>\n<p style=\"caret-color: #000000; color: #000000;\">Kugoo G-Booster -s\u00e4hk\u00f6skootteri on varustettu suurella\u00a0<strong>48V\/23Ah\/1104Wh<\/strong>\u00a0Li-Ion-akulla. Se voi kulkea\u00a0<strong>jopa 85 km<\/strong>hitaalla vauhdilla yhdell\u00e4 latauksella. Kuten mink\u00e4 tahansa s\u00e4hk\u00f6potkulaudan kohdalla, realistinen matka, jonka keskipainoinen virolainen voi kulkea keskivertovauhdilla t\u00e4ydell\u00e4 akulla, on 45-65 km.<\/p>\n<p style=\"caret-color: #000000; color: #000000;\">Kugoo G-Booster -s\u00e4hk\u00f6skootterissa on eritt\u00e4in omaper\u00e4inen ja yksinkertainen ratkaisu taittoj\u00e4rjestelm\u00e4n lukitsemiseen. Se koostuu p\u00e4\u00e4asiassa ty\u00f6kaluttomasta ruuvista ja kolmion muotoisesta metallinpalasta, jota k\u00e4ytet\u00e4\u00e4n painamaan s\u00e4hk\u00f6potkulaitteen haarukka ja varsi tiukasti yhteen. T\u00e4m\u00e4 ratkaisu on teknisesti hyvin yksinkertainen mutta eritt\u00e4in kest\u00e4v\u00e4. Kugoo G-Booster -s\u00e4hk\u00f6potkulauta on varustettu kahdella\u00a0<strong>1200 W:n<\/strong>\u00a0s\u00e4hk\u00f6moottorilla, jotka pystyv\u00e4t saavuttamaan jopa\u00a0<strong>55 km\/h<\/strong>\u00a0nopeuden yksityisteill\u00e4, kun ne on viritetty.<\/p>\n<p><img decoding=\"async\" class=\" wp-image-7265 aligncenter\" src=\"http:\/\/www.xn--tuksimaailm-ffb.ee\/wp-content\/uploads\/2021\/12\/G-Booster-4a-300x153.png\" alt=\"kugoo g-booster elektrit\u00f5ukeratas elektrit\u00f5ukerattad elektriline t\u00f5ukeratas\" width=\"668\" height=\"340\" srcset=\"https:\/\/www.xn--tuksimaailm-ffb.ee\/wp-content\/uploads\/2021\/12\/G-Booster-4a-300x153.png 300w, https:\/\/www.xn--tuksimaailm-ffb.ee\/wp-content\/uploads\/2021\/12\/G-Booster-4a-768x392.png 768w, https:\/\/www.xn--tuksimaailm-ffb.ee\/wp-content\/uploads\/2021\/12\/G-Booster-4a-587x300.png 587w, https:\/\/www.xn--tuksimaailm-ffb.ee\/wp-content\/uploads\/2021\/12\/G-Booster-4a-600x306.png 600w, https:\/\/www.xn--tuksimaailm-ffb.ee\/wp-content\/uploads\/2021\/12\/G-Booster-4a.png 889w\" sizes=\"(max-width: 668px) 100vw, 668px\" \/><\/p>\n<h2 style=\"text-align: center;\">G-BOOSTER S\u00c4HK\u00d6POTKULAUTA - TEKNINEN KUVAUS<\/h2>\n<p style=\"caret-color: #000000; color: #000000;\">Kugoo on s\u00e4hk\u00f6skootterien tuotemerkki, joka on suosittu p\u00e4\u00e4asiassa It\u00e4-Euroopassa ja Baltian maissa, mutta viime vuosina my\u00f6s yh\u00e4 useammin kaikkialla muualla Euroopassa. Kugoo-s\u00e4hk\u00f6skootterit ovat l\u00f6yt\u00e4neet tiens\u00e4 ihmisten syd\u00e4miin nimenomaan erinomaisen hinta-laatusuhteensa ansiosta, sill\u00e4 ne ovat usein l\u00e4hes puolet halvempia kuin premium-merkit, kuten\u00a0<a href=\"http:\/\/www.xn--tuksimaailm-ffb.ee\/inokim-elektritoukeratas\/\">Inokim<\/a>\u00a0ja\u00a0<a href=\"http:\/\/www.xn--tuksimaailm-ffb.ee\/vsett\/\">Vsett<\/a>. Kugoo G-Booster -s\u00e4hk\u00f6skootteri on tehokkaampi kuin Virossa s\u00e4hk\u00f6k\u00e4ytt\u00f6isille kevytskoottereille sallittu enimm\u00e4isteho (1000W \/ 1kw). Siksi G-Booster-s\u00e4hk\u00f6skootteria ei saa k\u00e4ytt\u00e4\u00e4 kaupungissa tai muilla yleisill\u00e4 teill\u00e4, vaan sill\u00e4 saa ajaa vain yksityisteill\u00e4. Muussa tapauksessa t\u00e4ll\u00e4 s\u00e4hk\u00f6skootterilla ajaminen on ajoneuvon omistajan omalla vastuulla. Lain mukaan s\u00e4hk\u00f6skootterin huippunopeus on elektronisesti rajoitettu\u00a0<strong>25 km\/h:iin\u00a0<\/strong>, kun se poistetaan laatikosta.<\/p>\n<p style=\"caret-color: #000000; color: #000000;\">Tukevan rakenteensa ansiosta s\u00e4hk\u00f6k\u00e4ytt\u00f6isten lastenrattaiden enimm\u00e4iskantavuus on\u00a0<strong>120 kg.<\/strong>\u00a0Akun t\u00e4yteen lataaminen 100 % tyhj\u00e4st\u00e4 kest\u00e4\u00e4\u00a0<strong>10 tuntia<\/strong>\u00a0s\u00e4hk\u00f6potkulaitteen laatikossa olevalla laturilla. Kugoo G-Boosterin eteen asennetut\u00a0<strong>LED-valot<\/strong>\u00a0ovat my\u00f6s eritt\u00e4in vaikuttavat. Vaikka niiden muotoilu on usein kiistanalainen, niiden tehokkuutta pime\u00e4ss\u00e4 ei voi kiist\u00e4\u00e4. T\u00e4m\u00e4n s\u00e4hk\u00f6skootterin ohjaustankoon ei todellakaan tarvitse asentaa lis\u00e4valoja.\u00a0<a>Kyp\u00e4r\u00e4n<\/a>\u00a0k\u00e4ytt\u00f6 on eritt\u00e4in suositeltavaa, kun ajetaan tehokkaalla s\u00e4hk\u00f6skootterilla. Alle 16-vuotiaiden s\u00e4hk\u00f6skootterilla ajavien on\u00a0<a href=\"https:\/\/www.riigiteataja.ee\/akt\/113112020001\">lain<\/a>\u00a0mukaan pakko k\u00e4ytt\u00e4\u00e4 kyp\u00e4r\u00e4\u00e4 ajaessaan\u00a0<a href=\"https:\/\/www.riigiteataja.ee\/akt\/113112020001\">.<\/a>\u00a0Kaikki s\u00e4hk\u00f6skootterit l\u00f6ytyv\u00e4t\u00a0<a href=\"http:\/\/www.xn--tuksimaailm-ffb.ee\/tootekategooria\/elektritoukeratas\/\"><strong>t\u00e4\u00e4lt\u00e4<\/strong><\/a>.<\/p>\n","protected":false},"excerpt":{"rendered":"<p style=\"caret-color: #000000; color: #000000;\">Malli: Kugoo G-Booster (2021, EU)\u00a0<\/p>\n<p style=\"caret-color: #000000; color: #000000;\">Akku: 48V\/23Ah\/1104Wh\u00a0<\/p>\n<p style=\"caret-color: #000000; color: #000000;\">Moottorin teho: 2x1200W\u00a0<\/p>\n<p style=\"caret-color: #000000; color: #000000;\">Ajomatka: jopa 85 km\u00a0<\/p>\n<p style=\"caret-color: #000000; color: #000000;\">Jarrut: mekaaniset levyjarrut edess\u00e4 ja takana.\u00a0<\/p>\n<p style=\"caret-color: #000000; color: #000000;\">Latausaika: 10h\u00a0<\/p>\n<p style=\"caret-color: #000000; color: #000000;\">Painorajoitus: 120kg\u00a0<\/p>\n<p style=\"caret-color: #000000; color: #000000;\">Suurin nopeus (ilman elektronista rajoitinta): 55km\/h\u00a0<\/p>\n<p style=\"caret-color: #000000; color: #000000;\">Nopeus (rajoitettu): 25km\/h Paino: 30kg.\u00a0<\/p>\n<p style=\"caret-color: #000000; color: #000000;\">Renkaat: 10-tuumaiset - 85\/65-6.5 ilmarenkaat, joissa on sis\u00e4putki.\u00a0<\/p>\n<p style=\"caret-color: #000000; color: #000000;\">Jousitus: kumiholkkityyppinen Suurin kaltevuus tiell\u00e4: 35 astetta.<\/p>\n<p style=\"caret-color: #000000; color: #000000;\"><strong>HUOM\u00a0<\/strong>: Kugoo G-Booster -s\u00e4hk\u00f6potkulauta on valitettavasti loppunut tuotannosta ja varastosta, suosittelemme korvaavaa mallia samassa hintaluokassa:\u00a0<a href=\"http:\/\/www.xn--tuksimaailm-ffb.ee\/shop\/nanrobot-d4-20-elektritoukeratas\/\"><strong>Nanrobot D4+<\/strong><\/a>\u00a0tai\u00a0<a href=\"http:\/\/www.xn--tuksimaailm-ffb.ee\/shop\/nanrobot-lightning-elektritoukeratas\/\"><strong>Lightning<\/strong><\/a>.<\/p>\n","protected":false},"featured_media":23985,"template":"","meta":[],"product_brand":[],"product_cat":[926],"product_tag":[],"filter_elektritoukeratas":[],"class_list":{"0":"post-50426","1":"product","2":"type-product","3":"status-publish","4":"has-post-thumbnail","6":"product_cat-sahkopotkulaudat-fi","7":"product_shipping_class-keskmine-pakk-fi","8":"pa_aku-mahutavus-wh-1104-fi","9":"pa_kaal-kg-30-fi","10":"pa_kandevoime-kg-120-fi","11":"pa_labisoit-arvutuslik-km-74-fi","12":"pa_mootorite-arv-kahdella-moottorilla","13":"pa_piiramata-tippkiirus-kmh-55-fi","14":"pa_tootetuup-elektritoukeratas-fi","15":"pa_valmistaja-kugoo-fi","16":"pa_voimsus-w-1000-fi","18":"first","19":"outofstock","20":"taxable","21":"shipping-taxable","22":"purchasable","23":"product-type-simple"},"yoast_head":"<!-- This site is optimized with the Yoast SEO Premium plugin v26.8 (Yoast SEO v27.5) - https:\/\/yoast.com\/product\/yoast-seo-premium-wordpress\/ -->\n<title>Kugoo G-Booster s\u00e4hk\u00f6potkulauta (EOL) | T\u00f5uksimaailm<\/title>\n<meta name=\"description\" content=\"Kugoo G-Booster elektrit\u00f5ukeratas. V\u00f5imas ja kiire elektriline t\u00f5ukeratas. V\u00e4ga hea hinna ja v\u00f5imsuse \/ j\u00f5udluse suhtega mudel.\" \/>\n<meta name=\"robots\" content=\"index, follow, max-snippet:-1, max-image-preview:large, max-video-preview:-1\" \/>\n<link rel=\"canonical\" href=\"https:\/\/www.xn--tuksimaailm-ffb.ee\/fi\/shop\/kugoo-g-booster-sahkopotkulauta-eol\/\" \/>\n<meta property=\"og:locale\" content=\"fi_FI\" \/>\n<meta property=\"og:type\" content=\"article\" \/>\n<meta property=\"og:title\" content=\"Kugoo G-Booster s\u00e4hk\u00f6potkulauta (EOL)\" \/>\n<meta property=\"og:description\" content=\"Kugoo G-Booster elektrit\u00f5ukeratas. V\u00f5imas ja kiire elektriline t\u00f5ukeratas. V\u00e4ga hea hinna ja v\u00f5imsuse \/ j\u00f5udluse suhtega mudel.\" \/>\n<meta property=\"og:url\" content=\"https:\/\/www.xn--tuksimaailm-ffb.ee\/fi\/shop\/kugoo-g-booster-sahkopotkulauta-eol\/\" \/>\n<meta property=\"og:site_name\" content=\"T\u00f5uksimaailm\" \/>\n<meta property=\"article:publisher\" content=\"https:\/\/www.facebook.com\/touksimaailm\/\" \/>\n<meta property=\"og:image\" content=\"https:\/\/www.xn--tuksimaailm-ffb.ee\/wp-content\/uploads\/2021\/12\/G-Booster-1.png\" \/>\n\t<meta property=\"og:image:width\" content=\"957\" \/>\n\t<meta property=\"og:image:height\" content=\"883\" \/>\n\t<meta property=\"og:image:type\" content=\"image\/png\" \/>\n<meta name=\"twitter:card\" content=\"summary_large_image\" \/>\n<meta name=\"twitter:label1\" content=\"Hinta\" \/>\n\t<meta name=\"twitter:data1\" content=\"&euro;1,199.00\" \/>\n\t<meta name=\"twitter:label2\" content=\"Saatavuus\" \/>\n\t<meta name=\"twitter:data2\" content=\"Loppu varastosta\" \/>\n<meta property=\"product:price:amount\" content=\"1199.00\" \/>\n<meta property=\"product:price:currency\" content=\"EUR\" \/>\n<meta property=\"og:availability\" content=\"out of stock\" \/>\n<meta property=\"product:availability\" content=\"out of stock\" \/>\n<meta property=\"product:retailer_item_id\" content=\"G_Booster\" \/>\n<meta property=\"product:condition\" content=\"new\" \/>\n<!-- \/ Yoast SEO Premium plugin. -->","yoast_head_json":{"title":"Kugoo G-Booster s\u00e4hk\u00f6potkulauta (EOL) | T\u00f5uksimaailm","description":"Kugoo G-Booster elektrit\u00f5ukeratas. V\u00f5imas ja kiire elektriline t\u00f5ukeratas. V\u00e4ga hea hinna ja v\u00f5imsuse \/ j\u00f5udluse suhtega mudel.","robots":{"index":"index","follow":"follow","max-snippet":"max-snippet:-1","max-image-preview":"max-image-preview:large","max-video-preview":"max-video-preview:-1"},"canonical":"https:\/\/www.xn--tuksimaailm-ffb.ee\/fi\/shop\/kugoo-g-booster-sahkopotkulauta-eol\/","og_locale":"fi_FI","og_type":"article","og_title":"Kugoo G-Booster s\u00e4hk\u00f6potkulauta (EOL)","og_description":"Kugoo G-Booster elektrit\u00f5ukeratas. V\u00f5imas ja kiire elektriline t\u00f5ukeratas. V\u00e4ga hea hinna ja v\u00f5imsuse \/ j\u00f5udluse suhtega mudel.","og_url":"https:\/\/www.xn--tuksimaailm-ffb.ee\/fi\/shop\/kugoo-g-booster-sahkopotkulauta-eol\/","og_site_name":"T\u00f5uksimaailm","article_publisher":"https:\/\/www.facebook.com\/touksimaailm\/","og_image":[{"width":957,"height":883,"url":"https:\/\/www.xn--tuksimaailm-ffb.ee\/wp-content\/uploads\/2021\/12\/G-Booster-1.png","type":"image\/png"}],"twitter_card":"summary_large_image","twitter_misc":{"Hinta":"&euro;1,199.00","Saatavuus":"Loppu varastosta"},"schema":{"@context":"https:\/\/schema.org","@graph":[{"@type":"WebPage","@id":"https:\/\/www.xn--tuksimaailm-ffb.ee\/fi\/shop\/kugoo-g-booster-sahkopotkulauta-eol\/","url":"https:\/\/www.xn--tuksimaailm-ffb.ee\/fi\/shop\/kugoo-g-booster-sahkopotkulauta-eol\/","name":"Kugoo G-Booster s\u00e4hk\u00f6potkulauta (EOL) | T\u00f5uksimaailm","isPartOf":{"@id":"https:\/\/www.xn--tuksimaailm-ffb.ee\/fi\/#website"},"primaryImageOfPage":{"@id":"https:\/\/www.xn--tuksimaailm-ffb.ee\/fi\/shop\/kugoo-g-booster-sahkopotkulauta-eol\/#primaryimage"},"image":{"@id":"https:\/\/www.xn--tuksimaailm-ffb.ee\/fi\/shop\/kugoo-g-booster-sahkopotkulauta-eol\/#primaryimage"},"thumbnailUrl":"https:\/\/www.xn--tuksimaailm-ffb.ee\/wp-content\/uploads\/2021\/12\/G-Booster-1.png","datePublished":"2021-12-29T18:18:58+00:00","description":"Kugoo G-Booster elektrit\u00f5ukeratas. V\u00f5imas ja kiire elektriline t\u00f5ukeratas. V\u00e4ga hea hinna ja v\u00f5imsuse \/ j\u00f5udluse suhtega mudel.","breadcrumb":{"@id":"https:\/\/www.xn--tuksimaailm-ffb.ee\/fi\/shop\/kugoo-g-booster-sahkopotkulauta-eol\/#breadcrumb"},"inLanguage":"fi","potentialAction":[{"@type":"ReadAction","target":["https:\/\/www.xn--tuksimaailm-ffb.ee\/fi\/shop\/kugoo-g-booster-sahkopotkulauta-eol\/"]}]},{"@type":"ImageObject","inLanguage":"fi","@id":"https:\/\/www.xn--tuksimaailm-ffb.ee\/fi\/shop\/kugoo-g-booster-sahkopotkulauta-eol\/#primaryimage","url":"https:\/\/www.xn--tuksimaailm-ffb.ee\/wp-content\/uploads\/2021\/12\/G-Booster-1.png","contentUrl":"https:\/\/www.xn--tuksimaailm-ffb.ee\/wp-content\/uploads\/2021\/12\/G-Booster-1.png","width":957,"height":883},{"@type":"BreadcrumbList","@id":"https:\/\/www.xn--tuksimaailm-ffb.ee\/fi\/shop\/kugoo-g-booster-sahkopotkulauta-eol\/#breadcrumb","itemListElement":[{"@type":"ListItem","position":1,"name":"Home","item":"https:\/\/www.xn--tuksimaailm-ffb.ee\/fi\/kotisivu\/"},{"@type":"ListItem","position":2,"name":"Kauppa","item":"https:\/\/www.xn--tuksimaailm-ffb.ee\/elektritoukerataste-pood\/"},{"@type":"ListItem","position":3,"name":"Kugoo G-Booster s\u00e4hk\u00f6potkulauta (EOL)"}]},{"@type":"WebSite","@id":"https:\/\/www.xn--tuksimaailm-ffb.ee\/fi\/#website","url":"https:\/\/www.xn--tuksimaailm-ffb.ee\/fi\/","name":"T\u00f5uksimaailm","description":"Elektrit\u00f5ukerataste m\u00fc\u00fck, remont ja rent","publisher":{"@id":"https:\/\/www.xn--tuksimaailm-ffb.ee\/fi\/#organization"},"potentialAction":[{"@type":"SearchAction","target":{"@type":"EntryPoint","urlTemplate":"https:\/\/www.xn--tuksimaailm-ffb.ee\/fi\/?s={search_term_string}"},"query-input":{"@type":"PropertyValueSpecification","valueRequired":true,"valueName":"search_term_string"}}],"inLanguage":"fi"},{"@type":"Organization","@id":"https:\/\/www.xn--tuksimaailm-ffb.ee\/fi\/#organization","name":"T\u00f5uksimaailm","url":"https:\/\/www.xn--tuksimaailm-ffb.ee\/fi\/","logo":{"@type":"ImageObject","inLanguage":"fi","@id":"https:\/\/www.xn--tuksimaailm-ffb.ee\/fi\/#\/schema\/logo\/image\/","url":"https:\/\/www.xn--tuksimaailm-ffb.ee\/wp-content\/uploads\/2020\/01\/logoz-e1579792875517.png","contentUrl":"https:\/\/www.xn--tuksimaailm-ffb.ee\/wp-content\/uploads\/2020\/01\/logoz-e1579792875517.png","width":250,"height":250,"caption":"T\u00f5uksimaailm"},"image":{"@id":"https:\/\/www.xn--tuksimaailm-ffb.ee\/fi\/#\/schema\/logo\/image\/"},"sameAs":["https:\/\/www.facebook.com\/touksimaailm\/","https:\/\/www.instagram.com\/touksimaailm_\/","https:\/\/www.youtube.com\/channel\/UC18ml0EKIDLP1xGuQjFzcXQ"]}]},"product_price_amount":"1199.00","product_price_currency":"EUR","og_availability":"out of stock","product_availability":"out of stock","product_retailer_item_id":"G_Booster","product_condition":"new"},"jetpack_sharing_enabled":true,"_links":{"self":[{"href":"https:\/\/www.xn--tuksimaailm-ffb.ee\/fi\/wp-json\/wp\/v2\/product\/50426","targetHints":{"allow":["GET"]}}],"collection":[{"href":"https:\/\/www.xn--tuksimaailm-ffb.ee\/fi\/wp-json\/wp\/v2\/product"}],"about":[{"href":"https:\/\/www.xn--tuksimaailm-ffb.ee\/fi\/wp-json\/wp\/v2\/types\/product"}],"wp:featuredmedia":[{"embeddable":true,"href":"https:\/\/www.xn--tuksimaailm-ffb.ee\/fi\/wp-json\/wp\/v2\/media\/23985"}],"wp:attachment":[{"href":"https:\/\/www.xn--tuksimaailm-ffb.ee\/fi\/wp-json\/wp\/v2\/media?parent=50426"}],"wp:term":[{"taxonomy":"product_brand","embeddable":true,"href":"https:\/\/www.xn--tuksimaailm-ffb.ee\/fi\/wp-json\/wp\/v2\/product_brand?post=50426"},{"taxonomy":"product_cat","embeddable":true,"href":"https:\/\/www.xn--tuksimaailm-ffb.ee\/fi\/wp-json\/wp\/v2\/product_cat?post=50426"},{"taxonomy":"product_tag","embeddable":true,"href":"https:\/\/www.xn--tuksimaailm-ffb.ee\/fi\/wp-json\/wp\/v2\/product_tag?post=50426"},{"taxonomy":"filter_elektritoukeratas","embeddable":true,"href":"https:\/\/www.xn--tuksimaailm-ffb.ee\/fi\/wp-json\/wp\/v2\/filter_elektritoukeratas?post=50426"}],"curies":[{"name":"wp","href":"https:\/\/api.w.org\/{rel}","templated":true}]}}