{"id":50444,"date":"2021-12-19T21:05:55","date_gmt":"2021-12-19T18:05:55","guid":{"rendered":"http:\/\/www.xn--tuksimaailm-ffb.ee\/shop\/dualtron-mini-sahkopotkulauta\/"},"modified":"2021-12-19T21:05:55","modified_gmt":"2021-12-19T18:05:55","slug":"dualtron-mini-sahkopotkulauta","status":"publish","type":"product","link":"https:\/\/www.xn--tuksimaailm-ffb.ee\/fi\/shop\/dualtron-mini-sahkopotkulauta\/","title":{"rendered":"Dualtron Mini s\u00e4hk\u00f6potkulauta"},"content":{"rendered":"<h2 style=\"text-align: center;\">DUALTRON MINI S\u00c4HK\u00d6POTKULAUTA - TUOTEKUVAUS<\/h2>\n<p style=\"caret-color: #000000; color: #000000;\">Dualtron Mini on luultavasti kaikkein silm\u00e4\u00e4npist\u00e4vin pieni s\u00e4hk\u00f6inen skootteri. Mini on my\u00f6s edullisin Dualtron-merkkinen s\u00e4hk\u00f6skootteri, jonka voit ostaa. Mini-s\u00e4hk\u00f6skootteri kuuluu kooltaan \u201d<strong>ultrakompakti s\u00e4hk\u00f6skootteri\u201d-luokkaan\u00a0<\/strong>, sill\u00e4 s\u00e4hk\u00f6skootteri taittuu jalustasta kokoon, jolloin se on eritt\u00e4in lyhyt ja kompakti.<\/p>\n<p style=\"caret-color: #000000; color: #000000;\">Minimotors Dualtron Mini -s\u00e4hk\u00f6skoottereita on saatavana kahdella eri akkukoolla -\u00a0<strong>13Ah<\/strong>\u00a0ja\u00a0<strong>17,5Ah<\/strong>. Molemmat akut on valmistettu korkealaatuisista LG:n akkumoduuleista. 13Ah-mallin toimintas\u00e4de on jopa\u00a0<strong>40 km<\/strong>\u00a0yhdell\u00e4 latauksella, kun taas 17,5Ah-version toimintas\u00e4de on jopa\u00a0<strong>55 km.<\/strong>\u00a0Dualtron Mini -s\u00e4hk\u00f6skootteri 8,5 tuuman ilmarenkailla on yll\u00e4tt\u00e4v\u00e4n mukava, ja molempiin py\u00f6riin on asennettu eritt\u00e4in tehokas jousitus. Kumpaankin py\u00f6r\u00e4\u00e4n on suunniteltu kaksi jousikiinnikett\u00e4 parhaan mahdollisen ajomukavuuden varmistamiseksi.<\/p>\n<p style=\"caret-color: #000000; color: #000000;\">Turvallisen pys\u00e4htymisen takaa takajarrun rumpujarru, joka on kaikkein huoltovapain jarrutyyppi eik\u00e4 vaadi s\u00e4\u00e4nn\u00f6llist\u00e4 s\u00e4\u00e4t\u00f6\u00e4 levyjarruihin verrattuna. Dualtron Mini -s\u00e4hk\u00f6potkulauta on varustettu\u00a0<strong>1000 W:n<\/strong>\u00a0harjattomalla tasavirtamoottorilla ja korkealuokkaisella\u00a0<strong>52 V:n<\/strong>\u00a0akulla, joten se on my\u00f6s nopea, sill\u00e4 se saavuttaa jopa\u00a0<strong>25 km\/h<\/strong>\u00a0nopeuden.<\/p>\n<p><img decoding=\"async\" class=\"wp-image-6738 aligncenter\" src=\"http:\/\/www.xn--tuksimaailm-ffb.ee\/wp-content\/uploads\/2021\/12\/mini-4a-300x141.png\" alt=\"dualtron mini elektrit\u00f5ukeratas elektriline t\u00f5ukeratas minimotors elektrilised t\u00f5ukerattad\" width=\"721\" height=\"339\" srcset=\"https:\/\/www.xn--tuksimaailm-ffb.ee\/wp-content\/uploads\/2021\/12\/mini-4a-300x141.png 300w, https:\/\/www.xn--tuksimaailm-ffb.ee\/wp-content\/uploads\/2021\/12\/mini-4a-768x362.png 768w, https:\/\/www.xn--tuksimaailm-ffb.ee\/wp-content\/uploads\/2021\/12\/mini-4a-611x288.png 611w, https:\/\/www.xn--tuksimaailm-ffb.ee\/wp-content\/uploads\/2021\/12\/mini-4a-600x282.png 600w, https:\/\/www.xn--tuksimaailm-ffb.ee\/wp-content\/uploads\/2021\/12\/mini-4a.png 822w\" sizes=\"(max-width: 721px) 100vw, 721px\" \/><\/p>\n<h2 style=\"text-align: center;\">DUALTRON MINI S\u00c4HK\u00d6POTKULAUTA - TYYLIN UUSI TASO<\/h2>\n<p>Minimotors on yksi maailman vanhimmista yrityksist\u00e4, joka kehitt\u00e4\u00e4 ja valmistaa pieni\u00e4 ja kevyit\u00e4 s\u00e4hk\u00f6moottoreita. Minimotors aloitti kehitysty\u00f6n jo vuonna 1999, ja sill\u00e4 oli teknologinen etumatka kilpailijoihinsa n\u00e4hden s\u00e4hk\u00f6isten kevyiden skoottereiden vallankumouksen alussa, ja se on kasvanut maailman tunnetuimmaksi s\u00e4hk\u00f6isten skoottereiden tuotemerkiksi.<\/p>\n<p style=\"caret-color: #000000; color: #000000;\">Dualtron Mini -s\u00e4hk\u00f6skootteri n\u00e4ytt\u00e4\u00e4 kilpailijoihinsa verrattuna aivan toiselta. T\u00e4m\u00e4n s\u00e4hk\u00f6skootterin ulkoasussa on tyyli\u00e4, nopeat linjat ja\u00a0<strong>RGB-valot<\/strong>, jotka ovat s\u00e4\u00e4dett\u00e4viss\u00e4 ohjaimella, lis\u00e4\u00e4v\u00e4t ainutlaatuisuutta. Minin taittomekanismi on yksi markkinoiden vahvimmista t\u00e4m\u00e4ntyyppisist\u00e4 ratkaisuista. S\u00e4hk\u00f6potkulaitteen taittaminen kokoon vie my\u00f6s hyvin v\u00e4h\u00e4n aikaa eik\u00e4 se ole hankala, vaikka joudut kantamaan t\u00e4t\u00e4 s\u00e4hk\u00f6potkulaitetta p\u00e4ivitt\u00e4in portaita yl\u00f6s.<\/p>\n<p>Mini s\u00e4hk\u00f6skootteri on varustettu my\u00f6s kineettisen energian varastointij\u00e4rjestelm\u00e4ll\u00e4 (KERS). T\u00e4m\u00e4 j\u00e4rjestelm\u00e4 lataa akkua, kun s\u00e4hk\u00f6skootterin kuljettaja jarruttaa s\u00e4hk\u00f6isell\u00e4 magneettijarrulla. Dualtron Mini -s\u00e4hk\u00f6skootteri, kuten kaikki muutkin nykyaikaiset Minimotors-s\u00e4hk\u00f6skootterit, on varustettu EY3 (EYE) LCD-n\u00e4yt\u00f6ll\u00e4, joka varmistaa, ett\u00e4 k\u00e4ytt\u00e4j\u00e4 on koko ajan tietoinen kaikesta. N\u00e4ytt\u00f6\u00e4 k\u00e4ytet\u00e4\u00e4n vakionopeudens\u00e4\u00e4timen sek\u00e4 skootterin tehon ja kiihdytyksen voimakkuuden asettamiseen. EY3-n\u00e4ytt\u00f6\u00e4 arvostetaan my\u00f6s sen hyv\u00e4st\u00e4 kaasuvasteesta.<\/p>\n<p><iframe title=\"Dualtron Mini Review\" width=\"1082\" height=\"609\" src=\"https:\/\/www.youtube.com\/embed\/ElvlwIMyrOw?feature=oembed\" frameborder=\"0\" allow=\"accelerometer; autoplay; clipboard-write; encrypted-media; gyroscope; picture-in-picture; web-share\" referrerpolicy=\"strict-origin-when-cross-origin\" allowfullscreen><\/iframe><\/p>\n<h2 style=\"text-align: center;\">TEHO<\/h2>\n<p style=\"caret-color: #000000; color: #000000;\">Lain mukaan valmistajan asettama nopeusrajoitus s\u00e4hk\u00f6skoottereille on\u00a0<strong>25 km\/h<\/strong>. T\u00e4m\u00e4n nopeuden saavuttaminen Mini-s\u00e4hk\u00f6skootterilla (joka kantaa enint\u00e4\u00e4n\u00a0<strong>100 kg<\/strong>\u00a0) kest\u00e4\u00e4 sekunteja. Akun t\u00e4yteen lataaminen 0-100 %:sta kest\u00e4\u00e4 noin\u00a0<strong>10 tuntia<\/strong>\u00a0s\u00e4hk\u00f6potkulaitteen laatikossa olevalla laturilla.<\/p>\n<p style=\"caret-color: #000000; color: #000000;\">Dualtron Mini -s\u00e4hk\u00f6skootteri on varustettu my\u00f6s etu- ja takavaloilla, joiden tarkoituksena ei ole valaista tiet\u00e4, vaan tehd\u00e4 ajoneuvo n\u00e4kyv\u00e4ksi muille tienk\u00e4ytt\u00e4jille. Pime\u00e4ll\u00e4 n\u00e4kyvyytt\u00e4 lis\u00e4\u00e4v\u00e4t my\u00f6s ohjausputken sivuille asennetut RGB-valot. Et\u00e4\u00e4mm\u00e4lle, s\u00e4hk\u00f6potkulautailijan omaan k\u00e4ytt\u00f6\u00f6n, on v\u00e4ltt\u00e4m\u00e4t\u00f6nt\u00e4 asentaa\u00a0<a href=\"http:\/\/www.xn--tuksimaailm-ffb.ee\/tootesilt\/elektritoukeratta-lisatuled\/\">lis\u00e4valot<\/a>\u00a0turvallisuussyist\u00e4.\u00a0<a>Kyp\u00e4r\u00e4n<\/a>\u00a0k\u00e4ytt\u00f6 on eritt\u00e4in suositeltavaa s\u00e4hk\u00f6skootterilla ajettaessa. Alle 16-vuotiaille s\u00e4hk\u00f6potkulautailijoille kyp\u00e4r\u00e4n k\u00e4ytt\u00e4minen ajon aikana on\u00a0<a href=\"https:\/\/www.riigiteataja.ee\/akt\/113112020001\">lain<\/a>\u00a0mukaan pakollista\u00a0<a href=\"https:\/\/www.riigiteataja.ee\/akt\/113112020001\">.<\/a>\u00a0Kaikki Minimotors Dualtron -s\u00e4hk\u00f6potkulautat l\u00f6ytyv\u00e4t\u00a0<a href=\"http:\/\/www.xn--tuksimaailm-ffb.ee\/tootekategooria\/elektritoukeratas\/\"><strong>t\u00e4\u00e4lt\u00e4<\/strong><\/a>.<\/p>\n<p style=\"caret-color: #000000; color: #000000;\"><strong>Dualtron Mini -s\u00e4hk\u00f6skootteri on Viron liikennelain mukainen katulaillinen kevytskootteri, jonka valmistajan teho on 1000W ja valmistajan nopeus 25km\/h.<\/strong>\u00a0<strong>HUOM: Jos k\u00e4ytt\u00e4j\u00e4 on itsen\u00e4isesti muuttanut s\u00e4hk\u00f6skootteria nopeammaksi tai tehokkaammaksi kuin edell\u00e4 mainitut parametrit, T\u00f5uksimaailm ei ole vastuussa lain rikkomisesta aiheutuvista sakoista, poliisin takavarikoimasta s\u00e4hk\u00f6skootterista tai mist\u00e4\u00e4n muustakaan rikkomisesta aiheutuneesta vahingosta.<\/strong><\/p>\n<table class=\"tg\" style=\"border-collapse: collapse; max-width: 600px; border-spacing: 0; margin: 0px auto;\">\n<tbody>\n<tr>\n<td style=\"background-color: #e4e1e1; color: #333333; font-family: inherit; font-size: 14px; font-weight: bold; overflow: hidden; padding: 5px 5px; text-align: center; vertical-align: top; word-break: normal; border: 1px solid;\" colspan=\"2\">Tekniset tiedot<\/td>\n<\/tr>\n<tr>\n<td style=\"background-color: #e4e1e1; color: #333333; font-family: inherit; font-size: 14px; font-weight: bold; overflow: hidden; padding: 5px 5px; text-align: right; vertical-align: top; word-break: normal; border: 1px solid;\">Malli<\/td>\n<td style=\"font-family: inherit; font-size: 14px; overflow: hidden; padding: 5px 5px; text-align: center; vertical-align: top; word-break: normal; border: 1px solid;\">Minimotors Dualtron Mini<\/td>\n<\/tr>\n<tr>\n<td style=\"background-color: #e4e1e1; color: #333333; font-family: inherit; font-size: 14px; font-weight: bold; overflow: hidden; padding: 5px 5px; text-align: right; vertical-align: top; word-break: normal; border: 1px solid;\">Akku<\/td>\n<td style=\"font-family: inherit; font-size: 14px; overflow: hidden; padding: 5px 5px; text-align: center; vertical-align: top; word-break: normal; border: 1px solid;\">52V\/13Ah\/676Wh v\u00f5i 52V\/17,5Ah\/910Wh \u2013 LG 3200 akkumoduulit<\/td>\n<\/tr>\n<tr>\n<td style=\"background-color: #e4e1e1; color: #333333; font-family: inherit; font-size: 14px; font-weight: bold; overflow: hidden; padding: 5px 5px; text-align: right; vertical-align: top; word-break: normal; border: 1px solid;\">Moottorin teho<\/td>\n<td style=\"font-family: inherit; font-size: 14px; overflow: hidden; padding: 5px 5px; text-align: center; vertical-align: top; word-break: normal; border: 1px solid;\">tuotantokyky 1000W<\/td>\n<\/tr>\n<tr>\n<td style=\"background-color: #e4e1e1; color: #333333; font-family: inherit; font-size: 14px; font-weight: bold; overflow: hidden; padding: 5px 5px; text-align: right; vertical-align: top; word-break: normal; border: 1px solid;\"><strong style=\"caret-color: #000000; color: #000000; text-align: start; font-family: inherit;\">Ajomatka (ECO-tilassa), valmistajan m\u00e4\u00e4ritys<\/strong><span style=\"caret-color: #000000; color: #000000; font-weight: 400; text-align: start; font-family: inherit;\">\u00a0<br \/><\/span><strong style=\"caret-color: #000000; color: #000000; text-align: start; font-family: inherit;\">Laskettu ajomatka<\/strong><\/td>\n<td style=\"font-family: inherit; font-size: 14px; overflow: hidden; padding: 5px 5px; text-align: center; vertical-align: top; word-break: normal; border: 1px solid;\">jopa 55km (17,5Ah akkulla); jopa 40km (13Ah akkulla) 61km ; 45km (25km\/h, 70kg kuljettaja, 15Wh\/km)<\/td>\n<\/tr>\n<tr>\n<td style=\"background-color: #e4e1e1; color: #333333; font-family: inherit; font-size: 14px; font-weight: bold; overflow: hidden; padding: 5px 5px; text-align: right; vertical-align: top; word-break: normal; border: 1px solid;\">Jarrut<\/td>\n<td style=\"font-family: inherit; font-size: 14px; overflow: hidden; padding: 5px 5px; text-align: center; vertical-align: top; word-break: normal; border: 1px solid;\">Takarumpujarru + magneettijarru<\/td>\n<\/tr>\n<tr>\n<td style=\"background-color: #e4e1e1; color: #333333; font-family: inherit; font-size: 14px; font-weight: bold; overflow: hidden; padding: 5px 5px; text-align: right; vertical-align: top; word-break: normal; border: 1px solid;\">Latausaika<\/td>\n<td style=\"font-family: inherit; font-size: 14px; overflow: hidden; padding: 5px 5px; text-align: center; vertical-align: top; word-break: normal; border: 1px solid;\">10h<\/td>\n<\/tr>\n<tr>\n<td style=\"background-color: #e4e1e1; color: #333333; font-family: inherit; font-size: 14px; font-weight: bold; overflow: hidden; padding: 5px 5px; text-align: right; vertical-align: top; word-break: normal; border: 1px solid;\">Painorajoitus<\/td>\n<td style=\"font-family: inherit; font-size: 14px; overflow: hidden; padding: 5px 5px; text-align: center; vertical-align: top; word-break: normal; border: 1px solid;\">100kg<\/td>\n<\/tr>\n<tr>\n<td style=\"background-color: #e4e1e1; color: #333333; font-family: inherit; font-size: 14px; font-weight: bold; overflow: hidden; padding: 5px 5px; text-align: right; vertical-align: top; word-break: normal; border: 1px solid;\"><strong style=\"caret-color: #000000; color: #000000; text-align: start; font-family: inherit;\">Muutettu nopeus virityksen j\u00e4lkeen<\/strong><\/td>\n<td style=\"font-family: inherit; font-size: 14px; overflow: hidden; padding: 5px 5px; text-align: center; vertical-align: top; word-break: normal; border: 1px solid;\">25km\/h<\/td>\n<\/tr>\n<tr>\n<td style=\"background-color: #e4e1e1; color: #333333; font-family: inherit; font-size: 14px; font-weight: bold; overflow: hidden; padding: 5px 5px; text-align: right; vertical-align: top; word-break: normal; border: 1px solid;\">Tuotantonopeus<\/td>\n<td style=\"font-family: inherit; font-size: 14px; overflow: hidden; padding: 5px 5px; text-align: center; vertical-align: top; word-break: normal; border: 1px solid;\">25km\/h<\/td>\n<\/tr>\n<tr>\n<td style=\"background-color: #e4e1e1; color: #333333; font-family: inherit; font-size: 14px; font-weight: bold; overflow: hidden; padding: 5px 5px; text-align: right; vertical-align: top; word-break: normal; border: 1px solid;\">Paino<\/td>\n<td style=\"font-family: inherit; font-size: 14px; overflow: hidden; padding: 5px 5px; text-align: center; vertical-align: top; word-break: normal; border: 1px solid;\">22kg<\/td>\n<\/tr>\n<tr>\n<td style=\"background-color: #e4e1e1; color: #333333; font-family: inherit; font-size: 14px; font-weight: bold; overflow: hidden; padding: 5px 5px; text-align: right; vertical-align: top; word-break: normal; border: 1px solid;\">Renkaat<\/td>\n<td style=\"font-family: inherit; font-size: 14px; overflow: hidden; padding: 5px 5px; text-align: center; vertical-align: top; word-break: normal; border: 1px solid;\">8 1\/2\u00d72\u2033 \/ 8.5\u00d72.0\u2033 ilmarenkaat, joissa on sis\u00e4putki<\/td>\n<\/tr>\n<tr>\n<td style=\"background-color: #e4e1e1; color: #333333; font-family: inherit; font-size: 14px; font-weight: bold; overflow: hidden; padding: 5px 5px; text-align: right; vertical-align: top; word-break: normal; border: 1px solid;\">Iskunvaimentimet<\/td>\n<td style=\"font-family: inherit; font-size: 14px; overflow: hidden; padding: 5px 5px; text-align: center; vertical-align: top; word-break: normal; border: 1px solid;\">kaksoisjousitetut etu- ja takapy\u00f6r\u00e4t<\/td>\n<\/tr>\n<tr>\n<td style=\"background-color: #e4e1e1; color: #333333; font-family: inherit; font-size: 14px; font-weight: bold; overflow: hidden; padding: 5px 5px; text-align: right; vertical-align: top; word-break: normal; border: 1px solid;\">Valot<\/td>\n<td style=\"font-family: inherit; font-size: 14px; overflow: hidden; padding: 5px 5px; text-align: center; vertical-align: top; word-break: normal; border: 1px solid;\">RGB LED-valaistus s\u00e4\u00e4dett\u00e4viss\u00e4 ohjaimella<\/td>\n<\/tr>\n<tr>\n<td style=\"background-color: #e4e1e1; color: #333333; font-family: inherit; font-size: 14px; font-weight: bold; overflow: hidden; padding: 5px 5px; text-align: right; vertical-align: top; word-break: normal; border: 1px solid;\">Tien enim\u00e4iskaltevuus<\/td>\n<td style=\"font-family: inherit; font-size: 14px; overflow: hidden; padding: 5px 5px; text-align: center; vertical-align: top; word-break: normal; border: 1px solid;\">20%<\/td>\n<\/tr>\n<\/tbody>\n<\/table>\n","protected":false},"excerpt":{"rendered":"<p style=\"caret-color: #000000; color: #000000;\"><a href=\"http:\/\/www.xn--tuksimaailm-ffb.ee\/kontakt\/\"><strong>L\u00f6ysitk\u00f6 paremman hinnan?<\/strong><\/a>\u00a0<a href=\"http:\/\/www.xn--tuksimaailm-ffb.ee\/kontakt\/\"><strong>Kirjoita meille, niin teemme sinulle paremman tarjouksen!<\/strong><\/a><\/p>\n<p style=\"caret-color: #000000; color: #000000;\"><strong>Kaikki\u00a0<\/strong><a href=\"http:\/\/www.xn--tuksimaailm-ffb.ee\/tootekategooria\/lisavarustus\/\"><strong>lis\u00e4varusteet<\/strong><\/a><strong>\u00a0ja\u00a0<\/strong><a href=\"http:\/\/www.xn--tuksimaailm-ffb.ee\/tootekategooria\/elektritoukeratta-varuosad\/\"><strong>varaosat<\/strong><\/a><strong>\u00a0ovat -20%, kun ne ostetaan s\u00e4hk\u00f6potkulaudan kanssa .<\/strong>\u00a0<strong>Alennus otetaan automaattisesti k\u00e4ytt\u00f6\u00f6n, kun lis\u00e4\u00e4t sen ostoskoriin!<\/strong><\/p>\n","protected":false},"featured_media":23885,"template":"","meta":[],"product_brand":[],"product_cat":[926],"product_tag":[],"filter_elektritoukeratas":[],"class_list":{"0":"post-50444","1":"product","2":"type-product","3":"status-publish","4":"has-post-thumbnail","6":"product_cat-sahkopotkulaudat-fi","7":"product_shipping_class-keskmine-pakk-fi","8":"pa_aku-mahutavus-wh-910-fi","9":"pa_kaal-kg-22-fi","10":"pa_kandevoime-kg-100-fi","11":"pa_labisoit-arvutuslik-km-61-fi","12":"pa_mootorite-arv-uhe-mootoriga-fi","13":"pa_muuja-platvormil-touksimaailm-exocool-ou-fi","14":"pa_piiramata-tippkiirus-kmh-25-fi","15":"pa_size-dualtron-mini-sahkopotkulauta-13ah-aku","16":"pa_size-dualtron-mini-sahkopotkulauta-175ah-aku","17":"pa_size-dualtron-mini-sahkopotkulauta-21ah-aku","18":"pa_tootetuup-elektritoukeratas-fi","19":"pa_valmistaja-dualtron-fi","20":"pa_voimsus-w-1000-fi","22":"first","23":"outofstock","24":"taxable","25":"shipping-taxable","26":"purchasable","27":"product-type-variable"},"yoast_head":"<!-- This site is optimized with the Yoast SEO Premium plugin v26.8 (Yoast SEO v27.5) - https:\/\/yoast.com\/product\/yoast-seo-premium-wordpress\/ -->\n<title>Dualtron Mini s\u00e4hk\u00f6potkulauta | V\u00e4ikseim Dualtron | T\u00f5uksimaailm<\/title>\n<meta name=\"description\" content=\"Dualtron Mini elektrit\u00f5ukeratas. Ilus elektriline t\u00f5ukeratas. Kompaktne, v\u00e4iksem kui teised Minimotors elektrilised t\u00f5ukerattad.\" \/>\n<meta name=\"robots\" content=\"index, follow, max-snippet:-1, max-image-preview:large, max-video-preview:-1\" \/>\n<link rel=\"canonical\" href=\"https:\/\/www.xn--tuksimaailm-ffb.ee\/fi\/shop\/dualtron-mini-sahkopotkulauta\/\" \/>\n<meta property=\"og:locale\" content=\"fi_FI\" \/>\n<meta property=\"og:type\" content=\"article\" \/>\n<meta property=\"og:title\" content=\"Dualtron Mini s\u00e4hk\u00f6potkulauta\" \/>\n<meta property=\"og:description\" content=\"Dualtron Mini elektrit\u00f5ukeratas. Ilus elektriline t\u00f5ukeratas. Kompaktne, v\u00e4iksem kui teised Minimotors elektrilised t\u00f5ukerattad.\" \/>\n<meta property=\"og:url\" content=\"https:\/\/www.xn--tuksimaailm-ffb.ee\/fi\/shop\/dualtron-mini-sahkopotkulauta\/\" \/>\n<meta property=\"og:site_name\" content=\"T\u00f5uksimaailm\" \/>\n<meta property=\"article:publisher\" content=\"https:\/\/www.facebook.com\/touksimaailm\/\" \/>\n<meta property=\"og:image\" content=\"https:\/\/www.xn--tuksimaailm-ffb.ee\/wp-content\/uploads\/2021\/12\/mini-1.png\" \/>\n\t<meta property=\"og:image:width\" content=\"773\" \/>\n\t<meta property=\"og:image:height\" content=\"798\" \/>\n\t<meta property=\"og:image:type\" content=\"image\/png\" \/>\n<meta name=\"twitter:card\" content=\"summary_large_image\" \/>\n<meta name=\"twitter:label1\" content=\"Saatavuus\" \/>\n\t<meta name=\"twitter:data1\" content=\"Loppu varastosta\" \/>\n<meta property=\"og:availability\" content=\"out of stock\" \/>\n<meta property=\"product:availability\" content=\"out of stock\" \/>\n<meta property=\"product:retailer_item_id\" content=\"DT_Mini\" \/>\n<meta property=\"product:condition\" content=\"new\" \/>\n<!-- \/ Yoast SEO Premium plugin. -->","yoast_head_json":{"title":"Dualtron Mini s\u00e4hk\u00f6potkulauta | V\u00e4ikseim Dualtron | T\u00f5uksimaailm","description":"Dualtron Mini elektrit\u00f5ukeratas. Ilus elektriline t\u00f5ukeratas. Kompaktne, v\u00e4iksem kui teised Minimotors elektrilised t\u00f5ukerattad.","robots":{"index":"index","follow":"follow","max-snippet":"max-snippet:-1","max-image-preview":"max-image-preview:large","max-video-preview":"max-video-preview:-1"},"canonical":"https:\/\/www.xn--tuksimaailm-ffb.ee\/fi\/shop\/dualtron-mini-sahkopotkulauta\/","og_locale":"fi_FI","og_type":"article","og_title":"Dualtron Mini s\u00e4hk\u00f6potkulauta","og_description":"Dualtron Mini elektrit\u00f5ukeratas. Ilus elektriline t\u00f5ukeratas. Kompaktne, v\u00e4iksem kui teised Minimotors elektrilised t\u00f5ukerattad.","og_url":"https:\/\/www.xn--tuksimaailm-ffb.ee\/fi\/shop\/dualtron-mini-sahkopotkulauta\/","og_site_name":"T\u00f5uksimaailm","article_publisher":"https:\/\/www.facebook.com\/touksimaailm\/","og_image":[{"width":773,"height":798,"url":"https:\/\/www.xn--tuksimaailm-ffb.ee\/wp-content\/uploads\/2021\/12\/mini-1.png","type":"image\/png"}],"twitter_card":"summary_large_image","twitter_misc":{"Saatavuus":"Loppu varastosta"},"schema":{"@context":"https:\/\/schema.org","@graph":[{"@type":"WebPage","@id":"https:\/\/www.xn--tuksimaailm-ffb.ee\/fi\/shop\/dualtron-mini-sahkopotkulauta\/","url":"https:\/\/www.xn--tuksimaailm-ffb.ee\/fi\/shop\/dualtron-mini-sahkopotkulauta\/","name":"Dualtron Mini s\u00e4hk\u00f6potkulauta | V\u00e4ikseim Dualtron | T\u00f5uksimaailm","isPartOf":{"@id":"https:\/\/www.xn--tuksimaailm-ffb.ee\/fi\/#website"},"primaryImageOfPage":{"@id":"https:\/\/www.xn--tuksimaailm-ffb.ee\/fi\/shop\/dualtron-mini-sahkopotkulauta\/#primaryimage"},"image":{"@id":"https:\/\/www.xn--tuksimaailm-ffb.ee\/fi\/shop\/dualtron-mini-sahkopotkulauta\/#primaryimage"},"thumbnailUrl":"https:\/\/www.xn--tuksimaailm-ffb.ee\/wp-content\/uploads\/2021\/12\/mini-1.png","datePublished":"2021-12-19T18:05:55+00:00","description":"Dualtron Mini elektrit\u00f5ukeratas. Ilus elektriline t\u00f5ukeratas. Kompaktne, v\u00e4iksem kui teised Minimotors elektrilised t\u00f5ukerattad.","breadcrumb":{"@id":"https:\/\/www.xn--tuksimaailm-ffb.ee\/fi\/shop\/dualtron-mini-sahkopotkulauta\/#breadcrumb"},"inLanguage":"fi","potentialAction":[{"@type":"ReadAction","target":["https:\/\/www.xn--tuksimaailm-ffb.ee\/fi\/shop\/dualtron-mini-sahkopotkulauta\/"]}]},{"@type":"ImageObject","inLanguage":"fi","@id":"https:\/\/www.xn--tuksimaailm-ffb.ee\/fi\/shop\/dualtron-mini-sahkopotkulauta\/#primaryimage","url":"https:\/\/www.xn--tuksimaailm-ffb.ee\/wp-content\/uploads\/2021\/12\/mini-1.png","contentUrl":"https:\/\/www.xn--tuksimaailm-ffb.ee\/wp-content\/uploads\/2021\/12\/mini-1.png","width":773,"height":798,"caption":"dualtron mini elektrit\u00f5ukeratas elektriline t\u00f5ukeratas minimotors elektrilised t\u00f5ukerattad"},{"@type":"BreadcrumbList","@id":"https:\/\/www.xn--tuksimaailm-ffb.ee\/fi\/shop\/dualtron-mini-sahkopotkulauta\/#breadcrumb","itemListElement":[{"@type":"ListItem","position":1,"name":"Home","item":"https:\/\/www.xn--tuksimaailm-ffb.ee\/fi\/kotisivu\/"},{"@type":"ListItem","position":2,"name":"Kauppa","item":"https:\/\/www.xn--tuksimaailm-ffb.ee\/elektritoukerataste-pood\/"},{"@type":"ListItem","position":3,"name":"Dualtron Mini s\u00e4hk\u00f6potkulauta"}]},{"@type":"WebSite","@id":"https:\/\/www.xn--tuksimaailm-ffb.ee\/fi\/#website","url":"https:\/\/www.xn--tuksimaailm-ffb.ee\/fi\/","name":"T\u00f5uksimaailm","description":"Elektrit\u00f5ukerataste m\u00fc\u00fck, remont ja rent","publisher":{"@id":"https:\/\/www.xn--tuksimaailm-ffb.ee\/fi\/#organization"},"potentialAction":[{"@type":"SearchAction","target":{"@type":"EntryPoint","urlTemplate":"https:\/\/www.xn--tuksimaailm-ffb.ee\/fi\/?s={search_term_string}"},"query-input":{"@type":"PropertyValueSpecification","valueRequired":true,"valueName":"search_term_string"}}],"inLanguage":"fi"},{"@type":"Organization","@id":"https:\/\/www.xn--tuksimaailm-ffb.ee\/fi\/#organization","name":"T\u00f5uksimaailm","url":"https:\/\/www.xn--tuksimaailm-ffb.ee\/fi\/","logo":{"@type":"ImageObject","inLanguage":"fi","@id":"https:\/\/www.xn--tuksimaailm-ffb.ee\/fi\/#\/schema\/logo\/image\/","url":"https:\/\/www.xn--tuksimaailm-ffb.ee\/wp-content\/uploads\/2020\/01\/logoz-e1579792875517.png","contentUrl":"https:\/\/www.xn--tuksimaailm-ffb.ee\/wp-content\/uploads\/2020\/01\/logoz-e1579792875517.png","width":250,"height":250,"caption":"T\u00f5uksimaailm"},"image":{"@id":"https:\/\/www.xn--tuksimaailm-ffb.ee\/fi\/#\/schema\/logo\/image\/"},"sameAs":["https:\/\/www.facebook.com\/touksimaailm\/","https:\/\/www.instagram.com\/touksimaailm_\/","https:\/\/www.youtube.com\/channel\/UC18ml0EKIDLP1xGuQjFzcXQ"]}]},"og_availability":"out of stock","product_availability":"out of stock","product_retailer_item_id":"DT_Mini","product_condition":"new"},"jetpack_sharing_enabled":true,"_links":{"self":[{"href":"https:\/\/www.xn--tuksimaailm-ffb.ee\/fi\/wp-json\/wp\/v2\/product\/50444","targetHints":{"allow":["GET"]}}],"collection":[{"href":"https:\/\/www.xn--tuksimaailm-ffb.ee\/fi\/wp-json\/wp\/v2\/product"}],"about":[{"href":"https:\/\/www.xn--tuksimaailm-ffb.ee\/fi\/wp-json\/wp\/v2\/types\/product"}],"wp:featuredmedia":[{"embeddable":true,"href":"https:\/\/www.xn--tuksimaailm-ffb.ee\/fi\/wp-json\/wp\/v2\/media\/23885"}],"wp:attachment":[{"href":"https:\/\/www.xn--tuksimaailm-ffb.ee\/fi\/wp-json\/wp\/v2\/media?parent=50444"}],"wp:term":[{"taxonomy":"product_brand","embeddable":true,"href":"https:\/\/www.xn--tuksimaailm-ffb.ee\/fi\/wp-json\/wp\/v2\/product_brand?post=50444"},{"taxonomy":"product_cat","embeddable":true,"href":"https:\/\/www.xn--tuksimaailm-ffb.ee\/fi\/wp-json\/wp\/v2\/product_cat?post=50444"},{"taxonomy":"product_tag","embeddable":true,"href":"https:\/\/www.xn--tuksimaailm-ffb.ee\/fi\/wp-json\/wp\/v2\/product_tag?post=50444"},{"taxonomy":"filter_elektritoukeratas","embeddable":true,"href":"https:\/\/www.xn--tuksimaailm-ffb.ee\/fi\/wp-json\/wp\/v2\/filter_elektritoukeratas?post=50444"}],"curies":[{"name":"wp","href":"https:\/\/api.w.org\/{rel}","templated":true}]}}