{"id":50456,"date":"2021-12-19T16:18:04","date_gmt":"2021-12-19T13:18:04","guid":{"rendered":"http:\/\/www.xn--tuksimaailm-ffb.ee\/shop\/dualtron-eagle-pro-sahkopotkulauta-eol\/"},"modified":"2021-12-19T16:18:04","modified_gmt":"2021-12-19T13:18:04","slug":"dualtron-eagle-pro-sahkopotkulauta-eol","status":"publish","type":"product","link":"https:\/\/www.xn--tuksimaailm-ffb.ee\/fi\/shop\/dualtron-eagle-pro-sahkopotkulauta-eol\/","title":{"rendered":"Dualtron Eagle Pro s\u00e4hk\u00f6potkulauta (EOL)"},"content":{"rendered":"<h2 style=\"text-align: center;\">DUALTRON EAGLE PRO S\u00c4HK\u00d6POTKULAUTA - TUOTEKUVAUS<\/h2>\n<p style=\"caret-color: #000000; color: #000000;\">Dualtron Eagle Pro -s\u00e4hk\u00f6skootteri on Minimotors Dualtronin mallivalikoiman keskipiste - s\u00e4hk\u00f6skootteri\u00a0<a href=\"https:\/\/minimotorsnordic.com\/dualtron-spider\/\"><strong>Dualtron Spiderin<\/strong><\/a>\u00a0ja\u00a0<a href=\"https:\/\/minimotorsnordic.com\/dualtron-iii-electric-scooter\/\"><strong>Dualtron 3:<\/strong><\/a>\u00a0n v\u00e4liss\u00e4\u00a0<a href=\"https:\/\/minimotorsnordic.com\/dualtron-iii-electric-scooter\/\"><strong>.<\/strong><\/a>\u00a0Tehokkaat BLDC<strong>\u00a02x1800W<\/strong>\u00a0s\u00e4hk\u00f6moottorit yhdess\u00e4\u00a0<strong>60V\/22.4Ah LG-akun<\/strong>\u00a0kanssa mahdollistavat vaivattoman ajamisen miss\u00e4 tahansa kaltevuudessa. Akun<strong>1344Wh\u00a0<\/strong>kapasiteetti mahdollistaa jopa 80km yhdell\u00e4 latauksella. Eagle Pro -s\u00e4hk\u00f6skootteri, kuten kaikki Minimotors-s\u00e4hk\u00f6skootterit, on my\u00f6s varustettu ABS-turvaj\u00e4rjestelm\u00e4ll\u00e4, jossa on magneettijarrut moottorissa, mik\u00e4 est\u00e4\u00e4 moottorin luistamisen jarrutettaessa liukkaalla pinnalla.<\/p>\n<p>Toisin kuin aiemmat Dualtronit, Dualtron Eagle Pro on my\u00f6s helppo asentaa, mik\u00e4 tekee t\u00e4st\u00e4 s\u00e4hk\u00f6potkulautasta ja sen suuresta tehosta helpommin hallittavissa aloittelijoille. Kaikki Dualtron-s\u00e4hk\u00f6skootterit ovat k\u00e4yneet l\u00e4pi eritt\u00e4in perusteellisen laadunvalvonnan tehtaalla, ja kun ostat Minimotors-s\u00e4hk\u00f6skootterin, voit olla varma kokoonpanon laadusta. Muiden Dualtronien tapaan Eagle Pro on varustettu kumiholkki-kasettityyppisell\u00e4 jousituksella sek\u00e4 etu- ett\u00e4 takapy\u00f6riss\u00e4. Eagle Pro -s\u00e4hk\u00f6skootteri on my\u00f6s varustettu kokoontaitettavalla ohjaustangolla, jonka ansiosta se on eritt\u00e4in pienikokoinen esimerkiksi auton takakonttiin tai talvivaatekaappiin sijoitettuna.<\/p>\n<p>Ohjausyksik\u00f6n yhteen pakattavien osien pikakiinnikkeet voidaan s\u00e4\u00e4t\u00e4\u00e4 ilman ty\u00f6kaluja, jotta ohjausyksikk\u00f6 ei l\u00f6ystyisi ajan my\u00f6t\u00e4 materiaalin v\u00e4symisen vuoksi. Tyylikk\u00e4\u00e4t mustat kytkimet on asennettu ohjauspy\u00f6r\u00e4n vasemmalle puolelle ECO\/SPORT-tilojen ja yhden\/kahden moottorin voimansiirron nopeaa vaihtamista varten. <img decoding=\"async\" class=\"wp-image-6732 aligncenter\" src=\"http:\/\/www.xn--tuksimaailm-ffb.ee\/wp-content\/uploads\/2021\/12\/eagle-7a-300x192.png\" alt=\"Dualtron Eagle Pro elektrit\u00f5ukeratas elektriline t\u00f5ukeratas minimotors elektrilised t\u00f5ukerattad\" width=\"769\" height=\"492\" srcset=\"https:\/\/www.xn--tuksimaailm-ffb.ee\/wp-content\/uploads\/2021\/12\/eagle-7a-300x192.png 300w, https:\/\/www.xn--tuksimaailm-ffb.ee\/wp-content\/uploads\/2021\/12\/eagle-7a-768x491.png 768w, https:\/\/www.xn--tuksimaailm-ffb.ee\/wp-content\/uploads\/2021\/12\/eagle-7a-469x300.png 469w, https:\/\/www.xn--tuksimaailm-ffb.ee\/wp-content\/uploads\/2021\/12\/eagle-7a-600x384.png 600w, https:\/\/www.xn--tuksimaailm-ffb.ee\/wp-content\/uploads\/2021\/12\/eagle-7a.png 797w\" sizes=\"(max-width: 769px) 100vw, 769px\" \/><\/p>\n<h2 style=\"text-align: center;\">DUALTRON EAGLE PRO S\u00c4HK\u00d6POTKULAUTA - 10 TUUMAN SUPERSKOOTERI<\/h2>\n<p>Dualtron Eagle Pro -s\u00e4hk\u00f6potkulauta tarjoaa suuren kilometrim\u00e4\u00e4r\u00e4n yhdell\u00e4 latauksella, mink\u00e4 lis\u00e4ksi voit tehd\u00e4 sen mukavasti. T\u00e4t\u00e4 varten s\u00e4hk\u00f6skootteri on varustettu kumiholkki-kasettijousituksella, jossa on valittavissa kolme eri korkeutta - korkea, keskikorkea ja matala. N\u00e4m\u00e4 kasetit voidaan my\u00f6s vaihtaa pehme\u00e4mpiin, ja valittavana on 5 eri j\u00e4ykkyysastetta.<\/p>\n<p>Nopeuden ja tehon lis\u00e4ksi Eagle Pro -mallin suunnittelussa turvallisuus on eritt\u00e4in t\u00e4rke\u00e4 prioriteetti. T\u00e4m\u00e4n varmistamiseksi sek\u00e4 etu- ett\u00e4 takapy\u00f6r\u00e4t on varustettu mekaanisilla (vaijeri-) levyjarruilla. ABS-j\u00e4rjestelm\u00e4 edist\u00e4\u00e4 jarrujen kohdennettua toimintaa kaikissa olosuhteissa. Kuten kaikki nykyaikaiset Minimotors-s\u00e4hk\u00f6potkulaitteet, Eagle Pro on varustettu EY3 LCD-n\u00e4yt\u00f6ll\u00e4, joka varmistaa, ett\u00e4 k\u00e4ytt\u00e4j\u00e4 on aina tietoinen kaikesta tapahtuvasta. N\u00e4yt\u00f6n avulla voidaan asettaa vakionopeudens\u00e4\u00e4din sek\u00e4 skootterin teho ja kiihdytyksen voimakkuus.<\/p>\n<h2 style=\"text-align: center;\">SUORITUSKYKY<\/h2>\n<p style=\"caret-color: #000000; color: #000000;\">Dualtron Eagle Pro -s\u00e4hk\u00f6potkulauta on noin nelj\u00e4 kertaa tehokkaampi kuin Virossa sallittu s\u00e4hk\u00f6potkulautojen enimm\u00e4isteho (1000W - 1 kilowatti). Siksi Eagle Pro -s\u00e4hk\u00f6skootterilla ei saa ajaa kaupungissa tai muilla yleisill\u00e4 teill\u00e4. T\u00e4m\u00e4n s\u00e4hk\u00f6skootterin k\u00e4ytt\u00f6 n\u00e4iss\u00e4 paikoissa on omistajan omalla vastuulla. Lain mukaan valmistajan asettama nopeusrajoitus laatikosta poistettavalle s\u00e4hk\u00f6skootterille on\u00a0<strong>25 km\/h.<\/strong>\u00a0Eagle Pro -s\u00e4hk\u00f6skootterilla kest\u00e4\u00e4 vain sekunteja saavuttaa t\u00e4m\u00e4 nopeus, vaikka paino olisi jopa\u00a0<strong>120 kg.<\/strong>\u00a0Suuren<strong>\u00a01344Wh:n<\/strong>\u00a0akun t\u00e4yteen lataaminen kest\u00e4\u00e4\u00a0<strong>12 tuntia<\/strong>s\u00e4hk\u00f6skootterin laatikossa olevalla laturilla. Onneksi Minimotorsin ahkerat insin\u00f6\u00f6rit ovat ajatelleet t\u00e4t\u00e4, ja pikalaturi vie hieman v\u00e4hemm\u00e4n aikaa - vain\u00a0<strong>3 tuntia<\/strong>.<\/p>\n<p style=\"caret-color: #000000; color: #000000;\">Dualtron Eagle Pro -s\u00e4hk\u00f6skootteri on varustettu my\u00f6s etu- ja takavaloilla, joiden tarkoituksena ei ole valaista tiet\u00e4, vaan tehd\u00e4 ajoneuvo n\u00e4kyv\u00e4ksi muille tienk\u00e4ytt\u00e4jille. Kaukaa ajavalle s\u00e4hk\u00f6skootterin kuljettajalle\u00a0<a href=\"http:\/\/www.xn--tuksimaailm-ffb.ee\/tootesilt\/elektritoukeratta-lisatuled\/\">lis\u00e4valot ovat<\/a>v\u00e4ltt\u00e4m\u00e4tt\u00f6mi\u00e4 tien valaisemiseksi turvallisuussyist\u00e4. Koska Dualtron Eagle Pro -s\u00e4hk\u00f6skootteri on enemm\u00e4n moottoripy\u00f6r\u00e4 kuin s\u00e4hk\u00f6skootteri,\u00a0<a href=\"http:\/\/www.xn--tuksimaailm-ffb.ee\/shop\/elektrilise-toukeratta-kiiver-led-tagatulega-smart-4u\/\">kyp\u00e4r\u00e4n<\/a>\u00a0k\u00e4ytt\u00f6 on eritt\u00e4in suositeltavaa. Alle 16-vuotiaiden s\u00e4hk\u00f6skootterin kuljettajien on\u00a0<a href=\"https:\/\/www.riigiteataja.ee\/akt\/113112020001\">lain<\/a>\u00a0mukaan k\u00e4ytett\u00e4v\u00e4 kyp\u00e4r\u00e4\u00e4 ajaessaan. Kaikki Minimotors Dualtron -s\u00e4hk\u00f6skootterit l\u00f6yd\u00e4t\u00a0<a href=\"http:\/\/www.xn--tuksimaailm-ffb.ee\/tootekategooria\/elektritoukeratas\/\"><strong>t\u00e4\u00e4lt\u00e4<\/strong><\/a>.<\/p>\n<table class=\"tg\" style=\"border-collapse: collapse; max-width: 600px; border-spacing: 0; margin: 0px auto;\">\n<tbody>\n<tr>\n<td style=\"background-color: #e4e1e1; color: #333333; font-family: inherit; font-size: 14px; font-weight: bold; overflow: hidden; padding: 5px 5px; text-align: center; vertical-align: top; word-break: normal; border: 1px solid;\" colspan=\"2\">Tekniset tiedot<\/td>\n<\/tr>\n<tr>\n<td style=\"background-color: #e4e1e1; color: #333333; font-family: inherit; font-size: 14px; font-weight: bold; overflow: hidden; padding: 5px 5px; text-align: right; vertical-align: top; word-break: normal; border: 1px solid;\">Malli<\/td>\n<td style=\"font-family: inherit; font-size: 14px; overflow: hidden; padding: 5px 5px; text-align: center; vertical-align: top; word-break: normal; border: 1px solid;\">Minimotors Dualtron Eagle Pro<\/td>\n<\/tr>\n<tr>\n<td style=\"background-color: #e4e1e1; color: #333333; font-family: inherit; font-size: 14px; font-weight: bold; overflow: hidden; padding: 5px 5px; text-align: right; vertical-align: top; word-break: normal; border: 1px solid;\">Akku<\/td>\n<td style=\"font-family: inherit; font-size: 14px; overflow: hidden; padding: 5px 5px; text-align: center; vertical-align: top; word-break: normal; border: 1px solid;\">60V\/22,4Ah\/ 1344Wh Li-Ion \u2013 LG 3500 akkumoduulit<\/td>\n<\/tr>\n<tr>\n<td style=\"background-color: #e4e1e1; color: #333333; font-family: inherit; font-size: 14px; font-weight: bold; overflow: hidden; padding: 5px 5px; text-align: right; vertical-align: top; word-break: normal; border: 1px solid;\"><strong style=\"caret-color: #000000; color: #000000; text-align: start; font-family: inherit;\">Moottorin teho<\/strong><\/td>\n<td style=\"font-family: inherit; font-size: 14px; overflow: hidden; padding: 5px 5px; text-align: center; vertical-align: top; word-break: normal; border: 1px solid;\">rajoitettu 1000W, maastoajoneuvona 2x1800W (huipputeho)<\/td>\n<\/tr>\n<tr>\n<td style=\"background-color: #e4e1e1; color: #333333; font-family: inherit; font-size: 14px; font-weight: bold; overflow: hidden; padding: 5px 5px; text-align: right; vertical-align: top; word-break: normal; border: 1px solid;\">Ajomatka (ECO-tilassa)<\/td>\n<td style=\"font-family: inherit; font-size: 14px; overflow: hidden; padding: 5px 5px; text-align: center; vertical-align: top; word-break: normal; border: 1px solid;\">jopa 80km<\/td>\n<\/tr>\n<tr>\n<td style=\"background-color: #e4e1e1; color: #333333; font-family: inherit; font-size: 14px; font-weight: bold; overflow: hidden; padding: 5px 5px; text-align: right; vertical-align: top; word-break: normal; border: 1px solid;\">Etujarru<\/td>\n<td style=\"font-family: inherit; font-size: 14px; overflow: hidden; padding: 5px 5px; text-align: center; vertical-align: top; word-break: normal; border: 1px solid;\">Mekaaninen levyjarru<\/td>\n<\/tr>\n<tr>\n<td style=\"background-color: #e4e1e1; color: #333333; font-family: inherit; font-size: 14px; font-weight: bold; overflow: hidden; padding: 5px 5px; text-align: right; vertical-align: top; word-break: normal; border: 1px solid;\">Takajarru<\/td>\n<td style=\"font-family: inherit; font-size: 14px; overflow: hidden; padding: 5px 5px; text-align: center; vertical-align: top; word-break: normal; border: 1px solid;\">Mekaaninen levyjarru<\/td>\n<\/tr>\n<tr>\n<td style=\"background-color: #e4e1e1; color: #333333; font-family: inherit; font-size: 14px; font-weight: bold; overflow: hidden; padding: 5px 5px; text-align: right; vertical-align: top; word-break: normal; border: 1px solid;\">Latausaika<\/td>\n<td style=\"font-family: inherit; font-size: 14px; overflow: hidden; padding: 5px 5px; text-align: center; vertical-align: top; word-break: normal; border: 1px solid;\">12h (vakiolaturi - mukana); 3h (pikalaturilla)<\/td>\n<\/tr>\n<tr>\n<td style=\"background-color: #e4e1e1; color: #333333; font-family: inherit; font-size: 14px; font-weight: bold; overflow: hidden; padding: 5px 5px; text-align: right; vertical-align: top; word-break: normal; border: 1px solid;\">Painorajoitus<\/td>\n<td style=\"font-family: inherit; font-size: 14px; overflow: hidden; padding: 5px 5px; text-align: center; vertical-align: top; word-break: normal; border: 1px solid;\">120kg<\/td>\n<\/tr>\n<tr>\n<td style=\"background-color: #e4e1e1; color: #333333; font-family: inherit; font-size: 14px; font-weight: bold; overflow: hidden; padding: 5px 5px; text-align: right; vertical-align: top; word-break: normal; border: 1px solid;\"><strong style=\"caret-color: #000000; color: #000000; text-align: start; font-family: inherit;\">Muutettu nopeus virityksen j\u00e4lkeen<\/strong><\/td>\n<td style=\"font-family: inherit; font-size: 14px; overflow: hidden; padding: 5px 5px; text-align: center; vertical-align: top; word-break: normal; border: 1px solid;\">65km\/h<\/td>\n<\/tr>\n<tr>\n<td style=\"background-color: #e4e1e1; color: #333333; font-family: inherit; font-size: 14px; font-weight: bold; overflow: hidden; padding: 5px 5px; text-align: right; vertical-align: top; word-break: normal; border: 1px solid;\">Tuotanto nopeus<\/td>\n<td style=\"font-family: inherit; font-size: 14px; overflow: hidden; padding: 5px 5px; text-align: center; vertical-align: top; word-break: normal; border: 1px solid;\">25km\/h<\/td>\n<\/tr>\n<tr>\n<td style=\"background-color: #e4e1e1; color: #333333; font-family: inherit; font-size: 14px; font-weight: bold; overflow: hidden; padding: 5px 5px; text-align: right; vertical-align: top; word-break: normal; border: 1px solid;\">Paino<\/td>\n<td style=\"font-family: inherit; font-size: 14px; overflow: hidden; padding: 5px 5px; text-align: center; vertical-align: top; word-break: normal; border: 1px solid;\">30kg<\/td>\n<\/tr>\n<tr>\n<td style=\"background-color: #e4e1e1; color: #333333; font-family: inherit; font-size: 14px; font-weight: bold; overflow: hidden; padding: 5px 5px; text-align: right; vertical-align: top; word-break: normal; border: 1px solid;\">Renkaat<\/td>\n<td style=\"font-family: inherit; font-size: 14px; overflow: hidden; padding: 5px 5px; text-align: center; vertical-align: top; word-break: normal; border: 1px solid;\">10\u00d72.50 ilmarenkaat, joissa on sis\u00e4putki<\/td>\n<\/tr>\n<tr>\n<td style=\"background-color: #e4e1e1; color: #333333; font-family: inherit; font-size: 14px; font-weight: bold; overflow: hidden; padding: 5px 5px; text-align: right; vertical-align: top; word-break: normal; border: 1px solid;\">Iskunvaimentimet<\/td>\n<td style=\"font-family: inherit; font-size: 14px; overflow: hidden; padding: 5px 5px; text-align: center; vertical-align: top; word-break: normal; border: 1px solid;\">3 korkeustasoa - kumiholkkipatruunat - 5 eri j\u00e4ykkyysastetta<\/td>\n<\/tr>\n<tr>\n<td style=\"background-color: #e4e1e1; color: #333333; font-family: inherit; font-size: 14px; font-weight: bold; overflow: hidden; padding: 5px 5px; text-align: right; vertical-align: top; word-break: normal; border: 1px solid;\">Valot<\/td>\n<td style=\"font-family: inherit; font-size: 14px; overflow: hidden; padding: 5px 5px; text-align: center; vertical-align: top; word-break: normal; border: 1px solid;\">LED etu- ja takavalot<\/td>\n<\/tr>\n<tr>\n<td style=\"background-color: #e4e1e1; color: #333333; font-family: inherit; font-size: 14px; font-weight: bold; overflow: hidden; padding: 5px 5px; text-align: right; vertical-align: top; word-break: normal; border: 1px solid;\">Tien enim\u00e4iskaltevuus<\/td>\n<td style=\"font-family: inherit; font-size: 14px; overflow: hidden; padding: 5px 5px; text-align: center; vertical-align: top; word-break: normal; border: 1px solid;\">25%<\/td>\n<\/tr>\n<\/tbody>\n<\/table>\n","protected":false},"excerpt":{"rendered":"<p style=\"caret-color: #000000; color: #000000;\"><a href=\"http:\/\/www.xn--tuksimaailm-ffb.ee\/kontakt\/\"><strong>L\u00f6ysitk\u00f6 paremman hinnan?<\/strong><\/a>\u00a0<a href=\"http:\/\/www.xn--tuksimaailm-ffb.ee\/kontakt\/\"><strong>Kirjoita meille, niin teemme sinulle paremman tarjouksen!<\/strong><\/a>\u00a0<strong>Jos ostat s\u00e4hk\u00f6mopon, kaikki\u00a0<\/strong><a href=\"http:\/\/www.xn--tuksimaailm-ffb.ee\/tootekategooria\/lisavarustus\/\"><strong>lis\u00e4varusteet<\/strong><\/a><strong>\u00a0ja\u00a0<\/strong><a href=\"http:\/\/www.xn--tuksimaailm-ffb.ee\/tootekategooria\/elektritoukeratta-varuosad\/\"><strong>varaosat<\/strong><\/a>\u00a0(<strong>\u00a0my\u00f6s\u00a0<\/strong><a href=\"http:\/\/www.xn--tuksimaailm-ffb.ee\/tootekategooria\/elektritoukeratta-varuosad\/?filter_tootetuup=rehvid\"><strong>renkaat<\/strong><\/a><strong>) ovat puoleen hintaan (-50 %).<\/strong>\u00a0<strong><strong>Alennus tulee voimaan automaattisesti, kun lis\u00e4\u00e4t py\u00f6r\u00e4n ostoskoriin<\/strong><em><em><strong>! HUOM! Dualtron Eagle Pro -s\u00e4hk\u00f6skootteri on nyt loppunut varastosta ja valmistaja on vet\u00e4ytynyt kunniallisesti el\u00e4kkeelle, suosittelemme sit\u00e4 korvaavaksi samaan luokkaan:<\/strong><\/em><\/em><\/strong>\u00a0<a href=\"http:\/\/www.xn--tuksimaailm-ffb.ee\/shop\/vsett-10-elektritoukeratas\/\"><strong><em>Vsett 10+<\/em><\/strong><\/a><strong><em>,\u00a0<\/em><\/strong><a href=\"http:\/\/www.xn--tuksimaailm-ffb.ee\/shop\/kaabo-mantis-10-plus-offroad-elektriline-toukeratas\/\"><strong><em>Kaabo Mantis 10 Plus<\/em><\/strong><\/a><strong><em>\u00a0tai\u00a0<\/em><\/strong><a href=\"http:\/\/www.xn--tuksimaailm-ffb.ee\/shop\/elektriline-toukeratas-inokim-oxo\/\"><strong><em>Inokim OXO<\/em><\/strong><\/a><strong><em>.<\/em><\/strong><\/p>\n","protected":false},"featured_media":23881,"template":"","meta":[],"product_brand":[],"product_cat":[926],"product_tag":[],"filter_elektritoukeratas":[],"class_list":{"0":"post-50456","1":"product","2":"type-product","3":"status-publish","4":"has-post-thumbnail","6":"product_cat-sahkopotkulaudat-fi","7":"product_shipping_class-keskmine-pakk-fi","8":"pa_aku-mahutavus-wh-1344-fi","9":"pa_kaal-kg-30-fi","10":"pa_kandevoime-kg-120-fi","11":"pa_labisoit-arvutuslik-km-80-fi","12":"pa_mootorite-arv-kahdella-moottorilla","13":"pa_piiramata-tippkiirus-kmh-65-fi","14":"pa_tootetuup-elektritoukeratas-fi","15":"pa_valmistaja-dualtron-fi","16":"pa_voimsus-w-1000-fi","18":"first","19":"outofstock","20":"taxable","21":"shipping-taxable","22":"purchasable","23":"product-type-simple"},"yoast_head":"<!-- This site is optimized with the Yoast SEO Premium plugin v26.8 (Yoast SEO v27.5) - https:\/\/yoast.com\/product\/yoast-seo-premium-wordpress\/ -->\n<title>Dualtron Eagle Pro s\u00e4hk\u00f6potkulauta (EOL) | T\u00f5uksimaailm<\/title>\n<meta name=\"description\" content=\"Dualtron Eagle Pro elektriline t\u00f5ukeratas. Kompaktsem kui 11 tolliste ratastega Minimotors elektrit\u00f5ukerattad. Kiire elektrit\u00f5ukeratas.\" \/>\n<meta name=\"robots\" content=\"index, follow, max-snippet:-1, max-image-preview:large, max-video-preview:-1\" \/>\n<link rel=\"canonical\" href=\"https:\/\/www.xn--tuksimaailm-ffb.ee\/fi\/shop\/dualtron-eagle-pro-sahkopotkulauta-eol\/\" \/>\n<meta property=\"og:locale\" content=\"fi_FI\" \/>\n<meta property=\"og:type\" content=\"article\" \/>\n<meta property=\"og:title\" content=\"Dualtron Eagle Pro s\u00e4hk\u00f6potkulauta (EOL)\" \/>\n<meta property=\"og:description\" content=\"Dualtron Eagle Pro elektriline t\u00f5ukeratas. Kompaktsem kui 11 tolliste ratastega Minimotors elektrit\u00f5ukerattad. Kiire elektrit\u00f5ukeratas.\" \/>\n<meta property=\"og:url\" content=\"https:\/\/www.xn--tuksimaailm-ffb.ee\/fi\/shop\/dualtron-eagle-pro-sahkopotkulauta-eol\/\" \/>\n<meta property=\"og:site_name\" content=\"T\u00f5uksimaailm\" \/>\n<meta property=\"article:publisher\" content=\"https:\/\/www.facebook.com\/touksimaailm\/\" \/>\n<meta property=\"og:image\" content=\"https:\/\/www.xn--tuksimaailm-ffb.ee\/wp-content\/uploads\/2021\/12\/eagle-2.png\" \/>\n\t<meta property=\"og:image:width\" content=\"825\" \/>\n\t<meta property=\"og:image:height\" content=\"789\" \/>\n\t<meta property=\"og:image:type\" content=\"image\/png\" \/>\n<meta name=\"twitter:card\" content=\"summary_large_image\" \/>\n<meta name=\"twitter:label1\" content=\"Hinta\" \/>\n\t<meta name=\"twitter:data1\" content=\"&euro;1,949.00\" \/>\n\t<meta name=\"twitter:label2\" content=\"Saatavuus\" \/>\n\t<meta name=\"twitter:data2\" content=\"Loppu varastosta\" \/>\n<meta property=\"product:price:amount\" content=\"1949.00\" \/>\n<meta property=\"product:price:currency\" content=\"EUR\" \/>\n<meta property=\"og:availability\" content=\"out of stock\" \/>\n<meta property=\"product:availability\" content=\"out of stock\" \/>\n<meta property=\"product:retailer_item_id\" content=\"DT_Eagle_Pro\" \/>\n<meta property=\"product:condition\" content=\"new\" \/>\n<!-- \/ Yoast SEO Premium plugin. -->","yoast_head_json":{"title":"Dualtron Eagle Pro s\u00e4hk\u00f6potkulauta (EOL) | T\u00f5uksimaailm","description":"Dualtron Eagle Pro elektriline t\u00f5ukeratas. Kompaktsem kui 11 tolliste ratastega Minimotors elektrit\u00f5ukerattad. Kiire elektrit\u00f5ukeratas.","robots":{"index":"index","follow":"follow","max-snippet":"max-snippet:-1","max-image-preview":"max-image-preview:large","max-video-preview":"max-video-preview:-1"},"canonical":"https:\/\/www.xn--tuksimaailm-ffb.ee\/fi\/shop\/dualtron-eagle-pro-sahkopotkulauta-eol\/","og_locale":"fi_FI","og_type":"article","og_title":"Dualtron Eagle Pro s\u00e4hk\u00f6potkulauta (EOL)","og_description":"Dualtron Eagle Pro elektriline t\u00f5ukeratas. Kompaktsem kui 11 tolliste ratastega Minimotors elektrit\u00f5ukerattad. Kiire elektrit\u00f5ukeratas.","og_url":"https:\/\/www.xn--tuksimaailm-ffb.ee\/fi\/shop\/dualtron-eagle-pro-sahkopotkulauta-eol\/","og_site_name":"T\u00f5uksimaailm","article_publisher":"https:\/\/www.facebook.com\/touksimaailm\/","og_image":[{"width":825,"height":789,"url":"https:\/\/www.xn--tuksimaailm-ffb.ee\/wp-content\/uploads\/2021\/12\/eagle-2.png","type":"image\/png"}],"twitter_card":"summary_large_image","twitter_misc":{"Hinta":"&euro;1,949.00","Saatavuus":"Loppu varastosta"},"schema":{"@context":"https:\/\/schema.org","@graph":[{"@type":"WebPage","@id":"https:\/\/www.xn--tuksimaailm-ffb.ee\/fi\/shop\/dualtron-eagle-pro-sahkopotkulauta-eol\/","url":"https:\/\/www.xn--tuksimaailm-ffb.ee\/fi\/shop\/dualtron-eagle-pro-sahkopotkulauta-eol\/","name":"Dualtron Eagle Pro s\u00e4hk\u00f6potkulauta (EOL) | T\u00f5uksimaailm","isPartOf":{"@id":"https:\/\/www.xn--tuksimaailm-ffb.ee\/fi\/#website"},"primaryImageOfPage":{"@id":"https:\/\/www.xn--tuksimaailm-ffb.ee\/fi\/shop\/dualtron-eagle-pro-sahkopotkulauta-eol\/#primaryimage"},"image":{"@id":"https:\/\/www.xn--tuksimaailm-ffb.ee\/fi\/shop\/dualtron-eagle-pro-sahkopotkulauta-eol\/#primaryimage"},"thumbnailUrl":"https:\/\/www.xn--tuksimaailm-ffb.ee\/wp-content\/uploads\/2021\/12\/eagle-2.png","datePublished":"2021-12-19T13:18:04+00:00","description":"Dualtron Eagle Pro elektriline t\u00f5ukeratas. Kompaktsem kui 11 tolliste ratastega Minimotors elektrit\u00f5ukerattad. Kiire elektrit\u00f5ukeratas.","breadcrumb":{"@id":"https:\/\/www.xn--tuksimaailm-ffb.ee\/fi\/shop\/dualtron-eagle-pro-sahkopotkulauta-eol\/#breadcrumb"},"inLanguage":"fi","potentialAction":[{"@type":"ReadAction","target":["https:\/\/www.xn--tuksimaailm-ffb.ee\/fi\/shop\/dualtron-eagle-pro-sahkopotkulauta-eol\/"]}]},{"@type":"ImageObject","inLanguage":"fi","@id":"https:\/\/www.xn--tuksimaailm-ffb.ee\/fi\/shop\/dualtron-eagle-pro-sahkopotkulauta-eol\/#primaryimage","url":"https:\/\/www.xn--tuksimaailm-ffb.ee\/wp-content\/uploads\/2021\/12\/eagle-2.png","contentUrl":"https:\/\/www.xn--tuksimaailm-ffb.ee\/wp-content\/uploads\/2021\/12\/eagle-2.png","width":825,"height":789},{"@type":"BreadcrumbList","@id":"https:\/\/www.xn--tuksimaailm-ffb.ee\/fi\/shop\/dualtron-eagle-pro-sahkopotkulauta-eol\/#breadcrumb","itemListElement":[{"@type":"ListItem","position":1,"name":"Home","item":"https:\/\/www.xn--tuksimaailm-ffb.ee\/fi\/kotisivu\/"},{"@type":"ListItem","position":2,"name":"Kauppa","item":"https:\/\/www.xn--tuksimaailm-ffb.ee\/elektritoukerataste-pood\/"},{"@type":"ListItem","position":3,"name":"Dualtron Eagle Pro s\u00e4hk\u00f6potkulauta (EOL)"}]},{"@type":"WebSite","@id":"https:\/\/www.xn--tuksimaailm-ffb.ee\/fi\/#website","url":"https:\/\/www.xn--tuksimaailm-ffb.ee\/fi\/","name":"T\u00f5uksimaailm","description":"Elektrit\u00f5ukerataste m\u00fc\u00fck, remont ja rent","publisher":{"@id":"https:\/\/www.xn--tuksimaailm-ffb.ee\/fi\/#organization"},"potentialAction":[{"@type":"SearchAction","target":{"@type":"EntryPoint","urlTemplate":"https:\/\/www.xn--tuksimaailm-ffb.ee\/fi\/?s={search_term_string}"},"query-input":{"@type":"PropertyValueSpecification","valueRequired":true,"valueName":"search_term_string"}}],"inLanguage":"fi"},{"@type":"Organization","@id":"https:\/\/www.xn--tuksimaailm-ffb.ee\/fi\/#organization","name":"T\u00f5uksimaailm","url":"https:\/\/www.xn--tuksimaailm-ffb.ee\/fi\/","logo":{"@type":"ImageObject","inLanguage":"fi","@id":"https:\/\/www.xn--tuksimaailm-ffb.ee\/fi\/#\/schema\/logo\/image\/","url":"https:\/\/www.xn--tuksimaailm-ffb.ee\/wp-content\/uploads\/2020\/01\/logoz-e1579792875517.png","contentUrl":"https:\/\/www.xn--tuksimaailm-ffb.ee\/wp-content\/uploads\/2020\/01\/logoz-e1579792875517.png","width":250,"height":250,"caption":"T\u00f5uksimaailm"},"image":{"@id":"https:\/\/www.xn--tuksimaailm-ffb.ee\/fi\/#\/schema\/logo\/image\/"},"sameAs":["https:\/\/www.facebook.com\/touksimaailm\/","https:\/\/www.instagram.com\/touksimaailm_\/","https:\/\/www.youtube.com\/channel\/UC18ml0EKIDLP1xGuQjFzcXQ"]}]},"product_price_amount":"1949.00","product_price_currency":"EUR","og_availability":"out of stock","product_availability":"out of stock","product_retailer_item_id":"DT_Eagle_Pro","product_condition":"new"},"jetpack_sharing_enabled":true,"_links":{"self":[{"href":"https:\/\/www.xn--tuksimaailm-ffb.ee\/fi\/wp-json\/wp\/v2\/product\/50456","targetHints":{"allow":["GET"]}}],"collection":[{"href":"https:\/\/www.xn--tuksimaailm-ffb.ee\/fi\/wp-json\/wp\/v2\/product"}],"about":[{"href":"https:\/\/www.xn--tuksimaailm-ffb.ee\/fi\/wp-json\/wp\/v2\/types\/product"}],"wp:featuredmedia":[{"embeddable":true,"href":"https:\/\/www.xn--tuksimaailm-ffb.ee\/fi\/wp-json\/wp\/v2\/media\/23881"}],"wp:attachment":[{"href":"https:\/\/www.xn--tuksimaailm-ffb.ee\/fi\/wp-json\/wp\/v2\/media?parent=50456"}],"wp:term":[{"taxonomy":"product_brand","embeddable":true,"href":"https:\/\/www.xn--tuksimaailm-ffb.ee\/fi\/wp-json\/wp\/v2\/product_brand?post=50456"},{"taxonomy":"product_cat","embeddable":true,"href":"https:\/\/www.xn--tuksimaailm-ffb.ee\/fi\/wp-json\/wp\/v2\/product_cat?post=50456"},{"taxonomy":"product_tag","embeddable":true,"href":"https:\/\/www.xn--tuksimaailm-ffb.ee\/fi\/wp-json\/wp\/v2\/product_tag?post=50456"},{"taxonomy":"filter_elektritoukeratas","embeddable":true,"href":"https:\/\/www.xn--tuksimaailm-ffb.ee\/fi\/wp-json\/wp\/v2\/filter_elektritoukeratas?post=50456"}],"curies":[{"name":"wp","href":"https:\/\/api.w.org\/{rel}","templated":true}]}}