{"id":50546,"date":"2021-12-15T18:00:45","date_gmt":"2021-12-15T15:00:45","guid":{"rendered":"http:\/\/www.xn--tuksimaailm-ffb.ee\/shop\/kaabo-wolf-warrior-x-sahkopotkulauta-eol\/"},"modified":"2021-12-15T18:00:45","modified_gmt":"2021-12-15T15:00:45","slug":"kaabo-wolf-warrior-x-sahkopotkulauta-eol","status":"publish","type":"product","link":"https:\/\/www.xn--tuksimaailm-ffb.ee\/fi\/shop\/kaabo-wolf-warrior-x-sahkopotkulauta-eol\/","title":{"rendered":"Kaabo Wolf Warrior X s\u00e4hk\u00f6potkulauta (EOL)"},"content":{"rendered":"<h2 style=\"text-align: center;\">KAABO WOLF WARRIOR X S\u00c4HK\u00d6POTKULAUTA - TUOTEKUVAUS<\/h2>\n<p style=\"caret-color: #000000; color: #000000;\">Kaabo Wolf Warrior X on pienempi, kevyempi ja hieman sivistyneempi versio yhdest\u00e4 maailman tunnetuimmasta tehokkaasta s\u00e4hk\u00f6skootterista,\u00a0<a href=\"http:\/\/www.xn--tuksimaailm-ffb.ee\/shop\/kaabo-wolf-warrior-11\/\"><strong>Kaabo Wolf Warrior 11+:<\/strong><\/a>sta. Mallinimi X symboloi roomalaista numeroa 10, mik\u00e4 tarkoittaa, ett\u00e4 t\u00e4m\u00e4 s\u00e4hk\u00f6skootteri on Wolf Warrior 10-tuumaisilla renkailla. Ulkoisesti X on hyvin samanlainen kuin 11+, mutta todellisuudessa siin\u00e4 on monia eroja ja ominaisuuksia.<\/p>\n<p style=\"caret-color: #000000; color: #000000;\">Pienempien py\u00f6rien lis\u00e4ksi Wolf X -kansi on my\u00f6s pienempi. Kansi on 35 mm kapeampi mutta 13 mm pidempi kuin 11+-mallissa. Lis\u00e4pituus kompensoi pitk\u00e4lle kapeamman kannen, ja jalkatilaa on runsaasti. Wolf X:ss\u00e4 on my\u00f6s erilainen ja yksinkertaisempi pakkausj\u00e4rjestelm\u00e4. S\u00e4hk\u00f6potkulauta ei ole en\u00e4\u00e4 taitettavissa kannen edess\u00e4 olevasta ep\u00e4k\u00e4yt\u00e4nn\u00f6llisest\u00e4 paikasta, vaan linssiputken keskelt\u00e4. T\u00e4m\u00e4n ansiosta s\u00e4hk\u00f6potkulauta on huomattavasti lyhyempi ja kompaktimpi taitettuna. Uuden\u00a0<a href=\"http:\/\/www.xn--tuksimaailm-ffb.ee\/shop\/kaabo-wolf-king-gt-pro-elektritoukeratas\/\"><strong>Wolf King GT<\/strong><\/a>:n tavoin my\u00f6s ohjaustangon korkeus on korkeampi kuin 11+-mallissa. Tarkemmin sanottuna ohjaustangon korkeus kannesta, joka m\u00e4\u00e4ritt\u00e4\u00e4 optimaalisen kuljettajan korkeuden.<\/p>\n<p style=\"caret-color: #000000; color: #000000;\">Korkeamman ohjaustangon ansiosta uusi Kaabo Wolf Warrior X on paljon miellytt\u00e4v\u00e4mpi pitkille kuljettajille (170cm+) kuin 11+ malli. Kaabo Wolf Warrior X -s\u00e4hk\u00f6skootteri on vallankumouksellinen my\u00f6s er\u00e4\u00e4n jatkokehityksens\u00e4 osalta. Wolf X -s\u00e4hk\u00f6skootteri on maailman ensimm\u00e4inen 10 tuuman renkailla varustettu (keskikokoinen) s\u00e4hk\u00f6skootteri, jossa k\u00e4ytet\u00e4\u00e4n\u00a0<strong>siniaaltoohjaimia<\/strong>. Perinteisiin neli\u00f6aaltoohjaimiin verrattuna n\u00e4m\u00e4 ohjaimet ovat paljon energiatehokkaampia (enemm\u00e4n ajokilometrej\u00e4 per lataus) ja mahdollistavat paljon tasaisemman nopeuden s\u00e4\u00e4d\u00f6n ja ajokokemuksen.<\/p>\n<p style=\"caret-color: #000000; color: #000000;\">Toisin kuin isommissa 11-tuumaisissa malleissa, joissa on letkuttomat renkaat, joita ei ole helpointa vaihtaa, Wolf X:ss\u00e4 on letkuttomat renkaat, jotka on paljon helpompi vaihtaa. Ty\u00f6t\u00e4 helpottaa entisest\u00e4\u00e4n se, ett\u00e4 vanne on irrotettavissa moottorin toiselta puolelta, joten renkaat voidaan vaihtaa ilman\u00a0<a href=\"http:\/\/www.xn--tuksimaailm-ffb.ee\/shop\/metallist-kummiheeblid-super-b-premium\/\">kumivipuja<\/a>. Wolf X:ss\u00e4 ei ole my\u00f6sk\u00e4\u00e4n 11+:aan ja Wolf King+:aan verrattuna ter\u00e4v\u00e4\u00e4 siipiosaa jalustassa.<\/p>\n<p><iframe title=\"Kaabo Wolf Warrior X Review + Wolf Warrior X Pro Review  Kaabo&#039;s Most Underrated Electric Scooter\" width=\"1082\" height=\"609\" src=\"https:\/\/www.youtube.com\/embed\/ZIJ3zSLZaRE?feature=oembed\" frameborder=\"0\" allow=\"accelerometer; autoplay; clipboard-write; encrypted-media; gyroscope; picture-in-picture; web-share\" referrerpolicy=\"strict-origin-when-cross-origin\" allowfullscreen><\/iframe><\/p>\n<h2 style=\"text-align: center;\">KAABO WOLF WARRIOR X S\u00c4HK\u00d6POTKLAUTA - MAASTOAJOJOUSITUS<\/h2>\n<p>Suuri hydraulinen etummainen iskunvaimennin, jossa on kaksi putkea, tarjoaa paremman vakauden suurilla nopeuksilla kuin mik\u00e4\u00e4n muu 10 tuuman py\u00f6rill\u00e4 varustettu s\u00e4hk\u00f6potkulauta. Lis\u00e4ksi t\u00e4m\u00e4 iskunvaimennin on my\u00f6s paras ratkaisu ajamiseen mets\u00e4ss\u00e4 tai muussa vaikeassa maastossa. Takapy\u00f6r\u00e4ss\u00e4 on perinteisemm\u00e4t, mutta eritt\u00e4in luotettavat jousikiinnikkeet. Taka-iskunvaimentimien heilahdus neutraloidaan jousiin integroiduilla kumiholkeilla.<\/p>\n<p style=\"caret-color: #000000; color: #000000;\">Kaabo Wolf Warrior X on valmistettu eritt\u00e4in kest\u00e4v\u00e4st\u00e4 alumiini-6082-seoksesta, jota k\u00e4ytet\u00e4\u00e4n siltojen ja nostureiden rakentamisessa, ja siin\u00e4 on my\u00f6s leve\u00e4 ohjaustanko, jossa on mukavat lukittavat kahvat. Kaabo Wolf X -s\u00e4hk\u00f6k\u00e4rry on varustettu kahdella moottorilla, joiden nimellisteho on\u00a0<strong>2x1100W\u00a0<\/strong>ja huipputeho\u00a0<strong>2x1750W.<\/strong><\/p>\n<p style=\"caret-color: #000000; color: #000000;\">Viron liikennelain mukaan Kaabo Wolf Warrior X -mallin kaltaisella tehokkaalla s\u00e4hk\u00f6skootterilla saa ajaa vain maastossa yksityisalueella. Kaupungissa tai muilla yleisill\u00e4 teill\u00e4 ajaminen on kielletty, ja se tapahtuu vain kuljettajan omalla vastuulla. Harjaton s\u00e4hk\u00f6moottori, jossa on v\u00e4yl\u00e4ohjainten ansiosta eritt\u00e4in korkea hy\u00f6tysuhde, takaa voimakkaan kiihtyvyyden ja saavuttaa\u00a0<strong>25 km\/h<\/strong>\u00a0huippunopeuden huippunopeudella jopa ajettaessa yl\u00e4m\u00e4keen jopa<strong>\u00a030 asteen rinteess\u00e4.<\/strong>\u00a0Maastoajoneuvona s\u00e4hk\u00f6skootteri saavuttaa jopa\u00a0<strong>70 km\/h<\/strong>\u00a0nopeuden, kun se on viritetty yksityisk\u00e4ytt\u00f6\u00f6n. Valmistajan suurin sallittu kuljettajan paino on\u00a0<strong>120 kg.<\/strong>\u00a0Varusteineen yli 120kg painavien kannattaa tutustua\u00a0<a href=\"http:\/\/www.xn--tuksimaailm-ffb.ee\/shop\/kaabo-wolf-king-elektritoukeratas\/\"><strong>11-tuumaisiin Wolveihin<\/strong><\/a>, jotka sallivat jopa\u00a0<strong>150kg.<\/strong><\/p>\n<p><img decoding=\"async\" class=\"wp-image-6525 aligncenter\" src=\"http:\/\/www.xn--tuksimaailm-ffb.ee\/wp-content\/uploads\/2021\/12\/Wolf-X-11-300x160.png\" alt=\"kaabo wolf warrior x pro elektrit\u00f5ukeratas elektriline t\u00f5ukeratas\" width=\"756\" height=\"403\" srcset=\"https:\/\/www.xn--tuksimaailm-ffb.ee\/wp-content\/uploads\/2021\/12\/Wolf-X-11-300x160.png 300w, https:\/\/www.xn--tuksimaailm-ffb.ee\/wp-content\/uploads\/2021\/12\/Wolf-X-11-564x300.png 564w, https:\/\/www.xn--tuksimaailm-ffb.ee\/wp-content\/uploads\/2021\/12\/Wolf-X-11-600x319.png 600w, https:\/\/www.xn--tuksimaailm-ffb.ee\/wp-content\/uploads\/2021\/12\/Wolf-X-11.png 699w\" sizes=\"(max-width: 756px) 100vw, 756px\" \/><\/p>\n<h2 style=\"text-align: center;\">KAABO WOLF X S\u00c4HK\u00d6POTKULAUTA - TEKNINEN KUVAUS<\/h2>\n<p style=\"caret-color: #000000; color: #000000;\">Yhdell\u00e4 latauksella voi ajaa\u00a0<strong>jopa 97 kilometri\u00e4<\/strong>\u00a0ihanteellisissa olosuhteissa, riippuen ajotyylist\u00e4, s\u00e4\u00e4st\u00e4, kuljettajan painosta ja pituudesta (tuulen vastus). Kaabo Wolf Warrior X -s\u00e4hk\u00f6skootteri on varustettu edess\u00e4 ja takana\u00a0<strong>Zoom-hydraulisilla levyjarruilla.<\/strong>\u00a0Hydraulijarruilla on paljon parempi jarrutustuntuma ja -teho verrattuna mekaanisiin levyjarruihin, ja Wolf X on yksi luokkansa parhaiten jarruttavista s\u00e4hk\u00f6skoottereista.<\/p>\n<p style=\"caret-color: #000000; color: #000000;\">Skootteri on varustettu eritt\u00e4in suurikapasiteettisella<strong>\u00a060V\/21000mAh (1260Wh)<\/strong>\u00a0Li-Ion-akulla. Akun lataaminen t\u00e4yteen 100 %:iin kest\u00e4\u00e4\u00a0<strong>jopa 14 tuntia<\/strong>\u00a0skootterin mukana tulevalla laturilla. Kaabo Wolf Warrior X -s\u00e4hk\u00f6skootteri on my\u00f6s varustettu suuntavaloilla, jotka ovat samanlaiset kuin sarjan uudessa lippulaivassa, Wolf King GT:ss\u00e4, ja jotka voidaan kytke\u00e4 p\u00e4\u00e4lle ja pois p\u00e4\u00e4lt\u00e4 ohjaustankoon asennettujen kytkimien avulla. Lis\u00e4ksi on yleisvalot. Ensimm\u00e4inen LED-valo on kooltaan suuri, tehokas ja kykenee valaisemaan tiet\u00e4 my\u00f6s pimeimpin\u00e4 marraskuun iltoina.<\/p>\n<p style=\"caret-color: #000000; color: #000000;\">Kaabo Wolf -sarjan s\u00e4hk\u00f6skoottereiden valoissa on erityisen tehokas valons\u00e4de, joka valaisee tien pitk\u00e4lle eteenp\u00e4in. Suosittelemme, ett\u00e4 k\u00e4yt\u00e4t aina\u00a0<a href=\"http:\/\/www.xn--tuksimaailm-ffb.ee\/shop\/elektrilise-toukeratta-kiiver-led-tagatulega-smart-4u\/\">kyp\u00e4r\u00e4\u00e4<\/a>, kun ajat s\u00e4hk\u00f6skootterilla. Alle 16-vuotiaiden kevytpy\u00f6r\u00e4ilij\u00f6iden on\u00a0<a href=\"https:\/\/www.riigiteataja.ee\/akt\/113112020001\">lain<\/a>mukaan pakko k\u00e4ytt\u00e4\u00e4 kyp\u00e4r\u00e4\u00e4 s\u00e4hk\u00f6skootterilla ajettaessa. Katso lis\u00e4\u00e4 s\u00e4hk\u00f6skoottereita\u00a0<a href=\"http:\/\/www.xn--tuksimaailm-ffb.ee\/tootekategooria\/elektritoukeratas\/\">t\u00e4\u00e4lt\u00e4<\/a>.<\/p>\n<table class=\"tg\" style=\"border-collapse: collapse; max-width: 600px; border-spacing: 0; margin: 0px auto;\">\n<tbody>\n<tr>\n<td style=\"background-color: #e4e1e1; color: #333333; font-family: inherit; font-size: 14px; font-weight: bold; overflow: hidden; padding: 5px 5px; text-align: center; vertical-align: top; word-break: normal; border: 1px solid;\" colspan=\"2\">Tekniset tiedot<\/td>\n<\/tr>\n<tr>\n<td style=\"background-color: #e4e1e1; color: #333333; font-family: inherit; font-size: 14px; font-weight: bold; overflow: hidden; padding: 5px 5px; text-align: right; vertical-align: top; word-break: normal; border: 1px solid;\">Malli<\/td>\n<td style=\"font-family: inherit; font-size: 14px; overflow: hidden; padding: 5px 5px; text-align: center; vertical-align: top; word-break: normal; border: 1px solid;\">Kaabo Wolf Warrior X<\/td>\n<\/tr>\n<tr>\n<td style=\"background-color: #e4e1e1; color: #333333; font-family: inherit; font-size: 14px; font-weight: bold; overflow: hidden; padding: 5px 5px; text-align: right; vertical-align: top; word-break: normal; border: 1px solid;\">Paino<\/td>\n<td style=\"font-family: inherit; font-size: 14px; overflow: hidden; padding: 5px 5px; text-align: center; vertical-align: top; word-break: normal; border: 1px solid;\">34kg<\/td>\n<\/tr>\n<tr>\n<td style=\"background-color: #e4e1e1; color: #333333; font-family: inherit; font-size: 14px; font-weight: bold; overflow: hidden; padding: 5px 5px; text-align: right; vertical-align: top; word-break: normal; border: 1px solid;\">Suorituskyky<\/td>\n<td style=\"font-family: inherit; font-size: 14px; overflow: hidden; padding: 5px 5px; text-align: center; vertical-align: top; word-break: normal; border: 1px solid;\">rajoitettu 1000W, maastoajoneuvona 2x1100W (nominaali), 2x1750W (huippu)<\/td>\n<\/tr>\n<tr>\n<td style=\"background-color: #e4e1e1; color: #333333; font-family: inherit; font-size: 14px; font-weight: bold; overflow: hidden; padding: 5px 5px; text-align: right; vertical-align: top; word-break: normal; border: 1px solid;\">Nopeus<\/td>\n<td style=\"font-family: inherit; font-size: 14px; overflow: hidden; padding: 5px 5px; text-align: center; vertical-align: top; word-break: normal; border: 1px solid;\">25km\/h tehdasteknisesti, 70km\/h muutetun virityksen j\u00e4lkeen.<\/td>\n<\/tr>\n<tr>\n<td style=\"background-color: #e4e1e1; color: #333333; font-family: inherit; font-size: 14px; font-weight: bold; overflow: hidden; padding: 5px 5px; text-align: right; vertical-align: top; word-break: normal; border: 1px solid;\"><strong style=\"caret-color: #000000; color: #000000; text-align: start; font-family: inherit;\">Ajomatka yhdell\u00e4 latauksella, valmistajan ilmoittama toimintas\u00e4de<\/strong><span style=\"caret-color: #000000; color: #000000; font-weight: 400; text-align: start; font-family: inherit;\">\u00a0<br \/><\/span><strong style=\"caret-color: #000000; color: #000000; text-align: start; font-family: inherit;\">Ajomatka<\/strong><span style=\"caret-color: #000000; color: #000000; font-weight: 400; text-align: start; font-family: inherit;\">\u00a0<\/span><strong style=\"caret-color: #000000; color: #000000; text-align: start; font-family: inherit;\">Laskettu yhdell\u00e4 latauksella<\/strong><\/td>\n<td style=\"font-family: inherit; font-size: 14px; overflow: hidden; padding: 5px 5px; text-align: center; vertical-align: top; word-break: normal; border: 1px solid;\">jopa 97km<br \/>84km (25km\/h, 70kg kuljettaja, 15Wh\/km)<\/td>\n<\/tr>\n<tr>\n<td style=\"background-color: #e4e1e1; color: #333333; font-family: inherit; font-size: 14px; font-weight: bold; overflow: hidden; padding: 5px 5px; text-align: right; vertical-align: top; word-break: normal; border: 1px solid;\">Akku<\/td>\n<td style=\"font-family: inherit; font-size: 14px; overflow: hidden; padding: 5px 5px; text-align: center; vertical-align: top; word-break: normal; border: 1px solid;\">60V\/21Ah\/1260Wh Li-Ion<\/td>\n<\/tr>\n<tr>\n<td style=\"background-color: #e4e1e1; color: #333333; font-family: inherit; font-size: 14px; font-weight: bold; overflow: hidden; padding: 5px 5px; text-align: right; vertical-align: top; word-break: normal; border: 1px solid;\">Latausaika<\/td>\n<td style=\"font-family: inherit; font-size: 14px; overflow: hidden; padding: 5px 5px; text-align: center; vertical-align: top; word-break: normal; border: 1px solid;\">jopa 14 h<\/td>\n<\/tr>\n<tr>\n<td style=\"background-color: #e4e1e1; color: #333333; font-family: inherit; font-size: 14px; font-weight: bold; overflow: hidden; padding: 5px 5px; text-align: right; vertical-align: top; word-break: normal; border: 1px solid;\">Painorajoitus<\/td>\n<td style=\"font-family: inherit; font-size: 14px; overflow: hidden; padding: 5px 5px; text-align: center; vertical-align: top; word-break: normal; border: 1px solid;\">120kg<\/td>\n<\/tr>\n<tr>\n<td style=\"background-color: #e4e1e1; color: #333333; font-family: inherit; font-size: 14px; font-weight: bold; overflow: hidden; padding: 5px 5px; text-align: right; vertical-align: top; word-break: normal; border: 1px solid;\">Jarrut<\/td>\n<td style=\"font-family: inherit; font-size: 14px; overflow: hidden; padding: 5px 5px; text-align: center; vertical-align: top; word-break: normal; border: 1px solid;\">Hydrauliset Zoom levyjarrut<\/td>\n<\/tr>\n<tr>\n<td style=\"background-color: #e4e1e1; color: #333333; font-family: inherit; font-size: 14px; font-weight: bold; overflow: hidden; padding: 5px 5px; text-align: right; vertical-align: top; word-break: normal; border: 1px solid;\">Renkaat<\/td>\n<td style=\"font-family: inherit; font-size: 14px; overflow: hidden; padding: 5px 5px; text-align: center; vertical-align: top; word-break: normal; border: 1px solid;\">10\u00d73.00\u2033 ilmarenkaat, joissa on sis\u00e4putki<\/td>\n<\/tr>\n<tr>\n<td style=\"background-color: #e4e1e1; color: #333333; font-family: inherit; font-size: 14px; font-weight: bold; overflow: hidden; padding: 5px 5px; text-align: right; vertical-align: top; word-break: normal; border: 1px solid;\">Valot<\/td>\n<td style=\"font-family: inherit; font-size: 14px; overflow: hidden; padding: 5px 5px; text-align: center; vertical-align: top; word-break: normal; border: 1px solid;\">edess\u00e4 ja takana + suuntavilkut LED<\/td>\n<\/tr>\n<\/tbody>\n<\/table>\n","protected":false},"excerpt":{"rendered":"<p style=\"caret-color: #000000; color: #000000;\"><a href=\"http:\/\/www.xn--tuksimaailm-ffb.ee\/kontakt\/\"><strong>L\u00f6ysitk\u00f6 paremman hinnan?<\/strong><\/a>\u00a0<a href=\"http:\/\/www.xn--tuksimaailm-ffb.ee\/kontakt\/\"><strong>Kirjoita meille, niin teemme sinulle paremman tarjouksen!<\/strong><\/a>\u00a0<strong>Jos ostat s\u00e4hk\u00f6mopon, kaikki\u00a0<\/strong><a href=\"http:\/\/www.xn--tuksimaailm-ffb.ee\/tootekategooria\/lisavarustus\/\"><strong>lis\u00e4varusteet<\/strong><\/a><strong>\u00a0ja\u00a0<\/strong><a href=\"http:\/\/www.xn--tuksimaailm-ffb.ee\/tootekategooria\/elektritoukeratta-varuosad\/\"><strong>varaosat<\/strong><\/a>\u00a0(<strong>\u00a0my\u00f6s\u00a0<\/strong><a href=\"http:\/\/www.xn--tuksimaailm-ffb.ee\/tootekategooria\/elektritoukeratta-varuosad\/?filter_tootetuup=rehvid\"><strong>renkaat<\/strong><\/a><strong>) ovat puoleen hintaan (-50 %).<\/strong>\u00a0<strong>Alennus tulee automaattisesti voimaan, kun lis\u00e4\u00e4t py\u00f6r\u00e4n ostoskoriin ! tarjoamme my\u00f6s\u00a0<\/strong><a href=\"http:\/\/www.xn--tuksimaailm-ffb.ee\/shop\/kaabo-elektritoukeratta-lisagarantii-1-aasta\/\"><strong>lis\u00e4takuun<\/strong><\/a><strong>\u00a0ja\u00a0<\/strong><a href=\"http:\/\/www.xn--tuksimaailm-ffb.ee\/shop\/elektritoukeratta-veekindlustamine\/\"><strong>vesivakuutuksen<\/strong><\/a><strong>!<\/strong><\/p>\n","protected":false},"featured_media":23756,"template":"","meta":[],"product_brand":[],"product_cat":[926],"product_tag":[],"filter_elektritoukeratas":[],"class_list":{"0":"post-50546","1":"product","2":"type-product","3":"status-publish","4":"has-post-thumbnail","6":"product_cat-sahkopotkulaudat-fi","7":"product_shipping_class-keskmine-pakk-fi","8":"pa_aku-mahutavus-wh-1260-fi","9":"pa_kaal-kg-34-fi","10":"pa_kandevoime-kg-120-fi","11":"pa_labisoit-arvutuslik-km-84-fi","12":"pa_mootorite-arv-kahdella-moottorilla","13":"pa_piiramata-tippkiirus-kmh-70-fi","14":"pa_tootetuup-elektritoukeratas-fi","15":"pa_valmistaja-kaabo-fi","16":"pa_voimsus-w-1000-fi","18":"first","19":"outofstock","20":"taxable","21":"shipping-taxable","22":"purchasable","23":"product-type-simple"},"yoast_head":"<!-- This site is optimized with the Yoast SEO Premium plugin v26.8 (Yoast SEO v27.5) - https:\/\/yoast.com\/product\/yoast-seo-premium-wordpress\/ -->\n<title>Kaabo Wolf Warrior X s\u00e4hk\u00f6potkulauta (EOL) | 10&quot; | T\u00f5uksimaailm<\/title>\n<meta name=\"description\" content=\"Kaabo Wolf Warrior X elektrit\u00f5ukeratas. V\u00f5imas, kiire ja stabiilne elektriline t\u00f5ukeratas. 2x3500W mootorid ja ideaalsed s\u00f5iduomadused.\" \/>\n<meta name=\"robots\" content=\"index, follow, max-snippet:-1, max-image-preview:large, max-video-preview:-1\" \/>\n<link rel=\"canonical\" href=\"https:\/\/www.xn--tuksimaailm-ffb.ee\/fi\/shop\/kaabo-wolf-warrior-x-sahkopotkulauta-eol\/\" \/>\n<meta property=\"og:locale\" content=\"fi_FI\" \/>\n<meta property=\"og:type\" content=\"article\" \/>\n<meta property=\"og:title\" content=\"Kaabo Wolf Warrior X s\u00e4hk\u00f6potkulauta (EOL)\" \/>\n<meta property=\"og:description\" content=\"Kaabo Wolf Warrior X elektrit\u00f5ukeratas. V\u00f5imas, kiire ja stabiilne elektriline t\u00f5ukeratas. 2x3500W mootorid ja ideaalsed s\u00f5iduomadused.\" \/>\n<meta property=\"og:url\" content=\"https:\/\/www.xn--tuksimaailm-ffb.ee\/fi\/shop\/kaabo-wolf-warrior-x-sahkopotkulauta-eol\/\" \/>\n<meta property=\"og:site_name\" content=\"T\u00f5uksimaailm\" \/>\n<meta property=\"article:publisher\" content=\"https:\/\/www.facebook.com\/touksimaailm\/\" \/>\n<meta property=\"og:image\" content=\"https:\/\/www.xn--tuksimaailm-ffb.ee\/wp-content\/uploads\/2021\/12\/Wolf-X-1.png\" \/>\n\t<meta property=\"og:image:width\" content=\"696\" \/>\n\t<meta property=\"og:image:height\" content=\"697\" \/>\n\t<meta property=\"og:image:type\" content=\"image\/png\" \/>\n<meta name=\"twitter:card\" content=\"summary_large_image\" \/>\n<meta name=\"twitter:label1\" content=\"Hinta\" \/>\n\t<meta name=\"twitter:data1\" content=\"&euro;2,299.00\" \/>\n\t<meta name=\"twitter:label2\" content=\"Saatavuus\" \/>\n\t<meta name=\"twitter:data2\" content=\"Loppu varastosta\" \/>\n<meta property=\"product:price:amount\" content=\"2299.00\" \/>\n<meta property=\"product:price:currency\" content=\"EUR\" \/>\n<meta property=\"og:availability\" content=\"out of stock\" \/>\n<meta property=\"product:availability\" content=\"out of stock\" \/>\n<meta property=\"product:retailer_item_id\" content=\"Warrior_X\" \/>\n<meta property=\"product:condition\" content=\"new\" \/>\n<!-- \/ Yoast SEO Premium plugin. -->","yoast_head_json":{"title":"Kaabo Wolf Warrior X s\u00e4hk\u00f6potkulauta (EOL) | 10\" | T\u00f5uksimaailm","description":"Kaabo Wolf Warrior X elektrit\u00f5ukeratas. V\u00f5imas, kiire ja stabiilne elektriline t\u00f5ukeratas. 2x3500W mootorid ja ideaalsed s\u00f5iduomadused.","robots":{"index":"index","follow":"follow","max-snippet":"max-snippet:-1","max-image-preview":"max-image-preview:large","max-video-preview":"max-video-preview:-1"},"canonical":"https:\/\/www.xn--tuksimaailm-ffb.ee\/fi\/shop\/kaabo-wolf-warrior-x-sahkopotkulauta-eol\/","og_locale":"fi_FI","og_type":"article","og_title":"Kaabo Wolf Warrior X s\u00e4hk\u00f6potkulauta (EOL)","og_description":"Kaabo Wolf Warrior X elektrit\u00f5ukeratas. V\u00f5imas, kiire ja stabiilne elektriline t\u00f5ukeratas. 2x3500W mootorid ja ideaalsed s\u00f5iduomadused.","og_url":"https:\/\/www.xn--tuksimaailm-ffb.ee\/fi\/shop\/kaabo-wolf-warrior-x-sahkopotkulauta-eol\/","og_site_name":"T\u00f5uksimaailm","article_publisher":"https:\/\/www.facebook.com\/touksimaailm\/","og_image":[{"width":696,"height":697,"url":"https:\/\/www.xn--tuksimaailm-ffb.ee\/wp-content\/uploads\/2021\/12\/Wolf-X-1.png","type":"image\/png"}],"twitter_card":"summary_large_image","twitter_misc":{"Hinta":"&euro;2,299.00","Saatavuus":"Loppu varastosta"},"schema":{"@context":"https:\/\/schema.org","@graph":[{"@type":"WebPage","@id":"https:\/\/www.xn--tuksimaailm-ffb.ee\/fi\/shop\/kaabo-wolf-warrior-x-sahkopotkulauta-eol\/","url":"https:\/\/www.xn--tuksimaailm-ffb.ee\/fi\/shop\/kaabo-wolf-warrior-x-sahkopotkulauta-eol\/","name":"Kaabo Wolf Warrior X s\u00e4hk\u00f6potkulauta (EOL) | 10\" | T\u00f5uksimaailm","isPartOf":{"@id":"https:\/\/www.xn--tuksimaailm-ffb.ee\/fi\/#website"},"primaryImageOfPage":{"@id":"https:\/\/www.xn--tuksimaailm-ffb.ee\/fi\/shop\/kaabo-wolf-warrior-x-sahkopotkulauta-eol\/#primaryimage"},"image":{"@id":"https:\/\/www.xn--tuksimaailm-ffb.ee\/fi\/shop\/kaabo-wolf-warrior-x-sahkopotkulauta-eol\/#primaryimage"},"thumbnailUrl":"https:\/\/www.xn--tuksimaailm-ffb.ee\/wp-content\/uploads\/2021\/12\/Wolf-X-1.png","datePublished":"2021-12-15T15:00:45+00:00","description":"Kaabo Wolf Warrior X elektrit\u00f5ukeratas. V\u00f5imas, kiire ja stabiilne elektriline t\u00f5ukeratas. 2x3500W mootorid ja ideaalsed s\u00f5iduomadused.","breadcrumb":{"@id":"https:\/\/www.xn--tuksimaailm-ffb.ee\/fi\/shop\/kaabo-wolf-warrior-x-sahkopotkulauta-eol\/#breadcrumb"},"inLanguage":"fi","potentialAction":[{"@type":"ReadAction","target":["https:\/\/www.xn--tuksimaailm-ffb.ee\/fi\/shop\/kaabo-wolf-warrior-x-sahkopotkulauta-eol\/"]}]},{"@type":"ImageObject","inLanguage":"fi","@id":"https:\/\/www.xn--tuksimaailm-ffb.ee\/fi\/shop\/kaabo-wolf-warrior-x-sahkopotkulauta-eol\/#primaryimage","url":"https:\/\/www.xn--tuksimaailm-ffb.ee\/wp-content\/uploads\/2021\/12\/Wolf-X-1.png","contentUrl":"https:\/\/www.xn--tuksimaailm-ffb.ee\/wp-content\/uploads\/2021\/12\/Wolf-X-1.png","width":696,"height":697},{"@type":"BreadcrumbList","@id":"https:\/\/www.xn--tuksimaailm-ffb.ee\/fi\/shop\/kaabo-wolf-warrior-x-sahkopotkulauta-eol\/#breadcrumb","itemListElement":[{"@type":"ListItem","position":1,"name":"Home","item":"https:\/\/www.xn--tuksimaailm-ffb.ee\/fi\/kotisivu\/"},{"@type":"ListItem","position":2,"name":"Kauppa","item":"https:\/\/www.xn--tuksimaailm-ffb.ee\/elektritoukerataste-pood\/"},{"@type":"ListItem","position":3,"name":"Kaabo Wolf Warrior X s\u00e4hk\u00f6potkulauta (EOL)"}]},{"@type":"WebSite","@id":"https:\/\/www.xn--tuksimaailm-ffb.ee\/fi\/#website","url":"https:\/\/www.xn--tuksimaailm-ffb.ee\/fi\/","name":"T\u00f5uksimaailm","description":"Elektrit\u00f5ukerataste m\u00fc\u00fck, remont ja rent","publisher":{"@id":"https:\/\/www.xn--tuksimaailm-ffb.ee\/fi\/#organization"},"potentialAction":[{"@type":"SearchAction","target":{"@type":"EntryPoint","urlTemplate":"https:\/\/www.xn--tuksimaailm-ffb.ee\/fi\/?s={search_term_string}"},"query-input":{"@type":"PropertyValueSpecification","valueRequired":true,"valueName":"search_term_string"}}],"inLanguage":"fi"},{"@type":"Organization","@id":"https:\/\/www.xn--tuksimaailm-ffb.ee\/fi\/#organization","name":"T\u00f5uksimaailm","url":"https:\/\/www.xn--tuksimaailm-ffb.ee\/fi\/","logo":{"@type":"ImageObject","inLanguage":"fi","@id":"https:\/\/www.xn--tuksimaailm-ffb.ee\/fi\/#\/schema\/logo\/image\/","url":"https:\/\/www.xn--tuksimaailm-ffb.ee\/wp-content\/uploads\/2020\/01\/logoz-e1579792875517.png","contentUrl":"https:\/\/www.xn--tuksimaailm-ffb.ee\/wp-content\/uploads\/2020\/01\/logoz-e1579792875517.png","width":250,"height":250,"caption":"T\u00f5uksimaailm"},"image":{"@id":"https:\/\/www.xn--tuksimaailm-ffb.ee\/fi\/#\/schema\/logo\/image\/"},"sameAs":["https:\/\/www.facebook.com\/touksimaailm\/","https:\/\/www.instagram.com\/touksimaailm_\/","https:\/\/www.youtube.com\/channel\/UC18ml0EKIDLP1xGuQjFzcXQ"]}]},"product_price_amount":"2299.00","product_price_currency":"EUR","og_availability":"out of stock","product_availability":"out of stock","product_retailer_item_id":"Warrior_X","product_condition":"new"},"jetpack_sharing_enabled":true,"_links":{"self":[{"href":"https:\/\/www.xn--tuksimaailm-ffb.ee\/fi\/wp-json\/wp\/v2\/product\/50546","targetHints":{"allow":["GET"]}}],"collection":[{"href":"https:\/\/www.xn--tuksimaailm-ffb.ee\/fi\/wp-json\/wp\/v2\/product"}],"about":[{"href":"https:\/\/www.xn--tuksimaailm-ffb.ee\/fi\/wp-json\/wp\/v2\/types\/product"}],"wp:featuredmedia":[{"embeddable":true,"href":"https:\/\/www.xn--tuksimaailm-ffb.ee\/fi\/wp-json\/wp\/v2\/media\/23756"}],"wp:attachment":[{"href":"https:\/\/www.xn--tuksimaailm-ffb.ee\/fi\/wp-json\/wp\/v2\/media?parent=50546"}],"wp:term":[{"taxonomy":"product_brand","embeddable":true,"href":"https:\/\/www.xn--tuksimaailm-ffb.ee\/fi\/wp-json\/wp\/v2\/product_brand?post=50546"},{"taxonomy":"product_cat","embeddable":true,"href":"https:\/\/www.xn--tuksimaailm-ffb.ee\/fi\/wp-json\/wp\/v2\/product_cat?post=50546"},{"taxonomy":"product_tag","embeddable":true,"href":"https:\/\/www.xn--tuksimaailm-ffb.ee\/fi\/wp-json\/wp\/v2\/product_tag?post=50546"},{"taxonomy":"filter_elektritoukeratas","embeddable":true,"href":"https:\/\/www.xn--tuksimaailm-ffb.ee\/fi\/wp-json\/wp\/v2\/filter_elektritoukeratas?post=50546"}],"curies":[{"name":"wp","href":"https:\/\/api.w.org\/{rel}","templated":true}]}}