{"id":50561,"date":"2021-12-12T17:05:46","date_gmt":"2021-12-12T15:05:46","guid":{"rendered":"http:\/\/www.xn--tuksimaailm-ffb.ee\/shop\/kaabo-mantis-10-plus-offroad-sahkopotkulauta\/"},"modified":"2024-11-21T13:27:14","modified_gmt":"2024-11-21T10:27:14","slug":"kaabo-mantis-10-plus-offroad-sahkopotkulauta","status":"publish","type":"product","link":"https:\/\/www.xn--tuksimaailm-ffb.ee\/fi\/shop\/kaabo-mantis-10-plus-offroad-sahkopotkulauta\/","title":{"rendered":"Kaabo Mantis 10 Plus Offroad s\u00e4hk\u00f6potkulauta"},"content":{"rendered":"<h2 style=\"text-align: center;\">Kaabo Mantis 10 Plus Offroad s\u00e4hk\u00f6potkulauta<\/h2>\n<p><strong>Kaabo Mantis 10 Plus Offroad, 2-py\u00f6r\u00e4inen s\u00e4hk\u00f6skootteri maastorenkailla. Leve\u00e4t, 10x3,00\u201d (eritt\u00e4in pehme\u00e4t) ilmarenkaat, joissa on vahva maastokuvio, mahdollistavat ajamisen ep\u00e4tasaisimmillakin pinnoilla ja tarjoavat parhaan mahdollisen ajomukavuuden. C-tyypin kaksoisjousituksen (jousikiinnitys) ansiosta s\u00e4hk\u00f6potkulautailun ajodynamiikka on mukava ja tasainen. Ohjaustangon pehme\u00e4t vaahtomuovikahvat v\u00e4hent\u00e4v\u00e4t my\u00f6s t\u00e4rin\u00e4\u00e4, ja ep\u00e4tasaisilla pinnoilla ajamisesta aiheutuva t\u00e4rin\u00e4 v\u00e4littyy v\u00e4hemm\u00e4n k\u00e4mmeniin.<\/strong><\/p>\n<p>Se on kaksipy\u00f6r\u00e4inen s\u00e4hk\u00f6skootteri, jossa on etu- ja takapy\u00f6r\u00e4veto. Se tarjoaa huomattavasti paremman kiihtyvyyden kuin yksimoottorinen Mantis 10 -s\u00e4hk\u00f6skootteri ja eritt\u00e4in miellytt\u00e4v\u00e4n ajokokemuksen. Verrattuna muihin 2x500Wteholla varustettuihin s\u00e4hk\u00f6skoottereihin, Kaabo Mantis 10 Plus Offroad -s\u00e4hk\u00f6skootterilla on poikkeuksellisen hyv\u00e4 nousukyky. Ensimm\u00e4inen py\u00f6r\u00e4 voidaan kytke\u00e4 pois p\u00e4\u00e4lt\u00e4 ohjaustangossa olevan painikkeen avulla. Lis\u00e4ksi ohjaustankoon on asennettu tyylik\u00e4s \u201dBoost\/Eco\u201d-valintanuppi, jolla voit valita haluamasi ajotyylin.<\/p>\n<p><img decoding=\"async\" class=\"wp-image-6415 aligncenter\" src=\"https:\/\/www.xn--tuksimaailm-ffb.ee\/wp-content\/uploads\/2021\/12\/mantis-10-plus-offroad-4-300x185.png\" alt=\"kaabo mantis 10 plus offroad 2x1000w 2wd elektrit\u00f5ukeratas elektriline t\u00f5ukeratas\" width=\"706\" height=\"435\" srcset=\"https:\/\/www.xn--tuksimaailm-ffb.ee\/wp-content\/uploads\/2021\/12\/mantis-10-plus-offroad-4-300x185.png 300w, https:\/\/www.xn--tuksimaailm-ffb.ee\/wp-content\/uploads\/2021\/12\/mantis-10-plus-offroad-4-768x474.png 768w, https:\/\/www.xn--tuksimaailm-ffb.ee\/wp-content\/uploads\/2021\/12\/mantis-10-plus-offroad-4-486x300.png 486w, https:\/\/www.xn--tuksimaailm-ffb.ee\/wp-content\/uploads\/2021\/12\/mantis-10-plus-offroad-4-600x370.png 600w, https:\/\/www.xn--tuksimaailm-ffb.ee\/wp-content\/uploads\/2021\/12\/mantis-10-plus-offroad-4.png 825w\" sizes=\"(max-width: 706px) 100vw, 706px\" \/><\/p>\n<p style=\"margin: 0px 0px 16.4px; font-weight: normal; font-stretch: normal; font-size: 33px; line-height: normal; font-family: Times; color: #535353;\"><span style=\"font-kerning: none;\"><strong>Tekninen kuvaus<\/strong><\/span><\/p>\n<p>Kaabo Mantis 10 -s\u00e4hk\u00f6skootteri sopii pidemmille k\u00e4ytt\u00e4jille, sill\u00e4 ohjaustangon korkeus on melko korkea verrattuna useimpiin s\u00e4hk\u00f6skoottereihin. 15 cm:n pohjakorkeus takaa turvallisen ajon tiell\u00e4 ja\/tai esteiden yli. T\u00e4m\u00e4 s\u00e4hk\u00f6skootteri on suunniteltu eritt\u00e4in vaativalle kuljettajalle, joka haluaa parhaan kiihtyvyyden kaupunkiajoon, kun taas ajo on pehme\u00e4n jousituksen ansiosta pehme\u00e4\u00e4 ja mukavaa.<\/p>\n<p>Tehokkaiden 500W moottoreiden avulla saavutat liikennelain salliman 25km\/h enimm\u00e4isnopeuden muutamassa sekunnissa. Suuren 60 V:n akun ansiosta yhdell\u00e4 latauksella voi ajaa jopa 75 km (todellinen kilometrim\u00e4\u00e4r\u00e4 riippuu kuljettajan painosta, tienpinnasta, nopeudesta, m\u00e4kien m\u00e4\u00e4r\u00e4st\u00e4 ja rengaspaineesta). Kaabo Mantis 10 Plus Offroad -s\u00e4hk\u00f6potkulauta sopii kuljettajille, jotka haluavat ohjata kaasua oikean k\u00e4den etusormella ja jotka pit\u00e4v\u00e4t nopeasta kaasuvasteesta. Liftworldissa on saatavilla my\u00f6s Mantis 10 Plus Highway -s\u00e4hk\u00f6rattaat maantiek\u00e4ytt\u00f6\u00f6n tarkoitetuilla renkailla. Kaikki Kaabo-s\u00e4hk\u00f6potkulaudat l\u00f6yd\u00e4t t\u00e4\u00e4lt\u00e4.<\/p>\n<p><span style=\"font-size: 17px;\"><strong>Kaabo Mantis 10 Plus Offroad -s\u00e4hk\u00f6skootteri on Viron liikennelain mukainen katulain mukainen kevytskootteri, jonka valmistajan teho on 1000W ja valmistajan nopeus 25km\/h, kuten alla olevasta tehdastodistuksesta k\u00e4y ilmi.HUOMAA: Todistus ei pelasta sinua lain rikkomiselta ja sakotukselta tai poliisin takavarikoimalta s\u00e4hk\u00f6skootterilta, jos k\u00e4ytt\u00e4j\u00e4 on muuttanut s\u00e4hk\u00f6skootteria suuremman tehon tai huippunopeuden kehitt\u00e4miseksi!<\/strong><\/span><br \/><a href=\"https:\/\/www.xn--tuksimaailm-ffb.ee\/wp-content\/uploads\/2021\/12\/Kaabo-sertifikaat-2-252x300.jpg\"><img decoding=\"async\" class=\"alignnone size-medium wp-image-20090 aligncenter\" src=\"https:\/\/www.xn--tuksimaailm-ffb.ee\/wp-content\/uploads\/2021\/12\/Kaabo-sertifikaat-2-252x300.jpg\" alt=\"elektrit\u00f5ukeratas kaabo mantis 10 plus offroad t\u00e4navalegaalsuse sertifikaat\" width=\"659\" height=\"785\" srcset=\"https:\/\/www.xn--tuksimaailm-ffb.ee\/wp-content\/uploads\/2021\/12\/Kaabo-sertifikaat-2-252x300.jpg 252w, https:\/\/www.xn--tuksimaailm-ffb.ee\/wp-content\/uploads\/2021\/12\/Kaabo-sertifikaat-2.jpg 505w\" sizes=\"(max-width: 659px) 100vw, 659px\" \/><\/a><\/p>\n<table class=\"tg\" style=\"border-collapse: collapse; max-width: 600px; border-spacing: 0; margin: 0px auto;\">\n<tbody>\n<tr>\n<td style=\"background-color: #e4e1e1; color: #333333; font-family: inherit; font-size: 14px; font-weight: bold; overflow: hidden; padding: 5px 5px; text-align: center; vertical-align: top; word-break: normal; border: 1px solid;\" colspan=\"2\">Tekniset tiedot<\/td>\n<\/tr>\n<tr>\n<td style=\"background-color: #e4e1e1; color: #333333; font-family: inherit; font-size: 14px; font-weight: bold; overflow: hidden; padding: 5px 5px; text-align: right; vertical-align: top; word-break: normal; border: 1px solid;\">Malli<\/td>\n<td style=\"font-family: inherit; font-size: 14px; overflow: hidden; padding: 5px 5px; text-align: center; vertical-align: top; word-break: normal; border: 1px solid;\">Kaabo Mantis 10 PLUS Offroad 1000 2WD<\/td>\n<\/tr>\n<tr>\n<td style=\"background-color: #e4e1e1; color: #333333; font-family: inherit; font-size: 14px; font-weight: bold; overflow: hidden; padding: 5px 5px; text-align: right; vertical-align: top; word-break: normal; border: 1px solid;\">Akku<\/td>\n<td style=\"font-family: inherit; font-size: 14px; overflow: hidden; padding: 5px 5px; text-align: center; vertical-align: top; word-break: normal; border: 1px solid;\">60V\/18,2Ah \/ 1092Wh Li-Ion<\/td>\n<\/tr>\n<tr>\n<td style=\"background-color: #e4e1e1; color: #333333; font-family: inherit; font-size: 14px; font-weight: bold; overflow: hidden; padding: 5px 5px; text-align: right; vertical-align: top; word-break: normal; border: 1px solid;\">Latausaika<br \/>Vedevpit\u00e4vyys<\/td>\n<td style=\"font-family: inherit; font-size: 14px; overflow: hidden; padding: 5px 5px; text-align: center; vertical-align: top; word-break: normal; border: 1px solid;\">jopa 9 h<br \/>IPX5<\/td>\n<\/tr>\n<tr>\n<td style=\"background-color: #e4e1e1; color: #333333; font-family: inherit; font-size: 14px; font-weight: bold; overflow: hidden; padding: 5px 5px; text-align: right; vertical-align: top; word-break: normal; border: 1px solid;\">Moottorin teho<\/td>\n<td style=\"font-family: inherit; font-size: 14px; overflow: hidden; padding: 5px 5px; text-align: center; vertical-align: top; word-break: normal; border: 1px solid;\">1000W<\/td>\n<\/tr>\n<tr>\n<td style=\"background-color: #e4e1e1; color: #333333; font-family: inherit; font-size: 14px; font-weight: bold; overflow: hidden; padding: 5px 5px; text-align: right; vertical-align: top; word-break: normal; border: 1px solid;\">Ajomatka (valmistajan ilmoittama) <br \/>Laskettu ajomatka<\/td>\n<td style=\"font-family: inherit; font-size: 14px; overflow: hidden; padding: 5px 5px; text-align: center; vertical-align: top; word-break: normal; border: 1px solid;\">jopa 76km <br \/>73km (25km\/, 70kg kuljettaja, 15Wh\/km)<\/td>\n<\/tr>\n<tr>\n<td style=\"background-color: #e4e1e1; color: #333333; font-family: inherit; font-size: 14px; font-weight: bold; overflow: hidden; padding: 5px 5px; text-align: right; vertical-align: top; word-break: normal; border: 1px solid;\">Jarrut<\/td>\n<td style=\"font-family: inherit; font-size: 14px; overflow: hidden; padding: 5px 5px; text-align: center; vertical-align: top; word-break: normal; border: 1px solid;\">Hydraulinen levyjarru + s\u00e4hk\u00f6inen moottorijarru EABS<\/td>\n<\/tr>\n<tr>\n<td style=\"background-color: #e4e1e1; color: #333333; font-family: inherit; font-size: 14px; font-weight: bold; overflow: hidden; padding: 5px 5px; text-align: right; vertical-align: top; word-break: normal; border: 1px solid;\">Painorajoitus<\/td>\n<td style=\"font-family: inherit; font-size: 14px; overflow: hidden; padding: 5px 5px; text-align: center; vertical-align: top; word-break: normal; border: 1px solid;\">120kg<\/td>\n<\/tr>\n<tr>\n<td style=\"background-color: #e4e1e1; color: #333333; font-family: inherit; font-size: 14px; font-weight: bold; overflow: hidden; padding: 5px 5px; text-align: right; vertical-align: top; word-break: normal; border: 1px solid;\">Muutettu nopeus virityksen j\u00e4lkeen<\/td>\n<td style=\"font-family: inherit; font-size: 14px; overflow: hidden; padding: 5px 5px; text-align: center; vertical-align: top; word-break: normal; border: 1px solid;\">25km\/h<\/td>\n<\/tr>\n<tr>\n<td style=\"background-color: #e4e1e1; color: #333333; font-family: inherit; font-size: 14px; font-weight: bold; overflow: hidden; padding: 5px 5px; text-align: right; vertical-align: top; word-break: normal; border: 1px solid;\">Tuotantonopeus<\/td>\n<td style=\"font-family: inherit; font-size: 14px; overflow: hidden; padding: 5px 5px; text-align: center; vertical-align: top; word-break: normal; border: 1px solid;\">25km\/h<\/td>\n<\/tr>\n<tr>\n<td style=\"background-color: #e4e1e1; color: #333333; font-family: inherit; font-size: 14px; font-weight: bold; overflow: hidden; padding: 5px 5px; text-align: right; vertical-align: top; word-break: normal; border: 1px solid;\">Laturi mukaana<\/td>\n<td style=\"font-family: inherit; font-size: 14px; overflow: hidden; padding: 5px 5px; text-align: center; vertical-align: top; word-break: normal; border: 1px solid;\">kyll\u00e4 (2A)<\/td>\n<\/tr>\n<tr>\n<td style=\"background-color: #e4e1e1; color: #333333; font-family: inherit; font-size: 14px; font-weight: bold; overflow: hidden; padding: 5px 5px; text-align: right; vertical-align: top; word-break: normal; border: 1px solid;\">Paino<\/td>\n<td style=\"font-family: inherit; font-size: 14px; overflow: hidden; padding: 5px 5px; text-align: center; vertical-align: top; word-break: normal; border: 1px solid;\">30kg<\/td>\n<\/tr>\n<tr>\n<td style=\"background-color: #e4e1e1; color: #333333; font-family: inherit; font-size: 14px; font-weight: bold; overflow: hidden; padding: 5px 5px; text-align: right; vertical-align: top; word-break: normal; border: 1px solid;\">Renkaat<\/td>\n<td style=\"font-family: inherit; font-size: 14px; overflow: hidden; padding: 5px 5px; text-align: center; vertical-align: top; word-break: normal; border: 1px solid;\">ilmarenkaat, joissa on sis\u00e4putki 10x3.00\"<\/td>\n<\/tr>\n<tr>\n<td style=\"background-color: #e4e1e1; color: #333333; font-family: inherit; font-size: 14px; font-weight: bold; overflow: hidden; padding: 5px 5px; text-align: right; vertical-align: top; word-break: normal; border: 1px solid;\">Iskunvaimentimet<\/td>\n<td style=\"font-family: inherit; font-size: 14px; overflow: hidden; padding: 5px 5px; text-align: center; vertical-align: top; word-break: normal; border: 1px solid;\">jousi iskunvaimennin edess\u00e4 ja takana<\/td>\n<\/tr>\n<tr>\n<td style=\"background-color: #e4e1e1; color: #333333; font-family: inherit; font-size: 14px; font-weight: bold; overflow: hidden; padding: 5px 5px; text-align: right; vertical-align: top; word-break: normal; border: 1px solid;\">Valot<\/td>\n<td style=\"font-family: inherit; font-size: 14px; overflow: hidden; padding: 5px 5px; text-align: center; vertical-align: top; word-break: normal; border: 1px solid;\">LED etu- ja takavalot, ajovalot<\/td>\n<\/tr>\n<tr>\n<td style=\"background-color: #e4e1e1; color: #333333; font-family: inherit; font-size: 14px; font-weight: bold; overflow: hidden; padding: 5px 5px; text-align: right; vertical-align: top; word-break: normal; border: 1px solid;\">Tien enim\u00e4iskaltevuus<\/td>\n<td style=\"font-family: inherit; font-size: 14px; overflow: hidden; padding: 5px 5px; text-align: center; vertical-align: top; word-break: normal; border: 1px solid;\">&lt;30 %<\/td>\n<\/tr>\n<\/tbody>\n<\/table>\n","protected":false},"excerpt":{"rendered":"<p style=\"caret-color: #000000; color: #000000;\"><strong>Kaikki\u00a0<\/strong><a href=\"http:\/\/www.xn--tuksimaailm-ffb.ee\/tootekategooria\/lisavarustus\/\"><strong>lis\u00e4varusteet<\/strong><\/a><strong>\u00a0ja\u00a0<\/strong><a href=\"http:\/\/www.xn--tuksimaailm-ffb.ee\/tootekategooria\/elektritoukeratta-varuosad\/\"><strong>varaosat<\/strong><\/a><strong>\u00a0ovat -20 %, kun ne ostetaan s\u00e4hk\u00f6skootterin kanssa .<\/strong>\u00a0<strong>Alennus otetaan automaattisesti k\u00e4ytt\u00f6\u00f6n, kun lis\u00e4\u00e4t sen ostoskoriin!<\/strong><\/p>\n<p style=\"caret-color: #000000; color: #000000;\"><strong>HUOMAUTUS: Kuvissa on s\u00e4hk\u00f6potkulauta, jossa on maantiek\u00e4ytt\u00f6\u00f6n tarkoitetut renkaat, mutta varsinaisen tuotteen alle on asennettu maastorenkaat.<\/strong><\/p>\n<p style=\"caret-color: #000000; color: #000000;\"><strong><em>Toimitusaika: TBD<\/em><\/strong><\/p>\n","protected":false},"featured_media":61980,"template":"","meta":[],"product_brand":[],"product_cat":[926],"product_tag":[],"filter_elektritoukeratas":[],"class_list":{"0":"post-50561","1":"product","2":"type-product","3":"status-publish","4":"has-post-thumbnail","6":"product_cat-sahkopotkulaudat-fi","7":"product_shipping_class-keskmine-pakk-fi","8":"pa_aku-mahutavus-wh-1092-fi","9":"pa_colour-musta","10":"pa_colour-musta-punainen","11":"pa_kaal-kg-30-fi","12":"pa_kandevoime-kg-120-fi","13":"pa_labisoit-arvutuslik-km-73-fi","14":"pa_mootorite-arv-kahdella-moottorilla","15":"pa_muuja-platvormil-touksimaailm-exocool-ou-fi","16":"pa_piiramata-tippkiirus-kmh-25-fi","17":"pa_tootetuup-elektritoukeratas-fi","18":"pa_valmistaja-kaabo-fi","19":"pa_voimsus-w-1000-fi","21":"first","22":"outofstock","23":"taxable","24":"shipping-taxable","25":"purchasable","26":"product-type-variable"},"yoast_head":"<!-- This site is optimized with the Yoast SEO Premium plugin v26.8 (Yoast SEO v27.5) - https:\/\/yoast.com\/product\/yoast-seo-premium-wordpress\/ -->\n<title>Kaabo Mantis 10 Plus Offroad s\u00e4hk\u00f6potkulauta | T\u00f5uksimaailm<\/title>\n<meta name=\"description\" content=\"Kaabo Mantis 10 Plus Offroad elektriline t\u00f5ukeratas. V\u00f5imas ja mugava vedrustusega 2x500W j\u00f5ulise kiirendusega elektrit\u00f5ukeratas.\" \/>\n<meta name=\"robots\" content=\"index, follow, max-snippet:-1, max-image-preview:large, max-video-preview:-1\" \/>\n<link rel=\"canonical\" href=\"https:\/\/www.xn--tuksimaailm-ffb.ee\/fi\/shop\/kaabo-mantis-10-plus-offroad-sahkopotkulauta\/\" \/>\n<meta property=\"og:locale\" content=\"fi_FI\" \/>\n<meta property=\"og:type\" content=\"article\" \/>\n<meta property=\"og:title\" content=\"Kaabo Mantis 10 Plus Offroad s\u00e4hk\u00f6potkulauta\" \/>\n<meta property=\"og:description\" content=\"Kaabo Mantis 10 Plus Offroad elektriline t\u00f5ukeratas. V\u00f5imas ja mugava vedrustusega 2x500W j\u00f5ulise kiirendusega elektrit\u00f5ukeratas.\" \/>\n<meta property=\"og:url\" content=\"https:\/\/www.xn--tuksimaailm-ffb.ee\/fi\/shop\/kaabo-mantis-10-plus-offroad-sahkopotkulauta\/\" \/>\n<meta property=\"og:site_name\" content=\"T\u00f5uksimaailm\" \/>\n<meta property=\"article:publisher\" content=\"https:\/\/www.facebook.com\/touksimaailm\/\" \/>\n<meta property=\"article:modified_time\" content=\"2024-11-21T10:27:14+00:00\" \/>\n<meta property=\"og:image\" content=\"https:\/\/www.xn--tuksimaailm-ffb.ee\/wp-content\/uploads\/2021\/07\/mantis-10-plus-1.webp\" \/>\n\t<meta property=\"og:image:width\" content=\"1200\" \/>\n\t<meta property=\"og:image:height\" content=\"1200\" \/>\n\t<meta property=\"og:image:type\" content=\"image\/webp\" \/>\n<meta name=\"twitter:card\" content=\"summary_large_image\" \/>\n<meta name=\"twitter:label1\" content=\"Saatavuus\" \/>\n\t<meta name=\"twitter:data1\" content=\"Loppu varastosta\" \/>\n<meta property=\"og:availability\" content=\"out of stock\" \/>\n<meta property=\"product:availability\" content=\"out of stock\" \/>\n<meta property=\"product:retailer_item_id\" content=\"Mantis_10_Plus\" \/>\n<meta property=\"product:condition\" content=\"new\" \/>\n<!-- \/ Yoast SEO Premium plugin. -->","yoast_head_json":{"title":"Kaabo Mantis 10 Plus Offroad s\u00e4hk\u00f6potkulauta | T\u00f5uksimaailm","description":"Kaabo Mantis 10 Plus Offroad elektriline t\u00f5ukeratas. V\u00f5imas ja mugava vedrustusega 2x500W j\u00f5ulise kiirendusega elektrit\u00f5ukeratas.","robots":{"index":"index","follow":"follow","max-snippet":"max-snippet:-1","max-image-preview":"max-image-preview:large","max-video-preview":"max-video-preview:-1"},"canonical":"https:\/\/www.xn--tuksimaailm-ffb.ee\/fi\/shop\/kaabo-mantis-10-plus-offroad-sahkopotkulauta\/","og_locale":"fi_FI","og_type":"article","og_title":"Kaabo Mantis 10 Plus Offroad s\u00e4hk\u00f6potkulauta","og_description":"Kaabo Mantis 10 Plus Offroad elektriline t\u00f5ukeratas. V\u00f5imas ja mugava vedrustusega 2x500W j\u00f5ulise kiirendusega elektrit\u00f5ukeratas.","og_url":"https:\/\/www.xn--tuksimaailm-ffb.ee\/fi\/shop\/kaabo-mantis-10-plus-offroad-sahkopotkulauta\/","og_site_name":"T\u00f5uksimaailm","article_publisher":"https:\/\/www.facebook.com\/touksimaailm\/","article_modified_time":"2024-11-21T10:27:14+00:00","og_image":[{"width":1200,"height":1200,"url":"https:\/\/www.xn--tuksimaailm-ffb.ee\/wp-content\/uploads\/2021\/07\/mantis-10-plus-1.webp","type":"image\/webp"}],"twitter_card":"summary_large_image","twitter_misc":{"Saatavuus":"Loppu varastosta"},"schema":{"@context":"https:\/\/schema.org","@graph":[{"@type":"WebPage","@id":"https:\/\/www.xn--tuksimaailm-ffb.ee\/fi\/shop\/kaabo-mantis-10-plus-offroad-sahkopotkulauta\/","url":"https:\/\/www.xn--tuksimaailm-ffb.ee\/fi\/shop\/kaabo-mantis-10-plus-offroad-sahkopotkulauta\/","name":"Kaabo Mantis 10 Plus Offroad s\u00e4hk\u00f6potkulauta | T\u00f5uksimaailm","isPartOf":{"@id":"https:\/\/www.xn--tuksimaailm-ffb.ee\/fi\/#website"},"primaryImageOfPage":{"@id":"https:\/\/www.xn--tuksimaailm-ffb.ee\/fi\/shop\/kaabo-mantis-10-plus-offroad-sahkopotkulauta\/#primaryimage"},"image":{"@id":"https:\/\/www.xn--tuksimaailm-ffb.ee\/fi\/shop\/kaabo-mantis-10-plus-offroad-sahkopotkulauta\/#primaryimage"},"thumbnailUrl":"https:\/\/www.xn--tuksimaailm-ffb.ee\/wp-content\/uploads\/2021\/07\/mantis-10-plus-1.webp","datePublished":"2021-12-12T15:05:46+00:00","dateModified":"2024-11-21T10:27:14+00:00","description":"Kaabo Mantis 10 Plus Offroad elektriline t\u00f5ukeratas. V\u00f5imas ja mugava vedrustusega 2x500W j\u00f5ulise kiirendusega elektrit\u00f5ukeratas.","breadcrumb":{"@id":"https:\/\/www.xn--tuksimaailm-ffb.ee\/fi\/shop\/kaabo-mantis-10-plus-offroad-sahkopotkulauta\/#breadcrumb"},"inLanguage":"fi","potentialAction":[{"@type":"ReadAction","target":["https:\/\/www.xn--tuksimaailm-ffb.ee\/fi\/shop\/kaabo-mantis-10-plus-offroad-sahkopotkulauta\/"]}]},{"@type":"ImageObject","inLanguage":"fi","@id":"https:\/\/www.xn--tuksimaailm-ffb.ee\/fi\/shop\/kaabo-mantis-10-plus-offroad-sahkopotkulauta\/#primaryimage","url":"https:\/\/www.xn--tuksimaailm-ffb.ee\/wp-content\/uploads\/2021\/07\/mantis-10-plus-1.webp","contentUrl":"https:\/\/www.xn--tuksimaailm-ffb.ee\/wp-content\/uploads\/2021\/07\/mantis-10-plus-1.webp","width":1200,"height":1200,"caption":"Uus Kaabo Mantis 10 Plus highway elektrit\u00f5ukeratas elektriline t\u00f5ukeratas elektrit\u00f5ukerattad elektrilised t\u00f5ukerattad 2"},{"@type":"BreadcrumbList","@id":"https:\/\/www.xn--tuksimaailm-ffb.ee\/fi\/shop\/kaabo-mantis-10-plus-offroad-sahkopotkulauta\/#breadcrumb","itemListElement":[{"@type":"ListItem","position":1,"name":"Home","item":"https:\/\/www.xn--tuksimaailm-ffb.ee\/fi\/kotisivu\/"},{"@type":"ListItem","position":2,"name":"Kauppa","item":"https:\/\/www.xn--tuksimaailm-ffb.ee\/elektritoukerataste-pood\/"},{"@type":"ListItem","position":3,"name":"Kaabo Mantis 10 Plus Offroad s\u00e4hk\u00f6potkulauta"}]},{"@type":"WebSite","@id":"https:\/\/www.xn--tuksimaailm-ffb.ee\/fi\/#website","url":"https:\/\/www.xn--tuksimaailm-ffb.ee\/fi\/","name":"T\u00f5uksimaailm","description":"Elektrit\u00f5ukerataste m\u00fc\u00fck, remont ja rent","publisher":{"@id":"https:\/\/www.xn--tuksimaailm-ffb.ee\/fi\/#organization"},"potentialAction":[{"@type":"SearchAction","target":{"@type":"EntryPoint","urlTemplate":"https:\/\/www.xn--tuksimaailm-ffb.ee\/fi\/?s={search_term_string}"},"query-input":{"@type":"PropertyValueSpecification","valueRequired":true,"valueName":"search_term_string"}}],"inLanguage":"fi"},{"@type":"Organization","@id":"https:\/\/www.xn--tuksimaailm-ffb.ee\/fi\/#organization","name":"T\u00f5uksimaailm","url":"https:\/\/www.xn--tuksimaailm-ffb.ee\/fi\/","logo":{"@type":"ImageObject","inLanguage":"fi","@id":"https:\/\/www.xn--tuksimaailm-ffb.ee\/fi\/#\/schema\/logo\/image\/","url":"https:\/\/www.xn--tuksimaailm-ffb.ee\/wp-content\/uploads\/2020\/01\/logoz-e1579792875517.png","contentUrl":"https:\/\/www.xn--tuksimaailm-ffb.ee\/wp-content\/uploads\/2020\/01\/logoz-e1579792875517.png","width":250,"height":250,"caption":"T\u00f5uksimaailm"},"image":{"@id":"https:\/\/www.xn--tuksimaailm-ffb.ee\/fi\/#\/schema\/logo\/image\/"},"sameAs":["https:\/\/www.facebook.com\/touksimaailm\/","https:\/\/www.instagram.com\/touksimaailm_\/","https:\/\/www.youtube.com\/channel\/UC18ml0EKIDLP1xGuQjFzcXQ"]}]},"og_availability":"out of stock","product_availability":"out of stock","product_retailer_item_id":"Mantis_10_Plus","product_condition":"new"},"jetpack_sharing_enabled":true,"_links":{"self":[{"href":"https:\/\/www.xn--tuksimaailm-ffb.ee\/fi\/wp-json\/wp\/v2\/product\/50561","targetHints":{"allow":["GET"]}}],"collection":[{"href":"https:\/\/www.xn--tuksimaailm-ffb.ee\/fi\/wp-json\/wp\/v2\/product"}],"about":[{"href":"https:\/\/www.xn--tuksimaailm-ffb.ee\/fi\/wp-json\/wp\/v2\/types\/product"}],"wp:featuredmedia":[{"embeddable":true,"href":"https:\/\/www.xn--tuksimaailm-ffb.ee\/fi\/wp-json\/wp\/v2\/media\/61980"}],"wp:attachment":[{"href":"https:\/\/www.xn--tuksimaailm-ffb.ee\/fi\/wp-json\/wp\/v2\/media?parent=50561"}],"wp:term":[{"taxonomy":"product_brand","embeddable":true,"href":"https:\/\/www.xn--tuksimaailm-ffb.ee\/fi\/wp-json\/wp\/v2\/product_brand?post=50561"},{"taxonomy":"product_cat","embeddable":true,"href":"https:\/\/www.xn--tuksimaailm-ffb.ee\/fi\/wp-json\/wp\/v2\/product_cat?post=50561"},{"taxonomy":"product_tag","embeddable":true,"href":"https:\/\/www.xn--tuksimaailm-ffb.ee\/fi\/wp-json\/wp\/v2\/product_tag?post=50561"},{"taxonomy":"filter_elektritoukeratas","embeddable":true,"href":"https:\/\/www.xn--tuksimaailm-ffb.ee\/fi\/wp-json\/wp\/v2\/filter_elektritoukeratas?post=50561"}],"curies":[{"name":"wp","href":"https:\/\/api.w.org\/{rel}","templated":true}]}}