{"id":50569,"date":"2021-12-12T14:05:05","date_gmt":"2021-12-12T11:05:05","guid":{"rendered":"http:\/\/www.xn--tuksimaailm-ffb.ee\/shop\/kaabo-mantis-10-eco-500w-sahkopotkulauta-eol\/"},"modified":"2021-12-12T14:05:05","modified_gmt":"2021-12-12T11:05:05","slug":"kaabo-mantis-10-eco-500w-sahkopotkulauta-eol","status":"publish","type":"product","link":"https:\/\/www.xn--tuksimaailm-ffb.ee\/fi\/shop\/kaabo-mantis-10-eco-500w-sahkopotkulauta-eol\/","title":{"rendered":"Kaabo Mantis 10 ECO 500W s\u00e4hk\u00f6potkulauta (EOL)"},"content":{"rendered":"<h2 style=\"text-align: center;\">KAABO MANTIS 10 ECO 500W S\u00c4HK\u00d6POTKULAUTA - TUOTEKUVAUS<\/h2>\n<p style=\"caret-color: #000000; color: #000000;\">Kaabo Mantis 10 Eco 500W s\u00e4hk\u00f6skootteri on edullisin Kaabo Mantis s\u00e4hk\u00f6skootteri. T\u00e4m\u00e4 tarkoittaa, ett\u00e4 Mantis 10 Eco 500W -s\u00e4hk\u00f6skootteri on edullisin markkinoilla oleva s\u00e4hk\u00f6skootteri, jossa on 10 tuuman py\u00f6r\u00e4t ja mukavat jousivanteet. Yhden 500W:n harjaton DC-takamoottori tarkoittaa, ett\u00e4 t\u00e4m\u00e4 s\u00e4hk\u00f6potkulauta painaa vain<strong>\u00a022,7 kg<\/strong>, mik\u00e4 on vain 4 kg painavampi kuin suosittu\u00a0<a href=\"http:\/\/www.xn--tuksimaailm-ffb.ee\/shop\/elektriline-toukeratas-ninebot-max-g30\/\"><strong>Segway Ninebot Max G30<\/strong><\/a>\u00a0-s\u00e4hk\u00f6potkulauta.<\/p>\n<p style=\"caret-color: #000000; color: #000000;\">10-tuumaisen s\u00e4hk\u00f6skootterin etu 8-tuumaiseen (<a href=\"http:\/\/www.xn--tuksimaailm-ffb.ee\/shop\/kaabo-mantis-8-eco-500w-2wd-elektritoukeratas\/\"><strong>Kaabo Mantis 8<\/strong><\/a>) verrattuna on p\u00e4\u00e4asiassa parempi vakaus ja ajomukavuus suurempien py\u00f6rien ansiosta. Mantis 10 Eco on varustettu sek\u00e4 etu- ett\u00e4 takapy\u00f6riss\u00e4 jousikiinnikkeill\u00e4, jotka takaavat parhaan mahdollisen ajomukavuuden. Takapy\u00f6r\u00e4\u00e4n k\u00e4tketty<strong>500W<\/strong>\u00a0moottori antaa Kaabo Mantis 10 Eco 500W -s\u00e4hk\u00f6potkulautalle muunnetun virityksen j\u00e4lkeisen nopeuden jopa\u00a0<strong>45km\/h<\/strong>\u00a0ja\u00a0<strong>48V\/13Ah (624Wh)<\/strong>\u00a0akku auttaa kulkemaan jopa\u00a0<strong>50km<\/strong>\u00a0yhdell\u00e4 latauksella. Realistinen toimintas\u00e4de riippuu l\u00e4hinn\u00e4 kuljettajan painosta sek\u00e4 ajotyylist\u00e4 ja -vauhdista, joten se on todenn\u00e4k\u00f6isemmin 30-40 km:n luokkaa kaupungissa. Kaabo Mantis 10 Eco 500W -s\u00e4hk\u00f6skootteri sopii paremmin pidemmille ajajille korkean ohjaustangon\/ohjaimen asennon ansiosta.<\/p>\n<p><iframe title=\"KAABO MANTIS Review - Most comfortable eScooter under 25kg?\" width=\"1082\" height=\"609\" src=\"https:\/\/www.youtube.com\/embed\/vXBL3AwfS2s?start=304&feature=oembed\" frameborder=\"0\" allow=\"accelerometer; autoplay; clipboard-write; encrypted-media; gyroscope; picture-in-picture; web-share\" referrerpolicy=\"strict-origin-when-cross-origin\" allowfullscreen><\/iframe><\/p>\n<h2 style=\"text-align: center;\">KAABO MANTIS 10 ECO 500W S\u00c4HK\u00d6POTKULAUTA<\/h2>\n<p style=\"caret-color: #000000; color: #000000;\">Yritys ja tuotemerkki Ningbo Kaabo Technology Co. Ltd. on vanha toimija s\u00e4hk\u00f6skootterimaailmassa, sill\u00e4 se aloitti kehitysty\u00f6n vuonna 2013. N\u00e4ist\u00e4 vanhemmista toimijoista ehk\u00e4 vain\u00a0<a href=\"https:\/\/inokim.com\/\"><strong>Inokim<\/strong><\/a>\u00a0ja\u00a0<a href=\"https:\/\/minimotorsusa.com\/\"><strong>Minimotors<\/strong><\/a>. Yhti\u00f6 aloitti siis investoimisen kevyiden skoottereiden tulevaisuuteen yli 5 vuotta ennen s\u00e4hk\u00f6skootterivallankumousta ja s\u00e4hk\u00f6skoottereiden laajaa k\u00e4ytt\u00f6\u00e4. T\u00e4n\u00e4 aikana Kaabo on pystynyt hakemaan 25 patenttia teknisille ratkaisuille, joita k\u00e4ytet\u00e4\u00e4n laajasti s\u00e4hk\u00f6skootterialalla, ja laajentamaan markkinoitaan maahantuojien kautta ymp\u00e4ri maailmaa.<\/p>\n<p style=\"caret-color: #000000; color: #000000;\">Kaabo Mantis 10 Eco 500W s\u00e4hk\u00f6k\u00e4ytt\u00f6inen ty\u00f6nt\u00f6py\u00f6r\u00e4 on varustettu<a><strong>\u00a010x2,25<\/strong><\/a><strong>\u201d\u00a0<\/strong>renkailla<strong>, joissa on sis\u00e4kumi.<\/strong>Sis\u00e4renkailla varustetuissa renkaissa on hieman parempi ajomukavuus verrattuna letkuttomiin renkaisiin. Skootteri on varustettu my\u00f6s t\u00e4rin\u00e4\u00e4 vaimentavilla pehme\u00e4st\u00e4 materiaalista valmistetuilla kahvoilla, jotka antavat aggressiivisemman ulkon\u00e4\u00f6n lis\u00e4ksi my\u00f6s auttaa v\u00e4ltt\u00e4m\u00e4\u00e4n t\u00e4rin\u00e4st\u00e4 johtuvaa k\u00e4sien v\u00e4symist\u00e4. Kaabo Mantis 8 Eco 500W:ss\u00e4 on useita eri nopeustiloja - ECO (hidas nopeus) ja Boost (nopea nopeus). Jotta pys\u00e4htyminen olisi nopeaa ja turvallista, skootteri on varustettu mekaanisilla\u00a0<strong>Zoom-ketjujarruilla<\/strong>\u00a0(vaijeri).<\/p>\n<p><img decoding=\"async\" class=\"wp-image-6408 aligncenter\" src=\"http:\/\/www.xn--tuksimaailm-ffb.ee\/wp-content\/uploads\/2021\/12\/mantis-10-500w-2-300x153.png\" alt=\"kaabo mantis 10 eco 500w elektrit\u00f5ukeratas elektriline t\u00f5ukeratas\" width=\"984\" height=\"502\" srcset=\"https:\/\/www.xn--tuksimaailm-ffb.ee\/wp-content\/uploads\/2021\/12\/mantis-10-500w-2-300x153.png 300w, https:\/\/www.xn--tuksimaailm-ffb.ee\/wp-content\/uploads\/2021\/12\/mantis-10-500w-2-768x392.png 768w, https:\/\/www.xn--tuksimaailm-ffb.ee\/wp-content\/uploads\/2021\/12\/mantis-10-500w-2-588x300.png 588w, https:\/\/www.xn--tuksimaailm-ffb.ee\/wp-content\/uploads\/2021\/12\/mantis-10-500w-2-600x306.png 600w, https:\/\/www.xn--tuksimaailm-ffb.ee\/wp-content\/uploads\/2021\/12\/mantis-10-500w-2.png 829w\" sizes=\"(max-width: 984px) 100vw, 984px\" \/><\/p>\n<h2 style=\"text-align: center;\">KAABO MANTIS S\u00c4HK\u00d6POTKULAUTA - SUORITUSKYKY<\/h2>\n<p style=\"caret-color: #000000; color: #000000;\">Kaabo Mantis 10 -s\u00e4hk\u00f6skootterin moottoriteho on 500 W. T\u00e4m\u00e4 on my\u00f6nteist\u00e4, koska teho on alle 1 kilowatin (1000W), joka on Viron liikennelain mukainen s\u00e4hk\u00f6potkulautojen ja muiden kevyiden s\u00e4hk\u00f6ajoneuvojen enimm\u00e4isteho. T\u00e4m\u00e4 tekee t\u00e4st\u00e4 s\u00e4hk\u00f6skootterista ihanteellisen ajoneuvon erityisesti yleisten teiden ja kaupunkien ty\u00f6matkaliikkujille. S\u00e4hk\u00f6skootteri saavuttaa valmistajan ilmoittaman\u00a0<strong>25km\/h<\/strong>\u00a0nopeuden jopa raskaita kuormia kuljetettaessa ilman suurempaa vaivaa. Suurin kaltevuus, jonka Kaabo Mantis 10 Eco 500W -s\u00e4hk\u00f6skootteri selvi\u00e4\u00e4 yhdell\u00e4 moottorilla, on 25 %.<\/p>\n<p style=\"caret-color: #000000; color: #000000;\">K\u00e4ytt\u00e4m\u00e4ll\u00e4 s\u00e4hk\u00f6skootteria maastoajoneuvona maasto-olosuhteissa tai yksityisell\u00e4 maalla on mahdollista saavuttaa jopa\u00a0<strong>45 km\/h<\/strong>\u00a0nopeus muutetun virityksen j\u00e4lkeen. Valmistajan s\u00e4hk\u00f6potkulautan alumiiniseosrungolle ennakoima kuljettajan enimm\u00e4ispaino varusteineen on\u00a0<strong>120 kg<\/strong>. Suosittelemme, ett\u00e4 t\u00e4t\u00e4 rajaa ei ylitet\u00e4, sill\u00e4 muutoin s\u00e4hk\u00f6potkulautan rakenne voi antaa periksi ja t\u00e4m\u00e4n suuruiset vauriot voivat olla kalliita korjata. S\u00e4hk\u00f6potkulauta on varustettu\u00a0<strong>48V\/13000mAh (624Wh)<\/strong>\u00a0akulla. Akun lataaminen nollasta 100 prosenttiin mukana toimitetulla 2A-laturilla kest\u00e4\u00e4 noin<strong>\u00a06,5 tuntia.<\/strong><\/p>\n<p style=\"caret-color: #000000; color: #000000;\">S\u00e4hk\u00f6inen skootteri on nopea s\u00e4hk\u00f6inen ajoneuvo, joka pystyy suurempaan nopeuteen kuin ihminen voi saavuttaa juoksemalla. Kaatuminen tai onnettomuus muiden tienk\u00e4ytt\u00e4jien kanssa on siksi mahdollisesti eritt\u00e4in vaarallista. Siksi suosittelemme, ett\u00e4 k\u00e4yt\u00e4t aina kyp\u00e4r\u00e4\u00e4 turvallisuuden varmistamiseksi. Alle 16-vuotiaiden s\u00e4hk\u00f6skootterin kuljettajien on lain mukaan pakko k\u00e4ytt\u00e4\u00e4 kyp\u00e4r\u00e4\u00e4 ajaessaan\u00a0<a href=\"https:\/\/www.riigiteataja.ee\/akt\/113112020001\">.<\/a>\u00a0Kaikki Kaabo-s\u00e4hk\u00f6skootterit l\u00f6yd\u00e4t\u00a0<a href=\"http:\/\/www.xn--tuksimaailm-ffb.ee\/tootekategooria\/elektritoukeratas\/\"><strong>t\u00e4\u00e4lt\u00e4<\/strong><\/a>.<\/p>\n<table class=\"tg\" style=\"border-collapse: collapse; max-width: 600px; border-spacing: 0; margin: 0px auto;\">\n<tbody>\n<tr>\n<td style=\"background-color: #e4e1e1; color: #333333; font-family: inherit; font-size: 14px; font-weight: bold; overflow: hidden; padding: 5px 5px; text-align: center; vertical-align: top; word-break: normal; border: 1px solid;\" colspan=\"2\">Tekniset tiedot<\/td>\n<\/tr>\n<tr>\n<td style=\"background-color: #e4e1e1; color: #333333; font-family: inherit; font-size: 14px; font-weight: bold; overflow: hidden; padding: 5px 5px; text-align: right; vertical-align: top; word-break: normal; border: 1px solid;\">Malli<\/td>\n<td style=\"font-family: inherit; font-size: 14px; overflow: hidden; padding: 5px 5px; text-align: center; vertical-align: top; word-break: normal; border: 1px solid;\">Kaabo Mantis 10 ECO 500W<\/td>\n<\/tr>\n<tr>\n<td style=\"background-color: #e4e1e1; color: #333333; font-family: inherit; font-size: 14px; font-weight: bold; overflow: hidden; padding: 5px 5px; text-align: right; vertical-align: top; word-break: normal; border: 1px solid;\">Akku<\/td>\n<td style=\"font-family: inherit; font-size: 14px; overflow: hidden; padding: 5px 5px; text-align: center; vertical-align: top; word-break: normal; border: 1px solid;\">48V\/13 Ah \/ 624Wh Li-Ion<\/td>\n<\/tr>\n<tr>\n<td style=\"background-color: #e4e1e1; color: #333333; font-family: inherit; font-size: 14px; font-weight: bold; overflow: hidden; padding: 5px 5px; text-align: right; vertical-align: top; word-break: normal; border: 1px solid;\">Latausaika<\/td>\n<td style=\"font-family: inherit; font-size: 14px; overflow: hidden; padding: 5px 5px; text-align: center; vertical-align: top; word-break: normal; border: 1px solid;\">jopa 6,5 h<\/td>\n<\/tr>\n<tr>\n<td style=\"background-color: #e4e1e1; color: #333333; font-family: inherit; font-size: 14px; font-weight: bold; overflow: hidden; padding: 5px 5px; text-align: right; vertical-align: top; word-break: normal; border: 1px solid;\">Moottorin teho<\/td>\n<td style=\"font-family: inherit; font-size: 14px; overflow: hidden; padding: 5px 5px; text-align: center; vertical-align: top; word-break: normal; border: 1px solid;\">500 W<\/td>\n<\/tr>\n<tr>\n<td style=\"background-color: #e4e1e1; color: #333333; font-family: inherit; font-size: 14px; font-weight: bold; overflow: hidden; padding: 5px 5px; text-align: right; vertical-align: top; word-break: normal; border: 1px solid;\">Ajomatka yhdell\u00e4 latauksella<\/td>\n<td style=\"font-family: inherit; font-size: 14px; overflow: hidden; padding: 5px 5px; text-align: center; vertical-align: top; word-break: normal; border: 1px solid;\">jopa 50 km (valmistajan ilmoittama)<\/td>\n<\/tr>\n<tr>\n<td style=\"background-color: #e4e1e1; color: #333333; font-family: inherit; font-size: 14px; font-weight: bold; overflow: hidden; padding: 5px 5px; text-align: right; vertical-align: top; word-break: normal; border: 1px solid;\">Ajomatka yhdell\u00e4 latauksella arvoitu<\/td>\n<td style=\"font-family: inherit; font-size: 14px; overflow: hidden; padding: 5px 5px; text-align: center; vertical-align: top; word-break: normal; border: 1px solid;\">42km (25km\/h, 70kg kuljettaja, 15Wh\/km)<\/td>\n<\/tr>\n<tr>\n<td style=\"background-color: #e4e1e1; color: #333333; font-family: inherit; font-size: 14px; font-weight: bold; overflow: hidden; padding: 5px 5px; text-align: right; vertical-align: top; word-break: normal; border: 1px solid;\">Etujarru<\/td>\n<td style=\"font-family: inherit; font-size: 14px; overflow: hidden; padding: 5px 5px; text-align: center; vertical-align: top; word-break: normal; border: 1px solid;\">mekaaninen levyjarru<\/td>\n<\/tr>\n<tr>\n<td style=\"background-color: #e4e1e1; color: #333333; font-family: inherit; font-size: 14px; font-weight: bold; overflow: hidden; padding: 5px 5px; text-align: right; vertical-align: top; word-break: normal; border: 1px solid;\">Takajarru<\/td>\n<td style=\"font-family: inherit; font-size: 14px; overflow: hidden; padding: 5px 5px; text-align: center; vertical-align: top; word-break: normal; border: 1px solid;\">Mekaaninen levyjarru + s\u00e4hk\u00f6inen moottorijarru EABS<\/td>\n<\/tr>\n<tr>\n<td style=\"background-color: #e4e1e1; color: #333333; font-family: inherit; font-size: 14px; font-weight: bold; overflow: hidden; padding: 5px 5px; text-align: right; vertical-align: top; word-break: normal; border: 1px solid;\">Painorjoitus<\/td>\n<td style=\"font-family: inherit; font-size: 14px; overflow: hidden; padding: 5px 5px; text-align: center; vertical-align: top; word-break: normal; border: 1px solid;\">120 kg<\/td>\n<\/tr>\n<tr>\n<td style=\"background-color: #e4e1e1; color: #333333; font-family: inherit; font-size: 14px; font-weight: bold; overflow: hidden; padding: 5px 5px; text-align: right; vertical-align: top; word-break: normal; border: 1px solid;\"><strong style=\"caret-color: #000000; color: #000000; text-align: start; font-family: inherit;\">Muutettu nopeus virityksen j\u00e4lkeen<\/strong><\/td>\n<td style=\"font-family: inherit; font-size: 14px; overflow: hidden; padding: 5px 5px; text-align: center; vertical-align: top; word-break: normal; border: 1px solid;\">45 km\/h<\/td>\n<\/tr>\n<tr>\n<td style=\"background-color: #e4e1e1; color: #333333; font-family: inherit; font-size: 14px; font-weight: bold; overflow: hidden; padding: 5px 5px; text-align: right; vertical-align: top; word-break: normal; border: 1px solid;\">Tuotantonopeus<\/td>\n<td style=\"font-family: inherit; font-size: 14px; overflow: hidden; padding: 5px 5px; text-align: center; vertical-align: top; word-break: normal; border: 1px solid;\">25 km\/h<\/td>\n<\/tr>\n<tr>\n<td style=\"background-color: #e4e1e1; color: #333333; font-family: inherit; font-size: 14px; font-weight: bold; overflow: hidden; padding: 5px 5px; text-align: right; vertical-align: top; word-break: normal; border: 1px solid;\">Laturi mukana<\/td>\n<td style=\"font-family: inherit; font-size: 14px; overflow: hidden; padding: 5px 5px; text-align: center; vertical-align: top; word-break: normal; border: 1px solid;\">kyll\u00e4 (2A)<\/td>\n<\/tr>\n<tr>\n<td style=\"background-color: #e4e1e1; color: #333333; font-family: inherit; font-size: 14px; font-weight: bold; overflow: hidden; padding: 5px 5px; text-align: right; vertical-align: top; word-break: normal; border: 1px solid;\">Paino<\/td>\n<td style=\"font-family: inherit; font-size: 14px; overflow: hidden; padding: 5px 5px; text-align: center; vertical-align: top; word-break: normal; border: 1px solid;\">22.7 kg<\/td>\n<\/tr>\n<tr>\n<td style=\"background-color: #e4e1e1; color: #333333; font-family: inherit; font-size: 14px; font-weight: bold; overflow: hidden; padding: 5px 5px; text-align: right; vertical-align: top; word-break: normal; border: 1px solid;\">Iskunvaimentimet<\/td>\n<td style=\"font-family: inherit; font-size: 14px; overflow: hidden; padding: 5px 5px; text-align: center; vertical-align: top; word-break: normal; border: 1px solid;\">jousi iskunvaimentimet edess\u00e4 ja takana<\/td>\n<\/tr>\n<tr>\n<td style=\"background-color: #e4e1e1; color: #333333; font-family: inherit; font-size: 14px; font-weight: bold; overflow: hidden; padding: 5px 5px; text-align: right; vertical-align: top; word-break: normal; border: 1px solid;\">Rengastyyppi<\/td>\n<td style=\"font-family: inherit; font-size: 14px; overflow: hidden; padding: 5px 5px; text-align: center; vertical-align: top; word-break: normal; border: 1px solid;\">10\u00d72.25\u2033 mukava ilmarengas ja sis\u00e4putki<\/td>\n<\/tr>\n<tr>\n<td style=\"background-color: #e4e1e1; color: #333333; font-family: inherit; font-size: 14px; font-weight: bold; overflow: hidden; padding: 5px 5px; text-align: right; vertical-align: top; word-break: normal; border: 1px solid;\">Valot<\/td>\n<td style=\"font-family: inherit; font-size: 14px; overflow: hidden; padding: 5px 5px; text-align: center; vertical-align: top; word-break: normal; border: 1px solid;\">edess\u00e4 ja takana - LED<\/td>\n<\/tr>\n<tr>\n<td style=\"background-color: #e4e1e1; color: #333333; font-family: inherit; font-size: 14px; font-weight: bold; overflow: hidden; padding: 5px 5px; text-align: right; vertical-align: top; word-break: normal; border: 1px solid;\">Tien enim\u00e4iskaltevuus<\/td>\n<td style=\"font-family: inherit; font-size: 14px; overflow: hidden; padding: 5px 5px; text-align: center; vertical-align: top; word-break: normal; border: 1px solid;\">&lt;25 %<\/td>\n<\/tr>\n<\/tbody>\n<\/table>\n","protected":false},"excerpt":{"rendered":"<p style=\"caret-color: #000000; color: #000000;\"><a href=\"http:\/\/www.xn--tuksimaailm-ffb.ee\/kontakt\/\"><strong>L\u00f6ysitk\u00f6 paremman hinnan?<\/strong><\/a>\u00a0<a href=\"http:\/\/www.xn--tuksimaailm-ffb.ee\/kontakt\/\"><strong>Kirjoita meille, niin teemme sinulle paremman tarjouksen!<\/strong><\/a>\u00a0<strong>Jos ostat s\u00e4hk\u00f6mopon, kaikki\u00a0<\/strong><a href=\"http:\/\/www.xn--tuksimaailm-ffb.ee\/tootekategooria\/lisavarustus\/\"><strong>lis\u00e4varusteet<\/strong><\/a><strong>\u00a0ja\u00a0<\/strong><a href=\"http:\/\/www.xn--tuksimaailm-ffb.ee\/tootekategooria\/elektritoukeratta-varuosad\/\"><strong>varaosat<\/strong><\/a>\u00a0(<strong>\u00a0my\u00f6s\u00a0<\/strong><a href=\"http:\/\/www.xn--tuksimaailm-ffb.ee\/tootekategooria\/elektritoukeratta-varuosad\/?filter_tootetuup=rehvid\"><strong>renkaat<\/strong><\/a><strong>) ovat puoleen hintaan (-50 %).<\/strong>\u00a0<strong>Alennus otetaan automaattisesti k\u00e4ytt\u00f6\u00f6n, kun lis\u00e4\u00e4t sen ostoskoriin!<\/strong><\/p>\n","protected":false},"featured_media":23684,"template":"","meta":[],"product_brand":[],"product_cat":[926],"product_tag":[],"filter_elektritoukeratas":[],"class_list":{"0":"post-50569","1":"product","2":"type-product","3":"status-publish","4":"has-post-thumbnail","6":"product_cat-sahkopotkulaudat-fi","7":"product_shipping_class-keskmine-pakk-fi","8":"pa_aku-mahutavus-wh-624-fi","9":"pa_kaal-kg-23-fi","10":"pa_kandevoime-kg-120-fi","11":"pa_labisoit-arvutuslik-km-42-fi","12":"pa_mootorite-arv-uhe-mootoriga-fi","13":"pa_piiramata-tippkiirus-kmh-45-fi","14":"pa_tootetuup-elektritoukeratas-fi","15":"pa_valmistaja-kaabo-fi","16":"pa_voimsus-w-500-fi","18":"first","19":"outofstock","20":"taxable","21":"shipping-taxable","22":"purchasable","23":"product-type-simple"},"yoast_head":"<!-- This site is optimized with the Yoast SEO Premium plugin v26.8 (Yoast SEO v27.5) - https:\/\/yoast.com\/product\/yoast-seo-premium-wordpress\/ -->\n<title>Kaabo Mantis 10 ECO 500W s\u00e4hk\u00f6potkulauta (EOL) | T\u00f5uksimaailm<\/title>\n<meta name=\"description\" content=\"Kaabo Mantis 10 ECO 500W elektrit\u00f5ukeratas. Suurte ratastega, vedrustusega ja mugav tagaveoline 500W mootoriga elektriline t\u00f5ukeratas.\" \/>\n<meta name=\"robots\" content=\"index, follow, max-snippet:-1, max-image-preview:large, max-video-preview:-1\" \/>\n<link rel=\"canonical\" href=\"https:\/\/www.xn--tuksimaailm-ffb.ee\/fi\/shop\/kaabo-mantis-10-eco-500w-sahkopotkulauta-eol\/\" \/>\n<meta property=\"og:locale\" content=\"fi_FI\" \/>\n<meta property=\"og:type\" content=\"article\" \/>\n<meta property=\"og:title\" content=\"Kaabo Mantis 10 ECO 500W s\u00e4hk\u00f6potkulauta (EOL)\" \/>\n<meta property=\"og:description\" content=\"Kaabo Mantis 10 ECO 500W elektrit\u00f5ukeratas. Suurte ratastega, vedrustusega ja mugav tagaveoline 500W mootoriga elektriline t\u00f5ukeratas.\" \/>\n<meta property=\"og:url\" content=\"https:\/\/www.xn--tuksimaailm-ffb.ee\/fi\/shop\/kaabo-mantis-10-eco-500w-sahkopotkulauta-eol\/\" \/>\n<meta property=\"og:site_name\" content=\"T\u00f5uksimaailm\" \/>\n<meta property=\"article:publisher\" content=\"https:\/\/www.facebook.com\/touksimaailm\/\" \/>\n<meta property=\"og:image\" content=\"https:\/\/www.xn--tuksimaailm-ffb.ee\/wp-content\/uploads\/2021\/12\/mantis-10-500w-1.png\" \/>\n\t<meta property=\"og:image:width\" content=\"837\" \/>\n\t<meta property=\"og:image:height\" content=\"831\" \/>\n\t<meta property=\"og:image:type\" content=\"image\/png\" \/>\n<meta name=\"twitter:card\" content=\"summary_large_image\" \/>\n<meta name=\"twitter:label1\" content=\"Hinta\" \/>\n\t<meta name=\"twitter:data1\" content=\"&euro;1,099.00\" \/>\n\t<meta name=\"twitter:label2\" content=\"Saatavuus\" \/>\n\t<meta name=\"twitter:data2\" content=\"Loppu varastosta\" \/>\n<meta property=\"product:price:amount\" content=\"1099.00\" \/>\n<meta property=\"product:price:currency\" content=\"EUR\" \/>\n<meta property=\"og:availability\" content=\"out of stock\" \/>\n<meta property=\"product:availability\" content=\"out of stock\" \/>\n<meta property=\"product:retailer_item_id\" content=\"Mantis_10_Eco_500W\" \/>\n<meta property=\"product:condition\" content=\"new\" \/>\n<!-- \/ Yoast SEO Premium plugin. -->","yoast_head_json":{"title":"Kaabo Mantis 10 ECO 500W s\u00e4hk\u00f6potkulauta (EOL) | T\u00f5uksimaailm","description":"Kaabo Mantis 10 ECO 500W elektrit\u00f5ukeratas. Suurte ratastega, vedrustusega ja mugav tagaveoline 500W mootoriga elektriline t\u00f5ukeratas.","robots":{"index":"index","follow":"follow","max-snippet":"max-snippet:-1","max-image-preview":"max-image-preview:large","max-video-preview":"max-video-preview:-1"},"canonical":"https:\/\/www.xn--tuksimaailm-ffb.ee\/fi\/shop\/kaabo-mantis-10-eco-500w-sahkopotkulauta-eol\/","og_locale":"fi_FI","og_type":"article","og_title":"Kaabo Mantis 10 ECO 500W s\u00e4hk\u00f6potkulauta (EOL)","og_description":"Kaabo Mantis 10 ECO 500W elektrit\u00f5ukeratas. Suurte ratastega, vedrustusega ja mugav tagaveoline 500W mootoriga elektriline t\u00f5ukeratas.","og_url":"https:\/\/www.xn--tuksimaailm-ffb.ee\/fi\/shop\/kaabo-mantis-10-eco-500w-sahkopotkulauta-eol\/","og_site_name":"T\u00f5uksimaailm","article_publisher":"https:\/\/www.facebook.com\/touksimaailm\/","og_image":[{"width":837,"height":831,"url":"https:\/\/www.xn--tuksimaailm-ffb.ee\/wp-content\/uploads\/2021\/12\/mantis-10-500w-1.png","type":"image\/png"}],"twitter_card":"summary_large_image","twitter_misc":{"Hinta":"&euro;1,099.00","Saatavuus":"Loppu varastosta"},"schema":{"@context":"https:\/\/schema.org","@graph":[{"@type":"WebPage","@id":"https:\/\/www.xn--tuksimaailm-ffb.ee\/fi\/shop\/kaabo-mantis-10-eco-500w-sahkopotkulauta-eol\/","url":"https:\/\/www.xn--tuksimaailm-ffb.ee\/fi\/shop\/kaabo-mantis-10-eco-500w-sahkopotkulauta-eol\/","name":"Kaabo Mantis 10 ECO 500W s\u00e4hk\u00f6potkulauta (EOL) | T\u00f5uksimaailm","isPartOf":{"@id":"https:\/\/www.xn--tuksimaailm-ffb.ee\/fi\/#website"},"primaryImageOfPage":{"@id":"https:\/\/www.xn--tuksimaailm-ffb.ee\/fi\/shop\/kaabo-mantis-10-eco-500w-sahkopotkulauta-eol\/#primaryimage"},"image":{"@id":"https:\/\/www.xn--tuksimaailm-ffb.ee\/fi\/shop\/kaabo-mantis-10-eco-500w-sahkopotkulauta-eol\/#primaryimage"},"thumbnailUrl":"https:\/\/www.xn--tuksimaailm-ffb.ee\/wp-content\/uploads\/2021\/12\/mantis-10-500w-1.png","datePublished":"2021-12-12T11:05:05+00:00","description":"Kaabo Mantis 10 ECO 500W elektrit\u00f5ukeratas. Suurte ratastega, vedrustusega ja mugav tagaveoline 500W mootoriga elektriline t\u00f5ukeratas.","breadcrumb":{"@id":"https:\/\/www.xn--tuksimaailm-ffb.ee\/fi\/shop\/kaabo-mantis-10-eco-500w-sahkopotkulauta-eol\/#breadcrumb"},"inLanguage":"fi","potentialAction":[{"@type":"ReadAction","target":["https:\/\/www.xn--tuksimaailm-ffb.ee\/fi\/shop\/kaabo-mantis-10-eco-500w-sahkopotkulauta-eol\/"]}]},{"@type":"ImageObject","inLanguage":"fi","@id":"https:\/\/www.xn--tuksimaailm-ffb.ee\/fi\/shop\/kaabo-mantis-10-eco-500w-sahkopotkulauta-eol\/#primaryimage","url":"https:\/\/www.xn--tuksimaailm-ffb.ee\/wp-content\/uploads\/2021\/12\/mantis-10-500w-1.png","contentUrl":"https:\/\/www.xn--tuksimaailm-ffb.ee\/wp-content\/uploads\/2021\/12\/mantis-10-500w-1.png","width":837,"height":831},{"@type":"BreadcrumbList","@id":"https:\/\/www.xn--tuksimaailm-ffb.ee\/fi\/shop\/kaabo-mantis-10-eco-500w-sahkopotkulauta-eol\/#breadcrumb","itemListElement":[{"@type":"ListItem","position":1,"name":"Home","item":"https:\/\/www.xn--tuksimaailm-ffb.ee\/fi\/kotisivu\/"},{"@type":"ListItem","position":2,"name":"Kauppa","item":"https:\/\/www.xn--tuksimaailm-ffb.ee\/elektritoukerataste-pood\/"},{"@type":"ListItem","position":3,"name":"Kaabo Mantis 10 ECO 500W s\u00e4hk\u00f6potkulauta (EOL)"}]},{"@type":"WebSite","@id":"https:\/\/www.xn--tuksimaailm-ffb.ee\/fi\/#website","url":"https:\/\/www.xn--tuksimaailm-ffb.ee\/fi\/","name":"T\u00f5uksimaailm","description":"Elektrit\u00f5ukerataste m\u00fc\u00fck, remont ja rent","publisher":{"@id":"https:\/\/www.xn--tuksimaailm-ffb.ee\/fi\/#organization"},"potentialAction":[{"@type":"SearchAction","target":{"@type":"EntryPoint","urlTemplate":"https:\/\/www.xn--tuksimaailm-ffb.ee\/fi\/?s={search_term_string}"},"query-input":{"@type":"PropertyValueSpecification","valueRequired":true,"valueName":"search_term_string"}}],"inLanguage":"fi"},{"@type":"Organization","@id":"https:\/\/www.xn--tuksimaailm-ffb.ee\/fi\/#organization","name":"T\u00f5uksimaailm","url":"https:\/\/www.xn--tuksimaailm-ffb.ee\/fi\/","logo":{"@type":"ImageObject","inLanguage":"fi","@id":"https:\/\/www.xn--tuksimaailm-ffb.ee\/fi\/#\/schema\/logo\/image\/","url":"https:\/\/www.xn--tuksimaailm-ffb.ee\/wp-content\/uploads\/2020\/01\/logoz-e1579792875517.png","contentUrl":"https:\/\/www.xn--tuksimaailm-ffb.ee\/wp-content\/uploads\/2020\/01\/logoz-e1579792875517.png","width":250,"height":250,"caption":"T\u00f5uksimaailm"},"image":{"@id":"https:\/\/www.xn--tuksimaailm-ffb.ee\/fi\/#\/schema\/logo\/image\/"},"sameAs":["https:\/\/www.facebook.com\/touksimaailm\/","https:\/\/www.instagram.com\/touksimaailm_\/","https:\/\/www.youtube.com\/channel\/UC18ml0EKIDLP1xGuQjFzcXQ"]}]},"product_price_amount":"1099.00","product_price_currency":"EUR","og_availability":"out of stock","product_availability":"out of stock","product_retailer_item_id":"Mantis_10_Eco_500W","product_condition":"new"},"jetpack_sharing_enabled":true,"_links":{"self":[{"href":"https:\/\/www.xn--tuksimaailm-ffb.ee\/fi\/wp-json\/wp\/v2\/product\/50569","targetHints":{"allow":["GET"]}}],"collection":[{"href":"https:\/\/www.xn--tuksimaailm-ffb.ee\/fi\/wp-json\/wp\/v2\/product"}],"about":[{"href":"https:\/\/www.xn--tuksimaailm-ffb.ee\/fi\/wp-json\/wp\/v2\/types\/product"}],"wp:featuredmedia":[{"embeddable":true,"href":"https:\/\/www.xn--tuksimaailm-ffb.ee\/fi\/wp-json\/wp\/v2\/media\/23684"}],"wp:attachment":[{"href":"https:\/\/www.xn--tuksimaailm-ffb.ee\/fi\/wp-json\/wp\/v2\/media?parent=50569"}],"wp:term":[{"taxonomy":"product_brand","embeddable":true,"href":"https:\/\/www.xn--tuksimaailm-ffb.ee\/fi\/wp-json\/wp\/v2\/product_brand?post=50569"},{"taxonomy":"product_cat","embeddable":true,"href":"https:\/\/www.xn--tuksimaailm-ffb.ee\/fi\/wp-json\/wp\/v2\/product_cat?post=50569"},{"taxonomy":"product_tag","embeddable":true,"href":"https:\/\/www.xn--tuksimaailm-ffb.ee\/fi\/wp-json\/wp\/v2\/product_tag?post=50569"},{"taxonomy":"filter_elektritoukeratas","embeddable":true,"href":"https:\/\/www.xn--tuksimaailm-ffb.ee\/fi\/wp-json\/wp\/v2\/filter_elektritoukeratas?post=50569"}],"curies":[{"name":"wp","href":"https:\/\/api.w.org\/{rel}","templated":true}]}}