{"id":50675,"date":"2021-11-06T15:40:48","date_gmt":"2021-11-06T12:40:48","guid":{"rendered":"http:\/\/www.xn--tuksimaailm-ffb.ee\/shop\/nanrobot-d6-sahkopotkulauta-eol\/"},"modified":"2021-11-06T15:40:48","modified_gmt":"2021-11-06T12:40:48","slug":"nanrobot-d6-sahkopotkulauta-eol","status":"publish","type":"product","link":"https:\/\/www.xn--tuksimaailm-ffb.ee\/fi\/shop\/nanrobot-d6-sahkopotkulauta-eol\/","title":{"rendered":"Nanrobot D6+ s\u00e4hk\u00f6potkulauta (EOL)"},"content":{"rendered":"<h2 style=\"text-align: center;\">NANROBOT D6+ S\u00c4HK\u00d6POTKULAUTA - TUOTEKUVAUS<\/h2>\n<p>Nanrobot D6+ -s\u00e4hk\u00f6skootteri on suorituskykyinen s\u00e4hk\u00f6skootteri, jossa on kaksi moottoria ja jousitus. D6+-mallissa on edess\u00e4 ja takana hydrauliset levyjarrut EBS:ll\u00e4, jotka tarjoavat vahvan jarrutustehon. Lis\u00e4mukavuuden lis\u00e4\u00e4miseksi jousituksen iskuja tukee 2 hydraulista jousivaimenninta. D6+-s\u00e4hk\u00f6skootteri on varustettu 10-tuumaisilla ilmarenkailla, jotka tarjoavat erinomaisen ajomukavuuden ja pidon sek\u00e4 lyhyill\u00e4 ett\u00e4 pitkill\u00e4 matkoilla. 2x 1000W:n moottoreilla t\u00e4m\u00e4 suorituskykyinen kaksimoottorinen s\u00e4hk\u00f6skootteri saavuttaa modifioidun virityksen j\u00e4lkeen ongelmitta jopa 60km\/h nopeuden tai 50-60km yhdell\u00e4 latauksella. K\u00e4ytt\u00f6mukavuuden lis\u00e4\u00e4miseksi skootterissa on mahdollisuus valita ECO- ja TURBO-tilojen v\u00e4lill\u00e4. Nanrobot D6+ -s\u00e4hk\u00f6skootteri tarjoaa my\u00f6s mahdollisuuden valita yksi- tai kaksipy\u00f6r\u00e4isen voimansiirron v\u00e4lill\u00e4.<\/p>\n<p><iframe title=\"NANROBOT D6+ REVIEW  | THE BEST UNDER $2000?\" width=\"1082\" height=\"609\" src=\"https:\/\/www.youtube.com\/embed\/TJ3wSXrR0Hs?start=50&feature=oembed\" frameborder=\"0\" allow=\"accelerometer; autoplay; clipboard-write; encrypted-media; gyroscope; picture-in-picture; web-share\" referrerpolicy=\"strict-origin-when-cross-origin\" allowfullscreen><\/iframe><\/p>\n<p style=\"caret-color: #000000; color: #000000;\">Yhden moottorin ECO-tilassa ajaminen auttaa saavuttamaan s\u00e4hk\u00f6skootterin maksimaalisen kantaman. Toisaalta TURBO-kaksimoottoritila takaa maksimaalisen kiihtyvyyden ja huippunopeuden - kannattaa pit\u00e4\u00e4 tiukasti kiinni! Skootterissa on 10 tuuman ilmarenkaat, pitk\u00e4 ja leve\u00e4 kansi, kokoontaitettava ohjaustanko ja 150 kg:n kantavuus, hydrauliset levyjarrut, C-tyypin jousitusj\u00e4rjestelm\u00e4, akun suojausj\u00e4rjestelm\u00e4 ja tehokkaat\u00a0<a href=\"https:\/\/et.wikipedia.org\/wiki\/Harjavaba_alalisvoolumootor\">harjaton moottorit<\/a>. Super LED-valaistus etu- ja takavaloista. Viron liikennelain mukaan suuritehoinen Nanrobot D6+ -s\u00e4hk\u00f6potkulauta on vain maastok\u00e4ytt\u00f6\u00f6n tarkoitettu ajoneuvo. Suosittelemme l\u00e4mpim\u00e4sti\u00a0<a href=\"http:\/\/www.xn--tuksimaailm-ffb.ee\/tootesilt\/elektritoukeratta-kiivrid\/\">kyp\u00e4r\u00e4n<\/a>\u00a0k\u00e4ytt\u00e4mist\u00e4 s\u00e4hk\u00f6skootterilla (erityisesti suuritehoisella s\u00e4hk\u00f6skootterilla) ajettaessa.<\/p>\n<p style=\"caret-color: #000000; color: #000000;\">Satula ei sis\u00e4lly toimitukseen, ja sen voi\u00a0<a href=\"http:\/\/www.xn--tuksimaailm-ffb.ee\/shop\/sadul-elekteritoukerattale-nanrobot\/\">ostaa<\/a>\u00a0erikseen.<\/p>\n<table class=\"tg\" style=\"border-collapse: collapse; max-width: 600px; border-spacing: 0px; margin: 0px auto; width: 100%;\">\n<tbody>\n<tr>\n<td style=\"background-color: #e4e1e1; color: #333333; font-family: inherit; font-size: 14px; font-weight: bold; overflow: hidden; padding: 5px; text-align: center; vertical-align: top; word-break: normal; border: 1px solid; width: 99.832215%;\" colspan=\"2\">Tekniset tiedot<\/td>\n<\/tr>\n<tr>\n<td style=\"background-color: #e4e1e1; color: #333333; font-family: inherit; font-size: 14px; font-weight: bold; overflow: hidden; padding: 5px; text-align: right; vertical-align: top; word-break: normal; border: 1px solid; width: 57.550336%;\">\n<p><strong style=\"caret-color: #000000; color: #000000; text-align: start; font-family: inherit;\">Ajomatka yhdell\u00e4 latauksella, valmistajan m\u00e4\u00e4ritys<br \/><\/strong><strong style=\"caret-color: #000000; color: #000000; text-align: start; font-family: inherit;\"> | Ajomatka<\/strong><span style=\"caret-color: #000000; color: #000000; font-weight: 400; text-align: start; font-family: inherit;\">\u00a0<\/span><strong style=\"caret-color: #000000; color: #000000; text-align: start; font-family: inherit;\">Laskettu yhdell\u00e4 latauksella<\/strong><\/p>\n<\/td>\n<td style=\"font-family: inherit; font-size: 14px; overflow: hidden; padding: 5px; text-align: center; vertical-align: top; word-break: normal; border: 1px solid; width: 42.281879%;\">50-60km |<br \/>90km (25km\/h, 70kg kuljettaja, 15Wh\/km)<\/td>\n<\/tr>\n<tr>\n<td style=\"background-color: #e4e1e1; color: #333333; font-family: inherit; font-size: 14px; font-weight: bold; overflow: hidden; padding: 5px; text-align: right; vertical-align: top; word-break: normal; border: 1px solid; width: 57.550336%;\">Moottorien teho<\/td>\n<td style=\"font-family: inherit; font-size: 14px; overflow: hidden; padding: 5px; text-align: center; vertical-align: top; word-break: normal; border: 1px solid; width: 42.281879%;\">rajoitettu 1000W, maastoajoneuvona 2x 1000W<\/td>\n<\/tr>\n<tr>\n<td style=\"background-color: #e4e1e1; color: #333333; font-family: inherit; font-size: 14px; font-weight: bold; overflow: hidden; padding: 5px; text-align: right; vertical-align: top; word-break: normal; border: 1px solid; width: 57.550336%;\">Nopeus<\/td>\n<td style=\"font-family: inherit; font-size: 14px; overflow: hidden; padding: 5px; text-align: center; vertical-align: top; word-break: normal; border: 1px solid; width: 42.281879%;\">tuotantonopeus 25km\/h, nopeus muutetun virityksen j\u00e4lkeen 65km\/h<\/td>\n<\/tr>\n<tr>\n<td style=\"background-color: #e4e1e1; color: #333333; font-family: inherit; font-size: 14px; font-weight: bold; overflow: hidden; padding: 5px; text-align: right; vertical-align: top; word-break: normal; border: 1px solid; width: 57.550336%;\">Akku<\/td>\n<td style=\"font-family: inherit; font-size: 14px; overflow: hidden; padding: 5px; text-align: center; vertical-align: top; word-break: normal; border: 1px solid; width: 42.281879%;\">Li-Ion 52V \/ 26Ah \/ 1352Wh<\/td>\n<\/tr>\n<tr>\n<td style=\"background-color: #e4e1e1; color: #333333; font-family: inherit; font-size: 14px; font-weight: bold; overflow: hidden; padding: 5px; text-align: right; vertical-align: top; word-break: normal; border: 1px solid; width: 57.550336%;\">Py\u00f6r\u00e4n mitat<\/td>\n<td style=\"font-family: inherit; font-size: 14px; overflow: hidden; padding: 5px; text-align: center; vertical-align: top; word-break: normal; border: 1px solid; width: 42.281879%;\">25.4cm \/ 10 tuuman<\/td>\n<\/tr>\n<tr>\n<td style=\"background-color: #e4e1e1; color: #333333; font-family: inherit; font-size: 14px; font-weight: bold; overflow: hidden; padding: 5px; text-align: right; vertical-align: top; word-break: normal; border: 1px solid; width: 57.550336%;\">Painorajoitus<\/td>\n<td style=\"font-family: inherit; font-size: 14px; overflow: hidden; padding: 5px; text-align: center; vertical-align: top; word-break: normal; border: 1px solid; width: 42.281879%;\">150kg<\/td>\n<\/tr>\n<tr>\n<td style=\"background-color: #e4e1e1; color: #333333; font-family: inherit; font-size: 14px; font-weight: bold; overflow: hidden; padding: 5px; text-align: right; vertical-align: top; word-break: normal; border: 1px solid; width: 57.550336%;\">Jarrut<\/td>\n<td style=\"font-family: inherit; font-size: 14px; overflow: hidden; padding: 5px; text-align: center; vertical-align: top; word-break: normal; border: 1px solid; width: 42.281879%;\">Hydrauliset levyjarrut edess\u00e4 ja takana<\/td>\n<\/tr>\n<tr>\n<td style=\"background-color: #e4e1e1; color: #333333; font-family: inherit; font-size: 14px; font-weight: bold; overflow: hidden; padding: 5px; text-align: right; vertical-align: top; word-break: normal; border: 1px solid; width: 57.550336%;\">Renkaat<\/td>\n<td style=\"font-family: inherit; font-size: 14px; overflow: hidden; padding: 5px; text-align: center; vertical-align: top; word-break: normal; border: 1px solid; width: 42.281879%;\">10\u2033 ilmarenkaat<\/td>\n<\/tr>\n<tr>\n<td style=\"background-color: #e4e1e1; color: #333333; font-family: inherit; font-size: 14px; font-weight: bold; overflow: hidden; padding: 5px; text-align: right; vertical-align: top; word-break: normal; border: 1px solid; width: 57.550336%;\">Iskunvaimentimet<\/td>\n<td style=\"font-family: inherit; font-size: 14px; overflow: hidden; padding: 5px; text-align: center; vertical-align: top; word-break: normal; border: 1px solid; width: 42.281879%;\">Iskunvaimentimet edess\u00e4 ja takana<\/td>\n<\/tr>\n<tr>\n<td style=\"background-color: #e4e1e1; color: #333333; font-family: inherit; font-size: 14px; font-weight: bold; overflow: hidden; padding: 5px; text-align: right; vertical-align: top; word-break: normal; border: 1px solid; width: 57.550336%;\">Valot<\/td>\n<td style=\"font-family: inherit; font-size: 14px; overflow: hidden; padding: 5px; text-align: center; vertical-align: top; word-break: normal; border: 1px solid; width: 42.281879%;\">LED-valot edess\u00e4 ja takana<\/td>\n<\/tr>\n<tr>\n<td style=\"background-color: #e4e1e1; color: #333333; font-family: inherit; font-size: 14px; font-weight: bold; overflow: hidden; padding: 5px; text-align: right; vertical-align: top; word-break: normal; border: 1px solid; width: 57.550336%;\"><strong style=\"caret-color: #000000; color: #000000; text-align: start; font-family: inherit;\">Moottorinohjaimet<\/strong><\/td>\n<td style=\"font-family: inherit; font-size: 14px; overflow: hidden; padding: 5px; text-align: center; vertical-align: top; word-break: normal; border: 1px solid; width: 42.281879%;\">2x25A<\/td>\n<\/tr>\n<tr>\n<td style=\"background-color: #e4e1e1; color: #333333; font-family: inherit; font-size: 14px; font-weight: bold; overflow: hidden; padding: 5px; text-align: right; vertical-align: top; word-break: normal; border: 1px solid; width: 57.550336%;\">Lataus<\/td>\n<td style=\"font-family: inherit; font-size: 14px; overflow: hidden; padding: 5px; text-align: center; vertical-align: top; word-break: normal; border: 1px solid; width: 42.281879%;\">2 rinnakkaiset latausportit<\/td>\n<\/tr>\n<tr>\n<td style=\"background-color: #e4e1e1; color: #333333; font-family: inherit; font-size: 14px; font-weight: bold; overflow: hidden; padding: 5px; text-align: right; vertical-align: top; word-break: normal; border: 1px solid; width: 57.550336%;\">Latausaika<\/td>\n<td style=\"font-family: inherit; font-size: 14px; overflow: hidden; padding: 5px; text-align: center; vertical-align: top; word-break: normal; border: 1px solid; width: 42.281879%;\">5h kahdella laturilla, 10h yhdell\u00e4 laturilla<\/td>\n<\/tr>\n<tr>\n<td style=\"background-color: #e4e1e1; color: #333333; font-family: inherit; font-size: 14px; font-weight: bold; overflow: hidden; padding: 5px; text-align: right; vertical-align: top; word-break: normal; border: 1px solid; width: 57.550336%;\">Mitat<\/td>\n<td style=\"font-family: inherit; font-size: 14px; overflow: hidden; padding: 5px; text-align: center; vertical-align: top; word-break: normal; border: 1px solid; width: 42.281879%;\">105x58x120cm<\/td>\n<\/tr>\n<tr>\n<td style=\"background-color: #e4e1e1; color: #333333; font-family: inherit; font-size: 14px; font-weight: bold; overflow: hidden; padding: 5px; text-align: right; vertical-align: top; word-break: normal; border: 1px solid; width: 57.550336%;\">Paino<\/td>\n<td style=\"font-family: inherit; font-size: 14px; overflow: hidden; padding: 5px; text-align: center; vertical-align: top; word-break: normal; border: 1px solid; width: 42.281879%;\">35kg<\/td>\n<\/tr>\n<\/tbody>\n<\/table>\n","protected":false},"excerpt":{"rendered":"<p style=\"caret-color: #000000; color: #000000;\"><strong>Huom:\u00a0<\/strong>Nanrobot D6+ -malli on loppunut varastosta Nanrobot<a href=\"http:\/\/www.xn--tuksimaailm-ffb.ee\/shop\/nanrobot-n6-elektritoukeratas\/\"><strong>N6<\/strong><\/a>\u00a0-mallin sijaan<strong>.<\/strong><\/p>\n","protected":false},"featured_media":23481,"template":"","meta":[],"product_brand":[],"product_cat":[926],"product_tag":[],"filter_elektritoukeratas":[],"class_list":{"0":"post-50675","1":"product","2":"type-product","3":"status-publish","4":"has-post-thumbnail","6":"product_cat-sahkopotkulaudat-fi","7":"product_shipping_class-keskmine-pakk-fi","8":"pa_aku-mahutavus-wh-1352-fi","9":"pa_kaal-kg-35-fi","10":"pa_kandevoime-kg-150-fi","11":"pa_labisoit-arvutuslik-km-90-fi","12":"pa_mootorite-arv-kahdella-moottorilla","13":"pa_piiramata-tippkiirus-kmh-65-fi","14":"pa_tootetuup-elektritoukeratas-fi","15":"pa_valmistaja-nanrobot-fi","16":"pa_voimsus-w-1000-fi","18":"first","19":"outofstock","20":"taxable","21":"shipping-taxable","22":"purchasable","23":"product-type-simple"},"yoast_head":"<!-- This site is optimized with the Yoast SEO Premium plugin v26.8 (Yoast SEO v27.5) - https:\/\/yoast.com\/product\/yoast-seo-premium-wordpress\/ -->\n<title>Nanrobot D6+ s\u00e4hk\u00f6potkulauta (EOL) | T\u00f5uksimaailm<\/title>\n<meta name=\"description\" content=\"Nanrobot D6+ elektrit\u00f5ukeratas. Parim elektrit\u00f5ukeratas mugavaks linnas s\u00f5itmiseks, 2x1000W mootoritega elektriline t\u00f5ukeratas.\" \/>\n<meta name=\"robots\" content=\"index, follow, max-snippet:-1, max-image-preview:large, max-video-preview:-1\" \/>\n<link rel=\"canonical\" href=\"https:\/\/www.xn--tuksimaailm-ffb.ee\/fi\/shop\/nanrobot-d6-sahkopotkulauta-eol\/\" \/>\n<meta property=\"og:locale\" content=\"fi_FI\" \/>\n<meta property=\"og:type\" content=\"article\" \/>\n<meta property=\"og:title\" content=\"Nanrobot D6+ s\u00e4hk\u00f6potkulauta (EOL)\" \/>\n<meta property=\"og:description\" content=\"Nanrobot D6+ elektrit\u00f5ukeratas. Parim elektrit\u00f5ukeratas mugavaks linnas s\u00f5itmiseks, 2x1000W mootoritega elektriline t\u00f5ukeratas.\" \/>\n<meta property=\"og:url\" content=\"https:\/\/www.xn--tuksimaailm-ffb.ee\/fi\/shop\/nanrobot-d6-sahkopotkulauta-eol\/\" \/>\n<meta property=\"og:site_name\" content=\"T\u00f5uksimaailm\" \/>\n<meta property=\"article:publisher\" content=\"https:\/\/www.facebook.com\/touksimaailm\/\" \/>\n<meta property=\"og:image\" content=\"https:\/\/www.xn--tuksimaailm-ffb.ee\/wp-content\/uploads\/2021\/11\/nanrobot-electric-scooter-d6_2048x.jpg\" \/>\n\t<meta property=\"og:image:width\" content=\"1500\" \/>\n\t<meta property=\"og:image:height\" content=\"1500\" \/>\n\t<meta property=\"og:image:type\" content=\"image\/jpeg\" \/>\n<meta name=\"twitter:card\" content=\"summary_large_image\" \/>\n<meta name=\"twitter:label1\" content=\"Hinta\" \/>\n\t<meta name=\"twitter:data1\" content=\"&euro;1,849.00\" \/>\n\t<meta name=\"twitter:label2\" content=\"Saatavuus\" \/>\n\t<meta name=\"twitter:data2\" content=\"Loppu varastosta\" \/>\n<meta property=\"product:price:amount\" content=\"1849.00\" \/>\n<meta property=\"product:price:currency\" content=\"EUR\" \/>\n<meta property=\"og:availability\" content=\"out of stock\" \/>\n<meta property=\"product:availability\" content=\"out of stock\" \/>\n<meta property=\"product:retailer_item_id\" content=\"Nanrobot_D6\" \/>\n<meta property=\"product:condition\" content=\"new\" \/>\n<!-- \/ Yoast SEO Premium plugin. -->","yoast_head_json":{"title":"Nanrobot D6+ s\u00e4hk\u00f6potkulauta (EOL) | T\u00f5uksimaailm","description":"Nanrobot D6+ elektrit\u00f5ukeratas. Parim elektrit\u00f5ukeratas mugavaks linnas s\u00f5itmiseks, 2x1000W mootoritega elektriline t\u00f5ukeratas.","robots":{"index":"index","follow":"follow","max-snippet":"max-snippet:-1","max-image-preview":"max-image-preview:large","max-video-preview":"max-video-preview:-1"},"canonical":"https:\/\/www.xn--tuksimaailm-ffb.ee\/fi\/shop\/nanrobot-d6-sahkopotkulauta-eol\/","og_locale":"fi_FI","og_type":"article","og_title":"Nanrobot D6+ s\u00e4hk\u00f6potkulauta (EOL)","og_description":"Nanrobot D6+ elektrit\u00f5ukeratas. Parim elektrit\u00f5ukeratas mugavaks linnas s\u00f5itmiseks, 2x1000W mootoritega elektriline t\u00f5ukeratas.","og_url":"https:\/\/www.xn--tuksimaailm-ffb.ee\/fi\/shop\/nanrobot-d6-sahkopotkulauta-eol\/","og_site_name":"T\u00f5uksimaailm","article_publisher":"https:\/\/www.facebook.com\/touksimaailm\/","og_image":[{"width":1500,"height":1500,"url":"https:\/\/www.xn--tuksimaailm-ffb.ee\/wp-content\/uploads\/2021\/11\/nanrobot-electric-scooter-d6_2048x.jpg","type":"image\/jpeg"}],"twitter_card":"summary_large_image","twitter_misc":{"Hinta":"&euro;1,849.00","Saatavuus":"Loppu varastosta"},"schema":{"@context":"https:\/\/schema.org","@graph":[{"@type":"WebPage","@id":"https:\/\/www.xn--tuksimaailm-ffb.ee\/fi\/shop\/nanrobot-d6-sahkopotkulauta-eol\/","url":"https:\/\/www.xn--tuksimaailm-ffb.ee\/fi\/shop\/nanrobot-d6-sahkopotkulauta-eol\/","name":"Nanrobot D6+ s\u00e4hk\u00f6potkulauta (EOL) | T\u00f5uksimaailm","isPartOf":{"@id":"https:\/\/www.xn--tuksimaailm-ffb.ee\/fi\/#website"},"primaryImageOfPage":{"@id":"https:\/\/www.xn--tuksimaailm-ffb.ee\/fi\/shop\/nanrobot-d6-sahkopotkulauta-eol\/#primaryimage"},"image":{"@id":"https:\/\/www.xn--tuksimaailm-ffb.ee\/fi\/shop\/nanrobot-d6-sahkopotkulauta-eol\/#primaryimage"},"thumbnailUrl":"https:\/\/www.xn--tuksimaailm-ffb.ee\/wp-content\/uploads\/2021\/11\/nanrobot-electric-scooter-d6_2048x.jpg","datePublished":"2021-11-06T12:40:48+00:00","description":"Nanrobot D6+ elektrit\u00f5ukeratas. Parim elektrit\u00f5ukeratas mugavaks linnas s\u00f5itmiseks, 2x1000W mootoritega elektriline t\u00f5ukeratas.","breadcrumb":{"@id":"https:\/\/www.xn--tuksimaailm-ffb.ee\/fi\/shop\/nanrobot-d6-sahkopotkulauta-eol\/#breadcrumb"},"inLanguage":"fi","potentialAction":[{"@type":"ReadAction","target":["https:\/\/www.xn--tuksimaailm-ffb.ee\/fi\/shop\/nanrobot-d6-sahkopotkulauta-eol\/"]}]},{"@type":"ImageObject","inLanguage":"fi","@id":"https:\/\/www.xn--tuksimaailm-ffb.ee\/fi\/shop\/nanrobot-d6-sahkopotkulauta-eol\/#primaryimage","url":"https:\/\/www.xn--tuksimaailm-ffb.ee\/wp-content\/uploads\/2021\/11\/nanrobot-electric-scooter-d6_2048x.jpg","contentUrl":"https:\/\/www.xn--tuksimaailm-ffb.ee\/wp-content\/uploads\/2021\/11\/nanrobot-electric-scooter-d6_2048x.jpg","width":1500,"height":1500},{"@type":"BreadcrumbList","@id":"https:\/\/www.xn--tuksimaailm-ffb.ee\/fi\/shop\/nanrobot-d6-sahkopotkulauta-eol\/#breadcrumb","itemListElement":[{"@type":"ListItem","position":1,"name":"Home","item":"https:\/\/www.xn--tuksimaailm-ffb.ee\/fi\/kotisivu\/"},{"@type":"ListItem","position":2,"name":"Kauppa","item":"https:\/\/www.xn--tuksimaailm-ffb.ee\/elektritoukerataste-pood\/"},{"@type":"ListItem","position":3,"name":"Nanrobot D6+ s\u00e4hk\u00f6potkulauta (EOL)"}]},{"@type":"WebSite","@id":"https:\/\/www.xn--tuksimaailm-ffb.ee\/fi\/#website","url":"https:\/\/www.xn--tuksimaailm-ffb.ee\/fi\/","name":"T\u00f5uksimaailm","description":"Elektrit\u00f5ukerataste m\u00fc\u00fck, remont ja rent","publisher":{"@id":"https:\/\/www.xn--tuksimaailm-ffb.ee\/fi\/#organization"},"potentialAction":[{"@type":"SearchAction","target":{"@type":"EntryPoint","urlTemplate":"https:\/\/www.xn--tuksimaailm-ffb.ee\/fi\/?s={search_term_string}"},"query-input":{"@type":"PropertyValueSpecification","valueRequired":true,"valueName":"search_term_string"}}],"inLanguage":"fi"},{"@type":"Organization","@id":"https:\/\/www.xn--tuksimaailm-ffb.ee\/fi\/#organization","name":"T\u00f5uksimaailm","url":"https:\/\/www.xn--tuksimaailm-ffb.ee\/fi\/","logo":{"@type":"ImageObject","inLanguage":"fi","@id":"https:\/\/www.xn--tuksimaailm-ffb.ee\/fi\/#\/schema\/logo\/image\/","url":"https:\/\/www.xn--tuksimaailm-ffb.ee\/wp-content\/uploads\/2020\/01\/logoz-e1579792875517.png","contentUrl":"https:\/\/www.xn--tuksimaailm-ffb.ee\/wp-content\/uploads\/2020\/01\/logoz-e1579792875517.png","width":250,"height":250,"caption":"T\u00f5uksimaailm"},"image":{"@id":"https:\/\/www.xn--tuksimaailm-ffb.ee\/fi\/#\/schema\/logo\/image\/"},"sameAs":["https:\/\/www.facebook.com\/touksimaailm\/","https:\/\/www.instagram.com\/touksimaailm_\/","https:\/\/www.youtube.com\/channel\/UC18ml0EKIDLP1xGuQjFzcXQ"]}]},"product_price_amount":"1849.00","product_price_currency":"EUR","og_availability":"out of stock","product_availability":"out of stock","product_retailer_item_id":"Nanrobot_D6","product_condition":"new"},"jetpack_sharing_enabled":true,"_links":{"self":[{"href":"https:\/\/www.xn--tuksimaailm-ffb.ee\/fi\/wp-json\/wp\/v2\/product\/50675","targetHints":{"allow":["GET"]}}],"collection":[{"href":"https:\/\/www.xn--tuksimaailm-ffb.ee\/fi\/wp-json\/wp\/v2\/product"}],"about":[{"href":"https:\/\/www.xn--tuksimaailm-ffb.ee\/fi\/wp-json\/wp\/v2\/types\/product"}],"wp:featuredmedia":[{"embeddable":true,"href":"https:\/\/www.xn--tuksimaailm-ffb.ee\/fi\/wp-json\/wp\/v2\/media\/23481"}],"wp:attachment":[{"href":"https:\/\/www.xn--tuksimaailm-ffb.ee\/fi\/wp-json\/wp\/v2\/media?parent=50675"}],"wp:term":[{"taxonomy":"product_brand","embeddable":true,"href":"https:\/\/www.xn--tuksimaailm-ffb.ee\/fi\/wp-json\/wp\/v2\/product_brand?post=50675"},{"taxonomy":"product_cat","embeddable":true,"href":"https:\/\/www.xn--tuksimaailm-ffb.ee\/fi\/wp-json\/wp\/v2\/product_cat?post=50675"},{"taxonomy":"product_tag","embeddable":true,"href":"https:\/\/www.xn--tuksimaailm-ffb.ee\/fi\/wp-json\/wp\/v2\/product_tag?post=50675"},{"taxonomy":"filter_elektritoukeratas","embeddable":true,"href":"https:\/\/www.xn--tuksimaailm-ffb.ee\/fi\/wp-json\/wp\/v2\/filter_elektritoukeratas?post=50675"}],"curies":[{"name":"wp","href":"https:\/\/api.w.org\/{rel}","templated":true}]}}