{"id":50676,"date":"2021-11-06T14:05:43","date_gmt":"2021-11-06T11:05:43","guid":{"rendered":"http:\/\/www.xn--tuksimaailm-ffb.ee\/shop\/nanrobot-ls7-sahkopotkulauta-eol\/"},"modified":"2021-11-06T14:05:43","modified_gmt":"2021-11-06T11:05:43","slug":"nanrobot-ls7-sahkopotkulauta-eol","status":"publish","type":"product","link":"https:\/\/www.xn--tuksimaailm-ffb.ee\/fi\/shop\/nanrobot-ls7-sahkopotkulauta-eol\/","title":{"rendered":"Nanrobot LS7 s\u00e4hk\u00f6potkulauta (EOL)"},"content":{"rendered":"<h2 style=\"text-align: center;\">NANROBOT LS7 S\u00c4HK\u00d6POTKULAUTA - TUOTEKUVAUS<\/h2>\n<p style=\"caret-color: #000000; color: #000000;\">Nanrobot LS7 -s\u00e4hk\u00f6skootteri on turvallisuuden huippuluokkaa. Skootterissa on NUTT-hydraulinen levyjarruj\u00e4rjestelm\u00e4, joka on paitsi luotettava, my\u00f6s parhaimman tuntuinen. S\u00e4hk\u00f6skootteri on varustettu 11-tuumaisilla pneumaattisilla maastorenkailla, jotka kest\u00e4v\u00e4t kuoppia ja iskuja ja selviytyv\u00e4t maastossa erinomaisesti. Etsitp\u00e4 sitten mukavaa ja tyylik\u00e4st\u00e4 kyyti\u00e4 kaupungilla, ty\u00f6matkalle tai mets\u00e4poluille, LS7 on varmasti juuri sinulle sopiva s\u00e4hk\u00f6skootteri. P\u00e4ivitt\u00e4inen ajelu Nanrobot LS7 -s\u00e4hk\u00f6skootterilla on j\u00e4nnitt\u00e4v\u00e4 seikkailu. S\u00e4hk\u00f6potkulauta on varustettu kahdella 500W\u00a0<a href=\"https:\/\/et.wikipedia.org\/wiki\/Harjavaba_alalisvoolumootor\">BLDC-moottorilla<\/a>, jotka tuottavat yhteens\u00e4 1000W tehon. S\u00e4hk\u00f6skootterin 60V \/ 25Ah kapasiteetin akun avulla voit ajaa jopa 60km yhdell\u00e4 latauksella.<\/p>\n<p><iframe title=\"Nanrobot LS7 Review | INSANE 50MPH Electric Scooter\" width=\"1082\" height=\"609\" src=\"https:\/\/www.youtube.com\/embed\/G2Lg3ew-pic?feature=oembed\" frameborder=\"0\" allow=\"accelerometer; autoplay; clipboard-write; encrypted-media; gyroscope; picture-in-picture; web-share\" referrerpolicy=\"strict-origin-when-cross-origin\" allowfullscreen><\/iframe><\/p>\n<h2 style=\"text-align: center;\">ENSILUOKKAINEN AJONEUVOLAATU<\/h2>\n<p style=\"caret-color: #000000; color: #000000;\">Ep\u00e4vakaa ja huonolaatuinen ajoneuvo voi olla vaarallinen, kun nopeus on 25 km\/h. Siksi LS7 on rakennettu laadukkaista komponenteista ja varusteista, jotka takaavat tasaisen ja vakaan ajon my\u00f6s suurilla nopeuksilla! S\u00e4hk\u00f6mopossa on edistykselliset iskunvaimentimet, kumiholkkiin perustuva C-tyypin jousitusj\u00e4rjestelm\u00e4 ja tukevat 11-tuumaiset maastorenkaat, jotka tekev\u00e4t ajamisesta turvallista my\u00f6s ep\u00e4tasaisilla teill\u00e4 ja maastossa. LS7 on yksi tyylikk\u00e4immist\u00e4 ja j\u00e4nnitt\u00e4vimmist\u00e4 tavoista liikkua kaupungissa ja maastossa. Suosittelemme vahvasti\u00a0<a href=\"http:\/\/www.xn--tuksimaailm-ffb.ee\/tootesilt\/elektritoukeratta-kiivrid\/\">kyp\u00e4r\u00e4n<\/a>\u00a0k\u00e4ytt\u00e4mist\u00e4 s\u00e4hk\u00f6skootterilla (erityisesti tehokkaalla s\u00e4hk\u00f6skootterilla) ajettaessa.<\/p>\n<p style=\"caret-color: #000000; color: #000000;\">Satulat eiv\u00e4t sis\u00e4lly toimitukseen, ja ne voi\u00a0<a href=\"http:\/\/www.xn--tuksimaailm-ffb.ee\/shop\/sadul-elekteritoukerattale-nanrobot\/\">ostaa<\/a>\u00a0erikseen.<\/p>\n<p style=\"caret-color: #000000; color: #000000;\"><strong>Nanrobot LS7 -s\u00e4hk\u00f6skootteri on Viron liikennelain mukainen katulaillinen kevytskootteri, jonka valmistajan teho on 1000W ja valmistajan nopeus 25km\/h.<\/strong>\u00a0<strong>HUOM: Jos k\u00e4ytt\u00e4j\u00e4 on itsen\u00e4isesti muuttanut s\u00e4hk\u00f6potkulautaa nopeammaksi tai tehokkaammaksi kuin edell\u00e4 mainitut parametrit, T\u00f5uksimaailm ei ole vastuussa lain rikkomisesta aiheutuvista sakoista, s\u00e4hk\u00f6potkulautan takavarikoimisesta poliisin toimesta tai mist\u00e4\u00e4n muustakaan rikkomisesta aiheutuneesta vahingosta.<\/strong><\/p>\n<table class=\"tg\" style=\"border-collapse: collapse; max-width: 600px; border-spacing: 0; margin: 0px auto;\">\n<tbody>\n<tr>\n<td style=\"background-color: #e4e1e1; color: #333333; font-family: inherit; font-size: 14px; font-weight: bold; overflow: hidden; padding: 5px 5px; text-align: center; vertical-align: top; word-break: normal; border: 1px solid;\" colspan=\"2\">Tekniset tiedot<\/td>\n<\/tr>\n<tr>\n<td style=\"background-color: #e4e1e1; color: #333333; font-family: inherit; font-size: 14px; font-weight: bold; overflow: hidden; padding: 5px 5px; text-align: right; vertical-align: top; word-break: normal; border: 1px solid;\"><strong style=\"caret-color: #000000; color: #000000; text-align: start; font-family: inherit;\">Ajomatka yhdell\u00e4 latauksella, Valmistajan ilmoittama<\/strong><br \/><strong style=\"caret-color: #000000; color: #000000; text-align: start; font-family: inherit;\">Arvioitu ajomatka yhdell\u00e4 latauksella<\/strong><\/td>\n<td style=\"font-family: inherit; font-size: 14px; overflow: hidden; padding: 5px 5px; text-align: center; vertical-align: top; word-break: normal; border: 1px solid;\">60km<\/p>\n<p>100km (25km\/h, 70kg kuljettaja, 15Wh\/km)<\/td>\n<\/tr>\n<tr>\n<td style=\"background-color: #e4e1e1; color: #333333; font-family: inherit; font-size: 14px; font-weight: bold; overflow: hidden; padding: 5px 5px; text-align: right; vertical-align: top; word-break: normal; border: 1px solid;\">Moottorit<\/td>\n<td style=\"font-family: inherit; font-size: 14px; overflow: hidden; padding: 5px 5px; text-align: center; vertical-align: top; word-break: normal; border: 1px solid;\">1000W<\/td>\n<\/tr>\n<tr>\n<td style=\"background-color: #e4e1e1; color: #333333; font-family: inherit; font-size: 14px; font-weight: bold; overflow: hidden; padding: 5px 5px; text-align: right; vertical-align: top; word-break: normal; border: 1px solid;\">Tuotantonopeus<\/td>\n<td style=\"font-family: inherit; font-size: 14px; overflow: hidden; padding: 5px 5px; text-align: center; vertical-align: top; word-break: normal; border: 1px solid;\">25km\/h<\/td>\n<\/tr>\n<tr>\n<td style=\"background-color: #e4e1e1; color: #333333; font-family: inherit; font-size: 14px; font-weight: bold; overflow: hidden; padding: 5px 5px; text-align: right; vertical-align: top; word-break: normal; border: 1px solid;\"><strong style=\"caret-color: #000000; color: #000000; text-align: start; font-family: inherit;\">Muutettu nopeus virityksen j\u00e4lkeen<\/strong><\/td>\n<td style=\"font-family: inherit; font-size: 14px; overflow: hidden; padding: 5px 5px; text-align: center; vertical-align: top; word-break: normal; border: 1px solid;\">25km\/h<\/td>\n<\/tr>\n<tr>\n<td style=\"background-color: #e4e1e1; color: #333333; font-family: inherit; font-size: 14px; font-weight: bold; overflow: hidden; padding: 5px 5px; text-align: right; vertical-align: top; word-break: normal; border: 1px solid;\">Akku<\/td>\n<td style=\"font-family: inherit; font-size: 14px; overflow: hidden; padding: 5px 5px; text-align: center; vertical-align: top; word-break: normal; border: 1px solid;\">Li-Ion 60V \/ 25Ah \/ 1500Wh<\/td>\n<\/tr>\n<tr>\n<td style=\"background-color: #e4e1e1; color: #333333; font-family: inherit; font-size: 14px; font-weight: bold; overflow: hidden; padding: 5px 5px; text-align: right; vertical-align: top; word-break: normal; border: 1px solid;\"><strong style=\"caret-color: #000000; color: #000000; text-align: start; font-family: inherit;\">Renkaan\/py\u00f6r\u00e4n l\u00e4pimitta<\/strong><\/td>\n<td style=\"font-family: inherit; font-size: 14px; overflow: hidden; padding: 5px 5px; text-align: center; vertical-align: top; word-break: normal; border: 1px solid;\">28cm<\/td>\n<\/tr>\n<tr>\n<td style=\"background-color: #e4e1e1; color: #333333; font-family: inherit; font-size: 14px; font-weight: bold; overflow: hidden; padding: 5px 5px; text-align: right; vertical-align: top; word-break: normal; border: 1px solid;\">Painorajoitus<\/td>\n<td style=\"font-family: inherit; font-size: 14px; overflow: hidden; padding: 5px 5px; text-align: center; vertical-align: top; word-break: normal; border: 1px solid;\">170kg<\/td>\n<\/tr>\n<tr>\n<td style=\"background-color: #e4e1e1; color: #333333; font-family: inherit; font-size: 14px; font-weight: bold; overflow: hidden; padding: 5px 5px; text-align: right; vertical-align: top; word-break: normal; border: 1px solid;\">Jarrut<\/td>\n<td style=\"font-family: inherit; font-size: 14px; overflow: hidden; padding: 5px 5px; text-align: center; vertical-align: top; word-break: normal; border: 1px solid;\">NUTT hydraulinen levyjarru edess\u00e4 ja takana<\/td>\n<\/tr>\n<tr>\n<td style=\"background-color: #e4e1e1; color: #333333; font-family: inherit; font-size: 14px; font-weight: bold; overflow: hidden; padding: 5px 5px; text-align: right; vertical-align: top; word-break: normal; border: 1px solid;\">Renkaat<\/td>\n<td style=\"font-family: inherit; font-size: 14px; overflow: hidden; padding: 5px 5px; text-align: center; vertical-align: top; word-break: normal; border: 1px solid;\">11 tuuman maastorenkaat edess\u00e4 ja takana<\/td>\n<\/tr>\n<tr>\n<td style=\"background-color: #e4e1e1; color: #333333; font-family: inherit; font-size: 14px; font-weight: bold; overflow: hidden; padding: 5px 5px; text-align: right; vertical-align: top; word-break: normal; border: 1px solid;\">Jousitus<\/td>\n<td style=\"font-family: inherit; font-size: 14px; overflow: hidden; padding: 5px 5px; text-align: center; vertical-align: top; word-break: normal; border: 1px solid;\">Kumiholkkiin perustuva C-tyypin etu- ja takajousitus<\/td>\n<\/tr>\n<tr>\n<td style=\"background-color: #e4e1e1; color: #333333; font-family: inherit; font-size: 14px; font-weight: bold; overflow: hidden; padding: 5px 5px; text-align: right; vertical-align: top; word-break: normal; border: 1px solid;\">Valot<\/td>\n<td style=\"font-family: inherit; font-size: 14px; overflow: hidden; padding: 5px 5px; text-align: center; vertical-align: top; word-break: normal; border: 1px solid;\">LED etu- ja takavalot<\/td>\n<\/tr>\n<tr>\n<td style=\"background-color: #e4e1e1; color: #333333; font-family: inherit; font-size: 14px; font-weight: bold; overflow: hidden; padding: 5px 5px; text-align: right; vertical-align: top; word-break: normal; border: 1px solid;\">Laturi<\/td>\n<td style=\"font-family: inherit; font-size: 14px; overflow: hidden; padding: 5px 5px; text-align: center; vertical-align: top; word-break: normal; border: 1px solid;\">Smart Li-Ion -laturi<\/td>\n<\/tr>\n<tr>\n<td style=\"background-color: #e4e1e1; color: #333333; font-family: inherit; font-size: 14px; font-weight: bold; overflow: hidden; padding: 5px 5px; text-align: right; vertical-align: top; word-break: normal; border: 1px solid;\">Latausaika<\/td>\n<td style=\"font-family: inherit; font-size: 14px; overflow: hidden; padding: 5px 5px; text-align: center; vertical-align: top; word-break: normal; border: 1px solid;\">8-12 tunti<\/td>\n<\/tr>\n<tr>\n<td style=\"background-color: #e4e1e1; color: #333333; font-family: inherit; font-size: 14px; font-weight: bold; overflow: hidden; padding: 5px 5px; text-align: right; vertical-align: top; word-break: normal; border: 1px solid;\">S\u00e4hk\u00f6potkulauta mitat (kokoontaitettuna<\/td>\n<td style=\"font-family: inherit; font-size: 14px; overflow: hidden; padding: 5px 5px; text-align: center; vertical-align: top; word-break: normal; border: 1px solid;\">122x38x130cm<\/td>\n<\/tr>\n<tr>\n<td style=\"background-color: #e4e1e1; color: #333333; font-family: inherit; font-size: 14px; font-weight: bold; overflow: hidden; padding: 5px 5px; text-align: right; vertical-align: top; word-break: normal; border: 1px solid;\">Paino<\/td>\n<td style=\"font-family: inherit; font-size: 14px; overflow: hidden; padding: 5px 5px; text-align: center; vertical-align: top; word-break: normal; border: 1px solid;\">45KG<\/td>\n<\/tr>\n<\/tbody>\n<\/table>\n","protected":false},"excerpt":{"rendered":"<p style=\"caret-color: #000000; color: #000000;\"><strong>Huom:<\/strong>\u00a0Nanrobot LS7 -s\u00e4hk\u00f6skootteri on pysyv\u00e4sti loppunut varastosta ja tuotannosta -\u00a0<a href=\"http:\/\/www.xn--tuksimaailm-ffb.ee\/shop\/nanrobot-ls7-elektritoukeratas\/\"><strong>korvaava tuote saatavilla<\/strong><\/a>.<\/p>\n","protected":false},"featured_media":23465,"template":"","meta":[],"product_brand":[],"product_cat":[926],"product_tag":[],"filter_elektritoukeratas":[],"class_list":{"0":"post-50676","1":"product","2":"type-product","3":"status-publish","4":"has-post-thumbnail","6":"product_cat-sahkopotkulaudat-fi","7":"product_shipping_class-keskmine-pakk-fi","8":"pa_aku-mahutavus-wh-1500-fi","9":"pa_kaal-kg-45-fi","10":"pa_kandevoime-kg-170-fi","11":"pa_labisoit-arvutuslik-km-100-fi","12":"pa_mootorite-arv-kahdella-moottorilla","13":"pa_piiramata-tippkiirus-kmh-25-fi","14":"pa_tootetuup-elektritoukeratas-fi","15":"pa_valmistaja-nanrobot-fi","16":"pa_voimsus-w-1000-fi","18":"first","19":"outofstock","20":"taxable","21":"shipping-taxable","22":"purchasable","23":"product-type-simple"},"yoast_head":"<!-- This site is optimized with the Yoast SEO Premium plugin v26.8 (Yoast SEO v27.3) - https:\/\/yoast.com\/product\/yoast-seo-premium-wordpress\/ -->\n<title>Nanrobot LS7 s\u00e4hk\u00f6potkulauta (EOL) | Mugav | T\u00f5uksimaailm<\/title>\n<meta name=\"description\" content=\"Nanrobot LS7 elektrit\u00f5ukeratas. V\u00f5imas, mugava vedrustusega ja turvaline, 1000W mootoritega elektriline t\u00f5ukeratas maastikule. Nanrobot elektrit\u00f5ukerattad.\" \/>\n<meta name=\"robots\" content=\"index, follow, max-snippet:-1, max-image-preview:large, max-video-preview:-1\" \/>\n<link rel=\"canonical\" href=\"https:\/\/www.xn--tuksimaailm-ffb.ee\/fi\/shop\/nanrobot-ls7-sahkopotkulauta-eol\/\" \/>\n<meta property=\"og:locale\" content=\"fi_FI\" \/>\n<meta property=\"og:type\" content=\"article\" \/>\n<meta property=\"og:title\" content=\"Nanrobot LS7 s\u00e4hk\u00f6potkulauta (EOL)\" \/>\n<meta property=\"og:description\" content=\"Nanrobot LS7 elektrit\u00f5ukeratas. V\u00f5imas, mugava vedrustusega ja turvaline, 1000W mootoritega elektriline t\u00f5ukeratas maastikule. Nanrobot elektrit\u00f5ukerattad.\" \/>\n<meta property=\"og:url\" content=\"https:\/\/www.xn--tuksimaailm-ffb.ee\/fi\/shop\/nanrobot-ls7-sahkopotkulauta-eol\/\" \/>\n<meta property=\"og:site_name\" content=\"T\u00f5uksimaailm\" \/>\n<meta property=\"article:publisher\" content=\"https:\/\/www.facebook.com\/touksimaailm\/\" \/>\n<meta property=\"og:image\" content=\"https:\/\/www.xn--tuksimaailm-ffb.ee\/wp-content\/uploads\/2021\/11\/LS7_2048x.jpg\" \/>\n\t<meta property=\"og:image:width\" content=\"1500\" \/>\n\t<meta property=\"og:image:height\" content=\"1500\" \/>\n\t<meta property=\"og:image:type\" content=\"image\/jpeg\" \/>\n<meta name=\"twitter:card\" content=\"summary_large_image\" \/>\n<meta name=\"twitter:label1\" content=\"Hinta\" \/>\n\t<meta name=\"twitter:data1\" content=\"&euro;2,434.00\" \/>\n\t<meta name=\"twitter:label2\" content=\"Saatavuus\" \/>\n\t<meta name=\"twitter:data2\" content=\"Loppu varastosta\" \/>\n<meta property=\"product:price:amount\" content=\"2434.00\" \/>\n<meta property=\"product:price:currency\" content=\"EUR\" \/>\n<meta property=\"og:availability\" content=\"out of stock\" \/>\n<meta property=\"product:availability\" content=\"out of stock\" \/>\n<meta property=\"product:retailer_item_id\" content=\"Nanrobot_LS7\" \/>\n<meta property=\"product:condition\" content=\"new\" \/>\n<!-- \/ Yoast SEO Premium plugin. -->","yoast_head_json":{"title":"Nanrobot LS7 s\u00e4hk\u00f6potkulauta (EOL) | Mugav | T\u00f5uksimaailm","description":"Nanrobot LS7 elektrit\u00f5ukeratas. V\u00f5imas, mugava vedrustusega ja turvaline, 1000W mootoritega elektriline t\u00f5ukeratas maastikule. Nanrobot elektrit\u00f5ukerattad.","robots":{"index":"index","follow":"follow","max-snippet":"max-snippet:-1","max-image-preview":"max-image-preview:large","max-video-preview":"max-video-preview:-1"},"canonical":"https:\/\/www.xn--tuksimaailm-ffb.ee\/fi\/shop\/nanrobot-ls7-sahkopotkulauta-eol\/","og_locale":"fi_FI","og_type":"article","og_title":"Nanrobot LS7 s\u00e4hk\u00f6potkulauta (EOL)","og_description":"Nanrobot LS7 elektrit\u00f5ukeratas. V\u00f5imas, mugava vedrustusega ja turvaline, 1000W mootoritega elektriline t\u00f5ukeratas maastikule. Nanrobot elektrit\u00f5ukerattad.","og_url":"https:\/\/www.xn--tuksimaailm-ffb.ee\/fi\/shop\/nanrobot-ls7-sahkopotkulauta-eol\/","og_site_name":"T\u00f5uksimaailm","article_publisher":"https:\/\/www.facebook.com\/touksimaailm\/","og_image":[{"width":1500,"height":1500,"url":"https:\/\/www.xn--tuksimaailm-ffb.ee\/wp-content\/uploads\/2021\/11\/LS7_2048x.jpg","type":"image\/jpeg"}],"twitter_card":"summary_large_image","twitter_misc":{"Hinta":"&euro;2,434.00","Saatavuus":"Loppu varastosta"},"schema":{"@context":"https:\/\/schema.org","@graph":[{"@type":"WebPage","@id":"https:\/\/www.xn--tuksimaailm-ffb.ee\/fi\/shop\/nanrobot-ls7-sahkopotkulauta-eol\/","url":"https:\/\/www.xn--tuksimaailm-ffb.ee\/fi\/shop\/nanrobot-ls7-sahkopotkulauta-eol\/","name":"Nanrobot LS7 s\u00e4hk\u00f6potkulauta (EOL) | Mugav | T\u00f5uksimaailm","isPartOf":{"@id":"https:\/\/www.xn--tuksimaailm-ffb.ee\/fi\/#website"},"primaryImageOfPage":{"@id":"https:\/\/www.xn--tuksimaailm-ffb.ee\/fi\/shop\/nanrobot-ls7-sahkopotkulauta-eol\/#primaryimage"},"image":{"@id":"https:\/\/www.xn--tuksimaailm-ffb.ee\/fi\/shop\/nanrobot-ls7-sahkopotkulauta-eol\/#primaryimage"},"thumbnailUrl":"https:\/\/www.xn--tuksimaailm-ffb.ee\/wp-content\/uploads\/2021\/11\/LS7_2048x.jpg","datePublished":"2021-11-06T11:05:43+00:00","description":"Nanrobot LS7 elektrit\u00f5ukeratas. V\u00f5imas, mugava vedrustusega ja turvaline, 1000W mootoritega elektriline t\u00f5ukeratas maastikule. Nanrobot elektrit\u00f5ukerattad.","breadcrumb":{"@id":"https:\/\/www.xn--tuksimaailm-ffb.ee\/fi\/shop\/nanrobot-ls7-sahkopotkulauta-eol\/#breadcrumb"},"inLanguage":"fi","potentialAction":[{"@type":"ReadAction","target":["https:\/\/www.xn--tuksimaailm-ffb.ee\/fi\/shop\/nanrobot-ls7-sahkopotkulauta-eol\/"]}]},{"@type":"ImageObject","inLanguage":"fi","@id":"https:\/\/www.xn--tuksimaailm-ffb.ee\/fi\/shop\/nanrobot-ls7-sahkopotkulauta-eol\/#primaryimage","url":"https:\/\/www.xn--tuksimaailm-ffb.ee\/wp-content\/uploads\/2021\/11\/LS7_2048x.jpg","contentUrl":"https:\/\/www.xn--tuksimaailm-ffb.ee\/wp-content\/uploads\/2021\/11\/LS7_2048x.jpg","width":1500,"height":1500},{"@type":"BreadcrumbList","@id":"https:\/\/www.xn--tuksimaailm-ffb.ee\/fi\/shop\/nanrobot-ls7-sahkopotkulauta-eol\/#breadcrumb","itemListElement":[{"@type":"ListItem","position":1,"name":"Home","item":"https:\/\/www.xn--tuksimaailm-ffb.ee\/fi\/kotisivu\/"},{"@type":"ListItem","position":2,"name":"Kauppa","item":"https:\/\/www.xn--tuksimaailm-ffb.ee\/elektritoukerataste-pood\/"},{"@type":"ListItem","position":3,"name":"Nanrobot LS7 s\u00e4hk\u00f6potkulauta (EOL)"}]},{"@type":"WebSite","@id":"https:\/\/www.xn--tuksimaailm-ffb.ee\/fi\/#website","url":"https:\/\/www.xn--tuksimaailm-ffb.ee\/fi\/","name":"T\u00f5uksimaailm","description":"Elektrit\u00f5ukerataste m\u00fc\u00fck, remont ja rent","publisher":{"@id":"https:\/\/www.xn--tuksimaailm-ffb.ee\/fi\/#organization"},"potentialAction":[{"@type":"SearchAction","target":{"@type":"EntryPoint","urlTemplate":"https:\/\/www.xn--tuksimaailm-ffb.ee\/fi\/?s={search_term_string}"},"query-input":{"@type":"PropertyValueSpecification","valueRequired":true,"valueName":"search_term_string"}}],"inLanguage":"fi"},{"@type":"Organization","@id":"https:\/\/www.xn--tuksimaailm-ffb.ee\/fi\/#organization","name":"T\u00f5uksimaailm","url":"https:\/\/www.xn--tuksimaailm-ffb.ee\/fi\/","logo":{"@type":"ImageObject","inLanguage":"fi","@id":"https:\/\/www.xn--tuksimaailm-ffb.ee\/fi\/#\/schema\/logo\/image\/","url":"https:\/\/www.xn--tuksimaailm-ffb.ee\/wp-content\/uploads\/2020\/01\/logoz-e1579792875517.png","contentUrl":"https:\/\/www.xn--tuksimaailm-ffb.ee\/wp-content\/uploads\/2020\/01\/logoz-e1579792875517.png","width":250,"height":250,"caption":"T\u00f5uksimaailm"},"image":{"@id":"https:\/\/www.xn--tuksimaailm-ffb.ee\/fi\/#\/schema\/logo\/image\/"},"sameAs":["https:\/\/www.facebook.com\/touksimaailm\/","https:\/\/www.instagram.com\/touksimaailm_\/","https:\/\/www.youtube.com\/channel\/UC18ml0EKIDLP1xGuQjFzcXQ"]}]},"product_price_amount":"2434.00","product_price_currency":"EUR","og_availability":"out of stock","product_availability":"out of stock","product_retailer_item_id":"Nanrobot_LS7","product_condition":"new"},"jetpack_sharing_enabled":true,"_links":{"self":[{"href":"https:\/\/www.xn--tuksimaailm-ffb.ee\/fi\/wp-json\/wp\/v2\/product\/50676","targetHints":{"allow":["GET"]}}],"collection":[{"href":"https:\/\/www.xn--tuksimaailm-ffb.ee\/fi\/wp-json\/wp\/v2\/product"}],"about":[{"href":"https:\/\/www.xn--tuksimaailm-ffb.ee\/fi\/wp-json\/wp\/v2\/types\/product"}],"wp:featuredmedia":[{"embeddable":true,"href":"https:\/\/www.xn--tuksimaailm-ffb.ee\/fi\/wp-json\/wp\/v2\/media\/23465"}],"wp:attachment":[{"href":"https:\/\/www.xn--tuksimaailm-ffb.ee\/fi\/wp-json\/wp\/v2\/media?parent=50676"}],"wp:term":[{"taxonomy":"product_brand","embeddable":true,"href":"https:\/\/www.xn--tuksimaailm-ffb.ee\/fi\/wp-json\/wp\/v2\/product_brand?post=50676"},{"taxonomy":"product_cat","embeddable":true,"href":"https:\/\/www.xn--tuksimaailm-ffb.ee\/fi\/wp-json\/wp\/v2\/product_cat?post=50676"},{"taxonomy":"product_tag","embeddable":true,"href":"https:\/\/www.xn--tuksimaailm-ffb.ee\/fi\/wp-json\/wp\/v2\/product_tag?post=50676"},{"taxonomy":"filter_elektritoukeratas","embeddable":true,"href":"https:\/\/www.xn--tuksimaailm-ffb.ee\/fi\/wp-json\/wp\/v2\/filter_elektritoukeratas?post=50676"}],"curies":[{"name":"wp","href":"https:\/\/api.w.org\/{rel}","templated":true}]}}