{"id":50752,"date":"2021-05-16T18:10:51","date_gmt":"2021-05-16T18:10:51","guid":{"rendered":"http:\/\/www.xn--tuksimaailm-ffb.ee\/shop\/kaabo-wolf-warrior-11-sahkopotkulauta\/"},"modified":"2021-05-16T18:10:51","modified_gmt":"2021-05-16T15:10:51","slug":"kaabo-wolf-warrior-11-sahkopotkulauta","status":"publish","type":"product","link":"https:\/\/www.xn--tuksimaailm-ffb.ee\/fi\/shop\/kaabo-wolf-warrior-11-sahkopotkulauta\/","title":{"rendered":"Kaabo Wolf Warrior 11+ s\u00e4hk\u00f6potkulauta"},"content":{"rendered":"<h2 style=\"text-align: center;\">KAABO WOLF WARRIOR 11+ S\u00c4HK\u00d6POTKULAUTA - TUOTEKUVAUS<\/h2>\n<p style=\"caret-color: #000000; color: #000000;\">Kaabo Wolf Warrior 11+ on edullisempi ja hieman \u201dvaatimattomampi\u201d versio Kaabon tarkimmasta s\u00e4hk\u00f6skootterista,<a href=\"http:\/\/www.xn--tuksimaailm-ffb.ee\/shop\/kaabo-wolf-king-elektritoukeratas\/\">Wolf King+<\/a>. T\u00e4m\u00e4 s\u00e4hk\u00f6skootteri on kuin moottoripy\u00f6r\u00e4, jolla ajetaan istumisen sijaan seisaaltaan, ja se mahtuu my\u00f6s hieman suurempaan farmariautoon. Mahtava Kaabo Wolf Warrior 11+ -s\u00e4hk\u00f6skootteri on poikkeuksellisen laadukas, hyvin varusteltu ja kest\u00e4v\u00e4 s\u00e4hk\u00f6skootteri. Hydraulisilla levyjarruilla, leve\u00e4ll\u00e4 ohjaustangolla ja -laudalla sek\u00e4 maasto-olosuhteisiin suunnitellulla hydraulisella jousituksella varustettu Kaabo-s\u00e4hk\u00f6skootteri on valmis ottamaan vastaan kaikki maastot ja olosuhteet.<\/p>\n<p style=\"caret-color: #000000; color: #000000;\">Wolf Warrior 11+ -s\u00e4hk\u00f6skootterissa on kaksi moottoria, joiden nimellisteho on\u00a0<strong>500 W<\/strong>\u00a0(huipputeho<strong>\u00a0500 W<\/strong>), jolloin kokonaisteho on\u00a0<strong>1000 W<\/strong>, ja se pystyy saavuttamaan jopa\u00a0<strong>25 km \/ h<\/strong>\u00a0nopeuden muunnetun virityksen j\u00e4lkeen. Kantama on jopa\u00a0<strong>90 km<\/strong>\u00a0<strong>75 kg painavalla<\/strong>\u00a0kuljettajalla Eco-tilassa.<\/p>\n<p>Kaabo on maailmankuulu laadukkaiden s\u00e4hk\u00f6potkulautojen valmistaja, joka yll\u00e4tt\u00e4\u00e4 joka kausi uusilla ja paremmilla malleilla. Uusi Wolf Warrior 11+ on suositun Kaabo Wolf Warrior 11 -s\u00e4hk\u00f6skootterin evoluutio.<\/p>\n<h2 style=\"text-align: center;\">MAASTOK\u00c4YTT\u00d6\u00d6N SUUNNITELTU JOUSITUS<\/h2>\n<p>Kun katsot s\u00e4hk\u00f6potkulautaa ensimm\u00e4isen kerran, silmiinpist\u00e4v\u00e4 on j\u00e4ttikokoinen etummainen hydraulinen iskunvaimennin, joka tarjoaa parhaan mahdollisen ratkaisun ajamiseen vaikeassa maastossa ja vakauden yll\u00e4pit\u00e4miseen suurilla nopeuksilla. \u00a0Takapy\u00f6r\u00e4 on varustettu perinteisemmill\u00e4, mutta eritt\u00e4in luotettavilla jousituskiinnikkeill\u00e4. S\u00e4hk\u00f6skootterin runko on valmistettu eritt\u00e4in kest\u00e4v\u00e4st\u00e4 6082-seosteisesta alumiinista, jota k\u00e4ytet\u00e4\u00e4n siltojen ja nostureiden rakentamisessa, ja s\u00e4hk\u00f6skootterissa on my\u00f6s leve\u00e4 ohjaustanko \/ ohjaustanko, jossa on eritt\u00e4in ohuet, maastopy\u00f6r\u00e4\u00e4 muistuttavat kahvat.<\/p>\n<p style=\"caret-color: #000000; color: #000000;\">Korkean hy\u00f6tysuhteen s\u00e4hk\u00f6moottorit tarjoavat voimakkaan kiihtyvyyden ja saavuttavat\u00a0<strong>25km\/h<\/strong>\u00a0nopeuden hyvin nopeasti, jopa silloin, kun kuljetat raskaita kuormia tai ajat\u00a0<strong>40 asteen<\/strong>\u00a0kaltevuudesta yl\u00f6sp\u00e4in! S\u00e4hk\u00f6skootterin valmistajan sallima kuljettajan enimm\u00e4ispaino on\u00a0<strong>150 kg,<\/strong>\u00a0mik\u00e4 tarkoittaa, ett\u00e4 sen lis\u00e4ksi, ett\u00e4 t\u00e4m\u00e4n s\u00e4hk\u00f6skootterin runko kest\u00e4\u00e4 raskaita kuormia maastossa hyp\u00e4tt\u00e4ess\u00e4. Suuri moottoriteho tarkoittaa my\u00f6s sit\u00e4, ett\u00e4 skootteri ei kamppaile nopeuden s\u00e4ilytt\u00e4miseksi vaikeassa maastossa, jyrkemmiss\u00e4 rinteiss\u00e4 tai paksussa lumessa.<\/p>\n<h2 style=\"text-align: center;\">TEKNINEN KUVAUS<\/h2>\n<p style=\"caret-color: #000000; color: #000000;\">Yhdell\u00e4 latauksella voi ajaa\u00a0<strong>jopa 90 km<\/strong>\u00a0ihanteellisissa olosuhteissa ajotyylist\u00e4 ja painosta riippuen. Kaabo Wolf Warrior 11+ -mallissa on\u00a0<strong>edess\u00e4 ja takana 140 mm:n<\/strong>\u00a0halkaisijaltaan oleva\u00a0<strong>hydraulinen levyjarru<\/strong>, jossa on paljon parempi jarrutustuntuma ja tehokkaampi jarrutusteho verrattuna mekaanisilla levyjarruilla varustettuihin s\u00e4hk\u00f6skoottereihin. Jarrut on my\u00f6s varustettu\u00a0<strong>ABS-j\u00e4rjestelm\u00e4ll\u00e4<\/strong>, joka est\u00e4\u00e4 kaatumiset py\u00f6r\u00e4n lukkiutuessa. Skootteri on varustettu eritt\u00e4in suurikapasiteettisella<strong>\u00a060V\/26000mAh (1560Wh)<\/strong>\u00a0litiumioniakulla (Li-Ion).<\/p>\n<p style=\"caret-color: #000000; color: #000000;\">Akun lataaminen t\u00e4yteen kest\u00e4\u00e4\u00a0<strong>jopa 13 tuntia<\/strong>\u00a0skootterin mukana tulevalla 0-100 %:n laturilla. Pime\u00e4\u00e4 aikaa varten ja jotta py\u00f6r\u00e4ilij\u00e4t n\u00e4kisiv\u00e4t sinut paremmin, skootterissa on sek\u00e4 etu- ett\u00e4\u00a0<strong>takavalot<\/strong>, jotka on asennettu skootterin runkoon. Ensimm\u00e4inen LED-lyhty on kooltaan j\u00e4ttim\u00e4inen, tarpeeksi tehokas ja tehokas valaisemaan tiet\u00e4 jopa pimeimpin\u00e4 marraskuun iltoina. Suuresta painostaan huolimatta skootteri on kokoontaitettava, mik\u00e4 takaa skootterin ansaitseman kompaktiuden. T\u00e4t\u00e4 varten Kaabo on kehitt\u00e4nyt erityisen turvallisen lukitusj\u00e4rjestelm\u00e4n, jossa on useita lukitusmekanismeja, joka ei taivu ja jonka materiaali ei kulu ajan my\u00f6t\u00e4.<\/p>\n<p>Valikoima lis\u00e4varusteita Kaabo Wolf Warrior 11+ -malliin:<\/p>\n<ul>\n<li><a href=\"http:\/\/www.xn--tuksimaailm-ffb.ee\/shop\/vaga-suur-elektritoukeratta-lenksukott-must-8l\/\">Eritt\u00e4in suuri vedenpit\u00e4v\u00e4 linssilaukku<\/a><\/li>\n<li><a href=\"http:\/\/www.xn--tuksimaailm-ffb.ee\/shop\/elektritoukeratta-telefonihoidja-ibera-43-58\/\">Turvallinen puhelimen pidike<\/a><\/li>\n<li><a href=\"http:\/\/www.xn--tuksimaailm-ffb.ee\/shop\/joogitopsi-hoidja-elektritoukeratta-lenksule\/\">Juomakupin pidike linssille<\/a><\/li>\n<li><a href=\"http:\/\/www.xn--tuksimaailm-ffb.ee\/shop\/elektriline-signaal-elektritoukerattale-jalgrattale\/\">S\u00e4hk\u00f6inen merkkikello<\/a><\/li>\n<li><a href=\"http:\/\/www.xn--tuksimaailm-ffb.ee\/shop\/bluetooth-kolar-lenksule-elektritoukerattale-jalgrattale\/\">Bluetooth-kaiutin linssille<\/a><\/li>\n<\/ul>\n<h2 style=\"text-align: center;\">Tule koeajolle meid\u00e4n esittelysse!<\/h2>\n<p style=\"caret-color: #000000; color: #000000;\"><a><strong>Esittelytilassamme<\/strong><\/a>\u00a0voit my\u00f6s ottaa t\u00e4m\u00e4n tehokkaan s\u00e4hk\u00f6potkulaudan<strong>\u00a0koeajoon!<\/strong>\u00a0Suosittelemme, ett\u00e4 k\u00e4yt\u00e4t aina\u00a0<a href=\"http:\/\/www.xn--tuksimaailm-ffb.ee\/shop\/elektrilise-toukeratta-kiiver-led-tagatulega-smart-4u\/\">kyp\u00e4r\u00e4\u00e4<\/a>, kun ajat s\u00e4hk\u00f6skootterilla. Alle 16-vuotiaiden kuljettajien on\u00a0<a href=\"https:\/\/www.riigiteataja.ee\/akt\/113112020001\">lain<\/a>\u00a0mukaan k\u00e4ytett\u00e4v\u00e4 kyp\u00e4r\u00e4\u00e4 s\u00e4hk\u00f6skootterilla ajettaessa. Katso lis\u00e4\u00e4 s\u00e4hk\u00f6skoottereita\u00a0<a href=\"http:\/\/www.xn--tuksimaailm-ffb.ee\/tootekategooria\/elektritoukeratas\/\">t\u00e4\u00e4lt\u00e4<\/a>.<\/p>\n<p style=\"caret-color: #000000; color: #000000;\"><strong>Kaabo Wolf Warrior 11+ -s\u00e4hk\u00f6skootteri on Viron liikennelain mukainen katulaillinen kevytskootteri, jonka valmistajan teho on 1000W ja valmistajan nopeus 25km\/h, kuten alla olevasta tehdastodistuksesta k\u00e4y ilmi.<\/strong><strong>HUOMAA: Todistus ei pelasta sinua lain rikkomiselta ja sakotukselta tai poliisin takavarikoimalta s\u00e4hk\u00f6skootterilta, jos k\u00e4ytt\u00e4j\u00e4 on muuttanut s\u00e4hk\u00f6skootteria suuremman tehon tai huippunopeuden kehitt\u00e4miseksi!<\/strong><\/p>\n<p><a href=\"https:\/\/www.xn--tuksimaailm-ffb.ee\/wp-content\/uploads\/2021\/05\/Kaabo-sertifikaat-252x300.jpg\"><img decoding=\"async\" class=\"alignnone size-medium wp-image-20075 aligncenter\" src=\"https:\/\/www.xn--tuksimaailm-ffb.ee\/wp-content\/uploads\/2021\/05\/Kaabo-sertifikaat-252x300.jpg\" alt=\"elektrit\u00f5ukeratas kaabo wolf warrior 11+ t\u00e4navalegaalsuse sertifikaat\" width=\"620\" height=\"738\" \/><\/a><\/p>\n<table class=\"tg\" style=\"border-collapse: collapse; max-width: 600px; border-spacing: 0; margin: 0px auto;\">\n<tbody>\n<tr>\n<td style=\"background-color: #e4e1e1; color: #333333; font-family: inherit; font-size: 14px; font-weight: bold; overflow: hidden; padding: 5px 5px; text-align: center; vertical-align: top; word-break: normal; border: 1px solid;\" colspan=\"2\">Tekniset tedot<\/td>\n<\/tr>\n<tr>\n<td style=\"background-color: #e4e1e1; color: #333333; font-family: inherit; font-size: 14px; font-weight: bold; overflow: hidden; padding: 5px 5px; text-align: right; vertical-align: top; word-break: normal; border: 1px solid;\">Malli<\/td>\n<td style=\"font-family: inherit; font-size: 14px; overflow: hidden; padding: 5px 5px; text-align: center; vertical-align: top; word-break: normal; border: 1px solid;\">Kaabo Wolf Warrior 11 Plus 2WD<\/td>\n<\/tr>\n<tr>\n<td style=\"background-color: #e4e1e1; color: #333333; font-family: inherit; font-size: 14px; font-weight: bold; overflow: hidden; padding: 5px 5px; text-align: right; vertical-align: top; word-break: normal; border: 1px solid;\">Akku<\/td>\n<td style=\"font-family: inherit; font-size: 14px; overflow: hidden; padding: 5px 5px; text-align: center; vertical-align: top; word-break: normal; border: 1px solid;\">60V\/26Ah\/1560Wh<\/td>\n<\/tr>\n<tr>\n<td style=\"background-color: #e4e1e1; color: #333333; font-family: inherit; font-size: 14px; font-weight: bold; overflow: hidden; padding: 5px 5px; text-align: right; vertical-align: top; word-break: normal; border: 1px solid;\">Latausaika 0-100%<\/td>\n<td style=\"font-family: inherit; font-size: 14px; overflow: hidden; padding: 5px 5px; text-align: center; vertical-align: top; word-break: normal; border: 1px solid;\">jopa 13h<\/td>\n<\/tr>\n<tr>\n<td style=\"background-color: #e4e1e1; color: #333333; font-family: inherit; font-size: 14px; font-weight: bold; overflow: hidden; padding: 5px 5px; text-align: right; vertical-align: top; word-break: normal; border: 1px solid;\">Moottorin teho<\/td>\n<td style=\"font-family: inherit; font-size: 14px; overflow: hidden; padding: 5px 5px; text-align: center; vertical-align: top; word-break: normal; border: 1px solid;\">1000W<\/td>\n<\/tr>\n<tr>\n<td style=\"background-color: #e4e1e1; color: #333333; font-family: inherit; font-size: 14px; font-weight: bold; overflow: hidden; padding: 5px 5px; text-align: right; vertical-align: top; word-break: normal; border: 1px solid;\">Ajomatka<\/td>\n<td style=\"font-family: inherit; font-size: 14px; overflow: hidden; padding: 5px 5px; text-align: center; vertical-align: top; word-break: normal; border: 1px solid;\">jopa 90 km (valmistajan erittely)<\/td>\n<\/tr>\n<tr>\n<td style=\"background-color: #e4e1e1; color: #333333; font-family: inherit; font-size: 14px; font-weight: bold; overflow: hidden; padding: 5px 5px; text-align: right; vertical-align: top; word-break: normal; border: 1px solid;\">Arvoitu ajomatka<\/td>\n<td style=\"font-family: inherit; font-size: 14px; overflow: hidden; padding: 5px 5px; text-align: center; vertical-align: top; word-break: normal; border: 1px solid;\">104km (25km\/h, 70kg kuljettaja, 15Wh\/km)<\/td>\n<\/tr>\n<tr>\n<td style=\"background-color: #e4e1e1; color: #333333; font-family: inherit; font-size: 14px; font-weight: bold; overflow: hidden; padding: 5px 5px; text-align: right; vertical-align: top; word-break: normal; border: 1px solid;\">Jarrut<\/td>\n<td style=\"font-family: inherit; font-size: 14px; overflow: hidden; padding: 5px 5px; text-align: center; vertical-align: top; word-break: normal; border: 1px solid;\">Hydraulinen levyjarru + s\u00e4hk\u00f6moottorijarru E-ABS<\/td>\n<\/tr>\n<tr>\n<td style=\"background-color: #e4e1e1; color: #333333; font-family: inherit; font-size: 14px; font-weight: bold; overflow: hidden; padding: 5px 5px; text-align: right; vertical-align: top; word-break: normal; border: 1px solid;\">Painorajoitus<\/td>\n<td style=\"font-family: inherit; font-size: 14px; overflow: hidden; padding: 5px 5px; text-align: center; vertical-align: top; word-break: normal; border: 1px solid;\">150kg<\/td>\n<\/tr>\n<tr>\n<td style=\"background-color: #e4e1e1; color: #333333; font-family: inherit; font-size: 14px; font-weight: bold; overflow: hidden; padding: 5px 5px; text-align: right; vertical-align: top; word-break: normal; border: 1px solid;\"><strong style=\"caret-color: #000000; color: #000000; text-align: start; font-family: inherit;\">Muutettu nopeus virityksen j\u00e4lkeen<\/strong><\/td>\n<td style=\"font-family: inherit; font-size: 14px; overflow: hidden; padding: 5px 5px; text-align: center; vertical-align: top; word-break: normal; border: 1px solid;\">25km\/h<\/td>\n<\/tr>\n<tr>\n<td style=\"background-color: #e4e1e1; color: #333333; font-family: inherit; font-size: 14px; font-weight: bold; overflow: hidden; padding: 5px 5px; text-align: right; vertical-align: top; word-break: normal; border: 1px solid;\">Tuotantonopeus<\/td>\n<td style=\"font-family: inherit; font-size: 14px; overflow: hidden; padding: 5px 5px; text-align: center; vertical-align: top; word-break: normal; border: 1px solid;\">25 km\/h<\/td>\n<\/tr>\n<tr>\n<td style=\"background-color: #e4e1e1; color: #333333; font-family: inherit; font-size: 14px; font-weight: bold; overflow: hidden; padding: 5px 5px; text-align: right; vertical-align: top; word-break: normal; border: 1px solid;\">Laturi mukana<\/td>\n<td style=\"font-family: inherit; font-size: 14px; overflow: hidden; padding: 5px 5px; text-align: center; vertical-align: top; word-break: normal; border: 1px solid;\">kyll\u00e4<\/td>\n<\/tr>\n<tr>\n<td style=\"background-color: #e4e1e1; color: #333333; font-family: inherit; font-size: 14px; font-weight: bold; overflow: hidden; padding: 5px 5px; text-align: right; vertical-align: top; word-break: normal; border: 1px solid;\">Paino<\/td>\n<td style=\"font-family: inherit; font-size: 14px; overflow: hidden; padding: 5px 5px; text-align: center; vertical-align: top; word-break: normal; border: 1px solid;\">44kg<\/td>\n<\/tr>\n<tr>\n<td style=\"background-color: #e4e1e1; color: #333333; font-family: inherit; font-size: 14px; font-weight: bold; overflow: hidden; padding: 5px 5px; text-align: right; vertical-align: top; word-break: normal; border: 1px solid;\">Renkaat<\/td>\n<td style=\"font-family: inherit; font-size: 14px; overflow: hidden; padding: 5px 5px; text-align: center; vertical-align: top; word-break: normal; border: 1px solid;\">Offroad- tai maantiek\u00e4ytt\u00f6\u00f6n tarkoitetut renkaat 11\u201d (90\/65-6.5 vakio) letkuttomat renkaat.<\/td>\n<\/tr>\n<tr>\n<td style=\"background-color: #e4e1e1; color: #333333; font-family: inherit; font-size: 14px; font-weight: bold; overflow: hidden; padding: 5px 5px; text-align: right; vertical-align: top; word-break: normal; border: 1px solid;\">Iskunvaimentimet<\/td>\n<td style=\"font-family: inherit; font-size: 14px; overflow: hidden; padding: 5px 5px; text-align: center; vertical-align: top; word-break: normal; border: 1px solid;\">hydraulinen teleskooppinen iskunvaimennin edess\u00e4\/jousitettu iskunvaimennin takana<\/td>\n<\/tr>\n<tr>\n<td style=\"background-color: #e4e1e1; color: #333333; font-family: inherit; font-size: 14px; font-weight: bold; overflow: hidden; padding: 5px 5px; text-align: right; vertical-align: top; word-break: normal; border: 1px solid;\">Valot<\/td>\n<td style=\"font-family: inherit; font-size: 14px; overflow: hidden; padding: 5px 5px; text-align: center; vertical-align: top; word-break: normal; border: 1px solid;\">LED<\/td>\n<\/tr>\n<tr>\n<td style=\"background-color: #e4e1e1; color: #333333; font-family: inherit; font-size: 14px; font-weight: bold; overflow: hidden; padding: 5px 5px; text-align: right; vertical-align: top; word-break: normal; border: 1px solid;\">Tien enim\u00e4iskaltevuus<\/td>\n<td style=\"font-family: inherit; font-size: 14px; overflow: hidden; padding: 5px 5px; text-align: center; vertical-align: top; word-break: normal; border: 1px solid;\">&lt;40 %<\/td>\n<\/tr>\n<\/tbody>\n<\/table>\n","protected":false},"excerpt":{"rendered":"<p style=\"caret-color: #000000; color: #000000;\"><a href=\"http:\/\/www.xn--tuksimaailm-ffb.ee\/kontakt\/\"><strong>L\u00f6ysitk\u00f6 paremman hinnan?<\/strong><\/a>\u00a0<a href=\"http:\/\/www.xn--tuksimaailm-ffb.ee\/kontakt\/\"><strong>Kirjoita meille, niin teemme sinulle paremman tarjouksen!<\/strong><\/a><\/p>\n<p style=\"caret-color: #000000; color: #000000;\"><strong>Kaikki\u00a0<\/strong><a><strong>lis\u00e4varusteet<\/strong><\/a><strong>\u00a0ja\u00a0<\/strong><a><strong>varaosat<\/strong><\/a>\u00a0(<strong>\u00a0mukaan lukien\u00a0<\/strong><a><strong>renkaat<\/strong><\/a><strong>) ovat -20 %, kun ne ostetaan s\u00e4hk\u00f6potkulaudan kanssa.<\/strong><strong>Alennus otetaan automaattisesti k\u00e4ytt\u00f6\u00f6n, kun lis\u00e4\u00e4t sen ostoskoriin!<\/strong><\/p>\n<p style=\"caret-color: #000000; color: #000000;\"><strong><em>Toimitusaika: 0-3tp<\/em><\/strong><\/p>\n","protected":false},"featured_media":23294,"template":"","meta":[],"product_brand":[],"product_cat":[926],"product_tag":[],"filter_elektritoukeratas":[],"class_list":{"0":"post-50752","1":"product","2":"type-product","3":"status-publish","4":"has-post-thumbnail","6":"product_cat-sahkopotkulaudat-fi","7":"pa_aku-mahutavus-wh-1560-fi","8":"pa_kaal-kg-44-fi","9":"pa_kandevoime-kg-150-fi","10":"pa_labisoit-arvutuslik-km-104-fi","11":"pa_mootorite-arv-kahdella-moottorilla","12":"pa_piiramata-tippkiirus-kmh-25-fi","13":"pa_tootetuup-elektritoukeratas-fi","14":"pa_valmistaja-kaabo-fi","15":"pa_voimsus-w-1000-fi","17":"first","18":"outofstock","19":"taxable","20":"shipping-taxable","21":"purchasable","22":"product-type-variable"},"yoast_head":"<!-- This site is optimized with the Yoast SEO Premium plugin v26.8 (Yoast SEO v27.5) - https:\/\/yoast.com\/product\/yoast-seo-premium-wordpress\/ -->\n<title>Kaabo Wolf Warrior 11+ s\u00e4hk\u00f6potkulauta | T\u00f5uksimaailm<\/title>\n<meta name=\"description\" content=\"Elektriline t\u00f5ukeratas Kaabo Wolf Warrior 11+! V\u00f5imas, kiire ja stabiilne elektrit\u00f5ukeratas, mine v\u00f5i krossirajale h\u00fcppama!\" \/>\n<meta name=\"robots\" content=\"index, follow, max-snippet:-1, max-image-preview:large, max-video-preview:-1\" \/>\n<link rel=\"canonical\" href=\"https:\/\/www.xn--tuksimaailm-ffb.ee\/fi\/shop\/kaabo-wolf-warrior-11-sahkopotkulauta\/\" \/>\n<meta property=\"og:locale\" content=\"fi_FI\" \/>\n<meta property=\"og:type\" content=\"article\" \/>\n<meta property=\"og:title\" content=\"Kaabo Wolf Warrior 11+ s\u00e4hk\u00f6potkulauta\" \/>\n<meta property=\"og:description\" content=\"Elektriline t\u00f5ukeratas Kaabo Wolf Warrior 11+! V\u00f5imas, kiire ja stabiilne elektrit\u00f5ukeratas, mine v\u00f5i krossirajale h\u00fcppama!\" \/>\n<meta property=\"og:url\" content=\"https:\/\/www.xn--tuksimaailm-ffb.ee\/fi\/shop\/kaabo-wolf-warrior-11-sahkopotkulauta\/\" \/>\n<meta property=\"og:site_name\" content=\"T\u00f5uksimaailm\" \/>\n<meta property=\"article:publisher\" content=\"https:\/\/www.facebook.com\/touksimaailm\/\" \/>\n<meta property=\"og:image\" content=\"https:\/\/www.xn--tuksimaailm-ffb.ee\/wp-content\/uploads\/2021\/05\/wolf-1.png\" \/>\n\t<meta property=\"og:image:width\" content=\"813\" \/>\n\t<meta property=\"og:image:height\" content=\"803\" \/>\n\t<meta property=\"og:image:type\" content=\"image\/png\" \/>\n<meta name=\"twitter:card\" content=\"summary_large_image\" \/>\n<meta name=\"twitter:label1\" content=\"Saatavuus\" \/>\n\t<meta name=\"twitter:data1\" content=\"Loppu varastosta\" \/>\n<meta property=\"og:availability\" content=\"out of stock\" \/>\n<meta property=\"product:availability\" content=\"out of stock\" \/>\n<meta property=\"product:retailer_item_id\" content=\"Wolf_Warrior_11_Plus\" \/>\n<meta property=\"product:condition\" content=\"new\" \/>\n<!-- \/ Yoast SEO Premium plugin. -->","yoast_head_json":{"title":"Kaabo Wolf Warrior 11+ s\u00e4hk\u00f6potkulauta | T\u00f5uksimaailm","description":"Elektriline t\u00f5ukeratas Kaabo Wolf Warrior 11+! V\u00f5imas, kiire ja stabiilne elektrit\u00f5ukeratas, mine v\u00f5i krossirajale h\u00fcppama!","robots":{"index":"index","follow":"follow","max-snippet":"max-snippet:-1","max-image-preview":"max-image-preview:large","max-video-preview":"max-video-preview:-1"},"canonical":"https:\/\/www.xn--tuksimaailm-ffb.ee\/fi\/shop\/kaabo-wolf-warrior-11-sahkopotkulauta\/","og_locale":"fi_FI","og_type":"article","og_title":"Kaabo Wolf Warrior 11+ s\u00e4hk\u00f6potkulauta","og_description":"Elektriline t\u00f5ukeratas Kaabo Wolf Warrior 11+! V\u00f5imas, kiire ja stabiilne elektrit\u00f5ukeratas, mine v\u00f5i krossirajale h\u00fcppama!","og_url":"https:\/\/www.xn--tuksimaailm-ffb.ee\/fi\/shop\/kaabo-wolf-warrior-11-sahkopotkulauta\/","og_site_name":"T\u00f5uksimaailm","article_publisher":"https:\/\/www.facebook.com\/touksimaailm\/","og_image":[{"width":813,"height":803,"url":"https:\/\/www.xn--tuksimaailm-ffb.ee\/wp-content\/uploads\/2021\/05\/wolf-1.png","type":"image\/png"}],"twitter_card":"summary_large_image","twitter_misc":{"Saatavuus":"Loppu varastosta"},"schema":{"@context":"https:\/\/schema.org","@graph":[{"@type":"WebPage","@id":"https:\/\/www.xn--tuksimaailm-ffb.ee\/fi\/shop\/kaabo-wolf-warrior-11-sahkopotkulauta\/","url":"https:\/\/www.xn--tuksimaailm-ffb.ee\/fi\/shop\/kaabo-wolf-warrior-11-sahkopotkulauta\/","name":"Kaabo Wolf Warrior 11+ s\u00e4hk\u00f6potkulauta | T\u00f5uksimaailm","isPartOf":{"@id":"https:\/\/www.xn--tuksimaailm-ffb.ee\/fi\/#website"},"primaryImageOfPage":{"@id":"https:\/\/www.xn--tuksimaailm-ffb.ee\/fi\/shop\/kaabo-wolf-warrior-11-sahkopotkulauta\/#primaryimage"},"image":{"@id":"https:\/\/www.xn--tuksimaailm-ffb.ee\/fi\/shop\/kaabo-wolf-warrior-11-sahkopotkulauta\/#primaryimage"},"thumbnailUrl":"https:\/\/www.xn--tuksimaailm-ffb.ee\/wp-content\/uploads\/2021\/05\/wolf-1.png","datePublished":"2021-05-16T18:10:51+00:00","description":"Elektriline t\u00f5ukeratas Kaabo Wolf Warrior 11+! V\u00f5imas, kiire ja stabiilne elektrit\u00f5ukeratas, mine v\u00f5i krossirajale h\u00fcppama!","breadcrumb":{"@id":"https:\/\/www.xn--tuksimaailm-ffb.ee\/fi\/shop\/kaabo-wolf-warrior-11-sahkopotkulauta\/#breadcrumb"},"inLanguage":"fi","potentialAction":[{"@type":"ReadAction","target":["https:\/\/www.xn--tuksimaailm-ffb.ee\/fi\/shop\/kaabo-wolf-warrior-11-sahkopotkulauta\/"]}]},{"@type":"ImageObject","inLanguage":"fi","@id":"https:\/\/www.xn--tuksimaailm-ffb.ee\/fi\/shop\/kaabo-wolf-warrior-11-sahkopotkulauta\/#primaryimage","url":"https:\/\/www.xn--tuksimaailm-ffb.ee\/wp-content\/uploads\/2021\/05\/wolf-1.png","contentUrl":"https:\/\/www.xn--tuksimaailm-ffb.ee\/wp-content\/uploads\/2021\/05\/wolf-1.png","width":813,"height":803},{"@type":"BreadcrumbList","@id":"https:\/\/www.xn--tuksimaailm-ffb.ee\/fi\/shop\/kaabo-wolf-warrior-11-sahkopotkulauta\/#breadcrumb","itemListElement":[{"@type":"ListItem","position":1,"name":"Home","item":"https:\/\/www.xn--tuksimaailm-ffb.ee\/fi\/kotisivu\/"},{"@type":"ListItem","position":2,"name":"Kauppa","item":"https:\/\/www.xn--tuksimaailm-ffb.ee\/elektritoukerataste-pood\/"},{"@type":"ListItem","position":3,"name":"Kaabo Wolf Warrior 11+ s\u00e4hk\u00f6potkulauta"}]},{"@type":"WebSite","@id":"https:\/\/www.xn--tuksimaailm-ffb.ee\/fi\/#website","url":"https:\/\/www.xn--tuksimaailm-ffb.ee\/fi\/","name":"T\u00f5uksimaailm","description":"Elektrit\u00f5ukerataste m\u00fc\u00fck, remont ja rent","publisher":{"@id":"https:\/\/www.xn--tuksimaailm-ffb.ee\/fi\/#organization"},"potentialAction":[{"@type":"SearchAction","target":{"@type":"EntryPoint","urlTemplate":"https:\/\/www.xn--tuksimaailm-ffb.ee\/fi\/?s={search_term_string}"},"query-input":{"@type":"PropertyValueSpecification","valueRequired":true,"valueName":"search_term_string"}}],"inLanguage":"fi"},{"@type":"Organization","@id":"https:\/\/www.xn--tuksimaailm-ffb.ee\/fi\/#organization","name":"T\u00f5uksimaailm","url":"https:\/\/www.xn--tuksimaailm-ffb.ee\/fi\/","logo":{"@type":"ImageObject","inLanguage":"fi","@id":"https:\/\/www.xn--tuksimaailm-ffb.ee\/fi\/#\/schema\/logo\/image\/","url":"https:\/\/www.xn--tuksimaailm-ffb.ee\/wp-content\/uploads\/2020\/01\/logoz-e1579792875517.png","contentUrl":"https:\/\/www.xn--tuksimaailm-ffb.ee\/wp-content\/uploads\/2020\/01\/logoz-e1579792875517.png","width":250,"height":250,"caption":"T\u00f5uksimaailm"},"image":{"@id":"https:\/\/www.xn--tuksimaailm-ffb.ee\/fi\/#\/schema\/logo\/image\/"},"sameAs":["https:\/\/www.facebook.com\/touksimaailm\/","https:\/\/www.instagram.com\/touksimaailm_\/","https:\/\/www.youtube.com\/channel\/UC18ml0EKIDLP1xGuQjFzcXQ"]}]},"og_availability":"out of stock","product_availability":"out of stock","product_retailer_item_id":"Wolf_Warrior_11_Plus","product_condition":"new"},"jetpack_sharing_enabled":true,"_links":{"self":[{"href":"https:\/\/www.xn--tuksimaailm-ffb.ee\/fi\/wp-json\/wp\/v2\/product\/50752","targetHints":{"allow":["GET"]}}],"collection":[{"href":"https:\/\/www.xn--tuksimaailm-ffb.ee\/fi\/wp-json\/wp\/v2\/product"}],"about":[{"href":"https:\/\/www.xn--tuksimaailm-ffb.ee\/fi\/wp-json\/wp\/v2\/types\/product"}],"wp:featuredmedia":[{"embeddable":true,"href":"https:\/\/www.xn--tuksimaailm-ffb.ee\/fi\/wp-json\/wp\/v2\/media\/23294"}],"wp:attachment":[{"href":"https:\/\/www.xn--tuksimaailm-ffb.ee\/fi\/wp-json\/wp\/v2\/media?parent=50752"}],"wp:term":[{"taxonomy":"product_brand","embeddable":true,"href":"https:\/\/www.xn--tuksimaailm-ffb.ee\/fi\/wp-json\/wp\/v2\/product_brand?post=50752"},{"taxonomy":"product_cat","embeddable":true,"href":"https:\/\/www.xn--tuksimaailm-ffb.ee\/fi\/wp-json\/wp\/v2\/product_cat?post=50752"},{"taxonomy":"product_tag","embeddable":true,"href":"https:\/\/www.xn--tuksimaailm-ffb.ee\/fi\/wp-json\/wp\/v2\/product_tag?post=50752"},{"taxonomy":"filter_elektritoukeratas","embeddable":true,"href":"https:\/\/www.xn--tuksimaailm-ffb.ee\/fi\/wp-json\/wp\/v2\/filter_elektritoukeratas?post=50752"}],"curies":[{"name":"wp","href":"https:\/\/api.w.org\/{rel}","templated":true}]}}