{"id":50756,"date":"2021-04-04T12:26:46","date_gmt":"2021-04-04T12:26:46","guid":{"rendered":"http:\/\/www.xn--tuksimaailm-ffb.ee\/shop\/kaabo-wolf-king-sahkopotkulauta-eol\/"},"modified":"2021-04-04T12:26:46","modified_gmt":"2021-04-04T09:26:46","slug":"kaabo-wolf-king-sahkopotkulauta-eol","status":"publish","type":"product","link":"https:\/\/www.xn--tuksimaailm-ffb.ee\/fi\/shop\/kaabo-wolf-king-sahkopotkulauta-eol\/","title":{"rendered":"Kaabo Wolf King+ s\u00e4hk\u00f6potkulauta (EOL)"},"content":{"rendered":"<h2 style=\"text-align: center;\">KAABO WOLF KING+ S\u00c4HK\u00d6POTKULAUTA - TUOTEKUVAUS<\/h2>\n<p style=\"text-align: left;\">Kaabo Wolf King+ on t\u00e4ydellisin s\u00e4hk\u00f6inen skootteri ehdottomasti jokaisessa luokassa, painoa ja siirrett\u00e4vyytt\u00e4 lukuun ottamatta, johon sinulla on varaa. T\u00e4t\u00e4 s\u00e4hk\u00f6skootteria voisi jopa kuvailla enemm\u00e4nkin cross-moottoripy\u00f6r\u00e4ksi, jolla ei ajeta istuen vaan seisten, ja joka voidaan asentaa my\u00f6s autoon nelivedolla. Se on Kaabo-sarjan ehdoton lippulaiva, ja edell\u00e4 mainittujen seikkojen lis\u00e4ksi se on poikkeuksellisen laadukas, varusteltu ja kest\u00e4v\u00e4 s\u00e4hk\u00f6skootteri. Hydraulisilla levyjarruilla, leve\u00e4ll\u00e4 ohjaustangolla ja laudalla sek\u00e4 hydraulisella jousituksella maasto-olosuhteita varten Kaabo Wolf King -s\u00e4hk\u00f6potkulauta toimii varmasti miss\u00e4 tahansa maastossa ja miss\u00e4 tahansa olosuhteissa.<\/p>\n<p style=\"caret-color: #000000; color: #000000;\">Kaabo-sarjan ainoana mallina Wolf Kingiss\u00e4 on kiinte\u00e4 musta ja kultainen v\u00e4rimaailma, joka korostaa t\u00e4m\u00e4n s\u00e4hk\u00f6potkulautan olemusta ja tarkoitusta - olla todellinen s\u00e4hk\u00f6potkulautojen kuningas nopeuden, kiihtyvyyden, kilometrim\u00e4\u00e4r\u00e4n, mukavuuden ja ajo-ominaisuuksien suhteen. Kaabo Wolf -s\u00e4hk\u00f6skootterissa on kaksi moottoria, joiden nimellisteho on\u00a0<strong>500W<\/strong>\u00a0(huipputeho\u00a0<strong>500W<\/strong>), jolloin s\u00e4hk\u00f6moottorin kokonaisteho on\u00a0<strong>1000W<\/strong>\u00a0ja nopeus jopa\u00a0<strong>25km\/h.<\/strong>Toimintas\u00e4de on jopa\u00a0<strong>150 km<\/strong>\u00a0Eco-tilassa\u00a0<strong>75 kg painavalla<\/strong>\u00a0kuljettajalla.<\/p>\n<p>Kaabo on maailmankuulu s\u00e4hk\u00f6skootterien valmistaja, joka yll\u00e4tt\u00e4\u00e4 uusilla malleilla joka kausi. Uusi Wolf King on kaikin tavoin evoluutio suositusta Kaabo Wolf Warrior 11 -s\u00e4hk\u00f6skootterista. Uudessa mallissa on 60 voltin akun sijaan 72 voltin akku, joka takaa paremman hy\u00f6tysuhteen ja pienemm\u00e4t energiah\u00e4vi\u00f6t koko s\u00e4hk\u00f6j\u00e4rjestelm\u00e4ss\u00e4. Korkeampi virransy\u00f6tt\u00f6j\u00e4nnite johtaa my\u00f6s parempiin teholukuihin sek\u00e4 parempaan huippunopeuteen ja kiihtyvyyteen.<\/p>\n<h2 style=\"text-align: center;\">MAASTOK\u00c4YTT\u00d6\u00d6N SUUNNITELTU JOUSITUS<\/h2>\n<p>Kun katsot s\u00e4hk\u00f6potkulautaa ensimm\u00e4isen kerran, silmiinpist\u00e4v\u00e4 on j\u00e4ttikokoinen etummainen hydraulinen iskunvaimennin, joka tarjoaa parhaan mahdollisen ratkaisun ajamiseen vaikeassa maastossa ja vakauden yll\u00e4pit\u00e4miseen suurilla nopeuksilla. \u00a0Takapy\u00f6r\u00e4ss\u00e4 on perinteisemm\u00e4t mutta eritt\u00e4in luotettavat jousituskiinnikkeet. S\u00e4hk\u00f6skootterin runko on valmistettu eritt\u00e4in kest\u00e4v\u00e4st\u00e4 6082-alumiiniseoksesta, jota k\u00e4ytet\u00e4\u00e4n siltojen ja nostureiden rakentamisessa, ja s\u00e4hk\u00f6skootterissa on my\u00f6s leve\u00e4 ohjaustanko \/ ohjaustanko, jossa on eritt\u00e4in ohuet, maastopy\u00f6r\u00e4\u00e4 muistuttavat kahvat.<\/p>\n<p style=\"caret-color: #000000; color: #000000;\">Korkean hy\u00f6tysuhteen s\u00e4hk\u00f6moottori tarjoaa voimakkaan kiihtyvyyden ja saavuttaa\u00a0<strong>25km\/h<\/strong>\u00a0nopeuden hyvin nopeasti, jopa silloin, kun kuljetat raskaita kuormia tai ajat yl\u00e4m\u00e4keen\u00a0<strong>45 asteen<\/strong>\u00a0kaltevuudesta! Maastoajoneuvona k\u00e4ytettyn\u00e4 s\u00e4hk\u00f6potkulauta voi saavuttaa jopa\u00a0<strong>25km\/h<\/strong>\u00a0nopeuden maasto-olosuhteissa. Maastossa ajettaessa s\u00e4hk\u00f6potkulaudan kiihtyvyys on kuitenkin kaikkein vaikuttavin. Kaabo Wolf Kingin valmistajan ilmoittama kuljettajan enimm\u00e4ispaino on\u00a0<strong>150 kg.<\/strong>\u00a0Suuren moottoritehon ansiosta s\u00e4hk\u00f6skootteri ei my\u00f6sk\u00e4\u00e4n kamppaile pit\u00e4\u00e4kseen nopeuttaan yll\u00e4 vaikeimmassakaan maastossa, jyrkiss\u00e4 rinteiss\u00e4 tai paksussa lumessa.<\/p>\n<h2 style=\"text-align: center;\">TEKNINEN KUVAUS<\/h2>\n<p style=\"caret-color: #000000; color: #000000;\">Yhdell\u00e4 latauksella voi ajaa ihanteellisissa olosuhteissa\u00a0<strong>jopa 150 kilometri\u00e4<\/strong>\u00a0ajotyylist\u00e4 ja painosta riippuen. Kaabo Wolf Kingiss\u00e4 on halkaisijaltaan\u00a0<strong>160 mm:n<\/strong>\u00a0roottorilla varustettu\u00a0<strong>hydraulinen levyjarru<\/strong>\u00a0<strong>edess\u00e4 ja takana<\/strong>, joka tuntuu paljon paremmalta ja jarrutusteholtaan tehokkaammalta kuin mekaanisilla levyjarruilla varustetut s\u00e4hk\u00f6skootterit. Jarrut on my\u00f6s varustettu\u00a0<strong>ABS-j\u00e4rjestelm\u00e4ll\u00e4<\/strong>, joka est\u00e4\u00e4 kaatumiset, jos py\u00f6r\u00e4 lukkiutuu.<\/p>\n<p style=\"caret-color: #000000; color: #000000;\">Skootteri on varustettu eritt\u00e4in suurikapasiteettisella<strong>\u00a072V\/28000mAh (2016Wh)<\/strong>, litiumioniakulla (Li-Ion). Akun t\u00e4yteen lataaminen skootterin mukana toimitettavalla 0-100 %:n laturilla kest\u00e4\u00e4\u00a0<strong>jopa 19 tuntia<\/strong>. Pime\u00e4\u00e4 aikaa varten ja jotta py\u00f6r\u00e4ilij\u00e4t n\u00e4kisiv\u00e4t sinut paremmin, skootterissa on sek\u00e4 etu- ett\u00e4\u00a0<strong>takavalot<\/strong>, jotka on asennettu skootterin runkoon. Ensimm\u00e4inen LED-lyhty on kooltaan j\u00e4ttim\u00e4inen, tehokas ja riitt\u00e4v\u00e4n tehokas kest\u00e4m\u00e4\u00e4n l\u00e4pi pimeimpienkin marraskuun iltojen.<\/p>\n<h2 style=\"text-align: center;\">MIKSI OSTAA KAABO WOLF KING MEILT\u00c4?<\/h2>\n<p style=\"caret-color: #000000; color: #000000;\"><strong>Ostamalla Kaabo Wolf King -s\u00e4hk\u00f6skootterin kaupastamme saat:<\/strong><\/p>\n<ul>\n<li>Kaikki kulutusosiksi luokiteltavat\u00a0<a href=\"http:\/\/www.xn--tuksimaailm-ffb.ee\/tootekategooria\/elektritoukeratta-varuosad\/\"><strong>varaosat<\/strong><\/a><strong>\u00a0- jarrupalat, renkaat, laakerit - ovat takuuaikana puoleen hintaan.<\/strong><\/li>\n<li>Kun ostat s\u00e4hk\u00f6skootterin, saat\u00a0<strong>kaikki\u00a0<\/strong><a href=\"http:\/\/www.xn--tuksimaailm-ffb.ee\/tootekategooria\/lisavarustus\/\"><strong>lis\u00e4varusteet<\/strong><\/a><strong>\u00a0puoleen hintaan.<\/strong><\/li>\n<\/ul>\n<p>Valikoima lis\u00e4varusteita Kaabo Wolf Kingille:<\/p>\n<ul>\n<li><a href=\"http:\/\/www.xn--tuksimaailm-ffb.ee\/shop\/vaga-suur-elektritoukeratta-lenksukott-must-8l\/\">Eritt\u00e4in suuri vedenpit\u00e4v\u00e4 linssilaukku<\/a><\/li>\n<li><a href=\"http:\/\/www.xn--tuksimaailm-ffb.ee\/shop\/elektritoukeratta-telefonihoidja-ibera-43-58\/\">Turvallinen puhelimen pidike<\/a><\/li>\n<li><a href=\"http:\/\/www.xn--tuksimaailm-ffb.ee\/shop\/joogitopsi-hoidja-elektritoukeratta-lenksule\/\">Juomakupin pidike linssille<\/a><\/li>\n<li><a href=\"http:\/\/www.xn--tuksimaailm-ffb.ee\/shop\/elektriline-signaal-elektritoukerattale-jalgrattale\/\">S\u00e4hk\u00f6inen merkkikello<\/a><\/li>\n<li><a href=\"http:\/\/www.xn--tuksimaailm-ffb.ee\/shop\/bluetooth-kolar-lenksule-elektritoukerattale-jalgrattale\/\">Bluetooth-kaiutin linssille<\/a><\/li>\n<\/ul>\n<p style=\"caret-color: #000000; color: #000000;\">Voit my\u00f6s<strong>\u00a0koeajaa<\/strong>\u00a0Kaabo Wolf King -s\u00e4hk\u00f6skootteria\u00a0<a href=\"http:\/\/www.xn--tuksimaailm-ffb.ee\/kontakt\/\"><strong>myym\u00e4l\u00e4ss\u00e4mme<\/strong><\/a><strong>!<\/strong>\u00a0Suosittelemme, ett\u00e4 k\u00e4yt\u00e4t aina\u00a0<a href=\"http:\/\/www.xn--tuksimaailm-ffb.ee\/shop\/elektrilise-toukeratta-kiiver-led-tagatulega-smart-4u\/\">kyp\u00e4r\u00e4\u00e4<\/a>, kun ajat s\u00e4hk\u00f6skootterilla.\u00a0<a>Lain<\/a>\u00a0mukaan kyp\u00e4r\u00e4n k\u00e4ytt\u00f6 on pakollista alle 16-vuotiaille, kun ajat s\u00e4hk\u00f6skootterilla. Katso lis\u00e4\u00e4 s\u00e4hk\u00f6skoottereita\u00a0<a href=\"http:\/\/www.xn--tuksimaailm-ffb.ee\/tootekategooria\/elektritoukeratas\/\">t\u00e4\u00e4lt\u00e4<\/a>.<\/p>\n<p style=\"caret-color: #000000; color: #000000;\"><strong>Kaabo Wolf King+ -s\u00e4hk\u00f6skootteri on Viron liikennelain mukainen katulaillinen kevytskootteri, jonka valmistajan teho on 1000W ja valmistajan nopeus 25km\/h, kuten alla olevasta tehdastodistuksesta k\u00e4y ilmi.<\/strong>\u00a0<strong>Sertifikaatti ei pelasta sinua lain rikkomiselta ja sakolta tai poliisin takavarikoimalta s\u00e4hk\u00f6skootterilta, jos k\u00e4ytt\u00e4j\u00e4 on muuttanut s\u00e4hk\u00f6skootteria suuremman tehon tai huippunopeuden kehitt\u00e4miseksi!<\/strong><\/p>\n<p><a href=\"https:\/\/www.xn--tuksimaailm-ffb.ee\/wp-content\/uploads\/2021\/12\/Kaabo-sertifikaat-252x300.jpg\"><img decoding=\"async\" class=\"alignnone size-medium wp-image-20078 aligncenter\" src=\"https:\/\/www.xn--tuksimaailm-ffb.ee\/wp-content\/uploads\/2021\/12\/Kaabo-sertifikaat-252x300.jpg\" alt=\"elektrit\u00f5ukeratas kaabo mantis 10 pro plus t\u00e4navalegaalsuse sertifikaat\" width=\"768\" height=\"914\" srcset=\"https:\/\/www.xn--tuksimaailm-ffb.ee\/wp-content\/uploads\/2021\/12\/Kaabo-sertifikaat-252x300.jpg 252w, https:\/\/www.xn--tuksimaailm-ffb.ee\/wp-content\/uploads\/2021\/12\/Kaabo-sertifikaat.jpg 505w\" sizes=\"(max-width: 768px) 100vw, 768px\" \/><\/a>\u00a0<\/p>\n<table class=\"tg\" style=\"border-collapse: collapse; max-width: 600px; border-spacing: 0; margin: 0px auto;\">\n<tbody>\n<tr>\n<td style=\"background-color: #e4e1e1; color: #333333; font-family: inherit; font-size: 14px; font-weight: bold; overflow: hidden; padding: 5px 5px; text-align: center; vertical-align: top; word-break: normal; border: 1px solid;\" colspan=\"2\">Tekniset tiedot<\/td>\n<\/tr>\n<tr>\n<td style=\"background-color: #e4e1e1; color: #333333; font-family: inherit; font-size: 14px; font-weight: bold; overflow: hidden; padding: 5px 5px; text-align: right; vertical-align: top; word-break: normal; border: 1px solid;\">Paino<\/td>\n<td style=\"font-family: inherit; font-size: 14px; overflow: hidden; padding: 5px 5px; text-align: center; vertical-align: top; word-break: normal; border: 1px solid;\">48kg<\/td>\n<\/tr>\n<tr>\n<td style=\"background-color: #e4e1e1; color: #333333; font-family: inherit; font-size: 14px; font-weight: bold; overflow: hidden; padding: 5px 5px; text-align: right; vertical-align: top; word-break: normal; border: 1px solid;\">Nopeus<\/td>\n<td style=\"font-family: inherit; font-size: 14px; overflow: hidden; padding: 5px 5px; text-align: center; vertical-align: top; word-break: normal; border: 1px solid;\">25km\/h<\/td>\n<\/tr>\n<tr>\n<td style=\"background-color: #e4e1e1; color: #333333; font-family: inherit; font-size: 14px; font-weight: bold; overflow: hidden; padding: 5px 5px; text-align: right; vertical-align: top; word-break: normal; border: 1px solid;\">Akku<\/td>\n<td style=\"font-family: inherit; font-size: 14px; overflow: hidden; padding: 5px 5px; text-align: center; vertical-align: top; word-break: normal; border: 1px solid;\">72V\/28Ah\/2016Wh<\/td>\n<\/tr>\n<tr>\n<td style=\"background-color: #e4e1e1; color: #333333; font-family: inherit; font-size: 14px; font-weight: bold; overflow: hidden; padding: 5px 5px; text-align: right; vertical-align: top; word-break: normal; border: 1px solid;\">Moottori<\/td>\n<td style=\"font-family: inherit; font-size: 14px; overflow: hidden; padding: 5px 5px; text-align: center; vertical-align: top; word-break: normal; border: 1px solid;\">tuotantoteho 1000W<\/td>\n<\/tr>\n<tr>\n<td style=\"background-color: #e4e1e1; color: #333333; font-family: inherit; font-size: 14px; font-weight: bold; overflow: hidden; padding: 5px 5px; text-align: right; vertical-align: top; word-break: normal; border: 1px solid;\">Latausaika<\/td>\n<td style=\"font-family: inherit; font-size: 14px; overflow: hidden; padding: 5px 5px; text-align: center; vertical-align: top; word-break: normal; border: 1px solid;\">19h<\/td>\n<\/tr>\n<tr>\n<td style=\"background-color: #e4e1e1; color: #333333; font-family: inherit; font-size: 14px; font-weight: bold; overflow: hidden; padding: 5px 5px; text-align: right; vertical-align: top; word-break: normal; border: 1px solid;\"><strong style=\"caret-color: #000000; color: #000000; text-align: start; font-family: inherit;\">Ajomatka (valmistajan m\u00e4\u00e4rittely) <br \/>| Laskettu ajomatka<\/strong><\/td>\n<td style=\"font-family: inherit; font-size: 14px; overflow: hidden; padding: 5px 5px; text-align: center; vertical-align: top; word-break: normal; border: 1px solid;\">jopa 150km | 134km (25km\/h, 70kg kuljettaja, 15Wh\/km)<\/td>\n<\/tr>\n<tr>\n<td style=\"background-color: #e4e1e1; color: #333333; font-family: inherit; font-size: 14px; font-weight: bold; overflow: hidden; padding: 5px 5px; text-align: right; vertical-align: top; word-break: normal; border: 1px solid;\">Valot<\/td>\n<td style=\"font-family: inherit; font-size: 14px; overflow: hidden; padding: 5px 5px; text-align: center; vertical-align: top; word-break: normal; border: 1px solid;\">LED edess\u00e4 ja takana<\/td>\n<\/tr>\n<tr>\n<td style=\"background-color: #e4e1e1; color: #333333; font-family: inherit; font-size: 14px; font-weight: bold; overflow: hidden; padding: 5px 5px; text-align: right; vertical-align: top; word-break: normal; border: 1px solid;\">Jarrut<\/td>\n<td style=\"font-family: inherit; font-size: 14px; overflow: hidden; padding: 5px 5px; text-align: center; vertical-align: top; word-break: normal; border: 1px solid;\">ABS-hydrauliset levyjarrut edess\u00e4 ja takana<\/td>\n<\/tr>\n<tr>\n<td style=\"background-color: #e4e1e1; color: #333333; font-family: inherit; font-size: 14px; font-weight: bold; overflow: hidden; padding: 5px 5px; text-align: right; vertical-align: top; word-break: normal; border: 1px solid;\">Renkaat<\/td>\n<td style=\"font-family: inherit; font-size: 14px; overflow: hidden; padding: 5px 5px; text-align: center; vertical-align: top; word-break: normal; border: 1px solid;\">11\u2033 tubeless (letkuton)<\/td>\n<\/tr>\n<tr>\n<td style=\"background-color: #e4e1e1; color: #333333; font-family: inherit; font-size: 14px; font-weight: bold; overflow: hidden; padding: 5px 5px; text-align: right; vertical-align: top; word-break: normal; border: 1px solid;\">Painorajoitus<\/td>\n<td style=\"font-family: inherit; font-size: 14px; overflow: hidden; padding: 5px 5px; text-align: center; vertical-align: top; word-break: normal; border: 1px solid;\">150kg<\/td>\n<\/tr>\n<tr>\n<td style=\"background-color: #e4e1e1; color: #333333; font-family: inherit; font-size: 14px; font-weight: bold; overflow: hidden; padding: 5px 5px; text-align: right; vertical-align: top; word-break: normal; border: 1px solid;\">Materiali<\/td>\n<td style=\"font-family: inherit; font-size: 14px; overflow: hidden; padding: 5px 5px; text-align: center; vertical-align: top; word-break: normal; border: 1px solid;\">6061 T6 ja 6082 T6 alumiinirunko<\/td>\n<\/tr>\n<\/tbody>\n<\/table>\n","protected":false},"excerpt":{"rendered":"<p style=\"caret-color: #000000; color: #000000;\"><a href=\"http:\/\/www.xn--tuksimaailm-ffb.ee\/kontakt\/\"><strong>L\u00f6ysitk\u00f6 paremman hinnan?<\/strong><\/a>\u00a0<a href=\"http:\/\/www.xn--tuksimaailm-ffb.ee\/kontakt\/\"><strong>Kirjoita meille, niin teemme sinulle paremman tarjouksen!<\/strong><\/a><\/p>\n<p style=\"caret-color: #000000; color: #000000;\"><strong>Jos ostat s\u00e4hk\u00f6mopon, kaikki\u00a0<\/strong><a href=\"http:\/\/www.xn--tuksimaailm-ffb.ee\/tootekategooria\/lisavarustus\/\"><strong>lis\u00e4varusteet<\/strong><\/a><strong>\u00a0ja\u00a0<\/strong><a href=\"http:\/\/www.xn--tuksimaailm-ffb.ee\/tootekategooria\/elektritoukeratta-varuosad\/\"><strong>varaosat<\/strong><\/a>\u00a0(<strong>\u00a0my\u00f6s\u00a0<\/strong><a href=\"http:\/\/www.xn--tuksimaailm-ffb.ee\/tootekategooria\/elektritoukeratta-varuosad\/?filter_tootetuup=rehvid\"><strong>renkaat<\/strong><\/a><strong>) ovat puoleen hintaan (-50 %).<\/strong>\u00a0<strong>Alennus otetaan automaattisesti k\u00e4ytt\u00f6\u00f6n, kun lis\u00e4\u00e4t sen ostoskoriin!<\/strong><\/p>\n","protected":false},"featured_media":23281,"template":"","meta":[],"product_brand":[],"product_cat":[926],"product_tag":[],"filter_elektritoukeratas":[],"class_list":{"0":"post-50756","1":"product","2":"type-product","3":"status-publish","4":"has-post-thumbnail","6":"product_cat-sahkopotkulaudat-fi","7":"product_shipping_class-keskmine-pakk-fi","8":"pa_aku-mahutavus-wh-2016-fi","9":"pa_kaal-kg-48-fi","10":"pa_kandevoime-kg-150-fi","11":"pa_labisoit-arvutuslik-km-134-fi","12":"pa_mootorite-arv-kahdella-moottorilla","13":"pa_muuja-platvormil-touksimaailm-exocool-ou-fi","14":"pa_piiramata-tippkiirus-kmh-25-fi","15":"pa_size-kaabo-wolf-king-maantierenkailla","16":"pa_size-kaabo-wolf-king-maastorenkailla","17":"pa_tootetuup-elektritoukeratas-fi","18":"pa_valmistaja-kaabo-fi","19":"pa_voimsus-w-1000-fi","21":"first","22":"outofstock","23":"taxable","24":"shipping-taxable","25":"purchasable","26":"product-type-variable"},"yoast_head":"<!-- This site is optimized with the Yoast SEO Premium plugin v26.8 (Yoast SEO v27.5) - https:\/\/yoast.com\/product\/yoast-seo-premium-wordpress\/ -->\n<title>Kaabo Wolf King+ s\u00e4hk\u00f6potkulauta (EOL) | T\u00f5uksimaailm | M\u00fc\u00fck<\/title>\n<meta name=\"description\" content=\"Elektriline t\u00f5ukeratas Kaabo Wolf King+! \u00dcliv\u00f5imas, kiire ja stabiilne. Kahe 2x500W mootoriga v\u00f5imas elektrit\u00f5ukeratas. Eksklusiivne kuldne v\u00e4rvitoon.\" \/>\n<meta name=\"robots\" content=\"index, follow, max-snippet:-1, max-image-preview:large, max-video-preview:-1\" \/>\n<link rel=\"canonical\" href=\"https:\/\/www.xn--tuksimaailm-ffb.ee\/fi\/shop\/kaabo-wolf-king-sahkopotkulauta-eol\/\" \/>\n<meta property=\"og:locale\" content=\"fi_FI\" \/>\n<meta property=\"og:type\" content=\"article\" \/>\n<meta property=\"og:title\" content=\"Kaabo Wolf King+ s\u00e4hk\u00f6potkulauta (EOL)\" \/>\n<meta property=\"og:description\" content=\"Elektriline t\u00f5ukeratas Kaabo Wolf King+! \u00dcliv\u00f5imas, kiire ja stabiilne. Kahe 2x500W mootoriga v\u00f5imas elektrit\u00f5ukeratas. Eksklusiivne kuldne v\u00e4rvitoon.\" \/>\n<meta property=\"og:url\" content=\"https:\/\/www.xn--tuksimaailm-ffb.ee\/fi\/shop\/kaabo-wolf-king-sahkopotkulauta-eol\/\" \/>\n<meta property=\"og:site_name\" content=\"T\u00f5uksimaailm\" \/>\n<meta property=\"article:publisher\" content=\"https:\/\/www.facebook.com\/touksimaailm\/\" \/>\n<meta property=\"og:image\" content=\"https:\/\/www.XN--TUKSIMAAILM-FFB.EE\/wp-content\/uploads\/2021\/04\/king-1.png\" \/>\n\t<meta property=\"og:image:width\" content=\"531\" \/>\n\t<meta property=\"og:image:height\" content=\"778\" \/>\n\t<meta property=\"og:image:type\" content=\"image\/png\" \/>\n<meta name=\"twitter:card\" content=\"summary_large_image\" \/>\n<meta name=\"twitter:label1\" content=\"Saatavuus\" \/>\n\t<meta name=\"twitter:data1\" content=\"Loppu varastosta\" \/>\n<meta property=\"og:availability\" content=\"out of stock\" \/>\n<meta property=\"product:availability\" content=\"out of stock\" \/>\n<meta property=\"product:retailer_item_id\" content=\"Wolf_King_Plus\" \/>\n<meta property=\"product:condition\" content=\"new\" \/>\n<!-- \/ Yoast SEO Premium plugin. -->","yoast_head_json":{"title":"Kaabo Wolf King+ s\u00e4hk\u00f6potkulauta (EOL) | T\u00f5uksimaailm | M\u00fc\u00fck","description":"Elektriline t\u00f5ukeratas Kaabo Wolf King+! \u00dcliv\u00f5imas, kiire ja stabiilne. Kahe 2x500W mootoriga v\u00f5imas elektrit\u00f5ukeratas. Eksklusiivne kuldne v\u00e4rvitoon.","robots":{"index":"index","follow":"follow","max-snippet":"max-snippet:-1","max-image-preview":"max-image-preview:large","max-video-preview":"max-video-preview:-1"},"canonical":"https:\/\/www.xn--tuksimaailm-ffb.ee\/fi\/shop\/kaabo-wolf-king-sahkopotkulauta-eol\/","og_locale":"fi_FI","og_type":"article","og_title":"Kaabo Wolf King+ s\u00e4hk\u00f6potkulauta (EOL)","og_description":"Elektriline t\u00f5ukeratas Kaabo Wolf King+! \u00dcliv\u00f5imas, kiire ja stabiilne. Kahe 2x500W mootoriga v\u00f5imas elektrit\u00f5ukeratas. Eksklusiivne kuldne v\u00e4rvitoon.","og_url":"https:\/\/www.xn--tuksimaailm-ffb.ee\/fi\/shop\/kaabo-wolf-king-sahkopotkulauta-eol\/","og_site_name":"T\u00f5uksimaailm","article_publisher":"https:\/\/www.facebook.com\/touksimaailm\/","og_image":[{"width":531,"height":778,"url":"https:\/\/www.XN--TUKSIMAAILM-FFB.EE\/wp-content\/uploads\/2021\/04\/king-1.png","type":"image\/png"}],"twitter_card":"summary_large_image","twitter_misc":{"Saatavuus":"Loppu varastosta"},"schema":{"@context":"https:\/\/schema.org","@graph":[{"@type":"WebPage","@id":"https:\/\/www.xn--tuksimaailm-ffb.ee\/fi\/shop\/kaabo-wolf-king-sahkopotkulauta-eol\/","url":"https:\/\/www.xn--tuksimaailm-ffb.ee\/fi\/shop\/kaabo-wolf-king-sahkopotkulauta-eol\/","name":"Kaabo Wolf King+ s\u00e4hk\u00f6potkulauta (EOL) | T\u00f5uksimaailm | M\u00fc\u00fck","isPartOf":{"@id":"https:\/\/www.xn--tuksimaailm-ffb.ee\/fi\/#website"},"primaryImageOfPage":{"@id":"https:\/\/www.xn--tuksimaailm-ffb.ee\/fi\/shop\/kaabo-wolf-king-sahkopotkulauta-eol\/#primaryimage"},"image":{"@id":"https:\/\/www.xn--tuksimaailm-ffb.ee\/fi\/shop\/kaabo-wolf-king-sahkopotkulauta-eol\/#primaryimage"},"thumbnailUrl":"https:\/\/www.xn--tuksimaailm-ffb.ee\/wp-content\/uploads\/2021\/04\/king-1.png","datePublished":"2021-04-04T12:26:46+00:00","description":"Elektriline t\u00f5ukeratas Kaabo Wolf King+! \u00dcliv\u00f5imas, kiire ja stabiilne. Kahe 2x500W mootoriga v\u00f5imas elektrit\u00f5ukeratas. Eksklusiivne kuldne v\u00e4rvitoon.","breadcrumb":{"@id":"https:\/\/www.xn--tuksimaailm-ffb.ee\/fi\/shop\/kaabo-wolf-king-sahkopotkulauta-eol\/#breadcrumb"},"inLanguage":"fi","potentialAction":[{"@type":"ReadAction","target":["https:\/\/www.xn--tuksimaailm-ffb.ee\/fi\/shop\/kaabo-wolf-king-sahkopotkulauta-eol\/"]}]},{"@type":"ImageObject","inLanguage":"fi","@id":"https:\/\/www.xn--tuksimaailm-ffb.ee\/fi\/shop\/kaabo-wolf-king-sahkopotkulauta-eol\/#primaryimage","url":"https:\/\/www.xn--tuksimaailm-ffb.ee\/wp-content\/uploads\/2021\/04\/king-1.png","contentUrl":"https:\/\/www.xn--tuksimaailm-ffb.ee\/wp-content\/uploads\/2021\/04\/king-1.png","width":531,"height":778},{"@type":"BreadcrumbList","@id":"https:\/\/www.xn--tuksimaailm-ffb.ee\/fi\/shop\/kaabo-wolf-king-sahkopotkulauta-eol\/#breadcrumb","itemListElement":[{"@type":"ListItem","position":1,"name":"Home","item":"https:\/\/www.xn--tuksimaailm-ffb.ee\/fi\/kotisivu\/"},{"@type":"ListItem","position":2,"name":"Kauppa","item":"https:\/\/www.xn--tuksimaailm-ffb.ee\/elektritoukerataste-pood\/"},{"@type":"ListItem","position":3,"name":"Kaabo Wolf King+ s\u00e4hk\u00f6potkulauta (EOL)"}]},{"@type":"WebSite","@id":"https:\/\/www.xn--tuksimaailm-ffb.ee\/fi\/#website","url":"https:\/\/www.xn--tuksimaailm-ffb.ee\/fi\/","name":"T\u00f5uksimaailm","description":"Elektrit\u00f5ukerataste m\u00fc\u00fck, remont ja rent","publisher":{"@id":"https:\/\/www.xn--tuksimaailm-ffb.ee\/fi\/#organization"},"potentialAction":[{"@type":"SearchAction","target":{"@type":"EntryPoint","urlTemplate":"https:\/\/www.xn--tuksimaailm-ffb.ee\/fi\/?s={search_term_string}"},"query-input":{"@type":"PropertyValueSpecification","valueRequired":true,"valueName":"search_term_string"}}],"inLanguage":"fi"},{"@type":"Organization","@id":"https:\/\/www.xn--tuksimaailm-ffb.ee\/fi\/#organization","name":"T\u00f5uksimaailm","url":"https:\/\/www.xn--tuksimaailm-ffb.ee\/fi\/","logo":{"@type":"ImageObject","inLanguage":"fi","@id":"https:\/\/www.xn--tuksimaailm-ffb.ee\/fi\/#\/schema\/logo\/image\/","url":"https:\/\/www.xn--tuksimaailm-ffb.ee\/wp-content\/uploads\/2020\/01\/logoz-e1579792875517.png","contentUrl":"https:\/\/www.xn--tuksimaailm-ffb.ee\/wp-content\/uploads\/2020\/01\/logoz-e1579792875517.png","width":250,"height":250,"caption":"T\u00f5uksimaailm"},"image":{"@id":"https:\/\/www.xn--tuksimaailm-ffb.ee\/fi\/#\/schema\/logo\/image\/"},"sameAs":["https:\/\/www.facebook.com\/touksimaailm\/","https:\/\/www.instagram.com\/touksimaailm_\/","https:\/\/www.youtube.com\/channel\/UC18ml0EKIDLP1xGuQjFzcXQ"]}]},"og_availability":"out of stock","product_availability":"out of stock","product_retailer_item_id":"Wolf_King_Plus","product_condition":"new"},"jetpack_sharing_enabled":true,"_links":{"self":[{"href":"https:\/\/www.xn--tuksimaailm-ffb.ee\/fi\/wp-json\/wp\/v2\/product\/50756","targetHints":{"allow":["GET"]}}],"collection":[{"href":"https:\/\/www.xn--tuksimaailm-ffb.ee\/fi\/wp-json\/wp\/v2\/product"}],"about":[{"href":"https:\/\/www.xn--tuksimaailm-ffb.ee\/fi\/wp-json\/wp\/v2\/types\/product"}],"wp:featuredmedia":[{"embeddable":true,"href":"https:\/\/www.xn--tuksimaailm-ffb.ee\/fi\/wp-json\/wp\/v2\/media\/23281"}],"wp:attachment":[{"href":"https:\/\/www.xn--tuksimaailm-ffb.ee\/fi\/wp-json\/wp\/v2\/media?parent=50756"}],"wp:term":[{"taxonomy":"product_brand","embeddable":true,"href":"https:\/\/www.xn--tuksimaailm-ffb.ee\/fi\/wp-json\/wp\/v2\/product_brand?post=50756"},{"taxonomy":"product_cat","embeddable":true,"href":"https:\/\/www.xn--tuksimaailm-ffb.ee\/fi\/wp-json\/wp\/v2\/product_cat?post=50756"},{"taxonomy":"product_tag","embeddable":true,"href":"https:\/\/www.xn--tuksimaailm-ffb.ee\/fi\/wp-json\/wp\/v2\/product_tag?post=50756"},{"taxonomy":"filter_elektritoukeratas","embeddable":true,"href":"https:\/\/www.xn--tuksimaailm-ffb.ee\/fi\/wp-json\/wp\/v2\/filter_elektritoukeratas?post=50756"}],"curies":[{"name":"wp","href":"https:\/\/api.w.org\/{rel}","templated":true}]}}