{"id":50830,"date":"2020-06-05T16:42:51","date_gmt":"2020-06-05T13:42:51","guid":{"rendered":"http:\/\/www.xn--tuksimaailm-ffb.ee\/shop\/sahkokaytoinen-potkulauta-inokim-ox-eco-eol\/"},"modified":"2020-06-05T16:42:51","modified_gmt":"2020-06-05T13:42:51","slug":"sahkokaytoinen-potkulauta-inokim-ox-eco-eol","status":"publish","type":"product","link":"https:\/\/www.xn--tuksimaailm-ffb.ee\/fi\/shop\/sahkokaytoinen-potkulauta-inokim-ox-eco-eol\/","title":{"rendered":"S\u00e4hk\u00f6k\u00e4yt\u00f6inen potkulauta Inokim OX Eco (EOL)"},"content":{"rendered":"<h3 style=\"text-align: center;\">S\u00c4HK\u00d6POTKULAUTA INOKIM OX ECO TUOTEKUVAUS<\/h3>\n<p>Inokim OX-sarja on s\u00e4hk\u00f6potkulaitteiden kerma ja ihanteellinen valinta ensimm\u00e4isen s\u00e4hk\u00f6potkulaattorin j\u00e4lkeen. Eritt\u00e4in pehme\u00e4ll\u00e4 jousituksella varustetussa OX Eco -mallissa on riitt\u00e4v\u00e4n tehokas moottori, jotta sill\u00e4 p\u00e4\u00e4set hyvin eteenp\u00e4in esimerkiksi yl\u00e4m\u00e4keen kaupungissa tai maastossa. Moottori on tarpeeksi voimakas, jotta voit tuntea voimakkaan ty\u00f6nt\u00f6voiman ilman \u201dpohjaan menemisen\u201d tunnetta, joka voi olla monien tehokkaampien s\u00e4hk\u00f6skoottereiden joidenkin kuljettajien mielest\u00e4 ratkaiseva tekij\u00e4. Suurin nopeus on 35 km\/h, joka voidaan rajoittaa my\u00f6s 25 km\/h:iin katuajonormien mukaan.<\/p>\n<p style=\"caret-color: #000000; color: #000000;\"><strong>HUOM: Kaudesta 2021 alkaen Inokim OX Eco -s\u00e4hk\u00f6skootterin tuotanto loppuu.<\/strong>\u00a0<strong>Tilalle tulevat Inokim\u00a0<\/strong><a href=\"http:\/\/www.xn--tuksimaailm-ffb.ee\/shop\/inokim-quick-4-hero-elektritoukeratas\/\"><strong>Quick 4 Hero<\/strong><\/a><strong>\u00a0ja\u00a0<\/strong><a href=\"http:\/\/www.xn--tuksimaailm-ffb.ee\/shop\/inokim-quick-4-super-elektritoukeratas\/\"><strong>Quick 4 Super<\/strong><\/a><strong>.<\/strong>\u00a0<strong>On my\u00f6s mahdollista valita tehokkaampi OX-sarjan s\u00e4hk\u00f6skootteri -\u00a0<\/strong><a href=\"http:\/\/www.xn--tuksimaailm-ffb.ee\/shop\/inokim-ox-hero-elektritoukeratas\/\"><strong>Inokim OX Hero<\/strong><\/a><strong>\u00a0tai\u00a0<\/strong><a href=\"http:\/\/www.xn--tuksimaailm-ffb.ee\/shop\/inokim-ox-super-elektritoukeratas\/\"><strong>Inokim OX Super<\/strong><\/a><strong>.<\/strong>\u00a0<strong>L\u00f6yd\u00e4t n\u00e4m\u00e4 skootterit\u00a0<\/strong><a href=\"http:\/\/www.xn--tuksimaailm-ffb.ee\/tootekategooria\/elektritoukeratas\/\"><strong>t\u00e4\u00e4lt\u00e4<\/strong><\/a><strong>.<\/strong><\/p>\n<p style=\"caret-color: #000000; color: #000000;\">Runko on valmistettu vahvasta ja kevyest\u00e4 alumiiniseoksesta, jota k\u00e4ytet\u00e4\u00e4n my\u00f6s ilmailu- ja avaruusalalla. Laadukkaiden iskunvaimentimien, leve\u00e4n p\u00f6yd\u00e4n ja mukavan leve\u00e4n linssin ansiosta Inokim OX Eco painaa kokoonsa n\u00e4hden vain 25 kg ja kest\u00e4\u00e4 120 kg:n painon. Ohjauspy\u00f6r\u00e4n, jarrujen, kahvojen ja n\u00e4yt\u00f6n kulman asento voidaan s\u00e4\u00e4t\u00e4\u00e4 kunkin ajajan tarpeiden mukaan. 48 voltin litiumioniakku tarjoaa jopa 40 kilometrin toimintas\u00e4teen, ja 700 watin moottori pystyy saavuttamaan jopa 35 kilometrin tuntinopeuden modifioidun virityksen j\u00e4lkeen. Latausaika on 7h. Py\u00f6r\u00e4t ovat 10''' ja keskivahvat kuviolliset ilmarenkaat voidaan vaihtaa my\u00f6s\u00a0<em>maastorenkaisiin<\/em>. Eturumpu- ja takalevyjarrut takaavat pys\u00e4htymisen kaikissa olosuhteissa ja maastossa. Suosittelemme l\u00e4mpim\u00e4sti kyp\u00e4r\u00e4n k\u00e4ytt\u00e4mist\u00e4 s\u00e4hk\u00f6skootterilla ajettaessa! Inokim OX Eco on kevyempi versio\u00a0<a href=\"http:\/\/www.xn--tuksimaailm-ffb.ee\/shop\/elektriline-toukeratas-inokim-oxo\/\">Inokim OXOsta.<\/a>\u00a0Inokim OX Eco -s\u00e4hk\u00f6skootteria voi kokeilla\u00a0<a href=\"http:\/\/www.xn--tuksimaailm-ffb.ee\/kontakt\/\">Inokim<\/a>OX Eco\u00a0<a href=\"http:\/\/www.xn--tuksimaailm-ffb.ee\/kontakt\/\">-myym\u00e4l\u00e4ss\u00e4<\/a>.<\/p>\n","protected":false},"excerpt":{"rendered":"<p style=\"caret-color: #000000; color: #000000;\">Paino: 25 kg Huippunopeus: 35 km\/h Akku: Litium-ioni, 48 V Moottori: 1000 W:n harjaton vaihteeton moottori Latausaika: 7 h Ajomatka: 40 km Valot: Jarrut: Rumpujarru edess\u00e4, levyjarru takana Renkaat: 10'' pneumaattiset renkaat Maks. kantavuus: 120 kg Materiaali:\u00a0<em>ilmailualumiiniseos<\/em>.<\/p>\n<p style=\"caret-color: #000000; color: #000000;\"><strong><em>HUOM<\/em><\/strong><em>: Inokim OX Eco on loppunut tuotannosta -\u00a0<\/em><a href=\"http:\/\/www.xn--tuksimaailm-ffb.ee\/shop\/inokim-quick-4-super-elektritoukeratas\/\">korvaava tuote saatavilla.<\/a><\/p>\n","protected":false},"featured_media":22182,"template":"","meta":[],"product_brand":[],"product_cat":[926],"product_tag":[],"filter_elektritoukeratas":[],"class_list":{"0":"post-50830","1":"product","2":"type-product","3":"status-publish","4":"has-post-thumbnail","6":"product_cat-sahkopotkulaudat-fi","7":"pa_colour-musta","8":"pa_mootorite-arv-uhe-mootoriga-fi","9":"pa_tootetuup-elektritoukeratas-fi","10":"pa_valmistaja-inokim-fi","12":"first","13":"outofstock","14":"taxable","15":"shipping-taxable","16":"purchasable","17":"product-type-simple"},"yoast_head":"<!-- This site is optimized with the Yoast SEO Premium plugin v26.8 (Yoast SEO v27.5) - https:\/\/yoast.com\/product\/yoast-seo-premium-wordpress\/ -->\n<title>S\u00e4hk\u00f6k\u00e4yt\u00f6inen potkulauta Inokim OX Eco (EOL) &#8212; T\u00f5uksimaailm<\/title>\n<meta name=\"description\" content=\"Inokim OX seeria, ja just Inokim OX Eco, on elektriliste t\u00f5ukerataste koorekiht ning ideaalne valik peale oma esimest elektrit\u00f5ukeratast.\" \/>\n<meta name=\"robots\" content=\"index, follow, max-snippet:-1, max-image-preview:large, max-video-preview:-1\" \/>\n<link rel=\"canonical\" href=\"https:\/\/www.xn--tuksimaailm-ffb.ee\/fi\/shop\/sahkokaytoinen-potkulauta-inokim-ox-eco-eol\/\" \/>\n<meta property=\"og:locale\" content=\"fi_FI\" \/>\n<meta property=\"og:type\" content=\"article\" \/>\n<meta property=\"og:title\" content=\"S\u00e4hk\u00f6k\u00e4yt\u00f6inen potkulauta Inokim OX Eco (EOL)\" \/>\n<meta property=\"og:description\" content=\"Inokim OX seeria, ja just Inokim OX Eco, on elektriliste t\u00f5ukerataste koorekiht ning ideaalne valik peale oma esimest elektrit\u00f5ukeratast.\" \/>\n<meta property=\"og:url\" content=\"https:\/\/www.xn--tuksimaailm-ffb.ee\/fi\/shop\/sahkokaytoinen-potkulauta-inokim-ox-eco-eol\/\" \/>\n<meta property=\"og:site_name\" content=\"T\u00f5uksimaailm\" \/>\n<meta property=\"article:publisher\" content=\"https:\/\/www.facebook.com\/touksimaailm\/\" \/>\n<meta property=\"og:image\" content=\"https:\/\/www.xn--tuksimaailm-ffb.ee\/wp-content\/uploads\/2020\/06\/elektriline-to\u0303ukeratas-inokim-ox-eco-1.jpg\" \/>\n\t<meta property=\"og:image:width\" content=\"1024\" \/>\n\t<meta property=\"og:image:height\" content=\"1024\" \/>\n\t<meta property=\"og:image:type\" content=\"image\/jpeg\" \/>\n<meta name=\"twitter:card\" content=\"summary_large_image\" \/>\n<meta name=\"twitter:label1\" content=\"Hinta\" \/>\n\t<meta name=\"twitter:data1\" content=\"&euro;1,299.00\" \/>\n\t<meta name=\"twitter:label2\" content=\"Saatavuus\" \/>\n\t<meta name=\"twitter:data2\" content=\"Loppu varastosta\" \/>\n<meta property=\"product:price:amount\" content=\"1299.00\" \/>\n<meta property=\"product:price:currency\" content=\"EUR\" \/>\n<meta property=\"og:availability\" content=\"out of stock\" \/>\n<meta property=\"product:availability\" content=\"out of stock\" \/>\n<meta property=\"product:retailer_item_id\" content=\"Inokim_Ox_Eco\" \/>\n<meta property=\"product:condition\" content=\"new\" \/>\n<!-- \/ Yoast SEO Premium plugin. -->","yoast_head_json":{"title":"S\u00e4hk\u00f6k\u00e4yt\u00f6inen potkulauta Inokim OX Eco (EOL) &#8212; T\u00f5uksimaailm","description":"Inokim OX seeria, ja just Inokim OX Eco, on elektriliste t\u00f5ukerataste koorekiht ning ideaalne valik peale oma esimest elektrit\u00f5ukeratast.","robots":{"index":"index","follow":"follow","max-snippet":"max-snippet:-1","max-image-preview":"max-image-preview:large","max-video-preview":"max-video-preview:-1"},"canonical":"https:\/\/www.xn--tuksimaailm-ffb.ee\/fi\/shop\/sahkokaytoinen-potkulauta-inokim-ox-eco-eol\/","og_locale":"fi_FI","og_type":"article","og_title":"S\u00e4hk\u00f6k\u00e4yt\u00f6inen potkulauta Inokim OX Eco (EOL)","og_description":"Inokim OX seeria, ja just Inokim OX Eco, on elektriliste t\u00f5ukerataste koorekiht ning ideaalne valik peale oma esimest elektrit\u00f5ukeratast.","og_url":"https:\/\/www.xn--tuksimaailm-ffb.ee\/fi\/shop\/sahkokaytoinen-potkulauta-inokim-ox-eco-eol\/","og_site_name":"T\u00f5uksimaailm","article_publisher":"https:\/\/www.facebook.com\/touksimaailm\/","og_image":[{"width":1024,"height":1024,"url":"https:\/\/www.xn--tuksimaailm-ffb.ee\/wp-content\/uploads\/2020\/06\/elektriline-to\u0303ukeratas-inokim-ox-eco-1.jpg","type":"image\/jpeg"}],"twitter_card":"summary_large_image","twitter_misc":{"Hinta":"&euro;1,299.00","Saatavuus":"Loppu varastosta"},"schema":{"@context":"https:\/\/schema.org","@graph":[{"@type":"WebPage","@id":"https:\/\/www.xn--tuksimaailm-ffb.ee\/fi\/shop\/sahkokaytoinen-potkulauta-inokim-ox-eco-eol\/","url":"https:\/\/www.xn--tuksimaailm-ffb.ee\/fi\/shop\/sahkokaytoinen-potkulauta-inokim-ox-eco-eol\/","name":"S\u00e4hk\u00f6k\u00e4yt\u00f6inen potkulauta Inokim OX Eco (EOL) &#8212; T\u00f5uksimaailm","isPartOf":{"@id":"https:\/\/www.xn--tuksimaailm-ffb.ee\/fi\/#website"},"primaryImageOfPage":{"@id":"https:\/\/www.xn--tuksimaailm-ffb.ee\/fi\/shop\/sahkokaytoinen-potkulauta-inokim-ox-eco-eol\/#primaryimage"},"image":{"@id":"https:\/\/www.xn--tuksimaailm-ffb.ee\/fi\/shop\/sahkokaytoinen-potkulauta-inokim-ox-eco-eol\/#primaryimage"},"thumbnailUrl":"https:\/\/www.xn--tuksimaailm-ffb.ee\/wp-content\/uploads\/2020\/06\/elektriline-to\u0303ukeratas-inokim-ox-eco-1.jpg","datePublished":"2020-06-05T13:42:51+00:00","description":"Inokim OX seeria, ja just Inokim OX Eco, on elektriliste t\u00f5ukerataste koorekiht ning ideaalne valik peale oma esimest elektrit\u00f5ukeratast.","breadcrumb":{"@id":"https:\/\/www.xn--tuksimaailm-ffb.ee\/fi\/shop\/sahkokaytoinen-potkulauta-inokim-ox-eco-eol\/#breadcrumb"},"inLanguage":"fi","potentialAction":[{"@type":"ReadAction","target":["https:\/\/www.xn--tuksimaailm-ffb.ee\/fi\/shop\/sahkokaytoinen-potkulauta-inokim-ox-eco-eol\/"]}]},{"@type":"ImageObject","inLanguage":"fi","@id":"https:\/\/www.xn--tuksimaailm-ffb.ee\/fi\/shop\/sahkokaytoinen-potkulauta-inokim-ox-eco-eol\/#primaryimage","url":"https:\/\/www.xn--tuksimaailm-ffb.ee\/wp-content\/uploads\/2020\/06\/elektriline-to\u0303ukeratas-inokim-ox-eco-1.jpg","contentUrl":"https:\/\/www.xn--tuksimaailm-ffb.ee\/wp-content\/uploads\/2020\/06\/elektriline-to\u0303ukeratas-inokim-ox-eco-1.jpg","width":1024,"height":1024},{"@type":"BreadcrumbList","@id":"https:\/\/www.xn--tuksimaailm-ffb.ee\/fi\/shop\/sahkokaytoinen-potkulauta-inokim-ox-eco-eol\/#breadcrumb","itemListElement":[{"@type":"ListItem","position":1,"name":"Home","item":"https:\/\/www.xn--tuksimaailm-ffb.ee\/fi\/kotisivu\/"},{"@type":"ListItem","position":2,"name":"Kauppa","item":"https:\/\/www.xn--tuksimaailm-ffb.ee\/elektritoukerataste-pood\/"},{"@type":"ListItem","position":3,"name":"S\u00e4hk\u00f6k\u00e4yt\u00f6inen potkulauta Inokim OX Eco (EOL)"}]},{"@type":"WebSite","@id":"https:\/\/www.xn--tuksimaailm-ffb.ee\/fi\/#website","url":"https:\/\/www.xn--tuksimaailm-ffb.ee\/fi\/","name":"T\u00f5uksimaailm","description":"Elektrit\u00f5ukerataste m\u00fc\u00fck, remont ja rent","publisher":{"@id":"https:\/\/www.xn--tuksimaailm-ffb.ee\/fi\/#organization"},"potentialAction":[{"@type":"SearchAction","target":{"@type":"EntryPoint","urlTemplate":"https:\/\/www.xn--tuksimaailm-ffb.ee\/fi\/?s={search_term_string}"},"query-input":{"@type":"PropertyValueSpecification","valueRequired":true,"valueName":"search_term_string"}}],"inLanguage":"fi"},{"@type":"Organization","@id":"https:\/\/www.xn--tuksimaailm-ffb.ee\/fi\/#organization","name":"T\u00f5uksimaailm","url":"https:\/\/www.xn--tuksimaailm-ffb.ee\/fi\/","logo":{"@type":"ImageObject","inLanguage":"fi","@id":"https:\/\/www.xn--tuksimaailm-ffb.ee\/fi\/#\/schema\/logo\/image\/","url":"https:\/\/www.xn--tuksimaailm-ffb.ee\/wp-content\/uploads\/2020\/01\/logoz-e1579792875517.png","contentUrl":"https:\/\/www.xn--tuksimaailm-ffb.ee\/wp-content\/uploads\/2020\/01\/logoz-e1579792875517.png","width":250,"height":250,"caption":"T\u00f5uksimaailm"},"image":{"@id":"https:\/\/www.xn--tuksimaailm-ffb.ee\/fi\/#\/schema\/logo\/image\/"},"sameAs":["https:\/\/www.facebook.com\/touksimaailm\/","https:\/\/www.instagram.com\/touksimaailm_\/","https:\/\/www.youtube.com\/channel\/UC18ml0EKIDLP1xGuQjFzcXQ"]}]},"product_price_amount":"1299.00","product_price_currency":"EUR","og_availability":"out of stock","product_availability":"out of stock","product_retailer_item_id":"Inokim_Ox_Eco","product_condition":"new"},"jetpack_sharing_enabled":true,"_links":{"self":[{"href":"https:\/\/www.xn--tuksimaailm-ffb.ee\/fi\/wp-json\/wp\/v2\/product\/50830","targetHints":{"allow":["GET"]}}],"collection":[{"href":"https:\/\/www.xn--tuksimaailm-ffb.ee\/fi\/wp-json\/wp\/v2\/product"}],"about":[{"href":"https:\/\/www.xn--tuksimaailm-ffb.ee\/fi\/wp-json\/wp\/v2\/types\/product"}],"wp:featuredmedia":[{"embeddable":true,"href":"https:\/\/www.xn--tuksimaailm-ffb.ee\/fi\/wp-json\/wp\/v2\/media\/22182"}],"wp:attachment":[{"href":"https:\/\/www.xn--tuksimaailm-ffb.ee\/fi\/wp-json\/wp\/v2\/media?parent=50830"}],"wp:term":[{"taxonomy":"product_brand","embeddable":true,"href":"https:\/\/www.xn--tuksimaailm-ffb.ee\/fi\/wp-json\/wp\/v2\/product_brand?post=50830"},{"taxonomy":"product_cat","embeddable":true,"href":"https:\/\/www.xn--tuksimaailm-ffb.ee\/fi\/wp-json\/wp\/v2\/product_cat?post=50830"},{"taxonomy":"product_tag","embeddable":true,"href":"https:\/\/www.xn--tuksimaailm-ffb.ee\/fi\/wp-json\/wp\/v2\/product_tag?post=50830"},{"taxonomy":"filter_elektritoukeratas","embeddable":true,"href":"https:\/\/www.xn--tuksimaailm-ffb.ee\/fi\/wp-json\/wp\/v2\/filter_elektritoukeratas?post=50830"}],"curies":[{"name":"wp","href":"https:\/\/api.w.org\/{rel}","templated":true}]}}