{"id":50832,"date":"2020-04-06T16:40:18","date_gmt":"2020-04-06T13:40:18","guid":{"rendered":"http:\/\/www.xn--tuksimaailm-ffb.ee\/shop\/sahkokayttoinen-potkulauta-xiaomi-mi-m365-pro-eol\/"},"modified":"2020-04-06T16:40:18","modified_gmt":"2020-04-06T13:40:18","slug":"sahkokayttoinen-potkulauta-xiaomi-mi-m365-pro-eol","status":"publish","type":"product","link":"https:\/\/www.xn--tuksimaailm-ffb.ee\/fi\/shop\/sahkokayttoinen-potkulauta-xiaomi-mi-m365-pro-eol\/","title":{"rendered":"S\u00e4hk\u00f6k\u00e4ytt\u00f6inen potkulauta Xiaomi Mi M365 Pro (EOL)"},"content":{"rendered":"<h2 style=\"text-align: center;\">TUOTEKUVAUS<\/h2>\n<p style=\"caret-color: #000000; color: #000000;\">Xiaomi Mi M365 Pro -s\u00e4hk\u00f6skootteri on kehittynyt ja tehokkaampi versio\u00a0<a href=\"http:\/\/www.xn--tuksimaailm-ffb.ee\/shop\/elektritouks_xiaomi-360\/\">Xiaomi Mi M365<\/a>\u00a0-s\u00e4hk\u00f6skootterista. K\u00e4ytt\u00e4j\u00e4yst\u00e4v\u00e4llinen ja helppok\u00e4ytt\u00f6inen Xiaomi Mi M365 Pro tarjoaa vanhempaan malliin verrattuna etuja, kuten monipuolisemman n\u00e4yt\u00f6n, suuremman akkukapasiteetin, pidemm\u00e4n toimintas\u00e4teen ja tehokkaamman moottorin, joka mahdollistaa tehokkaamman kiihdytyksen ja ajamisen yl\u00e4m\u00e4keen. Muotoilun ja ulkon\u00e4\u00f6n osalta Pro-versio on hieman korkeampi ja pidempi, mutta s\u00e4ilytt\u00e4\u00e4 Xiaomin tunnusomaiset punaiset linjat, minimalistisen muotoilun ja mattapintaisen viimeistelyn.<\/p>\n<p style=\"caret-color: #000000; color: #000000;\"><strong>HUOM: Xiaomi M365 Pro -s\u00e4hk\u00f6potkulauta ei ole en\u00e4\u00e4 tuotannossa.<\/strong>\u00a0<a><strong>Xiaomi Mi 1S<\/strong><\/a><strong>\u00a0ja\u00a0<\/strong><a><strong>Xiaomi Mi Pro 2<\/strong><\/a><strong>\u00a0-s\u00e4hk\u00f6skootterit ovat paikallaan.<\/strong><\/p>\n<h2 style=\"text-align: center;\">Tekninen kuvaus<\/h2>\n<p style=\"caret-color: #000000; color: #000000;\">Alumiiniseosrungon ansiosta Xiaomi Mi 365 Pro on kest\u00e4v\u00e4 ja s\u00e4\u00e4nkest\u00e4v\u00e4 ja painaa vain\u00a0<strong>14,2 kg.<\/strong>\u00a0Xiaomi Mi Pro -s\u00e4hk\u00f6skootteri voidaan koota napin painalluksella. Kevyen painonsa ja pienen kokonsa ansiosta sit\u00e4 on helppo liikutella kaupunkitiloissa tai kuljettaa kokoon taitettuna mukana. Xiaomi Mi -s\u00e4hk\u00f6skootterilla voi ajaa jopa\u00a0<strong>45 km<\/strong>\u00a0yhdell\u00e4 latauksella. Tehokas akku takaa tehokkaan etenemisen my\u00f6s yl\u00e4m\u00e4keen ajettaessa. Xiaomi Mi:n valmistajan nopeus on\u00a0<strong>25km\/h<\/strong>. Nopeuden s\u00e4\u00e4t\u00f6 tapahtuu sujuvasti ohjauspy\u00f6r\u00e4ll\u00e4, joka on varustettu liukumattomilla kahvoilla.<\/p>\n<p style=\"caret-color: #000000; color: #000000;\">Xiaomi Mi -s\u00e4hk\u00f6skootterissa on s\u00e4hk\u00f6iset etu- ja takaketjujarrut sek\u00e4 eABS- ja estoj\u00e4rjestelm\u00e4, joka takaa turvallisen, varman ja nopean pys\u00e4htymisen vain\u00a0<strong>4<\/strong>\u00a0metriss\u00e4. Jarrutettaessa jarruvalo syttyy, jotta olet n\u00e4kyv\u00e4mpi muille kuljettajille. Akun t\u00e4yteen lataaminen kest\u00e4\u00e4 noin\u00a0<strong>8 tuntia<\/strong>. Xiaomi Mi -s\u00e4hk\u00f6skootteri on varustettu eritt\u00e4in tehokkaalla\u00a0<strong>1,1W<\/strong>ajovalolla, jonka valons\u00e4de ylt\u00e4\u00e4 jopa 6 metrin p\u00e4\u00e4h\u00e4n. Kahvassa olevan LCD-n\u00e4yt\u00f6n avulla s\u00e4hk\u00f6potkulauta voidaan kytke\u00e4 s\u00e4\u00e4st\u00f6tilaan, ja se n\u00e4ytt\u00e4\u00e4 my\u00f6s akun tilan, tilan ja nopeuden. Xiaomi Mi M365 Pro -s\u00e4hk\u00f6skootterissa on 3 nopeustilaa.<\/p>\n<p>Voit my\u00f6s liitt\u00e4\u00e4 pistorasian matkapuhelimeesi ja k\u00e4ytt\u00e4\u00e4 puhelintasi n\u00e4ytt\u00f6n\u00e4 sek\u00e4 muuttaa ja ohjata paljon muuta. Kytke\u00e4ksesi Xiaomi Mi -s\u00e4hk\u00f6skootterin p\u00e4\u00e4lle, paina painiketta lyhyesti, sammuttaaksesi sen, pid\u00e4 painiketta alhaalla. Kun s\u00e4hk\u00f6skootteri on p\u00e4\u00e4ll\u00e4, sinun on painettava painiketta kerran kytke\u00e4ksesi valot p\u00e4\u00e4lle ja pois ja kaksi kertaa vaihtaaksesi s\u00e4\u00e4st\u00f6- ja urheilutilojen v\u00e4lill\u00e4. Suosittelemme, ett\u00e4 k\u00e4yt\u00e4t aina kyp\u00e4r\u00e4\u00e4 ajaessasi ajonvakautuksella!<\/p>\n<p style=\"caret-color: #000000; color: #000000;\">Jos haluat testata ennen ostoa, ett\u00e4 skootteri kulkee paikallisilla kukkuloilla tai ajaa ajotyylillesi sopivan matkan, voit my\u00f6s\u00a0<a href=\"http:\/\/www.xn--tuksimaailm-ffb.ee\/elektrilise-toukeratta-rent\/\">vuokrata<\/a>\u00a0sen meilt\u00e4 tunniksi, p\u00e4iv\u00e4ksi tai jopa viikoksi! Jos haluat n\u00e4hd\u00e4 lis\u00e4\u00e4\u00a0<a href=\"http:\/\/www.xn--tuksimaailm-ffb.ee\/tootekategooria\/elektritoukeratas\/\">s\u00e4hk\u00f6skoottereita<\/a>, klikkaa t\u00e4st\u00e4 -\u00a0<a href=\"http:\/\/www.xn--tuksimaailm-ffb.ee\/tootekategooria\/elektritoukeratas\/\">S\u00e4hk\u00f6skootteri<\/a>.<\/p>\n<p style=\"text-align: right;\"><a href=\"https:\/\/www.mi.com\/global\/mi-electric-scooter\">Mi electric scooter<\/a><\/p>\n","protected":false},"excerpt":{"rendered":"<p>TUOTEKUVAUS Xiaomi Mi M365 Pro -s\u00e4hk\u00f6skootteri on kehittynyt ja tehokkaampi versio\u00a0Xiaomi Mi M365\u00a0-s\u00e4hk\u00f6skootterista. K\u00e4ytt\u00e4j\u00e4yst\u00e4v\u00e4llinen ja helppok\u00e4ytt\u00f6inen Xiaomi Mi M365 Pro tarjoaa vanhempaan malliin verrattuna etuja, kuten monipuolisemman n\u00e4yt\u00f6n, suuremman akkukapasiteetin, pidemm\u00e4n toimintas\u00e4teen ja tehokkaamman moottorin, joka mahdollistaa tehokkaamman kiihdytyksen ja ajamisen yl\u00e4m\u00e4keen. Muotoilun ja ulkon\u00e4\u00f6n osalta Pro-versio on hieman korkeampi &hellip;<\/p>\n","protected":false},"featured_media":22079,"template":"","meta":[],"product_brand":[],"product_cat":[926],"product_tag":[],"filter_elektritoukeratas":[],"class_list":{"0":"post-50832","1":"product","2":"type-product","3":"status-publish","4":"has-post-thumbnail","6":"product_cat-sahkopotkulaudat-fi","7":"pa_mootorite-arv-uhe-mootoriga-fi","8":"pa_tootetuup-elektritoukeratas-fi","9":"pa_valmistaja-xiaomi-fi","11":"first","12":"outofstock","13":"taxable","14":"shipping-taxable","15":"purchasable","16":"product-type-simple"},"yoast_head":"<!-- This site is optimized with the Yoast SEO Premium plugin v26.8 (Yoast SEO v27.5) - https:\/\/yoast.com\/product\/yoast-seo-premium-wordpress\/ -->\n<title>S\u00e4hk\u00f6k\u00e4ytt\u00f6inen potkulauta Xiaomi Mi M365 Pro (EOL) &#8212; T\u00f5uksimaailm Elektrit\u00f5uksid<\/title>\n<meta name=\"description\" content=\"Elektriline t\u00f5ukeratas Xiaomi Mi M365 Pro on Xiaomi Mi M365 elektrilise t\u00f5ukeratta edasiarendus ning v\u00f5imekam versioon. L\u00e4bis\u00f5it 45km.\" \/>\n<meta name=\"robots\" content=\"index, follow, max-snippet:-1, max-image-preview:large, max-video-preview:-1\" \/>\n<link rel=\"canonical\" href=\"https:\/\/www.xn--tuksimaailm-ffb.ee\/fi\/shop\/sahkokayttoinen-potkulauta-xiaomi-mi-m365-pro-eol\/\" \/>\n<meta property=\"og:locale\" content=\"fi_FI\" \/>\n<meta property=\"og:type\" content=\"article\" \/>\n<meta property=\"og:title\" content=\"S\u00e4hk\u00f6k\u00e4ytt\u00f6inen potkulauta Xiaomi Mi M365 Pro (EOL)\" \/>\n<meta property=\"og:description\" content=\"Elektriline t\u00f5ukeratas Xiaomi Mi M365 Pro on Xiaomi Mi M365 elektrilise t\u00f5ukeratta edasiarendus ning v\u00f5imekam versioon. L\u00e4bis\u00f5it 45km.\" \/>\n<meta property=\"og:url\" content=\"https:\/\/www.xn--tuksimaailm-ffb.ee\/fi\/shop\/sahkokayttoinen-potkulauta-xiaomi-mi-m365-pro-eol\/\" \/>\n<meta property=\"og:site_name\" content=\"T\u00f5uksimaailm\" \/>\n<meta property=\"article:publisher\" content=\"https:\/\/www.facebook.com\/touksimaailm\/\" \/>\n<meta property=\"og:image\" content=\"https:\/\/www.xn--tuksimaailm-ffb.ee\/wp-content\/uploads\/2020\/04\/Screenshot-2020-04-09-at-20.14.38.png\" \/>\n\t<meta property=\"og:image:width\" content=\"1086\" \/>\n\t<meta property=\"og:image:height\" content=\"1100\" \/>\n\t<meta property=\"og:image:type\" content=\"image\/png\" \/>\n<meta name=\"twitter:card\" content=\"summary_large_image\" \/>\n<meta name=\"twitter:label1\" content=\"Hinta\" \/>\n\t<meta name=\"twitter:data1\" content=\"&euro;539.00\" \/>\n\t<meta name=\"twitter:label2\" content=\"Saatavuus\" \/>\n\t<meta name=\"twitter:data2\" content=\"Loppu varastosta\" \/>\n<meta property=\"product:price:amount\" content=\"539.00\" \/>\n<meta property=\"product:price:currency\" content=\"EUR\" \/>\n<meta property=\"og:availability\" content=\"out of stock\" \/>\n<meta property=\"product:availability\" content=\"out of stock\" \/>\n<meta property=\"product:retailer_item_id\" content=\"M365_Pro\" \/>\n<meta property=\"product:condition\" content=\"new\" \/>\n<!-- \/ Yoast SEO Premium plugin. -->","yoast_head_json":{"title":"S\u00e4hk\u00f6k\u00e4ytt\u00f6inen potkulauta Xiaomi Mi M365 Pro (EOL) &#8212; T\u00f5uksimaailm Elektrit\u00f5uksid","description":"Elektriline t\u00f5ukeratas Xiaomi Mi M365 Pro on Xiaomi Mi M365 elektrilise t\u00f5ukeratta edasiarendus ning v\u00f5imekam versioon. L\u00e4bis\u00f5it 45km.","robots":{"index":"index","follow":"follow","max-snippet":"max-snippet:-1","max-image-preview":"max-image-preview:large","max-video-preview":"max-video-preview:-1"},"canonical":"https:\/\/www.xn--tuksimaailm-ffb.ee\/fi\/shop\/sahkokayttoinen-potkulauta-xiaomi-mi-m365-pro-eol\/","og_locale":"fi_FI","og_type":"article","og_title":"S\u00e4hk\u00f6k\u00e4ytt\u00f6inen potkulauta Xiaomi Mi M365 Pro (EOL)","og_description":"Elektriline t\u00f5ukeratas Xiaomi Mi M365 Pro on Xiaomi Mi M365 elektrilise t\u00f5ukeratta edasiarendus ning v\u00f5imekam versioon. L\u00e4bis\u00f5it 45km.","og_url":"https:\/\/www.xn--tuksimaailm-ffb.ee\/fi\/shop\/sahkokayttoinen-potkulauta-xiaomi-mi-m365-pro-eol\/","og_site_name":"T\u00f5uksimaailm","article_publisher":"https:\/\/www.facebook.com\/touksimaailm\/","og_image":[{"width":1086,"height":1100,"url":"https:\/\/www.xn--tuksimaailm-ffb.ee\/wp-content\/uploads\/2020\/04\/Screenshot-2020-04-09-at-20.14.38.png","type":"image\/png"}],"twitter_card":"summary_large_image","twitter_misc":{"Hinta":"&euro;539.00","Saatavuus":"Loppu varastosta"},"schema":{"@context":"https:\/\/schema.org","@graph":[{"@type":"WebPage","@id":"https:\/\/www.xn--tuksimaailm-ffb.ee\/fi\/shop\/sahkokayttoinen-potkulauta-xiaomi-mi-m365-pro-eol\/","url":"https:\/\/www.xn--tuksimaailm-ffb.ee\/fi\/shop\/sahkokayttoinen-potkulauta-xiaomi-mi-m365-pro-eol\/","name":"S\u00e4hk\u00f6k\u00e4ytt\u00f6inen potkulauta Xiaomi Mi M365 Pro (EOL) &#8212; T\u00f5uksimaailm Elektrit\u00f5uksid","isPartOf":{"@id":"https:\/\/www.xn--tuksimaailm-ffb.ee\/fi\/#website"},"primaryImageOfPage":{"@id":"https:\/\/www.xn--tuksimaailm-ffb.ee\/fi\/shop\/sahkokayttoinen-potkulauta-xiaomi-mi-m365-pro-eol\/#primaryimage"},"image":{"@id":"https:\/\/www.xn--tuksimaailm-ffb.ee\/fi\/shop\/sahkokayttoinen-potkulauta-xiaomi-mi-m365-pro-eol\/#primaryimage"},"thumbnailUrl":"https:\/\/www.xn--tuksimaailm-ffb.ee\/wp-content\/uploads\/2020\/04\/Screenshot-2020-04-09-at-20.14.38.png","datePublished":"2020-04-06T13:40:18+00:00","description":"Elektriline t\u00f5ukeratas Xiaomi Mi M365 Pro on Xiaomi Mi M365 elektrilise t\u00f5ukeratta edasiarendus ning v\u00f5imekam versioon. L\u00e4bis\u00f5it 45km.","breadcrumb":{"@id":"https:\/\/www.xn--tuksimaailm-ffb.ee\/fi\/shop\/sahkokayttoinen-potkulauta-xiaomi-mi-m365-pro-eol\/#breadcrumb"},"inLanguage":"fi","potentialAction":[{"@type":"ReadAction","target":["https:\/\/www.xn--tuksimaailm-ffb.ee\/fi\/shop\/sahkokayttoinen-potkulauta-xiaomi-mi-m365-pro-eol\/"]}]},{"@type":"ImageObject","inLanguage":"fi","@id":"https:\/\/www.xn--tuksimaailm-ffb.ee\/fi\/shop\/sahkokayttoinen-potkulauta-xiaomi-mi-m365-pro-eol\/#primaryimage","url":"https:\/\/www.xn--tuksimaailm-ffb.ee\/wp-content\/uploads\/2020\/04\/Screenshot-2020-04-09-at-20.14.38.png","contentUrl":"https:\/\/www.xn--tuksimaailm-ffb.ee\/wp-content\/uploads\/2020\/04\/Screenshot-2020-04-09-at-20.14.38.png","width":1086,"height":1100},{"@type":"BreadcrumbList","@id":"https:\/\/www.xn--tuksimaailm-ffb.ee\/fi\/shop\/sahkokayttoinen-potkulauta-xiaomi-mi-m365-pro-eol\/#breadcrumb","itemListElement":[{"@type":"ListItem","position":1,"name":"Home","item":"https:\/\/www.xn--tuksimaailm-ffb.ee\/fi\/kotisivu\/"},{"@type":"ListItem","position":2,"name":"Kauppa","item":"https:\/\/www.xn--tuksimaailm-ffb.ee\/elektritoukerataste-pood\/"},{"@type":"ListItem","position":3,"name":"S\u00e4hk\u00f6k\u00e4ytt\u00f6inen potkulauta Xiaomi Mi M365 Pro (EOL)"}]},{"@type":"WebSite","@id":"https:\/\/www.xn--tuksimaailm-ffb.ee\/fi\/#website","url":"https:\/\/www.xn--tuksimaailm-ffb.ee\/fi\/","name":"T\u00f5uksimaailm","description":"Elektrit\u00f5ukerataste m\u00fc\u00fck, remont ja rent","publisher":{"@id":"https:\/\/www.xn--tuksimaailm-ffb.ee\/fi\/#organization"},"potentialAction":[{"@type":"SearchAction","target":{"@type":"EntryPoint","urlTemplate":"https:\/\/www.xn--tuksimaailm-ffb.ee\/fi\/?s={search_term_string}"},"query-input":{"@type":"PropertyValueSpecification","valueRequired":true,"valueName":"search_term_string"}}],"inLanguage":"fi"},{"@type":"Organization","@id":"https:\/\/www.xn--tuksimaailm-ffb.ee\/fi\/#organization","name":"T\u00f5uksimaailm","url":"https:\/\/www.xn--tuksimaailm-ffb.ee\/fi\/","logo":{"@type":"ImageObject","inLanguage":"fi","@id":"https:\/\/www.xn--tuksimaailm-ffb.ee\/fi\/#\/schema\/logo\/image\/","url":"https:\/\/www.xn--tuksimaailm-ffb.ee\/wp-content\/uploads\/2020\/01\/logoz-e1579792875517.png","contentUrl":"https:\/\/www.xn--tuksimaailm-ffb.ee\/wp-content\/uploads\/2020\/01\/logoz-e1579792875517.png","width":250,"height":250,"caption":"T\u00f5uksimaailm"},"image":{"@id":"https:\/\/www.xn--tuksimaailm-ffb.ee\/fi\/#\/schema\/logo\/image\/"},"sameAs":["https:\/\/www.facebook.com\/touksimaailm\/","https:\/\/www.instagram.com\/touksimaailm_\/","https:\/\/www.youtube.com\/channel\/UC18ml0EKIDLP1xGuQjFzcXQ"]}]},"product_price_amount":"539.00","product_price_currency":"EUR","og_availability":"out of stock","product_availability":"out of stock","product_retailer_item_id":"M365_Pro","product_condition":"new"},"jetpack_sharing_enabled":true,"_links":{"self":[{"href":"https:\/\/www.xn--tuksimaailm-ffb.ee\/fi\/wp-json\/wp\/v2\/product\/50832","targetHints":{"allow":["GET"]}}],"collection":[{"href":"https:\/\/www.xn--tuksimaailm-ffb.ee\/fi\/wp-json\/wp\/v2\/product"}],"about":[{"href":"https:\/\/www.xn--tuksimaailm-ffb.ee\/fi\/wp-json\/wp\/v2\/types\/product"}],"wp:featuredmedia":[{"embeddable":true,"href":"https:\/\/www.xn--tuksimaailm-ffb.ee\/fi\/wp-json\/wp\/v2\/media\/22079"}],"wp:attachment":[{"href":"https:\/\/www.xn--tuksimaailm-ffb.ee\/fi\/wp-json\/wp\/v2\/media?parent=50832"}],"wp:term":[{"taxonomy":"product_brand","embeddable":true,"href":"https:\/\/www.xn--tuksimaailm-ffb.ee\/fi\/wp-json\/wp\/v2\/product_brand?post=50832"},{"taxonomy":"product_cat","embeddable":true,"href":"https:\/\/www.xn--tuksimaailm-ffb.ee\/fi\/wp-json\/wp\/v2\/product_cat?post=50832"},{"taxonomy":"product_tag","embeddable":true,"href":"https:\/\/www.xn--tuksimaailm-ffb.ee\/fi\/wp-json\/wp\/v2\/product_tag?post=50832"},{"taxonomy":"filter_elektritoukeratas","embeddable":true,"href":"https:\/\/www.xn--tuksimaailm-ffb.ee\/fi\/wp-json\/wp\/v2\/filter_elektritoukeratas?post=50832"}],"curies":[{"name":"wp","href":"https:\/\/api.w.org\/{rel}","templated":true}]}}