{"id":50833,"date":"2020-03-27T22:38:44","date_gmt":"2020-03-27T19:38:44","guid":{"rendered":"http:\/\/www.xn--tuksimaailm-ffb.ee\/shop\/sahkokaytoinen-potkulauta-e-twow-s2-booster-plus-eol\/"},"modified":"2020-03-27T22:38:44","modified_gmt":"2020-03-27T19:38:44","slug":"sahkokaytoinen-potkulauta-e-twow-s2-booster-plus-eol","status":"publish","type":"product","link":"https:\/\/www.xn--tuksimaailm-ffb.ee\/fi\/shop\/sahkokaytoinen-potkulauta-e-twow-s2-booster-plus-eol\/","title":{"rendered":"S\u00e4hk\u00f6k\u00e4yt\u00f6inen potkulauta E-Twow S2 Booster Plus (EOL)"},"content":{"rendered":"<p>E-Twow Booster Plus -s\u00e4hk\u00f6skootteri on yksi pomminvarmimmista s\u00e4hk\u00f6skoottereista, joita voit ostaa kohtuulliseen hintaan. E-Twow on osoittautunut eritt\u00e4in luotettavaksi tuotemerkiksi, joka innovoi jatkuvasti jo kehitt\u00e4mi\u00e4\u00e4n s\u00e4hk\u00f6skoottereita ja asettaa asiakastyytyv\u00e4isyyden etusijalle. E-Twow S2 Booster Plus on Booster Plus -mallin jatkokehitys, ja siit\u00e4 on tullut eritt\u00e4in suosittu ajoneuvo jokap\u00e4iv\u00e4isten s\u00e4hk\u00f6isten ty\u00f6matkalaisten keskuudessa hyv\u00e4st\u00e4 syyst\u00e4. Laajan v\u00e4rivalikoiman ansiosta jokainen s\u00e4hk\u00f6inen ty\u00f6matkalainen l\u00f6yt\u00e4\u00e4 itselleen sopivan s\u00e4hk\u00f6isen liikkumisv\u00e4lineen.<\/p>\n<p style=\"caret-color: #000000; color: #000000;\"><strong>HUOM: E-Twow S2 Booster Plus on loppunut varastosta!<\/strong>\u00a0<strong>Vaihtoehtoisesti suosittelemme\u00a0<\/strong><a href=\"http:\/\/www.xn--tuksimaailm-ffb.ee\/shop\/inokim-light-2-super-elektritoukeratas\/\"><strong>Inokim Light 2 Super<\/strong><\/a><strong>\u00a0tai\u00a0<\/strong><a href=\"http:\/\/www.xn--tuksimaailm-ffb.ee\/shop\/velt-smart-scooter-x8-pro-elektritoukeratas\/\"><strong>Velt Smart Scooter X8 Pro<\/strong><\/a><strong>.<\/strong><\/p>\n<p style=\"caret-color: #000000; color: #000000;\">E-Twow Booster Plus on varustettu\u00a0<strong>500 W:n\u00a0<\/strong>moottorilla ja<strong>\u00a08,7 Ah:n<\/strong>\u00a0akulla. Muutetun virityksen j\u00e4lkeen se saavuttaa jopa\u00a0<strong>30 km\/h<\/strong>\u00a0nopeuden ja voi kulkea\u00a0<strong>30 km<\/strong>\u00a0yhdell\u00e4 latauksella. E-Twow'n tehoon n\u00e4hden kiihtyvyys on poikkeuksellisen tasainen, kun painat kaasua. E-TWOW on kevyt ja kompakti s\u00e4hk\u00f6skootteri, joka painaa vain\u00a0<strong>10,9 kg.<\/strong>Suurin sallittu kantopaino on\u00a0<strong>100 kg.<\/strong>\u00a0<strong>7,8<\/strong>\u00a0tuuman py\u00f6r\u00e4t ja\u00a0<strong>kiinte\u00e4t renkaat<\/strong>\u00a0takaavat tasaisen ajon kaikissa maastoissa - ei sis\u00e4isi\u00e4 renkaanvaihtoja! E-Twow on varustettu\u00a0<strong>etu- ja taka-iskunvaimentimilla<\/strong>, jotka takaavat tasaisen ajon my\u00f6s t\u00e4ysill\u00e4 renkailla ja minimoivat t\u00e4rin\u00e4t ja iskut maasta. Lis\u00e4ksi E-Twow-s\u00e4hk\u00f6skootterissa on vedenpit\u00e4v\u00e4 lataustasku.<\/p>\n<p style=\"caret-color: #000000; color: #000000;\">E-TWOW-s\u00e4hk\u00f6skootterin s\u00e4hk\u00f6inen<strong>etujarru<\/strong>\u00a0varmistaa tukevan pys\u00e4htymisen ja lataa akkua my\u00f6s jarrutuksen avulla. Ensimm\u00e4iset eritt\u00e4in tehokkaat\u00a0<strong>LED-ajovalot<\/strong>\u00a0ja takavalot takaavat n\u00e4kyvyyden h\u00e4m\u00e4rimmill\u00e4kin teill\u00e4 ja tekev\u00e4t sinut n\u00e4kyv\u00e4ksi muille tienk\u00e4ytt\u00e4jille. E-TWOW S2 Booster Plus on saatavana useissa eri v\u00e4reiss\u00e4 -\u00a0<strong>musta<\/strong>,\u00a0<strong>valkoinen<\/strong>,\u00a0<strong>sininen , vihre\u00e4<\/strong>\u00a0ja\u00a0<strong>punainen<\/strong>. E-TWOW S2 Booster Plus -s\u00e4hk\u00f6potkulauta on varustettu k\u00e4tev\u00e4ll\u00e4 ja turvallisella taittomekanismilla. Jos etsit s\u00e4hk\u00f6skootteria, joka pit\u00e4\u00e4 sinut turvassa monta vuotta p\u00e4ivitt\u00e4isess\u00e4 k\u00e4yt\u00f6ss\u00e4, E-Twow on paras valinta! Suosittelemme aina k\u00e4ytt\u00e4m\u00e4\u00e4n kyp\u00e4r\u00e4\u00e4 s\u00e4hk\u00f6skootterilla ajettaessa! Katso lis\u00e4\u00e4 s\u00e4hk\u00f6skoottereita\u00a0<a href=\"http:\/\/www.xn--tuksimaailm-ffb.ee\/shop\/\">t\u00e4\u00e4lt\u00e4<\/a>! Lue lis\u00e4\u00e4 E-Twow S2 Booster Plus -mallista valmistajan\u00a0<a href=\"https:\/\/fortunati.eu\/product\/e-twow-s2-booster-plus\/\">sivuilta<\/a>.<\/p>\n","protected":false},"excerpt":{"rendered":"<p>E-Twow Booster Plus -s\u00e4hk\u00f6skootteri on yksi pomminvarmimmista s\u00e4hk\u00f6skoottereista, joita voit ostaa kohtuulliseen hintaan. E-Twow on osoittautunut eritt\u00e4in luotettavaksi tuotemerkiksi, joka innovoi jatkuvasti jo kehitt\u00e4mi\u00e4\u00e4n s\u00e4hk\u00f6skoottereita ja asettaa asiakastyytyv\u00e4isyyden etusijalle. E-Twow S2 Booster Plus on Booster Plus -mallin jatkokehitys, ja siit\u00e4 on tullut eritt\u00e4in suosittu ajoneuvo jokap\u00e4iv\u00e4isten s\u00e4hk\u00f6isten ty\u00f6matkalaisten keskuudessa hyv\u00e4st\u00e4 &hellip;<\/p>\n","protected":false},"featured_media":22041,"template":"","meta":[],"product_brand":[],"product_cat":[926],"product_tag":[],"filter_elektritoukeratas":[],"class_list":{"0":"post-50833","1":"product","2":"type-product","3":"status-publish","4":"has-post-thumbnail","6":"product_cat-sahkopotkulaudat-fi","7":"pa_colour-musta","8":"pa_colour-punainen","9":"pa_colour-sininen","10":"pa_colour-vaalea","11":"pa_colour-vihrea","12":"pa_mootorite-arv-uhe-mootoriga-fi","13":"pa_tootetuup-elektritoukeratas-fi","14":"pa_valmistaja-e-twow-fi","16":"first","17":"outofstock","18":"taxable","19":"shipping-taxable","20":"purchasable","21":"product-type-variable"},"yoast_head":"<!-- This site is optimized with the Yoast SEO Premium plugin v26.8 (Yoast SEO v27.5) - https:\/\/yoast.com\/product\/yoast-seo-premium-wordpress\/ -->\n<title>S\u00e4hk\u00f6k\u00e4yt\u00f6inen potkulauta E-Twow S2 Booster Plus (EOL) &#8212; T\u00f5uksimaailm<\/title>\n<meta name=\"description\" content=\"Elektrit\u00f5ukeratas E-TWOW Booster Plus on elektriliste t\u00f5ukerataste seas \u00fcks pommikindlamaid, mida endale m\u00f5istliku hinna eest soetada saab!\" \/>\n<meta name=\"robots\" content=\"index, follow, max-snippet:-1, max-image-preview:large, max-video-preview:-1\" \/>\n<link rel=\"canonical\" href=\"https:\/\/www.xn--tuksimaailm-ffb.ee\/fi\/shop\/sahkokaytoinen-potkulauta-e-twow-s2-booster-plus-eol\/\" \/>\n<meta property=\"og:locale\" content=\"fi_FI\" \/>\n<meta property=\"og:type\" content=\"article\" \/>\n<meta property=\"og:title\" content=\"S\u00e4hk\u00f6k\u00e4yt\u00f6inen potkulauta E-Twow S2 Booster Plus (EOL)\" \/>\n<meta property=\"og:description\" content=\"Elektrit\u00f5ukeratas E-TWOW Booster Plus on elektriliste t\u00f5ukerataste seas \u00fcks pommikindlamaid, mida endale m\u00f5istliku hinna eest soetada saab!\" \/>\n<meta property=\"og:url\" content=\"https:\/\/www.xn--tuksimaailm-ffb.ee\/fi\/shop\/sahkokaytoinen-potkulauta-e-twow-s2-booster-plus-eol\/\" \/>\n<meta property=\"og:site_name\" content=\"T\u00f5uksimaailm\" \/>\n<meta property=\"article:publisher\" content=\"https:\/\/www.facebook.com\/touksimaailm\/\" \/>\n<meta property=\"og:image\" content=\"https:\/\/www.xn--tuksimaailm-ffb.ee\/wp-content\/uploads\/2020\/03\/Elektriline-to\u0303ukeratas-E-TWOW-S2-Booster-Plus-6.jpg\" \/>\n\t<meta property=\"og:image:width\" content=\"2500\" \/>\n\t<meta property=\"og:image:height\" content=\"2500\" \/>\n\t<meta property=\"og:image:type\" content=\"image\/jpeg\" \/>\n<meta name=\"twitter:card\" content=\"summary_large_image\" \/>\n<meta name=\"twitter:label1\" content=\"Saatavuus\" \/>\n\t<meta name=\"twitter:data1\" content=\"Loppu varastosta\" \/>\n<meta property=\"og:availability\" content=\"out of stock\" \/>\n<meta property=\"product:availability\" content=\"out of stock\" \/>\n<meta property=\"product:retailer_item_id\" content=\"E_Twow_S2\" \/>\n<meta property=\"product:condition\" content=\"new\" \/>\n<!-- \/ Yoast SEO Premium plugin. -->","yoast_head_json":{"title":"S\u00e4hk\u00f6k\u00e4yt\u00f6inen potkulauta E-Twow S2 Booster Plus (EOL) &#8212; T\u00f5uksimaailm","description":"Elektrit\u00f5ukeratas E-TWOW Booster Plus on elektriliste t\u00f5ukerataste seas \u00fcks pommikindlamaid, mida endale m\u00f5istliku hinna eest soetada saab!","robots":{"index":"index","follow":"follow","max-snippet":"max-snippet:-1","max-image-preview":"max-image-preview:large","max-video-preview":"max-video-preview:-1"},"canonical":"https:\/\/www.xn--tuksimaailm-ffb.ee\/fi\/shop\/sahkokaytoinen-potkulauta-e-twow-s2-booster-plus-eol\/","og_locale":"fi_FI","og_type":"article","og_title":"S\u00e4hk\u00f6k\u00e4yt\u00f6inen potkulauta E-Twow S2 Booster Plus (EOL)","og_description":"Elektrit\u00f5ukeratas E-TWOW Booster Plus on elektriliste t\u00f5ukerataste seas \u00fcks pommikindlamaid, mida endale m\u00f5istliku hinna eest soetada saab!","og_url":"https:\/\/www.xn--tuksimaailm-ffb.ee\/fi\/shop\/sahkokaytoinen-potkulauta-e-twow-s2-booster-plus-eol\/","og_site_name":"T\u00f5uksimaailm","article_publisher":"https:\/\/www.facebook.com\/touksimaailm\/","og_image":[{"width":2500,"height":2500,"url":"https:\/\/www.xn--tuksimaailm-ffb.ee\/wp-content\/uploads\/2020\/03\/Elektriline-to\u0303ukeratas-E-TWOW-S2-Booster-Plus-6.jpg","type":"image\/jpeg"}],"twitter_card":"summary_large_image","twitter_misc":{"Saatavuus":"Loppu varastosta"},"schema":{"@context":"https:\/\/schema.org","@graph":[{"@type":"WebPage","@id":"https:\/\/www.xn--tuksimaailm-ffb.ee\/fi\/shop\/sahkokaytoinen-potkulauta-e-twow-s2-booster-plus-eol\/","url":"https:\/\/www.xn--tuksimaailm-ffb.ee\/fi\/shop\/sahkokaytoinen-potkulauta-e-twow-s2-booster-plus-eol\/","name":"S\u00e4hk\u00f6k\u00e4yt\u00f6inen potkulauta E-Twow S2 Booster Plus (EOL) &#8212; T\u00f5uksimaailm","isPartOf":{"@id":"https:\/\/www.xn--tuksimaailm-ffb.ee\/fi\/#website"},"primaryImageOfPage":{"@id":"https:\/\/www.xn--tuksimaailm-ffb.ee\/fi\/shop\/sahkokaytoinen-potkulauta-e-twow-s2-booster-plus-eol\/#primaryimage"},"image":{"@id":"https:\/\/www.xn--tuksimaailm-ffb.ee\/fi\/shop\/sahkokaytoinen-potkulauta-e-twow-s2-booster-plus-eol\/#primaryimage"},"thumbnailUrl":"https:\/\/www.xn--tuksimaailm-ffb.ee\/wp-content\/uploads\/2020\/03\/Elektriline-to\u0303ukeratas-E-TWOW-S2-Booster-Plus-6.jpg","datePublished":"2020-03-27T19:38:44+00:00","description":"Elektrit\u00f5ukeratas E-TWOW Booster Plus on elektriliste t\u00f5ukerataste seas \u00fcks pommikindlamaid, mida endale m\u00f5istliku hinna eest soetada saab!","breadcrumb":{"@id":"https:\/\/www.xn--tuksimaailm-ffb.ee\/fi\/shop\/sahkokaytoinen-potkulauta-e-twow-s2-booster-plus-eol\/#breadcrumb"},"inLanguage":"fi","potentialAction":[{"@type":"ReadAction","target":["https:\/\/www.xn--tuksimaailm-ffb.ee\/fi\/shop\/sahkokaytoinen-potkulauta-e-twow-s2-booster-plus-eol\/"]}]},{"@type":"ImageObject","inLanguage":"fi","@id":"https:\/\/www.xn--tuksimaailm-ffb.ee\/fi\/shop\/sahkokaytoinen-potkulauta-e-twow-s2-booster-plus-eol\/#primaryimage","url":"https:\/\/www.xn--tuksimaailm-ffb.ee\/wp-content\/uploads\/2020\/03\/Elektriline-to\u0303ukeratas-E-TWOW-S2-Booster-Plus-6.jpg","contentUrl":"https:\/\/www.xn--tuksimaailm-ffb.ee\/wp-content\/uploads\/2020\/03\/Elektriline-to\u0303ukeratas-E-TWOW-S2-Booster-Plus-6.jpg","width":2500,"height":2500},{"@type":"BreadcrumbList","@id":"https:\/\/www.xn--tuksimaailm-ffb.ee\/fi\/shop\/sahkokaytoinen-potkulauta-e-twow-s2-booster-plus-eol\/#breadcrumb","itemListElement":[{"@type":"ListItem","position":1,"name":"Home","item":"https:\/\/www.xn--tuksimaailm-ffb.ee\/fi\/kotisivu\/"},{"@type":"ListItem","position":2,"name":"Kauppa","item":"https:\/\/www.xn--tuksimaailm-ffb.ee\/elektritoukerataste-pood\/"},{"@type":"ListItem","position":3,"name":"S\u00e4hk\u00f6k\u00e4yt\u00f6inen potkulauta E-Twow S2 Booster Plus (EOL)"}]},{"@type":"WebSite","@id":"https:\/\/www.xn--tuksimaailm-ffb.ee\/fi\/#website","url":"https:\/\/www.xn--tuksimaailm-ffb.ee\/fi\/","name":"T\u00f5uksimaailm","description":"Elektrit\u00f5ukerataste m\u00fc\u00fck, remont ja rent","publisher":{"@id":"https:\/\/www.xn--tuksimaailm-ffb.ee\/fi\/#organization"},"potentialAction":[{"@type":"SearchAction","target":{"@type":"EntryPoint","urlTemplate":"https:\/\/www.xn--tuksimaailm-ffb.ee\/fi\/?s={search_term_string}"},"query-input":{"@type":"PropertyValueSpecification","valueRequired":true,"valueName":"search_term_string"}}],"inLanguage":"fi"},{"@type":"Organization","@id":"https:\/\/www.xn--tuksimaailm-ffb.ee\/fi\/#organization","name":"T\u00f5uksimaailm","url":"https:\/\/www.xn--tuksimaailm-ffb.ee\/fi\/","logo":{"@type":"ImageObject","inLanguage":"fi","@id":"https:\/\/www.xn--tuksimaailm-ffb.ee\/fi\/#\/schema\/logo\/image\/","url":"https:\/\/www.xn--tuksimaailm-ffb.ee\/wp-content\/uploads\/2020\/01\/logoz-e1579792875517.png","contentUrl":"https:\/\/www.xn--tuksimaailm-ffb.ee\/wp-content\/uploads\/2020\/01\/logoz-e1579792875517.png","width":250,"height":250,"caption":"T\u00f5uksimaailm"},"image":{"@id":"https:\/\/www.xn--tuksimaailm-ffb.ee\/fi\/#\/schema\/logo\/image\/"},"sameAs":["https:\/\/www.facebook.com\/touksimaailm\/","https:\/\/www.instagram.com\/touksimaailm_\/","https:\/\/www.youtube.com\/channel\/UC18ml0EKIDLP1xGuQjFzcXQ"]}]},"og_availability":"out of stock","product_availability":"out of stock","product_retailer_item_id":"E_Twow_S2","product_condition":"new"},"jetpack_sharing_enabled":true,"_links":{"self":[{"href":"https:\/\/www.xn--tuksimaailm-ffb.ee\/fi\/wp-json\/wp\/v2\/product\/50833","targetHints":{"allow":["GET"]}}],"collection":[{"href":"https:\/\/www.xn--tuksimaailm-ffb.ee\/fi\/wp-json\/wp\/v2\/product"}],"about":[{"href":"https:\/\/www.xn--tuksimaailm-ffb.ee\/fi\/wp-json\/wp\/v2\/types\/product"}],"wp:featuredmedia":[{"embeddable":true,"href":"https:\/\/www.xn--tuksimaailm-ffb.ee\/fi\/wp-json\/wp\/v2\/media\/22041"}],"wp:attachment":[{"href":"https:\/\/www.xn--tuksimaailm-ffb.ee\/fi\/wp-json\/wp\/v2\/media?parent=50833"}],"wp:term":[{"taxonomy":"product_brand","embeddable":true,"href":"https:\/\/www.xn--tuksimaailm-ffb.ee\/fi\/wp-json\/wp\/v2\/product_brand?post=50833"},{"taxonomy":"product_cat","embeddable":true,"href":"https:\/\/www.xn--tuksimaailm-ffb.ee\/fi\/wp-json\/wp\/v2\/product_cat?post=50833"},{"taxonomy":"product_tag","embeddable":true,"href":"https:\/\/www.xn--tuksimaailm-ffb.ee\/fi\/wp-json\/wp\/v2\/product_tag?post=50833"},{"taxonomy":"filter_elektritoukeratas","embeddable":true,"href":"https:\/\/www.xn--tuksimaailm-ffb.ee\/fi\/wp-json\/wp\/v2\/filter_elektritoukeratas?post=50833"}],"curies":[{"name":"wp","href":"https:\/\/api.w.org\/{rel}","templated":true}]}}